{"id":300288,"date":"2025-01-08T08:29:04","date_gmt":"2025-01-08T08:29:22","guid":{"rendered":"https:\/\/www.procarton.com\/?page_id=300288"},"modified":"2026-01-30T12:32:25","modified_gmt":"2026-01-30T12:32:25","slug":"cartons-cartonboard","status":"publish","type":"page","link":"https:\/\/www.procarton.com\/es\/awards\/pro-carton-student-video-award\/2026-2\/cartons-cartonboard\/","title":{"rendered":"Cartons &amp; Cartonboard"},"content":{"rendered":"<div class=\"av-animated-generic top-to-bottom flex_column av_one_full  flex_column_div av-zero-column-padding first  avia-builder-el-0  el_before_av_one_third  avia-builder-el-first\" style='border-radius:0px; '>\n<section class=\"av_textblock_section\"  itemscope=\"itemscope\" itemtype=\"https:\/\/schema.org\/CreativeWork\" >\n<div class='avia_textblock'   itemprop=\"text\" >\n<h3><strong>\u00bfQu\u00e9 son los cartones y el cart\u00f3n?<\/strong><\/h3>\n<\/div>\n<\/section>\n<section class=\"av_textblock_section\"  itemscope=\"itemscope\" itemtype=\"https:\/\/schema.org\/CreativeWork\" >\n<div class='avia_textblock'   itemprop=\"text\" >\n<p class=\"p1\">Los cartones plegables son cajas de tama\u00f1o peque\u00f1o o mediano hechas de cart\u00f3n. Se utilizan para envasar una amplia gama de productos, desde alimentos -como cereales, alimentos congelados y refrigerados, confiter\u00eda, productos de panader\u00eda, t\u00e9, caf\u00e9 y otros alimentos secos- hasta productos farmac\u00e9uticos y cosm\u00e9ticos, entre otros.<\/p>\n<p class=\"p1\">Se producen muchos tipos diferentes de cart\u00f3n, todos los cuales pueden fabricarse en distintos pesos (gramajes) y grosores.  El tipo de cart\u00f3n y la composici\u00f3n de las fibras dependen del uso previsto y de los requisitos espec\u00edficos.  El cart\u00f3n se compone de varias capas para aprovechar al m\u00e1ximo los distintos tipos de materias primas y optimizar el rendimiento del producto.  V\u00e9ase <strong><a href=\"https:\/\/www.procarton.com\/why-cartons\/\" target=\"_blank\" rel=\"noopener\">\u00bfPor qu\u00e9 los envases de cart\u00f3n?<\/a><\/strong> para m\u00e1s detalles sobre el cart\u00f3n.<\/p>\n<p class=\"p1\">El cart\u00f3n se fabrica con virutas de madera (de los \u00e1rboles) o con papel y cart\u00f3n reciclados. La materia prima de la madera procede de bosques gestionados de forma sostenible. No s\u00f3lo son un recurso renovable, sino que en Europa se cultivan m\u00e1s \u00e1rboles de los que se recogen.  Los bosques europeos se cultivan y cosechan de forma cuidadosamente controlada y sostenible, con tanto \u00e9xito que los bosques europeos, de donde procede la mayor parte de la materia prima, han crecido en una superficie del tama\u00f1o de Suiza en s\u00f3lo 10 a\u00f1os. Los \u00e1rboles desempe\u00f1an un papel esencial en la reducci\u00f3n del cambio clim\u00e1tico, ya que absorben el di\u00f3xido de carbono y liberan ox\u00edgeno.<\/p>\n<p class=\"p1\">El cart\u00f3n es renovable, reciclable y biodegradable. Es un material de envasado verdaderamente sostenible y un ejemplo perfecto de la econom\u00eda circular.<\/p>\n<p class=\"p1\">Tambi\u00e9n es extremadamente flexible y vers\u00e1til. Puede doblarse y arrugarse en muchas formas diferentes y sus capacidades de impresi\u00f3n y efectos especiales son casi infinitas, desde el estampado y el dorado hasta los efectos hologr\u00e1ficos en 3D.<\/p>\n<p class=\"p1\">Here are some examples of cartons, all of which have recently won awards last year featured on our 2025 brochure.<\/p>\n<\/div>\n<\/section>\n<\/div>\n<div class=\"av-animated-generic top-to-bottom flex_column av_one_third  flex_column_div av-zero-column-padding first  avia-builder-el-3  el_after_av_one_full  el_before_av_one_third  column-top-margin\" style='border-radius:0px; '><\/div>\n<div class=\"av-animated-generic top-to-bottom flex_column av_one_third  flex_column_div av-zero-column-padding   avia-builder-el-4  el_after_av_one_third  el_before_av_one_third  column-top-margin\" style='border-radius:0px; '>\n<div  class='avia-image-container  av-styling-    avia-builder-el-5  avia-builder-el-no-sibling  avia-align-center'  itemprop=\"image\" itemscope=\"itemscope\" itemtype=\"https:\/\/schema.org\/ImageObject\"  >\n<div class='avia-image-container-inner'>\n<div class='avia-image-overlay-wrap'><a href=\"https:\/\/www.flipsnack.com\/9C7C7C66AED\/main-brochure-2025-v5\/full-view.html\" class='avia_image' ><img decoding=\"async\" width=\"1240\" height=\"1754\" class='wp-image-306882 avia-img-lazy-loading-not-306882 avia_image' src=\"https:\/\/www.procarton.com\/wp-content\/uploads\/2025\/09\/Main-brochure-2025-front.jpg\" alt='' title='Folleto principal 2025-front'  itemprop=\"thumbnailUrl\" srcset=\"https:\/\/www.procarton.com\/wp-content\/uploads\/2025\/09\/Main-brochure-2025-front.jpg 1240w, https:\/\/www.procarton.com\/wp-content\/uploads\/2025\/09\/Main-brochure-2025-front-212x300.jpg 212w, https:\/\/www.procarton.com\/wp-content\/uploads\/2025\/09\/Main-brochure-2025-front-728x1030.jpg 728w, https:\/\/www.procarton.com\/wp-content\/uploads\/2025\/09\/Main-brochure-2025-front-768x1086.jpg 768w, https:\/\/www.procarton.com\/wp-content\/uploads\/2025\/09\/Main-brochure-2025-front-1086x1536.jpg 1086w, https:\/\/www.procarton.com\/wp-content\/uploads\/2025\/09\/Main-brochure-2025-front-8x12.jpg 8w, https:\/\/www.procarton.com\/wp-content\/uploads\/2025\/09\/Main-brochure-2025-front-1060x1500.jpg 1060w, https:\/\/www.procarton.com\/wp-content\/uploads\/2025\/09\/Main-brochure-2025-front-498x705.jpg 498w\" sizes=\"(max-width: 1240px) 100vw, 1240px\" \/><\/a><\/div>\n<\/div>\n<\/div>\n<\/div>\n<div class=\"av-animated-generic top-to-bottom flex_column av_one_third  flex_column_div av-zero-column-padding   avia-builder-el-6  el_after_av_one_third  el_before_av_one_full  column-top-margin\" style='border-radius:0px; '><\/div>\n<div class=\"av-animated-generic top-to-bottom flex_column av_one_full  flex_column_div av-zero-column-padding first  avia-builder-el-7  el_after_av_one_third  el_before_av_one_full  column-top-margin\" style='border-radius:0px; '>\n<section class=\"av_textblock_section\"  itemscope=\"itemscope\" itemtype=\"https:\/\/schema.org\/CreativeWork\" >\n<div class='avia_textblock'   itemprop=\"text\" >\n<p style=\"text-align: center;\"><span style=\"color: red;\"><strong>Tenga en cuenta que este concurso s\u00f3lo incluye los cartones plegables impresos.  Quedan excluidos el cart\u00f3n ondulado acanalado marr\u00f3n y los envases para l\u00edquidos (por ejemplo, los cartones para zumos de frutas).<\/strong><\/span><\/p>\n<\/div>\n<\/section>\n<div  class='avia-image-container  av-styling-    avia-builder-el-9  el_after_av_textblock  avia-builder-el-last  avia-align-center'  itemprop=\"image\" itemscope=\"itemscope\" itemtype=\"https:\/\/schema.org\/ImageObject\"  >\n<div class='avia-image-container-inner'>\n<div class='avia-image-overlay-wrap'><img decoding=\"async\" width=\"781\" height=\"270\" class='wp-image-271502 avia-img-lazy-loading-not-271502 avia_image' src=\"https:\/\/www.procarton.com\/wp-content\/uploads\/2021\/12\/Cartonboard-example_updated.png\" alt='' title='Cart\u00f3n-ejemplo_actualizado'  itemprop=\"thumbnailUrl\" srcset=\"https:\/\/www.procarton.com\/wp-content\/uploads\/2021\/12\/Cartonboard-example_updated.png 781w, https:\/\/www.procarton.com\/wp-content\/uploads\/2021\/12\/Cartonboard-example_updated-300x104.png 300w, https:\/\/www.procarton.com\/wp-content\/uploads\/2021\/12\/Cartonboard-example_updated-768x266.png 768w, https:\/\/www.procarton.com\/wp-content\/uploads\/2021\/12\/Cartonboard-example_updated-18x6.png 18w, https:\/\/www.procarton.com\/wp-content\/uploads\/2021\/12\/Cartonboard-example_updated-705x244.png 705w\" sizes=\"(max-width: 781px) 100vw, 781px\" \/><\/div>\n<\/div>\n<\/div>\n<\/div>\n<div class=\"av-animated-generic top-to-bottom flex_column av_one_full  flex_column_div av-zero-column-padding first  avia-builder-el-10  el_after_av_one_full  avia-builder-el-last  column-top-margin\" style='border-radius:0px; '>\n<section class=\"av_textblock_section\"  itemscope=\"itemscope\" itemtype=\"https:\/\/schema.org\/CreativeWork\" >\n<div class='avia_textblock'   itemprop=\"text\" >\n<p><strong>Cartones y cartonajes<\/strong><\/p>\n<p class=\"p1\">M\u00e1s que nunca, los envases son necesarios para proteger los productos y el medio ambiente, pero tambi\u00e9n para vender los productos envasados. Un producto siempre va acompa\u00f1ado de su envase, independientemente de d\u00f3nde se venda: en la estanter\u00eda o en l\u00ednea; el envase es el \u00fanico <span class=\"s1\">\"<\/span>compa\u00f1ero\" que puede apoyar el producto en cualquier momento y lugar.<\/p>\n<p class=\"p1\">Ninguna forma de envase es m\u00e1s comunicativa e informativa que el cart\u00f3n plegable. Los envases de cart\u00f3n plegables tienen una imagen de alta calidad, ofrecen un fuerte impacto en el lineal y son muy apreciados por los consumidores. Las investigaciones confirman que los envases de cart\u00f3n plegables gozan de confianza y son preferidos a otras formas de envasado.<\/p>\n<p class=\"p1\">Con su impresi\u00f3n de alta calidad y su amplia gama de efectos especiales, los cartones plegables transmiten una imagen de calidad en el punto de venta que puede ser crucial para un producto<span class=\"s1\">'<\/span>s \u00e9xito. A\u00f1adir textura o \"tacto\" a un cart\u00f3n plegable puede darle un atractivo emocional adicional para el consumidor. El dise\u00f1o puede incluir la protecci\u00f3n contra manipulaciones, la protecci\u00f3n de los ni\u00f1os u otras ventajas de seguridad a trav\u00e9s de las marcas de protecci\u00f3n, el dise\u00f1o creativo y las tecnolog\u00edas de sistemas de impresi\u00f3n\/tintas. \u00bfSab\u00eda que los envases protegen diez veces m\u00e1s recursos de los que consumen y que s\u00f3lo representan entre 3 y 5 % de impacto ambiental en comparaci\u00f3n con la producci\u00f3n de alimentos?<\/p>\n<p class=\"p1\">Las mejoras en la tecnolog\u00eda del cart\u00f3n han permitido reducir considerablemente el peso del cart\u00f3n necesario para producir cajas plegables. En los \u00faltimos 20 a\u00f1os, el peso de los cartones plegables para los mismos productos se ha reducido en aproximadamente 40%. Las materias primas est\u00e1n disponibles de forma f\u00e1cil y constante, y son totalmente sostenibles.<\/p>\n<p class=\"p1\">Additionally, at the end of life, folding cartons are collected and recycled and form an important secondary raw material.\u00a0 Research has shown that we can recycle paper fibres more than 25 times and around 87% of paper and cardboard packaging is recycled across Europe (Eurostat, 2023), much more than other materials. Today about 50% of folding cartons in Europe are made from recycled fibre and 50% from virgin fibre. Both are equally important in achieving a fully functioning circular economy.<\/p>\n<p class=\"p1\">El cart\u00f3n es ideal para el compostaje porque la fibra de celulosa es biodegradable. Esto significa que puede ser descompuesta en sustancias naturales por bacterias que utilizan enzimas microbianas, produciendo as\u00ed di\u00f3xido de carbono, agua y compost (humus).<\/p>\n<p class=\"p1\">El cart\u00f3n es natural, renovable, reciclable y, si accidentalmente se encuentra en la naturaleza, biodegradable. Es un material de envasado verdaderamente sostenible: Un envase para un mundo mejor.<\/p>\n<\/div>\n<\/section>\n<\/div>","protected":false},"excerpt":{"rendered":"","protected":false},"author":5916,"featured_media":307695,"parent":307529,"menu_order":0,"comment_status":"closed","ping_status":"closed","template":"templates\/award_details_page.php","meta":{"inline_featured_image":false,"footnotes":""},"class_list":["post-300288","page","type-page","status-publish","has-post-thumbnail","hentry"],"yoast_head":"<!-- This site is optimized with the Yoast SEO plugin v27.4 - https:\/\/yoast.com\/product\/yoast-seo-wordpress\/ -->\n<title>Cartons &amp; Cartonboard - Pro Carton<\/title>\n<meta name=\"description\" content=\"What are Cartons and Cartonboard? Folding cartons are small to medium-sized boxes made of cartonboard. read on ...\" \/>\n<meta name=\"robots\" content=\"index, follow, max-snippet:-1, max-image-preview:large, max-video-preview:-1\" \/>\n<link rel=\"canonical\" href=\"https:\/\/www.procarton.com\/es\/awards\/pro-carton-student-video-award\/2026-2\/cartons-cartonboard\/\" \/>\n<meta property=\"og:locale\" content=\"es_ES\" \/>\n<meta property=\"og:type\" content=\"article\" \/>\n<meta property=\"og:title\" content=\"Cartons &amp; Cartonboard - Pro Carton\" \/>\n<meta property=\"og:description\" content=\"What are Cartons and Cartonboard? Folding cartons are small to medium-sized boxes made of cartonboard. read on ...\" \/>\n<meta property=\"og:url\" content=\"https:\/\/www.procarton.com\/es\/awards\/pro-carton-student-video-award\/2026-2\/cartons-cartonboard\/\" \/>\n<meta property=\"og:site_name\" content=\"Pro Carton\" \/>\n<meta property=\"article:publisher\" content=\"https:\/\/www.facebook.com\/procartondesignaward\/\" \/>\n<meta property=\"article:modified_time\" content=\"2026-01-30T12:32:25+00:00\" \/>\n<meta property=\"og:image\" content=\"https:\/\/www.procarton.com\/wp-content\/uploads\/2026\/01\/Pro-Carton-Logo-26-1-1.png\" \/>\n\t<meta property=\"og:image:width\" content=\"1200\" \/>\n\t<meta property=\"og:image:height\" content=\"900\" \/>\n\t<meta property=\"og:image:type\" content=\"image\/png\" \/>\n<meta name=\"twitter:card\" content=\"summary_large_image\" \/>\n<meta name=\"twitter:site\" content=\"@pro_carton\" \/>\n<meta name=\"twitter:label1\" content=\"Tiempo de lectura\" \/>\n\t<meta name=\"twitter:data1\" content=\"5 minutos\" \/>\n<script type=\"application\/ld+json\" class=\"yoast-schema-graph\">{\"@context\":\"https:\\\/\\\/schema.org\",\"@graph\":[{\"@type\":\"WebPage\",\"@id\":\"https:\\\/\\\/www.procarton.com\\\/awards\\\/pro-carton-student-video-award\\\/2026-2\\\/cartons-cartonboard\\\/\",\"url\":\"https:\\\/\\\/www.procarton.com\\\/awards\\\/pro-carton-student-video-award\\\/2026-2\\\/cartons-cartonboard\\\/\",\"name\":\"Cartons &amp; Cartonboard - Pro Carton\",\"isPartOf\":{\"@id\":\"https:\\\/\\\/www.procarton.com\\\/es\\\/#website\"},\"primaryImageOfPage\":{\"@id\":\"https:\\\/\\\/www.procarton.com\\\/awards\\\/pro-carton-student-video-award\\\/2026-2\\\/cartons-cartonboard\\\/#primaryimage\"},\"image\":{\"@id\":\"https:\\\/\\\/www.procarton.com\\\/awards\\\/pro-carton-student-video-award\\\/2026-2\\\/cartons-cartonboard\\\/#primaryimage\"},\"thumbnailUrl\":\"https:\\\/\\\/www.procarton.com\\\/wp-content\\\/uploads\\\/2026\\\/01\\\/Pro-Carton-Logo-26-1-1.png\",\"datePublished\":\"2025-01-08T08:29:22+00:00\",\"dateModified\":\"2026-01-30T12:32:25+00:00\",\"description\":\"What are Cartons and Cartonboard? Folding cartons are small to medium-sized boxes made of cartonboard. read on ...\",\"breadcrumb\":{\"@id\":\"https:\\\/\\\/www.procarton.com\\\/awards\\\/pro-carton-student-video-award\\\/2026-2\\\/cartons-cartonboard\\\/#breadcrumb\"},\"inLanguage\":\"es\",\"potentialAction\":[{\"@type\":\"ReadAction\",\"target\":[\"https:\\\/\\\/www.procarton.com\\\/awards\\\/pro-carton-student-video-award\\\/2026-2\\\/cartons-cartonboard\\\/\"]}]},{\"@type\":\"ImageObject\",\"inLanguage\":\"es\",\"@id\":\"https:\\\/\\\/www.procarton.com\\\/awards\\\/pro-carton-student-video-award\\\/2026-2\\\/cartons-cartonboard\\\/#primaryimage\",\"url\":\"https:\\\/\\\/www.procarton.com\\\/wp-content\\\/uploads\\\/2026\\\/01\\\/Pro-Carton-Logo-26-1-1.png\",\"contentUrl\":\"https:\\\/\\\/www.procarton.com\\\/wp-content\\\/uploads\\\/2026\\\/01\\\/Pro-Carton-Logo-26-1-1.png\",\"width\":1200,\"height\":900},{\"@type\":\"BreadcrumbList\",\"@id\":\"https:\\\/\\\/www.procarton.com\\\/awards\\\/pro-carton-student-video-award\\\/2026-2\\\/cartons-cartonboard\\\/#breadcrumb\",\"itemListElement\":[{\"@type\":\"ListItem\",\"position\":1,\"name\":\"Home\",\"item\":\"https:\\\/\\\/www.procarton.com\\\/\"},{\"@type\":\"ListItem\",\"position\":2,\"name\":\"Awards\",\"item\":\"https:\\\/\\\/www.procarton.com\\\/awards\\\/\"},{\"@type\":\"ListItem\",\"position\":3,\"name\":\"Pro Carton Student Video Award\",\"item\":\"https:\\\/\\\/www.procarton.com\\\/awards\\\/pro-carton-student-video-award\\\/\"},{\"@type\":\"ListItem\",\"position\":4,\"name\":\"2026\",\"item\":\"https:\\\/\\\/www.procarton.com\\\/awards\\\/pro-carton-student-video-award\\\/2026-2\\\/\"},{\"@type\":\"ListItem\",\"position\":5,\"name\":\"Cartons &amp; Cartonboard\"}]},{\"@type\":\"WebSite\",\"@id\":\"https:\\\/\\\/www.procarton.com\\\/es\\\/#website\",\"url\":\"https:\\\/\\\/www.procarton.com\\\/es\\\/\",\"name\":\"Pro Carton\",\"description\":\"\",\"publisher\":{\"@id\":\"https:\\\/\\\/www.procarton.com\\\/es\\\/#organization\"},\"potentialAction\":[{\"@type\":\"SearchAction\",\"target\":{\"@type\":\"EntryPoint\",\"urlTemplate\":\"https:\\\/\\\/www.procarton.com\\\/es\\\/?s={search_term_string}\"},\"query-input\":{\"@type\":\"PropertyValueSpecification\",\"valueRequired\":true,\"valueName\":\"search_term_string\"}}],\"inLanguage\":\"es\"},{\"@type\":\"Organization\",\"@id\":\"https:\\\/\\\/www.procarton.com\\\/es\\\/#organization\",\"name\":\"ProCarton\",\"url\":\"https:\\\/\\\/www.procarton.com\\\/es\\\/\",\"logo\":{\"@type\":\"ImageObject\",\"inLanguage\":\"es\",\"@id\":\"https:\\\/\\\/www.procarton.com\\\/es\\\/#\\\/schema\\\/logo\\\/image\\\/\",\"url\":\"https:\\\/\\\/www.procarton.com\\\/wp-content\\\/uploads\\\/2022\\\/06\\\/logo-mit-slogan.jpg\",\"contentUrl\":\"https:\\\/\\\/www.procarton.com\\\/wp-content\\\/uploads\\\/2022\\\/06\\\/logo-mit-slogan.jpg\",\"width\":422,\"height\":519,\"caption\":\"ProCarton\"},\"image\":{\"@id\":\"https:\\\/\\\/www.procarton.com\\\/es\\\/#\\\/schema\\\/logo\\\/image\\\/\"},\"sameAs\":[\"https:\\\/\\\/www.facebook.com\\\/procartondesignaward\\\/\",\"https:\\\/\\\/x.com\\\/pro_carton\"]}]}<\/script>\n<!-- \/ Yoast SEO plugin. -->","yoast_head_json":{"title":"Cartons &amp; Cartonboard - Pro Carton","description":"\u00bfQu\u00e9 son los cartones y el cart\u00f3n? Los cartones plegables son cajas de tama\u00f1o peque\u00f1o o mediano fabricadas con cart\u00f3n. siga leyendo ...","robots":{"index":"index","follow":"follow","max-snippet":"max-snippet:-1","max-image-preview":"max-image-preview:large","max-video-preview":"max-video-preview:-1"},"canonical":"https:\/\/www.procarton.com\/es\/awards\/pro-carton-student-video-award\/2026-2\/cartons-cartonboard\/","og_locale":"es_ES","og_type":"article","og_title":"Cartons &amp; Cartonboard - Pro Carton","og_description":"What are Cartons and Cartonboard? Folding cartons are small to medium-sized boxes made of cartonboard. read on ...","og_url":"https:\/\/www.procarton.com\/es\/awards\/pro-carton-student-video-award\/2026-2\/cartons-cartonboard\/","og_site_name":"Pro Carton","article_publisher":"https:\/\/www.facebook.com\/procartondesignaward\/","article_modified_time":"2026-01-30T12:32:25+00:00","og_image":[{"width":1200,"height":900,"url":"https:\/\/www.procarton.com\/wp-content\/uploads\/2026\/01\/Pro-Carton-Logo-26-1-1.png","type":"image\/png"}],"twitter_card":"summary_large_image","twitter_site":"@pro_carton","twitter_misc":{"Tiempo de lectura":"5 minutos"},"schema":{"@context":"https:\/\/schema.org","@graph":[{"@type":"WebPage","@id":"https:\/\/www.procarton.com\/awards\/pro-carton-student-video-award\/2026-2\/cartons-cartonboard\/","url":"https:\/\/www.procarton.com\/awards\/pro-carton-student-video-award\/2026-2\/cartons-cartonboard\/","name":"Cartons &amp; Cartonboard - Pro Carton","isPartOf":{"@id":"https:\/\/www.procarton.com\/es\/#website"},"primaryImageOfPage":{"@id":"https:\/\/www.procarton.com\/awards\/pro-carton-student-video-award\/2026-2\/cartons-cartonboard\/#primaryimage"},"image":{"@id":"https:\/\/www.procarton.com\/awards\/pro-carton-student-video-award\/2026-2\/cartons-cartonboard\/#primaryimage"},"thumbnailUrl":"https:\/\/www.procarton.com\/wp-content\/uploads\/2026\/01\/Pro-Carton-Logo-26-1-1.png","datePublished":"2025-01-08T08:29:22+00:00","dateModified":"2026-01-30T12:32:25+00:00","description":"\u00bfQu\u00e9 son los cartones y el cart\u00f3n? Los cartones plegables son cajas de tama\u00f1o peque\u00f1o o mediano fabricadas con cart\u00f3n. siga leyendo ...","breadcrumb":{"@id":"https:\/\/www.procarton.com\/awards\/pro-carton-student-video-award\/2026-2\/cartons-cartonboard\/#breadcrumb"},"inLanguage":"es","potentialAction":[{"@type":"ReadAction","target":["https:\/\/www.procarton.com\/awards\/pro-carton-student-video-award\/2026-2\/cartons-cartonboard\/"]}]},{"@type":"ImageObject","inLanguage":"es","@id":"https:\/\/www.procarton.com\/awards\/pro-carton-student-video-award\/2026-2\/cartons-cartonboard\/#primaryimage","url":"https:\/\/www.procarton.com\/wp-content\/uploads\/2026\/01\/Pro-Carton-Logo-26-1-1.png","contentUrl":"https:\/\/www.procarton.com\/wp-content\/uploads\/2026\/01\/Pro-Carton-Logo-26-1-1.png","width":1200,"height":900},{"@type":"BreadcrumbList","@id":"https:\/\/www.procarton.com\/awards\/pro-carton-student-video-award\/2026-2\/cartons-cartonboard\/#breadcrumb","itemListElement":[{"@type":"ListItem","position":1,"name":"Home","item":"https:\/\/www.procarton.com\/"},{"@type":"ListItem","position":2,"name":"Awards","item":"https:\/\/www.procarton.com\/awards\/"},{"@type":"ListItem","position":3,"name":"Pro Carton Student Video Award","item":"https:\/\/www.procarton.com\/awards\/pro-carton-student-video-award\/"},{"@type":"ListItem","position":4,"name":"2026","item":"https:\/\/www.procarton.com\/awards\/pro-carton-student-video-award\/2026-2\/"},{"@type":"ListItem","position":5,"name":"Cartons &amp; Cartonboard"}]},{"@type":"WebSite","@id":"https:\/\/www.procarton.com\/es\/#website","url":"https:\/\/www.procarton.com\/es\/","name":"Pro Carton","description":"","publisher":{"@id":"https:\/\/www.procarton.com\/es\/#organization"},"potentialAction":[{"@type":"SearchAction","target":{"@type":"EntryPoint","urlTemplate":"https:\/\/www.procarton.com\/es\/?s={search_term_string}"},"query-input":{"@type":"PropertyValueSpecification","valueRequired":true,"valueName":"search_term_string"}}],"inLanguage":"es"},{"@type":"Organization","@id":"https:\/\/www.procarton.com\/es\/#organization","name":"ProCarton","url":"https:\/\/www.procarton.com\/es\/","logo":{"@type":"ImageObject","inLanguage":"es","@id":"https:\/\/www.procarton.com\/es\/#\/schema\/logo\/image\/","url":"https:\/\/www.procarton.com\/wp-content\/uploads\/2022\/06\/logo-mit-slogan.jpg","contentUrl":"https:\/\/www.procarton.com\/wp-content\/uploads\/2022\/06\/logo-mit-slogan.jpg","width":422,"height":519,"caption":"ProCarton"},"image":{"@id":"https:\/\/www.procarton.com\/es\/#\/schema\/logo\/image\/"},"sameAs":["https:\/\/www.facebook.com\/procartondesignaward\/","https:\/\/x.com\/pro_carton"]}]}},"_links":{"self":[{"href":"https:\/\/www.procarton.com\/es\/wp-json\/wp\/v2\/pages\/300288","targetHints":{"allow":["GET"]}}],"collection":[{"href":"https:\/\/www.procarton.com\/es\/wp-json\/wp\/v2\/pages"}],"about":[{"href":"https:\/\/www.procarton.com\/es\/wp-json\/wp\/v2\/types\/page"}],"author":[{"embeddable":true,"href":"https:\/\/www.procarton.com\/es\/wp-json\/wp\/v2\/users\/5916"}],"replies":[{"embeddable":true,"href":"https:\/\/www.procarton.com\/es\/wp-json\/wp\/v2\/comments?post=300288"}],"version-history":[{"count":7,"href":"https:\/\/www.procarton.com\/es\/wp-json\/wp\/v2\/pages\/300288\/revisions"}],"predecessor-version":[{"id":300648,"href":"https:\/\/www.procarton.com\/es\/wp-json\/wp\/v2\/pages\/300288\/revisions\/300648"}],"up":[{"embeddable":true,"href":"https:\/\/www.procarton.com\/es\/wp-json\/wp\/v2\/pages\/307529"}],"wp:featuredmedia":[{"embeddable":true,"href":"https:\/\/www.procarton.com\/es\/wp-json\/wp\/v2\/media\/307695"}],"wp:attachment":[{"href":"https:\/\/www.procarton.com\/es\/wp-json\/wp\/v2\/media?parent=300288"}],"curies":[{"name":"wp","href":"https:\/\/api.w.org\/{rel}","templated":true}]}}