{"id":300259,"date":"2024-12-18T14:39:04","date_gmt":"2024-12-18T14:39:04","guid":{"rendered":"https:\/\/www.procarton.com\/?page_id=300259"},"modified":"2025-09-21T01:47:51","modified_gmt":"2025-09-21T00:47:51","slug":"2025-2","status":"publish","type":"page","link":"https:\/\/www.procarton.com\/es\/awards\/pro-carton-young-designers-award\/2025-2\/","title":{"rendered":"2025"},"content":{"rendered":"<div class=\"av-animated-generic top-to-bottom flex_column av_one_half  flex_column_div av-zero-column-padding first  avia-builder-el-0  el_before_av_one_half  avia-builder-el-first\" style='border-radius:0px; '>\n<section class=\"av_textblock_section\"  itemscope=\"itemscope\" itemtype=\"https:\/\/schema.org\/CreativeWork\" >\n<div class='avia_textblock'   itemprop=\"text\" >\n<h1>Ya tenemos a los ganadores del Pro Carton Young Designers Award 2025.<\/h1>\n<p>El Pro Carton Young Designers Award es el concurso anual de j\u00f3venes talentos del dise\u00f1o de envases m\u00e1s importante de Europa.  Centrado exclusivamente en el cart\u00f3n, el premio desempe\u00f1a un papel pionero en la promoci\u00f3n de los envases sostenibles y la innovaci\u00f3n entre los estudiantes de toda Europa. La Gala Awards de este a\u00f1o tuvo lugar en Estambul el 18 de septiembre de 2025. <strong>Ya se conocen los ganadores del PCYDA 2025. V\u00e9alos <a href=\"https:\/\/www.procarton.com\/publication\/european-carton-excellence-award-brochure-2025\/\">\u00a1Aqu\u00ed!<\/a><\/strong><\/p>\n<p>El concurso de dise\u00f1o es gratuito y est\u00e1 abierto a todos los estudiantes matriculados en una escuela o universidad europea.<\/p>\n<p>Los trabajos pueden presentarse en estas categor\u00edas:<\/p>\n<ul>\n<li>Envases de cart\u00f3n creativos | Alimentos y bebidas<\/li>\n<li>Creative Cartonboard Packaging | Todos los otros<\/li>\n<li>Sustainability Award<\/li>\n<li>Public Award<\/li>\n<\/ul>\n<h5>Consulte los ganadores de 2025 <a href=\"https:\/\/www.procarton.com\/publication\/european-carton-excellence-award-brochure-2025\/\">aqu\u00ed<\/a>!<\/h5>\n<p class=\"p1\"><em>Para cualquier otra consulta, p\u00f3ngase en contacto con nosotros:<strong> <a href=\"mailto:studentawards@procarton.com\">studentawards@procarton.com<\/a><\/strong><\/em><\/p>\n<\/div>\n<\/section>\n<\/div>\n<div class=\"av-animated-generic top-to-bottom flex_column av_one_half  flex_column_div av-zero-column-padding   avia-builder-el-2  el_after_av_one_half  el_before_av_hr\" style='border-radius:0px; '>\n<section class=\"av_textblock_section\"  itemscope=\"itemscope\" itemtype=\"https:\/\/schema.org\/CreativeWork\" >\n<div class='avia_textblock'   itemprop=\"text\" >\n<p><strong>Haga clic en la siguiente imagen para ver la presentaci\u00f3n de PCYDA 2025 y obtener m\u00e1s informaci\u00f3n.<\/strong><\/p>\n<\/div>\n<\/section>\n<div  class='avia-image-container  av-styling-    avia-builder-el-4  el_after_av_textblock  el_before_av_hr  avia-align-center'  itemprop=\"image\" itemscope=\"itemscope\" itemtype=\"https:\/\/schema.org\/ImageObject\"  >\n<div class='avia-image-container-inner'>\n<div class='avia-image-overlay-wrap'><a href=\"https:\/\/www.procarton.com\/wp-content\/uploads\/2025\/02\/Pro-Carton-Young-Designers-Award-2025-Presentation.pdf\" class='avia_image' ><img decoding=\"async\" width=\"1499\" height=\"844\" class='wp-image-301346 avia-img-lazy-loading-not-301346 avia_image' src=\"https:\/\/www.procarton.com\/wp-content\/uploads\/2025\/02\/Screenshot-2025-02-25-140107.png\" alt='' title='Captura de pantalla 2025-02-25 140107'  itemprop=\"thumbnailUrl\" srcset=\"https:\/\/www.procarton.com\/wp-content\/uploads\/2025\/02\/Screenshot-2025-02-25-140107.png 1499w, https:\/\/www.procarton.com\/wp-content\/uploads\/2025\/02\/Screenshot-2025-02-25-140107-300x169.png 300w, https:\/\/www.procarton.com\/wp-content\/uploads\/2025\/02\/Screenshot-2025-02-25-140107-1030x580.png 1030w, https:\/\/www.procarton.com\/wp-content\/uploads\/2025\/02\/Screenshot-2025-02-25-140107-768x432.png 768w, https:\/\/www.procarton.com\/wp-content\/uploads\/2025\/02\/Screenshot-2025-02-25-140107-18x10.png 18w, https:\/\/www.procarton.com\/wp-content\/uploads\/2025\/02\/Screenshot-2025-02-25-140107-705x397.png 705w\" sizes=\"(max-width: 1499px) 100vw, 1499px\" \/><\/a><\/div>\n<\/div>\n<\/div>\n<div  style='height:50px' class='hr hr-invisible   avia-builder-el-5  el_after_av_image  avia-builder-el-last'><span class='hr-inner' ><span class='hr-inner-style'><\/span><\/span><\/div>\n<\/div>\n<div   class='hr hr-default   avia-builder-el-6  el_after_av_one_half  el_before_av_one_full'><span class='hr-inner' ><span class='hr-inner-style'><\/span><\/span><\/div>\n<div class=\"av-animated-generic top-to-bottom flex_column av_one_full  flex_column_div av-zero-column-padding first  avia-builder-el-7  el_after_av_hr  el_before_av_one_full\" style='border-radius:0px; '>\n<section class=\"av_textblock_section\"  itemscope=\"itemscope\" itemtype=\"https:\/\/schema.org\/CreativeWork\" >\n<div class='avia_textblock'   itemprop=\"text\" >\n<h1 style=\"text-align: center;\">\u00a1Enhorabuena a los ganadores de 2025!<\/h1>\n<\/div>\n<\/section>\n<div  class='avia-image-container  av-styling-    avia-builder-el-9  el_after_av_textblock  el_before_av_button  avia-align-center'  itemprop=\"image\" itemscope=\"itemscope\" itemtype=\"https:\/\/schema.org\/ImageObject\"  >\n<div class='avia-image-container-inner'>\n<div class='avia-image-overlay-wrap'><img decoding=\"async\" width=\"359\" height=\"505\" class='wp-image-306854 avia-img-lazy-loading-not-306854 avia_image' src=\"https:\/\/www.procarton.com\/wp-content\/uploads\/2025\/09\/Screenshot-2025-09-19-084340.png\" alt='' title='Captura de pantalla 2025-09-19 084340'  itemprop=\"thumbnailUrl\" srcset=\"https:\/\/www.procarton.com\/wp-content\/uploads\/2025\/09\/Screenshot-2025-09-19-084340.png 359w, https:\/\/www.procarton.com\/wp-content\/uploads\/2025\/09\/Screenshot-2025-09-19-084340-213x300.png 213w, https:\/\/www.procarton.com\/wp-content\/uploads\/2025\/09\/Screenshot-2025-09-19-084340-9x12.png 9w\" sizes=\"(max-width: 359px) 100vw, 359px\" \/><\/div>\n<\/div>\n<\/div>\n<div  class='avia-button-wrap avia-button-center  avia-builder-el-10  el_after_av_image  el_before_av_hr' ><a href='https:\/\/www.procarton.com\/publication\/european-carton-excellence-award-brochure-2025\/' class='avia-button  avia-color-theme-color   avia-icon_select-no avia-size-small avia-position-center' target=\"_blank\" rel=\"noopener noreferrer\"><span class='avia_iconbox_title' >\u00a1Ll\u00e9vame a los ganadores de 2025!<\/span><\/a><\/div>\n<div   class='hr hr-default   avia-builder-el-11  el_after_av_button  avia-builder-el-last'><span class='hr-inner' ><span class='hr-inner-style'><\/span><\/span><\/div>\n<\/div>\n<div class=\"av-animated-generic top-to-bottom flex_column av_one_full  flex_column_div av-zero-column-padding first  avia-builder-el-12  el_after_av_one_full  el_before_av_one_full  column-top-margin\" style='border-radius:0px; '>\n<section class=\"av_textblock_section\"  itemscope=\"itemscope\" itemtype=\"https:\/\/schema.org\/CreativeWork\" >\n<div class='avia_textblock'   itemprop=\"text\" >\n<h5 class=\"av-share-link-description av-no-toc\" style=\"text-align: center;\">S\u00edganos en su canal favorito de las redes sociales y mant\u00e9ngase al d\u00eda:<\/h5>\n<\/div>\n<\/section>\n<div  class='avia-buttonrow-wrap avia-buttonrow-center   avia-builder-el-14  el_after_av_textblock  avia-builder-el-last'>\n<a href='https:\/\/www.facebook.com\/procartoneurope\/' class='avia-button  avia-icon_select-no avia-size-small' target=\"_blank\" rel=\"noopener noreferrer\" style='background-color:#0070e8; border-color:#0070e8; color:#ffffff; margin-bottom:5px; margin-left:3px; margin-right:3px; '><span class='avia_iconbox_title' >Facebook<\/span><\/a><br \/>\n<a href='https:\/\/x.com\/Pro_Carton' class='avia-button  avia-color-black  avia-icon_select-no avia-size-small' target=\"_blank\" rel=\"noopener noreferrer\" style='margin-bottom:5px; margin-left:3px; margin-right:3px; '><span class='avia_iconbox_title' >X<\/span><\/a><br \/>\n<a href='https:\/\/ch.linkedin.com\/company\/pro-carton' class='avia-button  avia-icon_select-no avia-size-small' target=\"_blank\" rel=\"noopener noreferrer\" style='background-color:#7bb0e7; border-color:#7bb0e7; color:#ffffff; margin-bottom:5px; margin-left:3px; margin-right:3px; '><span class='avia_iconbox_title' >LinkedIn<\/span><\/a>\n<\/div>\n<\/div>\n<div class=\"av-animated-generic top-to-bottom flex_column av_one_full  flex_column_div av-zero-column-padding first  avia-builder-el-15  el_after_av_one_full  avia-builder-el-last  column-top-margin\" style='border-radius:0px; '>\n<div   class='hr hr-default   avia-builder-el-16  avia-builder-el-no-sibling'><span class='hr-inner' ><span class='hr-inner-style'><\/span><\/span><\/div>\n<\/div>","protected":false},"excerpt":{"rendered":"","protected":false},"author":5916,"featured_media":300509,"parent":243708,"menu_order":1,"comment_status":"closed","ping_status":"closed","template":"templates\/award_details_page.php","meta":{"inline_featured_image":false,"footnotes":""},"class_list":["post-300259","page","type-page","status-publish","has-post-thumbnail","hentry"],"yoast_head":"<!-- This site is optimized with the Yoast SEO plugin v27.4 - https:\/\/yoast.com\/product\/yoast-seo-wordpress\/ -->\n<title>2025 - Pro Carton<\/title>\n<meta name=\"description\" content=\"The Pro Carton Young Designers Award (PCYDA) 2024 is Europe\u2019s leading annual young talent competition for packaging design, focussing exclusively on cartonboard.\" \/>\n<meta name=\"robots\" content=\"index, follow, max-snippet:-1, max-image-preview:large, max-video-preview:-1\" \/>\n<link rel=\"canonical\" href=\"https:\/\/www.procarton.com\/es\/awards\/pro-carton-young-designers-award\/2025-2\/\" \/>\n<meta property=\"og:locale\" content=\"es_ES\" \/>\n<meta property=\"og:type\" content=\"article\" \/>\n<meta property=\"og:title\" content=\"2025 - Pro Carton\" \/>\n<meta property=\"og:description\" content=\"The Pro Carton Young Designers Award (PCYDA) 2024 is Europe\u2019s leading annual young talent competition for packaging design, focussing exclusively on cartonboard.\" \/>\n<meta property=\"og:url\" content=\"https:\/\/www.procarton.com\/es\/awards\/pro-carton-young-designers-award\/2025-2\/\" \/>\n<meta property=\"og:site_name\" content=\"Pro Carton\" \/>\n<meta property=\"article:publisher\" content=\"https:\/\/www.facebook.com\/procartondesignaward\/\" \/>\n<meta property=\"article:modified_time\" content=\"2025-09-21T00:47:51+00:00\" \/>\n<meta property=\"og:image\" content=\"https:\/\/www.procarton.com\/wp-content\/uploads\/2024\/12\/Featured-Image-PCYDA-2-1.png\" \/>\n\t<meta property=\"og:image:width\" content=\"1280\" \/>\n\t<meta property=\"og:image:height\" content=\"720\" \/>\n\t<meta property=\"og:image:type\" content=\"image\/png\" \/>\n<meta name=\"twitter:card\" content=\"summary_large_image\" \/>\n<meta name=\"twitter:site\" content=\"@pro_carton\" \/>\n<meta name=\"twitter:label1\" content=\"Tiempo de lectura\" \/>\n\t<meta name=\"twitter:data1\" content=\"4 minutos\" \/>\n<script type=\"application\/ld+json\" class=\"yoast-schema-graph\">{\"@context\":\"https:\\\/\\\/schema.org\",\"@graph\":[{\"@type\":\"WebPage\",\"@id\":\"https:\\\/\\\/www.procarton.com\\\/awards\\\/pro-carton-young-designers-award\\\/2025-2\\\/\",\"url\":\"https:\\\/\\\/www.procarton.com\\\/awards\\\/pro-carton-young-designers-award\\\/2025-2\\\/\",\"name\":\"2025 - Pro Carton\",\"isPartOf\":{\"@id\":\"https:\\\/\\\/www.procarton.com\\\/es\\\/#website\"},\"primaryImageOfPage\":{\"@id\":\"https:\\\/\\\/www.procarton.com\\\/awards\\\/pro-carton-young-designers-award\\\/2025-2\\\/#primaryimage\"},\"image\":{\"@id\":\"https:\\\/\\\/www.procarton.com\\\/awards\\\/pro-carton-young-designers-award\\\/2025-2\\\/#primaryimage\"},\"thumbnailUrl\":\"https:\\\/\\\/www.procarton.com\\\/wp-content\\\/uploads\\\/2024\\\/12\\\/Featured-Image-PCYDA-2-1.png\",\"datePublished\":\"2024-12-18T14:39:04+00:00\",\"dateModified\":\"2025-09-21T00:47:51+00:00\",\"description\":\"The Pro Carton Young Designers Award (PCYDA) 2024 is Europe\u2019s leading annual young talent competition for packaging design, focussing exclusively on cartonboard.\",\"breadcrumb\":{\"@id\":\"https:\\\/\\\/www.procarton.com\\\/awards\\\/pro-carton-young-designers-award\\\/2025-2\\\/#breadcrumb\"},\"inLanguage\":\"es\",\"potentialAction\":[{\"@type\":\"ReadAction\",\"target\":[\"https:\\\/\\\/www.procarton.com\\\/awards\\\/pro-carton-young-designers-award\\\/2025-2\\\/\"]}]},{\"@type\":\"ImageObject\",\"inLanguage\":\"es\",\"@id\":\"https:\\\/\\\/www.procarton.com\\\/awards\\\/pro-carton-young-designers-award\\\/2025-2\\\/#primaryimage\",\"url\":\"https:\\\/\\\/www.procarton.com\\\/wp-content\\\/uploads\\\/2024\\\/12\\\/Featured-Image-PCYDA-2-1.png\",\"contentUrl\":\"https:\\\/\\\/www.procarton.com\\\/wp-content\\\/uploads\\\/2024\\\/12\\\/Featured-Image-PCYDA-2-1.png\",\"width\":1280,\"height\":720},{\"@type\":\"BreadcrumbList\",\"@id\":\"https:\\\/\\\/www.procarton.com\\\/awards\\\/pro-carton-young-designers-award\\\/2025-2\\\/#breadcrumb\",\"itemListElement\":[{\"@type\":\"ListItem\",\"position\":1,\"name\":\"Home\",\"item\":\"https:\\\/\\\/www.procarton.com\\\/\"},{\"@type\":\"ListItem\",\"position\":2,\"name\":\"Awards\",\"item\":\"https:\\\/\\\/www.procarton.com\\\/awards\\\/\"},{\"@type\":\"ListItem\",\"position\":3,\"name\":\"Pro Carton Young Designers Award\",\"item\":\"https:\\\/\\\/www.procarton.com\\\/awards\\\/pro-carton-young-designers-award\\\/\"},{\"@type\":\"ListItem\",\"position\":4,\"name\":\"2025\"}]},{\"@type\":\"WebSite\",\"@id\":\"https:\\\/\\\/www.procarton.com\\\/es\\\/#website\",\"url\":\"https:\\\/\\\/www.procarton.com\\\/es\\\/\",\"name\":\"Pro Carton\",\"description\":\"\",\"publisher\":{\"@id\":\"https:\\\/\\\/www.procarton.com\\\/es\\\/#organization\"},\"potentialAction\":[{\"@type\":\"SearchAction\",\"target\":{\"@type\":\"EntryPoint\",\"urlTemplate\":\"https:\\\/\\\/www.procarton.com\\\/es\\\/?s={search_term_string}\"},\"query-input\":{\"@type\":\"PropertyValueSpecification\",\"valueRequired\":true,\"valueName\":\"search_term_string\"}}],\"inLanguage\":\"es\"},{\"@type\":\"Organization\",\"@id\":\"https:\\\/\\\/www.procarton.com\\\/es\\\/#organization\",\"name\":\"ProCarton\",\"url\":\"https:\\\/\\\/www.procarton.com\\\/es\\\/\",\"logo\":{\"@type\":\"ImageObject\",\"inLanguage\":\"es\",\"@id\":\"https:\\\/\\\/www.procarton.com\\\/es\\\/#\\\/schema\\\/logo\\\/image\\\/\",\"url\":\"https:\\\/\\\/www.procarton.com\\\/wp-content\\\/uploads\\\/2022\\\/06\\\/logo-mit-slogan.jpg\",\"contentUrl\":\"https:\\\/\\\/www.procarton.com\\\/wp-content\\\/uploads\\\/2022\\\/06\\\/logo-mit-slogan.jpg\",\"width\":422,\"height\":519,\"caption\":\"ProCarton\"},\"image\":{\"@id\":\"https:\\\/\\\/www.procarton.com\\\/es\\\/#\\\/schema\\\/logo\\\/image\\\/\"},\"sameAs\":[\"https:\\\/\\\/www.facebook.com\\\/procartondesignaward\\\/\",\"https:\\\/\\\/x.com\\\/pro_carton\"]}]}<\/script>\n<!-- \/ Yoast SEO plugin. -->","yoast_head_json":{"title":"2025 - Pro Carton","description":"El Pro Carton Young Designers Award (PCYDA) 2024 es el concurso anual de j\u00f3venes talentos del dise\u00f1o de envases m\u00e1s importante de Europa, centrado exclusivamente en el cart\u00f3n.","robots":{"index":"index","follow":"follow","max-snippet":"max-snippet:-1","max-image-preview":"max-image-preview:large","max-video-preview":"max-video-preview:-1"},"canonical":"https:\/\/www.procarton.com\/es\/awards\/pro-carton-young-designers-award\/2025-2\/","og_locale":"es_ES","og_type":"article","og_title":"2025 - Pro Carton","og_description":"The Pro Carton Young Designers Award (PCYDA) 2024 is Europe\u2019s leading annual young talent competition for packaging design, focussing exclusively on cartonboard.","og_url":"https:\/\/www.procarton.com\/es\/awards\/pro-carton-young-designers-award\/2025-2\/","og_site_name":"Pro Carton","article_publisher":"https:\/\/www.facebook.com\/procartondesignaward\/","article_modified_time":"2025-09-21T00:47:51+00:00","og_image":[{"width":1280,"height":720,"url":"https:\/\/www.procarton.com\/wp-content\/uploads\/2024\/12\/Featured-Image-PCYDA-2-1.png","type":"image\/png"}],"twitter_card":"summary_large_image","twitter_site":"@pro_carton","twitter_misc":{"Tiempo de lectura":"4 minutos"},"schema":{"@context":"https:\/\/schema.org","@graph":[{"@type":"WebPage","@id":"https:\/\/www.procarton.com\/awards\/pro-carton-young-designers-award\/2025-2\/","url":"https:\/\/www.procarton.com\/awards\/pro-carton-young-designers-award\/2025-2\/","name":"2025 - Pro Carton","isPartOf":{"@id":"https:\/\/www.procarton.com\/es\/#website"},"primaryImageOfPage":{"@id":"https:\/\/www.procarton.com\/awards\/pro-carton-young-designers-award\/2025-2\/#primaryimage"},"image":{"@id":"https:\/\/www.procarton.com\/awards\/pro-carton-young-designers-award\/2025-2\/#primaryimage"},"thumbnailUrl":"https:\/\/www.procarton.com\/wp-content\/uploads\/2024\/12\/Featured-Image-PCYDA-2-1.png","datePublished":"2024-12-18T14:39:04+00:00","dateModified":"2025-09-21T00:47:51+00:00","description":"El Pro Carton Young Designers Award (PCYDA) 2024 es el concurso anual de j\u00f3venes talentos del dise\u00f1o de envases m\u00e1s importante de Europa, centrado exclusivamente en el cart\u00f3n.","breadcrumb":{"@id":"https:\/\/www.procarton.com\/awards\/pro-carton-young-designers-award\/2025-2\/#breadcrumb"},"inLanguage":"es","potentialAction":[{"@type":"ReadAction","target":["https:\/\/www.procarton.com\/awards\/pro-carton-young-designers-award\/2025-2\/"]}]},{"@type":"ImageObject","inLanguage":"es","@id":"https:\/\/www.procarton.com\/awards\/pro-carton-young-designers-award\/2025-2\/#primaryimage","url":"https:\/\/www.procarton.com\/wp-content\/uploads\/2024\/12\/Featured-Image-PCYDA-2-1.png","contentUrl":"https:\/\/www.procarton.com\/wp-content\/uploads\/2024\/12\/Featured-Image-PCYDA-2-1.png","width":1280,"height":720},{"@type":"BreadcrumbList","@id":"https:\/\/www.procarton.com\/awards\/pro-carton-young-designers-award\/2025-2\/#breadcrumb","itemListElement":[{"@type":"ListItem","position":1,"name":"Home","item":"https:\/\/www.procarton.com\/"},{"@type":"ListItem","position":2,"name":"Awards","item":"https:\/\/www.procarton.com\/awards\/"},{"@type":"ListItem","position":3,"name":"Pro Carton Young Designers Award","item":"https:\/\/www.procarton.com\/awards\/pro-carton-young-designers-award\/"},{"@type":"ListItem","position":4,"name":"2025"}]},{"@type":"WebSite","@id":"https:\/\/www.procarton.com\/es\/#website","url":"https:\/\/www.procarton.com\/es\/","name":"Pro Carton","description":"","publisher":{"@id":"https:\/\/www.procarton.com\/es\/#organization"},"potentialAction":[{"@type":"SearchAction","target":{"@type":"EntryPoint","urlTemplate":"https:\/\/www.procarton.com\/es\/?s={search_term_string}"},"query-input":{"@type":"PropertyValueSpecification","valueRequired":true,"valueName":"search_term_string"}}],"inLanguage":"es"},{"@type":"Organization","@id":"https:\/\/www.procarton.com\/es\/#organization","name":"ProCarton","url":"https:\/\/www.procarton.com\/es\/","logo":{"@type":"ImageObject","inLanguage":"es","@id":"https:\/\/www.procarton.com\/es\/#\/schema\/logo\/image\/","url":"https:\/\/www.procarton.com\/wp-content\/uploads\/2022\/06\/logo-mit-slogan.jpg","contentUrl":"https:\/\/www.procarton.com\/wp-content\/uploads\/2022\/06\/logo-mit-slogan.jpg","width":422,"height":519,"caption":"ProCarton"},"image":{"@id":"https:\/\/www.procarton.com\/es\/#\/schema\/logo\/image\/"},"sameAs":["https:\/\/www.facebook.com\/procartondesignaward\/","https:\/\/x.com\/pro_carton"]}]}},"_links":{"self":[{"href":"https:\/\/www.procarton.com\/es\/wp-json\/wp\/v2\/pages\/300259","targetHints":{"allow":["GET"]}}],"collection":[{"href":"https:\/\/www.procarton.com\/es\/wp-json\/wp\/v2\/pages"}],"about":[{"href":"https:\/\/www.procarton.com\/es\/wp-json\/wp\/v2\/types\/page"}],"author":[{"embeddable":true,"href":"https:\/\/www.procarton.com\/es\/wp-json\/wp\/v2\/users\/5916"}],"replies":[{"embeddable":true,"href":"https:\/\/www.procarton.com\/es\/wp-json\/wp\/v2\/comments?post=300259"}],"version-history":[{"count":29,"href":"https:\/\/www.procarton.com\/es\/wp-json\/wp\/v2\/pages\/300259\/revisions"}],"predecessor-version":[{"id":306956,"href":"https:\/\/www.procarton.com\/es\/wp-json\/wp\/v2\/pages\/300259\/revisions\/306956"}],"up":[{"embeddable":true,"href":"https:\/\/www.procarton.com\/es\/wp-json\/wp\/v2\/pages\/243708"}],"wp:featuredmedia":[{"embeddable":true,"href":"https:\/\/www.procarton.com\/es\/wp-json\/wp\/v2\/media\/300509"}],"wp:attachment":[{"href":"https:\/\/www.procarton.com\/es\/wp-json\/wp\/v2\/media?parent=300259"}],"curies":[{"name":"wp","href":"https:\/\/api.w.org\/{rel}","templated":true}]}}