{"id":291204,"date":"2023-08-14T10:31:15","date_gmt":"2023-08-14T09:31:15","guid":{"rendered":"https:\/\/www.procarton.com\/?page_id=291204"},"modified":"2023-08-23T19:27:28","modified_gmt":"2023-08-23T18:27:28","slug":"museum-of-brands-london-uk","status":"publish","type":"page","link":"https:\/\/www.procarton.com\/es\/activities\/national-activities\/museum-of-brands-london-uk\/","title":{"rendered":"Museo de las Marcas, Londres, Reino Unido"},"content":{"rendered":"<div class=\"av-animated-generic top-to-bottom flex_column av_one_fourth  flex_column_div av-zero-column-padding first  avia-builder-el-0  el_before_av_one_half  avia-builder-el-first\" style='border-radius:0px; '>\n<div  class='avia-image-container  av-styling-    avia-builder-el-1  avia-builder-el-no-sibling  avia-align-center'  itemprop=\"image\" itemscope=\"itemscope\" itemtype=\"https:\/\/schema.org\/ImageObject\"  >\n<div class='avia-image-container-inner'>\n<div class='avia-image-overlay-wrap'><img decoding=\"async\" width=\"300\" height=\"300\" class='wp-image-242753 avia-img-lazy-loading-not-242753 avia_image' src=\"https:\/\/www.procarton.com\/wp-content\/uploads\/2021\/02\/Museum-of-Brands-Logo-300x300.jpg\" alt='' title='Logotipo del Museo de las Marcas'  itemprop=\"thumbnailUrl\" srcset=\"https:\/\/www.procarton.com\/wp-content\/uploads\/2021\/02\/Museum-of-Brands-Logo-300x300.jpg 300w, https:\/\/www.procarton.com\/wp-content\/uploads\/2021\/02\/Museum-of-Brands-Logo-80x80.jpg 80w, https:\/\/www.procarton.com\/wp-content\/uploads\/2021\/02\/Museum-of-Brands-Logo-12x12.jpg 12w, https:\/\/www.procarton.com\/wp-content\/uploads\/2021\/02\/Museum-of-Brands-Logo-36x36.jpg 36w, https:\/\/www.procarton.com\/wp-content\/uploads\/2021\/02\/Museum-of-Brands-Logo-180x180.jpg 180w, https:\/\/www.procarton.com\/wp-content\/uploads\/2021\/02\/Museum-of-Brands-Logo.jpg 400w\" sizes=\"(max-width: 300px) 100vw, 300px\" \/><\/div>\n<\/div>\n<\/div>\n<\/div>\n<div class=\"av-animated-generic top-to-bottom flex_column av_one_half  flex_column_div av-zero-column-padding   avia-builder-el-2  el_after_av_one_fourth  el_before_av_one_fourth\" style='border-radius:0px; '>\n<section class=\"av_textblock_section\"  itemscope=\"itemscope\" itemtype=\"https:\/\/schema.org\/CreativeWork\" >\n<div class='avia_textblock'   itemprop=\"text\" >\n<p style=\"text-align: center;\"><strong class=\"main-title entry-title\">Pro Carton est\u00e1 asociado con The Museum of Brands de Londres desde 2019.<\/strong><\/p>\n<p>Pro Carton y The\u00a0<a href=\"https:\/\/www.museumofbrands.com\/\" target=\"_blank\" rel=\"noopener\" data-saferedirecturl=\"https:\/\/www.google.com\/url?q=https:\/\/www.museumofbrands.com\/&amp;source=gmail&amp;ust=1571351763869000&amp;usg=AFQjCNGuk1y7flYNGbJwD7bY9eXcFZopdw\">Museo de las Marcas<\/a> en Notting Hill (Londres) iniciaron una colaboraci\u00f3n en 2019.  Desde entonces, el Museo expone los paquetes ganadores del European Carton Excellence Award (ECEA).<\/p>\n<p>Desde febrero de 2023, los ganadores del Pro Carton European Carton Excellence Award (ECEA) de 2022 est\u00e1n expuestos en el Museo, mostrando la versatilidad del cart\u00f3n y c\u00f3mo puede utilizarse para crear dise\u00f1os de envases sostenibles y atractivos.  El <a href=\"https:\/\/museumofbrands.com\/#wo-exhibitions\" target=\"_blank\" rel=\"noopener\">la exposici\u00f3n actual presenta 19 dise\u00f1os premiados<\/a>que destaca las soluciones de envasado inteligentes, funcionales y sostenibles en un n\u00famero cada vez mayor de categor\u00edas de productos.<\/p>\n<\/div>\n<\/section>\n<\/div>\n<div class=\"av-animated-generic top-to-bottom flex_column av_one_fourth  flex_column_div av-zero-column-padding   avia-builder-el-4  el_after_av_one_half  el_before_av_one_fourth\" style='border-radius:0px; '>\n<div  class='avia-image-container  av-styling-    avia-builder-el-5  avia-builder-el-no-sibling  avia-align-center'  itemprop=\"image\" itemscope=\"itemscope\" itemtype=\"https:\/\/schema.org\/ImageObject\"  >\n<div class='avia-image-container-inner'>\n<div class='avia-image-overlay-wrap'><img decoding=\"async\" width=\"300\" height=\"200\" class='wp-image-243490 avia-img-lazy-loading-not-243490 avia_image' src=\"https:\/\/www.procarton.com\/wp-content\/uploads\/2021\/02\/10896_0027_LR-300x200.jpg\" alt='' title='10896_0027'  itemprop=\"thumbnailUrl\" srcset=\"https:\/\/www.procarton.com\/wp-content\/uploads\/2021\/02\/10896_0027_LR-300x200.jpg 300w, https:\/\/www.procarton.com\/wp-content\/uploads\/2021\/02\/10896_0027_LR-768x513.jpg 768w, https:\/\/www.procarton.com\/wp-content\/uploads\/2021\/02\/10896_0027_LR-18x12.jpg 18w, https:\/\/www.procarton.com\/wp-content\/uploads\/2021\/02\/10896_0027_LR-705x471.jpg 705w, https:\/\/www.procarton.com\/wp-content\/uploads\/2021\/02\/10896_0027_LR-328x219.jpg 328w, https:\/\/www.procarton.com\/wp-content\/uploads\/2021\/02\/10896_0027_LR.jpg 1000w\" sizes=\"(max-width: 300px) 100vw, 300px\" \/><\/div>\n<\/div>\n<\/div>\n<\/div>\n<div class=\"av-animated-generic top-to-bottom flex_column av_one_fourth  flex_column_div av-zero-column-padding first  avia-builder-el-6  el_after_av_one_fourth  el_before_av_one_fourth  column-top-margin\" style='border-radius:0px; '>\n<section class=\"av_textblock_section\"  itemscope=\"itemscope\" itemtype=\"https:\/\/schema.org\/CreativeWork\" >\n<div class='avia_textblock'   itemprop=\"text\" >\n<p style=\"text-align: center;\"><strong class=\"main-title entry-title\">Museum of Brands celebra lo mejor del envase de cart\u00f3n.<\/strong><\/p>\n<p>Explorando c\u00f3mo las marcas dan forma al mundo, el Museo de las Marcas alberga m\u00e1s de 12.000 envases originales, carteles y productos de marcas ic\u00f3nicas de renombre internacional que abarcan desde la \u00e9poca victoriana hasta nuestros d\u00edas.<\/p>\n<\/div>\n<\/section>\n<\/div>\n<div class=\"av-animated-generic top-to-bottom flex_column av_one_fourth  flex_column_div av-zero-column-padding   avia-builder-el-8  el_after_av_one_fourth  el_before_av_one_fourth  column-top-margin\" style='border-radius:0px; '>\n<div  class='avia-image-container  av-styling-    avia-builder-el-9  avia-builder-el-no-sibling  avia-align-center'  itemprop=\"image\" itemscope=\"itemscope\" itemtype=\"https:\/\/schema.org\/ImageObject\"  >\n<div class='avia-image-container-inner'>\n<div class='avia-image-overlay-wrap'><img decoding=\"async\" width=\"845\" height=\"684\" class='wp-image-291443 avia-img-lazy-loading-not-291443 avia_image' src=\"https:\/\/www.procarton.com\/wp-content\/uploads\/2023\/08\/IMG_3603-Copy-845x684.jpg\" alt='' title='Expositor 3 del Museo de Marcas'  itemprop=\"thumbnailUrl\" srcset=\"https:\/\/www.procarton.com\/wp-content\/uploads\/2023\/08\/IMG_3603-Copy-845x684.jpg 845w, https:\/\/www.procarton.com\/wp-content\/uploads\/2023\/08\/IMG_3603-Copy-495x400.jpg 495w\" sizes=\"(max-width: 845px) 100vw, 845px\" \/><\/div>\n<\/div>\n<\/div>\n<\/div>\n<div class=\"av-animated-generic top-to-bottom flex_column av_one_fourth  flex_column_div av-zero-column-padding   avia-builder-el-10  el_after_av_one_fourth  el_before_av_one_fourth  column-top-margin\" style='border-radius:0px; '>\n<div  class='avia-image-container  av-styling-    avia-builder-el-11  avia-builder-el-no-sibling  avia-align-center'  itemprop=\"image\" itemscope=\"itemscope\" itemtype=\"https:\/\/schema.org\/ImageObject\"  >\n<div class='avia-image-container-inner'>\n<div class='avia-image-overlay-wrap'><img decoding=\"async\" width=\"845\" height=\"668\" class='wp-image-243491 avia-img-lazy-loading-not-243491 avia_image' src=\"https:\/\/www.procarton.com\/wp-content\/uploads\/2021\/02\/10896_0010_LR-845x668.jpg\" alt='' title='10896_0010'  itemprop=\"thumbnailUrl\"  \/><\/div>\n<\/div>\n<\/div>\n<\/div>\n<div class=\"av-animated-generic top-to-bottom flex_column av_one_fourth  flex_column_div av-zero-column-padding   avia-builder-el-12  el_after_av_one_fourth  el_before_av_one_full  column-top-margin\" style='border-radius:0px; '>\n<section class=\"av_textblock_section\"  itemscope=\"itemscope\" itemtype=\"https:\/\/schema.org\/CreativeWork\" >\n<div class='avia_textblock'   itemprop=\"text\" >\n<p>El envase es una parte importante de la imagen y la reputaci\u00f3n de una marca, y el Museo de Marcas est\u00e1 repleto de conceptos de envasado que abarcan todos los a\u00f1os.<\/p>\n<\/div>\n<\/section>\n<\/div>\n<div class=\"av-animated-generic top-to-bottom flex_column av_one_full  flex_column_div av-zero-column-padding first  avia-builder-el-14  el_after_av_one_fourth  avia-builder-el-last  column-top-margin\" style='border-radius:0px; '>\n<section class=\"av_textblock_section\"  itemscope=\"itemscope\" itemtype=\"https:\/\/schema.org\/CreativeWork\" >\n<div class='avia_textblock'   itemprop=\"text\" >\n<p style=\"text-align: center;\"><strong>Programa educativo de Pro Carton para un envasado sostenible.<\/strong><\/p>\n<p>La colaboraci\u00f3n de Pro Carton con Museum of Brands forma parte de nuestro programa educativo sobre envases sostenibles.  Pro Carton participa en el programa de charlas del Museo de Marcas.  En marzo de 2023, Winfried Muehling, Director de Marketing y Comunicaciones de Pro Carton, imparti\u00f3 una sesi\u00f3n interactiva en directo sobre \"Elegir envases de cart\u00f3n para un futuro sostenible\", una sesi\u00f3n que cubri\u00f3 las \u00faltimas tendencias y perspectivas relacionadas con toda la industria del envasado a medida que contin\u00faa promoviendo una econom\u00eda circular.<\/p>\n<\/div>\n<\/section>\n<div   class='hr hr-default   avia-builder-el-16  el_after_av_textblock  el_before_av_textblock'><span class='hr-inner' ><span class='hr-inner-style'><\/span><\/span><\/div>\n<section class=\"av_textblock_section\"  itemscope=\"itemscope\" itemtype=\"https:\/\/schema.org\/CreativeWork\" >\n<div class='avia_textblock'   itemprop=\"text\" >\n<p style=\"text-align: center;\"><em>Se invita a los visitantes a ver <a href=\"https:\/\/museumofbrands.com\/#wo-exhibitions\" target=\"_blank\" rel=\"noopener\">la \u00faltima colecci\u00f3n de dise\u00f1os de envases premiados<\/a> en el Museo de <\/em><em>Marcas en Notting Hill, Londres.<\/em><\/p>\n<\/div>\n<\/section>\n<\/div>","protected":false},"excerpt":{"rendered":"<p>Desde 2019, el Museo de Marcas (MOB), socio de Pro Carton, expone los envases ganadores de los European Carton Excellence Award (ECEA)<\/p>","protected":false},"author":1286,"featured_media":291218,"parent":378,"menu_order":0,"comment_status":"closed","ping_status":"closed","template":"","meta":{"inline_featured_image":false,"footnotes":""},"class_list":["post-291204","page","type-page","status-publish","has-post-thumbnail","hentry"],"yoast_head":"<!-- This site is optimized with the Yoast SEO plugin v27.3 - https:\/\/yoast.com\/product\/yoast-seo-wordpress\/ -->\n<title>Museum of Brands, London, UK - Pro Carton<\/title>\n<meta name=\"description\" content=\"Since 2019, Pro Carton partner, The Museum of Brands (MOB), has displayed the winning packs from the European Carton Excellence Awards (ECEA)\" \/>\n<meta name=\"robots\" content=\"index, follow, max-snippet:-1, max-image-preview:large, max-video-preview:-1\" \/>\n<link rel=\"canonical\" href=\"https:\/\/www.procarton.com\/es\/activities\/national-activities\/museum-of-brands-london-uk\/\" \/>\n<meta property=\"og:locale\" content=\"es_ES\" \/>\n<meta property=\"og:type\" content=\"article\" \/>\n<meta property=\"og:title\" content=\"Museum of Brands, London, UK - Pro Carton\" \/>\n<meta property=\"og:description\" content=\"Since 2019, Pro Carton partner, The Museum of Brands (MOB), has displayed the winning packs from the European Carton Excellence Awards (ECEA)\" \/>\n<meta property=\"og:url\" content=\"https:\/\/www.procarton.com\/es\/activities\/national-activities\/museum-of-brands-london-uk\/\" \/>\n<meta property=\"og:site_name\" content=\"Pro Carton\" \/>\n<meta property=\"article:publisher\" content=\"https:\/\/www.facebook.com\/procartondesignaward\/\" \/>\n<meta property=\"article:modified_time\" content=\"2023-08-23T18:27:28+00:00\" \/>\n<meta property=\"og:image\" content=\"https:\/\/www.procarton.com\/wp-content\/uploads\/2023\/08\/Museum-of-Brands-for-Website-featured-Image.png\" \/>\n\t<meta property=\"og:image:width\" content=\"1200\" \/>\n\t<meta property=\"og:image:height\" content=\"1006\" \/>\n\t<meta property=\"og:image:type\" content=\"image\/png\" \/>\n<meta name=\"twitter:card\" content=\"summary_large_image\" \/>\n<meta name=\"twitter:site\" content=\"@pro_carton\" \/>\n<meta name=\"twitter:label1\" content=\"Tiempo de lectura\" \/>\n\t<meta name=\"twitter:data1\" content=\"4 minutos\" \/>\n<script type=\"application\/ld+json\" class=\"yoast-schema-graph\">{\"@context\":\"https:\\\/\\\/schema.org\",\"@graph\":[{\"@type\":\"WebPage\",\"@id\":\"https:\\\/\\\/www.procarton.com\\\/activities\\\/national-activities\\\/museum-of-brands-london-uk\\\/\",\"url\":\"https:\\\/\\\/www.procarton.com\\\/activities\\\/national-activities\\\/museum-of-brands-london-uk\\\/\",\"name\":\"Museum of Brands, London, UK - Pro Carton\",\"isPartOf\":{\"@id\":\"https:\\\/\\\/www.procarton.com\\\/es\\\/#website\"},\"primaryImageOfPage\":{\"@id\":\"https:\\\/\\\/www.procarton.com\\\/activities\\\/national-activities\\\/museum-of-brands-london-uk\\\/#primaryimage\"},\"image\":{\"@id\":\"https:\\\/\\\/www.procarton.com\\\/activities\\\/national-activities\\\/museum-of-brands-london-uk\\\/#primaryimage\"},\"thumbnailUrl\":\"https:\\\/\\\/www.procarton.com\\\/wp-content\\\/uploads\\\/2023\\\/08\\\/Museum-of-Brands-for-Website-featured-Image.png\",\"datePublished\":\"2023-08-14T09:31:15+00:00\",\"dateModified\":\"2023-08-23T18:27:28+00:00\",\"description\":\"Since 2019, Pro Carton partner, The Museum of Brands (MOB), has displayed the winning packs from the European Carton Excellence Awards (ECEA)\",\"breadcrumb\":{\"@id\":\"https:\\\/\\\/www.procarton.com\\\/activities\\\/national-activities\\\/museum-of-brands-london-uk\\\/#breadcrumb\"},\"inLanguage\":\"es\",\"potentialAction\":[{\"@type\":\"ReadAction\",\"target\":[\"https:\\\/\\\/www.procarton.com\\\/activities\\\/national-activities\\\/museum-of-brands-london-uk\\\/\"]}]},{\"@type\":\"ImageObject\",\"inLanguage\":\"es\",\"@id\":\"https:\\\/\\\/www.procarton.com\\\/activities\\\/national-activities\\\/museum-of-brands-london-uk\\\/#primaryimage\",\"url\":\"https:\\\/\\\/www.procarton.com\\\/wp-content\\\/uploads\\\/2023\\\/08\\\/Museum-of-Brands-for-Website-featured-Image.png\",\"contentUrl\":\"https:\\\/\\\/www.procarton.com\\\/wp-content\\\/uploads\\\/2023\\\/08\\\/Museum-of-Brands-for-Website-featured-Image.png\",\"width\":1200,\"height\":1006},{\"@type\":\"BreadcrumbList\",\"@id\":\"https:\\\/\\\/www.procarton.com\\\/activities\\\/national-activities\\\/museum-of-brands-london-uk\\\/#breadcrumb\",\"itemListElement\":[{\"@type\":\"ListItem\",\"position\":1,\"name\":\"Home\",\"item\":\"https:\\\/\\\/www.procarton.com\\\/\"},{\"@type\":\"ListItem\",\"position\":2,\"name\":\"Activities\",\"item\":\"https:\\\/\\\/www.procarton.com\\\/activities\\\/\"},{\"@type\":\"ListItem\",\"position\":3,\"name\":\"National Activities\",\"item\":\"https:\\\/\\\/www.procarton.com\\\/activities\\\/national-activities\\\/\"},{\"@type\":\"ListItem\",\"position\":4,\"name\":\"Museum of Brands, London, UK\"}]},{\"@type\":\"WebSite\",\"@id\":\"https:\\\/\\\/www.procarton.com\\\/es\\\/#website\",\"url\":\"https:\\\/\\\/www.procarton.com\\\/es\\\/\",\"name\":\"Pro Carton\",\"description\":\"\",\"publisher\":{\"@id\":\"https:\\\/\\\/www.procarton.com\\\/es\\\/#organization\"},\"potentialAction\":[{\"@type\":\"SearchAction\",\"target\":{\"@type\":\"EntryPoint\",\"urlTemplate\":\"https:\\\/\\\/www.procarton.com\\\/es\\\/?s={search_term_string}\"},\"query-input\":{\"@type\":\"PropertyValueSpecification\",\"valueRequired\":true,\"valueName\":\"search_term_string\"}}],\"inLanguage\":\"es\"},{\"@type\":\"Organization\",\"@id\":\"https:\\\/\\\/www.procarton.com\\\/es\\\/#organization\",\"name\":\"ProCarton\",\"url\":\"https:\\\/\\\/www.procarton.com\\\/es\\\/\",\"logo\":{\"@type\":\"ImageObject\",\"inLanguage\":\"es\",\"@id\":\"https:\\\/\\\/www.procarton.com\\\/es\\\/#\\\/schema\\\/logo\\\/image\\\/\",\"url\":\"https:\\\/\\\/www.procarton.com\\\/wp-content\\\/uploads\\\/2022\\\/06\\\/logo-mit-slogan.jpg\",\"contentUrl\":\"https:\\\/\\\/www.procarton.com\\\/wp-content\\\/uploads\\\/2022\\\/06\\\/logo-mit-slogan.jpg\",\"width\":422,\"height\":519,\"caption\":\"ProCarton\"},\"image\":{\"@id\":\"https:\\\/\\\/www.procarton.com\\\/es\\\/#\\\/schema\\\/logo\\\/image\\\/\"},\"sameAs\":[\"https:\\\/\\\/www.facebook.com\\\/procartondesignaward\\\/\",\"https:\\\/\\\/x.com\\\/pro_carton\"]}]}<\/script>\n<!-- \/ Yoast SEO plugin. -->","yoast_head_json":{"title":"Museo de Marcas, Londres, Reino Unido - Pro Carton","description":"Desde 2019, el Museo de Marcas (MOB), socio de Pro Carton, expone los envases ganadores de los European Carton Excellence Award (ECEA)","robots":{"index":"index","follow":"follow","max-snippet":"max-snippet:-1","max-image-preview":"max-image-preview:large","max-video-preview":"max-video-preview:-1"},"canonical":"https:\/\/www.procarton.com\/es\/activities\/national-activities\/museum-of-brands-london-uk\/","og_locale":"es_ES","og_type":"article","og_title":"Museum of Brands, London, UK - Pro Carton","og_description":"Since 2019, Pro Carton partner, The Museum of Brands (MOB), has displayed the winning packs from the European Carton Excellence Awards (ECEA)","og_url":"https:\/\/www.procarton.com\/es\/activities\/national-activities\/museum-of-brands-london-uk\/","og_site_name":"Pro Carton","article_publisher":"https:\/\/www.facebook.com\/procartondesignaward\/","article_modified_time":"2023-08-23T18:27:28+00:00","og_image":[{"width":1200,"height":1006,"url":"https:\/\/www.procarton.com\/wp-content\/uploads\/2023\/08\/Museum-of-Brands-for-Website-featured-Image.png","type":"image\/png"}],"twitter_card":"summary_large_image","twitter_site":"@pro_carton","twitter_misc":{"Tiempo de lectura":"4 minutos"},"schema":{"@context":"https:\/\/schema.org","@graph":[{"@type":"WebPage","@id":"https:\/\/www.procarton.com\/activities\/national-activities\/museum-of-brands-london-uk\/","url":"https:\/\/www.procarton.com\/activities\/national-activities\/museum-of-brands-london-uk\/","name":"Museo de Marcas, Londres, Reino Unido - Pro Carton","isPartOf":{"@id":"https:\/\/www.procarton.com\/es\/#website"},"primaryImageOfPage":{"@id":"https:\/\/www.procarton.com\/activities\/national-activities\/museum-of-brands-london-uk\/#primaryimage"},"image":{"@id":"https:\/\/www.procarton.com\/activities\/national-activities\/museum-of-brands-london-uk\/#primaryimage"},"thumbnailUrl":"https:\/\/www.procarton.com\/wp-content\/uploads\/2023\/08\/Museum-of-Brands-for-Website-featured-Image.png","datePublished":"2023-08-14T09:31:15+00:00","dateModified":"2023-08-23T18:27:28+00:00","description":"Desde 2019, el Museo de Marcas (MOB), socio de Pro Carton, expone los envases ganadores de los European Carton Excellence Award (ECEA)","breadcrumb":{"@id":"https:\/\/www.procarton.com\/activities\/national-activities\/museum-of-brands-london-uk\/#breadcrumb"},"inLanguage":"es","potentialAction":[{"@type":"ReadAction","target":["https:\/\/www.procarton.com\/activities\/national-activities\/museum-of-brands-london-uk\/"]}]},{"@type":"ImageObject","inLanguage":"es","@id":"https:\/\/www.procarton.com\/activities\/national-activities\/museum-of-brands-london-uk\/#primaryimage","url":"https:\/\/www.procarton.com\/wp-content\/uploads\/2023\/08\/Museum-of-Brands-for-Website-featured-Image.png","contentUrl":"https:\/\/www.procarton.com\/wp-content\/uploads\/2023\/08\/Museum-of-Brands-for-Website-featured-Image.png","width":1200,"height":1006},{"@type":"BreadcrumbList","@id":"https:\/\/www.procarton.com\/activities\/national-activities\/museum-of-brands-london-uk\/#breadcrumb","itemListElement":[{"@type":"ListItem","position":1,"name":"Home","item":"https:\/\/www.procarton.com\/"},{"@type":"ListItem","position":2,"name":"Activities","item":"https:\/\/www.procarton.com\/activities\/"},{"@type":"ListItem","position":3,"name":"National Activities","item":"https:\/\/www.procarton.com\/activities\/national-activities\/"},{"@type":"ListItem","position":4,"name":"Museum of Brands, London, UK"}]},{"@type":"WebSite","@id":"https:\/\/www.procarton.com\/es\/#website","url":"https:\/\/www.procarton.com\/es\/","name":"Pro Carton","description":"","publisher":{"@id":"https:\/\/www.procarton.com\/es\/#organization"},"potentialAction":[{"@type":"SearchAction","target":{"@type":"EntryPoint","urlTemplate":"https:\/\/www.procarton.com\/es\/?s={search_term_string}"},"query-input":{"@type":"PropertyValueSpecification","valueRequired":true,"valueName":"search_term_string"}}],"inLanguage":"es"},{"@type":"Organization","@id":"https:\/\/www.procarton.com\/es\/#organization","name":"ProCarton","url":"https:\/\/www.procarton.com\/es\/","logo":{"@type":"ImageObject","inLanguage":"es","@id":"https:\/\/www.procarton.com\/es\/#\/schema\/logo\/image\/","url":"https:\/\/www.procarton.com\/wp-content\/uploads\/2022\/06\/logo-mit-slogan.jpg","contentUrl":"https:\/\/www.procarton.com\/wp-content\/uploads\/2022\/06\/logo-mit-slogan.jpg","width":422,"height":519,"caption":"ProCarton"},"image":{"@id":"https:\/\/www.procarton.com\/es\/#\/schema\/logo\/image\/"},"sameAs":["https:\/\/www.facebook.com\/procartondesignaward\/","https:\/\/x.com\/pro_carton"]}]}},"_links":{"self":[{"href":"https:\/\/www.procarton.com\/es\/wp-json\/wp\/v2\/pages\/291204","targetHints":{"allow":["GET"]}}],"collection":[{"href":"https:\/\/www.procarton.com\/es\/wp-json\/wp\/v2\/pages"}],"about":[{"href":"https:\/\/www.procarton.com\/es\/wp-json\/wp\/v2\/types\/page"}],"author":[{"embeddable":true,"href":"https:\/\/www.procarton.com\/es\/wp-json\/wp\/v2\/users\/1286"}],"replies":[{"embeddable":true,"href":"https:\/\/www.procarton.com\/es\/wp-json\/wp\/v2\/comments?post=291204"}],"version-history":[{"count":8,"href":"https:\/\/www.procarton.com\/es\/wp-json\/wp\/v2\/pages\/291204\/revisions"}],"predecessor-version":[{"id":291440,"href":"https:\/\/www.procarton.com\/es\/wp-json\/wp\/v2\/pages\/291204\/revisions\/291440"}],"up":[{"embeddable":true,"href":"https:\/\/www.procarton.com\/es\/wp-json\/wp\/v2\/pages\/378"}],"wp:featuredmedia":[{"embeddable":true,"href":"https:\/\/www.procarton.com\/es\/wp-json\/wp\/v2\/media\/291218"}],"wp:attachment":[{"href":"https:\/\/www.procarton.com\/es\/wp-json\/wp\/v2\/media?parent=291204"}],"curies":[{"name":"wp","href":"https:\/\/api.w.org\/{rel}","templated":true}]}}