{"id":286973,"date":"2024-01-17T16:47:04","date_gmt":"2024-01-17T16:47:37","guid":{"rendered":"https:\/\/www.procarton.com\/?page_id=286973"},"modified":"2026-02-09T12:08:32","modified_gmt":"2026-02-09T12:08:32","slug":"rules-faqs-2024","status":"publish","type":"page","link":"https:\/\/www.procarton.com\/es\/awards\/european-carton-excellence-award\/2026-3\/rules-faqs-2024\/","title":{"rendered":"Rules &amp; FAQs (2026)"},"content":{"rendered":"<div class=\"av-animated-generic top-to-bottom flex_column av_one_full  flex_column_div av-zero-column-padding first  avia-builder-el-0  el_before_av_one_fifth  avia-builder-el-first\" style='border-radius:0px; '>\n<section class=\"av_textblock_section\"  itemscope=\"itemscope\" itemtype=\"https:\/\/schema.org\/CreativeWork\" >\n<div class='avia_textblock'   itemprop=\"text\" >\n<h4>Reglas:<\/h4>\n<ul>\n<li>Todas las inscripciones deben haber sido fabricadas para la venta.<\/li>\n<li>All entries must be manufactured on cartonboard produced by a Full Member or Associate Member of Pro Carton. .<\/li>\n<li>All entries must have been printed and converted by a direct or indirect ECMA or Pro Carton member, or by a member of a European national association.<\/li>\n<li>Debe asegurarse de indicar correctamente si su participaci\u00f3n est\u00e1 hecha de cart\u00f3n de fibra virgen o de cart\u00f3n de fibra reciclada. En el formulario de inscripci\u00f3n hay una casilla de verificaci\u00f3n adicional al respecto.<\/li>\n<li>All entries must be produced predominantly from cartonboard or cartonboard laminated to microflute (with a depth of 1.5mm or less) or risk being disqualified.<\/li>\n<li>NO se aceptar\u00e1n cajas r\u00edgidas o similares fabricadas recubriendo cart\u00f3n (normalmente cart\u00f3n gris) con papel o un material similar. NO se aceptar\u00e1n cajas de cart\u00f3n ondulado. Se aceptar\u00e1n vasos de papel.<\/li>\n<li>All entries must have been produced and manufactured for sale between 2023-2026. Mockups and prototypes are not eligible.<\/li>\n<li>Entrants may only request the return of samples in exceptional cases and will be responsible for any costs incurred.<\/li>\n<li>Los concursantes deber\u00e1n presentar 6 muestras para el jurado. Al menos una de las muestras debe contener el producto a efectos de valoraci\u00f3n. Esto no es imprescindible para los productos perecederos.<\/li>\n<li>Todos los trabajos deben presentarse a una de las siete categor\u00edas principales. Las obras podr\u00e1n ser reclasificadas a discreci\u00f3n del jurado.<\/li>\n<li>Todas las propuestas se tendr\u00e1n en cuenta autom\u00e1ticamente para la votaci\u00f3n p\u00fablica Award, a menos que los participantes decidan expl\u00edcitamente no participar indicando su preferencia en el formulario de inscripci\u00f3n.<\/li>\n<li>Si es posible, el nombre del cart\u00f3n o del fabricante no debe aparecer en el cart\u00f3n. Si lo hace, quedar\u00e1 oculto para los jueces.<\/li>\n<li>El participante es responsable de la aprobaci\u00f3n del propietario de la marca.<\/li>\n<li>Pro Carton y ECMA y sus respectivas empresas miembros se reservan el derecho de utilizar todas las participaciones con fines promocionales.<\/li>\n<\/ul>\n<\/div>\n<\/section>\n<section class=\"av_textblock_section\"  itemscope=\"itemscope\" itemtype=\"https:\/\/schema.org\/CreativeWork\" >\n<div class='avia_textblock'   itemprop=\"text\" >\n<h4>\u00bfQui\u00e9n puede participar?<\/h4>\n<p>Todos los socios de la cadena de suministro pueden presentar candidaturas:<\/p>\n<ul>\n<li>Propietarios de marcas<\/li>\n<li>Minoristas (marcas blancas)<\/li>\n<li>Dise\u00f1adores<\/li>\n<li>Convertidores de cart\u00f3n<\/li>\n<li>Productores \/ Fabricantes de Cart\u00f3n<\/li>\n<\/ul>\n<p>Los participantes pueden presentar un n\u00famero ilimitado de trabajos.<\/p>\n<\/div>\n<\/section>\n<section class=\"av_textblock_section\"  itemscope=\"itemscope\" itemtype=\"https:\/\/schema.org\/CreativeWork\" >\n<div class='avia_textblock'   itemprop=\"text\" >\n<h4>\u00bfC\u00f3mo entrar?<\/h4>\n<p>Todo el texto introducido en este formulario debe ser exacto, ya que se utilizar\u00e1 de forma coherente en todos los premios y materiales de marketing, incluidos los comunicados de prensa, trofeos y certificados. Una vez enviado, no se podr\u00e1n realizar cambios, por lo que le rogamos que revise detenidamente la informaci\u00f3n antes de finalizar su inscripci\u00f3n.<\/p>\n<ul>\n<li>Cada candidatura deber\u00e1 ir acompa\u00f1ada de un texto descriptivo y promocional de 200 palabras como m\u00e1ximo. Los jueces har\u00e1n referencia a este texto y podr\u00e1 utilizarse en la votaci\u00f3n p\u00fablica.<\/li>\n<li>Deber\u00e1n presentarse al jurado un m\u00ednimo de 6 muestras, preferiblemente con contenido, que incluyan de 3 a 5 fotos (la foto principal presentada debe ser apaisada) y un breve v\u00eddeo (opcional).  Si no se dispone del contenido, sustit\u00fayalo por un maniqu\u00ed o una foto para dar una impresi\u00f3n del envase\/producto acabado.<\/li>\n<li>Los formularios de participaci\u00f3n deber\u00e1n cumplimentarse en su totalidad y en ingl\u00e9s. El texto presentado podr\u00e1 utilizarse en material de marketing y promoci\u00f3n.<\/li>\n<li>Deber\u00e1 enviar una copia firmada del formulario de inscripci\u00f3n, que se le enviar\u00e1 por correo electr\u00f3nico tras su presentaci\u00f3n, junto con las muestras de inscripci\u00f3n correspondientes.  Esta copia se utilizar\u00e1 en el proceso de evaluaci\u00f3n y, por lo tanto, deber\u00e1 ser id\u00e9ntica al formulario de inscripci\u00f3n firmado.<\/li>\n<\/ul>\n<\/div>\n<\/section>\n<\/div>\n<div class=\"av-animated-generic top-to-bottom flex_column av_one_fifth  flex_column_div av-zero-column-padding first  avia-builder-el-4  el_after_av_one_full  el_before_av_one_fifth  column-top-margin\" style='border-radius:0px; '><\/div>\n<div class=\"av-animated-generic top-to-bottom flex_column av_one_fifth  flex_column_div av-zero-column-padding   avia-builder-el-5  el_after_av_one_fifth  el_before_av_one_full  column-top-margin\" style='border-radius:0px; '><\/div>\n<div class=\"av-animated-generic top-to-bottom flex_column av_one_full  flex_column_div av-zero-column-padding first  avia-builder-el-6  el_after_av_one_fifth  avia-builder-el-last  column-top-margin\" style='border-radius:0px; '>\n<section class=\"av_textblock_section\"  itemscope=\"itemscope\" itemtype=\"https:\/\/schema.org\/CreativeWork\" >\n<div class='avia_textblock'   itemprop=\"text\" >\n<p style=\"text-align: center;\"><b>Deber\u00e1n empaquetarse cuidadosamente un m\u00ednimo de 6 muestras por cada inscripci\u00f3n y enviarse a:<\/b><\/p>\n<p style=\"text-align: center;\">Pro Carton\/ ECMA\/ Cepi<\/p>\n<p style=\"text-align: center;\">Brendan Khoo\/ Barbara Ginter<\/p>\n<p style=\"text-align: center;\">Avenida Louise 250<\/p>\n<p style=\"text-align: center;\">1050 Bruselas,<\/p>\n<p style=\"text-align: center;\">B\u00e9lgica<\/p>\n<p style=\"text-align: center;\"><strong>***<\/strong><\/p>\n<p style=\"text-align: center;\"><strong>***Physical samples must be received no later than 30th of May 2026***<\/strong><\/p>\n<p style=\"text-align: center;\"><strong>***<\/strong><\/p>\n<\/div>\n<\/section>\n<div  class='avia-image-container  av-styling-    avia-builder-el-8  el_after_av_textblock  el_before_av_textblock  avia-align-center'  itemprop=\"image\" itemscope=\"itemscope\" itemtype=\"https:\/\/schema.org\/ImageObject\"  >\n<div class='avia-image-container-inner'>\n<div class='avia-image-overlay-wrap'><img decoding=\"async\" width=\"1030\" height=\"579\" class='wp-image-307828 avia-img-lazy-loading-not-307828 avia_image' src=\"https:\/\/www.procarton.com\/wp-content\/uploads\/2026\/02\/2026-Time-WM-2-ECEA-2-1.png\" alt='' title='2026 Time WM 2 ECEA-2 (1)'  itemprop=\"thumbnailUrl\" srcset=\"https:\/\/www.procarton.com\/wp-content\/uploads\/2026\/02\/2026-Time-WM-2-ECEA-2-1.png 1030w, https:\/\/www.procarton.com\/wp-content\/uploads\/2026\/02\/2026-Time-WM-2-ECEA-2-1-300x169.png 300w, https:\/\/www.procarton.com\/wp-content\/uploads\/2026\/02\/2026-Time-WM-2-ECEA-2-1-768x432.png 768w, https:\/\/www.procarton.com\/wp-content\/uploads\/2026\/02\/2026-Time-WM-2-ECEA-2-1-18x10.png 18w, https:\/\/www.procarton.com\/wp-content\/uploads\/2026\/02\/2026-Time-WM-2-ECEA-2-1-705x396.png 705w\" sizes=\"(max-width: 1030px) 100vw, 1030px\" \/><\/div>\n<\/div>\n<\/div>\n<section class=\"av_textblock_section\"  itemscope=\"itemscope\" itemtype=\"https:\/\/schema.org\/CreativeWork\" >\n<div class='avia_textblock'   itemprop=\"text\" >\n<h4>Votaci\u00f3n p\u00fablica Award<\/h4>\n<p>Las candidaturas preseleccionadas se someter\u00e1n al proceso de votaci\u00f3n p\u00fablica, alojado en el sitio web de Pro Carton y promocionado a trav\u00e9s de las plataformas de medios sociales de Pro Carton. La votaci\u00f3n est\u00e1 abierta al p\u00fablico. Cualquier forma de manipulaci\u00f3n de los votos dar\u00e1 lugar a la descalificaci\u00f3n.<\/p>\n<\/div>\n<\/section>\n<section class=\"av_textblock_section\"  itemscope=\"itemscope\" itemtype=\"https:\/\/schema.org\/CreativeWork\" >\n<div class='avia_textblock'   itemprop=\"text\" >\n<h4>PREGUNTAS FRECUENTES (FAQ):<\/h4>\n<\/div>\n<\/section>\n<div   class=\"togglecontainer   toggle_close_all  avia-builder-el-11  el_after_av_textblock  el_before_av_textblock\" >\n<section class=\"av_toggle_section\"  itemscope=\"itemscope\" itemtype=\"https:\/\/schema.org\/CreativeWork\"  >\n<div role=\"tablist\" class=\"single_toggle\" data-tags=\"{Todo} \"  >\n<p data-fake-id=\"#toggle-id-1\" class=\"toggler\"  itemprop=\"headline\"    role=\"tab\" tabindex=\"0\" aria-controls=\"toggle-id-1\">\u00bfPodemos utilizar el material de marketing de Pro Carton?<span class=\"toggle_icon\" >        <span class=\"vert_icon\"><\/span><span class=\"hor_icon\"><\/span><\/span><\/p>\n<div id=\"toggle-id-1\" class=\"toggle_wrap\"   >\n<div class=\"toggle_content invers-color\"  itemprop=\"text\"   >\n<p>S\u00ed, puede utilizar todas las fotos, textos, v\u00eddeos, etc. para sus fines de marketing.<\/p>\n<\/p><\/div>\n<\/p><\/div>\n<\/p><\/div>\n<\/section>\n<section class=\"av_toggle_section\"  itemscope=\"itemscope\" itemtype=\"https:\/\/schema.org\/CreativeWork\"  >\n<div role=\"tablist\" class=\"single_toggle\" data-tags=\"{Todo} \"  >\n<p data-fake-id=\"#toggle-id-2\" class=\"toggler\"  itemprop=\"headline\"    role=\"tab\" tabindex=\"0\" aria-controls=\"toggle-id-2\">\u00bfCu\u00e1nto cuesta una entrada?<span class=\"toggle_icon\" >        <span class=\"vert_icon\"><\/span><span class=\"hor_icon\"><\/span><\/span><\/p>\n<div id=\"toggle-id-2\" class=\"toggle_wrap\"   >\n<div class=\"toggle_content invers-color\"  itemprop=\"text\"   >\n<p>Cuota de inscripci\u00f3n: 250 EUR por entrada;<br \/>\nLa tasa debe pagarse al recibir la factura.<\/p>\n<\/p><\/div>\n<\/p><\/div>\n<\/p><\/div>\n<\/section>\n<section class=\"av_toggle_section\"  itemscope=\"itemscope\" itemtype=\"https:\/\/schema.org\/CreativeWork\"  >\n<div role=\"tablist\" class=\"single_toggle\" data-tags=\"{Todo} \"  >\n<p data-fake-id=\"#toggle-id-3\" class=\"toggler\"  itemprop=\"headline\"    role=\"tab\" tabindex=\"0\" aria-controls=\"toggle-id-3\">\u00bfCu\u00e1ndo se anuncian los ganadores?<span class=\"toggle_icon\" >        <span class=\"vert_icon\"><\/span><span class=\"hor_icon\"><\/span><\/span><\/p>\n<div id=\"toggle-id-3\" class=\"toggle_wrap\"   >\n<div class=\"toggle_content invers-color\"  itemprop=\"text\"   >\n<p>Winners will be announced at the Awards Gala on 17 September 2026 in Rome, Italy.<\/p>\n<\/p><\/div>\n<\/p><\/div>\n<\/p><\/div>\n<\/section>\n<\/div>\n<section class=\"av_textblock_section\"  itemscope=\"itemscope\" itemtype=\"https:\/\/schema.org\/CreativeWork\" >\n<div class='avia_textblock'   itemprop=\"text\" >\n<p><strong>These Rules were last updated on 31st January 2026.<\/strong><\/p>\n<\/div>\n<\/section>\n<\/div>","protected":false},"excerpt":{"rendered":"<p>Lista de normas aplicables a European Carton Excellence Award 2024 para todos los participantes en el concurso, en la que se detallan los requisitos y la forma de participar.<\/p>","protected":false},"author":1286,"featured_media":307644,"parent":307525,"menu_order":2,"comment_status":"closed","ping_status":"closed","template":"templates\/award_details_page.php","meta":{"inline_featured_image":false,"footnotes":""},"class_list":["post-286973","page","type-page","status-publish","has-post-thumbnail","hentry"],"yoast_head":"<!-- This site is optimized with the Yoast SEO plugin v27.3 - https:\/\/yoast.com\/product\/yoast-seo-wordpress\/ -->\n<title>Rules &amp; FAQs (2026) - Pro Carton<\/title>\n<meta name=\"description\" content=\"List of Rules and FAQs that apply to European Carton Excellence Award 2024 for all Entrants of the Competition also detailing How to Enter\" \/>\n<meta name=\"robots\" content=\"index, follow, max-snippet:-1, max-image-preview:large, max-video-preview:-1\" \/>\n<link rel=\"canonical\" href=\"https:\/\/www.procarton.com\/es\/awards\/european-carton-excellence-award\/2026-3\/rules-faqs-2024\/\" \/>\n<meta property=\"og:locale\" content=\"es_ES\" \/>\n<meta property=\"og:type\" content=\"article\" \/>\n<meta property=\"og:title\" content=\"Rules &amp; FAQs (2026) - Pro Carton\" \/>\n<meta property=\"og:description\" content=\"List of Rules and FAQs that apply to European Carton Excellence Award 2024 for all Entrants of the Competition also detailing How to Enter\" \/>\n<meta property=\"og:url\" content=\"https:\/\/www.procarton.com\/es\/awards\/european-carton-excellence-award\/2026-3\/rules-faqs-2024\/\" \/>\n<meta property=\"og:site_name\" content=\"Pro Carton\" \/>\n<meta property=\"article:publisher\" content=\"https:\/\/www.facebook.com\/procartondesignaward\/\" \/>\n<meta property=\"article:modified_time\" content=\"2026-02-09T12:08:32+00:00\" \/>\n<meta property=\"og:image\" content=\"https:\/\/www.procarton.com\/wp-content\/uploads\/2026\/01\/Pro-Carton-Logo-26-2-1.png\" \/>\n\t<meta property=\"og:image:width\" content=\"1200\" \/>\n\t<meta property=\"og:image:height\" content=\"900\" \/>\n\t<meta property=\"og:image:type\" content=\"image\/png\" \/>\n<meta name=\"twitter:card\" content=\"summary_large_image\" \/>\n<meta name=\"twitter:site\" content=\"@pro_carton\" \/>\n<meta name=\"twitter:label1\" content=\"Tiempo de lectura\" \/>\n\t<meta name=\"twitter:data1\" content=\"5 minutos\" \/>\n<script type=\"application\/ld+json\" class=\"yoast-schema-graph\">{\"@context\":\"https:\\\/\\\/schema.org\",\"@graph\":[{\"@type\":\"WebPage\",\"@id\":\"https:\\\/\\\/www.procarton.com\\\/awards\\\/european-carton-excellence-award\\\/2026-3\\\/rules-faqs-2024\\\/\",\"url\":\"https:\\\/\\\/www.procarton.com\\\/awards\\\/european-carton-excellence-award\\\/2026-3\\\/rules-faqs-2024\\\/\",\"name\":\"Rules &amp; FAQs (2026) - Pro Carton\",\"isPartOf\":{\"@id\":\"https:\\\/\\\/www.procarton.com\\\/es\\\/#website\"},\"primaryImageOfPage\":{\"@id\":\"https:\\\/\\\/www.procarton.com\\\/awards\\\/european-carton-excellence-award\\\/2026-3\\\/rules-faqs-2024\\\/#primaryimage\"},\"image\":{\"@id\":\"https:\\\/\\\/www.procarton.com\\\/awards\\\/european-carton-excellence-award\\\/2026-3\\\/rules-faqs-2024\\\/#primaryimage\"},\"thumbnailUrl\":\"https:\\\/\\\/www.procarton.com\\\/wp-content\\\/uploads\\\/2026\\\/01\\\/Pro-Carton-Logo-26-2-1.png\",\"datePublished\":\"2024-01-17T16:47:37+00:00\",\"dateModified\":\"2026-02-09T12:08:32+00:00\",\"description\":\"List of Rules and FAQs that apply to European Carton Excellence Award 2024 for all Entrants of the Competition also detailing How to Enter\",\"breadcrumb\":{\"@id\":\"https:\\\/\\\/www.procarton.com\\\/awards\\\/european-carton-excellence-award\\\/2026-3\\\/rules-faqs-2024\\\/#breadcrumb\"},\"inLanguage\":\"es\",\"potentialAction\":[{\"@type\":\"ReadAction\",\"target\":[\"https:\\\/\\\/www.procarton.com\\\/awards\\\/european-carton-excellence-award\\\/2026-3\\\/rules-faqs-2024\\\/\"]}]},{\"@type\":\"ImageObject\",\"inLanguage\":\"es\",\"@id\":\"https:\\\/\\\/www.procarton.com\\\/awards\\\/european-carton-excellence-award\\\/2026-3\\\/rules-faqs-2024\\\/#primaryimage\",\"url\":\"https:\\\/\\\/www.procarton.com\\\/wp-content\\\/uploads\\\/2026\\\/01\\\/Pro-Carton-Logo-26-2-1.png\",\"contentUrl\":\"https:\\\/\\\/www.procarton.com\\\/wp-content\\\/uploads\\\/2026\\\/01\\\/Pro-Carton-Logo-26-2-1.png\",\"width\":1200,\"height\":900},{\"@type\":\"BreadcrumbList\",\"@id\":\"https:\\\/\\\/www.procarton.com\\\/awards\\\/european-carton-excellence-award\\\/2026-3\\\/rules-faqs-2024\\\/#breadcrumb\",\"itemListElement\":[{\"@type\":\"ListItem\",\"position\":1,\"name\":\"Home\",\"item\":\"https:\\\/\\\/www.procarton.com\\\/\"},{\"@type\":\"ListItem\",\"position\":2,\"name\":\"Awards\",\"item\":\"https:\\\/\\\/www.procarton.com\\\/awards\\\/\"},{\"@type\":\"ListItem\",\"position\":3,\"name\":\"European Carton Excellence Award\",\"item\":\"https:\\\/\\\/www.procarton.com\\\/awards\\\/european-carton-excellence-award\\\/\"},{\"@type\":\"ListItem\",\"position\":4,\"name\":\"2026\",\"item\":\"https:\\\/\\\/www.procarton.com\\\/awards\\\/european-carton-excellence-award\\\/2026-3\\\/\"},{\"@type\":\"ListItem\",\"position\":5,\"name\":\"Rules &amp; FAQs (2026)\"}]},{\"@type\":\"WebSite\",\"@id\":\"https:\\\/\\\/www.procarton.com\\\/es\\\/#website\",\"url\":\"https:\\\/\\\/www.procarton.com\\\/es\\\/\",\"name\":\"Pro Carton\",\"description\":\"\",\"publisher\":{\"@id\":\"https:\\\/\\\/www.procarton.com\\\/es\\\/#organization\"},\"potentialAction\":[{\"@type\":\"SearchAction\",\"target\":{\"@type\":\"EntryPoint\",\"urlTemplate\":\"https:\\\/\\\/www.procarton.com\\\/es\\\/?s={search_term_string}\"},\"query-input\":{\"@type\":\"PropertyValueSpecification\",\"valueRequired\":true,\"valueName\":\"search_term_string\"}}],\"inLanguage\":\"es\"},{\"@type\":\"Organization\",\"@id\":\"https:\\\/\\\/www.procarton.com\\\/es\\\/#organization\",\"name\":\"ProCarton\",\"url\":\"https:\\\/\\\/www.procarton.com\\\/es\\\/\",\"logo\":{\"@type\":\"ImageObject\",\"inLanguage\":\"es\",\"@id\":\"https:\\\/\\\/www.procarton.com\\\/es\\\/#\\\/schema\\\/logo\\\/image\\\/\",\"url\":\"https:\\\/\\\/www.procarton.com\\\/wp-content\\\/uploads\\\/2022\\\/06\\\/logo-mit-slogan.jpg\",\"contentUrl\":\"https:\\\/\\\/www.procarton.com\\\/wp-content\\\/uploads\\\/2022\\\/06\\\/logo-mit-slogan.jpg\",\"width\":422,\"height\":519,\"caption\":\"ProCarton\"},\"image\":{\"@id\":\"https:\\\/\\\/www.procarton.com\\\/es\\\/#\\\/schema\\\/logo\\\/image\\\/\"},\"sameAs\":[\"https:\\\/\\\/www.facebook.com\\\/procartondesignaward\\\/\",\"https:\\\/\\\/x.com\\\/pro_carton\"]}]}<\/script>\n<!-- \/ Yoast SEO plugin. -->","yoast_head_json":{"title":"Rules &amp; FAQs (2026) - Pro Carton","description":"Lista de normas y preguntas frecuentes que se aplican a European Carton Excellence Award 2024 para todos los participantes en el Concurso, en la que tambi\u00e9n se detalla c\u00f3mo participar.","robots":{"index":"index","follow":"follow","max-snippet":"max-snippet:-1","max-image-preview":"max-image-preview:large","max-video-preview":"max-video-preview:-1"},"canonical":"https:\/\/www.procarton.com\/es\/awards\/european-carton-excellence-award\/2026-3\/rules-faqs-2024\/","og_locale":"es_ES","og_type":"article","og_title":"Rules &amp; FAQs (2026) - Pro Carton","og_description":"List of Rules and FAQs that apply to European Carton Excellence Award 2024 for all Entrants of the Competition also detailing How to Enter","og_url":"https:\/\/www.procarton.com\/es\/awards\/european-carton-excellence-award\/2026-3\/rules-faqs-2024\/","og_site_name":"Pro Carton","article_publisher":"https:\/\/www.facebook.com\/procartondesignaward\/","article_modified_time":"2026-02-09T12:08:32+00:00","og_image":[{"width":1200,"height":900,"url":"https:\/\/www.procarton.com\/wp-content\/uploads\/2026\/01\/Pro-Carton-Logo-26-2-1.png","type":"image\/png"}],"twitter_card":"summary_large_image","twitter_site":"@pro_carton","twitter_misc":{"Tiempo de lectura":"5 minutos"},"schema":{"@context":"https:\/\/schema.org","@graph":[{"@type":"WebPage","@id":"https:\/\/www.procarton.com\/awards\/european-carton-excellence-award\/2026-3\/rules-faqs-2024\/","url":"https:\/\/www.procarton.com\/awards\/european-carton-excellence-award\/2026-3\/rules-faqs-2024\/","name":"Rules &amp; FAQs (2026) - Pro Carton","isPartOf":{"@id":"https:\/\/www.procarton.com\/es\/#website"},"primaryImageOfPage":{"@id":"https:\/\/www.procarton.com\/awards\/european-carton-excellence-award\/2026-3\/rules-faqs-2024\/#primaryimage"},"image":{"@id":"https:\/\/www.procarton.com\/awards\/european-carton-excellence-award\/2026-3\/rules-faqs-2024\/#primaryimage"},"thumbnailUrl":"https:\/\/www.procarton.com\/wp-content\/uploads\/2026\/01\/Pro-Carton-Logo-26-2-1.png","datePublished":"2024-01-17T16:47:37+00:00","dateModified":"2026-02-09T12:08:32+00:00","description":"Lista de normas y preguntas frecuentes que se aplican a European Carton Excellence Award 2024 para todos los participantes en el Concurso, en la que tambi\u00e9n se detalla c\u00f3mo participar.","breadcrumb":{"@id":"https:\/\/www.procarton.com\/awards\/european-carton-excellence-award\/2026-3\/rules-faqs-2024\/#breadcrumb"},"inLanguage":"es","potentialAction":[{"@type":"ReadAction","target":["https:\/\/www.procarton.com\/awards\/european-carton-excellence-award\/2026-3\/rules-faqs-2024\/"]}]},{"@type":"ImageObject","inLanguage":"es","@id":"https:\/\/www.procarton.com\/awards\/european-carton-excellence-award\/2026-3\/rules-faqs-2024\/#primaryimage","url":"https:\/\/www.procarton.com\/wp-content\/uploads\/2026\/01\/Pro-Carton-Logo-26-2-1.png","contentUrl":"https:\/\/www.procarton.com\/wp-content\/uploads\/2026\/01\/Pro-Carton-Logo-26-2-1.png","width":1200,"height":900},{"@type":"BreadcrumbList","@id":"https:\/\/www.procarton.com\/awards\/european-carton-excellence-award\/2026-3\/rules-faqs-2024\/#breadcrumb","itemListElement":[{"@type":"ListItem","position":1,"name":"Home","item":"https:\/\/www.procarton.com\/"},{"@type":"ListItem","position":2,"name":"Awards","item":"https:\/\/www.procarton.com\/awards\/"},{"@type":"ListItem","position":3,"name":"European Carton Excellence Award","item":"https:\/\/www.procarton.com\/awards\/european-carton-excellence-award\/"},{"@type":"ListItem","position":4,"name":"2026","item":"https:\/\/www.procarton.com\/awards\/european-carton-excellence-award\/2026-3\/"},{"@type":"ListItem","position":5,"name":"Rules &amp; FAQs (2026)"}]},{"@type":"WebSite","@id":"https:\/\/www.procarton.com\/es\/#website","url":"https:\/\/www.procarton.com\/es\/","name":"Pro Carton","description":"","publisher":{"@id":"https:\/\/www.procarton.com\/es\/#organization"},"potentialAction":[{"@type":"SearchAction","target":{"@type":"EntryPoint","urlTemplate":"https:\/\/www.procarton.com\/es\/?s={search_term_string}"},"query-input":{"@type":"PropertyValueSpecification","valueRequired":true,"valueName":"search_term_string"}}],"inLanguage":"es"},{"@type":"Organization","@id":"https:\/\/www.procarton.com\/es\/#organization","name":"ProCarton","url":"https:\/\/www.procarton.com\/es\/","logo":{"@type":"ImageObject","inLanguage":"es","@id":"https:\/\/www.procarton.com\/es\/#\/schema\/logo\/image\/","url":"https:\/\/www.procarton.com\/wp-content\/uploads\/2022\/06\/logo-mit-slogan.jpg","contentUrl":"https:\/\/www.procarton.com\/wp-content\/uploads\/2022\/06\/logo-mit-slogan.jpg","width":422,"height":519,"caption":"ProCarton"},"image":{"@id":"https:\/\/www.procarton.com\/es\/#\/schema\/logo\/image\/"},"sameAs":["https:\/\/www.facebook.com\/procartondesignaward\/","https:\/\/x.com\/pro_carton"]}]}},"_links":{"self":[{"href":"https:\/\/www.procarton.com\/es\/wp-json\/wp\/v2\/pages\/286973","targetHints":{"allow":["GET"]}}],"collection":[{"href":"https:\/\/www.procarton.com\/es\/wp-json\/wp\/v2\/pages"}],"about":[{"href":"https:\/\/www.procarton.com\/es\/wp-json\/wp\/v2\/types\/page"}],"author":[{"embeddable":true,"href":"https:\/\/www.procarton.com\/es\/wp-json\/wp\/v2\/users\/1286"}],"replies":[{"embeddable":true,"href":"https:\/\/www.procarton.com\/es\/wp-json\/wp\/v2\/comments?post=286973"}],"version-history":[{"count":47,"href":"https:\/\/www.procarton.com\/es\/wp-json\/wp\/v2\/pages\/286973\/revisions"}],"predecessor-version":[{"id":307649,"href":"https:\/\/www.procarton.com\/es\/wp-json\/wp\/v2\/pages\/286973\/revisions\/307649"}],"up":[{"embeddable":true,"href":"https:\/\/www.procarton.com\/es\/wp-json\/wp\/v2\/pages\/307525"}],"wp:featuredmedia":[{"embeddable":true,"href":"https:\/\/www.procarton.com\/es\/wp-json\/wp\/v2\/media\/307644"}],"wp:attachment":[{"href":"https:\/\/www.procarton.com\/es\/wp-json\/wp\/v2\/media?parent=286973"}],"curies":[{"name":"wp","href":"https:\/\/api.w.org\/{rel}","templated":true}]}}