{"id":286970,"date":"2024-01-17T16:50:59","date_gmt":"2024-01-17T16:50:59","guid":{"rendered":"https:\/\/www.procarton.com\/?page_id=286970"},"modified":"2024-10-05T15:47:25","modified_gmt":"2024-10-05T14:47:25","slug":"2024-2","status":"publish","type":"page","link":"https:\/\/www.procarton.com\/es\/awards\/european-carton-excellence-award\/2024-2\/","title":{"rendered":"2024"},"content":{"rendered":"<div class=\"av-animated-generic top-to-bottom flex_column av_two_third  flex_column_div av-zero-column-padding first  avia-builder-el-0  el_before_av_one_third  avia-builder-el-first\" style='border-radius:0px; '>\n<section class=\"av_textblock_section\"  itemscope=\"itemscope\" itemtype=\"https:\/\/schema.org\/CreativeWork\" >\n<div class='avia_textblock'   itemprop=\"text\" >\n<p>Organizado por\u00a0<strong>Pro Carton<\/strong>\u00a0y el\u00a0<strong>Asociaci\u00f3n Europea de Fabricantes de Cart\u00f3n (ECMA),<\/strong> la ECEA desaf\u00eda a los socios de toda la cadena de suministro a mostrar sus dise\u00f1os de envases de cart\u00f3n m\u00e1s innovadores. La Gala Awards de este a\u00f1o tuvo lugar en Berl\u00edn el 19 de septiembre de 2024.<\/p>\n<p>Los galardonados no s\u00f3lo se benefician del prestigio de un premio de tan alto nivel, sino tambi\u00e9n de un sinf\u00edn de ventajas.<\/p>\n<p>Las categor\u00edas de la ECEA son:<\/p>\n<ul>\n<li><strong>Embalaje general - Fibra virgen<\/strong><\/li>\n<li><strong>Envases generales - Fibra reciclada<\/strong><\/li>\n<li><strong>Envasado de alimentos y bebidas - Fibra virgen<\/strong><\/li>\n<li><strong>Envases para alimentos y bebidas - Fibra reciclada<\/strong><\/li>\n<\/ul>\n<p>Todas las candidaturas se presentan autom\u00e1ticamente al\u00a0<strong>Carton of the Year Award<\/strong>y, adem\u00e1s, los concursantes pueden participar en el <strong>Sostenibilidad\u00a0<\/strong>y \/ o <strong>Innovation Award<\/strong> sin coste adicional.  En <strong>Public Award<\/strong> ofrece a consumidores, profesionales del sector y acad\u00e9micos la oportunidad de admirar y decidir cu\u00e1l es el ganador elegido entre los finalistas del ECEA Award.<\/p>\n<p>Un prestigioso jurado de expertos en envases, representantes de diversos sectores de la industria, elige a los ganadores de cada categor\u00eda, as\u00ed como a los de platino y oro, evaluando cada candidatura con arreglo a rigurosos criterios, como el dise\u00f1o gr\u00e1fico y estructural, las t\u00e9cnicas de producci\u00f3n, la rentabilidad, la ecolog\u00eda, la innovaci\u00f3n y la comodidad.<\/p>\n<p><strong>Ya se conocen los ganadores de European Carton Excellence Award 2024. Puede verlos en <a href=\"https:\/\/www.procarton.com\/awards\/european-carton-excellence-award\/2024-2\/winners\/\">aqu\u00ed<\/a>!<\/strong><\/p>\n<p><em>Si tiene alguna duda, por favor\u00a0<strong>p\u00f3ngase en contacto con el <a href=\"mailto:europeancartonexcellenceaward@procarton.com\" target=\"_blank\" rel=\"noopener\">Equipo ECEA Awards.<\/a><\/strong><\/em><\/p>\n<\/div>\n<\/section>\n<\/div>\n<div class=\"av-animated-generic top-to-bottom flex_column av_one_third  flex_column_div av-zero-column-padding   avia-builder-el-2  el_after_av_two_third  avia-builder-el-last\" style='border-radius:0px; '>\n<section class=\"av_textblock_section\"  itemscope=\"itemscope\" itemtype=\"https:\/\/schema.org\/CreativeWork\" >\n<div class='avia_textblock'   itemprop=\"text\" >\n<p>Haga clic en la portada del folleto para ver todos los ganadores y finalistas del concurso. <a href=\"https:\/\/www.procarton.com\/awards\/european-carton-excellence-award\/\" target=\"_blank\" rel=\"noopener\">European Carton Excellence Award<\/a> 2024, <a href=\"https:\/\/www.procarton.com\/awards\/pro-carton-young-designers-award\/\" target=\"_blank\" rel=\"noopener\">Pro Carton Young Designers Award<\/a> 2024 y <a href=\"https:\/\/www.procarton.com\/awards\/pro-carton-student-video-award\/\" target=\"_blank\" rel=\"noopener\">Pro Carton Student Video Award<\/a> 2024.<\/p>\n<\/div>\n<\/section>\n<div  class='avia-image-container  av-styling-    avia-builder-el-4  el_after_av_textblock  avia-builder-el-last  avia-align-center'  itemprop=\"image\" itemscope=\"itemscope\" itemtype=\"https:\/\/schema.org\/ImageObject\"  >\n<div class='avia-image-container-inner'>\n<div class='avia-image-overlay-wrap'><a href=\"https:\/\/issuu.com\/procarton\/docs\/pro_carton_awards_brochure\" class='avia_image' target=\"_blank\" rel=\"noopener noreferrer\"><img decoding=\"async\" width=\"212\" height=\"300\" class='wp-image-299856 avia-img-lazy-loading-not-299856 avia_image' src=\"https:\/\/www.procarton.com\/wp-content\/uploads\/2024\/10\/Screenshot-2024-10-02-223450-212x300.png\" alt='' title='Captura de pantalla 2024-10-02 223450'  itemprop=\"thumbnailUrl\" srcset=\"https:\/\/www.procarton.com\/wp-content\/uploads\/2024\/10\/Screenshot-2024-10-02-223450-212x300.png 212w, https:\/\/www.procarton.com\/wp-content\/uploads\/2024\/10\/Screenshot-2024-10-02-223450-8x12.png 8w, https:\/\/www.procarton.com\/wp-content\/uploads\/2024\/10\/Screenshot-2024-10-02-223450.png 452w\" sizes=\"(max-width: 212px) 100vw, 212px\" \/><\/a><\/div>\n<\/div>\n<\/div>\n<\/div>","protected":false},"excerpt":{"rendered":"<p>European Carton Excellence Award 2024 P\u00e1gina de inicio detallando Ventajas de marketing, C\u00f3mo participar, Normas, Jurado, Voto del p\u00fablico, Ganadores, Fotos, V\u00eddeos<\/p>","protected":false},"author":1286,"featured_media":292418,"parent":243707,"menu_order":2,"comment_status":"closed","ping_status":"closed","template":"templates\/award_details_page.php","meta":{"inline_featured_image":false,"footnotes":""},"class_list":["post-286970","page","type-page","status-publish","has-post-thumbnail","hentry"],"yoast_head":"<!-- This site is optimized with the Yoast SEO plugin v27.4 - https:\/\/yoast.com\/product\/yoast-seo-wordpress\/ -->\n<title>2024 - Pro Carton<\/title>\n<meta name=\"description\" content=\"European Carton Excellence Award 2024 Home Page detailing Marketing Benefits, How to Enter, Rules, Jury, Public Vote, Winners, Photos, Videos\" \/>\n<meta name=\"robots\" content=\"index, follow, max-snippet:-1, max-image-preview:large, max-video-preview:-1\" \/>\n<link rel=\"canonical\" href=\"https:\/\/www.procarton.com\/es\/awards\/european-carton-excellence-award\/2024-2\/\" \/>\n<meta property=\"og:locale\" content=\"es_ES\" \/>\n<meta property=\"og:type\" content=\"article\" \/>\n<meta property=\"og:title\" content=\"2024 - Pro Carton\" \/>\n<meta property=\"og:description\" content=\"European Carton Excellence Award 2024 Home Page detailing Marketing Benefits, How to Enter, Rules, Jury, Public Vote, Winners, Photos, Videos\" \/>\n<meta property=\"og:url\" content=\"https:\/\/www.procarton.com\/es\/awards\/european-carton-excellence-award\/2024-2\/\" \/>\n<meta property=\"og:site_name\" content=\"Pro Carton\" \/>\n<meta property=\"article:publisher\" content=\"https:\/\/www.facebook.com\/procartondesignaward\/\" \/>\n<meta property=\"article:modified_time\" content=\"2024-10-05T14:47:25+00:00\" \/>\n<meta property=\"og:image\" content=\"https:\/\/www.procarton.com\/wp-content\/uploads\/2023\/10\/ECEA-2024-Logo-for-website-header-featured.jpg\" \/>\n\t<meta property=\"og:image:width\" content=\"960\" \/>\n\t<meta property=\"og:image:height\" content=\"720\" \/>\n\t<meta property=\"og:image:type\" content=\"image\/jpeg\" \/>\n<meta name=\"twitter:card\" content=\"summary_large_image\" \/>\n<meta name=\"twitter:site\" content=\"@pro_carton\" \/>\n<meta name=\"twitter:label1\" content=\"Tiempo de lectura\" \/>\n\t<meta name=\"twitter:data1\" content=\"2 minutos\" \/>\n<script type=\"application\/ld+json\" class=\"yoast-schema-graph\">{\"@context\":\"https:\\\/\\\/schema.org\",\"@graph\":[{\"@type\":\"WebPage\",\"@id\":\"https:\\\/\\\/www.procarton.com\\\/awards\\\/european-carton-excellence-award\\\/2024-2\\\/\",\"url\":\"https:\\\/\\\/www.procarton.com\\\/awards\\\/european-carton-excellence-award\\\/2024-2\\\/\",\"name\":\"2024 - Pro Carton\",\"isPartOf\":{\"@id\":\"https:\\\/\\\/www.procarton.com\\\/es\\\/#website\"},\"primaryImageOfPage\":{\"@id\":\"https:\\\/\\\/www.procarton.com\\\/awards\\\/european-carton-excellence-award\\\/2024-2\\\/#primaryimage\"},\"image\":{\"@id\":\"https:\\\/\\\/www.procarton.com\\\/awards\\\/european-carton-excellence-award\\\/2024-2\\\/#primaryimage\"},\"thumbnailUrl\":\"https:\\\/\\\/www.procarton.com\\\/wp-content\\\/uploads\\\/2023\\\/10\\\/ECEA-2024-Logo-for-website-header-featured.jpg\",\"datePublished\":\"2024-01-17T16:50:59+00:00\",\"dateModified\":\"2024-10-05T14:47:25+00:00\",\"description\":\"European Carton Excellence Award 2024 Home Page detailing Marketing Benefits, How to Enter, Rules, Jury, Public Vote, Winners, Photos, Videos\",\"breadcrumb\":{\"@id\":\"https:\\\/\\\/www.procarton.com\\\/awards\\\/european-carton-excellence-award\\\/2024-2\\\/#breadcrumb\"},\"inLanguage\":\"es\",\"potentialAction\":[{\"@type\":\"ReadAction\",\"target\":[\"https:\\\/\\\/www.procarton.com\\\/awards\\\/european-carton-excellence-award\\\/2024-2\\\/\"]}]},{\"@type\":\"ImageObject\",\"inLanguage\":\"es\",\"@id\":\"https:\\\/\\\/www.procarton.com\\\/awards\\\/european-carton-excellence-award\\\/2024-2\\\/#primaryimage\",\"url\":\"https:\\\/\\\/www.procarton.com\\\/wp-content\\\/uploads\\\/2023\\\/10\\\/ECEA-2024-Logo-for-website-header-featured.jpg\",\"contentUrl\":\"https:\\\/\\\/www.procarton.com\\\/wp-content\\\/uploads\\\/2023\\\/10\\\/ECEA-2024-Logo-for-website-header-featured.jpg\",\"width\":960,\"height\":720},{\"@type\":\"BreadcrumbList\",\"@id\":\"https:\\\/\\\/www.procarton.com\\\/awards\\\/european-carton-excellence-award\\\/2024-2\\\/#breadcrumb\",\"itemListElement\":[{\"@type\":\"ListItem\",\"position\":1,\"name\":\"Home\",\"item\":\"https:\\\/\\\/www.procarton.com\\\/\"},{\"@type\":\"ListItem\",\"position\":2,\"name\":\"Awards\",\"item\":\"https:\\\/\\\/www.procarton.com\\\/awards\\\/\"},{\"@type\":\"ListItem\",\"position\":3,\"name\":\"European Carton Excellence Award\",\"item\":\"https:\\\/\\\/www.procarton.com\\\/awards\\\/european-carton-excellence-award\\\/\"},{\"@type\":\"ListItem\",\"position\":4,\"name\":\"2024\"}]},{\"@type\":\"WebSite\",\"@id\":\"https:\\\/\\\/www.procarton.com\\\/es\\\/#website\",\"url\":\"https:\\\/\\\/www.procarton.com\\\/es\\\/\",\"name\":\"Pro Carton\",\"description\":\"\",\"publisher\":{\"@id\":\"https:\\\/\\\/www.procarton.com\\\/es\\\/#organization\"},\"potentialAction\":[{\"@type\":\"SearchAction\",\"target\":{\"@type\":\"EntryPoint\",\"urlTemplate\":\"https:\\\/\\\/www.procarton.com\\\/es\\\/?s={search_term_string}\"},\"query-input\":{\"@type\":\"PropertyValueSpecification\",\"valueRequired\":true,\"valueName\":\"search_term_string\"}}],\"inLanguage\":\"es\"},{\"@type\":\"Organization\",\"@id\":\"https:\\\/\\\/www.procarton.com\\\/es\\\/#organization\",\"name\":\"ProCarton\",\"url\":\"https:\\\/\\\/www.procarton.com\\\/es\\\/\",\"logo\":{\"@type\":\"ImageObject\",\"inLanguage\":\"es\",\"@id\":\"https:\\\/\\\/www.procarton.com\\\/es\\\/#\\\/schema\\\/logo\\\/image\\\/\",\"url\":\"https:\\\/\\\/www.procarton.com\\\/wp-content\\\/uploads\\\/2022\\\/06\\\/logo-mit-slogan.jpg\",\"contentUrl\":\"https:\\\/\\\/www.procarton.com\\\/wp-content\\\/uploads\\\/2022\\\/06\\\/logo-mit-slogan.jpg\",\"width\":422,\"height\":519,\"caption\":\"ProCarton\"},\"image\":{\"@id\":\"https:\\\/\\\/www.procarton.com\\\/es\\\/#\\\/schema\\\/logo\\\/image\\\/\"},\"sameAs\":[\"https:\\\/\\\/www.facebook.com\\\/procartondesignaward\\\/\",\"https:\\\/\\\/x.com\\\/pro_carton\"]}]}<\/script>\n<!-- \/ Yoast SEO plugin. -->","yoast_head_json":{"title":"2024 - Pro Cart\u00f3n","description":"European Carton Excellence Award 2024 P\u00e1gina de inicio detallando Ventajas de marketing, C\u00f3mo participar, Normas, Jurado, Voto del p\u00fablico, Ganadores, Fotos, V\u00eddeos","robots":{"index":"index","follow":"follow","max-snippet":"max-snippet:-1","max-image-preview":"max-image-preview:large","max-video-preview":"max-video-preview:-1"},"canonical":"https:\/\/www.procarton.com\/es\/awards\/european-carton-excellence-award\/2024-2\/","og_locale":"es_ES","og_type":"article","og_title":"2024 - Pro Carton","og_description":"European Carton Excellence Award 2024 Home Page detailing Marketing Benefits, How to Enter, Rules, Jury, Public Vote, Winners, Photos, Videos","og_url":"https:\/\/www.procarton.com\/es\/awards\/european-carton-excellence-award\/2024-2\/","og_site_name":"Pro Carton","article_publisher":"https:\/\/www.facebook.com\/procartondesignaward\/","article_modified_time":"2024-10-05T14:47:25+00:00","og_image":[{"width":960,"height":720,"url":"https:\/\/www.procarton.com\/wp-content\/uploads\/2023\/10\/ECEA-2024-Logo-for-website-header-featured.jpg","type":"image\/jpeg"}],"twitter_card":"summary_large_image","twitter_site":"@pro_carton","twitter_misc":{"Tiempo de lectura":"2 minutos"},"schema":{"@context":"https:\/\/schema.org","@graph":[{"@type":"WebPage","@id":"https:\/\/www.procarton.com\/awards\/european-carton-excellence-award\/2024-2\/","url":"https:\/\/www.procarton.com\/awards\/european-carton-excellence-award\/2024-2\/","name":"2024 - Pro Cart\u00f3n","isPartOf":{"@id":"https:\/\/www.procarton.com\/es\/#website"},"primaryImageOfPage":{"@id":"https:\/\/www.procarton.com\/awards\/european-carton-excellence-award\/2024-2\/#primaryimage"},"image":{"@id":"https:\/\/www.procarton.com\/awards\/european-carton-excellence-award\/2024-2\/#primaryimage"},"thumbnailUrl":"https:\/\/www.procarton.com\/wp-content\/uploads\/2023\/10\/ECEA-2024-Logo-for-website-header-featured.jpg","datePublished":"2024-01-17T16:50:59+00:00","dateModified":"2024-10-05T14:47:25+00:00","description":"European Carton Excellence Award 2024 P\u00e1gina de inicio detallando Ventajas de marketing, C\u00f3mo participar, Normas, Jurado, Voto del p\u00fablico, Ganadores, Fotos, V\u00eddeos","breadcrumb":{"@id":"https:\/\/www.procarton.com\/awards\/european-carton-excellence-award\/2024-2\/#breadcrumb"},"inLanguage":"es","potentialAction":[{"@type":"ReadAction","target":["https:\/\/www.procarton.com\/awards\/european-carton-excellence-award\/2024-2\/"]}]},{"@type":"ImageObject","inLanguage":"es","@id":"https:\/\/www.procarton.com\/awards\/european-carton-excellence-award\/2024-2\/#primaryimage","url":"https:\/\/www.procarton.com\/wp-content\/uploads\/2023\/10\/ECEA-2024-Logo-for-website-header-featured.jpg","contentUrl":"https:\/\/www.procarton.com\/wp-content\/uploads\/2023\/10\/ECEA-2024-Logo-for-website-header-featured.jpg","width":960,"height":720},{"@type":"BreadcrumbList","@id":"https:\/\/www.procarton.com\/awards\/european-carton-excellence-award\/2024-2\/#breadcrumb","itemListElement":[{"@type":"ListItem","position":1,"name":"Home","item":"https:\/\/www.procarton.com\/"},{"@type":"ListItem","position":2,"name":"Awards","item":"https:\/\/www.procarton.com\/awards\/"},{"@type":"ListItem","position":3,"name":"European Carton Excellence Award","item":"https:\/\/www.procarton.com\/awards\/european-carton-excellence-award\/"},{"@type":"ListItem","position":4,"name":"2024"}]},{"@type":"WebSite","@id":"https:\/\/www.procarton.com\/es\/#website","url":"https:\/\/www.procarton.com\/es\/","name":"Pro Carton","description":"","publisher":{"@id":"https:\/\/www.procarton.com\/es\/#organization"},"potentialAction":[{"@type":"SearchAction","target":{"@type":"EntryPoint","urlTemplate":"https:\/\/www.procarton.com\/es\/?s={search_term_string}"},"query-input":{"@type":"PropertyValueSpecification","valueRequired":true,"valueName":"search_term_string"}}],"inLanguage":"es"},{"@type":"Organization","@id":"https:\/\/www.procarton.com\/es\/#organization","name":"ProCarton","url":"https:\/\/www.procarton.com\/es\/","logo":{"@type":"ImageObject","inLanguage":"es","@id":"https:\/\/www.procarton.com\/es\/#\/schema\/logo\/image\/","url":"https:\/\/www.procarton.com\/wp-content\/uploads\/2022\/06\/logo-mit-slogan.jpg","contentUrl":"https:\/\/www.procarton.com\/wp-content\/uploads\/2022\/06\/logo-mit-slogan.jpg","width":422,"height":519,"caption":"ProCarton"},"image":{"@id":"https:\/\/www.procarton.com\/es\/#\/schema\/logo\/image\/"},"sameAs":["https:\/\/www.facebook.com\/procartondesignaward\/","https:\/\/x.com\/pro_carton"]}]}},"_links":{"self":[{"href":"https:\/\/www.procarton.com\/es\/wp-json\/wp\/v2\/pages\/286970","targetHints":{"allow":["GET"]}}],"collection":[{"href":"https:\/\/www.procarton.com\/es\/wp-json\/wp\/v2\/pages"}],"about":[{"href":"https:\/\/www.procarton.com\/es\/wp-json\/wp\/v2\/types\/page"}],"author":[{"embeddable":true,"href":"https:\/\/www.procarton.com\/es\/wp-json\/wp\/v2\/users\/1286"}],"replies":[{"embeddable":true,"href":"https:\/\/www.procarton.com\/es\/wp-json\/wp\/v2\/comments?post=286970"}],"version-history":[{"count":29,"href":"https:\/\/www.procarton.com\/es\/wp-json\/wp\/v2\/pages\/286970\/revisions"}],"predecessor-version":[{"id":299936,"href":"https:\/\/www.procarton.com\/es\/wp-json\/wp\/v2\/pages\/286970\/revisions\/299936"}],"up":[{"embeddable":true,"href":"https:\/\/www.procarton.com\/es\/wp-json\/wp\/v2\/pages\/243707"}],"wp:featuredmedia":[{"embeddable":true,"href":"https:\/\/www.procarton.com\/es\/wp-json\/wp\/v2\/media\/292418"}],"wp:attachment":[{"href":"https:\/\/www.procarton.com\/es\/wp-json\/wp\/v2\/media?parent=286970"}],"curies":[{"name":"wp","href":"https:\/\/api.w.org\/{rel}","templated":true}]}}