{"id":276237,"date":"2022-03-31T13:56:58","date_gmt":"2022-03-31T12:56:58","guid":{"rendered":"https:\/\/www.procarton.com\/awards\/european-carton-excellence-award\/2018-2\/introduction\/"},"modified":"2022-03-31T14:06:00","modified_gmt":"2022-03-31T13:06:00","slug":"introduction","status":"publish","type":"page","link":"https:\/\/www.procarton.com\/es\/awards\/european-carton-excellence-award\/2018-2\/introduction\/","title":{"rendered":"Introducci\u00f3n"},"content":{"rendered":"<div class=\"av-animated-generic top-to-bottom flex_column av_two_third  flex_column_div av-zero-column-padding first  avia-builder-el-0  el_before_av_one_third  avia-builder-el-first\" style='border-radius:0px; '>\n<section class=\"av_textblock_section\"  itemscope=\"itemscope\" itemtype=\"https:\/\/schema.org\/CreativeWork\" >\n<div class='avia_textblock'   itemprop=\"text\" >\n<p>La European Carton Excellence Award es el evento que sirve de escaparate para la industria europea del cart\u00f3n y el envase. Cada a\u00f1o, la amplia gama y las capacidades de la industria se ponen merecidamente en el punto de mira. El premio refleja claramente las tendencias e innovaciones actuales en el mercado de los envases.<\/p>\n<p>Las soluciones de \u00e9xito hechas con cart\u00f3n son el futuro en la mayor\u00eda de los \u00e1mbitos. Esto se debe a que el cart\u00f3n es uno de los materiales m\u00e1s sostenibles; tambi\u00e9n es uno de los mejores cuando se trata de comunicar los valores de la marca, ya sea para las marcas de lujo o para los productos cotidianos.<\/p>\n<p>Este a\u00f1o se han realizado algunos cambios importantes para reconocer y promover a\u00fan m\u00e1s la excelencia de la industria del cart\u00f3n. Sobre todo, hemos reclasificado las categor\u00edas para reflejar el tama\u00f1o de los sectores del mercado, para reconocer la creatividad estructural y las cualidades est\u00e9ticas de los envases y para enfatizar la naturaleza sostenible de nuestros productos.<\/p>\n<p>Como siempre, el jurado proced\u00eda de todos los \u00e1mbitos de la cadena de suministro para reflejar las exigencias de los mercados. Nos gustar\u00eda aprovechar esta oportunidad para agradecer a todos los miembros del jurado el cumplimiento de su dif\u00edcil tarea. Este a\u00f1o, Andrea Bottan, de Nestl\u00e9, se incorpor\u00f3 al jurado y, junto con el presidente del mismo, Satkar Gidda, de SiebertHead -la consultora internacional de dise\u00f1o de marcas y envases-, Lotte Krekels, de Carrefour, y la dise\u00f1adora Susanne Lippitsch, seleccionaron conjuntamente a los ganadores y a los finalistas.<\/p>\n<p>Estamos convencidos de que el cart\u00f3n y las cajas de cart\u00f3n se convertir\u00e1n en el medio de envasado m\u00e1s utilizado en la pr\u00f3xima d\u00e9cada. El dise\u00f1o, la estructura y la funcionalidad de las soluciones presentadas demostraron lo que es posible con el cart\u00f3n. El premio m\u00e1s importante de Europa para los envases de cart\u00f3n ofrece enormes ventajas a las empresas participantes, no s\u00f3lo en t\u00e9rminos de publicidad positiva, sino tambi\u00e9n en t\u00e9rminos de la motivaci\u00f3n que genera entre los empleados.<\/p>\n<p>El Award goza de gran atenci\u00f3n en toda Europa. Adem\u00e1s, cuenta con un importante apoyo de marketing: cobertura de prensa nacional e internacional, medios sociales, marketing electr\u00f3nico, v\u00eddeos, fotos, relaciones p\u00fablicas del sector, sitio web, folletos y, por supuesto, los certificados y trofeos para los ganadores y finalistas. Puede encontrar todo en www.procarton.com, as\u00ed como en las plataformas de medios sociales Facebook, Twitter, Pinterest, Instagram y Linkedin: Por favor, \u00a1comparta, guste y distribuya!<\/p>\n<p><em>Horst Bittermann, Presidente de Pro Carton<\/em><br \/>\n<em>Jean-Fran\u00e7ois Roche, Presidente de la ECMA<\/em><\/p>\n<p><em>MENSAJE DEL DIRECTOR GENERAL DE PRO CARTON<\/em><\/p>\n<p>Esta es la primera vez que incluimos tanto a los ganadores como a los finalistas del Pro Carton Young Designers Award y del European Carton Excellence Award en una sola publicaci\u00f3n. La raz\u00f3n para hacerlo es sencilla. Habiendo visto la calidad del pensamiento, la creatividad y la elaboraci\u00f3n de muestras en la comunidad de estudiantes, creemos que merecen estar en el mismo escenario que los ganadores profesionales. De hecho, la presentaci\u00f3n del premio a todos los ganadores tuvo lugar en el Congreso de la ECMA en Letonia este a\u00f1o, as\u00ed que \u00bfpor qu\u00e9 no mostrarlos todos juntos aqu\u00ed?<\/p>\n<p>De hecho, en Pro Carton estamos tratando de comunicarnos m\u00e1s ampliamente con los j\u00f3venes y estamos lanzando un programa de educaci\u00f3n escolar llamado TICIT (pronunciado tick-it) que explica el c\u00edrculo virtuoso de \u00c1rboles en Cartones, Cartones en \u00c1rboles. Buscaremos convertidores, f\u00e1bricas de cart\u00f3n, proveedores y otros socios de la cadena de suministro para que nos ayuden con la ense\u00f1anza, podr\u00e1 leer m\u00e1s en el sitio web de Pro Carton.<\/p>\n<p>De hecho, vuelvo a pedir su ayuda para difundir el mensaje del cart\u00f3n. El cart\u00f3n es renovable, reciclable y biodegradable.... es realmente sostenible.... y no hay muchos materiales que puedan hacer esa afirmaci\u00f3n. \u00bfPero estamos utilizando nuestros recursos combinados lo suficientemente bien como para difundir ese mensaje? Est\u00e1 claro que no. Todav\u00eda un gran n\u00famero de consumidores cree que los envases de papel provocan la deforestaci\u00f3n, pero como muchos de ustedes sabr\u00e1n los bosques europeos se est\u00e1n expandiendo en el equivalente a 1.500 campos de f\u00fatbol de tama\u00f1o completo cada d\u00eda.<\/p>\n<p>Seg\u00fan Eurostat, 82,6% de envases de papel ya se env\u00edan para su reciclaje e incluso si no se recicla el cart\u00f3n puede biodegradarse en unos tres meses y no dejar\u00e1 una cicatriz a largo plazo en nuestro medio ambiente.<\/p>\n<p>As\u00ed que, si hay algo que haga despu\u00e9s de leer este folleto, pida a sus colegas, amigos y familiares que visiten, den \"me gusta\" y compartan nuestras p\u00e1ginas en las redes sociales. Puedes encontrarnos en Facebook, LinkedIn, Twitter e Instagram. \u00bfTe imaginas el poder de nuestra voz si trabajamos juntos en esto?<\/p>\n<p>Gracias por su ayuda.<\/p>\n<p><em>Tony Hitchin,<\/em><br \/>\n<em>Director General, Pro Carton<\/em><br \/>\n<em>Septiembre de 2018<\/em><\/p>\n<\/div>\n<\/section>\n<\/div>\n<div class=\"av-animated-generic top-to-bottom flex_column av_one_third  flex_column_div av-zero-column-padding   avia-builder-el-2  el_after_av_two_third  avia-builder-el-last\" style='border-radius:0px; '>\n<div  class='avia-image-container  av-styling-no-styling    avia-builder-el-3  el_before_av_image  avia-builder-el-first  avia-align-center'  itemprop=\"image\" itemscope=\"itemscope\" itemtype=\"https:\/\/schema.org\/ImageObject\"  >\n<div class='avia-image-container-inner'>\n<div class='avia-image-overlay-wrap'><img decoding=\"async\" width=\"300\" height=\"240\" class='wp-image-258623 avia-img-lazy-loading-not-258623 avia_image' src=\"https:\/\/www.procarton.com\/wp-content\/uploads\/2021\/03\/bittermann_18-300x240.jpeg\" alt='' title='bittermann_18'  itemprop=\"thumbnailUrl\" srcset=\"https:\/\/www.procarton.com\/wp-content\/uploads\/2021\/03\/bittermann_18-300x240.jpeg 300w, https:\/\/www.procarton.com\/wp-content\/uploads\/2021\/03\/bittermann_18-1030x824.jpeg 1030w, https:\/\/www.procarton.com\/wp-content\/uploads\/2021\/03\/bittermann_18-768x614.jpeg 768w, https:\/\/www.procarton.com\/wp-content\/uploads\/2021\/03\/bittermann_18-1536x1229.jpeg 1536w, https:\/\/www.procarton.com\/wp-content\/uploads\/2021\/03\/bittermann_18-15x12.jpeg 15w, https:\/\/www.procarton.com\/wp-content\/uploads\/2021\/03\/bittermann_18-1500x1200.jpeg 1500w, https:\/\/www.procarton.com\/wp-content\/uploads\/2021\/03\/bittermann_18-705x564.jpeg 705w, https:\/\/www.procarton.com\/wp-content\/uploads\/2021\/03\/bittermann_18.jpeg 1920w\" sizes=\"(max-width: 300px) 100vw, 300px\" \/><\/div>\n<\/div>\n<\/div>\n<div  class='avia-image-container  av-styling-no-styling    avia-builder-el-4  el_after_av_image  el_before_av_image  avia-align-center'  itemprop=\"image\" itemscope=\"itemscope\" itemtype=\"https:\/\/schema.org\/ImageObject\"  >\n<div class='avia-image-container-inner'>\n<div class='avia-image-overlay-wrap'><img decoding=\"async\" width=\"300\" height=\"200\" class='wp-image-258624 avia-img-lazy-loading-not-258624 avia_image' src=\"https:\/\/www.procarton.com\/wp-content\/uploads\/2021\/03\/roche-tv-300x200.jpeg\" alt='' title='roche-tv'  itemprop=\"thumbnailUrl\" srcset=\"https:\/\/www.procarton.com\/wp-content\/uploads\/2021\/03\/roche-tv-300x200.jpeg 300w, https:\/\/www.procarton.com\/wp-content\/uploads\/2021\/03\/roche-tv-18x12.jpeg 18w, https:\/\/www.procarton.com\/wp-content\/uploads\/2021\/03\/roche-tv-328x219.jpeg 328w, https:\/\/www.procarton.com\/wp-content\/uploads\/2021\/03\/roche-tv.jpeg 600w\" sizes=\"(max-width: 300px) 100vw, 300px\" \/><\/div>\n<\/div>\n<\/div>\n<div  class='avia-image-container  av-styling-no-styling    avia-builder-el-5  el_after_av_image  avia-builder-el-last  avia-align-center'  itemprop=\"image\" itemscope=\"itemscope\" itemtype=\"https:\/\/schema.org\/ImageObject\"  >\n<div class='avia-image-container-inner'>\n<div class='avia-image-overlay-wrap'><img decoding=\"async\" width=\"300\" height=\"200\" class='wp-image-242249 avia-img-lazy-loading-not-242249 avia_image' src=\"https:\/\/www.procarton.com\/wp-content\/uploads\/2021\/02\/tony-hitchin-300x200.jpg\" alt='' title='tony hitchin'  itemprop=\"thumbnailUrl\" srcset=\"https:\/\/www.procarton.com\/wp-content\/uploads\/2021\/02\/tony-hitchin-300x200.jpg 300w, https:\/\/www.procarton.com\/wp-content\/uploads\/2021\/02\/tony-hitchin-18x12.jpg 18w, https:\/\/www.procarton.com\/wp-content\/uploads\/2021\/02\/tony-hitchin-328x219.jpg 328w, https:\/\/www.procarton.com\/wp-content\/uploads\/2021\/02\/tony-hitchin.jpg 600w\" sizes=\"(max-width: 300px) 100vw, 300px\" \/><\/div>\n<\/div>\n<\/div>\n<\/div>","protected":false},"excerpt":{"rendered":"","protected":false},"author":868,"featured_media":0,"parent":243778,"menu_order":0,"comment_status":"closed","ping_status":"closed","template":"templates\/award_details_page.php","meta":{"inline_featured_image":false,"footnotes":""},"class_list":["post-276237","page","type-page","status-publish","hentry"],"yoast_head":"<!-- This site is optimized with the Yoast SEO plugin v27.3 - https:\/\/yoast.com\/product\/yoast-seo-wordpress\/ -->\n<title>Introduction - Pro Carton<\/title>\n<meta name=\"robots\" content=\"index, follow, max-snippet:-1, max-image-preview:large, max-video-preview:-1\" \/>\n<link rel=\"canonical\" href=\"https:\/\/www.procarton.com\/es\/awards\/european-carton-excellence-award\/2018-2\/introduction\/\" \/>\n<meta property=\"og:locale\" content=\"es_ES\" \/>\n<meta property=\"og:type\" content=\"article\" \/>\n<meta property=\"og:title\" content=\"Introduction - Pro Carton\" \/>\n<meta property=\"og:url\" content=\"https:\/\/www.procarton.com\/es\/awards\/european-carton-excellence-award\/2018-2\/introduction\/\" \/>\n<meta property=\"og:site_name\" content=\"Pro Carton\" \/>\n<meta property=\"article:publisher\" content=\"https:\/\/www.facebook.com\/procartondesignaward\/\" \/>\n<meta property=\"article:modified_time\" content=\"2022-03-31T13:06:00+00:00\" \/>\n<meta name=\"twitter:card\" content=\"summary_large_image\" \/>\n<meta name=\"twitter:site\" content=\"@pro_carton\" \/>\n<meta name=\"twitter:label1\" content=\"Tiempo de lectura\" \/>\n\t<meta name=\"twitter:data1\" content=\"6 minutos\" \/>\n<script type=\"application\/ld+json\" class=\"yoast-schema-graph\">{\"@context\":\"https:\\\/\\\/schema.org\",\"@graph\":[{\"@type\":\"WebPage\",\"@id\":\"https:\\\/\\\/www.procarton.com\\\/es\\\/awards\\\/european-carton-excellence-award\\\/2018-2\\\/introduction\\\/\",\"url\":\"https:\\\/\\\/www.procarton.com\\\/es\\\/awards\\\/european-carton-excellence-award\\\/2018-2\\\/introduction\\\/\",\"name\":\"Introduction - Pro Carton\",\"isPartOf\":{\"@id\":\"https:\\\/\\\/www.procarton.com\\\/es\\\/#website\"},\"datePublished\":\"2022-03-31T12:56:58+00:00\",\"dateModified\":\"2022-03-31T13:06:00+00:00\",\"breadcrumb\":{\"@id\":\"https:\\\/\\\/www.procarton.com\\\/es\\\/awards\\\/european-carton-excellence-award\\\/2018-2\\\/introduction\\\/#breadcrumb\"},\"inLanguage\":\"es\",\"potentialAction\":[{\"@type\":\"ReadAction\",\"target\":[\"https:\\\/\\\/www.procarton.com\\\/es\\\/awards\\\/european-carton-excellence-award\\\/2018-2\\\/introduction\\\/\"]}]},{\"@type\":\"BreadcrumbList\",\"@id\":\"https:\\\/\\\/www.procarton.com\\\/es\\\/awards\\\/european-carton-excellence-award\\\/2018-2\\\/introduction\\\/#breadcrumb\",\"itemListElement\":[{\"@type\":\"ListItem\",\"position\":1,\"name\":\"Home\",\"item\":\"https:\\\/\\\/www.procarton.com\\\/\"},{\"@type\":\"ListItem\",\"position\":2,\"name\":\"Awards\",\"item\":\"https:\\\/\\\/www.procarton.com\\\/awards\\\/\"},{\"@type\":\"ListItem\",\"position\":3,\"name\":\"European Carton Excellence Award\",\"item\":\"https:\\\/\\\/www.procarton.com\\\/awards\\\/european-carton-excellence-award\\\/\"},{\"@type\":\"ListItem\",\"position\":4,\"name\":\"2018\",\"item\":\"https:\\\/\\\/www.procarton.com\\\/es\\\/awards\\\/european-carton-excellence-award\\\/2018-2\\\/\"},{\"@type\":\"ListItem\",\"position\":5,\"name\":\"Introduction\"}]},{\"@type\":\"WebSite\",\"@id\":\"https:\\\/\\\/www.procarton.com\\\/es\\\/#website\",\"url\":\"https:\\\/\\\/www.procarton.com\\\/es\\\/\",\"name\":\"Pro Carton\",\"description\":\"\",\"publisher\":{\"@id\":\"https:\\\/\\\/www.procarton.com\\\/es\\\/#organization\"},\"potentialAction\":[{\"@type\":\"SearchAction\",\"target\":{\"@type\":\"EntryPoint\",\"urlTemplate\":\"https:\\\/\\\/www.procarton.com\\\/es\\\/?s={search_term_string}\"},\"query-input\":{\"@type\":\"PropertyValueSpecification\",\"valueRequired\":true,\"valueName\":\"search_term_string\"}}],\"inLanguage\":\"es\"},{\"@type\":\"Organization\",\"@id\":\"https:\\\/\\\/www.procarton.com\\\/es\\\/#organization\",\"name\":\"ProCarton\",\"url\":\"https:\\\/\\\/www.procarton.com\\\/es\\\/\",\"logo\":{\"@type\":\"ImageObject\",\"inLanguage\":\"es\",\"@id\":\"https:\\\/\\\/www.procarton.com\\\/es\\\/#\\\/schema\\\/logo\\\/image\\\/\",\"url\":\"https:\\\/\\\/www.procarton.com\\\/wp-content\\\/uploads\\\/2022\\\/06\\\/logo-mit-slogan.jpg\",\"contentUrl\":\"https:\\\/\\\/www.procarton.com\\\/wp-content\\\/uploads\\\/2022\\\/06\\\/logo-mit-slogan.jpg\",\"width\":422,\"height\":519,\"caption\":\"ProCarton\"},\"image\":{\"@id\":\"https:\\\/\\\/www.procarton.com\\\/es\\\/#\\\/schema\\\/logo\\\/image\\\/\"},\"sameAs\":[\"https:\\\/\\\/www.facebook.com\\\/procartondesignaward\\\/\",\"https:\\\/\\\/x.com\\\/pro_carton\"]}]}<\/script>\n<!-- \/ Yoast SEO plugin. -->","yoast_head_json":{"title":"Introducci\u00f3n - Pro Carton","robots":{"index":"index","follow":"follow","max-snippet":"max-snippet:-1","max-image-preview":"max-image-preview:large","max-video-preview":"max-video-preview:-1"},"canonical":"https:\/\/www.procarton.com\/es\/awards\/european-carton-excellence-award\/2018-2\/introduction\/","og_locale":"es_ES","og_type":"article","og_title":"Introduction - Pro Carton","og_url":"https:\/\/www.procarton.com\/es\/awards\/european-carton-excellence-award\/2018-2\/introduction\/","og_site_name":"Pro Carton","article_publisher":"https:\/\/www.facebook.com\/procartondesignaward\/","article_modified_time":"2022-03-31T13:06:00+00:00","twitter_card":"summary_large_image","twitter_site":"@pro_carton","twitter_misc":{"Tiempo de lectura":"6 minutos"},"schema":{"@context":"https:\/\/schema.org","@graph":[{"@type":"WebPage","@id":"https:\/\/www.procarton.com\/es\/awards\/european-carton-excellence-award\/2018-2\/introduction\/","url":"https:\/\/www.procarton.com\/es\/awards\/european-carton-excellence-award\/2018-2\/introduction\/","name":"Introducci\u00f3n - Pro Carton","isPartOf":{"@id":"https:\/\/www.procarton.com\/es\/#website"},"datePublished":"2022-03-31T12:56:58+00:00","dateModified":"2022-03-31T13:06:00+00:00","breadcrumb":{"@id":"https:\/\/www.procarton.com\/es\/awards\/european-carton-excellence-award\/2018-2\/introduction\/#breadcrumb"},"inLanguage":"es","potentialAction":[{"@type":"ReadAction","target":["https:\/\/www.procarton.com\/es\/awards\/european-carton-excellence-award\/2018-2\/introduction\/"]}]},{"@type":"BreadcrumbList","@id":"https:\/\/www.procarton.com\/es\/awards\/european-carton-excellence-award\/2018-2\/introduction\/#breadcrumb","itemListElement":[{"@type":"ListItem","position":1,"name":"Home","item":"https:\/\/www.procarton.com\/"},{"@type":"ListItem","position":2,"name":"Awards","item":"https:\/\/www.procarton.com\/awards\/"},{"@type":"ListItem","position":3,"name":"European Carton Excellence Award","item":"https:\/\/www.procarton.com\/awards\/european-carton-excellence-award\/"},{"@type":"ListItem","position":4,"name":"2018","item":"https:\/\/www.procarton.com\/es\/awards\/european-carton-excellence-award\/2018-2\/"},{"@type":"ListItem","position":5,"name":"Introduction"}]},{"@type":"WebSite","@id":"https:\/\/www.procarton.com\/es\/#website","url":"https:\/\/www.procarton.com\/es\/","name":"Pro Carton","description":"","publisher":{"@id":"https:\/\/www.procarton.com\/es\/#organization"},"potentialAction":[{"@type":"SearchAction","target":{"@type":"EntryPoint","urlTemplate":"https:\/\/www.procarton.com\/es\/?s={search_term_string}"},"query-input":{"@type":"PropertyValueSpecification","valueRequired":true,"valueName":"search_term_string"}}],"inLanguage":"es"},{"@type":"Organization","@id":"https:\/\/www.procarton.com\/es\/#organization","name":"ProCarton","url":"https:\/\/www.procarton.com\/es\/","logo":{"@type":"ImageObject","inLanguage":"es","@id":"https:\/\/www.procarton.com\/es\/#\/schema\/logo\/image\/","url":"https:\/\/www.procarton.com\/wp-content\/uploads\/2022\/06\/logo-mit-slogan.jpg","contentUrl":"https:\/\/www.procarton.com\/wp-content\/uploads\/2022\/06\/logo-mit-slogan.jpg","width":422,"height":519,"caption":"ProCarton"},"image":{"@id":"https:\/\/www.procarton.com\/es\/#\/schema\/logo\/image\/"},"sameAs":["https:\/\/www.facebook.com\/procartondesignaward\/","https:\/\/x.com\/pro_carton"]}]}},"_links":{"self":[{"href":"https:\/\/www.procarton.com\/es\/wp-json\/wp\/v2\/pages\/276237","targetHints":{"allow":["GET"]}}],"collection":[{"href":"https:\/\/www.procarton.com\/es\/wp-json\/wp\/v2\/pages"}],"about":[{"href":"https:\/\/www.procarton.com\/es\/wp-json\/wp\/v2\/types\/page"}],"author":[{"embeddable":true,"href":"https:\/\/www.procarton.com\/es\/wp-json\/wp\/v2\/users\/868"}],"replies":[{"embeddable":true,"href":"https:\/\/www.procarton.com\/es\/wp-json\/wp\/v2\/comments?post=276237"}],"version-history":[{"count":5,"href":"https:\/\/www.procarton.com\/es\/wp-json\/wp\/v2\/pages\/276237\/revisions"}],"predecessor-version":[{"id":276241,"href":"https:\/\/www.procarton.com\/es\/wp-json\/wp\/v2\/pages\/276237\/revisions\/276241"}],"up":[{"embeddable":true,"href":"https:\/\/www.procarton.com\/es\/wp-json\/wp\/v2\/pages\/243778"}],"wp:attachment":[{"href":"https:\/\/www.procarton.com\/es\/wp-json\/wp\/v2\/media?parent=276237"}],"curies":[{"name":"wp","href":"https:\/\/api.w.org\/{rel}","templated":true}]}}