{"id":267580,"date":"2021-11-16T16:52:29","date_gmt":"2021-11-16T16:52:29","guid":{"rendered":"https:\/\/www.procarton.com\/?page_id=267580"},"modified":"2022-12-05T15:53:26","modified_gmt":"2022-12-05T15:53:26","slug":"teaching-ticcit-at-home","status":"publish","type":"page","link":"https:\/\/www.procarton.com\/es\/activities\/ticcit\/teaching-ticcit-at-home\/","title":{"rendered":"Ense\u00f1ando TICCIT en Casa"},"content":{"rendered":"<div id='av_section_1'  class='avia-section main_color avia-section-no-padding avia-no-border-styling  avia-bg-style-scroll  avia-builder-el-0  el_before_av_one_half  avia-builder-el-first  ticcit-main-resources  container_wrap fullsize' style=' '  >\n<div class='container' ><main  role=\"main\" itemprop=\"mainContentOfPage\"  class='template-page content  av-content-full alpha units'><\/p>\n<div class='post-entry post-entry-type-page post-entry-267580'>\n<div class='entry-content-wrapper clearfix'>\n<div class=\"av-animated-generic top-to-bottom flex_column av_one_full  flex_column_div av-zero-column-padding first  avia-builder-el-1  avia-builder-el-no-sibling\" style='margin-top:50px; margin-bottom:50px; border-radius:0px; '>\n<section class=\"av_textblock_section\"  itemscope=\"itemscope\" itemtype=\"https:\/\/schema.org\/CreativeWork\" >\n<div class='avia_textblock'   itemprop=\"text\" >\n<h3 class=\"wpb_heading wpb_singleimage_heading\">Recursos TICCIT en casa:<\/h3>\n<p><strong>TICCIT<\/strong>\u00a0(es un programa educativo sobre los \u00e1rboles, la sostenibilidad y el medio ambiente.\u00a0\u00a0<strong>TICCIT<\/strong>\u00a0significa \"Trees Into Cartons\", \"Cartons Into Trees\".  La p\u00e1gina web\u00a0<strong>TICCIT<\/strong>\u00a0El programa se imparte en escuelas de todo el mundo desde hace m\u00e1s de 10 a\u00f1os con gran \u00e9xito: m\u00e1s de 100.000 ni\u00f1os han participado hasta ahora.<\/p>\n<p><strong>TICCIT en casa<\/strong>\u00a0est\u00e1 dirigido principalmente a ni\u00f1os de entre 7 y 11 a\u00f1os.  Les ense\u00f1a sobre los \u00e1rboles, el reciclaje y el papel y luego les muestra c\u00f3mo plantar un \u00e1rbol joven (o un esqueje o semillas) dentro de un cart\u00f3n reciclado y luego en la tierra.<\/p>\n<p>Cuando ense\u00f1as\u00a0<strong>TICCIT en casa<\/strong>En este caso, aprender\u00e1s junto a tu hijo, con la ayuda de un conjunto de materiales de apoyo en l\u00ednea GRATUITOS.  Cuando termines la parte did\u00e1ctica, podr\u00e1s remangarte, ser creativo, salir al exterior y plantar.<\/p>\n<p>El\u00a0<strong>TICCIT en casa<\/strong>\u00a0Los materiales de apoyo que se pueden descargar o imprimir aqu\u00ed son:<\/p>\n<ul>\n<li><a href=\"https:\/\/www.procarton.com\/wp-content\/uploads\/2020\/04\/TICCIT-At-Home-Complete-Programme-Guide-v2.pdf\" target=\"_blank\" rel=\"noopener noreferrer\"><strong>Gu\u00eda completa del programa<\/strong><\/a>\u00a0- Lea esta completa Gu\u00eda antes de empezar.<\/li>\n<li><a href=\"https:\/\/www.procarton.com\/wp-content\/uploads\/2020\/04\/TICCIT-At-Home-Presentation-WITH-NOTES.pptx\" target=\"_blank\" rel=\"noopener noreferrer\"><strong>Diapositivas de la presentaci\u00f3n de PowerPoint<\/strong><\/a>\u00a0- Presentaci\u00f3n con im\u00e1genes y notas para repasar junto a su hijo<\/li>\n<li><strong><a href=\"https:\/\/www.procarton.com\/wp-content\/uploads\/2020\/04\/TICCIT-At-Home-Poster-1.pdf\" target=\"_blank\" rel=\"noopener noreferrer\">TICCIT en casa Plantilla de p\u00f3ster<\/a>\u00a0<\/strong>- Un cartel en color<\/li>\n<\/ul>\n<\/div>\n<\/section>\n<\/div>\n<\/div>\n<\/div>\n<p><\/main><!-- close content main element --><\/div>\n<\/div>\n<div id='after_section_1'  class='main_color av_default_container_wrap container_wrap fullsize' style=' '  >\n<div class='container' >\n<div class='template-page content  av-content-full alpha units'>\n<div class='post-entry post-entry-type-page post-entry-267580'>\n<div class='entry-content-wrapper clearfix'>\n<div class=\"av-animated-generic top-to-bottom flex_column av_one_half  flex_column_div av-zero-column-padding avia-link-column av-column-link first  avia-builder-el-3  el_after_av_section  el_before_av_one_half  avia-builder-el-first\" style='margin-top:0px; margin-bottom:0px; border-radius:0px; ' data-link-column-url=\"https:\/\/www.procarton.com\/wp-content\/uploads\/2022\/12\/TICCIT-At-Home-Complete-Programme-Guide-v2.pdf\"  data-link-column-target=\"_blank\"  id=\"ticcit-resiurce-holder\" ><a class=\"av-screen-reader-only\" href=\"https:\/\/www.procarton.com\/wp-content\/uploads\/2022\/12\/TICCIT-At-Home-Complete-Programme-Guide-v2.pdf\" target=\"_blank\" rel=\"noopener\">Seguir un enlace a\u00f1adido manualmente<\/a><\/p>\n<div  class='avia-image-container  av-styling-    avia-builder-el-4  el_before_av_textblock  avia-builder-el-first  avia-align-center'  itemprop=\"image\" itemscope=\"itemscope\" itemtype=\"https:\/\/schema.org\/ImageObject\"  >\n<div class='avia-image-container-inner'>\n<div class='avia-image-overlay-wrap'><img decoding=\"async\" width=\"454\" height=\"400\" class='wp-image-283340 avia-img-lazy-loading-not-283340 avia_image' src=\"https:\/\/www.procarton.com\/wp-content\/uploads\/2022\/12\/TAH-Logo-Text-Tree-454x400.jpg\" alt='' title='TAH-Logo-Texto-Arbol'  itemprop=\"thumbnailUrl\" srcset=\"https:\/\/www.procarton.com\/wp-content\/uploads\/2022\/12\/TAH-Logo-Text-Tree-454x400.jpg 454w, https:\/\/www.procarton.com\/wp-content\/uploads\/2022\/12\/TAH-Logo-Text-Tree-12x12.jpg 12w\" sizes=\"(max-width: 454px) 100vw, 454px\" \/><\/div>\n<\/div>\n<\/div>\n<section class=\"av_textblock_section\"  itemscope=\"itemscope\" itemtype=\"https:\/\/schema.org\/CreativeWork\" >\n<div class='avia_textblock'   itemprop=\"text\" >\n<h4 class=\"publicaiton--title\" style=\"text-align: center;\">TICCIT en casa - Gu\u00eda de autoaprendizaje<\/h4>\n<\/div>\n<\/section>\n<\/div>\n<div class=\"av-animated-generic top-to-bottom flex_column av_one_half  flex_column_div av-zero-column-padding avia-link-column av-column-link   avia-builder-el-6  el_after_av_one_half  el_before_av_section  avia-builder-el-last\" style='margin-top:0px; margin-bottom:0px; border-radius:0px; ' data-link-column-url=\"https:\/\/www.procarton.com\/wp-content\/uploads\/2022\/12\/TICCIT-At-Home-Presentation-WITH-NOTES.pptx\"  data-link-column-target=\"_blank\"  id=\"ticcit-resiurce-holder\" ><a class=\"av-screen-reader-only\" href=\"https:\/\/www.procarton.com\/wp-content\/uploads\/2022\/12\/TICCIT-At-Home-Presentation-WITH-NOTES.pptx\" target=\"_blank\" rel=\"noopener\">Seguir un enlace a\u00f1adido manualmente<\/a><\/p>\n<div  class='avia-image-container  av-styling-    avia-builder-el-7  el_before_av_textblock  avia-builder-el-first  avia-align-center'  itemprop=\"image\" itemscope=\"itemscope\" itemtype=\"https:\/\/schema.org\/ImageObject\"  >\n<div class='avia-image-container-inner'>\n<div class='avia-image-overlay-wrap'><img decoding=\"async\" width=\"454\" height=\"400\" class='wp-image-283334 avia-img-lazy-loading-not-283334 avia_image' src=\"https:\/\/www.procarton.com\/wp-content\/uploads\/2022\/12\/TAH-Logo-Circle-454x400.jpg\" alt='' title='TAT-Logo-C\u00edrculo'  itemprop=\"thumbnailUrl\" srcset=\"https:\/\/www.procarton.com\/wp-content\/uploads\/2022\/12\/TAH-Logo-Circle-454x400.jpg 454w, https:\/\/www.procarton.com\/wp-content\/uploads\/2022\/12\/TAH-Logo-Circle-12x12.jpg 12w\" sizes=\"(max-width: 454px) 100vw, 454px\" \/><\/div>\n<\/div>\n<\/div>\n<section class=\"av_textblock_section\"  itemscope=\"itemscope\" itemtype=\"https:\/\/schema.org\/CreativeWork\" >\n<div class='avia_textblock'   itemprop=\"text\" >\n<h4 class=\"publicaiton--title\" style=\"text-align: center;\">TICCIT en casa - Diapositivas de la presentaci\u00f3n de PowerPoint<\/h4>\n<\/div>\n<\/section>\n<\/div>\n<\/div>\n<\/div>\n<\/div>\n<p><!-- close content main div --><\/div>\n<\/div>\n<div id='av_section_2'  class='avia-section main_color avia-section-default avia-no-border-styling  avia-bg-style-scroll  avia-builder-el-9  el_after_av_one_half  el_before_av_section  swirl-double dark ticcit-in-action  container_wrap fullsize' style='background-color: #175425;  '  >\n<div class='container' >\n<div class='template-page content  av-content-full alpha units'>\n<div class='post-entry post-entry-type-page post-entry-267580'>\n<div class='entry-content-wrapper clearfix'>\n<div class=\"av-animated-generic top-to-bottom flex_column av_two_third  flex_column_div first  avia-builder-el-10  el_before_av_one_third  avia-builder-el-first\" style='padding:50px 0px 0 0px ; border-radius:0px; '>\n<section class=\"av_textblock_section\"  itemscope=\"itemscope\" itemtype=\"https:\/\/schema.org\/CreativeWork\" >\n<div class='avia_textblock'   itemprop=\"text\" >\n<h4>Puede ver fotos de TICCIT en acci\u00f3n <a href=\"https:\/\/www.procarton.com\/activities\/ticcit\/ticcit-in-action\/\" target=\"_blank\" rel=\"noopener\">AQU\u00cd<\/a>.<\/h4>\n<h4>Env\u00ede sus fotos a <a href=\"mailto:ticcit@procarton.com\">ticcit@procarton.com<\/a> y los a\u00f1adiremos a la galer\u00eda.<\/h4>\n<\/div>\n<\/section>\n<\/div>\n<div class=\"av-animated-generic top-to-bottom flex_column av_one_third  flex_column_div   avia-builder-el-12  el_after_av_two_third  avia-builder-el-last\" style='padding:50px 0px 0 0px ; border-radius:0px; '>\n<div  style='height:75px' class='hr hr-invisible   avia-builder-el-13  el_before_av_image  avia-builder-el-first'><span class='hr-inner' ><span class='hr-inner-style'><\/span><\/span><\/div>\n<div  class='avia-image-container  av-styling-    avia-builder-el-14  el_after_av_hr  avia-builder-el-last  avia-align-center'  itemprop=\"image\" itemscope=\"itemscope\" itemtype=\"https:\/\/schema.org\/ImageObject\"  >\n<div class='avia-image-container-inner'>\n<div class='avia-image-overlay-wrap'><a href=\"https:\/\/www.procarton.com\/activities\/ticcit\/ticcit-in-action\/\" class='avia_image' ><img decoding=\"async\" width=\"300\" height=\"150\" class='wp-image-266502 avia-img-lazy-loading-not-266502 avia_image' src=\"https:\/\/www.procarton.com\/wp-content\/uploads\/2021\/11\/Baraggia-Nursery-Italy-7.2019-IMG-20190716-WA0061-9-1024x512-1-300x150.jpg\" alt='' title='TICCIT en acci\u00f3n, Baraggia, Italia, 2019'  itemprop=\"thumbnailUrl\" srcset=\"https:\/\/www.procarton.com\/wp-content\/uploads\/2021\/11\/Baraggia-Nursery-Italy-7.2019-IMG-20190716-WA0061-9-1024x512-1-300x150.jpg 300w, https:\/\/www.procarton.com\/wp-content\/uploads\/2021\/11\/Baraggia-Nursery-Italy-7.2019-IMG-20190716-WA0061-9-1024x512-1-768x384.jpg 768w, https:\/\/www.procarton.com\/wp-content\/uploads\/2021\/11\/Baraggia-Nursery-Italy-7.2019-IMG-20190716-WA0061-9-1024x512-1-18x9.jpg 18w, https:\/\/www.procarton.com\/wp-content\/uploads\/2021\/11\/Baraggia-Nursery-Italy-7.2019-IMG-20190716-WA0061-9-1024x512-1-705x353.jpg 705w, https:\/\/www.procarton.com\/wp-content\/uploads\/2021\/11\/Baraggia-Nursery-Italy-7.2019-IMG-20190716-WA0061-9-1024x512-1.jpg 1024w\" sizes=\"(max-width: 300px) 100vw, 300px\" \/><\/a><\/div>\n<\/div>\n<\/div>\n<\/div>\n<\/div>\n<\/div>\n<\/div>\n<p><!-- close content main div --><\/div>\n<\/div>\n<div id='av_section_3'  class='avia-section main_color avia-section-no-padding avia-no-border-styling  avia-bg-style-scroll  avia-builder-el-15  el_after_av_section  avia-builder-el-last  ticcit-main-areas  container_wrap fullsize' style='background-color: #ffffff;  '  >\n<div class='container' >\n<div class='template-page content  av-content-full alpha units'>\n<div class='post-entry post-entry-type-page post-entry-267580'>\n<div class='entry-content-wrapper clearfix'>\n<div class=\"av-animated-generic top-to-bottom flex_column av_three_fifth  flex_column_div first  avia-builder-el-16  el_before_av_two_fifth  avia-builder-el-first\" style='padding:0px 0px 150px 0px ; border-radius:0px; '>\n<section class=\"av_textblock_section\"  itemscope=\"itemscope\" itemtype=\"https:\/\/schema.org\/CreativeWork\" >\n<div class='avia_textblock'   itemprop=\"text\" >\n<h3 class=\"wpb_heading wpb_singleimage_heading\">EduCart\u00f3n para la educaci\u00f3n en casa<\/h3>\n<p>EduCarton es una iniciativa dise\u00f1ada para ayudar a los padres y cuidadores de ni\u00f1os peque\u00f1os a ense\u00f1arles el medio ambiente y los beneficios sostenibles del cart\u00f3n a trav\u00e9s de una serie de actividades divertidas.\u00a0 <a href=\"https:\/\/www.procarton.com\/activities\/educarton\/\">M\u00e1s informaci\u00f3n<\/a><\/p>\n<\/div>\n<\/section>\n<div  class='avia-image-container  av-styling-    avia-builder-el-18  el_after_av_textblock  avia-builder-el-last  avia-align-center'  itemprop=\"image\" itemscope=\"itemscope\" itemtype=\"https:\/\/schema.org\/ImageObject\"  >\n<div class='avia-image-container-inner'>\n<div class='avia-image-overlay-wrap'><a href=\"https:\/\/www.procarton.com\/es\/activities\/educarton\/\" class='avia_image' ><img decoding=\"async\" width=\"300\" height=\"88\" class='wp-image-265665 avia-img-lazy-loading-not-265665 avia_image' src=\"https:\/\/www.procarton.com\/wp-content\/uploads\/2021\/11\/EduCarton-Page-Header-English-300x88-1.png\" alt='' title='EduCarton-Page-Header-English-300x88'  itemprop=\"thumbnailUrl\" srcset=\"https:\/\/www.procarton.com\/wp-content\/uploads\/2021\/11\/EduCarton-Page-Header-English-300x88-1.png 300w, https:\/\/www.procarton.com\/wp-content\/uploads\/2021\/11\/EduCarton-Page-Header-English-300x88-1-18x5.png 18w\" sizes=\"(max-width: 300px) 100vw, 300px\" \/><\/a><\/div>\n<\/div>\n<\/div>\n<\/div>\n<div class=\"av-animated-generic top-to-bottom flex_column av_two_fifth  flex_column_div av-zero-column-padding   avia-builder-el-19  el_after_av_three_fifth  avia-builder-el-last\" style='border-radius:0px; '>\n<section class=\"av_textblock_section\"  itemscope=\"itemscope\" itemtype=\"https:\/\/schema.org\/CreativeWork\" >\n<div class='avia_textblock'   itemprop=\"text\" >\n<h3 class=\"wpb_heading wpb_singleimage_heading\">Programa TICCIT premiado<\/h3>\n<p>El programa TICCIT de Pro Carton ha ganado el Premio Europeo de Reciclaje de Papel (EPRC) de 2019 en materia de informaci\u00f3n y educaci\u00f3n.<\/p>\n<\/div>\n<\/section>\n<div  class='avia-image-container  av-styling-    avia-builder-el-21  el_after_av_textblock  avia-builder-el-last  avia-align-center'  itemprop=\"image\" itemscope=\"itemscope\" itemtype=\"https:\/\/schema.org\/ImageObject\"  >\n<div class='avia-image-container-inner'>\n<div class='avia-image-overlay-wrap'><a href=\"https:\/\/www.procarton.com\/wp-content\/uploads\/2021\/11\/CEPI-EPRC-Award-Winner-2019-1.jpg\" class='avia_image' ><img decoding=\"async\" width=\"180\" height=\"180\" class='wp-image-265664 avia-img-lazy-loading-not-265664 avia_image' src=\"https:\/\/www.procarton.com\/wp-content\/uploads\/2021\/11\/CEPI-EPRC-Award-Winner-2019-1-180x180.jpg\" alt='' title='CEPI-EPRC-Award-Winner-2019-1'  itemprop=\"thumbnailUrl\" srcset=\"https:\/\/www.procarton.com\/wp-content\/uploads\/2021\/11\/CEPI-EPRC-Award-Winner-2019-1-180x180.jpg 180w, https:\/\/www.procarton.com\/wp-content\/uploads\/2021\/11\/CEPI-EPRC-Award-Winner-2019-1-298x300.jpg 298w, https:\/\/www.procarton.com\/wp-content\/uploads\/2021\/11\/CEPI-EPRC-Award-Winner-2019-1-80x80.jpg 80w, https:\/\/www.procarton.com\/wp-content\/uploads\/2021\/11\/CEPI-EPRC-Award-Winner-2019-1-12x12.jpg 12w, https:\/\/www.procarton.com\/wp-content\/uploads\/2021\/11\/CEPI-EPRC-Award-Winner-2019-1-36x36.jpg 36w, https:\/\/www.procarton.com\/wp-content\/uploads\/2021\/11\/CEPI-EPRC-Award-Winner-2019-1-701x705.jpg 701w, https:\/\/www.procarton.com\/wp-content\/uploads\/2021\/11\/CEPI-EPRC-Award-Winner-2019-1.jpg 720w\" sizes=\"(max-width: 180px) 100vw, 180px\" \/><\/a><\/div>\n<\/div>\n<\/div>\n<\/div>","protected":false},"excerpt":{"rendered":"","protected":false},"author":1,"featured_media":272183,"parent":384,"menu_order":0,"comment_status":"closed","ping_status":"closed","template":"templates\/ticcit-at-home.php","meta":{"inline_featured_image":false,"footnotes":""},"class_list":["post-267580","page","type-page","status-publish","has-post-thumbnail","hentry"],"yoast_head":"<!-- This site is optimized with the Yoast SEO plugin v27.4 - https:\/\/yoast.com\/product\/yoast-seo-wordpress\/ -->\n<title>Teaching TICCIT at home - Pro Carton<\/title>\n<meta name=\"robots\" content=\"index, follow, max-snippet:-1, max-image-preview:large, max-video-preview:-1\" \/>\n<link rel=\"canonical\" href=\"https:\/\/www.procarton.com\/es\/activities\/ticcit\/teaching-ticcit-at-home\/\" \/>\n<meta property=\"og:locale\" content=\"es_ES\" \/>\n<meta property=\"og:type\" content=\"article\" \/>\n<meta property=\"og:title\" content=\"Teaching TICCIT at home - Pro Carton\" \/>\n<meta property=\"og:url\" content=\"https:\/\/www.procarton.com\/es\/activities\/ticcit\/teaching-ticcit-at-home\/\" \/>\n<meta property=\"og:site_name\" content=\"Pro Carton\" \/>\n<meta property=\"article:publisher\" content=\"https:\/\/www.facebook.com\/procartondesignaward\/\" \/>\n<meta property=\"article:modified_time\" content=\"2022-12-05T15:53:26+00:00\" \/>\n<meta property=\"og:image\" content=\"https:\/\/www.procarton.com\/wp-content\/uploads\/2022\/01\/TICCIT-AH-1-1-1030x830.png\" \/>\n\t<meta property=\"og:image:width\" content=\"1030\" \/>\n\t<meta property=\"og:image:height\" content=\"830\" \/>\n\t<meta property=\"og:image:type\" content=\"image\/png\" \/>\n<meta name=\"twitter:card\" content=\"summary_large_image\" \/>\n<meta name=\"twitter:site\" content=\"@pro_carton\" \/>\n<meta name=\"twitter:label1\" content=\"Tiempo de lectura\" \/>\n\t<meta name=\"twitter:data1\" content=\"5 minutos\" \/>\n<script type=\"application\/ld+json\" class=\"yoast-schema-graph\">{\"@context\":\"https:\\\/\\\/schema.org\",\"@graph\":[{\"@type\":\"WebPage\",\"@id\":\"https:\\\/\\\/www.procarton.com\\\/activities\\\/ticcit\\\/teaching-ticcit-at-home\\\/\",\"url\":\"https:\\\/\\\/www.procarton.com\\\/activities\\\/ticcit\\\/teaching-ticcit-at-home\\\/\",\"name\":\"Teaching TICCIT at home - Pro Carton\",\"isPartOf\":{\"@id\":\"https:\\\/\\\/www.procarton.com\\\/es\\\/#website\"},\"primaryImageOfPage\":{\"@id\":\"https:\\\/\\\/www.procarton.com\\\/activities\\\/ticcit\\\/teaching-ticcit-at-home\\\/#primaryimage\"},\"image\":{\"@id\":\"https:\\\/\\\/www.procarton.com\\\/activities\\\/ticcit\\\/teaching-ticcit-at-home\\\/#primaryimage\"},\"thumbnailUrl\":\"https:\\\/\\\/www.procarton.com\\\/wp-content\\\/uploads\\\/2022\\\/01\\\/TICCIT-AH-1-1.png\",\"datePublished\":\"2021-11-16T16:52:29+00:00\",\"dateModified\":\"2022-12-05T15:53:26+00:00\",\"breadcrumb\":{\"@id\":\"https:\\\/\\\/www.procarton.com\\\/activities\\\/ticcit\\\/teaching-ticcit-at-home\\\/#breadcrumb\"},\"inLanguage\":\"es\",\"potentialAction\":[{\"@type\":\"ReadAction\",\"target\":[\"https:\\\/\\\/www.procarton.com\\\/activities\\\/ticcit\\\/teaching-ticcit-at-home\\\/\"]}]},{\"@type\":\"ImageObject\",\"inLanguage\":\"es\",\"@id\":\"https:\\\/\\\/www.procarton.com\\\/activities\\\/ticcit\\\/teaching-ticcit-at-home\\\/#primaryimage\",\"url\":\"https:\\\/\\\/www.procarton.com\\\/wp-content\\\/uploads\\\/2022\\\/01\\\/TICCIT-AH-1-1.png\",\"contentUrl\":\"https:\\\/\\\/www.procarton.com\\\/wp-content\\\/uploads\\\/2022\\\/01\\\/TICCIT-AH-1-1.png\",\"width\":2063,\"height\":1663},{\"@type\":\"BreadcrumbList\",\"@id\":\"https:\\\/\\\/www.procarton.com\\\/activities\\\/ticcit\\\/teaching-ticcit-at-home\\\/#breadcrumb\",\"itemListElement\":[{\"@type\":\"ListItem\",\"position\":1,\"name\":\"Home\",\"item\":\"https:\\\/\\\/www.procarton.com\\\/\"},{\"@type\":\"ListItem\",\"position\":2,\"name\":\"Activities\",\"item\":\"https:\\\/\\\/www.procarton.com\\\/activities\\\/\"},{\"@type\":\"ListItem\",\"position\":3,\"name\":\"TICCIT\",\"item\":\"https:\\\/\\\/www.procarton.com\\\/activities\\\/ticcit\\\/\"},{\"@type\":\"ListItem\",\"position\":4,\"name\":\"Teaching TICCIT at home\"}]},{\"@type\":\"WebSite\",\"@id\":\"https:\\\/\\\/www.procarton.com\\\/es\\\/#website\",\"url\":\"https:\\\/\\\/www.procarton.com\\\/es\\\/\",\"name\":\"Pro Carton\",\"description\":\"\",\"publisher\":{\"@id\":\"https:\\\/\\\/www.procarton.com\\\/es\\\/#organization\"},\"potentialAction\":[{\"@type\":\"SearchAction\",\"target\":{\"@type\":\"EntryPoint\",\"urlTemplate\":\"https:\\\/\\\/www.procarton.com\\\/es\\\/?s={search_term_string}\"},\"query-input\":{\"@type\":\"PropertyValueSpecification\",\"valueRequired\":true,\"valueName\":\"search_term_string\"}}],\"inLanguage\":\"es\"},{\"@type\":\"Organization\",\"@id\":\"https:\\\/\\\/www.procarton.com\\\/es\\\/#organization\",\"name\":\"ProCarton\",\"url\":\"https:\\\/\\\/www.procarton.com\\\/es\\\/\",\"logo\":{\"@type\":\"ImageObject\",\"inLanguage\":\"es\",\"@id\":\"https:\\\/\\\/www.procarton.com\\\/es\\\/#\\\/schema\\\/logo\\\/image\\\/\",\"url\":\"https:\\\/\\\/www.procarton.com\\\/wp-content\\\/uploads\\\/2022\\\/06\\\/logo-mit-slogan.jpg\",\"contentUrl\":\"https:\\\/\\\/www.procarton.com\\\/wp-content\\\/uploads\\\/2022\\\/06\\\/logo-mit-slogan.jpg\",\"width\":422,\"height\":519,\"caption\":\"ProCarton\"},\"image\":{\"@id\":\"https:\\\/\\\/www.procarton.com\\\/es\\\/#\\\/schema\\\/logo\\\/image\\\/\"},\"sameAs\":[\"https:\\\/\\\/www.facebook.com\\\/procartondesignaward\\\/\",\"https:\\\/\\\/x.com\\\/pro_carton\"]}]}<\/script>\n<!-- \/ Yoast SEO plugin. -->","yoast_head_json":{"title":"Ense\u00f1ar TICCIT en casa - Pro Carton","robots":{"index":"index","follow":"follow","max-snippet":"max-snippet:-1","max-image-preview":"max-image-preview:large","max-video-preview":"max-video-preview:-1"},"canonical":"https:\/\/www.procarton.com\/es\/activities\/ticcit\/teaching-ticcit-at-home\/","og_locale":"es_ES","og_type":"article","og_title":"Teaching TICCIT at home - Pro Carton","og_url":"https:\/\/www.procarton.com\/es\/activities\/ticcit\/teaching-ticcit-at-home\/","og_site_name":"Pro Carton","article_publisher":"https:\/\/www.facebook.com\/procartondesignaward\/","article_modified_time":"2022-12-05T15:53:26+00:00","og_image":[{"width":1030,"height":830,"url":"https:\/\/www.procarton.com\/wp-content\/uploads\/2022\/01\/TICCIT-AH-1-1-1030x830.png","type":"image\/png"}],"twitter_card":"summary_large_image","twitter_site":"@pro_carton","twitter_misc":{"Tiempo de lectura":"5 minutos"},"schema":{"@context":"https:\/\/schema.org","@graph":[{"@type":"WebPage","@id":"https:\/\/www.procarton.com\/activities\/ticcit\/teaching-ticcit-at-home\/","url":"https:\/\/www.procarton.com\/activities\/ticcit\/teaching-ticcit-at-home\/","name":"Ense\u00f1ar TICCIT en casa - Pro Carton","isPartOf":{"@id":"https:\/\/www.procarton.com\/es\/#website"},"primaryImageOfPage":{"@id":"https:\/\/www.procarton.com\/activities\/ticcit\/teaching-ticcit-at-home\/#primaryimage"},"image":{"@id":"https:\/\/www.procarton.com\/activities\/ticcit\/teaching-ticcit-at-home\/#primaryimage"},"thumbnailUrl":"https:\/\/www.procarton.com\/wp-content\/uploads\/2022\/01\/TICCIT-AH-1-1.png","datePublished":"2021-11-16T16:52:29+00:00","dateModified":"2022-12-05T15:53:26+00:00","breadcrumb":{"@id":"https:\/\/www.procarton.com\/activities\/ticcit\/teaching-ticcit-at-home\/#breadcrumb"},"inLanguage":"es","potentialAction":[{"@type":"ReadAction","target":["https:\/\/www.procarton.com\/activities\/ticcit\/teaching-ticcit-at-home\/"]}]},{"@type":"ImageObject","inLanguage":"es","@id":"https:\/\/www.procarton.com\/activities\/ticcit\/teaching-ticcit-at-home\/#primaryimage","url":"https:\/\/www.procarton.com\/wp-content\/uploads\/2022\/01\/TICCIT-AH-1-1.png","contentUrl":"https:\/\/www.procarton.com\/wp-content\/uploads\/2022\/01\/TICCIT-AH-1-1.png","width":2063,"height":1663},{"@type":"BreadcrumbList","@id":"https:\/\/www.procarton.com\/activities\/ticcit\/teaching-ticcit-at-home\/#breadcrumb","itemListElement":[{"@type":"ListItem","position":1,"name":"Home","item":"https:\/\/www.procarton.com\/"},{"@type":"ListItem","position":2,"name":"Activities","item":"https:\/\/www.procarton.com\/activities\/"},{"@type":"ListItem","position":3,"name":"TICCIT","item":"https:\/\/www.procarton.com\/activities\/ticcit\/"},{"@type":"ListItem","position":4,"name":"Teaching TICCIT at home"}]},{"@type":"WebSite","@id":"https:\/\/www.procarton.com\/es\/#website","url":"https:\/\/www.procarton.com\/es\/","name":"Pro Carton","description":"","publisher":{"@id":"https:\/\/www.procarton.com\/es\/#organization"},"potentialAction":[{"@type":"SearchAction","target":{"@type":"EntryPoint","urlTemplate":"https:\/\/www.procarton.com\/es\/?s={search_term_string}"},"query-input":{"@type":"PropertyValueSpecification","valueRequired":true,"valueName":"search_term_string"}}],"inLanguage":"es"},{"@type":"Organization","@id":"https:\/\/www.procarton.com\/es\/#organization","name":"ProCarton","url":"https:\/\/www.procarton.com\/es\/","logo":{"@type":"ImageObject","inLanguage":"es","@id":"https:\/\/www.procarton.com\/es\/#\/schema\/logo\/image\/","url":"https:\/\/www.procarton.com\/wp-content\/uploads\/2022\/06\/logo-mit-slogan.jpg","contentUrl":"https:\/\/www.procarton.com\/wp-content\/uploads\/2022\/06\/logo-mit-slogan.jpg","width":422,"height":519,"caption":"ProCarton"},"image":{"@id":"https:\/\/www.procarton.com\/es\/#\/schema\/logo\/image\/"},"sameAs":["https:\/\/www.facebook.com\/procartondesignaward\/","https:\/\/x.com\/pro_carton"]}]}},"_links":{"self":[{"href":"https:\/\/www.procarton.com\/es\/wp-json\/wp\/v2\/pages\/267580","targetHints":{"allow":["GET"]}}],"collection":[{"href":"https:\/\/www.procarton.com\/es\/wp-json\/wp\/v2\/pages"}],"about":[{"href":"https:\/\/www.procarton.com\/es\/wp-json\/wp\/v2\/types\/page"}],"author":[{"embeddable":true,"href":"https:\/\/www.procarton.com\/es\/wp-json\/wp\/v2\/users\/1"}],"replies":[{"embeddable":true,"href":"https:\/\/www.procarton.com\/es\/wp-json\/wp\/v2\/comments?post=267580"}],"version-history":[{"count":69,"href":"https:\/\/www.procarton.com\/es\/wp-json\/wp\/v2\/pages\/267580\/revisions"}],"predecessor-version":[{"id":283351,"href":"https:\/\/www.procarton.com\/es\/wp-json\/wp\/v2\/pages\/267580\/revisions\/283351"}],"up":[{"embeddable":true,"href":"https:\/\/www.procarton.com\/es\/wp-json\/wp\/v2\/pages\/384"}],"wp:featuredmedia":[{"embeddable":true,"href":"https:\/\/www.procarton.com\/es\/wp-json\/wp\/v2\/media\/272183"}],"wp:attachment":[{"href":"https:\/\/www.procarton.com\/es\/wp-json\/wp\/v2\/media?parent=267580"}],"curies":[{"name":"wp","href":"https:\/\/api.w.org\/{rel}","templated":true}]}}