{"id":258597,"date":"2021-03-16T13:41:09","date_gmt":"2021-03-16T13:41:09","guid":{"rendered":"\/awards\/european-carton-excellence-award\/2017\/jury\/"},"modified":"2022-01-10T10:14:41","modified_gmt":"2022-01-10T10:14:41","slug":"jury","status":"publish","type":"page","link":"https:\/\/www.procarton.com\/es\/awards\/european-carton-excellence-award\/2017-2\/jury\/","title":{"rendered":"Jurado"},"content":{"rendered":"<p><strong>El jurado internacional e independiente abarca una amplia gama de conocimientos: sus miembros representan todos los \u00e1mbitos de la cadena de suministro. Todos los puntos de vista relevantes est\u00e1n representados: desde el dise\u00f1o, los fabricantes, los propietarios de marcas, el comercio minorista y los consumidores. Es la experiencia acumulada de todas las \u00e1reas lo que hace que los envases tengan \u00e9xito en el mercado. El jurado se reunir\u00e1 en La Haya en junio de 2017.<\/strong><\/p>\r\n\r\n\r\n\r\n<p>La \"pura belleza\" no es suficiente para obtener una distinci\u00f3n. Todas las candidaturas se juzgar\u00e1n seg\u00fan diversos criterios: dise\u00f1o gr\u00e1fico y estructural, t\u00e9cnicas de producci\u00f3n, rentabilidad, ecolog\u00eda, innovaci\u00f3n, comodidad, mensaje de marca, impacto publicitario, est\u00edmulo de las ventas, etc. Dependiendo de la categor\u00eda, estos criterios tambi\u00e9n se ponderan de forma diferente: \u00a1lo que cuenta en el sector empresarial tambi\u00e9n cuenta en el concurso!<\/p>\r\n\r\n\r\n\r\n<p>Nuestra recomendaci\u00f3n: \u00a1destaque las cualidades especiales de su envase en los documentos adjuntos de la forma m\u00e1s clara posible para el jurado! El jurado mantendr\u00e1 un debate abierto y exhaustivo sobre cada decisi\u00f3n y valoraci\u00f3n. Las decisiones del jurado se explicar\u00e1n en detalle en la p\u00e1gina web de Pro Carton, as\u00ed como en el folleto.<\/p>\r\n\r\n\r\n\r\n<div class=\"wp-block-media-text alignwide is-stacked-on-mobile\">\r\n<figure class=\"wp-block-media-text__media\"><img loading=\"lazy\" decoding=\"async\" width=\"898\" height=\"1181\" class=\"wp-image-258400 size-full\" src=\"\/wp-content\/uploads\/2021\/03\/satkar_gidda_neu.jpg\" alt=\"\" srcset=\"https:\/\/www.procarton.com\/wp-content\/uploads\/2021\/03\/satkar_gidda_neu.jpg 898w, https:\/\/www.procarton.com\/wp-content\/uploads\/2021\/03\/satkar_gidda_neu-228x300.jpg 228w, https:\/\/www.procarton.com\/wp-content\/uploads\/2021\/03\/satkar_gidda_neu-783x1030.jpg 783w, https:\/\/www.procarton.com\/wp-content\/uploads\/2021\/03\/satkar_gidda_neu-768x1010.jpg 768w, https:\/\/www.procarton.com\/wp-content\/uploads\/2021\/03\/satkar_gidda_neu-9x12.jpg 9w, https:\/\/www.procarton.com\/wp-content\/uploads\/2021\/03\/satkar_gidda_neu-536x705.jpg 536w\" sizes=\"auto, (max-width: 898px) 100vw, 898px\" \/><\/figure>\r\n<div class=\"wp-block-media-text__content\">\r\n<h3 class=\"wp-block-heading\">SATKAR GIDDA<\/h3>\r\n\r\n\r\n\r\n<h4 class=\"wp-block-heading\">PRESIDENTE DEL JURADO<\/h4>\r\n\r\n\r\n\r\n<p>Satkar Gidda estudi\u00f3 Empresariales y Marketing y ha trabajado 6 a\u00f1os en Ventas, Trade Marketing y Brand Marketing para RHM Foods y Nestl\u00e9, seguidos de 30 a\u00f1os como Director de Ventas y Marketing de SiebertHead, la consultora de dise\u00f1o de marcas y envases m\u00e1s antigua del Reino Unido. Desde marzo de 2020, Satkar trabaja como consultor independiente.<\/p>\r\n<\/div>\r\n<\/div>\r\n\r\n\r\n\r\n<div class=\"wp-block-media-text alignwide has-media-on-the-right is-stacked-on-mobile\">\r\n<figure class=\"wp-block-media-text__media\"><img loading=\"lazy\" decoding=\"async\" width=\"1000\" height=\"1270\" class=\"wp-image-258571 size-full\" src=\"\/wp-content\/uploads\/2021\/03\/krekels_neu.jpeg\" alt=\"\" srcset=\"https:\/\/www.procarton.com\/wp-content\/uploads\/2021\/03\/krekels_neu.jpeg 1000w, https:\/\/www.procarton.com\/wp-content\/uploads\/2021\/03\/krekels_neu-236x300.jpeg 236w, https:\/\/www.procarton.com\/wp-content\/uploads\/2021\/03\/krekels_neu-811x1030.jpeg 811w, https:\/\/www.procarton.com\/wp-content\/uploads\/2021\/03\/krekels_neu-768x975.jpeg 768w, https:\/\/www.procarton.com\/wp-content\/uploads\/2021\/03\/krekels_neu-9x12.jpeg 9w, https:\/\/www.procarton.com\/wp-content\/uploads\/2021\/03\/krekels_neu-555x705.jpeg 555w\" sizes=\"auto, (max-width: 1000px) 100vw, 1000px\" \/><\/figure>\r\n<div class=\"wp-block-media-text__content\">\r\n<h3 class=\"wp-block-heading\">LOTTE KREKELS<\/h3>\r\n\r\n\r\n\r\n<h4 class=\"wp-block-heading\">CARREFOUR B\u00c9LGICA<\/h4>\r\n\r\n\r\n\r\n<p>lleva m\u00e1s de 20 a\u00f1os trabajando en el sector del envase y embalaje, los \u00faltimos cuatro como directora de envase y embalaje. Es jefa del departamento de envase y embalaje de Carrefour B\u00e9lgica. Su funci\u00f3n es velar por la seguridad alimentaria, la sostenibilidad y el dise\u00f1o de los envases de la propia marca Carrefour en el mercado belga. Carrefour B\u00e9lgica es uno de los principales minoristas del mercado belga y forma parte del Grupo Carrefour, el segundo grupo de distribuci\u00f3n del mundo con m\u00e1s de 12.000 tiendas.<\/p>\r\n<\/div>\r\n<\/div>\r\n\r\n\r\n\r\n<div class=\"wp-block-media-text alignwide is-stacked-on-mobile\">\r\n<figure class=\"wp-block-media-text__media\"><img loading=\"lazy\" decoding=\"async\" width=\"675\" height=\"844\" class=\"wp-image-258572 size-full\" src=\"\/wp-content\/uploads\/2021\/03\/lippitsch1.jpeg\" alt=\"\" srcset=\"https:\/\/www.procarton.com\/wp-content\/uploads\/2021\/03\/lippitsch1.jpeg 675w, https:\/\/www.procarton.com\/wp-content\/uploads\/2021\/03\/lippitsch1-240x300.jpeg 240w, https:\/\/www.procarton.com\/wp-content\/uploads\/2021\/03\/lippitsch1-10x12.jpeg 10w, https:\/\/www.procarton.com\/wp-content\/uploads\/2021\/03\/lippitsch1-564x705.jpeg 564w\" sizes=\"auto, (max-width: 675px) 100vw, 675px\" \/><\/figure>\r\n<div class=\"wp-block-media-text__content\">\r\n<h3 class=\"wp-block-heading\"><br \/>SUSANNE LIPPITSCH<\/h3>\r\n\r\n\r\n\r\n<h4 class=\"wp-block-heading\">DISE\u00d1O DE SL<\/h4>\r\n\r\n\r\n\r\n<p>Susanne Lippitsch se gradu\u00f3 en Dise\u00f1o Industrial en la Universidad de Artes Aplicadas de Viena. Durante su formaci\u00f3n realiz\u00f3 el Masterclass de Packaging en la Escola de Disseny Elisava de Barcelona. Desde 2001, ha trabajado como dise\u00f1adora de envases independiente y ha ense\u00f1ado dise\u00f1o de envases en Graz y Salzburgo durante m\u00e1s de 15 a\u00f1os. Su trabajo ha ganado varios premios y entre sus clientes se encuentran muchas empresas de prestigio.<\/p>\r\n<\/div>\r\n<\/div>\r\n\r\n\r\n\r\n<div class=\"wp-block-media-text alignwide has-media-on-the-right is-stacked-on-mobile\">\r\n<figure class=\"wp-block-media-text__media\"><img loading=\"lazy\" decoding=\"async\" width=\"1000\" height=\"1283\" class=\"wp-image-258538 size-full\" src=\"\/wp-content\/uploads\/2021\/03\/duivenvoorden_neu.jpeg\" alt=\"\" srcset=\"https:\/\/www.procarton.com\/wp-content\/uploads\/2021\/03\/duivenvoorden_neu.jpeg 1000w, https:\/\/www.procarton.com\/wp-content\/uploads\/2021\/03\/duivenvoorden_neu-234x300.jpeg 234w, https:\/\/www.procarton.com\/wp-content\/uploads\/2021\/03\/duivenvoorden_neu-803x1030.jpeg 803w, https:\/\/www.procarton.com\/wp-content\/uploads\/2021\/03\/duivenvoorden_neu-768x985.jpeg 768w, https:\/\/www.procarton.com\/wp-content\/uploads\/2021\/03\/duivenvoorden_neu-9x12.jpeg 9w, https:\/\/www.procarton.com\/wp-content\/uploads\/2021\/03\/duivenvoorden_neu-549x705.jpeg 549w\" sizes=\"auto, (max-width: 1000px) 100vw, 1000px\" \/><\/figure>\r\n<div class=\"wp-block-media-text__content\"> <br \/>\r\n<h3 class=\"wp-block-heading\">WILFRIED DUIVENVOORDEN<\/h3>\r\n\r\n\r\n\r\n<h4 class=\"wp-block-heading\">UNILEVER<\/h4>\r\n\r\n\r\n\r\n<p>Wilfried Duivenvoorden se gradu\u00f3 en la Universidad Erasmus de Rotterdam como m\u00e1ster en Econom\u00eda Empresarial y Direcci\u00f3n General. Tras finalizar sus estudios, se incorpor\u00f3 inmediatamente a la industria del envase y embalaje. En 1999 se incorpor\u00f3 a Unilever como director europeo de compras de materiales de envase y embalaje para el negocio de los helados y los alimentos congelados. En 2006 se convirti\u00f3 en director de compras globales de materiales de envase y embalaje a base de fibra de madera para alimentos y cuidado personal y del hogar. Desde 2014 es responsable de las adquisiciones de productos acabados de Unilever para el hogar y el cuidado personal en Europa.<\/p>\r\n<\/div>\r\n<\/div>\r\n\r\n\r\n\r\n<div class=\"wp-block-media-text alignwide is-stacked-on-mobile\">\r\n<figure class=\"wp-block-media-text__media\"><img loading=\"lazy\" decoding=\"async\" width=\"1344\" height=\"1772\" class=\"wp-image-258404 size-full\" src=\"\/wp-content\/uploads\/2021\/03\/Janet-Shipton.jpeg\" alt=\"\" srcset=\"https:\/\/www.procarton.com\/wp-content\/uploads\/2021\/03\/Janet-Shipton.jpeg 1344w, https:\/\/www.procarton.com\/wp-content\/uploads\/2021\/03\/Janet-Shipton-228x300.jpeg 228w, https:\/\/www.procarton.com\/wp-content\/uploads\/2021\/03\/Janet-Shipton-781x1030.jpeg 781w, https:\/\/www.procarton.com\/wp-content\/uploads\/2021\/03\/Janet-Shipton-768x1013.jpeg 768w, https:\/\/www.procarton.com\/wp-content\/uploads\/2021\/03\/Janet-Shipton-1165x1536.jpeg 1165w, https:\/\/www.procarton.com\/wp-content\/uploads\/2021\/03\/Janet-Shipton-9x12.jpeg 9w, https:\/\/www.procarton.com\/wp-content\/uploads\/2021\/03\/Janet-Shipton-1138x1500.jpeg 1138w, https:\/\/www.procarton.com\/wp-content\/uploads\/2021\/03\/Janet-Shipton-535x705.jpeg 535w\" sizes=\"auto, (max-width: 1344px) 100vw, 1344px\" \/><\/figure>\r\n<div class=\"wp-block-media-text__content\"> <br \/>\r\n<h3 class=\"wp-block-heading\">DR JANET SHIPTON<\/h3>\r\n\r\n\r\n\r\n<h4 class=\"wp-block-heading\">PACKKNACK<\/h4>\r\n\r\n\r\n\r\n<p>Un consumado gestor de proyectos, con experiencia en el desarrollo y la entrega de m\u00faltiples proyectos detallados a tiempo y dentro del presupuesto. Packknack es una red de consultores con talento dirigidos por m\u00ed. Trabajamos en la investigaci\u00f3n de envases, la innovaci\u00f3n del dise\u00f1o y el desarrollo. 2013-2015 Jefa de Secci\u00f3n\/ L\u00edder de Chocolate, Equipo de Categor\u00eda Global de Embalaje (Tableta, Bitesize y Compartir), Mondelez International (formalmente Kraft), Responsable de la gesti\u00f3n de un equipo de desarrolladores de paquetes para crear nuevas innovaciones de embalaje y mantener los est\u00e1ndares de calidad para los mercados globales de chocolate desarrollados y emergentes. Antes de crear su propia consultor\u00eda, Janet pas\u00f3 cinco a\u00f1os como Directora de Dise\u00f1o y Desarrollo de Divisi\u00f3n en Chesapeake Branded Packaging (ahora MPS WestRock) antes de incorporarse a Mondel\u0113z International como Directora de Secci\u00f3n Global para el desarrollo de envases de chocolate.<\/p>\r\n<\/div>\r\n<\/div>\r\n\r\n\r\n\r\n<div class=\"wp-block-media-text alignwide has-media-on-the-right is-stacked-on-mobile\">\r\n<figure class=\"wp-block-media-text__media\"><img loading=\"lazy\" decoding=\"async\" width=\"675\" height=\"844\" class=\"wp-image-258510 size-full\" src=\"\/wp-content\/uploads\/2021\/03\/sprokkelhorst.jpeg\" alt=\"\" srcset=\"https:\/\/www.procarton.com\/wp-content\/uploads\/2021\/03\/sprokkelhorst.jpeg 675w, https:\/\/www.procarton.com\/wp-content\/uploads\/2021\/03\/sprokkelhorst-240x300.jpeg 240w, https:\/\/www.procarton.com\/wp-content\/uploads\/2021\/03\/sprokkelhorst-10x12.jpeg 10w, https:\/\/www.procarton.com\/wp-content\/uploads\/2021\/03\/sprokkelhorst-564x705.jpeg 564w\" sizes=\"auto, (max-width: 675px) 100vw, 675px\" \/><\/figure>\r\n<div class=\"wp-block-media-text__content\">\r\n<h3 class=\"wp-block-heading\">PETER KLEIN SPROKKELHORST<\/h3>\r\n\r\n\r\n\r\n<h4 class=\"wp-block-heading\">ASESOR DEL JURADO<\/h4>\r\n\r\n\r\n\r\n<p>Tras formarse como ingeniero mec\u00e1nico, Peter Klein Sprokkelhorst decidi\u00f3 incorporarse a la industria del procesamiento del papel. En 1982 se convirti\u00f3 en director general de Zedek Deventer Holland (que hoy pertenece al Grupo Smurfit Kappa) y convirti\u00f3 la empresa en un importante proveedor de expositores y embalajes en Europa. Se jubil\u00f3 en 2008, pero con 45 a\u00f1os de experiencia sigue activo como consultor independiente.<\/p>\r\n<\/div>\r\n<\/div>","protected":false},"excerpt":{"rendered":"<p>The independent, international jury covers a broad range of expertise: its members represent all areas of the supply chain. All relevant viewpoints are represented \u2013 from design, manufacturers, brand owners, the retail trade and consumers. It is the cumulative experience from all areas that makes the success of packaging on the market. The jury will [&hellip;]<\/p>\n","protected":false},"author":1,"featured_media":259310,"parent":258273,"menu_order":3,"comment_status":"closed","ping_status":"closed","template":"templates\/award_details_page.php","meta":{"inline_featured_image":false,"footnotes":""},"class_list":["post-258597","page","type-page","status-publish","has-post-thumbnail","hentry"],"yoast_head":"<!-- This site is optimized with the Yoast SEO plugin v27.4 - https:\/\/yoast.com\/product\/yoast-seo-wordpress\/ -->\n<title>Jury - Pro Carton<\/title>\n<meta name=\"robots\" content=\"index, follow, max-snippet:-1, max-image-preview:large, max-video-preview:-1\" \/>\n<link rel=\"canonical\" href=\"https:\/\/www.procarton.com\/es\/awards\/european-carton-excellence-award\/2017-2\/jury\/\" \/>\n<meta property=\"og:locale\" content=\"es_ES\" \/>\n<meta property=\"og:type\" content=\"article\" \/>\n<meta property=\"og:title\" content=\"Jury - Pro Carton\" \/>\n<meta property=\"og:description\" content=\"The independent, international jury covers a broad range of expertise: its members represent all areas of the supply chain. All relevant viewpoints are represented \u2013 from design, manufacturers, brand owners, the retail trade and consumers. It is the cumulative experience from all areas that makes the success of packaging on the market. The jury will [&hellip;]\" \/>\n<meta property=\"og:url\" content=\"https:\/\/www.procarton.com\/es\/awards\/european-carton-excellence-award\/2017-2\/jury\/\" \/>\n<meta property=\"og:site_name\" content=\"Pro Carton\" \/>\n<meta property=\"article:publisher\" content=\"https:\/\/www.facebook.com\/procartondesignaward\/\" \/>\n<meta property=\"article:modified_time\" content=\"2022-01-10T10:14:41+00:00\" \/>\n<meta property=\"og:image\" content=\"https:\/\/www.procarton.com\/wp-content\/uploads\/2021\/03\/Award2017_054_m-1.jpg\" \/>\n\t<meta property=\"og:image:width\" content=\"1920\" \/>\n\t<meta property=\"og:image:height\" content=\"1280\" \/>\n\t<meta property=\"og:image:type\" content=\"image\/jpeg\" \/>\n<meta name=\"twitter:card\" content=\"summary_large_image\" \/>\n<meta name=\"twitter:site\" content=\"@pro_carton\" \/>\n<meta name=\"twitter:label1\" content=\"Tiempo de lectura\" \/>\n\t<meta name=\"twitter:data1\" content=\"5 minutos\" \/>\n<script type=\"application\/ld+json\" class=\"yoast-schema-graph\">{\"@context\":\"https:\\\/\\\/schema.org\",\"@graph\":[{\"@type\":\"WebPage\",\"@id\":\"https:\\\/\\\/www.procarton.com\\\/es\\\/awards\\\/european-carton-excellence-award\\\/2017-2\\\/jury\\\/\",\"url\":\"https:\\\/\\\/www.procarton.com\\\/es\\\/awards\\\/european-carton-excellence-award\\\/2017-2\\\/jury\\\/\",\"name\":\"Jury - Pro Carton\",\"isPartOf\":{\"@id\":\"https:\\\/\\\/www.procarton.com\\\/es\\\/#website\"},\"primaryImageOfPage\":{\"@id\":\"https:\\\/\\\/www.procarton.com\\\/es\\\/awards\\\/european-carton-excellence-award\\\/2017-2\\\/jury\\\/#primaryimage\"},\"image\":{\"@id\":\"https:\\\/\\\/www.procarton.com\\\/es\\\/awards\\\/european-carton-excellence-award\\\/2017-2\\\/jury\\\/#primaryimage\"},\"thumbnailUrl\":\"https:\\\/\\\/www.procarton.com\\\/wp-content\\\/uploads\\\/2021\\\/03\\\/Award2017_054_m-1.jpg\",\"datePublished\":\"2021-03-16T13:41:09+00:00\",\"dateModified\":\"2022-01-10T10:14:41+00:00\",\"breadcrumb\":{\"@id\":\"https:\\\/\\\/www.procarton.com\\\/es\\\/awards\\\/european-carton-excellence-award\\\/2017-2\\\/jury\\\/#breadcrumb\"},\"inLanguage\":\"es\",\"potentialAction\":[{\"@type\":\"ReadAction\",\"target\":[\"https:\\\/\\\/www.procarton.com\\\/es\\\/awards\\\/european-carton-excellence-award\\\/2017-2\\\/jury\\\/\"]}]},{\"@type\":\"ImageObject\",\"inLanguage\":\"es\",\"@id\":\"https:\\\/\\\/www.procarton.com\\\/es\\\/awards\\\/european-carton-excellence-award\\\/2017-2\\\/jury\\\/#primaryimage\",\"url\":\"https:\\\/\\\/www.procarton.com\\\/wp-content\\\/uploads\\\/2021\\\/03\\\/Award2017_054_m-1.jpg\",\"contentUrl\":\"https:\\\/\\\/www.procarton.com\\\/wp-content\\\/uploads\\\/2021\\\/03\\\/Award2017_054_m-1.jpg\",\"width\":1920,\"height\":1280,\"caption\":\"All together now!\"},{\"@type\":\"BreadcrumbList\",\"@id\":\"https:\\\/\\\/www.procarton.com\\\/es\\\/awards\\\/european-carton-excellence-award\\\/2017-2\\\/jury\\\/#breadcrumb\",\"itemListElement\":[{\"@type\":\"ListItem\",\"position\":1,\"name\":\"Home\",\"item\":\"https:\\\/\\\/www.procarton.com\\\/\"},{\"@type\":\"ListItem\",\"position\":2,\"name\":\"Awards\",\"item\":\"https:\\\/\\\/www.procarton.com\\\/awards\\\/\"},{\"@type\":\"ListItem\",\"position\":3,\"name\":\"European Carton Excellence Award\",\"item\":\"https:\\\/\\\/www.procarton.com\\\/awards\\\/european-carton-excellence-award\\\/\"},{\"@type\":\"ListItem\",\"position\":4,\"name\":\"2017\",\"item\":\"http:\\\/\\\/www.procarton.com\\\/fr\\\/awards\\\/european-carton-excellence-award\\\/2017-2\\\/\"},{\"@type\":\"ListItem\",\"position\":5,\"name\":\"Jury\"}]},{\"@type\":\"WebSite\",\"@id\":\"https:\\\/\\\/www.procarton.com\\\/es\\\/#website\",\"url\":\"https:\\\/\\\/www.procarton.com\\\/es\\\/\",\"name\":\"Pro Carton\",\"description\":\"\",\"publisher\":{\"@id\":\"https:\\\/\\\/www.procarton.com\\\/es\\\/#organization\"},\"potentialAction\":[{\"@type\":\"SearchAction\",\"target\":{\"@type\":\"EntryPoint\",\"urlTemplate\":\"https:\\\/\\\/www.procarton.com\\\/es\\\/?s={search_term_string}\"},\"query-input\":{\"@type\":\"PropertyValueSpecification\",\"valueRequired\":true,\"valueName\":\"search_term_string\"}}],\"inLanguage\":\"es\"},{\"@type\":\"Organization\",\"@id\":\"https:\\\/\\\/www.procarton.com\\\/es\\\/#organization\",\"name\":\"ProCarton\",\"url\":\"https:\\\/\\\/www.procarton.com\\\/es\\\/\",\"logo\":{\"@type\":\"ImageObject\",\"inLanguage\":\"es\",\"@id\":\"https:\\\/\\\/www.procarton.com\\\/es\\\/#\\\/schema\\\/logo\\\/image\\\/\",\"url\":\"https:\\\/\\\/www.procarton.com\\\/wp-content\\\/uploads\\\/2022\\\/06\\\/logo-mit-slogan.jpg\",\"contentUrl\":\"https:\\\/\\\/www.procarton.com\\\/wp-content\\\/uploads\\\/2022\\\/06\\\/logo-mit-slogan.jpg\",\"width\":422,\"height\":519,\"caption\":\"ProCarton\"},\"image\":{\"@id\":\"https:\\\/\\\/www.procarton.com\\\/es\\\/#\\\/schema\\\/logo\\\/image\\\/\"},\"sameAs\":[\"https:\\\/\\\/www.facebook.com\\\/procartondesignaward\\\/\",\"https:\\\/\\\/x.com\\\/pro_carton\"]}]}<\/script>\n<!-- \/ Yoast SEO plugin. -->","yoast_head_json":{"title":"Jurado - Pro Carton","robots":{"index":"index","follow":"follow","max-snippet":"max-snippet:-1","max-image-preview":"max-image-preview:large","max-video-preview":"max-video-preview:-1"},"canonical":"https:\/\/www.procarton.com\/es\/awards\/european-carton-excellence-award\/2017-2\/jury\/","og_locale":"es_ES","og_type":"article","og_title":"Jury - Pro Carton","og_description":"The independent, international jury covers a broad range of expertise: its members represent all areas of the supply chain. All relevant viewpoints are represented \u2013 from design, manufacturers, brand owners, the retail trade and consumers. It is the cumulative experience from all areas that makes the success of packaging on the market. The jury will [&hellip;]","og_url":"https:\/\/www.procarton.com\/es\/awards\/european-carton-excellence-award\/2017-2\/jury\/","og_site_name":"Pro Carton","article_publisher":"https:\/\/www.facebook.com\/procartondesignaward\/","article_modified_time":"2022-01-10T10:14:41+00:00","og_image":[{"width":1920,"height":1280,"url":"https:\/\/www.procarton.com\/wp-content\/uploads\/2021\/03\/Award2017_054_m-1.jpg","type":"image\/jpeg"}],"twitter_card":"summary_large_image","twitter_site":"@pro_carton","twitter_misc":{"Tiempo de lectura":"5 minutos"},"schema":{"@context":"https:\/\/schema.org","@graph":[{"@type":"WebPage","@id":"https:\/\/www.procarton.com\/es\/awards\/european-carton-excellence-award\/2017-2\/jury\/","url":"https:\/\/www.procarton.com\/es\/awards\/european-carton-excellence-award\/2017-2\/jury\/","name":"Jurado - Pro Carton","isPartOf":{"@id":"https:\/\/www.procarton.com\/es\/#website"},"primaryImageOfPage":{"@id":"https:\/\/www.procarton.com\/es\/awards\/european-carton-excellence-award\/2017-2\/jury\/#primaryimage"},"image":{"@id":"https:\/\/www.procarton.com\/es\/awards\/european-carton-excellence-award\/2017-2\/jury\/#primaryimage"},"thumbnailUrl":"https:\/\/www.procarton.com\/wp-content\/uploads\/2021\/03\/Award2017_054_m-1.jpg","datePublished":"2021-03-16T13:41:09+00:00","dateModified":"2022-01-10T10:14:41+00:00","breadcrumb":{"@id":"https:\/\/www.procarton.com\/es\/awards\/european-carton-excellence-award\/2017-2\/jury\/#breadcrumb"},"inLanguage":"es","potentialAction":[{"@type":"ReadAction","target":["https:\/\/www.procarton.com\/es\/awards\/european-carton-excellence-award\/2017-2\/jury\/"]}]},{"@type":"ImageObject","inLanguage":"es","@id":"https:\/\/www.procarton.com\/es\/awards\/european-carton-excellence-award\/2017-2\/jury\/#primaryimage","url":"https:\/\/www.procarton.com\/wp-content\/uploads\/2021\/03\/Award2017_054_m-1.jpg","contentUrl":"https:\/\/www.procarton.com\/wp-content\/uploads\/2021\/03\/Award2017_054_m-1.jpg","width":1920,"height":1280,"caption":"All together now!"},{"@type":"BreadcrumbList","@id":"https:\/\/www.procarton.com\/es\/awards\/european-carton-excellence-award\/2017-2\/jury\/#breadcrumb","itemListElement":[{"@type":"ListItem","position":1,"name":"Home","item":"https:\/\/www.procarton.com\/"},{"@type":"ListItem","position":2,"name":"Awards","item":"https:\/\/www.procarton.com\/awards\/"},{"@type":"ListItem","position":3,"name":"European Carton Excellence Award","item":"https:\/\/www.procarton.com\/awards\/european-carton-excellence-award\/"},{"@type":"ListItem","position":4,"name":"2017","item":"http:\/\/www.procarton.com\/fr\/awards\/european-carton-excellence-award\/2017-2\/"},{"@type":"ListItem","position":5,"name":"Jury"}]},{"@type":"WebSite","@id":"https:\/\/www.procarton.com\/es\/#website","url":"https:\/\/www.procarton.com\/es\/","name":"Pro Carton","description":"","publisher":{"@id":"https:\/\/www.procarton.com\/es\/#organization"},"potentialAction":[{"@type":"SearchAction","target":{"@type":"EntryPoint","urlTemplate":"https:\/\/www.procarton.com\/es\/?s={search_term_string}"},"query-input":{"@type":"PropertyValueSpecification","valueRequired":true,"valueName":"search_term_string"}}],"inLanguage":"es"},{"@type":"Organization","@id":"https:\/\/www.procarton.com\/es\/#organization","name":"ProCarton","url":"https:\/\/www.procarton.com\/es\/","logo":{"@type":"ImageObject","inLanguage":"es","@id":"https:\/\/www.procarton.com\/es\/#\/schema\/logo\/image\/","url":"https:\/\/www.procarton.com\/wp-content\/uploads\/2022\/06\/logo-mit-slogan.jpg","contentUrl":"https:\/\/www.procarton.com\/wp-content\/uploads\/2022\/06\/logo-mit-slogan.jpg","width":422,"height":519,"caption":"ProCarton"},"image":{"@id":"https:\/\/www.procarton.com\/es\/#\/schema\/logo\/image\/"},"sameAs":["https:\/\/www.facebook.com\/procartondesignaward\/","https:\/\/x.com\/pro_carton"]}]}},"_links":{"self":[{"href":"https:\/\/www.procarton.com\/es\/wp-json\/wp\/v2\/pages\/258597","targetHints":{"allow":["GET"]}}],"collection":[{"href":"https:\/\/www.procarton.com\/es\/wp-json\/wp\/v2\/pages"}],"about":[{"href":"https:\/\/www.procarton.com\/es\/wp-json\/wp\/v2\/types\/page"}],"author":[{"embeddable":true,"href":"https:\/\/www.procarton.com\/es\/wp-json\/wp\/v2\/users\/1"}],"replies":[{"embeddable":true,"href":"https:\/\/www.procarton.com\/es\/wp-json\/wp\/v2\/comments?post=258597"}],"version-history":[{"count":2,"href":"https:\/\/www.procarton.com\/es\/wp-json\/wp\/v2\/pages\/258597\/revisions"}],"predecessor-version":[{"id":272473,"href":"https:\/\/www.procarton.com\/es\/wp-json\/wp\/v2\/pages\/258597\/revisions\/272473"}],"up":[{"embeddable":true,"href":"https:\/\/www.procarton.com\/es\/wp-json\/wp\/v2\/pages\/258273"}],"wp:featuredmedia":[{"embeddable":true,"href":"https:\/\/www.procarton.com\/es\/wp-json\/wp\/v2\/media\/259310"}],"wp:attachment":[{"href":"https:\/\/www.procarton.com\/es\/wp-json\/wp\/v2\/media?parent=258597"}],"curies":[{"name":"wp","href":"https:\/\/api.w.org\/{rel}","templated":true}]}}