{"id":258595,"date":"2021-03-16T13:41:09","date_gmt":"2021-03-16T13:41:09","guid":{"rendered":"https:\/\/www.procarton.com\/awards\/european-carton-excellence-award\/2017\/marketing\/"},"modified":"2022-01-10T10:14:35","modified_gmt":"2022-01-10T10:14:35","slug":"marketing","status":"publish","type":"page","link":"https:\/\/www.procarton.com\/es\/awards\/european-carton-excellence-award\/2017-2\/marketing\/","title":{"rendered":"Marketing"},"content":{"rendered":"<h3 class=\"wp-block-heading\">26 BUENAS RAZONES PARA ENTRAR<\/h3>\r\n\r\n\r\n\r\n<p>El Carton Excellence Award mejora la imagen de los participantes, refuerza su marca y, en consecuencia, aumenta las ventas. Pro Carton difunde las buenas noticias sobre su envase con un completo paquete de marketing. Las redes sociales y las votaciones del p\u00fablico garantizan un inter\u00e9s continuo y creciente en las candidaturas.<\/p>\r\n\r\n\r\n\r\n<p>Los finalistas y los ganadores reciben fotos profesionales de sus participaciones, logotipos y certificados para sus propios sitios web, materiales de venta y medios sociales. Esto convierte su premio en una herramienta de marketing personal.<\/p>\r\n\r\n\r\n\r\n<h3 class=\"wp-block-heading\">14 actividades de marketing diferentes de Pro Carton<\/h3>\r\n\r\n\r\n\r\n<ol class=\"wp-block-list\">\r\n<li>Anuncio de todos los finalistas en agosto en el sitio web y en las noticias electr\u00f3nicas<\/li>\r\n<li>La votaci\u00f3n p\u00fablica da a conocer a los finalistas entre un amplio p\u00fablico<\/li>\r\n<li>Ceremonia del Award en el Congreso de la ECMA el 21 de septiembre de 2017 en Salzburgo<\/li>\r\n<li>Fotograf\u00eda de alta calidad de todas las entradas<\/li>\r\n<li>E-news a m\u00e1s de 13.000 contactos europeos: propietarios de marcas, minoristas y dise\u00f1adores<\/li>\r\n<li>Comunicados de prensa a los medios de comunicaci\u00f3n de la cadena de suministro en 22 pa\u00edses<\/li>\r\n<li>Publicaci\u00f3n en este sitio web (www.procarton.com)<\/li>\r\n<li>Los cartones ganadores se incluyen en las presentaciones rotativas en www.procarton.com<\/li>\r\n<li>Folleto Award, con todos los ganadores, finalistas y participantes, impreso en ingl\u00e9s<\/li>\r\n<li>Todos los ganadores con historias de \u00e9xito y comentarios del jurado<\/li>\r\n<li>Todos los finalistas con descripciones breves<\/li>\r\n<li>Todas las noticias y el informe del folleto Award se publican en www.procarton.com en 5 idiomas: ingl\u00e9s, franc\u00e9s, italiano, alem\u00e1n y espa\u00f1ol<\/li>\r\n<li>Trofeos para los ganadores de los premios especiales, premios para los ganadores, certificados para los finalistas<\/li>\r\n<li>Presentaciones de los cartones ganadores en ferias, congresos, eventos, etc., en toda Europa<\/li>\r\n<\/ol>\r\n\r\n\r\n\r\n<figure class=\"wp-block-image size-full\"><img loading=\"lazy\" decoding=\"async\" width=\"922\" height=\"1920\" class=\"wp-image-258602\" src=\"https:\/\/www.procarton.com\/wp-content\/uploads\/2021\/03\/marketing-collage-5.jpeg\" alt=\"\" srcset=\"https:\/\/www.procarton.com\/wp-content\/uploads\/2021\/03\/marketing-collage-5.jpeg 922w, https:\/\/www.procarton.com\/wp-content\/uploads\/2021\/03\/marketing-collage-5-144x300.jpeg 144w, https:\/\/www.procarton.com\/wp-content\/uploads\/2021\/03\/marketing-collage-5-495x1030.jpeg 495w, https:\/\/www.procarton.com\/wp-content\/uploads\/2021\/03\/marketing-collage-5-768x1599.jpeg 768w, https:\/\/www.procarton.com\/wp-content\/uploads\/2021\/03\/marketing-collage-5-738x1536.jpeg 738w, https:\/\/www.procarton.com\/wp-content\/uploads\/2021\/03\/marketing-collage-5-6x12.jpeg 6w, https:\/\/www.procarton.com\/wp-content\/uploads\/2021\/03\/marketing-collage-5-720x1500.jpeg 720w, https:\/\/www.procarton.com\/wp-content\/uploads\/2021\/03\/marketing-collage-5-339x705.jpeg 339w\" sizes=\"auto, (max-width: 922px) 100vw, 922px\" \/><\/figure>\r\n\r\n\r\n\r\n<h3 class=\"wp-block-heading\">12 Oportunidades para que los ganadores y finalistas promocionen sus envases<\/h3>\r\n\r\n\r\n\r\n<ol class=\"wp-block-list\">\r\n<li>Celebraciones nacionales en eventos, reuniones, etc. para sus asociaciones<\/li>\r\n<li>Eventos de empresa con su equipo y socios de la cadena de suministro de envases<\/li>\r\n<li>Actividades de la prensa nacional y local<\/li>\r\n<li>Promocione su exitoso cart\u00f3n con el logotipo del Premio<\/li>\r\n<li>Utilice el logotipo de Award como enlace a www.procarton.com<\/li>\r\n<li>Utilizar el logotipo del premio para cualquier material de publicaci\u00f3n<\/li>\r\n<li>Utilizar el logotipo de Award como firma para todos los empleados de la empresa<\/li>\r\n<li>Utilice el logotipo de Award para la promoci\u00f3n y publicidad en exposiciones y ferias<\/li>\r\n<li>A\u00f1ada su exitoso cart\u00f3n con el logotipo de Award a sus presentaciones de ventas<\/li>\r\n<li>Env\u00edo del folleto del premio a sus clientes, etc.<\/li>\r\n<li>Impresi\u00f3n y env\u00edo de \"su\" p\u00e1gina del folleto<\/li>\r\n<li>Cartones ganadores disponibles para exposiciones en ferias, congresos, eventos, etc.<\/li>\r\n<\/ol>\r\n\r\n\r\n\r\n<p>\"El concurso Pro Carton ECMA Award ha sido una necesidad para nosotros durante muchos a\u00f1os. Estamos encantados de que en 2015 y en 2016 hayamos sido la empresa m\u00e1s exitosa en general. Esto nos da la confianza de que estamos en el camino correcto y proporcion\u00f3 una motivaci\u00f3n extra y orgullo en la organizaci\u00f3n. Por supuesto, volveremos a participar en 2017 en Pro Carton ECMA Award y haremos todo lo posible para repetir los \u00e9xitos de los dos \u00faltimos a\u00f1os\" Harald Schulz, CEO de AR Packaging<\/p>","protected":false},"excerpt":{"rendered":"<p>26 GOOD REASONS FOR ENTERING The Carton Excellence Award enhances the participants\u2019 image, strengthens their branding and, as a result, boosts sales. Pro Carton spreads the good news about your packaging with a comprehensive marketing package! Social Media and Public Voting assure continued and growing interest in the entries. The finalists and winners receive professional [&hellip;]<\/p>\n","protected":false},"author":1,"featured_media":259310,"parent":258273,"menu_order":2,"comment_status":"closed","ping_status":"closed","template":"templates\/award_details_page.php","meta":{"inline_featured_image":false,"footnotes":""},"class_list":["post-258595","page","type-page","status-publish","has-post-thumbnail","hentry"],"yoast_head":"<!-- This site is optimized with the Yoast SEO plugin v27.4 - https:\/\/yoast.com\/product\/yoast-seo-wordpress\/ -->\n<title>Marketing - Pro Carton<\/title>\n<meta name=\"robots\" content=\"index, follow, max-snippet:-1, max-image-preview:large, max-video-preview:-1\" \/>\n<link rel=\"canonical\" href=\"https:\/\/www.procarton.com\/es\/awards\/european-carton-excellence-award\/2017-2\/marketing\/\" \/>\n<meta property=\"og:locale\" content=\"es_ES\" \/>\n<meta property=\"og:type\" content=\"article\" \/>\n<meta property=\"og:title\" content=\"Marketing - Pro Carton\" \/>\n<meta property=\"og:description\" content=\"26 GOOD REASONS FOR ENTERING The Carton Excellence Award enhances the participants\u2019 image, strengthens their branding and, as a result, boosts sales. Pro Carton spreads the good news about your packaging with a comprehensive marketing package! Social Media and Public Voting assure continued and growing interest in the entries. The finalists and winners receive professional [&hellip;]\" \/>\n<meta property=\"og:url\" content=\"https:\/\/www.procarton.com\/es\/awards\/european-carton-excellence-award\/2017-2\/marketing\/\" \/>\n<meta property=\"og:site_name\" content=\"Pro Carton\" \/>\n<meta property=\"article:publisher\" content=\"https:\/\/www.facebook.com\/procartondesignaward\/\" \/>\n<meta property=\"article:modified_time\" content=\"2022-01-10T10:14:35+00:00\" \/>\n<meta property=\"og:image\" content=\"https:\/\/www.procarton.com\/wp-content\/uploads\/2021\/03\/Award2017_054_m-1.jpg\" \/>\n\t<meta property=\"og:image:width\" content=\"1920\" \/>\n\t<meta property=\"og:image:height\" content=\"1280\" \/>\n\t<meta property=\"og:image:type\" content=\"image\/jpeg\" \/>\n<meta name=\"twitter:card\" content=\"summary_large_image\" \/>\n<meta name=\"twitter:site\" content=\"@pro_carton\" \/>\n<meta name=\"twitter:label1\" content=\"Tiempo de lectura\" \/>\n\t<meta name=\"twitter:data1\" content=\"3 minutos\" \/>\n<script type=\"application\/ld+json\" class=\"yoast-schema-graph\">{\"@context\":\"https:\\\/\\\/schema.org\",\"@graph\":[{\"@type\":\"WebPage\",\"@id\":\"https:\\\/\\\/www.procarton.com\\\/es\\\/awards\\\/european-carton-excellence-award\\\/2017-2\\\/marketing\\\/\",\"url\":\"https:\\\/\\\/www.procarton.com\\\/es\\\/awards\\\/european-carton-excellence-award\\\/2017-2\\\/marketing\\\/\",\"name\":\"Marketing - Pro Carton\",\"isPartOf\":{\"@id\":\"https:\\\/\\\/www.procarton.com\\\/es\\\/#website\"},\"primaryImageOfPage\":{\"@id\":\"https:\\\/\\\/www.procarton.com\\\/es\\\/awards\\\/european-carton-excellence-award\\\/2017-2\\\/marketing\\\/#primaryimage\"},\"image\":{\"@id\":\"https:\\\/\\\/www.procarton.com\\\/es\\\/awards\\\/european-carton-excellence-award\\\/2017-2\\\/marketing\\\/#primaryimage\"},\"thumbnailUrl\":\"https:\\\/\\\/www.procarton.com\\\/wp-content\\\/uploads\\\/2021\\\/03\\\/Award2017_054_m-1.jpg\",\"datePublished\":\"2021-03-16T13:41:09+00:00\",\"dateModified\":\"2022-01-10T10:14:35+00:00\",\"breadcrumb\":{\"@id\":\"https:\\\/\\\/www.procarton.com\\\/es\\\/awards\\\/european-carton-excellence-award\\\/2017-2\\\/marketing\\\/#breadcrumb\"},\"inLanguage\":\"es\",\"potentialAction\":[{\"@type\":\"ReadAction\",\"target\":[\"https:\\\/\\\/www.procarton.com\\\/es\\\/awards\\\/european-carton-excellence-award\\\/2017-2\\\/marketing\\\/\"]}]},{\"@type\":\"ImageObject\",\"inLanguage\":\"es\",\"@id\":\"https:\\\/\\\/www.procarton.com\\\/es\\\/awards\\\/european-carton-excellence-award\\\/2017-2\\\/marketing\\\/#primaryimage\",\"url\":\"https:\\\/\\\/www.procarton.com\\\/wp-content\\\/uploads\\\/2021\\\/03\\\/Award2017_054_m-1.jpg\",\"contentUrl\":\"https:\\\/\\\/www.procarton.com\\\/wp-content\\\/uploads\\\/2021\\\/03\\\/Award2017_054_m-1.jpg\",\"width\":1920,\"height\":1280,\"caption\":\"All together now!\"},{\"@type\":\"BreadcrumbList\",\"@id\":\"https:\\\/\\\/www.procarton.com\\\/es\\\/awards\\\/european-carton-excellence-award\\\/2017-2\\\/marketing\\\/#breadcrumb\",\"itemListElement\":[{\"@type\":\"ListItem\",\"position\":1,\"name\":\"Home\",\"item\":\"https:\\\/\\\/www.procarton.com\\\/\"},{\"@type\":\"ListItem\",\"position\":2,\"name\":\"Awards\",\"item\":\"https:\\\/\\\/www.procarton.com\\\/awards\\\/\"},{\"@type\":\"ListItem\",\"position\":3,\"name\":\"European Carton Excellence Award\",\"item\":\"https:\\\/\\\/www.procarton.com\\\/awards\\\/european-carton-excellence-award\\\/\"},{\"@type\":\"ListItem\",\"position\":4,\"name\":\"2017\",\"item\":\"http:\\\/\\\/www.procarton.com\\\/fr\\\/awards\\\/european-carton-excellence-award\\\/2017-2\\\/\"},{\"@type\":\"ListItem\",\"position\":5,\"name\":\"Marketing\"}]},{\"@type\":\"WebSite\",\"@id\":\"https:\\\/\\\/www.procarton.com\\\/es\\\/#website\",\"url\":\"https:\\\/\\\/www.procarton.com\\\/es\\\/\",\"name\":\"Pro Carton\",\"description\":\"\",\"publisher\":{\"@id\":\"https:\\\/\\\/www.procarton.com\\\/es\\\/#organization\"},\"potentialAction\":[{\"@type\":\"SearchAction\",\"target\":{\"@type\":\"EntryPoint\",\"urlTemplate\":\"https:\\\/\\\/www.procarton.com\\\/es\\\/?s={search_term_string}\"},\"query-input\":{\"@type\":\"PropertyValueSpecification\",\"valueRequired\":true,\"valueName\":\"search_term_string\"}}],\"inLanguage\":\"es\"},{\"@type\":\"Organization\",\"@id\":\"https:\\\/\\\/www.procarton.com\\\/es\\\/#organization\",\"name\":\"ProCarton\",\"url\":\"https:\\\/\\\/www.procarton.com\\\/es\\\/\",\"logo\":{\"@type\":\"ImageObject\",\"inLanguage\":\"es\",\"@id\":\"https:\\\/\\\/www.procarton.com\\\/es\\\/#\\\/schema\\\/logo\\\/image\\\/\",\"url\":\"https:\\\/\\\/www.procarton.com\\\/wp-content\\\/uploads\\\/2022\\\/06\\\/logo-mit-slogan.jpg\",\"contentUrl\":\"https:\\\/\\\/www.procarton.com\\\/wp-content\\\/uploads\\\/2022\\\/06\\\/logo-mit-slogan.jpg\",\"width\":422,\"height\":519,\"caption\":\"ProCarton\"},\"image\":{\"@id\":\"https:\\\/\\\/www.procarton.com\\\/es\\\/#\\\/schema\\\/logo\\\/image\\\/\"},\"sameAs\":[\"https:\\\/\\\/www.facebook.com\\\/procartondesignaward\\\/\",\"https:\\\/\\\/x.com\\\/pro_carton\"]}]}<\/script>\n<!-- \/ Yoast SEO plugin. -->","yoast_head_json":{"title":"Marketing - Pro Carton","robots":{"index":"index","follow":"follow","max-snippet":"max-snippet:-1","max-image-preview":"max-image-preview:large","max-video-preview":"max-video-preview:-1"},"canonical":"https:\/\/www.procarton.com\/es\/awards\/european-carton-excellence-award\/2017-2\/marketing\/","og_locale":"es_ES","og_type":"article","og_title":"Marketing - Pro Carton","og_description":"26 GOOD REASONS FOR ENTERING The Carton Excellence Award enhances the participants\u2019 image, strengthens their branding and, as a result, boosts sales. Pro Carton spreads the good news about your packaging with a comprehensive marketing package! Social Media and Public Voting assure continued and growing interest in the entries. The finalists and winners receive professional [&hellip;]","og_url":"https:\/\/www.procarton.com\/es\/awards\/european-carton-excellence-award\/2017-2\/marketing\/","og_site_name":"Pro Carton","article_publisher":"https:\/\/www.facebook.com\/procartondesignaward\/","article_modified_time":"2022-01-10T10:14:35+00:00","og_image":[{"width":1920,"height":1280,"url":"https:\/\/www.procarton.com\/wp-content\/uploads\/2021\/03\/Award2017_054_m-1.jpg","type":"image\/jpeg"}],"twitter_card":"summary_large_image","twitter_site":"@pro_carton","twitter_misc":{"Tiempo de lectura":"3 minutos"},"schema":{"@context":"https:\/\/schema.org","@graph":[{"@type":"WebPage","@id":"https:\/\/www.procarton.com\/es\/awards\/european-carton-excellence-award\/2017-2\/marketing\/","url":"https:\/\/www.procarton.com\/es\/awards\/european-carton-excellence-award\/2017-2\/marketing\/","name":"Marketing - Pro Carton","isPartOf":{"@id":"https:\/\/www.procarton.com\/es\/#website"},"primaryImageOfPage":{"@id":"https:\/\/www.procarton.com\/es\/awards\/european-carton-excellence-award\/2017-2\/marketing\/#primaryimage"},"image":{"@id":"https:\/\/www.procarton.com\/es\/awards\/european-carton-excellence-award\/2017-2\/marketing\/#primaryimage"},"thumbnailUrl":"https:\/\/www.procarton.com\/wp-content\/uploads\/2021\/03\/Award2017_054_m-1.jpg","datePublished":"2021-03-16T13:41:09+00:00","dateModified":"2022-01-10T10:14:35+00:00","breadcrumb":{"@id":"https:\/\/www.procarton.com\/es\/awards\/european-carton-excellence-award\/2017-2\/marketing\/#breadcrumb"},"inLanguage":"es","potentialAction":[{"@type":"ReadAction","target":["https:\/\/www.procarton.com\/es\/awards\/european-carton-excellence-award\/2017-2\/marketing\/"]}]},{"@type":"ImageObject","inLanguage":"es","@id":"https:\/\/www.procarton.com\/es\/awards\/european-carton-excellence-award\/2017-2\/marketing\/#primaryimage","url":"https:\/\/www.procarton.com\/wp-content\/uploads\/2021\/03\/Award2017_054_m-1.jpg","contentUrl":"https:\/\/www.procarton.com\/wp-content\/uploads\/2021\/03\/Award2017_054_m-1.jpg","width":1920,"height":1280,"caption":"All together now!"},{"@type":"BreadcrumbList","@id":"https:\/\/www.procarton.com\/es\/awards\/european-carton-excellence-award\/2017-2\/marketing\/#breadcrumb","itemListElement":[{"@type":"ListItem","position":1,"name":"Home","item":"https:\/\/www.procarton.com\/"},{"@type":"ListItem","position":2,"name":"Awards","item":"https:\/\/www.procarton.com\/awards\/"},{"@type":"ListItem","position":3,"name":"European Carton Excellence Award","item":"https:\/\/www.procarton.com\/awards\/european-carton-excellence-award\/"},{"@type":"ListItem","position":4,"name":"2017","item":"http:\/\/www.procarton.com\/fr\/awards\/european-carton-excellence-award\/2017-2\/"},{"@type":"ListItem","position":5,"name":"Marketing"}]},{"@type":"WebSite","@id":"https:\/\/www.procarton.com\/es\/#website","url":"https:\/\/www.procarton.com\/es\/","name":"Pro Carton","description":"","publisher":{"@id":"https:\/\/www.procarton.com\/es\/#organization"},"potentialAction":[{"@type":"SearchAction","target":{"@type":"EntryPoint","urlTemplate":"https:\/\/www.procarton.com\/es\/?s={search_term_string}"},"query-input":{"@type":"PropertyValueSpecification","valueRequired":true,"valueName":"search_term_string"}}],"inLanguage":"es"},{"@type":"Organization","@id":"https:\/\/www.procarton.com\/es\/#organization","name":"ProCarton","url":"https:\/\/www.procarton.com\/es\/","logo":{"@type":"ImageObject","inLanguage":"es","@id":"https:\/\/www.procarton.com\/es\/#\/schema\/logo\/image\/","url":"https:\/\/www.procarton.com\/wp-content\/uploads\/2022\/06\/logo-mit-slogan.jpg","contentUrl":"https:\/\/www.procarton.com\/wp-content\/uploads\/2022\/06\/logo-mit-slogan.jpg","width":422,"height":519,"caption":"ProCarton"},"image":{"@id":"https:\/\/www.procarton.com\/es\/#\/schema\/logo\/image\/"},"sameAs":["https:\/\/www.facebook.com\/procartondesignaward\/","https:\/\/x.com\/pro_carton"]}]}},"_links":{"self":[{"href":"https:\/\/www.procarton.com\/es\/wp-json\/wp\/v2\/pages\/258595","targetHints":{"allow":["GET"]}}],"collection":[{"href":"https:\/\/www.procarton.com\/es\/wp-json\/wp\/v2\/pages"}],"about":[{"href":"https:\/\/www.procarton.com\/es\/wp-json\/wp\/v2\/types\/page"}],"author":[{"embeddable":true,"href":"https:\/\/www.procarton.com\/es\/wp-json\/wp\/v2\/users\/1"}],"replies":[{"embeddable":true,"href":"https:\/\/www.procarton.com\/es\/wp-json\/wp\/v2\/comments?post=258595"}],"version-history":[{"count":2,"href":"https:\/\/www.procarton.com\/es\/wp-json\/wp\/v2\/pages\/258595\/revisions"}],"predecessor-version":[{"id":272472,"href":"https:\/\/www.procarton.com\/es\/wp-json\/wp\/v2\/pages\/258595\/revisions\/272472"}],"up":[{"embeddable":true,"href":"https:\/\/www.procarton.com\/es\/wp-json\/wp\/v2\/pages\/258273"}],"wp:featuredmedia":[{"embeddable":true,"href":"https:\/\/www.procarton.com\/es\/wp-json\/wp\/v2\/media\/259310"}],"wp:attachment":[{"href":"https:\/\/www.procarton.com\/es\/wp-json\/wp\/v2\/media?parent=258595"}],"curies":[{"name":"wp","href":"https:\/\/api.w.org\/{rel}","templated":true}]}}