{"id":258583,"date":"2021-03-16T13:32:50","date_gmt":"2021-03-16T13:32:50","guid":{"rendered":"\/awards\/european-carton-excellence-award\/2016\/jury\/"},"modified":"2022-01-10T10:13:32","modified_gmt":"2022-01-10T10:13:32","slug":"jury","status":"publish","type":"page","link":"https:\/\/www.procarton.com\/es\/awards\/european-carton-excellence-award\/2016-2\/jury\/","title":{"rendered":"Jurado"},"content":{"rendered":"<div class=\"wp-block-media-text alignwide is-stacked-on-mobile\">\r\n<figure class=\"wp-block-media-text__media\"><img decoding=\"async\" class=\"wp-image-258400 size-full\" src=\"\/wp-content\/uploads\/2021\/03\/satkar_gidda_neu-779x1024.jpg\" alt=\"\" \/><\/figure>\r\n<div class=\"wp-block-media-text__content\">\r\n<h2 class=\"wp-block-heading\">SATKAR GIDDA<\/h2>\r\n\r\n\r\n\r\n<h3 class=\"wp-block-heading\">PRESIDENTE DEL JURADO<\/h3>\r\n\r\n\r\n\r\n<p>Satkar Gidda estudi\u00f3 Empresariales y Marketing y ha trabajado 6 a\u00f1os en Ventas, Trade Marketing y Brand Marketing para RHM Foods y Nestl\u00e9, seguidos de 30 a\u00f1os como Director de Ventas y Marketing de SiebertHead, la consultora de dise\u00f1o de marcas y envases m\u00e1s antigua del Reino Unido. Desde marzo de 2020, Satkar trabaja como consultor independiente.<\/p>\r\n<\/div>\r\n<\/div>\r\n\r\n\r\n\r\n<div class=\"wp-block-media-text alignwide has-media-on-the-right is-stacked-on-mobile\">\r\n<figure class=\"wp-block-media-text__media\"><img decoding=\"async\" class=\"wp-image-258571 size-full\" src=\"\/wp-content\/uploads\/2021\/03\/krekels_neu-806x1024.jpeg\" alt=\"\" \/><\/figure>\r\n<div class=\"wp-block-media-text__content\">\r\n<h2 class=\"wp-block-heading\">LOTTE KREKELS<\/h2>\r\n\r\n\r\n\r\n<h3 class=\"wp-block-heading\">CARREFOUR B\u00c9LGICA<\/h3>\r\n\r\n\r\n\r\n<p>lleva m\u00e1s de 20 a\u00f1os trabajando en el sector del envase y embalaje, los \u00faltimos cuatro como directora de envase y embalaje. Es jefa del departamento de envase y embalaje de Carrefour B\u00e9lgica. Su funci\u00f3n es velar por la seguridad alimentaria, la sostenibilidad y el dise\u00f1o de los envases de la propia marca Carrefour en el mercado belga. Carrefour B\u00e9lgica es uno de los principales minoristas del mercado belga y forma parte del Grupo Carrefour, el segundo grupo de distribuci\u00f3n del mundo con m\u00e1s de 12.000 tiendas.<\/p>\r\n<\/div>\r\n<\/div>\r\n\r\n\r\n\r\n<div class=\"wp-block-media-text alignwide is-stacked-on-mobile\">\r\n<figure class=\"wp-block-media-text__media\"><img loading=\"lazy\" decoding=\"async\" width=\"675\" height=\"844\" class=\"wp-image-258572 size-full\" src=\"\/wp-content\/uploads\/2021\/03\/lippitsch1.jpeg\" alt=\"\" srcset=\"https:\/\/www.procarton.com\/wp-content\/uploads\/2021\/03\/lippitsch1.jpeg 675w, https:\/\/www.procarton.com\/wp-content\/uploads\/2021\/03\/lippitsch1-240x300.jpeg 240w, https:\/\/www.procarton.com\/wp-content\/uploads\/2021\/03\/lippitsch1-10x12.jpeg 10w, https:\/\/www.procarton.com\/wp-content\/uploads\/2021\/03\/lippitsch1-564x705.jpeg 564w\" sizes=\"auto, (max-width: 675px) 100vw, 675px\" \/><\/figure>\r\n<div class=\"wp-block-media-text__content\">\r\n<h2 class=\"wp-block-heading\"><br \/>SUSANNE LIPPITSCH<\/h2>\r\n\r\n\r\n\r\n<h3 class=\"wp-block-heading\">DISE\u00d1O DE SL<\/h3>\r\n\r\n\r\n\r\n<p>Susanne Lippitsch se gradu\u00f3 en Dise\u00f1o Industrial en la Universidad de Artes Aplicadas de Viena. Durante su formaci\u00f3n realiz\u00f3 el Masterclass de Packaging en la Escola de Disseny Elisava de Barcelona. Desde 2001, ha trabajado como dise\u00f1adora de envases independiente y ha ense\u00f1ado dise\u00f1o de envases en Graz y Salzburgo durante m\u00e1s de 15 a\u00f1os. Su trabajo ha ganado varios premios y entre sus clientes se encuentran muchas empresas de prestigio.<\/p>\r\n<\/div>\r\n<\/div>\r\n\r\n\r\n\r\n<div class=\"wp-block-media-text alignwide has-media-on-the-right is-stacked-on-mobile\">\r\n<figure class=\"wp-block-media-text__media\"><img decoding=\"async\" class=\"wp-image-258538 size-full\" src=\"\/wp-content\/uploads\/2021\/03\/duivenvoorden_neu-798x1024.jpeg\" alt=\"\" \/><\/figure>\r\n<div class=\"wp-block-media-text__content\">\r\n<h2 class=\"wp-block-heading\">WILFRIED DUIVENVOORDEN<\/h2>\r\n\r\n\r\n\r\n<h3 class=\"wp-block-heading\">UNILEVER<\/h3>\r\n\r\n\r\n\r\n<p>Wilfried Duivenvoorden se gradu\u00f3 en la Universidad Erasmus de Rotterdam como m\u00e1ster en Econom\u00eda Empresarial y Direcci\u00f3n General. Tras finalizar sus estudios, se incorpor\u00f3 inmediatamente a la industria del envase y embalaje. En 1999 se incorpor\u00f3 a Unilever como director europeo de compras de materiales de envase y embalaje para el negocio de los helados y los alimentos congelados. En 2006 se convirti\u00f3 en director de compras globales de materiales de envase y embalaje a base de fibra de madera para alimentos y cuidado personal y del hogar. Desde 2014 es responsable de las adquisiciones de productos acabados de Unilever para el hogar y el cuidado personal en Europa.<\/p>\r\n<\/div>\r\n<\/div>\r\n\r\n\r\n\r\n<div class=\"wp-block-media-text alignwide is-stacked-on-mobile\">\r\n<figure class=\"wp-block-media-text__media\"><img loading=\"lazy\" decoding=\"async\" width=\"675\" height=\"844\" class=\"wp-image-258587 size-full\" src=\"\/wp-content\/uploads\/2021\/03\/strahlendorf.jpeg\" alt=\"\" srcset=\"https:\/\/www.procarton.com\/wp-content\/uploads\/2021\/03\/strahlendorf.jpeg 675w, https:\/\/www.procarton.com\/wp-content\/uploads\/2021\/03\/strahlendorf-240x300.jpeg 240w, https:\/\/www.procarton.com\/wp-content\/uploads\/2021\/03\/strahlendorf-10x12.jpeg 10w, https:\/\/www.procarton.com\/wp-content\/uploads\/2021\/03\/strahlendorf-564x705.jpeg 564w\" sizes=\"auto, (max-width: 675px) 100vw, 675px\" \/><\/figure>\r\n<div class=\"wp-block-media-text__content\">\r\n<h2 class=\"wp-block-heading\">PETER STRAHLENDORF<\/h2>\r\n\r\n\r\n\r\n<h3 class=\"wp-block-heading\">\"NUEVOS NEGOCIOS\"<\/h3>\r\n\r\n\r\n\r\n<p>Peter Strahlendorf comenz\u00f3 su carrera como consultor e investigador en la agencia publicitaria Lintas de Unilever en Hamburgo. M\u00e1s tarde trabaj\u00f3 como periodista y consultor en los mercados de publicidad, medios de comunicaci\u00f3n y marketing. Tras cuatro a\u00f1os como director de comunicaci\u00f3n y relaciones p\u00fablicas en la cadena de televisi\u00f3n Sat.1, en 1997 compr\u00f3 la publicaci\u00f3n comercial alemana \"New Business\". Desde entonces trabaja como editor y redactor jefe.<\/p>\r\n<\/div>\r\n<\/div>\r\n\r\n\r\n\r\n<div class=\"wp-block-media-text alignwide has-media-on-the-right is-stacked-on-mobile\">\r\n<figure class=\"wp-block-media-text__media\"><img loading=\"lazy\" decoding=\"async\" width=\"675\" height=\"844\" class=\"wp-image-258510 size-full\" src=\"\/wp-content\/uploads\/2021\/03\/sprokkelhorst.jpeg\" alt=\"\" srcset=\"https:\/\/www.procarton.com\/wp-content\/uploads\/2021\/03\/sprokkelhorst.jpeg 675w, https:\/\/www.procarton.com\/wp-content\/uploads\/2021\/03\/sprokkelhorst-240x300.jpeg 240w, https:\/\/www.procarton.com\/wp-content\/uploads\/2021\/03\/sprokkelhorst-10x12.jpeg 10w, https:\/\/www.procarton.com\/wp-content\/uploads\/2021\/03\/sprokkelhorst-564x705.jpeg 564w\" sizes=\"auto, (max-width: 675px) 100vw, 675px\" \/><\/figure>\r\n<div class=\"wp-block-media-text__content\">\r\n<h2 class=\"wp-block-heading\">PETER KLEIN SPROKKELHORST<\/h2>\r\n\r\n\r\n\r\n<h3 class=\"wp-block-heading\">ASESOR DEL JURADO<\/h3>\r\n\r\n\r\n\r\n<p>Tras formarse como ingeniero mec\u00e1nico, Peter Klein Sprokkelhorst decidi\u00f3 incorporarse a la industria del procesamiento del papel. En 1982 se convirti\u00f3 en director general de Zedek Deventer Holland (que hoy pertenece al Grupo Smurfit Kappa) y convirti\u00f3 la empresa en un importante proveedor de expositores y embalajes en Europa. Se jubil\u00f3 en 2008, pero con 45 a\u00f1os de experiencia sigue activo como consultor independiente.<\/p>\r\n<\/div>\r\n<\/div>","protected":false},"excerpt":{"rendered":"<p>SATKAR GIDDA CHAIRMAN OF THE JURY Satkar Gidda studied Business Studies and Marketing and has worked 6 years in Sales, Trade Marketing and Brand Marketing for RHM Foods and Nestle followed by 30 years as Sales &amp; Marketing Director of SiebertHead, the longest established brand and packaging design consultancy in the UK. Since March 2020, [&hellip;]<\/p>\n","protected":false},"author":1,"featured_media":0,"parent":258274,"menu_order":3,"comment_status":"closed","ping_status":"closed","template":"templates\/award_details_page.php","meta":{"inline_featured_image":false,"footnotes":""},"class_list":["post-258583","page","type-page","status-publish","hentry"],"yoast_head":"<!-- This site is optimized with the Yoast SEO plugin v27.3 - https:\/\/yoast.com\/product\/yoast-seo-wordpress\/ -->\n<title>Jury - Pro Carton<\/title>\n<meta name=\"robots\" content=\"index, follow, max-snippet:-1, max-image-preview:large, max-video-preview:-1\" \/>\n<link rel=\"canonical\" href=\"https:\/\/www.procarton.com\/es\/awards\/european-carton-excellence-award\/2016-2\/jury\/\" \/>\n<meta property=\"og:locale\" content=\"es_ES\" \/>\n<meta property=\"og:type\" content=\"article\" \/>\n<meta property=\"og:title\" content=\"Jury - Pro Carton\" \/>\n<meta property=\"og:description\" content=\"SATKAR GIDDA CHAIRMAN OF THE JURY Satkar Gidda studied Business Studies and Marketing and has worked 6 years in Sales, Trade Marketing and Brand Marketing for RHM Foods and Nestle followed by 30 years as Sales &amp; Marketing Director of SiebertHead, the longest established brand and packaging design consultancy in the UK. Since March 2020, [&hellip;]\" \/>\n<meta property=\"og:url\" content=\"https:\/\/www.procarton.com\/es\/awards\/european-carton-excellence-award\/2016-2\/jury\/\" \/>\n<meta property=\"og:site_name\" content=\"Pro Carton\" \/>\n<meta property=\"article:publisher\" content=\"https:\/\/www.facebook.com\/procartondesignaward\/\" \/>\n<meta property=\"article:modified_time\" content=\"2022-01-10T10:13:32+00:00\" \/>\n<meta name=\"twitter:card\" content=\"summary_large_image\" \/>\n<meta name=\"twitter:site\" content=\"@pro_carton\" \/>\n<meta name=\"twitter:label1\" content=\"Tiempo de lectura\" \/>\n\t<meta name=\"twitter:data1\" content=\"4 minutos\" \/>\n<script type=\"application\/ld+json\" class=\"yoast-schema-graph\">{\"@context\":\"https:\\\/\\\/schema.org\",\"@graph\":[{\"@type\":\"WebPage\",\"@id\":\"https:\\\/\\\/www.procarton.com\\\/es\\\/awards\\\/european-carton-excellence-award\\\/2016-2\\\/jury\\\/\",\"url\":\"https:\\\/\\\/www.procarton.com\\\/es\\\/awards\\\/european-carton-excellence-award\\\/2016-2\\\/jury\\\/\",\"name\":\"Jury - Pro Carton\",\"isPartOf\":{\"@id\":\"https:\\\/\\\/www.procarton.com\\\/es\\\/#website\"},\"datePublished\":\"2021-03-16T13:32:50+00:00\",\"dateModified\":\"2022-01-10T10:13:32+00:00\",\"breadcrumb\":{\"@id\":\"https:\\\/\\\/www.procarton.com\\\/es\\\/awards\\\/european-carton-excellence-award\\\/2016-2\\\/jury\\\/#breadcrumb\"},\"inLanguage\":\"es\",\"potentialAction\":[{\"@type\":\"ReadAction\",\"target\":[\"https:\\\/\\\/www.procarton.com\\\/es\\\/awards\\\/european-carton-excellence-award\\\/2016-2\\\/jury\\\/\"]}]},{\"@type\":\"BreadcrumbList\",\"@id\":\"https:\\\/\\\/www.procarton.com\\\/es\\\/awards\\\/european-carton-excellence-award\\\/2016-2\\\/jury\\\/#breadcrumb\",\"itemListElement\":[{\"@type\":\"ListItem\",\"position\":1,\"name\":\"Home\",\"item\":\"https:\\\/\\\/www.procarton.com\\\/\"},{\"@type\":\"ListItem\",\"position\":2,\"name\":\"Awards\",\"item\":\"https:\\\/\\\/www.procarton.com\\\/awards\\\/\"},{\"@type\":\"ListItem\",\"position\":3,\"name\":\"European Carton Excellence Award\",\"item\":\"https:\\\/\\\/www.procarton.com\\\/awards\\\/european-carton-excellence-award\\\/\"},{\"@type\":\"ListItem\",\"position\":4,\"name\":\"2016\",\"item\":\"https:\\\/\\\/www.procarton.com\\\/es\\\/awards\\\/european-carton-excellence-award\\\/2016-2\\\/\"},{\"@type\":\"ListItem\",\"position\":5,\"name\":\"Jury\"}]},{\"@type\":\"WebSite\",\"@id\":\"https:\\\/\\\/www.procarton.com\\\/es\\\/#website\",\"url\":\"https:\\\/\\\/www.procarton.com\\\/es\\\/\",\"name\":\"Pro Carton\",\"description\":\"\",\"publisher\":{\"@id\":\"https:\\\/\\\/www.procarton.com\\\/es\\\/#organization\"},\"potentialAction\":[{\"@type\":\"SearchAction\",\"target\":{\"@type\":\"EntryPoint\",\"urlTemplate\":\"https:\\\/\\\/www.procarton.com\\\/es\\\/?s={search_term_string}\"},\"query-input\":{\"@type\":\"PropertyValueSpecification\",\"valueRequired\":true,\"valueName\":\"search_term_string\"}}],\"inLanguage\":\"es\"},{\"@type\":\"Organization\",\"@id\":\"https:\\\/\\\/www.procarton.com\\\/es\\\/#organization\",\"name\":\"ProCarton\",\"url\":\"https:\\\/\\\/www.procarton.com\\\/es\\\/\",\"logo\":{\"@type\":\"ImageObject\",\"inLanguage\":\"es\",\"@id\":\"https:\\\/\\\/www.procarton.com\\\/es\\\/#\\\/schema\\\/logo\\\/image\\\/\",\"url\":\"https:\\\/\\\/www.procarton.com\\\/wp-content\\\/uploads\\\/2022\\\/06\\\/logo-mit-slogan.jpg\",\"contentUrl\":\"https:\\\/\\\/www.procarton.com\\\/wp-content\\\/uploads\\\/2022\\\/06\\\/logo-mit-slogan.jpg\",\"width\":422,\"height\":519,\"caption\":\"ProCarton\"},\"image\":{\"@id\":\"https:\\\/\\\/www.procarton.com\\\/es\\\/#\\\/schema\\\/logo\\\/image\\\/\"},\"sameAs\":[\"https:\\\/\\\/www.facebook.com\\\/procartondesignaward\\\/\",\"https:\\\/\\\/x.com\\\/pro_carton\"]}]}<\/script>\n<!-- \/ Yoast SEO plugin. -->","yoast_head_json":{"title":"Jurado - Pro Carton","robots":{"index":"index","follow":"follow","max-snippet":"max-snippet:-1","max-image-preview":"max-image-preview:large","max-video-preview":"max-video-preview:-1"},"canonical":"https:\/\/www.procarton.com\/es\/awards\/european-carton-excellence-award\/2016-2\/jury\/","og_locale":"es_ES","og_type":"article","og_title":"Jury - Pro Carton","og_description":"SATKAR GIDDA CHAIRMAN OF THE JURY Satkar Gidda studied Business Studies and Marketing and has worked 6 years in Sales, Trade Marketing and Brand Marketing for RHM Foods and Nestle followed by 30 years as Sales &amp; Marketing Director of SiebertHead, the longest established brand and packaging design consultancy in the UK. Since March 2020, [&hellip;]","og_url":"https:\/\/www.procarton.com\/es\/awards\/european-carton-excellence-award\/2016-2\/jury\/","og_site_name":"Pro Carton","article_publisher":"https:\/\/www.facebook.com\/procartondesignaward\/","article_modified_time":"2022-01-10T10:13:32+00:00","twitter_card":"summary_large_image","twitter_site":"@pro_carton","twitter_misc":{"Tiempo de lectura":"4 minutos"},"schema":{"@context":"https:\/\/schema.org","@graph":[{"@type":"WebPage","@id":"https:\/\/www.procarton.com\/es\/awards\/european-carton-excellence-award\/2016-2\/jury\/","url":"https:\/\/www.procarton.com\/es\/awards\/european-carton-excellence-award\/2016-2\/jury\/","name":"Jurado - Pro Carton","isPartOf":{"@id":"https:\/\/www.procarton.com\/es\/#website"},"datePublished":"2021-03-16T13:32:50+00:00","dateModified":"2022-01-10T10:13:32+00:00","breadcrumb":{"@id":"https:\/\/www.procarton.com\/es\/awards\/european-carton-excellence-award\/2016-2\/jury\/#breadcrumb"},"inLanguage":"es","potentialAction":[{"@type":"ReadAction","target":["https:\/\/www.procarton.com\/es\/awards\/european-carton-excellence-award\/2016-2\/jury\/"]}]},{"@type":"BreadcrumbList","@id":"https:\/\/www.procarton.com\/es\/awards\/european-carton-excellence-award\/2016-2\/jury\/#breadcrumb","itemListElement":[{"@type":"ListItem","position":1,"name":"Home","item":"https:\/\/www.procarton.com\/"},{"@type":"ListItem","position":2,"name":"Awards","item":"https:\/\/www.procarton.com\/awards\/"},{"@type":"ListItem","position":3,"name":"European Carton Excellence Award","item":"https:\/\/www.procarton.com\/awards\/european-carton-excellence-award\/"},{"@type":"ListItem","position":4,"name":"2016","item":"https:\/\/www.procarton.com\/es\/awards\/european-carton-excellence-award\/2016-2\/"},{"@type":"ListItem","position":5,"name":"Jury"}]},{"@type":"WebSite","@id":"https:\/\/www.procarton.com\/es\/#website","url":"https:\/\/www.procarton.com\/es\/","name":"Pro Carton","description":"","publisher":{"@id":"https:\/\/www.procarton.com\/es\/#organization"},"potentialAction":[{"@type":"SearchAction","target":{"@type":"EntryPoint","urlTemplate":"https:\/\/www.procarton.com\/es\/?s={search_term_string}"},"query-input":{"@type":"PropertyValueSpecification","valueRequired":true,"valueName":"search_term_string"}}],"inLanguage":"es"},{"@type":"Organization","@id":"https:\/\/www.procarton.com\/es\/#organization","name":"ProCarton","url":"https:\/\/www.procarton.com\/es\/","logo":{"@type":"ImageObject","inLanguage":"es","@id":"https:\/\/www.procarton.com\/es\/#\/schema\/logo\/image\/","url":"https:\/\/www.procarton.com\/wp-content\/uploads\/2022\/06\/logo-mit-slogan.jpg","contentUrl":"https:\/\/www.procarton.com\/wp-content\/uploads\/2022\/06\/logo-mit-slogan.jpg","width":422,"height":519,"caption":"ProCarton"},"image":{"@id":"https:\/\/www.procarton.com\/es\/#\/schema\/logo\/image\/"},"sameAs":["https:\/\/www.facebook.com\/procartondesignaward\/","https:\/\/x.com\/pro_carton"]}]}},"_links":{"self":[{"href":"https:\/\/www.procarton.com\/es\/wp-json\/wp\/v2\/pages\/258583","targetHints":{"allow":["GET"]}}],"collection":[{"href":"https:\/\/www.procarton.com\/es\/wp-json\/wp\/v2\/pages"}],"about":[{"href":"https:\/\/www.procarton.com\/es\/wp-json\/wp\/v2\/types\/page"}],"author":[{"embeddable":true,"href":"https:\/\/www.procarton.com\/es\/wp-json\/wp\/v2\/users\/1"}],"replies":[{"embeddable":true,"href":"https:\/\/www.procarton.com\/es\/wp-json\/wp\/v2\/comments?post=258583"}],"version-history":[{"count":2,"href":"https:\/\/www.procarton.com\/es\/wp-json\/wp\/v2\/pages\/258583\/revisions"}],"predecessor-version":[{"id":272463,"href":"https:\/\/www.procarton.com\/es\/wp-json\/wp\/v2\/pages\/258583\/revisions\/272463"}],"up":[{"embeddable":true,"href":"https:\/\/www.procarton.com\/es\/wp-json\/wp\/v2\/pages\/258274"}],"wp:attachment":[{"href":"https:\/\/www.procarton.com\/es\/wp-json\/wp\/v2\/media?parent=258583"}],"curies":[{"name":"wp","href":"https:\/\/api.w.org\/{rel}","templated":true}]}}