{"id":258561,"date":"2021-03-16T13:25:21","date_gmt":"2021-03-16T13:25:21","guid":{"rendered":"\/awards\/european-carton-excellence-award\/2015\/jury\/"},"modified":"2022-01-10T10:10:16","modified_gmt":"2022-01-10T10:10:16","slug":"jury","status":"publish","type":"page","link":"https:\/\/www.procarton.com\/es\/awards\/european-carton-excellence-award\/2015-2\/jury\/","title":{"rendered":"Jurado"},"content":{"rendered":"<h3 class=\"wp-block-heading\">Comentarios del Presidente<\/h3>\r\n\r\n\r\n\r\n<p>Este a\u00f1o se ha a\u00f1adido una dimensi\u00f3n muy bienvenida al contar con dos mujeres como complemento del jurado. Lotte Krekels, de Carrefour, aport\u00f3 su experiencia en el sector minorista, y Susanne Lippitsch sus considerables conocimientos de dise\u00f1o estructural.<\/p>\r\n\r\n\r\n\r\n<p>El hecho de contar con una perspectiva tan amplia, que tambi\u00e9n inclu\u00eda a dos miembros del lado del cliente, realmente mejor\u00f3 el debate, que se enriqueci\u00f3 a\u00fan m\u00e1s debido a la calidad de las entradas. Aunque el n\u00famero de participantes fue ligeramente inferior al del a\u00f1o pasado, es justo decir que la calidad lo compens\u00f3 con creces.<\/p>\r\n\r\n\r\n\r\n<p>Curiosamente, el jurado qued\u00f3 muy impresionado con los envases de belleza, farmac\u00e9uticos y alimentarios, pero incluso en las dem\u00e1s categor\u00edas, el jurado expres\u00f3 a menudo un comentario de \"no lo hab\u00eda visto antes\" y muchos de los envases exig\u00edan que se interactuara con ellos.<\/p>\r\n\r\n\r\n\r\n<p>El a\u00f1o pasado, el tema parec\u00eda ser la \"atenci\u00f3n al detalle\", que recorr\u00eda muchas de las rutas preseleccionadas. Este a\u00f1o el tema parec\u00eda ser la \"ingenier\u00eda\". Algunas de las obras de ingenier\u00eda de cart\u00f3n eran realmente sorprendentes.<\/p>\r\n\r\n\r\n\r\n<p>Como puede verse con el ganador de la secci\u00f3n \"M\u00e1s innovador\", el dise\u00f1o de envases de cart\u00f3n \"asombroso\" y \"sorprendente\" no tiene por qu\u00e9 ser complejo. Si podemos combinar un concepto excelente con la producci\u00f3n, la distribuci\u00f3n, los requisitos de venta al por menor y, sobre todo, los requisitos de los consumidores, entonces tenemos algo realmente poderoso.<\/p>\r\n\r\n\r\n\r\n<p><em>Satkar Gidda, presidente del jurado<\/em><\/p>\r\n\r\n\r\n\r\n<div class=\"wp-block-media-text alignwide is-stacked-on-mobile\">\r\n<figure class=\"wp-block-media-text__media\"><img loading=\"lazy\" decoding=\"async\" width=\"898\" height=\"1181\" class=\"wp-image-258400 size-full\" src=\"\/wp-content\/uploads\/2021\/03\/satkar_gidda_neu.jpg\" alt=\"\" srcset=\"https:\/\/www.procarton.com\/wp-content\/uploads\/2021\/03\/satkar_gidda_neu.jpg 898w, https:\/\/www.procarton.com\/wp-content\/uploads\/2021\/03\/satkar_gidda_neu-228x300.jpg 228w, https:\/\/www.procarton.com\/wp-content\/uploads\/2021\/03\/satkar_gidda_neu-783x1030.jpg 783w, https:\/\/www.procarton.com\/wp-content\/uploads\/2021\/03\/satkar_gidda_neu-768x1010.jpg 768w, https:\/\/www.procarton.com\/wp-content\/uploads\/2021\/03\/satkar_gidda_neu-9x12.jpg 9w, https:\/\/www.procarton.com\/wp-content\/uploads\/2021\/03\/satkar_gidda_neu-536x705.jpg 536w\" sizes=\"auto, (max-width: 898px) 100vw, 898px\" \/><\/figure>\r\n<div class=\"wp-block-media-text__content\">\r\n<h3 class=\"wp-block-heading\">SATKAR GIDDA<\/h3>\r\n\r\n\r\n\r\n<h4 class=\"wp-block-heading\">PRESIDENTE DEL JURADO<\/h4>\r\n\r\n\r\n\r\n<p>Satkar Gidda estudi\u00f3 Empresariales y Marketing y ha trabajado 6 a\u00f1os en Ventas, Trade Marketing y Brand Marketing para RHM Foods y Nestl\u00e9, seguidos de 30 a\u00f1os como Director de Ventas y Marketing de SiebertHead, la consultora de dise\u00f1o de marcas y envases m\u00e1s antigua del Reino Unido. Desde marzo de 2020, Satkar trabaja como consultor independiente.<\/p>\r\n<\/div>\r\n<\/div>\r\n\r\n\r\n\r\n<div class=\"wp-block-media-text alignwide has-media-on-the-right is-stacked-on-mobile\">\r\n<figure class=\"wp-block-media-text__media\"><img loading=\"lazy\" decoding=\"async\" width=\"1000\" height=\"1270\" class=\"wp-image-258571 size-full\" src=\"\/wp-content\/uploads\/2021\/03\/krekels_neu.jpeg\" alt=\"\" srcset=\"https:\/\/www.procarton.com\/wp-content\/uploads\/2021\/03\/krekels_neu.jpeg 1000w, https:\/\/www.procarton.com\/wp-content\/uploads\/2021\/03\/krekels_neu-236x300.jpeg 236w, https:\/\/www.procarton.com\/wp-content\/uploads\/2021\/03\/krekels_neu-811x1030.jpeg 811w, https:\/\/www.procarton.com\/wp-content\/uploads\/2021\/03\/krekels_neu-768x975.jpeg 768w, https:\/\/www.procarton.com\/wp-content\/uploads\/2021\/03\/krekels_neu-9x12.jpeg 9w, https:\/\/www.procarton.com\/wp-content\/uploads\/2021\/03\/krekels_neu-555x705.jpeg 555w\" sizes=\"auto, (max-width: 1000px) 100vw, 1000px\" \/><\/figure>\r\n<div class=\"wp-block-media-text__content\">\r\n<h3 class=\"wp-block-heading\">LOTTE KREKELS<\/h3>\r\n\r\n\r\n\r\n<h4 class=\"wp-block-heading\">CARREFOUR B\u00c9LGICA<\/h4>\r\n\r\n\r\n\r\n<p>lleva m\u00e1s de 20 a\u00f1os trabajando en el sector del envase y embalaje, los \u00faltimos cuatro como directora de envase y embalaje. Es jefa del departamento de envase y embalaje de Carrefour B\u00e9lgica. Su funci\u00f3n es velar por la seguridad alimentaria, la sostenibilidad y el dise\u00f1o de los envases de la propia marca Carrefour en el mercado belga. Carrefour B\u00e9lgica es uno de los principales minoristas del mercado belga y forma parte del Grupo Carrefour, el segundo grupo de distribuci\u00f3n del mundo con m\u00e1s de 12.000 tiendas.<\/p>\r\n<\/div>\r\n<\/div>\r\n\r\n\r\n\r\n<div class=\"wp-block-media-text alignwide is-stacked-on-mobile\">\r\n<figure class=\"wp-block-media-text__media\"><img loading=\"lazy\" decoding=\"async\" width=\"675\" height=\"844\" class=\"wp-image-258572 size-full\" src=\"\/wp-content\/uploads\/2021\/03\/lippitsch1.jpeg\" alt=\"\" srcset=\"https:\/\/www.procarton.com\/wp-content\/uploads\/2021\/03\/lippitsch1.jpeg 675w, https:\/\/www.procarton.com\/wp-content\/uploads\/2021\/03\/lippitsch1-240x300.jpeg 240w, https:\/\/www.procarton.com\/wp-content\/uploads\/2021\/03\/lippitsch1-10x12.jpeg 10w, https:\/\/www.procarton.com\/wp-content\/uploads\/2021\/03\/lippitsch1-564x705.jpeg 564w\" sizes=\"auto, (max-width: 675px) 100vw, 675px\" \/><\/figure>\r\n<div class=\"wp-block-media-text__content\">\r\n<h3 class=\"wp-block-heading\"><br \/>SUSANNE LIPPITSCH<\/h3>\r\n\r\n\r\n\r\n<h4 class=\"wp-block-heading\">DISE\u00d1O DE SL<\/h4>\r\n\r\n\r\n\r\n<p>Susanne Lippitsch se gradu\u00f3 en Dise\u00f1o Industrial en la Universidad de Artes Aplicadas de Viena. Durante su formaci\u00f3n realiz\u00f3 el Masterclass de Packaging en la Escola de Disseny Elisava de Barcelona. Desde 2001, ha trabajado como dise\u00f1adora de envases independiente y ha ense\u00f1ado dise\u00f1o de envases en Graz y Salzburgo durante m\u00e1s de 15 a\u00f1os. Su trabajo ha ganado varios premios y entre sus clientes se encuentran muchas empresas de prestigio.<\/p>\r\n<\/div>\r\n<\/div>\r\n\r\n\r\n\r\n<div class=\"wp-block-media-text alignwide has-media-on-the-right is-stacked-on-mobile\">\r\n<figure class=\"wp-block-media-text__media\"><img loading=\"lazy\" decoding=\"async\" width=\"1000\" height=\"1283\" class=\"wp-image-258538 size-full\" src=\"\/wp-content\/uploads\/2021\/03\/duivenvoorden_neu.jpeg\" alt=\"\" srcset=\"https:\/\/www.procarton.com\/wp-content\/uploads\/2021\/03\/duivenvoorden_neu.jpeg 1000w, https:\/\/www.procarton.com\/wp-content\/uploads\/2021\/03\/duivenvoorden_neu-234x300.jpeg 234w, https:\/\/www.procarton.com\/wp-content\/uploads\/2021\/03\/duivenvoorden_neu-803x1030.jpeg 803w, https:\/\/www.procarton.com\/wp-content\/uploads\/2021\/03\/duivenvoorden_neu-768x985.jpeg 768w, https:\/\/www.procarton.com\/wp-content\/uploads\/2021\/03\/duivenvoorden_neu-9x12.jpeg 9w, https:\/\/www.procarton.com\/wp-content\/uploads\/2021\/03\/duivenvoorden_neu-549x705.jpeg 549w\" sizes=\"auto, (max-width: 1000px) 100vw, 1000px\" \/><\/figure>\r\n<div class=\"wp-block-media-text__content\"><br \/>\r\n<h3 class=\"wp-block-heading\">WILFRIED DUIVENVOORDEN<\/h3>\r\n\r\n\r\n\r\n<h4 class=\"wp-block-heading\">UNILEVER<\/h4>\r\n\r\n\r\n\r\n<p>Wilfried Duivenvoorden se gradu\u00f3 en la Universidad Erasmus de Rotterdam como m\u00e1ster en Econom\u00eda Empresarial y Direcci\u00f3n General. Tras finalizar sus estudios, se incorpor\u00f3 inmediatamente a la industria del envase y embalaje. En 1999 se incorpor\u00f3 a Unilever como director europeo de compras de materiales de envase y embalaje para el negocio de los helados y los alimentos congelados. En 2006 se convirti\u00f3 en director de compras globales de materiales de envase y embalaje a base de fibra de madera para alimentos y cuidado personal y del hogar. Desde 2014 es responsable de las adquisiciones de productos acabados de Unilever para el hogar y el cuidado personal en Europa.<\/p>\r\n<\/div>\r\n<\/div>\r\n\r\n\r\n\r\n<div class=\"wp-block-media-text alignwide is-stacked-on-mobile\">\r\n<figure class=\"wp-block-media-text__media\"><img loading=\"lazy\" decoding=\"async\" width=\"675\" height=\"844\" class=\"wp-image-258510 size-full\" src=\"\/wp-content\/uploads\/2021\/03\/sprokkelhorst.jpeg\" alt=\"\" srcset=\"https:\/\/www.procarton.com\/wp-content\/uploads\/2021\/03\/sprokkelhorst.jpeg 675w, https:\/\/www.procarton.com\/wp-content\/uploads\/2021\/03\/sprokkelhorst-240x300.jpeg 240w, https:\/\/www.procarton.com\/wp-content\/uploads\/2021\/03\/sprokkelhorst-10x12.jpeg 10w, https:\/\/www.procarton.com\/wp-content\/uploads\/2021\/03\/sprokkelhorst-564x705.jpeg 564w\" sizes=\"auto, (max-width: 675px) 100vw, 675px\" \/><\/figure>\r\n<div class=\"wp-block-media-text__content\">\r\n<h3 class=\"wp-block-heading\">PETER KLEIN SPROKKELHORST<\/h3>\r\n\r\n\r\n\r\n<h4 class=\"wp-block-heading\">ASESOR DEL JURADO<\/h4>\r\n\r\n\r\n\r\n<p>Tras formarse como ingeniero mec\u00e1nico, Peter Klein Sprokkelhorst decidi\u00f3 incorporarse a la industria del procesamiento del papel. En 1982 se convirti\u00f3 en director general de Zedek Deventer Holland (que hoy pertenece al Grupo Smurfit Kappa) y convirti\u00f3 la empresa en un importante proveedor de expositores y embalajes en Europa. Se jubil\u00f3 en 2008, pero con 45 a\u00f1os de experiencia sigue activo como consultor independiente.<\/p>\r\n<\/div>\r\n<\/div>","protected":false},"excerpt":{"rendered":"<p>Chairman\u2019s comments This year saw an added and most welcome dimension of having 2 female judges complementing the jury. Lotte Krekels from Carrefour brought her experience of retail and Susanne Lippitsch brought her considerable structural design skills to the mix. Having such a wide perspective, which also included 2 members from the client side, really [&hellip;]<\/p>\n","protected":false},"author":1,"featured_media":0,"parent":258275,"menu_order":2,"comment_status":"closed","ping_status":"closed","template":"templates\/award_details_page.php","meta":{"inline_featured_image":false,"footnotes":""},"class_list":["post-258561","page","type-page","status-publish","hentry"],"yoast_head":"<!-- This site is optimized with the Yoast SEO plugin v27.4 - https:\/\/yoast.com\/product\/yoast-seo-wordpress\/ -->\n<title>Jury - Pro Carton<\/title>\n<meta name=\"robots\" content=\"index, follow, max-snippet:-1, max-image-preview:large, max-video-preview:-1\" \/>\n<link rel=\"canonical\" href=\"https:\/\/www.procarton.com\/es\/awards\/european-carton-excellence-award\/2015-2\/jury\/\" \/>\n<meta property=\"og:locale\" content=\"es_ES\" \/>\n<meta property=\"og:type\" content=\"article\" \/>\n<meta property=\"og:title\" content=\"Jury - Pro Carton\" \/>\n<meta property=\"og:description\" content=\"Chairman\u2019s comments This year saw an added and most welcome dimension of having 2 female judges complementing the jury. Lotte Krekels from Carrefour brought her experience of retail and Susanne Lippitsch brought her considerable structural design skills to the mix. Having such a wide perspective, which also included 2 members from the client side, really [&hellip;]\" \/>\n<meta property=\"og:url\" content=\"https:\/\/www.procarton.com\/es\/awards\/european-carton-excellence-award\/2015-2\/jury\/\" \/>\n<meta property=\"og:site_name\" content=\"Pro Carton\" \/>\n<meta property=\"article:publisher\" content=\"https:\/\/www.facebook.com\/procartondesignaward\/\" \/>\n<meta property=\"article:modified_time\" content=\"2022-01-10T10:10:16+00:00\" \/>\n<meta name=\"twitter:card\" content=\"summary_large_image\" \/>\n<meta name=\"twitter:site\" content=\"@pro_carton\" \/>\n<meta name=\"twitter:label1\" content=\"Tiempo de lectura\" \/>\n\t<meta name=\"twitter:data1\" content=\"4 minutos\" \/>\n<script type=\"application\/ld+json\" class=\"yoast-schema-graph\">{\"@context\":\"https:\\\/\\\/schema.org\",\"@graph\":[{\"@type\":\"WebPage\",\"@id\":\"https:\\\/\\\/www.procarton.com\\\/es\\\/awards\\\/european-carton-excellence-award\\\/2015-2\\\/jury\\\/\",\"url\":\"https:\\\/\\\/www.procarton.com\\\/es\\\/awards\\\/european-carton-excellence-award\\\/2015-2\\\/jury\\\/\",\"name\":\"Jury - Pro Carton\",\"isPartOf\":{\"@id\":\"https:\\\/\\\/www.procarton.com\\\/es\\\/#website\"},\"datePublished\":\"2021-03-16T13:25:21+00:00\",\"dateModified\":\"2022-01-10T10:10:16+00:00\",\"breadcrumb\":{\"@id\":\"https:\\\/\\\/www.procarton.com\\\/es\\\/awards\\\/european-carton-excellence-award\\\/2015-2\\\/jury\\\/#breadcrumb\"},\"inLanguage\":\"es\",\"potentialAction\":[{\"@type\":\"ReadAction\",\"target\":[\"https:\\\/\\\/www.procarton.com\\\/es\\\/awards\\\/european-carton-excellence-award\\\/2015-2\\\/jury\\\/\"]}]},{\"@type\":\"BreadcrumbList\",\"@id\":\"https:\\\/\\\/www.procarton.com\\\/es\\\/awards\\\/european-carton-excellence-award\\\/2015-2\\\/jury\\\/#breadcrumb\",\"itemListElement\":[{\"@type\":\"ListItem\",\"position\":1,\"name\":\"Home\",\"item\":\"https:\\\/\\\/www.procarton.com\\\/\"},{\"@type\":\"ListItem\",\"position\":2,\"name\":\"Awards\",\"item\":\"https:\\\/\\\/www.procarton.com\\\/awards\\\/\"},{\"@type\":\"ListItem\",\"position\":3,\"name\":\"European Carton Excellence Award\",\"item\":\"https:\\\/\\\/www.procarton.com\\\/awards\\\/european-carton-excellence-award\\\/\"},{\"@type\":\"ListItem\",\"position\":4,\"name\":\"2015\",\"item\":\"https:\\\/\\\/www.procarton.com\\\/es\\\/awards\\\/european-carton-excellence-award\\\/2015-2\\\/\"},{\"@type\":\"ListItem\",\"position\":5,\"name\":\"Jury\"}]},{\"@type\":\"WebSite\",\"@id\":\"https:\\\/\\\/www.procarton.com\\\/es\\\/#website\",\"url\":\"https:\\\/\\\/www.procarton.com\\\/es\\\/\",\"name\":\"Pro Carton\",\"description\":\"\",\"publisher\":{\"@id\":\"https:\\\/\\\/www.procarton.com\\\/es\\\/#organization\"},\"potentialAction\":[{\"@type\":\"SearchAction\",\"target\":{\"@type\":\"EntryPoint\",\"urlTemplate\":\"https:\\\/\\\/www.procarton.com\\\/es\\\/?s={search_term_string}\"},\"query-input\":{\"@type\":\"PropertyValueSpecification\",\"valueRequired\":true,\"valueName\":\"search_term_string\"}}],\"inLanguage\":\"es\"},{\"@type\":\"Organization\",\"@id\":\"https:\\\/\\\/www.procarton.com\\\/es\\\/#organization\",\"name\":\"ProCarton\",\"url\":\"https:\\\/\\\/www.procarton.com\\\/es\\\/\",\"logo\":{\"@type\":\"ImageObject\",\"inLanguage\":\"es\",\"@id\":\"https:\\\/\\\/www.procarton.com\\\/es\\\/#\\\/schema\\\/logo\\\/image\\\/\",\"url\":\"https:\\\/\\\/www.procarton.com\\\/wp-content\\\/uploads\\\/2022\\\/06\\\/logo-mit-slogan.jpg\",\"contentUrl\":\"https:\\\/\\\/www.procarton.com\\\/wp-content\\\/uploads\\\/2022\\\/06\\\/logo-mit-slogan.jpg\",\"width\":422,\"height\":519,\"caption\":\"ProCarton\"},\"image\":{\"@id\":\"https:\\\/\\\/www.procarton.com\\\/es\\\/#\\\/schema\\\/logo\\\/image\\\/\"},\"sameAs\":[\"https:\\\/\\\/www.facebook.com\\\/procartondesignaward\\\/\",\"https:\\\/\\\/x.com\\\/pro_carton\"]}]}<\/script>\n<!-- \/ Yoast SEO plugin. -->","yoast_head_json":{"title":"Jurado - Pro Carton","robots":{"index":"index","follow":"follow","max-snippet":"max-snippet:-1","max-image-preview":"max-image-preview:large","max-video-preview":"max-video-preview:-1"},"canonical":"https:\/\/www.procarton.com\/es\/awards\/european-carton-excellence-award\/2015-2\/jury\/","og_locale":"es_ES","og_type":"article","og_title":"Jury - Pro Carton","og_description":"Chairman\u2019s comments This year saw an added and most welcome dimension of having 2 female judges complementing the jury. Lotte Krekels from Carrefour brought her experience of retail and Susanne Lippitsch brought her considerable structural design skills to the mix. Having such a wide perspective, which also included 2 members from the client side, really [&hellip;]","og_url":"https:\/\/www.procarton.com\/es\/awards\/european-carton-excellence-award\/2015-2\/jury\/","og_site_name":"Pro Carton","article_publisher":"https:\/\/www.facebook.com\/procartondesignaward\/","article_modified_time":"2022-01-10T10:10:16+00:00","twitter_card":"summary_large_image","twitter_site":"@pro_carton","twitter_misc":{"Tiempo de lectura":"4 minutos"},"schema":{"@context":"https:\/\/schema.org","@graph":[{"@type":"WebPage","@id":"https:\/\/www.procarton.com\/es\/awards\/european-carton-excellence-award\/2015-2\/jury\/","url":"https:\/\/www.procarton.com\/es\/awards\/european-carton-excellence-award\/2015-2\/jury\/","name":"Jurado - Pro Carton","isPartOf":{"@id":"https:\/\/www.procarton.com\/es\/#website"},"datePublished":"2021-03-16T13:25:21+00:00","dateModified":"2022-01-10T10:10:16+00:00","breadcrumb":{"@id":"https:\/\/www.procarton.com\/es\/awards\/european-carton-excellence-award\/2015-2\/jury\/#breadcrumb"},"inLanguage":"es","potentialAction":[{"@type":"ReadAction","target":["https:\/\/www.procarton.com\/es\/awards\/european-carton-excellence-award\/2015-2\/jury\/"]}]},{"@type":"BreadcrumbList","@id":"https:\/\/www.procarton.com\/es\/awards\/european-carton-excellence-award\/2015-2\/jury\/#breadcrumb","itemListElement":[{"@type":"ListItem","position":1,"name":"Home","item":"https:\/\/www.procarton.com\/"},{"@type":"ListItem","position":2,"name":"Awards","item":"https:\/\/www.procarton.com\/awards\/"},{"@type":"ListItem","position":3,"name":"European Carton Excellence Award","item":"https:\/\/www.procarton.com\/awards\/european-carton-excellence-award\/"},{"@type":"ListItem","position":4,"name":"2015","item":"https:\/\/www.procarton.com\/es\/awards\/european-carton-excellence-award\/2015-2\/"},{"@type":"ListItem","position":5,"name":"Jury"}]},{"@type":"WebSite","@id":"https:\/\/www.procarton.com\/es\/#website","url":"https:\/\/www.procarton.com\/es\/","name":"Pro Carton","description":"","publisher":{"@id":"https:\/\/www.procarton.com\/es\/#organization"},"potentialAction":[{"@type":"SearchAction","target":{"@type":"EntryPoint","urlTemplate":"https:\/\/www.procarton.com\/es\/?s={search_term_string}"},"query-input":{"@type":"PropertyValueSpecification","valueRequired":true,"valueName":"search_term_string"}}],"inLanguage":"es"},{"@type":"Organization","@id":"https:\/\/www.procarton.com\/es\/#organization","name":"ProCarton","url":"https:\/\/www.procarton.com\/es\/","logo":{"@type":"ImageObject","inLanguage":"es","@id":"https:\/\/www.procarton.com\/es\/#\/schema\/logo\/image\/","url":"https:\/\/www.procarton.com\/wp-content\/uploads\/2022\/06\/logo-mit-slogan.jpg","contentUrl":"https:\/\/www.procarton.com\/wp-content\/uploads\/2022\/06\/logo-mit-slogan.jpg","width":422,"height":519,"caption":"ProCarton"},"image":{"@id":"https:\/\/www.procarton.com\/es\/#\/schema\/logo\/image\/"},"sameAs":["https:\/\/www.facebook.com\/procartondesignaward\/","https:\/\/x.com\/pro_carton"]}]}},"_links":{"self":[{"href":"https:\/\/www.procarton.com\/es\/wp-json\/wp\/v2\/pages\/258561","targetHints":{"allow":["GET"]}}],"collection":[{"href":"https:\/\/www.procarton.com\/es\/wp-json\/wp\/v2\/pages"}],"about":[{"href":"https:\/\/www.procarton.com\/es\/wp-json\/wp\/v2\/types\/page"}],"author":[{"embeddable":true,"href":"https:\/\/www.procarton.com\/es\/wp-json\/wp\/v2\/users\/1"}],"replies":[{"embeddable":true,"href":"https:\/\/www.procarton.com\/es\/wp-json\/wp\/v2\/comments?post=258561"}],"version-history":[{"count":2,"href":"https:\/\/www.procarton.com\/es\/wp-json\/wp\/v2\/pages\/258561\/revisions"}],"predecessor-version":[{"id":272452,"href":"https:\/\/www.procarton.com\/es\/wp-json\/wp\/v2\/pages\/258561\/revisions\/272452"}],"up":[{"embeddable":true,"href":"https:\/\/www.procarton.com\/es\/wp-json\/wp\/v2\/pages\/258275"}],"wp:attachment":[{"href":"https:\/\/www.procarton.com\/es\/wp-json\/wp\/v2\/media?parent=258561"}],"curies":[{"name":"wp","href":"https:\/\/api.w.org\/{rel}","templated":true}]}}