{"id":258534,"date":"2021-03-16T13:13:53","date_gmt":"2021-03-16T13:13:53","guid":{"rendered":"https:\/\/www.procarton.com\/awards\/european-carton-excellence-award\/2013\/marketing\/"},"modified":"2022-01-10T10:03:33","modified_gmt":"2022-01-10T10:03:33","slug":"marketing","status":"publish","type":"page","link":"https:\/\/www.procarton.com\/es\/awards\/european-carton-excellence-award\/2013-2\/marketing\/","title":{"rendered":"Marketing"},"content":{"rendered":"<p><strong>Las actividades de marketing de Pro Carton<\/strong><\/p>\r\n\r\n\r\n\r\n<ul class=\"wp-block-list\">\r\n<li>Ceremonia del Award en el Congreso de la ECMA 19 de septiembre de 2013 en Dubrovnik<\/li>\r\n<li>Fotograf\u00eda de alta calidad de todas las entradas<\/li>\r\n<li>V\u00eddeos de los juicios de cada categor\u00eda<\/li>\r\n<li>E-news a m\u00e1s de 9.000 contactos europeos: propietarios de marcas, minoristas y dise\u00f1adores<\/li>\r\n<li>Comunicados de prensa a los principales medios de comunicaci\u00f3n de la cadena de suministro en 22 pa\u00edses<\/li>\r\n<li>Publicaci\u00f3n en el sitio web www.procarton.com, www.ecma.org, www.procartonecmaaward.com<\/li>\r\n<li>Los cartones ganadores se incluyen en las presentaciones rotativas en www.procarton.com y www.ecma.org<\/li>\r\n<li>Folleto Award, con todos los ganadores, finalistas y participantes, impreso en ingl\u00e9s<br \/>- Todos los ganadores con historias de \u00e9xito y comentarios del jurado<br \/>- Todos los finalistas con descripciones breves<\/li>\r\n<li>Todas las noticias y el informe del folleto Award se publican en www.procartonecmaaward.com en 5 idiomas: Ingl\u00e9s, franc\u00e9s, italiano, alem\u00e1n y espa\u00f1ol<\/li>\r\n<li>Awards para los ganadores, certificados para los finalistas<\/li>\r\n<li>Presentaciones con cartones ganadores y finalistas en ferias, congresos, eventos, etc., en toda Europa<\/li>\r\n<\/ul>\r\n\r\n\r\n\r\n<p><strong>Ideas de marketing para: Ganadores y finalistas de los Awards Pro Carton\/ECMA<\/strong><\/p>\r\n\r\n\r\n\r\n<ul class=\"wp-block-list\">\r\n<li>Celebraciones nacionales en eventos, reuniones, etc. para sus asociaciones<\/li>\r\n<li>Eventos de empresa con su equipo y socios de la cadena de suministro de envases<\/li>\r\n<li>Actividades de la prensa nacional y local<\/li>\r\n<li>Promocione su exitoso cart\u00f3n con el logotipo del Premio<\/li>\r\n<li>Utilice el logotipo de Award como enlace a www.procartonecmaaward.com<\/li>\r\n<li>Utilizar el logotipo del premio para cualquier material de publicaci\u00f3n<\/li>\r\n<li>A\u00f1ada su exitoso cart\u00f3n con el logotipo de Award a sus presentaciones de ventas<\/li>\r\n<li>Env\u00edo del folleto del premio a sus clientes, etc.<\/li>\r\n<li>Impresi\u00f3n y env\u00edo de \"su\" p\u00e1gina del folleto<\/li>\r\n<li>Cajas ganadoras y finalistas disponibles para exposiciones en ferias, congresos, eventos, etc.<\/li>\r\n<li>Etc.<\/li>\r\n<\/ul>","protected":false},"excerpt":{"rendered":"<p>The Pro Carton marketing activities Award ceremony at the ECMA Congress 19th September 2013 in Dubrovnik High quality photography of all entries Videos of the judging for each category E-news to over 9.000 European contacts: brand owners, retailers and designers Press releases to key supply chain media in 22 countries Website publication on www.procarton.com, www.ecma.org, [&hellip;]<\/p>\n","protected":false},"author":1,"featured_media":0,"parent":258277,"menu_order":1,"comment_status":"closed","ping_status":"closed","template":"templates\/award_details_page.php","meta":{"inline_featured_image":false,"footnotes":""},"class_list":["post-258534","page","type-page","status-publish","hentry"],"yoast_head":"<!-- This site is optimized with the Yoast SEO plugin v27.3 - https:\/\/yoast.com\/product\/yoast-seo-wordpress\/ -->\n<title>Marketing - Pro Carton<\/title>\n<meta name=\"robots\" content=\"index, follow, max-snippet:-1, max-image-preview:large, max-video-preview:-1\" \/>\n<link rel=\"canonical\" href=\"https:\/\/www.procarton.com\/es\/awards\/european-carton-excellence-award\/2013-2\/marketing\/\" \/>\n<meta property=\"og:locale\" content=\"es_ES\" \/>\n<meta property=\"og:type\" content=\"article\" \/>\n<meta property=\"og:title\" content=\"Marketing - Pro Carton\" \/>\n<meta property=\"og:description\" content=\"The Pro Carton marketing activities Award ceremony at the ECMA Congress 19th September 2013 in Dubrovnik High quality photography of all entries Videos of the judging for each category E-news to over 9.000 European contacts: brand owners, retailers and designers Press releases to key supply chain media in 22 countries Website publication on www.procarton.com, www.ecma.org, [&hellip;]\" \/>\n<meta property=\"og:url\" content=\"https:\/\/www.procarton.com\/es\/awards\/european-carton-excellence-award\/2013-2\/marketing\/\" \/>\n<meta property=\"og:site_name\" content=\"Pro Carton\" \/>\n<meta property=\"article:publisher\" content=\"https:\/\/www.facebook.com\/procartondesignaward\/\" \/>\n<meta property=\"article:modified_time\" content=\"2022-01-10T10:03:33+00:00\" \/>\n<meta name=\"twitter:card\" content=\"summary_large_image\" \/>\n<meta name=\"twitter:site\" content=\"@pro_carton\" \/>\n<meta name=\"twitter:label1\" content=\"Tiempo de lectura\" \/>\n\t<meta name=\"twitter:data1\" content=\"1 minuto\" \/>\n<script type=\"application\/ld+json\" class=\"yoast-schema-graph\">{\"@context\":\"https:\\\/\\\/schema.org\",\"@graph\":[{\"@type\":\"WebPage\",\"@id\":\"https:\\\/\\\/www.procarton.com\\\/es\\\/awards\\\/european-carton-excellence-award\\\/2013-2\\\/marketing\\\/\",\"url\":\"https:\\\/\\\/www.procarton.com\\\/es\\\/awards\\\/european-carton-excellence-award\\\/2013-2\\\/marketing\\\/\",\"name\":\"Marketing - Pro Carton\",\"isPartOf\":{\"@id\":\"https:\\\/\\\/www.procarton.com\\\/es\\\/#website\"},\"datePublished\":\"2021-03-16T13:13:53+00:00\",\"dateModified\":\"2022-01-10T10:03:33+00:00\",\"breadcrumb\":{\"@id\":\"https:\\\/\\\/www.procarton.com\\\/es\\\/awards\\\/european-carton-excellence-award\\\/2013-2\\\/marketing\\\/#breadcrumb\"},\"inLanguage\":\"es\",\"potentialAction\":[{\"@type\":\"ReadAction\",\"target\":[\"https:\\\/\\\/www.procarton.com\\\/es\\\/awards\\\/european-carton-excellence-award\\\/2013-2\\\/marketing\\\/\"]}]},{\"@type\":\"BreadcrumbList\",\"@id\":\"https:\\\/\\\/www.procarton.com\\\/es\\\/awards\\\/european-carton-excellence-award\\\/2013-2\\\/marketing\\\/#breadcrumb\",\"itemListElement\":[{\"@type\":\"ListItem\",\"position\":1,\"name\":\"Home\",\"item\":\"https:\\\/\\\/www.procarton.com\\\/\"},{\"@type\":\"ListItem\",\"position\":2,\"name\":\"Awards\",\"item\":\"https:\\\/\\\/www.procarton.com\\\/awards\\\/\"},{\"@type\":\"ListItem\",\"position\":3,\"name\":\"European Carton Excellence Award\",\"item\":\"https:\\\/\\\/www.procarton.com\\\/awards\\\/european-carton-excellence-award\\\/\"},{\"@type\":\"ListItem\",\"position\":4,\"name\":\"2013\",\"item\":\"https:\\\/\\\/www.procarton.com\\\/es\\\/awards\\\/european-carton-excellence-award\\\/2013-2\\\/\"},{\"@type\":\"ListItem\",\"position\":5,\"name\":\"Marketing\"}]},{\"@type\":\"WebSite\",\"@id\":\"https:\\\/\\\/www.procarton.com\\\/es\\\/#website\",\"url\":\"https:\\\/\\\/www.procarton.com\\\/es\\\/\",\"name\":\"Pro Carton\",\"description\":\"\",\"publisher\":{\"@id\":\"https:\\\/\\\/www.procarton.com\\\/es\\\/#organization\"},\"potentialAction\":[{\"@type\":\"SearchAction\",\"target\":{\"@type\":\"EntryPoint\",\"urlTemplate\":\"https:\\\/\\\/www.procarton.com\\\/es\\\/?s={search_term_string}\"},\"query-input\":{\"@type\":\"PropertyValueSpecification\",\"valueRequired\":true,\"valueName\":\"search_term_string\"}}],\"inLanguage\":\"es\"},{\"@type\":\"Organization\",\"@id\":\"https:\\\/\\\/www.procarton.com\\\/es\\\/#organization\",\"name\":\"ProCarton\",\"url\":\"https:\\\/\\\/www.procarton.com\\\/es\\\/\",\"logo\":{\"@type\":\"ImageObject\",\"inLanguage\":\"es\",\"@id\":\"https:\\\/\\\/www.procarton.com\\\/es\\\/#\\\/schema\\\/logo\\\/image\\\/\",\"url\":\"https:\\\/\\\/www.procarton.com\\\/wp-content\\\/uploads\\\/2022\\\/06\\\/logo-mit-slogan.jpg\",\"contentUrl\":\"https:\\\/\\\/www.procarton.com\\\/wp-content\\\/uploads\\\/2022\\\/06\\\/logo-mit-slogan.jpg\",\"width\":422,\"height\":519,\"caption\":\"ProCarton\"},\"image\":{\"@id\":\"https:\\\/\\\/www.procarton.com\\\/es\\\/#\\\/schema\\\/logo\\\/image\\\/\"},\"sameAs\":[\"https:\\\/\\\/www.facebook.com\\\/procartondesignaward\\\/\",\"https:\\\/\\\/x.com\\\/pro_carton\"]}]}<\/script>\n<!-- \/ Yoast SEO plugin. -->","yoast_head_json":{"title":"Marketing - Pro Carton","robots":{"index":"index","follow":"follow","max-snippet":"max-snippet:-1","max-image-preview":"max-image-preview:large","max-video-preview":"max-video-preview:-1"},"canonical":"https:\/\/www.procarton.com\/es\/awards\/european-carton-excellence-award\/2013-2\/marketing\/","og_locale":"es_ES","og_type":"article","og_title":"Marketing - Pro Carton","og_description":"The Pro Carton marketing activities Award ceremony at the ECMA Congress 19th September 2013 in Dubrovnik High quality photography of all entries Videos of the judging for each category E-news to over 9.000 European contacts: brand owners, retailers and designers Press releases to key supply chain media in 22 countries Website publication on www.procarton.com, www.ecma.org, [&hellip;]","og_url":"https:\/\/www.procarton.com\/es\/awards\/european-carton-excellence-award\/2013-2\/marketing\/","og_site_name":"Pro Carton","article_publisher":"https:\/\/www.facebook.com\/procartondesignaward\/","article_modified_time":"2022-01-10T10:03:33+00:00","twitter_card":"summary_large_image","twitter_site":"@pro_carton","twitter_misc":{"Tiempo de lectura":"1 minuto"},"schema":{"@context":"https:\/\/schema.org","@graph":[{"@type":"WebPage","@id":"https:\/\/www.procarton.com\/es\/awards\/european-carton-excellence-award\/2013-2\/marketing\/","url":"https:\/\/www.procarton.com\/es\/awards\/european-carton-excellence-award\/2013-2\/marketing\/","name":"Marketing - Pro Carton","isPartOf":{"@id":"https:\/\/www.procarton.com\/es\/#website"},"datePublished":"2021-03-16T13:13:53+00:00","dateModified":"2022-01-10T10:03:33+00:00","breadcrumb":{"@id":"https:\/\/www.procarton.com\/es\/awards\/european-carton-excellence-award\/2013-2\/marketing\/#breadcrumb"},"inLanguage":"es","potentialAction":[{"@type":"ReadAction","target":["https:\/\/www.procarton.com\/es\/awards\/european-carton-excellence-award\/2013-2\/marketing\/"]}]},{"@type":"BreadcrumbList","@id":"https:\/\/www.procarton.com\/es\/awards\/european-carton-excellence-award\/2013-2\/marketing\/#breadcrumb","itemListElement":[{"@type":"ListItem","position":1,"name":"Home","item":"https:\/\/www.procarton.com\/"},{"@type":"ListItem","position":2,"name":"Awards","item":"https:\/\/www.procarton.com\/awards\/"},{"@type":"ListItem","position":3,"name":"European Carton Excellence Award","item":"https:\/\/www.procarton.com\/awards\/european-carton-excellence-award\/"},{"@type":"ListItem","position":4,"name":"2013","item":"https:\/\/www.procarton.com\/es\/awards\/european-carton-excellence-award\/2013-2\/"},{"@type":"ListItem","position":5,"name":"Marketing"}]},{"@type":"WebSite","@id":"https:\/\/www.procarton.com\/es\/#website","url":"https:\/\/www.procarton.com\/es\/","name":"Pro Carton","description":"","publisher":{"@id":"https:\/\/www.procarton.com\/es\/#organization"},"potentialAction":[{"@type":"SearchAction","target":{"@type":"EntryPoint","urlTemplate":"https:\/\/www.procarton.com\/es\/?s={search_term_string}"},"query-input":{"@type":"PropertyValueSpecification","valueRequired":true,"valueName":"search_term_string"}}],"inLanguage":"es"},{"@type":"Organization","@id":"https:\/\/www.procarton.com\/es\/#organization","name":"ProCarton","url":"https:\/\/www.procarton.com\/es\/","logo":{"@type":"ImageObject","inLanguage":"es","@id":"https:\/\/www.procarton.com\/es\/#\/schema\/logo\/image\/","url":"https:\/\/www.procarton.com\/wp-content\/uploads\/2022\/06\/logo-mit-slogan.jpg","contentUrl":"https:\/\/www.procarton.com\/wp-content\/uploads\/2022\/06\/logo-mit-slogan.jpg","width":422,"height":519,"caption":"ProCarton"},"image":{"@id":"https:\/\/www.procarton.com\/es\/#\/schema\/logo\/image\/"},"sameAs":["https:\/\/www.facebook.com\/procartondesignaward\/","https:\/\/x.com\/pro_carton"]}]}},"_links":{"self":[{"href":"https:\/\/www.procarton.com\/es\/wp-json\/wp\/v2\/pages\/258534","targetHints":{"allow":["GET"]}}],"collection":[{"href":"https:\/\/www.procarton.com\/es\/wp-json\/wp\/v2\/pages"}],"about":[{"href":"https:\/\/www.procarton.com\/es\/wp-json\/wp\/v2\/types\/page"}],"author":[{"embeddable":true,"href":"https:\/\/www.procarton.com\/es\/wp-json\/wp\/v2\/users\/1"}],"replies":[{"embeddable":true,"href":"https:\/\/www.procarton.com\/es\/wp-json\/wp\/v2\/comments?post=258534"}],"version-history":[{"count":1,"href":"https:\/\/www.procarton.com\/es\/wp-json\/wp\/v2\/pages\/258534\/revisions"}],"predecessor-version":[{"id":272434,"href":"https:\/\/www.procarton.com\/es\/wp-json\/wp\/v2\/pages\/258534\/revisions\/272434"}],"up":[{"embeddable":true,"href":"https:\/\/www.procarton.com\/es\/wp-json\/wp\/v2\/pages\/258277"}],"wp:attachment":[{"href":"https:\/\/www.procarton.com\/es\/wp-json\/wp\/v2\/media?parent=258534"}],"curies":[{"name":"wp","href":"https:\/\/api.w.org\/{rel}","templated":true}]}}