{"id":258509,"date":"2021-03-16T13:01:41","date_gmt":"2021-03-16T13:01:41","guid":{"rendered":"\/awards\/european-carton-excellence-award\/2009\/jury\/"},"modified":"2022-01-10T09:36:13","modified_gmt":"2022-01-10T09:36:13","slug":"jury","status":"publish","type":"page","link":"https:\/\/www.procarton.com\/es\/awards\/european-carton-excellence-award\/2009-2\/jury\/","title":{"rendered":"Jurado"},"content":{"rendered":"<p><strong>Desde que se juzgaron las candidaturas de 2008, hemos asistido a una gran agitaci\u00f3n en la econom\u00eda mundial. En el mundo de las marcas, esto ha supuesto que los consumidores busquen productos m\u00e1s baratos y que los propietarios de las marcas busquen reducir los costes de los envases, o un valor adicional para el consumidor a trav\u00e9s de la innovaci\u00f3n en los envases.<\/strong><\/p>\r\n\r\n\r\n\r\n<p>Creo que los cartones son realmente rentables y sostenibles, adem\u00e1s de ser un medio perfecto para la comunicaci\u00f3n de la marca. Los diferentes tipos de cart\u00f3n, las t\u00e9cnicas de impresi\u00f3n, los acabados, los relieves, etc. que est\u00e1n disponibles son bastante notables. Esto significa que, como dise\u00f1adores y propietarios de marcas, podemos proyectar cualquier personalidad, imagen o posicionamiento de marca que queramos. Algo que no siempre es posible en algunos de los otros materiales de envasado debido a las limitaciones de producci\u00f3n que tienen.<\/p>\r\n\r\n\r\n\r\n<p>Hubo candidaturas con construcciones de cart\u00f3n que ya hab\u00edamos visto antes, pero las innovaciones adicionales a trav\u00e9s de la impresi\u00f3n, combinadas con una propuesta diferente para el consumidor, nos permitieron ver el envase de forma diferente. As\u00ed, una construcci\u00f3n de cart\u00f3n ya existente, pero presentada de forma diferente, produce una oferta completamente nueva para que el jurado la considere.<\/p>\r\n\r\n\r\n\r\n<p>Este a\u00f1o los jueces han trabajado m\u00e1s que nunca y han tardado m\u00e1s que nunca en llegar a sus conclusiones y decisiones. Nunca hab\u00eda visto tanto debate sobre tantas candidaturas, lo que para m\u00ed indicaba la calidad de las mismas. As\u00ed que llegar a un consenso para la lista de finalistas y el posterior ganador de cada categor\u00eda, llev\u00f3 m\u00e1s tiempo de lo habitual. Al final, est\u00e1bamos cansados pero contentos.<\/p>\r\n\r\n\r\n\r\n<p><em>Satkar Gidda<br \/>Londres, noviembre de 2009<\/em><\/p>\r\n\r\n\r\n\r\n<div class=\"wp-block-media-text alignwide is-stacked-on-mobile\">\r\n<figure class=\"wp-block-media-text__media\"><img loading=\"lazy\" decoding=\"async\" width=\"898\" height=\"1181\" class=\"wp-image-258400 size-full\" src=\"\/wp-content\/uploads\/2021\/03\/satkar_gidda_neu.jpg\" alt=\"\" srcset=\"https:\/\/www.procarton.com\/wp-content\/uploads\/2021\/03\/satkar_gidda_neu.jpg 898w, https:\/\/www.procarton.com\/wp-content\/uploads\/2021\/03\/satkar_gidda_neu-228x300.jpg 228w, https:\/\/www.procarton.com\/wp-content\/uploads\/2021\/03\/satkar_gidda_neu-783x1030.jpg 783w, https:\/\/www.procarton.com\/wp-content\/uploads\/2021\/03\/satkar_gidda_neu-768x1010.jpg 768w, https:\/\/www.procarton.com\/wp-content\/uploads\/2021\/03\/satkar_gidda_neu-9x12.jpg 9w, https:\/\/www.procarton.com\/wp-content\/uploads\/2021\/03\/satkar_gidda_neu-536x705.jpg 536w\" sizes=\"auto, (max-width: 898px) 100vw, 898px\" \/><\/figure>\r\n<div class=\"wp-block-media-text__content\">\r\n<h3 class=\"wp-block-heading\">SATKAR GIDDA<\/h3>\r\n\r\n\r\n\r\n<h4 class=\"wp-block-heading\">PRESIDENTE DEL JURADO<\/h4>\r\n\r\n\r\n\r\n<p>Satkar Gidda estudi\u00f3 Empresariales y Marketing y ha trabajado 6 a\u00f1os en Ventas, Trade Marketing y Brand Marketing para RHM Foods y Nestl\u00e9, seguidos de 30 a\u00f1os como Director de Ventas y Marketing de SiebertHead, la consultora de dise\u00f1o de marcas y envases m\u00e1s antigua del Reino Unido. Desde marzo de 2020, Satkar trabaja como consultor independiente.<\/p>\r\n<\/div>\r\n<\/div>\r\n\r\n\r\n\r\n<div class=\"wp-block-media-text alignwide has-media-on-the-right is-stacked-on-mobile\">\r\n<figure class=\"wp-block-media-text__media\"><img loading=\"lazy\" decoding=\"async\" width=\"675\" height=\"844\" class=\"wp-image-258510 size-full\" src=\"\/wp-content\/uploads\/2021\/03\/sprokkelhorst.jpeg\" alt=\"\" srcset=\"https:\/\/www.procarton.com\/wp-content\/uploads\/2021\/03\/sprokkelhorst.jpeg 675w, https:\/\/www.procarton.com\/wp-content\/uploads\/2021\/03\/sprokkelhorst-240x300.jpeg 240w, https:\/\/www.procarton.com\/wp-content\/uploads\/2021\/03\/sprokkelhorst-10x12.jpeg 10w, https:\/\/www.procarton.com\/wp-content\/uploads\/2021\/03\/sprokkelhorst-564x705.jpeg 564w\" sizes=\"auto, (max-width: 675px) 100vw, 675px\" \/><\/figure>\r\n<div class=\"wp-block-media-text__content\">\r\n<h3 class=\"wp-block-heading\">PETER KLEIN SPROKKELHORST<\/h3>\r\n\r\n\r\n\r\n<h4 class=\"wp-block-heading\">ASESOR DEL JURADO<\/h4>\r\n\r\n\r\n\r\n<p>Tras formarse como ingeniero mec\u00e1nico, Peter Klein Sprokkelhorst decidi\u00f3 incorporarse a la industria del procesamiento del papel. En 1982 se convirti\u00f3 en director general de Zedek Deventer Holland (que hoy pertenece al Grupo Smurfit Kappa) y convirti\u00f3 la empresa en un importante proveedor de expositores y embalajes en Europa. Se jubil\u00f3 en 2008, pero con 45 a\u00f1os de experiencia sigue activo como consultor independiente.<\/p>\r\n<\/div>\r\n<\/div>","protected":false},"excerpt":{"rendered":"<p>Since the judging of the 2008 entries, we have witnessed much turmoil in the global economy. In the world of brands it has meant that consumers are looking for lower cost products and brand owners are looking for reduced packaging costs \u2013 or additional value for the consumer through packaging innovation. I find that cartons [&hellip;]<\/p>\n","protected":false},"author":1,"featured_media":0,"parent":258281,"menu_order":1,"comment_status":"closed","ping_status":"closed","template":"templates\/award_details_page.php","meta":{"inline_featured_image":false,"footnotes":""},"class_list":["post-258509","page","type-page","status-publish","hentry"],"yoast_head":"<!-- This site is optimized with the Yoast SEO plugin v27.3 - https:\/\/yoast.com\/product\/yoast-seo-wordpress\/ -->\n<title>Jury - Pro Carton<\/title>\n<meta name=\"robots\" content=\"index, follow, max-snippet:-1, max-image-preview:large, max-video-preview:-1\" \/>\n<link rel=\"canonical\" href=\"https:\/\/www.procarton.com\/es\/awards\/european-carton-excellence-award\/2009-2\/jury\/\" \/>\n<meta property=\"og:locale\" content=\"es_ES\" \/>\n<meta property=\"og:type\" content=\"article\" \/>\n<meta property=\"og:title\" content=\"Jury - Pro Carton\" \/>\n<meta property=\"og:description\" content=\"Since the judging of the 2008 entries, we have witnessed much turmoil in the global economy. In the world of brands it has meant that consumers are looking for lower cost products and brand owners are looking for reduced packaging costs \u2013 or additional value for the consumer through packaging innovation. I find that cartons [&hellip;]\" \/>\n<meta property=\"og:url\" content=\"https:\/\/www.procarton.com\/es\/awards\/european-carton-excellence-award\/2009-2\/jury\/\" \/>\n<meta property=\"og:site_name\" content=\"Pro Carton\" \/>\n<meta property=\"article:publisher\" content=\"https:\/\/www.facebook.com\/procartondesignaward\/\" \/>\n<meta property=\"article:modified_time\" content=\"2022-01-10T09:36:13+00:00\" \/>\n<meta name=\"twitter:card\" content=\"summary_large_image\" \/>\n<meta name=\"twitter:site\" content=\"@pro_carton\" \/>\n<meta name=\"twitter:label1\" content=\"Tiempo de lectura\" \/>\n\t<meta name=\"twitter:data1\" content=\"3 minutos\" \/>\n<script type=\"application\/ld+json\" class=\"yoast-schema-graph\">{\"@context\":\"https:\\\/\\\/schema.org\",\"@graph\":[{\"@type\":\"WebPage\",\"@id\":\"https:\\\/\\\/www.procarton.com\\\/es\\\/awards\\\/european-carton-excellence-award\\\/2009-2\\\/jury\\\/\",\"url\":\"https:\\\/\\\/www.procarton.com\\\/es\\\/awards\\\/european-carton-excellence-award\\\/2009-2\\\/jury\\\/\",\"name\":\"Jury - Pro Carton\",\"isPartOf\":{\"@id\":\"https:\\\/\\\/www.procarton.com\\\/es\\\/#website\"},\"datePublished\":\"2021-03-16T13:01:41+00:00\",\"dateModified\":\"2022-01-10T09:36:13+00:00\",\"breadcrumb\":{\"@id\":\"https:\\\/\\\/www.procarton.com\\\/es\\\/awards\\\/european-carton-excellence-award\\\/2009-2\\\/jury\\\/#breadcrumb\"},\"inLanguage\":\"es\",\"potentialAction\":[{\"@type\":\"ReadAction\",\"target\":[\"https:\\\/\\\/www.procarton.com\\\/es\\\/awards\\\/european-carton-excellence-award\\\/2009-2\\\/jury\\\/\"]}]},{\"@type\":\"BreadcrumbList\",\"@id\":\"https:\\\/\\\/www.procarton.com\\\/es\\\/awards\\\/european-carton-excellence-award\\\/2009-2\\\/jury\\\/#breadcrumb\",\"itemListElement\":[{\"@type\":\"ListItem\",\"position\":1,\"name\":\"Home\",\"item\":\"https:\\\/\\\/www.procarton.com\\\/\"},{\"@type\":\"ListItem\",\"position\":2,\"name\":\"Awards\",\"item\":\"https:\\\/\\\/www.procarton.com\\\/awards\\\/\"},{\"@type\":\"ListItem\",\"position\":3,\"name\":\"European Carton Excellence Award\",\"item\":\"https:\\\/\\\/www.procarton.com\\\/awards\\\/european-carton-excellence-award\\\/\"},{\"@type\":\"ListItem\",\"position\":4,\"name\":\"2009\",\"item\":\"https:\\\/\\\/www.procarton.com\\\/es\\\/awards\\\/european-carton-excellence-award\\\/2009-2\\\/\"},{\"@type\":\"ListItem\",\"position\":5,\"name\":\"Jury\"}]},{\"@type\":\"WebSite\",\"@id\":\"https:\\\/\\\/www.procarton.com\\\/es\\\/#website\",\"url\":\"https:\\\/\\\/www.procarton.com\\\/es\\\/\",\"name\":\"Pro Carton\",\"description\":\"\",\"publisher\":{\"@id\":\"https:\\\/\\\/www.procarton.com\\\/es\\\/#organization\"},\"potentialAction\":[{\"@type\":\"SearchAction\",\"target\":{\"@type\":\"EntryPoint\",\"urlTemplate\":\"https:\\\/\\\/www.procarton.com\\\/es\\\/?s={search_term_string}\"},\"query-input\":{\"@type\":\"PropertyValueSpecification\",\"valueRequired\":true,\"valueName\":\"search_term_string\"}}],\"inLanguage\":\"es\"},{\"@type\":\"Organization\",\"@id\":\"https:\\\/\\\/www.procarton.com\\\/es\\\/#organization\",\"name\":\"ProCarton\",\"url\":\"https:\\\/\\\/www.procarton.com\\\/es\\\/\",\"logo\":{\"@type\":\"ImageObject\",\"inLanguage\":\"es\",\"@id\":\"https:\\\/\\\/www.procarton.com\\\/es\\\/#\\\/schema\\\/logo\\\/image\\\/\",\"url\":\"https:\\\/\\\/www.procarton.com\\\/wp-content\\\/uploads\\\/2022\\\/06\\\/logo-mit-slogan.jpg\",\"contentUrl\":\"https:\\\/\\\/www.procarton.com\\\/wp-content\\\/uploads\\\/2022\\\/06\\\/logo-mit-slogan.jpg\",\"width\":422,\"height\":519,\"caption\":\"ProCarton\"},\"image\":{\"@id\":\"https:\\\/\\\/www.procarton.com\\\/es\\\/#\\\/schema\\\/logo\\\/image\\\/\"},\"sameAs\":[\"https:\\\/\\\/www.facebook.com\\\/procartondesignaward\\\/\",\"https:\\\/\\\/x.com\\\/pro_carton\"]}]}<\/script>\n<!-- \/ Yoast SEO plugin. -->","yoast_head_json":{"title":"Jurado - Pro Carton","robots":{"index":"index","follow":"follow","max-snippet":"max-snippet:-1","max-image-preview":"max-image-preview:large","max-video-preview":"max-video-preview:-1"},"canonical":"https:\/\/www.procarton.com\/es\/awards\/european-carton-excellence-award\/2009-2\/jury\/","og_locale":"es_ES","og_type":"article","og_title":"Jury - Pro Carton","og_description":"Since the judging of the 2008 entries, we have witnessed much turmoil in the global economy. In the world of brands it has meant that consumers are looking for lower cost products and brand owners are looking for reduced packaging costs \u2013 or additional value for the consumer through packaging innovation. I find that cartons [&hellip;]","og_url":"https:\/\/www.procarton.com\/es\/awards\/european-carton-excellence-award\/2009-2\/jury\/","og_site_name":"Pro Carton","article_publisher":"https:\/\/www.facebook.com\/procartondesignaward\/","article_modified_time":"2022-01-10T09:36:13+00:00","twitter_card":"summary_large_image","twitter_site":"@pro_carton","twitter_misc":{"Tiempo de lectura":"3 minutos"},"schema":{"@context":"https:\/\/schema.org","@graph":[{"@type":"WebPage","@id":"https:\/\/www.procarton.com\/es\/awards\/european-carton-excellence-award\/2009-2\/jury\/","url":"https:\/\/www.procarton.com\/es\/awards\/european-carton-excellence-award\/2009-2\/jury\/","name":"Jurado - Pro Carton","isPartOf":{"@id":"https:\/\/www.procarton.com\/es\/#website"},"datePublished":"2021-03-16T13:01:41+00:00","dateModified":"2022-01-10T09:36:13+00:00","breadcrumb":{"@id":"https:\/\/www.procarton.com\/es\/awards\/european-carton-excellence-award\/2009-2\/jury\/#breadcrumb"},"inLanguage":"es","potentialAction":[{"@type":"ReadAction","target":["https:\/\/www.procarton.com\/es\/awards\/european-carton-excellence-award\/2009-2\/jury\/"]}]},{"@type":"BreadcrumbList","@id":"https:\/\/www.procarton.com\/es\/awards\/european-carton-excellence-award\/2009-2\/jury\/#breadcrumb","itemListElement":[{"@type":"ListItem","position":1,"name":"Home","item":"https:\/\/www.procarton.com\/"},{"@type":"ListItem","position":2,"name":"Awards","item":"https:\/\/www.procarton.com\/awards\/"},{"@type":"ListItem","position":3,"name":"European Carton Excellence Award","item":"https:\/\/www.procarton.com\/awards\/european-carton-excellence-award\/"},{"@type":"ListItem","position":4,"name":"2009","item":"https:\/\/www.procarton.com\/es\/awards\/european-carton-excellence-award\/2009-2\/"},{"@type":"ListItem","position":5,"name":"Jury"}]},{"@type":"WebSite","@id":"https:\/\/www.procarton.com\/es\/#website","url":"https:\/\/www.procarton.com\/es\/","name":"Pro Carton","description":"","publisher":{"@id":"https:\/\/www.procarton.com\/es\/#organization"},"potentialAction":[{"@type":"SearchAction","target":{"@type":"EntryPoint","urlTemplate":"https:\/\/www.procarton.com\/es\/?s={search_term_string}"},"query-input":{"@type":"PropertyValueSpecification","valueRequired":true,"valueName":"search_term_string"}}],"inLanguage":"es"},{"@type":"Organization","@id":"https:\/\/www.procarton.com\/es\/#organization","name":"ProCarton","url":"https:\/\/www.procarton.com\/es\/","logo":{"@type":"ImageObject","inLanguage":"es","@id":"https:\/\/www.procarton.com\/es\/#\/schema\/logo\/image\/","url":"https:\/\/www.procarton.com\/wp-content\/uploads\/2022\/06\/logo-mit-slogan.jpg","contentUrl":"https:\/\/www.procarton.com\/wp-content\/uploads\/2022\/06\/logo-mit-slogan.jpg","width":422,"height":519,"caption":"ProCarton"},"image":{"@id":"https:\/\/www.procarton.com\/es\/#\/schema\/logo\/image\/"},"sameAs":["https:\/\/www.facebook.com\/procartondesignaward\/","https:\/\/x.com\/pro_carton"]}]}},"_links":{"self":[{"href":"https:\/\/www.procarton.com\/es\/wp-json\/wp\/v2\/pages\/258509","targetHints":{"allow":["GET"]}}],"collection":[{"href":"https:\/\/www.procarton.com\/es\/wp-json\/wp\/v2\/pages"}],"about":[{"href":"https:\/\/www.procarton.com\/es\/wp-json\/wp\/v2\/types\/page"}],"author":[{"embeddable":true,"href":"https:\/\/www.procarton.com\/es\/wp-json\/wp\/v2\/users\/1"}],"replies":[{"embeddable":true,"href":"https:\/\/www.procarton.com\/es\/wp-json\/wp\/v2\/comments?post=258509"}],"version-history":[{"count":2,"href":"https:\/\/www.procarton.com\/es\/wp-json\/wp\/v2\/pages\/258509\/revisions"}],"predecessor-version":[{"id":272399,"href":"https:\/\/www.procarton.com\/es\/wp-json\/wp\/v2\/pages\/258509\/revisions\/272399"}],"up":[{"embeddable":true,"href":"https:\/\/www.procarton.com\/es\/wp-json\/wp\/v2\/pages\/258281"}],"wp:attachment":[{"href":"https:\/\/www.procarton.com\/es\/wp-json\/wp\/v2\/media?parent=258509"}],"curies":[{"name":"wp","href":"https:\/\/api.w.org\/{rel}","templated":true}]}}