{"id":258230,"date":"2021-03-03T10:34:20","date_gmt":"2021-03-03T10:34:20","guid":{"rendered":"https:\/\/www.procarton.com\/awards\/pro-carton-young-designers-award\/2014\/"},"modified":"2022-01-10T11:56:51","modified_gmt":"2022-01-10T11:56:51","slug":"2014-2","status":"publish","type":"page","link":"https:\/\/www.procarton.com\/es\/awards\/pro-carton-young-designers-award\/2014-2\/","title":{"rendered":"2014"},"content":{"rendered":"<h1 class=\"wp-block-heading\">PREMIO PRO CARTON PARA J\u00d3VENES DISE\u00d1ADORES 2014<\/h1>\r\n\r\n\r\n\r\n<p><strong>El Premio Internacional Pro Carton para J\u00f3venes Dise\u00f1adores honra las nuevas ideas a\u00fan no realizadas en aplicaciones de cart\u00f3n de toda Europa y el concurso est\u00e1 abierto a los estudiantes.  El objetivo del concurso es descubrir soluciones e ideas de dise\u00f1o de cart\u00f3n a\u00fan no realizadas y presentarlas al p\u00fablico. \u00a0<\/strong><\/p>\r\n\r\n\r\n\r\n<p>La ceremonia de entrega de premios ha sido un estreno este a\u00f1o: los ganadores han recibido sus premios en el primer congreso conjunto de ECMA y Pro Carton en un entorno festivo - el 18 de El 18 de septiembre se celebr\u00f3 la Gala de Awards en Sorrento (Italia).<\/p>","protected":false},"excerpt":{"rendered":"<p>PRO CARTON YOUNG DESIGNERS AWARD 2014 The International Pro Carton Young Designers Award honours new, as yet not realised ideas in cartonboard applications from across Europe and the competition is open to students. \u00a0The objective of the competition is to discover as yet unrealised cartonboard solutions and design ideas and to present these to the [&hellip;]<\/p>\n","protected":false},"author":1,"featured_media":242217,"parent":243708,"menu_order":11,"comment_status":"closed","ping_status":"closed","template":"templates\/award_details_page.php","meta":{"inline_featured_image":false,"footnotes":""},"class_list":["post-258230","page","type-page","status-publish","has-post-thumbnail","hentry"],"yoast_head":"<!-- This site is optimized with the Yoast SEO plugin v27.3 - https:\/\/yoast.com\/product\/yoast-seo-wordpress\/ -->\n<title>2014 - Pro Carton<\/title>\n<meta name=\"robots\" content=\"index, follow, max-snippet:-1, max-image-preview:large, max-video-preview:-1\" \/>\n<link rel=\"canonical\" href=\"https:\/\/www.procarton.com\/es\/awards\/pro-carton-young-designers-award\/2014-2\/\" \/>\n<meta property=\"og:locale\" content=\"es_ES\" \/>\n<meta property=\"og:type\" content=\"article\" \/>\n<meta property=\"og:title\" content=\"2014 - Pro Carton\" \/>\n<meta property=\"og:description\" content=\"PRO CARTON YOUNG DESIGNERS AWARD 2014 The International Pro Carton Young Designers Award honours new, as yet not realised ideas in cartonboard applications from across Europe and the competition is open to students. \u00a0The objective of the competition is to discover as yet unrealised cartonboard solutions and design ideas and to present these to the [&hellip;]\" \/>\n<meta property=\"og:url\" content=\"https:\/\/www.procarton.com\/es\/awards\/pro-carton-young-designers-award\/2014-2\/\" \/>\n<meta property=\"og:site_name\" content=\"Pro Carton\" \/>\n<meta property=\"article:publisher\" content=\"https:\/\/www.facebook.com\/procartondesignaward\/\" \/>\n<meta property=\"article:modified_time\" content=\"2022-01-10T11:56:51+00:00\" \/>\n<meta property=\"og:image\" content=\"https:\/\/www.procarton.com\/wp-content\/uploads\/2021\/02\/Logo_pcyda_home-1.jpg\" \/>\n\t<meta property=\"og:image:width\" content=\"600\" \/>\n\t<meta property=\"og:image:height\" content=\"400\" \/>\n\t<meta property=\"og:image:type\" content=\"image\/jpeg\" \/>\n<meta name=\"twitter:card\" content=\"summary_large_image\" \/>\n<meta name=\"twitter:site\" content=\"@pro_carton\" \/>\n<meta name=\"twitter:label1\" content=\"Tiempo de lectura\" \/>\n\t<meta name=\"twitter:data1\" content=\"1 minuto\" \/>\n<script type=\"application\/ld+json\" class=\"yoast-schema-graph\">{\"@context\":\"https:\\\/\\\/schema.org\",\"@graph\":[{\"@type\":\"WebPage\",\"@id\":\"https:\\\/\\\/www.procarton.com\\\/es\\\/awards\\\/pro-carton-young-designers-award\\\/2014-2\\\/\",\"url\":\"https:\\\/\\\/www.procarton.com\\\/es\\\/awards\\\/pro-carton-young-designers-award\\\/2014-2\\\/\",\"name\":\"2014 - Pro Carton\",\"isPartOf\":{\"@id\":\"https:\\\/\\\/www.procarton.com\\\/es\\\/#website\"},\"primaryImageOfPage\":{\"@id\":\"https:\\\/\\\/www.procarton.com\\\/es\\\/awards\\\/pro-carton-young-designers-award\\\/2014-2\\\/#primaryimage\"},\"image\":{\"@id\":\"https:\\\/\\\/www.procarton.com\\\/es\\\/awards\\\/pro-carton-young-designers-award\\\/2014-2\\\/#primaryimage\"},\"thumbnailUrl\":\"https:\\\/\\\/www.procarton.com\\\/wp-content\\\/uploads\\\/2021\\\/02\\\/Logo_pcyda_home-1.jpg\",\"datePublished\":\"2021-03-03T10:34:20+00:00\",\"dateModified\":\"2022-01-10T11:56:51+00:00\",\"breadcrumb\":{\"@id\":\"https:\\\/\\\/www.procarton.com\\\/es\\\/awards\\\/pro-carton-young-designers-award\\\/2014-2\\\/#breadcrumb\"},\"inLanguage\":\"es\",\"potentialAction\":[{\"@type\":\"ReadAction\",\"target\":[\"https:\\\/\\\/www.procarton.com\\\/es\\\/awards\\\/pro-carton-young-designers-award\\\/2014-2\\\/\"]}]},{\"@type\":\"ImageObject\",\"inLanguage\":\"es\",\"@id\":\"https:\\\/\\\/www.procarton.com\\\/es\\\/awards\\\/pro-carton-young-designers-award\\\/2014-2\\\/#primaryimage\",\"url\":\"https:\\\/\\\/www.procarton.com\\\/wp-content\\\/uploads\\\/2021\\\/02\\\/Logo_pcyda_home-1.jpg\",\"contentUrl\":\"https:\\\/\\\/www.procarton.com\\\/wp-content\\\/uploads\\\/2021\\\/02\\\/Logo_pcyda_home-1.jpg\",\"width\":600,\"height\":400},{\"@type\":\"BreadcrumbList\",\"@id\":\"https:\\\/\\\/www.procarton.com\\\/es\\\/awards\\\/pro-carton-young-designers-award\\\/2014-2\\\/#breadcrumb\",\"itemListElement\":[{\"@type\":\"ListItem\",\"position\":1,\"name\":\"Home\",\"item\":\"https:\\\/\\\/www.procarton.com\\\/\"},{\"@type\":\"ListItem\",\"position\":2,\"name\":\"Awards\",\"item\":\"https:\\\/\\\/www.procarton.com\\\/awards\\\/\"},{\"@type\":\"ListItem\",\"position\":3,\"name\":\"Pro Carton Young Designers Award\",\"item\":\"https:\\\/\\\/www.procarton.com\\\/awards\\\/pro-carton-young-designers-award\\\/\"},{\"@type\":\"ListItem\",\"position\":4,\"name\":\"2014\"}]},{\"@type\":\"WebSite\",\"@id\":\"https:\\\/\\\/www.procarton.com\\\/es\\\/#website\",\"url\":\"https:\\\/\\\/www.procarton.com\\\/es\\\/\",\"name\":\"Pro Carton\",\"description\":\"\",\"publisher\":{\"@id\":\"https:\\\/\\\/www.procarton.com\\\/es\\\/#organization\"},\"potentialAction\":[{\"@type\":\"SearchAction\",\"target\":{\"@type\":\"EntryPoint\",\"urlTemplate\":\"https:\\\/\\\/www.procarton.com\\\/es\\\/?s={search_term_string}\"},\"query-input\":{\"@type\":\"PropertyValueSpecification\",\"valueRequired\":true,\"valueName\":\"search_term_string\"}}],\"inLanguage\":\"es\"},{\"@type\":\"Organization\",\"@id\":\"https:\\\/\\\/www.procarton.com\\\/es\\\/#organization\",\"name\":\"ProCarton\",\"url\":\"https:\\\/\\\/www.procarton.com\\\/es\\\/\",\"logo\":{\"@type\":\"ImageObject\",\"inLanguage\":\"es\",\"@id\":\"https:\\\/\\\/www.procarton.com\\\/es\\\/#\\\/schema\\\/logo\\\/image\\\/\",\"url\":\"https:\\\/\\\/www.procarton.com\\\/wp-content\\\/uploads\\\/2022\\\/06\\\/logo-mit-slogan.jpg\",\"contentUrl\":\"https:\\\/\\\/www.procarton.com\\\/wp-content\\\/uploads\\\/2022\\\/06\\\/logo-mit-slogan.jpg\",\"width\":422,\"height\":519,\"caption\":\"ProCarton\"},\"image\":{\"@id\":\"https:\\\/\\\/www.procarton.com\\\/es\\\/#\\\/schema\\\/logo\\\/image\\\/\"},\"sameAs\":[\"https:\\\/\\\/www.facebook.com\\\/procartondesignaward\\\/\",\"https:\\\/\\\/x.com\\\/pro_carton\"]}]}<\/script>\n<!-- \/ Yoast SEO plugin. -->","yoast_head_json":{"title":"2014 - Pro Carton","robots":{"index":"index","follow":"follow","max-snippet":"max-snippet:-1","max-image-preview":"max-image-preview:large","max-video-preview":"max-video-preview:-1"},"canonical":"https:\/\/www.procarton.com\/es\/awards\/pro-carton-young-designers-award\/2014-2\/","og_locale":"es_ES","og_type":"article","og_title":"2014 - Pro Carton","og_description":"PRO CARTON YOUNG DESIGNERS AWARD 2014 The International Pro Carton Young Designers Award honours new, as yet not realised ideas in cartonboard applications from across Europe and the competition is open to students. \u00a0The objective of the competition is to discover as yet unrealised cartonboard solutions and design ideas and to present these to the [&hellip;]","og_url":"https:\/\/www.procarton.com\/es\/awards\/pro-carton-young-designers-award\/2014-2\/","og_site_name":"Pro Carton","article_publisher":"https:\/\/www.facebook.com\/procartondesignaward\/","article_modified_time":"2022-01-10T11:56:51+00:00","og_image":[{"width":600,"height":400,"url":"https:\/\/www.procarton.com\/wp-content\/uploads\/2021\/02\/Logo_pcyda_home-1.jpg","type":"image\/jpeg"}],"twitter_card":"summary_large_image","twitter_site":"@pro_carton","twitter_misc":{"Tiempo de lectura":"1 minuto"},"schema":{"@context":"https:\/\/schema.org","@graph":[{"@type":"WebPage","@id":"https:\/\/www.procarton.com\/es\/awards\/pro-carton-young-designers-award\/2014-2\/","url":"https:\/\/www.procarton.com\/es\/awards\/pro-carton-young-designers-award\/2014-2\/","name":"2014 - Pro Carton","isPartOf":{"@id":"https:\/\/www.procarton.com\/es\/#website"},"primaryImageOfPage":{"@id":"https:\/\/www.procarton.com\/es\/awards\/pro-carton-young-designers-award\/2014-2\/#primaryimage"},"image":{"@id":"https:\/\/www.procarton.com\/es\/awards\/pro-carton-young-designers-award\/2014-2\/#primaryimage"},"thumbnailUrl":"https:\/\/www.procarton.com\/wp-content\/uploads\/2021\/02\/Logo_pcyda_home-1.jpg","datePublished":"2021-03-03T10:34:20+00:00","dateModified":"2022-01-10T11:56:51+00:00","breadcrumb":{"@id":"https:\/\/www.procarton.com\/es\/awards\/pro-carton-young-designers-award\/2014-2\/#breadcrumb"},"inLanguage":"es","potentialAction":[{"@type":"ReadAction","target":["https:\/\/www.procarton.com\/es\/awards\/pro-carton-young-designers-award\/2014-2\/"]}]},{"@type":"ImageObject","inLanguage":"es","@id":"https:\/\/www.procarton.com\/es\/awards\/pro-carton-young-designers-award\/2014-2\/#primaryimage","url":"https:\/\/www.procarton.com\/wp-content\/uploads\/2021\/02\/Logo_pcyda_home-1.jpg","contentUrl":"https:\/\/www.procarton.com\/wp-content\/uploads\/2021\/02\/Logo_pcyda_home-1.jpg","width":600,"height":400},{"@type":"BreadcrumbList","@id":"https:\/\/www.procarton.com\/es\/awards\/pro-carton-young-designers-award\/2014-2\/#breadcrumb","itemListElement":[{"@type":"ListItem","position":1,"name":"Home","item":"https:\/\/www.procarton.com\/"},{"@type":"ListItem","position":2,"name":"Awards","item":"https:\/\/www.procarton.com\/awards\/"},{"@type":"ListItem","position":3,"name":"Pro Carton Young Designers Award","item":"https:\/\/www.procarton.com\/awards\/pro-carton-young-designers-award\/"},{"@type":"ListItem","position":4,"name":"2014"}]},{"@type":"WebSite","@id":"https:\/\/www.procarton.com\/es\/#website","url":"https:\/\/www.procarton.com\/es\/","name":"Pro Carton","description":"","publisher":{"@id":"https:\/\/www.procarton.com\/es\/#organization"},"potentialAction":[{"@type":"SearchAction","target":{"@type":"EntryPoint","urlTemplate":"https:\/\/www.procarton.com\/es\/?s={search_term_string}"},"query-input":{"@type":"PropertyValueSpecification","valueRequired":true,"valueName":"search_term_string"}}],"inLanguage":"es"},{"@type":"Organization","@id":"https:\/\/www.procarton.com\/es\/#organization","name":"ProCarton","url":"https:\/\/www.procarton.com\/es\/","logo":{"@type":"ImageObject","inLanguage":"es","@id":"https:\/\/www.procarton.com\/es\/#\/schema\/logo\/image\/","url":"https:\/\/www.procarton.com\/wp-content\/uploads\/2022\/06\/logo-mit-slogan.jpg","contentUrl":"https:\/\/www.procarton.com\/wp-content\/uploads\/2022\/06\/logo-mit-slogan.jpg","width":422,"height":519,"caption":"ProCarton"},"image":{"@id":"https:\/\/www.procarton.com\/es\/#\/schema\/logo\/image\/"},"sameAs":["https:\/\/www.facebook.com\/procartondesignaward\/","https:\/\/x.com\/pro_carton"]}]}},"_links":{"self":[{"href":"https:\/\/www.procarton.com\/es\/wp-json\/wp\/v2\/pages\/258230","targetHints":{"allow":["GET"]}}],"collection":[{"href":"https:\/\/www.procarton.com\/es\/wp-json\/wp\/v2\/pages"}],"about":[{"href":"https:\/\/www.procarton.com\/es\/wp-json\/wp\/v2\/types\/page"}],"author":[{"embeddable":true,"href":"https:\/\/www.procarton.com\/es\/wp-json\/wp\/v2\/users\/1"}],"replies":[{"embeddable":true,"href":"https:\/\/www.procarton.com\/es\/wp-json\/wp\/v2\/comments?post=258230"}],"version-history":[{"count":3,"href":"https:\/\/www.procarton.com\/es\/wp-json\/wp\/v2\/pages\/258230\/revisions"}],"predecessor-version":[{"id":275778,"href":"https:\/\/www.procarton.com\/es\/wp-json\/wp\/v2\/pages\/258230\/revisions\/275778"}],"up":[{"embeddable":true,"href":"https:\/\/www.procarton.com\/es\/wp-json\/wp\/v2\/pages\/243708"}],"wp:featuredmedia":[{"embeddable":true,"href":"https:\/\/www.procarton.com\/es\/wp-json\/wp\/v2\/media\/242217"}],"wp:attachment":[{"href":"https:\/\/www.procarton.com\/es\/wp-json\/wp\/v2\/media?parent=258230"}],"curies":[{"name":"wp","href":"https:\/\/api.w.org\/{rel}","templated":true}]}}