{"id":258228,"date":"2021-03-03T10:34:20","date_gmt":"2021-03-03T10:34:20","guid":{"rendered":"https:\/\/www.procarton.com\/awards\/pro-carton-young-designers-award\/2017\/"},"modified":"2022-04-01T15:42:03","modified_gmt":"2022-04-01T14:42:03","slug":"2017-2","status":"publish","type":"page","link":"https:\/\/www.procarton.com\/es\/awards\/pro-carton-young-designers-award\/2017-2\/","title":{"rendered":"2017"},"content":{"rendered":"<section class=\"av_textblock_section\"  itemscope=\"itemscope\" itemtype=\"https:\/\/schema.org\/CreativeWork\" ><div class='avia_textblock'   itemprop=\"text\" ><figure class=\"wp-block-image size-large\"><img loading=\"lazy\" decoding=\"async\" width=\"1023\" height=\"384\" class=\"wp-image-258712\" src=\"https:\/\/www.procarton.com\/wp-content\/uploads\/2021\/03\/pydca17.jpg\" alt=\"\" srcset=\"https:\/\/www.procarton.com\/wp-content\/uploads\/2021\/03\/pydca17.jpg 1023w, https:\/\/www.procarton.com\/wp-content\/uploads\/2021\/03\/pydca17-300x113.jpg 300w, https:\/\/www.procarton.com\/wp-content\/uploads\/2021\/03\/pydca17-768x288.jpg 768w, https:\/\/www.procarton.com\/wp-content\/uploads\/2021\/03\/pydca17-18x7.jpg 18w, https:\/\/www.procarton.com\/wp-content\/uploads\/2021\/03\/pydca17-705x265.jpg 705w\" sizes=\"auto, (max-width: 1023px) 100vw, 1023px\" \/><\/figure>\n<p><a href=\"https:\/\/www.procarton.com\/awards\/pro-carton-young-designers-award\/2017-2\/winners\/\">&gt;&gt;&gt; \u00a1AQU\u00cd EST\u00c1N LOS GANADORES!<\/a><\/p>\n<p><strong>Comenta y comparte los ganadores y finalistas con tus colegas y amigos.<\/strong><\/p>\n<p><!-- \/wp:post-content --><\/p>\n<\/div><\/section>\r\n<div class=\"av-animated-generic top-to-bottom flex_column av_two_third  flex_column_div av-zero-column-padding first  avia-builder-el-1  el_after_av_textblock  el_before_av_one_third  column-top-margin\" style='border-radius:0px; '><section class=\"av_textblock_section\"  itemscope=\"itemscope\" itemtype=\"https:\/\/schema.org\/CreativeWork\" ><div class='avia_textblock'   itemprop=\"text\" ><div class=\"col-xs-12\">\n<h1 class=\"\">\u00bfES USTED UN DISE\u00d1ADOR ESTRELLA DEL MA\u00d1ANA?<\/h1>\n<\/div>\n<p>El Premio Pro Carton para J\u00f3venes Dise\u00f1adores es uno de los principales concursos europeos para j\u00f3venes talentos del dise\u00f1o de envases. Desde hace 15 a\u00f1os, el premio ofrece a los j\u00f3venes dise\u00f1adores tanto el reconocimiento profesional como una plataforma para establecer contactos con la industria, un primer paso hacia una carrera profesional.<\/p>\n<p><!-- \/wp:paragraph --><\/p>\n<p><!-- wp:paragraph -->Dos categor\u00edas:<\/p>\n<p><!-- \/wp:paragraph --><\/p>\n<p><!-- wp:list --><\/p>\n<ul>\n<li>Envases de cart\u00f3n creativos: El cart\u00f3n es el material de envase y embalaje m\u00e1s sostenible y, por supuesto, totalmente reciclable.<\/li>\n<li>Ideas creativas sobre el cart\u00f3n: Aqu\u00ed tienes la oportunidad de presentar tus ideas de cart\u00f3n fuera del mercado de los envases. El ganador del a\u00f1o pasado fue una pajarita de cart\u00f3n.<br \/>Lo ideal es presentar muestras f\u00edsicas en 3D, pero tambi\u00e9n se aceptan ilustraciones o dise\u00f1os bidimensionales.<\/li>\n<\/ul>\n<p><!-- \/wp:list --><\/p>\n<p><!-- wp:heading --><\/p>\n<h4>Lo que puedes ganar:<\/h4>\n<p><!-- \/wp:heading --><\/p>\n<p><!-- wp:paragraph -->El premio principal es una semana de formaci\u00f3n pr\u00e1ctica en una empresa internacional de envase y embalaje. Adem\u00e1s, todos los finalistas y sus profesores ser\u00e1n invitados a la cena de gala y a la ceremonia de entrega de premios que tendr\u00e1 lugar el 21 de septiembre de 2017 en Salzburgo, la ciudad de Mozart y de Red Bull. Y, por supuesto, tambi\u00e9n habr\u00e1 trofeos, certificados y amplias actividades de marketing (&gt;&gt;\u00a0<a href=\"https:\/\/www.procarton.com\/awards\/pro-carton-young-designers-award\/2016-2\/photos\/\">Mira las im\u00e1genes de la Gala 2016<\/a>).<\/p>\n<p><!-- \/wp:paragraph --><\/p>\n<p><!-- wp:paragraph -->Este a\u00f1o, dos importantes empresas internacionales de cart\u00f3n y envases de cart\u00f3n patrocinar\u00e1n la formaci\u00f3n de los ganadores, con todos los gastos pagados:<\/p>\n<p><!-- \/wp:paragraph --><\/p>\n<p><!-- wp:list {\"ordered\":true} --><\/p>\n<ol>\n<li>Una semana de formaci\u00f3n pr\u00e1ctica en\u00a0<a href=\"http:\/\/www.graphicpkgeurope.com\/\"><strong>Graphic Packaging International,<\/strong><\/a>\u00a0l\u00edder mundial en la industria del envase y embalaje: Los estudiantes pasar\u00e1n una semana en el Centro de Innovaci\u00f3n Global, en Bardon (Reino Unido), donde realizar\u00e1n un viaje a trav\u00e9s del dise\u00f1o y las especificaciones dirigidas al consumidor, hasta una visi\u00f3n general del proceso de fabricaci\u00f3n del cart\u00f3n.<\/li>\n<li>Una visita de dos d\u00edas a\u00a0<a href=\"http:\/\/iggesund.com\/knowledge\"><strong>Iggesund Paperboard,<\/strong><\/a>\u00a0que produce algunas de las principales marcas de cart\u00f3n del mundo: Los estudiantes ser\u00e1n invitados a la f\u00e1brica de Iggesund en Suecia, donde experimentar\u00e1n la fabricaci\u00f3n de cart\u00f3n desde el bosque hasta el material terminado.<\/li>\n<\/ol>\n<p><!-- \/wp:list --><\/p>\n<p><!-- wp:heading --><\/p>\n<h4>Apoyo a las instalaciones educativas<\/h4>\n<p><!-- \/wp:heading --><\/p>\n<p><!-- wp:paragraph -->Pro Carton ofrece a los profesores un servicio \u00fanico: incluye\u00a0<a href=\"https:\/\/www.procarton.com\/publications-news\/publications\/\">&gt;&gt; Publicaciones<\/a>\u00a0en cart\u00f3n, material informativo y, sobre todo, cart\u00f3n para el trabajo de dise\u00f1o.\u00a0<a href=\"mailto:mcewen@mcewen.at\" target=\"_blank\" rel=\"noreferrer noopener\">Previa solicitud y registro oportuno<\/a>Los miembros de Pro Carton ir\u00e1n a su escuela o universidad y realizar\u00e1n talleres sobre las numerosas opciones que ofrecen el cart\u00f3n y los envases de cart\u00f3n (dise\u00f1o, tecnolog\u00eda, producci\u00f3n, marketing...).<\/p>\n<\/div><\/section><\/div><div class=\"av-animated-generic top-to-bottom flex_column av_one_third  flex_column_div av-zero-column-padding   avia-builder-el-3  el_after_av_two_third  avia-builder-el-last  column-top-margin\" style='border-radius:0px; '><p><div  class='avia-video avia-video-16-9   av-lazyload-immediate  av-lazyload-video-embed'   itemprop=\"video\" itemtype=\"https:\/\/schema.org\/VideoObject\"  data-original_url='https:\/\/www.youtube.com\/watch?v=1lsZlnktb0Y' ><script type='text\/html' class='av-video-tmpl'><div class='avia-iframe-wrap'><iframe loading=\"lazy\" title=\"Young designers about their ideas and the #pcyda17\" width=\"1500\" height=\"844\" src=\"https:\/\/www.youtube.com\/embed\/1lsZlnktb0Y?feature=oembed&autoplay=0&loop=0&controls=1&mute=0\" frameborder=\"0\" allow=\"accelerometer; autoplay; clipboard-write; encrypted-media; gyroscope; picture-in-picture\" allowfullscreen><\/iframe><\/div><\/script><div class='av-click-to-play-overlay'><div class=\"avia_playpause_icon\"><\/div><\/div><\/div><br \/>\n<section class=\"av_textblock_section\"  itemscope=\"itemscope\" itemtype=\"https:\/\/schema.org\/CreativeWork\" ><div class='avia_textblock'   itemprop=\"text\" ><p>J\u00f3venes dise\u00f1adores sobre sus ideas y el #pcyda17<\/p>\n<\/div><\/section><br \/>\n<div  class='avia-video avia-video-16-9   av-lazyload-immediate  av-lazyload-video-embed'   itemprop=\"video\" itemtype=\"https:\/\/schema.org\/VideoObject\"  data-original_url='https:\/\/www.youtube.com\/watch?v=uRZgr2dbqkE' ><script type='text\/html' class='av-video-tmpl'><div class='avia-iframe-wrap'><iframe loading=\"lazy\" title=\"Roland Rex about the importance of cartons\" width=\"1500\" height=\"844\" src=\"https:\/\/www.youtube.com\/embed\/uRZgr2dbqkE?feature=oembed&autoplay=0&loop=0&controls=1&mute=0\" frameborder=\"0\" allow=\"accelerometer; autoplay; clipboard-write; encrypted-media; gyroscope; picture-in-picture\" allowfullscreen><\/iframe><\/div><\/script><div class='av-click-to-play-overlay'><div class=\"avia_playpause_icon\"><\/div><\/div><\/div><br \/>\n<section class=\"av_textblock_section\"  itemscope=\"itemscope\" itemtype=\"https:\/\/schema.org\/CreativeWork\" ><div class='avia_textblock'   itemprop=\"text\" ><p>Roland Rex sobre la importancia del cart\u00f3n<\/p>\n<\/div><\/section><br \/>\n<div  class='avia-video avia-video-16-9   av-lazyload-immediate  av-lazyload-video-embed'   itemprop=\"video\" itemtype=\"https:\/\/schema.org\/VideoObject\"  data-original_url='https:\/\/www.youtube.com\/watch?v=bERsD3no6S0' ><script type='text\/html' class='av-video-tmpl'><div class='avia-iframe-wrap'><iframe loading=\"lazy\" title=\"Sponsors of the Pro Carton Young Designers Award 2017\" width=\"1500\" height=\"844\" src=\"https:\/\/www.youtube.com\/embed\/bERsD3no6S0?feature=oembed&autoplay=0&loop=0&controls=1&mute=0\" frameborder=\"0\" allow=\"accelerometer; autoplay; clipboard-write; encrypted-media; gyroscope; picture-in-picture\" allowfullscreen><\/iframe><\/div><\/script><div class='av-click-to-play-overlay'><div class=\"avia_playpause_icon\"><\/div><\/div><\/div><br \/>\n<section class=\"av_textblock_section\"  itemscope=\"itemscope\" itemtype=\"https:\/\/schema.org\/CreativeWork\" ><div class='avia_textblock'   itemprop=\"text\" ><p>Patrocinadores de las jornadas de formaci\u00f3n para los ganadores<\/p>\n<\/div><\/section><\/p><\/div>","protected":false},"excerpt":{"rendered":"","protected":false},"author":1,"featured_media":258860,"parent":243708,"menu_order":9,"comment_status":"closed","ping_status":"closed","template":"templates\/award_details_page.php","meta":{"inline_featured_image":false,"footnotes":""},"class_list":["post-258228","page","type-page","status-publish","has-post-thumbnail","hentry"],"yoast_head":"<!-- This site is optimized with the Yoast SEO plugin v27.4 - https:\/\/yoast.com\/product\/yoast-seo-wordpress\/ -->\n<title>2017 - Pro Carton<\/title>\n<meta name=\"robots\" content=\"index, follow, max-snippet:-1, max-image-preview:large, max-video-preview:-1\" \/>\n<link rel=\"canonical\" href=\"https:\/\/www.procarton.com\/es\/awards\/pro-carton-young-designers-award\/2017-2\/\" \/>\n<meta property=\"og:locale\" content=\"es_ES\" \/>\n<meta property=\"og:type\" content=\"article\" \/>\n<meta property=\"og:title\" content=\"2017 - Pro Carton\" \/>\n<meta property=\"og:url\" content=\"https:\/\/www.procarton.com\/es\/awards\/pro-carton-young-designers-award\/2017-2\/\" \/>\n<meta property=\"og:site_name\" content=\"Pro Carton\" \/>\n<meta property=\"article:publisher\" content=\"https:\/\/www.facebook.com\/procartondesignaward\/\" \/>\n<meta property=\"article:modified_time\" content=\"2022-04-01T14:42:03+00:00\" \/>\n<meta property=\"og:image\" content=\"https:\/\/www.procarton.com\/wp-content\/uploads\/2021\/03\/Award2017_088_m.jpg\" \/>\n\t<meta property=\"og:image:width\" content=\"1920\" \/>\n\t<meta property=\"og:image:height\" content=\"1280\" \/>\n\t<meta property=\"og:image:type\" content=\"image\/jpeg\" \/>\n<meta name=\"twitter:card\" content=\"summary_large_image\" \/>\n<meta name=\"twitter:site\" content=\"@pro_carton\" \/>\n<meta name=\"twitter:label1\" content=\"Tiempo de lectura\" \/>\n\t<meta name=\"twitter:data1\" content=\"2 minutos\" \/>\n<script type=\"application\/ld+json\" class=\"yoast-schema-graph\">{\"@context\":\"https:\\\/\\\/schema.org\",\"@graph\":[{\"@type\":\"WebPage\",\"@id\":\"https:\\\/\\\/www.procarton.com\\\/es\\\/awards\\\/pro-carton-young-designers-award\\\/2017-2\\\/\",\"url\":\"https:\\\/\\\/www.procarton.com\\\/es\\\/awards\\\/pro-carton-young-designers-award\\\/2017-2\\\/\",\"name\":\"2017 - Pro Carton\",\"isPartOf\":{\"@id\":\"https:\\\/\\\/www.procarton.com\\\/es\\\/#website\"},\"primaryImageOfPage\":{\"@id\":\"https:\\\/\\\/www.procarton.com\\\/es\\\/awards\\\/pro-carton-young-designers-award\\\/2017-2\\\/#primaryimage\"},\"image\":{\"@id\":\"https:\\\/\\\/www.procarton.com\\\/es\\\/awards\\\/pro-carton-young-designers-award\\\/2017-2\\\/#primaryimage\"},\"thumbnailUrl\":\"https:\\\/\\\/www.procarton.com\\\/wp-content\\\/uploads\\\/2021\\\/03\\\/Award2017_088_m.jpg\",\"datePublished\":\"2021-03-03T10:34:20+00:00\",\"dateModified\":\"2022-04-01T14:42:03+00:00\",\"breadcrumb\":{\"@id\":\"https:\\\/\\\/www.procarton.com\\\/es\\\/awards\\\/pro-carton-young-designers-award\\\/2017-2\\\/#breadcrumb\"},\"inLanguage\":\"es\",\"potentialAction\":[{\"@type\":\"ReadAction\",\"target\":[\"https:\\\/\\\/www.procarton.com\\\/es\\\/awards\\\/pro-carton-young-designers-award\\\/2017-2\\\/\"]}]},{\"@type\":\"ImageObject\",\"inLanguage\":\"es\",\"@id\":\"https:\\\/\\\/www.procarton.com\\\/es\\\/awards\\\/pro-carton-young-designers-award\\\/2017-2\\\/#primaryimage\",\"url\":\"https:\\\/\\\/www.procarton.com\\\/wp-content\\\/uploads\\\/2021\\\/03\\\/Award2017_088_m.jpg\",\"contentUrl\":\"https:\\\/\\\/www.procarton.com\\\/wp-content\\\/uploads\\\/2021\\\/03\\\/Award2017_088_m.jpg\",\"width\":1920,\"height\":1280,\"caption\":\"Young Designer Winners and Teachers Young Designers with Teachers Young Designers with Teachers\"},{\"@type\":\"BreadcrumbList\",\"@id\":\"https:\\\/\\\/www.procarton.com\\\/es\\\/awards\\\/pro-carton-young-designers-award\\\/2017-2\\\/#breadcrumb\",\"itemListElement\":[{\"@type\":\"ListItem\",\"position\":1,\"name\":\"Home\",\"item\":\"https:\\\/\\\/www.procarton.com\\\/\"},{\"@type\":\"ListItem\",\"position\":2,\"name\":\"Awards\",\"item\":\"https:\\\/\\\/www.procarton.com\\\/awards\\\/\"},{\"@type\":\"ListItem\",\"position\":3,\"name\":\"Pro Carton Young Designers Award\",\"item\":\"https:\\\/\\\/www.procarton.com\\\/awards\\\/pro-carton-young-designers-award\\\/\"},{\"@type\":\"ListItem\",\"position\":4,\"name\":\"2017\"}]},{\"@type\":\"WebSite\",\"@id\":\"https:\\\/\\\/www.procarton.com\\\/es\\\/#website\",\"url\":\"https:\\\/\\\/www.procarton.com\\\/es\\\/\",\"name\":\"Pro Carton\",\"description\":\"\",\"publisher\":{\"@id\":\"https:\\\/\\\/www.procarton.com\\\/es\\\/#organization\"},\"potentialAction\":[{\"@type\":\"SearchAction\",\"target\":{\"@type\":\"EntryPoint\",\"urlTemplate\":\"https:\\\/\\\/www.procarton.com\\\/es\\\/?s={search_term_string}\"},\"query-input\":{\"@type\":\"PropertyValueSpecification\",\"valueRequired\":true,\"valueName\":\"search_term_string\"}}],\"inLanguage\":\"es\"},{\"@type\":\"Organization\",\"@id\":\"https:\\\/\\\/www.procarton.com\\\/es\\\/#organization\",\"name\":\"ProCarton\",\"url\":\"https:\\\/\\\/www.procarton.com\\\/es\\\/\",\"logo\":{\"@type\":\"ImageObject\",\"inLanguage\":\"es\",\"@id\":\"https:\\\/\\\/www.procarton.com\\\/es\\\/#\\\/schema\\\/logo\\\/image\\\/\",\"url\":\"https:\\\/\\\/www.procarton.com\\\/wp-content\\\/uploads\\\/2022\\\/06\\\/logo-mit-slogan.jpg\",\"contentUrl\":\"https:\\\/\\\/www.procarton.com\\\/wp-content\\\/uploads\\\/2022\\\/06\\\/logo-mit-slogan.jpg\",\"width\":422,\"height\":519,\"caption\":\"ProCarton\"},\"image\":{\"@id\":\"https:\\\/\\\/www.procarton.com\\\/es\\\/#\\\/schema\\\/logo\\\/image\\\/\"},\"sameAs\":[\"https:\\\/\\\/www.facebook.com\\\/procartondesignaward\\\/\",\"https:\\\/\\\/x.com\\\/pro_carton\"]}]}<\/script>\n<!-- \/ Yoast SEO plugin. -->","yoast_head_json":{"title":"2017 - Pro Carton","robots":{"index":"index","follow":"follow","max-snippet":"max-snippet:-1","max-image-preview":"max-image-preview:large","max-video-preview":"max-video-preview:-1"},"canonical":"https:\/\/www.procarton.com\/es\/awards\/pro-carton-young-designers-award\/2017-2\/","og_locale":"es_ES","og_type":"article","og_title":"2017 - Pro Carton","og_url":"https:\/\/www.procarton.com\/es\/awards\/pro-carton-young-designers-award\/2017-2\/","og_site_name":"Pro Carton","article_publisher":"https:\/\/www.facebook.com\/procartondesignaward\/","article_modified_time":"2022-04-01T14:42:03+00:00","og_image":[{"width":1920,"height":1280,"url":"https:\/\/www.procarton.com\/wp-content\/uploads\/2021\/03\/Award2017_088_m.jpg","type":"image\/jpeg"}],"twitter_card":"summary_large_image","twitter_site":"@pro_carton","twitter_misc":{"Tiempo de lectura":"2 minutos"},"schema":{"@context":"https:\/\/schema.org","@graph":[{"@type":"WebPage","@id":"https:\/\/www.procarton.com\/es\/awards\/pro-carton-young-designers-award\/2017-2\/","url":"https:\/\/www.procarton.com\/es\/awards\/pro-carton-young-designers-award\/2017-2\/","name":"2017 - Pro Carton","isPartOf":{"@id":"https:\/\/www.procarton.com\/es\/#website"},"primaryImageOfPage":{"@id":"https:\/\/www.procarton.com\/es\/awards\/pro-carton-young-designers-award\/2017-2\/#primaryimage"},"image":{"@id":"https:\/\/www.procarton.com\/es\/awards\/pro-carton-young-designers-award\/2017-2\/#primaryimage"},"thumbnailUrl":"https:\/\/www.procarton.com\/wp-content\/uploads\/2021\/03\/Award2017_088_m.jpg","datePublished":"2021-03-03T10:34:20+00:00","dateModified":"2022-04-01T14:42:03+00:00","breadcrumb":{"@id":"https:\/\/www.procarton.com\/es\/awards\/pro-carton-young-designers-award\/2017-2\/#breadcrumb"},"inLanguage":"es","potentialAction":[{"@type":"ReadAction","target":["https:\/\/www.procarton.com\/es\/awards\/pro-carton-young-designers-award\/2017-2\/"]}]},{"@type":"ImageObject","inLanguage":"es","@id":"https:\/\/www.procarton.com\/es\/awards\/pro-carton-young-designers-award\/2017-2\/#primaryimage","url":"https:\/\/www.procarton.com\/wp-content\/uploads\/2021\/03\/Award2017_088_m.jpg","contentUrl":"https:\/\/www.procarton.com\/wp-content\/uploads\/2021\/03\/Award2017_088_m.jpg","width":1920,"height":1280,"caption":"Young Designer Winners and Teachers Young Designers with Teachers Young Designers with Teachers"},{"@type":"BreadcrumbList","@id":"https:\/\/www.procarton.com\/es\/awards\/pro-carton-young-designers-award\/2017-2\/#breadcrumb","itemListElement":[{"@type":"ListItem","position":1,"name":"Home","item":"https:\/\/www.procarton.com\/"},{"@type":"ListItem","position":2,"name":"Awards","item":"https:\/\/www.procarton.com\/awards\/"},{"@type":"ListItem","position":3,"name":"Pro Carton Young Designers Award","item":"https:\/\/www.procarton.com\/awards\/pro-carton-young-designers-award\/"},{"@type":"ListItem","position":4,"name":"2017"}]},{"@type":"WebSite","@id":"https:\/\/www.procarton.com\/es\/#website","url":"https:\/\/www.procarton.com\/es\/","name":"Pro Carton","description":"","publisher":{"@id":"https:\/\/www.procarton.com\/es\/#organization"},"potentialAction":[{"@type":"SearchAction","target":{"@type":"EntryPoint","urlTemplate":"https:\/\/www.procarton.com\/es\/?s={search_term_string}"},"query-input":{"@type":"PropertyValueSpecification","valueRequired":true,"valueName":"search_term_string"}}],"inLanguage":"es"},{"@type":"Organization","@id":"https:\/\/www.procarton.com\/es\/#organization","name":"ProCarton","url":"https:\/\/www.procarton.com\/es\/","logo":{"@type":"ImageObject","inLanguage":"es","@id":"https:\/\/www.procarton.com\/es\/#\/schema\/logo\/image\/","url":"https:\/\/www.procarton.com\/wp-content\/uploads\/2022\/06\/logo-mit-slogan.jpg","contentUrl":"https:\/\/www.procarton.com\/wp-content\/uploads\/2022\/06\/logo-mit-slogan.jpg","width":422,"height":519,"caption":"ProCarton"},"image":{"@id":"https:\/\/www.procarton.com\/es\/#\/schema\/logo\/image\/"},"sameAs":["https:\/\/www.facebook.com\/procartondesignaward\/","https:\/\/x.com\/pro_carton"]}]}},"_links":{"self":[{"href":"https:\/\/www.procarton.com\/es\/wp-json\/wp\/v2\/pages\/258228","targetHints":{"allow":["GET"]}}],"collection":[{"href":"https:\/\/www.procarton.com\/es\/wp-json\/wp\/v2\/pages"}],"about":[{"href":"https:\/\/www.procarton.com\/es\/wp-json\/wp\/v2\/types\/page"}],"author":[{"embeddable":true,"href":"https:\/\/www.procarton.com\/es\/wp-json\/wp\/v2\/users\/1"}],"replies":[{"embeddable":true,"href":"https:\/\/www.procarton.com\/es\/wp-json\/wp\/v2\/comments?post=258228"}],"version-history":[{"count":8,"href":"https:\/\/www.procarton.com\/es\/wp-json\/wp\/v2\/pages\/258228\/revisions"}],"predecessor-version":[{"id":276578,"href":"https:\/\/www.procarton.com\/es\/wp-json\/wp\/v2\/pages\/258228\/revisions\/276578"}],"up":[{"embeddable":true,"href":"https:\/\/www.procarton.com\/es\/wp-json\/wp\/v2\/pages\/243708"}],"wp:featuredmedia":[{"embeddable":true,"href":"https:\/\/www.procarton.com\/es\/wp-json\/wp\/v2\/media\/258860"}],"wp:attachment":[{"href":"https:\/\/www.procarton.com\/es\/wp-json\/wp\/v2\/media?parent=258228"}],"curies":[{"name":"wp","href":"https:\/\/api.w.org\/{rel}","templated":true}]}}