{"id":243891,"date":"2021-02-14T17:17:35","date_gmt":"2021-02-14T17:17:35","guid":{"rendered":"\/awards\/pro-carton-young-designers-award\/2020\/photos\/"},"modified":"2023-02-22T17:29:07","modified_gmt":"2023-02-22T17:29:07","slug":"pro-carton-young-designers-award-2020-photos","status":"publish","type":"page","link":"https:\/\/www.procarton.com\/es\/awards\/pro-carton-young-designers-award\/pro-carton-young-designers-award-2020\/pro-carton-young-designers-award-2020-photos\/","title":{"rendered":"Fotos"},"content":{"rendered":"<figure class=\"wp-block-gallery columns-3 is-cropped wp-block-gallery-1 is-layout-flex wp-block-gallery-is-layout-flex\">\r\n<ul class=\"blocks-gallery-grid\">\r\n<li class=\"blocks-gallery-item\">\r\n<figure><a href=\"\/wp-content\/uploads\/2021\/03\/PCYDA_all.png\"><img loading=\"lazy\" decoding=\"async\" width=\"1000\" height=\"625\" class=\"wp-image-258879\" src=\"\/wp-content\/uploads\/2021\/03\/PCYDA_all.png\" alt=\"\" data-id=\"258879\" data-full-url=\"\/wp-content\/uploads\/2021\/03\/PCYDA_all.png\" data-link=\"\/awards\/pro-carton-young-designers-award\/2019\/photos\/pcyda_all\/\" srcset=\"https:\/\/www.procarton.com\/wp-content\/uploads\/2021\/03\/PCYDA_all.png 1000w, https:\/\/www.procarton.com\/wp-content\/uploads\/2021\/03\/PCYDA_all-300x188.png 300w, https:\/\/www.procarton.com\/wp-content\/uploads\/2021\/03\/PCYDA_all-768x480.png 768w, https:\/\/www.procarton.com\/wp-content\/uploads\/2021\/03\/PCYDA_all-18x12.png 18w, https:\/\/www.procarton.com\/wp-content\/uploads\/2021\/03\/PCYDA_all-705x441.png 705w\" sizes=\"auto, (max-width: 1000px) 100vw, 1000px\" \/><\/a>\r\n<figcaption class=\"blocks-gallery-item__caption\">Preseleccionado para el premio Pro Carton Young Designers Award<\/figcaption>\r\n<\/figure>\r\n<\/li>\r\n<li class=\"blocks-gallery-item\">\r\n<figure><a href=\"\/wp-content\/uploads\/2021\/03\/Fulfil_Public_Award.png\"><img loading=\"lazy\" decoding=\"async\" width=\"1000\" height=\"625\" class=\"wp-image-258877\" src=\"\/wp-content\/uploads\/2021\/03\/Fulfil_Public_Award.png\" alt=\"\" data-id=\"258877\" data-full-url=\"\/wp-content\/uploads\/2021\/03\/Fulfil_Public_Award.png\" data-link=\"\/awards\/pro-carton-young-designers-award\/2019\/photos\/fulfil_public_award\/\" srcset=\"https:\/\/www.procarton.com\/wp-content\/uploads\/2021\/03\/Fulfil_Public_Award.png 1000w, https:\/\/www.procarton.com\/wp-content\/uploads\/2021\/03\/Fulfil_Public_Award-300x188.png 300w, https:\/\/www.procarton.com\/wp-content\/uploads\/2021\/03\/Fulfil_Public_Award-768x480.png 768w, https:\/\/www.procarton.com\/wp-content\/uploads\/2021\/03\/Fulfil_Public_Award-18x12.png 18w, https:\/\/www.procarton.com\/wp-content\/uploads\/2021\/03\/Fulfil_Public_Award-705x441.png 705w\" sizes=\"auto, (max-width: 1000px) 100vw, 1000px\" \/><\/a>\r\n<figcaption class=\"blocks-gallery-item__caption\">El ganador del Public Award es fulfil, un dise\u00f1o de Mirjam Bauer, Maureen Seel y Nora Karl El ganador del Public Award es fulfil, un dise\u00f1o de Mirjam Bauer, Maureen Seel y Nora Karl<\/figcaption>\r\n<\/figure>\r\n<\/li>\r\n<li class=\"blocks-gallery-item\">\r\n<figure><a href=\"\/wp-content\/uploads\/2021\/03\/2.png\"><img loading=\"lazy\" decoding=\"async\" width=\"400\" height=\"225\" class=\"wp-image-258872\" src=\"\/wp-content\/uploads\/2021\/03\/2.png\" alt=\"\" data-id=\"258872\" data-full-url=\"\/wp-content\/uploads\/2021\/03\/2.png\" data-link=\"\/awards\/pro-carton-young-designers-award\/2019\/photos\/2-3\/\" srcset=\"https:\/\/www.procarton.com\/wp-content\/uploads\/2021\/03\/2.png 400w, https:\/\/www.procarton.com\/wp-content\/uploads\/2021\/03\/2-300x169.png 300w, https:\/\/www.procarton.com\/wp-content\/uploads\/2021\/03\/2-18x10.png 18w\" sizes=\"auto, (max-width: 400px) 100vw, 400px\" \/><\/a>\r\n<figcaption class=\"blocks-gallery-item__caption\">Comentario de las dise\u00f1adoras Mirjam Bauer, Maureen Seel y Nora Karl<\/figcaption>\r\n<\/figure>\r\n<\/li>\r\n<li class=\"blocks-gallery-item\">\r\n<figure><a href=\"\/wp-content\/uploads\/2021\/03\/Avis.png\"><img loading=\"lazy\" decoding=\"async\" width=\"1000\" height=\"625\" class=\"wp-image-258873\" src=\"\/wp-content\/uploads\/2021\/03\/Avis.png\" alt=\"\" data-id=\"258873\" data-full-url=\"\/wp-content\/uploads\/2021\/03\/Avis.png\" data-link=\"\/awards\/pro-carton-young-designers-award\/2019\/photos\/avis-2\/\" srcset=\"https:\/\/www.procarton.com\/wp-content\/uploads\/2021\/03\/Avis.png 1000w, https:\/\/www.procarton.com\/wp-content\/uploads\/2021\/03\/Avis-300x188.png 300w, https:\/\/www.procarton.com\/wp-content\/uploads\/2021\/03\/Avis-768x480.png 768w, https:\/\/www.procarton.com\/wp-content\/uploads\/2021\/03\/Avis-16x10.png 16w\" sizes=\"auto, (max-width: 1000px) 100vw, 1000px\" \/><\/a>\r\n<figcaption class=\"blocks-gallery-item__caption\">Ganador de la nueva categor\u00eda Premio a los reci\u00e9n llegados<\/figcaption>\r\n<\/figure>\r\n<\/li>\r\n<li class=\"blocks-gallery-item\">\r\n<figure><a href=\"\/wp-content\/uploads\/2021\/03\/Flour_Box.png\"><img loading=\"lazy\" decoding=\"async\" width=\"1000\" height=\"625\" class=\"wp-image-258875\" src=\"\/wp-content\/uploads\/2021\/03\/Flour_Box.png\" alt=\"\" data-id=\"258875\" data-full-url=\"\/wp-content\/uploads\/2021\/03\/Flour_Box.png\" data-link=\"\/awards\/pro-carton-young-designers-award\/2019\/photos\/flour_box\/\" srcset=\"https:\/\/www.procarton.com\/wp-content\/uploads\/2021\/03\/Flour_Box.png 1000w, https:\/\/www.procarton.com\/wp-content\/uploads\/2021\/03\/Flour_Box-300x188.png 300w, https:\/\/www.procarton.com\/wp-content\/uploads\/2021\/03\/Flour_Box-768x480.png 768w, https:\/\/www.procarton.com\/wp-content\/uploads\/2021\/03\/Flour_Box-18x12.png 18w, https:\/\/www.procarton.com\/wp-content\/uploads\/2021\/03\/Flour_Box-705x441.png 705w\" sizes=\"auto, (max-width: 1000px) 100vw, 1000px\" \/><\/a><\/figure>\r\n<\/li>\r\n<li class=\"blocks-gallery-item\">\r\n<figure><a href=\"\/wp-content\/uploads\/2021\/03\/Fulfil_Creative_Cartonboard_Ideas.png\"><img loading=\"lazy\" decoding=\"async\" width=\"1000\" height=\"625\" class=\"wp-image-258876\" src=\"\/wp-content\/uploads\/2021\/03\/Fulfil_Creative_Cartonboard_Ideas.png\" alt=\"\" data-id=\"258876\" data-full-url=\"\/wp-content\/uploads\/2021\/03\/Fulfil_Creative_Cartonboard_Ideas.png\" data-link=\"\/awards\/pro-carton-young-designers-award\/2019\/photos\/fulfil_creative_cartonboard_ideas\/\" srcset=\"https:\/\/www.procarton.com\/wp-content\/uploads\/2021\/03\/Fulfil_Creative_Cartonboard_Ideas.png 1000w, https:\/\/www.procarton.com\/wp-content\/uploads\/2021\/03\/Fulfil_Creative_Cartonboard_Ideas-300x188.png 300w, https:\/\/www.procarton.com\/wp-content\/uploads\/2021\/03\/Fulfil_Creative_Cartonboard_Ideas-768x480.png 768w, https:\/\/www.procarton.com\/wp-content\/uploads\/2021\/03\/Fulfil_Creative_Cartonboard_Ideas-18x12.png 18w, https:\/\/www.procarton.com\/wp-content\/uploads\/2021\/03\/Fulfil_Creative_Cartonboard_Ideas-705x441.png 705w\" sizes=\"auto, (max-width: 1000px) 100vw, 1000px\" \/><\/a>\r\n<figcaption class=\"blocks-gallery-item__caption\">Ganador de la categor\u00eda Envases de cart\u00f3n creativos Alimentaci\u00f3n Bebida Ganador de la categor\u00eda Ideas creativas de cart\u00f3n Ganador de la categor\u00eda Ideas creativas de cart\u00f3n<\/figcaption>\r\n<\/figure>\r\n<\/li>\r\n<li class=\"blocks-gallery-item\">\r\n<figure><a href=\"\/wp-content\/uploads\/2021\/03\/Cardboard_Pads_I.png\"><img loading=\"lazy\" decoding=\"async\" width=\"1000\" height=\"625\" class=\"wp-image-258874\" src=\"\/wp-content\/uploads\/2021\/03\/Cardboard_Pads_I.png\" alt=\"\" data-id=\"258874\" data-full-url=\"\/wp-content\/uploads\/2021\/03\/Cardboard_Pads_I.png\" data-link=\"\/awards\/pro-carton-young-designers-award\/2019\/photos\/cardboard_pads_i\/\" srcset=\"https:\/\/www.procarton.com\/wp-content\/uploads\/2021\/03\/Cardboard_Pads_I.png 1000w, https:\/\/www.procarton.com\/wp-content\/uploads\/2021\/03\/Cardboard_Pads_I-300x188.png 300w, https:\/\/www.procarton.com\/wp-content\/uploads\/2021\/03\/Cardboard_Pads_I-768x480.png 768w, https:\/\/www.procarton.com\/wp-content\/uploads\/2021\/03\/Cardboard_Pads_I-18x12.png 18w, https:\/\/www.procarton.com\/wp-content\/uploads\/2021\/03\/Cardboard_Pads_I-705x441.png 705w\" sizes=\"auto, (max-width: 1000px) 100vw, 1000px\" \/><\/a>\r\n<figcaption class=\"blocks-gallery-item__caption\">Ganador de la categor\u00eda Salvar el Planeta<\/figcaption>\r\n<\/figure>\r\n<\/li>\r\n<li class=\"blocks-gallery-item\">\r\n<figure><a href=\"\/wp-content\/uploads\/2021\/03\/1.png\"><img loading=\"lazy\" decoding=\"async\" width=\"1000\" height=\"563\" class=\"wp-image-258871\" src=\"\/wp-content\/uploads\/2021\/03\/1.png\" alt=\"\" data-id=\"258871\" data-full-url=\"\/wp-content\/uploads\/2021\/03\/1.png\" data-link=\"\/awards\/pro-carton-young-designers-award\/2019\/photos\/attachment\/1\/\" srcset=\"https:\/\/www.procarton.com\/wp-content\/uploads\/2021\/03\/1.png 1000w, https:\/\/www.procarton.com\/wp-content\/uploads\/2021\/03\/1-300x169.png 300w, https:\/\/www.procarton.com\/wp-content\/uploads\/2021\/03\/1-768x432.png 768w, https:\/\/www.procarton.com\/wp-content\/uploads\/2021\/03\/1-18x10.png 18w, https:\/\/www.procarton.com\/wp-content\/uploads\/2021\/03\/1-705x397.png 705w\" sizes=\"auto, (max-width: 1000px) 100vw, 1000px\" \/><\/a>\r\n<figcaption class=\"blocks-gallery-item__caption\">Comentario de Max Gugenhan, dise\u00f1ador de almohadillas de cart\u00f3n Comentario de Max Gugenhan, dise\u00f1ador de almohadillas de cart\u00f3n<\/figcaption>\r\n<\/figure>\r\n<\/li>\r\n<li class=\"blocks-gallery-item\">\r\n<figure><a href=\"\/wp-content\/uploads\/2021\/03\/ZIG_ZAG_ZIG.png\"><img loading=\"lazy\" decoding=\"async\" width=\"1000\" height=\"625\" class=\"wp-image-258881\" src=\"\/wp-content\/uploads\/2021\/03\/ZIG_ZAG_ZIG.png\" alt=\"\" data-id=\"258881\" data-full-url=\"\/wp-content\/uploads\/2021\/03\/ZIG_ZAG_ZIG.png\" data-link=\"\/awards\/pro-carton-young-designers-award\/2019\/photos\/zig_zag_zig\/\" srcset=\"https:\/\/www.procarton.com\/wp-content\/uploads\/2021\/03\/ZIG_ZAG_ZIG.png 1000w, https:\/\/www.procarton.com\/wp-content\/uploads\/2021\/03\/ZIG_ZAG_ZIG-300x188.png 300w, https:\/\/www.procarton.com\/wp-content\/uploads\/2021\/03\/ZIG_ZAG_ZIG-768x480.png 768w, https:\/\/www.procarton.com\/wp-content\/uploads\/2021\/03\/ZIG_ZAG_ZIG-18x12.png 18w, https:\/\/www.procarton.com\/wp-content\/uploads\/2021\/03\/ZIG_ZAG_ZIG-705x441.png 705w\" sizes=\"auto, (max-width: 1000px) 100vw, 1000px\" \/><\/a>\r\n<figcaption class=\"blocks-gallery-item__caption\">Ganador de la categor\u00eda Envases de cart\u00f3n creativos todos los dem\u00e1s<\/figcaption>\r\n<\/figure>\r\n<\/li>\r\n<li class=\"blocks-gallery-item\">\r\n<figure><a href=\"\/wp-content\/uploads\/2021\/03\/Lorenz_Keiblinger_Interview.png\"><img loading=\"lazy\" decoding=\"async\" width=\"1000\" height=\"563\" class=\"wp-image-258878\" src=\"\/wp-content\/uploads\/2021\/03\/Lorenz_Keiblinger_Interview.png\" alt=\"\" data-id=\"258878\" data-full-url=\"\/wp-content\/uploads\/2021\/03\/Lorenz_Keiblinger_Interview.png\" data-link=\"\/awards\/pro-carton-young-designers-award\/2019\/photos\/lorenz_keiblinger_interview\/\" srcset=\"https:\/\/www.procarton.com\/wp-content\/uploads\/2021\/03\/Lorenz_Keiblinger_Interview.png 1000w, https:\/\/www.procarton.com\/wp-content\/uploads\/2021\/03\/Lorenz_Keiblinger_Interview-300x169.png 300w, https:\/\/www.procarton.com\/wp-content\/uploads\/2021\/03\/Lorenz_Keiblinger_Interview-768x432.png 768w, https:\/\/www.procarton.com\/wp-content\/uploads\/2021\/03\/Lorenz_Keiblinger_Interview-18x10.png 18w, https:\/\/www.procarton.com\/wp-content\/uploads\/2021\/03\/Lorenz_Keiblinger_Interview-705x397.png 705w\" sizes=\"auto, (max-width: 1000px) 100vw, 1000px\" \/><\/a>\r\n<figcaption class=\"blocks-gallery-item__caption\">Entrevista a Lorenz Keiblinger<\/figcaption>\r\n<\/figure>\r\n<\/li>\r\n<li class=\"blocks-gallery-item\">\r\n<figure><a href=\"\/wp-content\/uploads\/2021\/03\/speakers.jpg\"><img loading=\"lazy\" decoding=\"async\" width=\"1000\" height=\"666\" class=\"wp-image-258880\" src=\"\/wp-content\/uploads\/2021\/03\/speakers.jpg\" alt=\"\" data-id=\"258880\" data-full-url=\"\/wp-content\/uploads\/2021\/03\/speakers.jpg\" data-link=\"\/awards\/pro-carton-young-designers-award\/2019\/photos\/speakers\/\" srcset=\"https:\/\/www.procarton.com\/wp-content\/uploads\/2021\/03\/speakers.jpg 1000w, https:\/\/www.procarton.com\/wp-content\/uploads\/2021\/03\/speakers-300x200.jpg 300w, https:\/\/www.procarton.com\/wp-content\/uploads\/2021\/03\/speakers-768x511.jpg 768w, https:\/\/www.procarton.com\/wp-content\/uploads\/2021\/03\/speakers-18x12.jpg 18w, https:\/\/www.procarton.com\/wp-content\/uploads\/2021\/03\/speakers-705x470.jpg 705w, https:\/\/www.procarton.com\/wp-content\/uploads\/2021\/03\/speakers-328x219.jpg 328w\" sizes=\"auto, (max-width: 1000px) 100vw, 1000px\" \/><\/a>\r\n<figcaption class=\"blocks-gallery-item__caption\">Los ponentes: Tony Hitchin, Director General de Pro Carton, y Mike Turner, Director General de ECMA<\/figcaption>\r\n<\/figure>\r\n<\/li>\r\n<\/ul>\r\n<\/figure>","protected":false},"excerpt":{"rendered":"","protected":false},"author":1,"featured_media":274265,"parent":243772,"menu_order":3,"comment_status":"closed","ping_status":"closed","template":"templates\/award_details_page.php","meta":{"inline_featured_image":false,"footnotes":""},"class_list":["post-243891","page","type-page","status-publish","has-post-thumbnail","hentry"],"yoast_head":"<!-- This site is optimized with the Yoast SEO plugin v27.4 - https:\/\/yoast.com\/product\/yoast-seo-wordpress\/ -->\n<title>Photos - Pro Carton<\/title>\n<meta name=\"robots\" content=\"index, follow, max-snippet:-1, max-image-preview:large, max-video-preview:-1\" \/>\n<link rel=\"canonical\" href=\"https:\/\/www.procarton.com\/es\/awards\/pro-carton-young-designers-award\/pro-carton-young-designers-award-2020\/pro-carton-young-designers-award-2020-photos\/\" \/>\n<meta property=\"og:locale\" content=\"es_ES\" \/>\n<meta property=\"og:type\" content=\"article\" \/>\n<meta property=\"og:title\" content=\"Photos - Pro Carton\" \/>\n<meta property=\"og:url\" content=\"https:\/\/www.procarton.com\/es\/awards\/pro-carton-young-designers-award\/pro-carton-young-designers-award-2020\/pro-carton-young-designers-award-2020-photos\/\" \/>\n<meta property=\"og:site_name\" content=\"Pro Carton\" \/>\n<meta property=\"article:publisher\" content=\"https:\/\/www.facebook.com\/procartondesignaward\/\" \/>\n<meta property=\"article:modified_time\" content=\"2023-02-22T17:29:07+00:00\" \/>\n<meta property=\"og:image\" content=\"https:\/\/www.procarton.com\/wp-content\/uploads\/2022\/01\/Pro-Carton-Young-Designers-Award-2020_website-header.png\" \/>\n\t<meta property=\"og:image:width\" content=\"1920\" \/>\n\t<meta property=\"og:image:height\" content=\"1080\" \/>\n\t<meta property=\"og:image:type\" content=\"image\/png\" \/>\n<meta name=\"twitter:card\" content=\"summary_large_image\" \/>\n<meta name=\"twitter:site\" content=\"@pro_carton\" \/>\n<meta name=\"twitter:label1\" content=\"Tiempo de lectura\" \/>\n\t<meta name=\"twitter:data1\" content=\"3 minutos\" \/>\n<script type=\"application\/ld+json\" class=\"yoast-schema-graph\">{\"@context\":\"https:\\\/\\\/schema.org\",\"@graph\":[{\"@type\":\"WebPage\",\"@id\":\"https:\\\/\\\/www.procarton.com\\\/awards\\\/pro-carton-young-designers-award\\\/pro-carton-young-designers-award-2020\\\/pro-carton-young-designers-award-2020-photos\\\/\",\"url\":\"https:\\\/\\\/www.procarton.com\\\/awards\\\/pro-carton-young-designers-award\\\/pro-carton-young-designers-award-2020\\\/pro-carton-young-designers-award-2020-photos\\\/\",\"name\":\"Photos - Pro Carton\",\"isPartOf\":{\"@id\":\"https:\\\/\\\/www.procarton.com\\\/es\\\/#website\"},\"primaryImageOfPage\":{\"@id\":\"https:\\\/\\\/www.procarton.com\\\/awards\\\/pro-carton-young-designers-award\\\/pro-carton-young-designers-award-2020\\\/pro-carton-young-designers-award-2020-photos\\\/#primaryimage\"},\"image\":{\"@id\":\"https:\\\/\\\/www.procarton.com\\\/awards\\\/pro-carton-young-designers-award\\\/pro-carton-young-designers-award-2020\\\/pro-carton-young-designers-award-2020-photos\\\/#primaryimage\"},\"thumbnailUrl\":\"https:\\\/\\\/www.procarton.com\\\/wp-content\\\/uploads\\\/2022\\\/01\\\/Pro-Carton-Young-Designers-Award-2020_website-header.png\",\"datePublished\":\"2021-02-14T17:17:35+00:00\",\"dateModified\":\"2023-02-22T17:29:07+00:00\",\"breadcrumb\":{\"@id\":\"https:\\\/\\\/www.procarton.com\\\/awards\\\/pro-carton-young-designers-award\\\/pro-carton-young-designers-award-2020\\\/pro-carton-young-designers-award-2020-photos\\\/#breadcrumb\"},\"inLanguage\":\"es\",\"potentialAction\":[{\"@type\":\"ReadAction\",\"target\":[\"https:\\\/\\\/www.procarton.com\\\/awards\\\/pro-carton-young-designers-award\\\/pro-carton-young-designers-award-2020\\\/pro-carton-young-designers-award-2020-photos\\\/\"]}]},{\"@type\":\"ImageObject\",\"inLanguage\":\"es\",\"@id\":\"https:\\\/\\\/www.procarton.com\\\/awards\\\/pro-carton-young-designers-award\\\/pro-carton-young-designers-award-2020\\\/pro-carton-young-designers-award-2020-photos\\\/#primaryimage\",\"url\":\"https:\\\/\\\/www.procarton.com\\\/wp-content\\\/uploads\\\/2022\\\/01\\\/Pro-Carton-Young-Designers-Award-2020_website-header.png\",\"contentUrl\":\"https:\\\/\\\/www.procarton.com\\\/wp-content\\\/uploads\\\/2022\\\/01\\\/Pro-Carton-Young-Designers-Award-2020_website-header.png\",\"width\":1920,\"height\":1080},{\"@type\":\"BreadcrumbList\",\"@id\":\"https:\\\/\\\/www.procarton.com\\\/awards\\\/pro-carton-young-designers-award\\\/pro-carton-young-designers-award-2020\\\/pro-carton-young-designers-award-2020-photos\\\/#breadcrumb\",\"itemListElement\":[{\"@type\":\"ListItem\",\"position\":1,\"name\":\"Home\",\"item\":\"https:\\\/\\\/www.procarton.com\\\/\"},{\"@type\":\"ListItem\",\"position\":2,\"name\":\"Awards\",\"item\":\"https:\\\/\\\/www.procarton.com\\\/awards\\\/\"},{\"@type\":\"ListItem\",\"position\":3,\"name\":\"Pro Carton Young Designers Award\",\"item\":\"https:\\\/\\\/www.procarton.com\\\/awards\\\/pro-carton-young-designers-award\\\/\"},{\"@type\":\"ListItem\",\"position\":4,\"name\":\"2020\",\"item\":\"https:\\\/\\\/www.procarton.com\\\/awards\\\/pro-carton-young-designers-award\\\/pro-carton-young-designers-award-2020\\\/\"},{\"@type\":\"ListItem\",\"position\":5,\"name\":\"Photos\"}]},{\"@type\":\"WebSite\",\"@id\":\"https:\\\/\\\/www.procarton.com\\\/es\\\/#website\",\"url\":\"https:\\\/\\\/www.procarton.com\\\/es\\\/\",\"name\":\"Pro Carton\",\"description\":\"\",\"publisher\":{\"@id\":\"https:\\\/\\\/www.procarton.com\\\/es\\\/#organization\"},\"potentialAction\":[{\"@type\":\"SearchAction\",\"target\":{\"@type\":\"EntryPoint\",\"urlTemplate\":\"https:\\\/\\\/www.procarton.com\\\/es\\\/?s={search_term_string}\"},\"query-input\":{\"@type\":\"PropertyValueSpecification\",\"valueRequired\":true,\"valueName\":\"search_term_string\"}}],\"inLanguage\":\"es\"},{\"@type\":\"Organization\",\"@id\":\"https:\\\/\\\/www.procarton.com\\\/es\\\/#organization\",\"name\":\"ProCarton\",\"url\":\"https:\\\/\\\/www.procarton.com\\\/es\\\/\",\"logo\":{\"@type\":\"ImageObject\",\"inLanguage\":\"es\",\"@id\":\"https:\\\/\\\/www.procarton.com\\\/es\\\/#\\\/schema\\\/logo\\\/image\\\/\",\"url\":\"https:\\\/\\\/www.procarton.com\\\/wp-content\\\/uploads\\\/2022\\\/06\\\/logo-mit-slogan.jpg\",\"contentUrl\":\"https:\\\/\\\/www.procarton.com\\\/wp-content\\\/uploads\\\/2022\\\/06\\\/logo-mit-slogan.jpg\",\"width\":422,\"height\":519,\"caption\":\"ProCarton\"},\"image\":{\"@id\":\"https:\\\/\\\/www.procarton.com\\\/es\\\/#\\\/schema\\\/logo\\\/image\\\/\"},\"sameAs\":[\"https:\\\/\\\/www.facebook.com\\\/procartondesignaward\\\/\",\"https:\\\/\\\/x.com\\\/pro_carton\"]}]}<\/script>\n<!-- \/ Yoast SEO plugin. -->","yoast_head_json":{"title":"Fotos - Pro Carton","robots":{"index":"index","follow":"follow","max-snippet":"max-snippet:-1","max-image-preview":"max-image-preview:large","max-video-preview":"max-video-preview:-1"},"canonical":"https:\/\/www.procarton.com\/es\/awards\/pro-carton-young-designers-award\/pro-carton-young-designers-award-2020\/pro-carton-young-designers-award-2020-photos\/","og_locale":"es_ES","og_type":"article","og_title":"Photos - Pro Carton","og_url":"https:\/\/www.procarton.com\/es\/awards\/pro-carton-young-designers-award\/pro-carton-young-designers-award-2020\/pro-carton-young-designers-award-2020-photos\/","og_site_name":"Pro Carton","article_publisher":"https:\/\/www.facebook.com\/procartondesignaward\/","article_modified_time":"2023-02-22T17:29:07+00:00","og_image":[{"width":1920,"height":1080,"url":"https:\/\/www.procarton.com\/wp-content\/uploads\/2022\/01\/Pro-Carton-Young-Designers-Award-2020_website-header.png","type":"image\/png"}],"twitter_card":"summary_large_image","twitter_site":"@pro_carton","twitter_misc":{"Tiempo de lectura":"3 minutos"},"schema":{"@context":"https:\/\/schema.org","@graph":[{"@type":"WebPage","@id":"https:\/\/www.procarton.com\/awards\/pro-carton-young-designers-award\/pro-carton-young-designers-award-2020\/pro-carton-young-designers-award-2020-photos\/","url":"https:\/\/www.procarton.com\/awards\/pro-carton-young-designers-award\/pro-carton-young-designers-award-2020\/pro-carton-young-designers-award-2020-photos\/","name":"Fotos - Pro Carton","isPartOf":{"@id":"https:\/\/www.procarton.com\/es\/#website"},"primaryImageOfPage":{"@id":"https:\/\/www.procarton.com\/awards\/pro-carton-young-designers-award\/pro-carton-young-designers-award-2020\/pro-carton-young-designers-award-2020-photos\/#primaryimage"},"image":{"@id":"https:\/\/www.procarton.com\/awards\/pro-carton-young-designers-award\/pro-carton-young-designers-award-2020\/pro-carton-young-designers-award-2020-photos\/#primaryimage"},"thumbnailUrl":"https:\/\/www.procarton.com\/wp-content\/uploads\/2022\/01\/Pro-Carton-Young-Designers-Award-2020_website-header.png","datePublished":"2021-02-14T17:17:35+00:00","dateModified":"2023-02-22T17:29:07+00:00","breadcrumb":{"@id":"https:\/\/www.procarton.com\/awards\/pro-carton-young-designers-award\/pro-carton-young-designers-award-2020\/pro-carton-young-designers-award-2020-photos\/#breadcrumb"},"inLanguage":"es","potentialAction":[{"@type":"ReadAction","target":["https:\/\/www.procarton.com\/awards\/pro-carton-young-designers-award\/pro-carton-young-designers-award-2020\/pro-carton-young-designers-award-2020-photos\/"]}]},{"@type":"ImageObject","inLanguage":"es","@id":"https:\/\/www.procarton.com\/awards\/pro-carton-young-designers-award\/pro-carton-young-designers-award-2020\/pro-carton-young-designers-award-2020-photos\/#primaryimage","url":"https:\/\/www.procarton.com\/wp-content\/uploads\/2022\/01\/Pro-Carton-Young-Designers-Award-2020_website-header.png","contentUrl":"https:\/\/www.procarton.com\/wp-content\/uploads\/2022\/01\/Pro-Carton-Young-Designers-Award-2020_website-header.png","width":1920,"height":1080},{"@type":"BreadcrumbList","@id":"https:\/\/www.procarton.com\/awards\/pro-carton-young-designers-award\/pro-carton-young-designers-award-2020\/pro-carton-young-designers-award-2020-photos\/#breadcrumb","itemListElement":[{"@type":"ListItem","position":1,"name":"Home","item":"https:\/\/www.procarton.com\/"},{"@type":"ListItem","position":2,"name":"Awards","item":"https:\/\/www.procarton.com\/awards\/"},{"@type":"ListItem","position":3,"name":"Pro Carton Young Designers Award","item":"https:\/\/www.procarton.com\/awards\/pro-carton-young-designers-award\/"},{"@type":"ListItem","position":4,"name":"2020","item":"https:\/\/www.procarton.com\/awards\/pro-carton-young-designers-award\/pro-carton-young-designers-award-2020\/"},{"@type":"ListItem","position":5,"name":"Photos"}]},{"@type":"WebSite","@id":"https:\/\/www.procarton.com\/es\/#website","url":"https:\/\/www.procarton.com\/es\/","name":"Pro Carton","description":"","publisher":{"@id":"https:\/\/www.procarton.com\/es\/#organization"},"potentialAction":[{"@type":"SearchAction","target":{"@type":"EntryPoint","urlTemplate":"https:\/\/www.procarton.com\/es\/?s={search_term_string}"},"query-input":{"@type":"PropertyValueSpecification","valueRequired":true,"valueName":"search_term_string"}}],"inLanguage":"es"},{"@type":"Organization","@id":"https:\/\/www.procarton.com\/es\/#organization","name":"ProCarton","url":"https:\/\/www.procarton.com\/es\/","logo":{"@type":"ImageObject","inLanguage":"es","@id":"https:\/\/www.procarton.com\/es\/#\/schema\/logo\/image\/","url":"https:\/\/www.procarton.com\/wp-content\/uploads\/2022\/06\/logo-mit-slogan.jpg","contentUrl":"https:\/\/www.procarton.com\/wp-content\/uploads\/2022\/06\/logo-mit-slogan.jpg","width":422,"height":519,"caption":"ProCarton"},"image":{"@id":"https:\/\/www.procarton.com\/es\/#\/schema\/logo\/image\/"},"sameAs":["https:\/\/www.facebook.com\/procartondesignaward\/","https:\/\/x.com\/pro_carton"]}]}},"_links":{"self":[{"href":"https:\/\/www.procarton.com\/es\/wp-json\/wp\/v2\/pages\/243891","targetHints":{"allow":["GET"]}}],"collection":[{"href":"https:\/\/www.procarton.com\/es\/wp-json\/wp\/v2\/pages"}],"about":[{"href":"https:\/\/www.procarton.com\/es\/wp-json\/wp\/v2\/types\/page"}],"author":[{"embeddable":true,"href":"https:\/\/www.procarton.com\/es\/wp-json\/wp\/v2\/users\/1"}],"replies":[{"embeddable":true,"href":"https:\/\/www.procarton.com\/es\/wp-json\/wp\/v2\/comments?post=243891"}],"version-history":[{"count":4,"href":"https:\/\/www.procarton.com\/es\/wp-json\/wp\/v2\/pages\/243891\/revisions"}],"predecessor-version":[{"id":285002,"href":"https:\/\/www.procarton.com\/es\/wp-json\/wp\/v2\/pages\/243891\/revisions\/285002"}],"up":[{"embeddable":true,"href":"https:\/\/www.procarton.com\/es\/wp-json\/wp\/v2\/pages\/243772"}],"wp:featuredmedia":[{"embeddable":true,"href":"https:\/\/www.procarton.com\/es\/wp-json\/wp\/v2\/media\/274265"}],"wp:attachment":[{"href":"https:\/\/www.procarton.com\/es\/wp-json\/wp\/v2\/media?parent=243891"}],"curies":[{"name":"wp","href":"https:\/\/api.w.org\/{rel}","templated":true}]}}