{"id":243774,"date":"2021-02-12T16:28:56","date_gmt":"2021-02-12T16:28:56","guid":{"rendered":"https:\/\/www.procarton.com\/awards\/pro-carton-young-designers-award\/2018\/"},"modified":"2022-03-25T16:20:44","modified_gmt":"2022-03-25T16:20:44","slug":"2018-2","status":"publish","type":"page","link":"https:\/\/www.procarton.com\/es\/awards\/pro-carton-young-designers-award\/2018-2\/","title":{"rendered":"2018"},"content":{"rendered":"<section class=\"av_textblock_section\"  itemscope=\"itemscope\" itemtype=\"https:\/\/schema.org\/CreativeWork\" ><div class='avia_textblock'   itemprop=\"text\" ><figure class=\"wp-block-image size-large\"><img loading=\"lazy\" decoding=\"async\" width=\"1023\" height=\"384\" class=\"wp-image-258722\" src=\"https:\/\/www.procarton.com\/wp-content\/uploads\/2021\/03\/pydca18.jpg\" alt=\"\" srcset=\"https:\/\/www.procarton.com\/wp-content\/uploads\/2021\/03\/pydca18.jpg 1023w, https:\/\/www.procarton.com\/wp-content\/uploads\/2021\/03\/pydca18-300x113.jpg 300w, https:\/\/www.procarton.com\/wp-content\/uploads\/2021\/03\/pydca18-768x288.jpg 768w, https:\/\/www.procarton.com\/wp-content\/uploads\/2021\/03\/pydca18-18x7.jpg 18w, https:\/\/www.procarton.com\/wp-content\/uploads\/2021\/03\/pydca18-705x265.jpg 705w\" sizes=\"auto, (max-width: 1023px) 100vw, 1023px\" \/><\/figure>\n<h3 class=\"wp-block-heading\">\u00a1PREMIO PRO CARTON PARA J\u00d3VENES DISE\u00d1ADORES 2018!<\/h3>\n<h4 class=\"wp-block-heading\">El Pro Carton Young Designers Award es ahora uno de los principales concursos anuales de j\u00f3venes talentos de Europa para el dise\u00f1o de envases. Tambi\u00e9n juega un papel pionero en la promoci\u00f3n de la sostenibilidad, ya que se centra exclusivamente en el dise\u00f1o de cart\u00f3n.<\/h4>\n<p><!-- \/wp:post-content --><\/p>\n<p><!-- wp:list --><\/p>\n<p><!-- \/wp:list --><\/p>\n<\/div><\/section>\r\n<div class=\"av-animated-generic top-to-bottom flex_column av_two_third  flex_column_div av-zero-column-padding first  avia-builder-el-1  el_after_av_textblock  el_before_av_one_third  column-top-margin\" style='border-radius:0px; '><section class=\"av_textblock_section\"  itemscope=\"itemscope\" itemtype=\"https:\/\/schema.org\/CreativeWork\" ><div class='avia_textblock'   itemprop=\"text\" ><p><strong>La novedad de este a\u00f1o es que hay m\u00e1s categor\u00edas y habr\u00e1 m\u00e1s ganadores, adem\u00e1s de m\u00e1s finalistas, que podr\u00e1n asistir a la cena de gala, que este a\u00f1o se celebrar\u00e1 en Riga.\u00a0<\/strong><strong>Y no olvides que los profesores de los finalistas tambi\u00e9n podr\u00e1n asistir a la Gala.\u00a0<\/strong><\/p>\n<p><strong>Categor\u00edas:<\/strong><\/p>\n<ul>\n<li>Envases de cart\u00f3n creativos: Alimentos y Bebidas: El enfoque se centra en el cart\u00f3n como el material de envasado de alimentos y bebidas m\u00e1s sostenible y su capacidad de reciclaje. \u00a1Denos una muestra de gran dise\u00f1o!<\/li>\n<li>Envases de cart\u00f3n creativos: Todos los envases, excepto los de alimentos y bebidas: todos los envases no alimentarios que utilizan cart\u00f3n que, por supuesto, es renovable y reciclable.<\/li>\n<li>Ideas creativas de cart\u00f3n: \u00a1Piensa fuera de la caja! Aqu\u00ed tienes la oportunidad de exponer tus ideas sobre el cart\u00f3n fuera del mercado de los envases.<\/li>\n<li>Salvar el planeta: Cada minuto se vierte un cami\u00f3n de pl\u00e1sticos en el oc\u00e9ano. Mu\u00e9stranos tus ideas sobre c\u00f3mo el cart\u00f3n puede reducir o sustituir al pl\u00e1stico y ay\u00fadanos a salvar el planeta.<\/li>\n<\/ul>\n<p><!-- \/wp:list --><\/p>\n<p><!-- wp:paragraph --><strong>Premios:<\/strong><\/p>\n<p><!-- \/wp:paragraph --><\/p>\n<p><!-- wp:list --><\/p>\n<ul>\n<li>El premio principal para los ganadores de la categor\u00eda es una visita al\u00a0<a href=\"https:\/\/www.metsaboard.com\/About-Us\/Kemi-board-mill\/Pages\/default.aspx\"><strong>F\u00e1brica de Mets\u00e4 Board<\/strong><\/a>\u00a0en Finlandia, adem\u00e1s de la formaci\u00f3n pr\u00e1ctica en el productor internacional de cart\u00f3n\u00a0<a href=\"http:\/\/www.mm-packaging.com\/de\/unternehmen\/\"><strong>Embalaje Mayr-Melnhof<\/strong><\/a>\u00a0en Austria. Todos los gastos pagados.<\/li>\n<li>Adem\u00e1s, los finalistas y cada uno de sus profesores ser\u00e1n invitados a la cena y ceremonia de la Gala Awards el 20 de septiembre en el\u00a0<a href=\"https:\/\/www.ecma.org\/events-and-promotion\/annual-congress\/\"><strong>Congreso de la Asociaci\u00f3n Europea de Fabricantes de Cart\u00f3n (ECMA)<\/strong><\/a>\u00a0en\u00a0<a href=\"http:\/\/www.latvia.travel\/en\/city\/riga-8\"><strong>Riga\/Letonia<\/strong>.<\/a>\u00a0La industria europea del cart\u00f3n plegable se reunir\u00e1 en este evento de networking del a\u00f1o. Todos los gastos ser\u00e1n cubiertos por Pro Carton: Gastos de viaje, 2 noches en un hotel de lujo, la elegante Gala Award e incluso un presupuesto para salir por la noche en Riga.<\/li>\n<li>Todos los finalistas recibir\u00e1n certificados enmarcados.<\/li>\n<\/ul>\n<p><!-- \/wp:list --><\/p>\n<p><!-- wp:paragraph -->Para inspirarse, eche un vistazo a<\/p>\n<p><!-- \/wp:paragraph --><\/p>\n<p><!-- wp:list --><\/p>\n<ul>\n<li>el\u00a0<strong><a href=\"https:\/\/www.procarton.com\/awards\/pro-carton-young-designers-award\/2017-2\/winners\/\">ganadores, finalistas y preseleccionados<\/a><\/strong>\u00a0para los j\u00f3venes dise\u00f1adores de Pro Carton 2017 Award.<\/li>\n<li>y comprueba el\u00a0<a href=\"https:\/\/www.procarton.com\/awards\/pro-carton-young-designers-award\/2017-2\/videos\/\"><strong>v\u00eddeos y obtener una impresi\u00f3n<\/strong><\/a>\u00a0de la Gala Award.<\/li>\n<\/ul>\n<p><!-- \/wp:list --><\/p>\n<p><!-- wp:paragraph --><em>Adem\u00e1s, puedes ver m\u00e1s sobre las dos empresas patrocinadoras que recibir\u00e1n a los ganadores de 2018\u00a0<a href=\"http:\/\/www.mm-packaging.com\/de\/unternehmen\/\"><strong>www.mm-packaging.com<\/strong><\/a>\u00a0y\u00a0<a href=\"https:\/\/www.metsaboard.com\/About-Us\/Pages\/default.aspx\"><strong>www.metsaboard.com<\/strong><\/a><\/em><\/p>\n<p><!-- \/wp:paragraph --><\/p>\n<p><!-- wp:paragraph --><strong>Servicios para escuelas de dise\u00f1o y universidades:<\/strong><\/p>\n<p><!-- \/wp:paragraph --><\/p>\n<p><!-- wp:paragraph -->Estaremos encantados de apoyarle con &gt;&gt; Publicaciones sobre cartones y cartonajes, y, sobre todo, con cartonajes de cortes\u00eda para el trabajo de dise\u00f1o. Queremos ofrecer a los estudiantes una verdadera experiencia de aprendizaje pr\u00e1ctico.<\/p>\n<p><!-- \/wp:paragraph --><\/p>\n<p><!-- wp:paragraph -->Si desea que le enviemos cart\u00f3n para sus alumnos, puede pedirlo gratuitamente aqu\u00ed:<\/p>\n<p><!-- \/wp:paragraph --><\/p>\n<p><!-- wp:list --><\/p>\n<ul>\n<li><a href=\"https:\/\/www.procarton.com\/awards\/pro-carton-young-designers-award\/2018\/#collapseform1\">Haga clic aqu\u00ed para introducir sus datos de pedido\/contacto<\/a><\/li>\n<li>Pida antes de finales de diciembre para la entrega en enero o antes de finales de febrero para la entrega en marzo<\/li>\n<li>El cart\u00f3n del Award de este a\u00f1o est\u00e1 patrocinado por<br \/><a href=\"http:\/\/www.mm-karton.com\/home\/\"><strong>MM Board &amp; Paper.<\/strong><\/a><\/li>\n<\/ul>\n<p><!-- \/wp:list --><\/p>\n<p><!-- wp:paragraph -->Tambi\u00e9n es posible organizar\u00a0<a href=\"https:\/\/www.procarton.com\/about-pro-carton\/members\/\"><strong>Miembros de Pro Carton<\/strong><\/a>\u00a0para acudir a su escuela o universidad y realizar talleres sobre las numerosas opciones que ofrecen el cart\u00f3n y los envases de cart\u00f3n (dise\u00f1o, tecnolog\u00eda, producci\u00f3n, marketing...).<\/p>\n<p><!-- \/wp:paragraph --><\/p>\n<p><!-- wp:list --><\/p>\n<ul>\n<li><a href=\"https:\/\/www.procarton.com\/awards\/pro-carton-young-designers-award\/2018\/#collapseform2\">Haga clic aqu\u00ed para enviarnos su solicitud<\/a><\/li>\n<\/ul>\n<p><!-- \/wp:list --><\/p>\n<p><!-- wp:paragraph -->Por favor, ind\u00edquenos qu\u00e9 m\u00e1s podemos hacer por usted y p\u00f3ngase en contacto con nosotros:<br \/><a href=\"mailto:mcewen@procarton.com\">Suzanne Mc Ewen<\/a><br \/><a href=\"mailto:mcewen@procarton.com\">mcewen@procarton.com<\/a><\/p>\n<\/div><\/section><\/div>\r\n<div class=\"av-animated-generic top-to-bottom flex_column av_one_third  flex_column_div av-zero-column-padding   avia-builder-el-3  el_after_av_two_third  avia-builder-el-last  column-top-margin\" style='border-radius:0px; '><p><div   data-autoplay='1'  data-interval='5'  data-animation='fade'  data-hoverpause='1'  class='avia-testimonial-wrapper avia-grid-testimonials avia-grid-2-testimonials avia_animate_when_almost_visible'><section class ='avia-testimonial-row'><div class='avia-testimonial av_one_half flex_column no_margin avia-testimonial-row-1 avia-first-testimonial' ><div class='avia-testimonial_inner'  itemscope=\"itemscope\" itemtype=\"https:\/\/schema.org\/CreativeWork\" ><div class='avia-testimonial-content'  ><div class='avia-testimonial-markup-entry-content'  itemprop=\"text\" ><p>\"Este es un concurso de dise\u00f1o muy esperado, simplemente por las incre\u00edbles ideas innovadoras y el pensamiento inteligente que hemos presenciado en el pasado. Lo que es fascinante es ver usos absolutamente nuevos para el cart\u00f3n que no hab\u00edamos visto antes. Es bastante sorprendente lo que se puede hacer con el cart\u00f3n mediante el pensamiento libre\".<\/p>\n<\/div><\/div><div class='avia-testimonial-meta'><div class='avia-testimonial-arrow-wrap'><div class='avia-arrow'><\/div><\/div><div class='avia-testimonial-meta-mini'  itemprop=\"author\" itemscope=\"itemscope\" itemtype=\"https:\/\/schema.org\/Person\" ><strong  class='avia-testimonial-name'    itemprop=\"name\" >Satkar Gidda<\/strong><span  class='avia-testimonial-subtitle'    itemprop=\"jobTitle\" >Presidente del jurado<\/span><\/div><\/div><\/div><\/div>\n<\/section><\/div><br \/>\n<div  class='avia-video avia-video-16-9   av-lazyload-immediate  av-lazyload-video-embed' style='background-image:url(\"https:\/\/www.procarton.com\/wp-content\/uploads\/2022\/03\/yda_thumbnail-300x157.png\");'  itemprop=\"video\" itemtype=\"https:\/\/schema.org\/VideoObject\"  data-original_url='https:\/\/www.youtube.com\/watch?v=bzTKIpf47PE' ><script type='text\/html' class='av-video-tmpl'><div class='avia-iframe-wrap'><iframe loading=\"lazy\" title=\"Asking the sponsors: Why is the Pro Carton Young Designers Award important to you?\" width=\"1500\" height=\"844\" src=\"https:\/\/www.youtube.com\/embed\/bzTKIpf47PE?feature=oembed&autoplay=0&loop=0&controls=1&mute=0\" frameborder=\"0\" allow=\"accelerometer; autoplay; clipboard-write; encrypted-media; gyroscope; picture-in-picture\" allowfullscreen><\/iframe><\/div><\/script><div class='av-click-to-play-overlay'><div class=\"avia_playpause_icon\"><\/div><\/div><\/div><br \/>\n<div  class='avia-video avia-video-16-9   av-lazyload-immediate  av-lazyload-video-embed' style='background-image:url(\"https:\/\/www.procarton.com\/wp-content\/uploads\/2022\/03\/yda_thumbnail1-300x157.png\");'  itemprop=\"video\" itemtype=\"https:\/\/schema.org\/VideoObject\"  data-original_url='https:\/\/www.youtube.com\/watch?v=l01RtxCQxsA' ><script type='text\/html' class='av-video-tmpl'><div class='avia-iframe-wrap'><iframe loading=\"lazy\" title=\"What&#039;s the Pro Carton Young Designers Award to you?\" width=\"1500\" height=\"844\" src=\"https:\/\/www.youtube.com\/embed\/l01RtxCQxsA?feature=oembed&autoplay=0&loop=0&controls=1&mute=0\" frameborder=\"0\" allow=\"accelerometer; autoplay; clipboard-write; encrypted-media; gyroscope; picture-in-picture\" allowfullscreen><\/iframe><\/div><\/script><div class='av-click-to-play-overlay'><div class=\"avia_playpause_icon\"><\/div><\/div><\/div><br \/>\n<div  class='avia-image-container  av-styling-    avia-builder-el-7  el_after_av_video  avia-builder-el-last  avia-align-center'  itemprop=\"image\" itemscope=\"itemscope\" itemtype=\"https:\/\/schema.org\/ImageObject\"  ><div class='avia-image-container-inner'><div class='avia-image-overlay-wrap'><a href=\"https:\/\/www.procarton.com\/es\/publication\/award-brochure\/\" class='avia_image' ><img decoding=\"async\" width=\"211\" height=\"300\" class='wp-image-275836 avia-img-lazy-loading-not-275836 avia_image' src=\"https:\/\/www.procarton.com\/wp-content\/uploads\/2022\/03\/Pro-Carton-PCYDA-Broschure-2018-211x300.jpeg\" alt='' title='Pro-Carton-PCYDA-Folleto-2018'  itemprop=\"thumbnailUrl\" srcset=\"https:\/\/www.procarton.com\/wp-content\/uploads\/2022\/03\/Pro-Carton-PCYDA-Broschure-2018-211x300.jpeg 211w, https:\/\/www.procarton.com\/wp-content\/uploads\/2022\/03\/Pro-Carton-PCYDA-Broschure-2018-8x12.jpeg 8w, https:\/\/www.procarton.com\/wp-content\/uploads\/2022\/03\/Pro-Carton-PCYDA-Broschure-2018.jpeg 400w\" sizes=\"(max-width: 211px) 100vw, 211px\" \/><\/a><\/div><\/div><\/div><\/p><\/div>","protected":false},"excerpt":{"rendered":"","protected":false},"author":1,"featured_media":272782,"parent":243708,"menu_order":8,"comment_status":"closed","ping_status":"closed","template":"templates\/award_details_page.php","meta":{"inline_featured_image":false,"footnotes":""},"class_list":["post-243774","page","type-page","status-publish","has-post-thumbnail","hentry"],"yoast_head":"<!-- This site is optimized with the Yoast SEO plugin v27.4 - https:\/\/yoast.com\/product\/yoast-seo-wordpress\/ -->\n<title>2018 - Pro Carton<\/title>\n<meta name=\"robots\" content=\"index, follow, max-snippet:-1, max-image-preview:large, max-video-preview:-1\" \/>\n<link rel=\"canonical\" href=\"https:\/\/www.procarton.com\/es\/awards\/pro-carton-young-designers-award\/2018-2\/\" \/>\n<meta property=\"og:locale\" content=\"es_ES\" \/>\n<meta property=\"og:type\" content=\"article\" \/>\n<meta property=\"og:title\" content=\"2018 - Pro Carton\" \/>\n<meta property=\"og:url\" content=\"https:\/\/www.procarton.com\/es\/awards\/pro-carton-young-designers-award\/2018-2\/\" \/>\n<meta property=\"og:site_name\" content=\"Pro Carton\" \/>\n<meta property=\"article:publisher\" content=\"https:\/\/www.facebook.com\/procartondesignaward\/\" \/>\n<meta property=\"article:modified_time\" content=\"2022-03-25T16:20:44+00:00\" \/>\n<meta property=\"og:image\" content=\"https:\/\/www.procarton.com\/wp-content\/uploads\/2022\/01\/Pro-Carton-Young-Designers-Award-2018.png\" \/>\n\t<meta property=\"og:image:width\" content=\"1656\" \/>\n\t<meta property=\"og:image:height\" content=\"934\" \/>\n\t<meta property=\"og:image:type\" content=\"image\/png\" \/>\n<meta name=\"twitter:card\" content=\"summary_large_image\" \/>\n<meta name=\"twitter:site\" content=\"@pro_carton\" \/>\n<meta name=\"twitter:label1\" content=\"Tiempo de lectura\" \/>\n\t<meta name=\"twitter:data1\" content=\"3 minutos\" \/>\n<script type=\"application\/ld+json\" class=\"yoast-schema-graph\">{\"@context\":\"https:\\\/\\\/schema.org\",\"@graph\":[{\"@type\":\"WebPage\",\"@id\":\"https:\\\/\\\/www.procarton.com\\\/es\\\/awards\\\/pro-carton-young-designers-award\\\/2018-2\\\/\",\"url\":\"https:\\\/\\\/www.procarton.com\\\/es\\\/awards\\\/pro-carton-young-designers-award\\\/2018-2\\\/\",\"name\":\"2018 - Pro Carton\",\"isPartOf\":{\"@id\":\"https:\\\/\\\/www.procarton.com\\\/es\\\/#website\"},\"primaryImageOfPage\":{\"@id\":\"https:\\\/\\\/www.procarton.com\\\/es\\\/awards\\\/pro-carton-young-designers-award\\\/2018-2\\\/#primaryimage\"},\"image\":{\"@id\":\"https:\\\/\\\/www.procarton.com\\\/es\\\/awards\\\/pro-carton-young-designers-award\\\/2018-2\\\/#primaryimage\"},\"thumbnailUrl\":\"https:\\\/\\\/www.procarton.com\\\/wp-content\\\/uploads\\\/2022\\\/01\\\/Pro-Carton-Young-Designers-Award-2018.png\",\"datePublished\":\"2021-02-12T16:28:56+00:00\",\"dateModified\":\"2022-03-25T16:20:44+00:00\",\"breadcrumb\":{\"@id\":\"https:\\\/\\\/www.procarton.com\\\/es\\\/awards\\\/pro-carton-young-designers-award\\\/2018-2\\\/#breadcrumb\"},\"inLanguage\":\"es\",\"potentialAction\":[{\"@type\":\"ReadAction\",\"target\":[\"https:\\\/\\\/www.procarton.com\\\/es\\\/awards\\\/pro-carton-young-designers-award\\\/2018-2\\\/\"]}]},{\"@type\":\"ImageObject\",\"inLanguage\":\"es\",\"@id\":\"https:\\\/\\\/www.procarton.com\\\/es\\\/awards\\\/pro-carton-young-designers-award\\\/2018-2\\\/#primaryimage\",\"url\":\"https:\\\/\\\/www.procarton.com\\\/wp-content\\\/uploads\\\/2022\\\/01\\\/Pro-Carton-Young-Designers-Award-2018.png\",\"contentUrl\":\"https:\\\/\\\/www.procarton.com\\\/wp-content\\\/uploads\\\/2022\\\/01\\\/Pro-Carton-Young-Designers-Award-2018.png\",\"width\":1656,\"height\":934},{\"@type\":\"BreadcrumbList\",\"@id\":\"https:\\\/\\\/www.procarton.com\\\/es\\\/awards\\\/pro-carton-young-designers-award\\\/2018-2\\\/#breadcrumb\",\"itemListElement\":[{\"@type\":\"ListItem\",\"position\":1,\"name\":\"Home\",\"item\":\"https:\\\/\\\/www.procarton.com\\\/\"},{\"@type\":\"ListItem\",\"position\":2,\"name\":\"Awards\",\"item\":\"https:\\\/\\\/www.procarton.com\\\/awards\\\/\"},{\"@type\":\"ListItem\",\"position\":3,\"name\":\"Pro Carton Young Designers Award\",\"item\":\"https:\\\/\\\/www.procarton.com\\\/awards\\\/pro-carton-young-designers-award\\\/\"},{\"@type\":\"ListItem\",\"position\":4,\"name\":\"2018\"}]},{\"@type\":\"WebSite\",\"@id\":\"https:\\\/\\\/www.procarton.com\\\/es\\\/#website\",\"url\":\"https:\\\/\\\/www.procarton.com\\\/es\\\/\",\"name\":\"Pro Carton\",\"description\":\"\",\"publisher\":{\"@id\":\"https:\\\/\\\/www.procarton.com\\\/es\\\/#organization\"},\"potentialAction\":[{\"@type\":\"SearchAction\",\"target\":{\"@type\":\"EntryPoint\",\"urlTemplate\":\"https:\\\/\\\/www.procarton.com\\\/es\\\/?s={search_term_string}\"},\"query-input\":{\"@type\":\"PropertyValueSpecification\",\"valueRequired\":true,\"valueName\":\"search_term_string\"}}],\"inLanguage\":\"es\"},{\"@type\":\"Organization\",\"@id\":\"https:\\\/\\\/www.procarton.com\\\/es\\\/#organization\",\"name\":\"ProCarton\",\"url\":\"https:\\\/\\\/www.procarton.com\\\/es\\\/\",\"logo\":{\"@type\":\"ImageObject\",\"inLanguage\":\"es\",\"@id\":\"https:\\\/\\\/www.procarton.com\\\/es\\\/#\\\/schema\\\/logo\\\/image\\\/\",\"url\":\"https:\\\/\\\/www.procarton.com\\\/wp-content\\\/uploads\\\/2022\\\/06\\\/logo-mit-slogan.jpg\",\"contentUrl\":\"https:\\\/\\\/www.procarton.com\\\/wp-content\\\/uploads\\\/2022\\\/06\\\/logo-mit-slogan.jpg\",\"width\":422,\"height\":519,\"caption\":\"ProCarton\"},\"image\":{\"@id\":\"https:\\\/\\\/www.procarton.com\\\/es\\\/#\\\/schema\\\/logo\\\/image\\\/\"},\"sameAs\":[\"https:\\\/\\\/www.facebook.com\\\/procartondesignaward\\\/\",\"https:\\\/\\\/x.com\\\/pro_carton\"]}]}<\/script>\n<!-- \/ Yoast SEO plugin. -->","yoast_head_json":{"title":"2018 - Pro Carton","robots":{"index":"index","follow":"follow","max-snippet":"max-snippet:-1","max-image-preview":"max-image-preview:large","max-video-preview":"max-video-preview:-1"},"canonical":"https:\/\/www.procarton.com\/es\/awards\/pro-carton-young-designers-award\/2018-2\/","og_locale":"es_ES","og_type":"article","og_title":"2018 - Pro Carton","og_url":"https:\/\/www.procarton.com\/es\/awards\/pro-carton-young-designers-award\/2018-2\/","og_site_name":"Pro Carton","article_publisher":"https:\/\/www.facebook.com\/procartondesignaward\/","article_modified_time":"2022-03-25T16:20:44+00:00","og_image":[{"width":1656,"height":934,"url":"https:\/\/www.procarton.com\/wp-content\/uploads\/2022\/01\/Pro-Carton-Young-Designers-Award-2018.png","type":"image\/png"}],"twitter_card":"summary_large_image","twitter_site":"@pro_carton","twitter_misc":{"Tiempo de lectura":"3 minutos"},"schema":{"@context":"https:\/\/schema.org","@graph":[{"@type":"WebPage","@id":"https:\/\/www.procarton.com\/es\/awards\/pro-carton-young-designers-award\/2018-2\/","url":"https:\/\/www.procarton.com\/es\/awards\/pro-carton-young-designers-award\/2018-2\/","name":"2018 - Pro Carton","isPartOf":{"@id":"https:\/\/www.procarton.com\/es\/#website"},"primaryImageOfPage":{"@id":"https:\/\/www.procarton.com\/es\/awards\/pro-carton-young-designers-award\/2018-2\/#primaryimage"},"image":{"@id":"https:\/\/www.procarton.com\/es\/awards\/pro-carton-young-designers-award\/2018-2\/#primaryimage"},"thumbnailUrl":"https:\/\/www.procarton.com\/wp-content\/uploads\/2022\/01\/Pro-Carton-Young-Designers-Award-2018.png","datePublished":"2021-02-12T16:28:56+00:00","dateModified":"2022-03-25T16:20:44+00:00","breadcrumb":{"@id":"https:\/\/www.procarton.com\/es\/awards\/pro-carton-young-designers-award\/2018-2\/#breadcrumb"},"inLanguage":"es","potentialAction":[{"@type":"ReadAction","target":["https:\/\/www.procarton.com\/es\/awards\/pro-carton-young-designers-award\/2018-2\/"]}]},{"@type":"ImageObject","inLanguage":"es","@id":"https:\/\/www.procarton.com\/es\/awards\/pro-carton-young-designers-award\/2018-2\/#primaryimage","url":"https:\/\/www.procarton.com\/wp-content\/uploads\/2022\/01\/Pro-Carton-Young-Designers-Award-2018.png","contentUrl":"https:\/\/www.procarton.com\/wp-content\/uploads\/2022\/01\/Pro-Carton-Young-Designers-Award-2018.png","width":1656,"height":934},{"@type":"BreadcrumbList","@id":"https:\/\/www.procarton.com\/es\/awards\/pro-carton-young-designers-award\/2018-2\/#breadcrumb","itemListElement":[{"@type":"ListItem","position":1,"name":"Home","item":"https:\/\/www.procarton.com\/"},{"@type":"ListItem","position":2,"name":"Awards","item":"https:\/\/www.procarton.com\/awards\/"},{"@type":"ListItem","position":3,"name":"Pro Carton Young Designers Award","item":"https:\/\/www.procarton.com\/awards\/pro-carton-young-designers-award\/"},{"@type":"ListItem","position":4,"name":"2018"}]},{"@type":"WebSite","@id":"https:\/\/www.procarton.com\/es\/#website","url":"https:\/\/www.procarton.com\/es\/","name":"Pro Carton","description":"","publisher":{"@id":"https:\/\/www.procarton.com\/es\/#organization"},"potentialAction":[{"@type":"SearchAction","target":{"@type":"EntryPoint","urlTemplate":"https:\/\/www.procarton.com\/es\/?s={search_term_string}"},"query-input":{"@type":"PropertyValueSpecification","valueRequired":true,"valueName":"search_term_string"}}],"inLanguage":"es"},{"@type":"Organization","@id":"https:\/\/www.procarton.com\/es\/#organization","name":"ProCarton","url":"https:\/\/www.procarton.com\/es\/","logo":{"@type":"ImageObject","inLanguage":"es","@id":"https:\/\/www.procarton.com\/es\/#\/schema\/logo\/image\/","url":"https:\/\/www.procarton.com\/wp-content\/uploads\/2022\/06\/logo-mit-slogan.jpg","contentUrl":"https:\/\/www.procarton.com\/wp-content\/uploads\/2022\/06\/logo-mit-slogan.jpg","width":422,"height":519,"caption":"ProCarton"},"image":{"@id":"https:\/\/www.procarton.com\/es\/#\/schema\/logo\/image\/"},"sameAs":["https:\/\/www.facebook.com\/procartondesignaward\/","https:\/\/x.com\/pro_carton"]}]}},"_links":{"self":[{"href":"https:\/\/www.procarton.com\/es\/wp-json\/wp\/v2\/pages\/243774","targetHints":{"allow":["GET"]}}],"collection":[{"href":"https:\/\/www.procarton.com\/es\/wp-json\/wp\/v2\/pages"}],"about":[{"href":"https:\/\/www.procarton.com\/es\/wp-json\/wp\/v2\/types\/page"}],"author":[{"embeddable":true,"href":"https:\/\/www.procarton.com\/es\/wp-json\/wp\/v2\/users\/1"}],"replies":[{"embeddable":true,"href":"https:\/\/www.procarton.com\/es\/wp-json\/wp\/v2\/comments?post=243774"}],"version-history":[{"count":10,"href":"https:\/\/www.procarton.com\/es\/wp-json\/wp\/v2\/pages\/243774\/revisions"}],"predecessor-version":[{"id":275838,"href":"https:\/\/www.procarton.com\/es\/wp-json\/wp\/v2\/pages\/243774\/revisions\/275838"}],"up":[{"embeddable":true,"href":"https:\/\/www.procarton.com\/es\/wp-json\/wp\/v2\/pages\/243708"}],"wp:featuredmedia":[{"embeddable":true,"href":"https:\/\/www.procarton.com\/es\/wp-json\/wp\/v2\/media\/272782"}],"wp:attachment":[{"href":"https:\/\/www.procarton.com\/es\/wp-json\/wp\/v2\/media?parent=243774"}],"curies":[{"name":"wp","href":"https:\/\/api.w.org\/{rel}","templated":true}]}}