{"id":243773,"date":"2021-02-12T16:28:56","date_gmt":"2021-02-12T16:28:56","guid":{"rendered":"https:\/\/www.procarton.com\/awards\/pro-carton-young-designers-award\/2019\/"},"modified":"2022-04-10T20:27:24","modified_gmt":"2022-04-10T19:27:24","slug":"2019-2","status":"publish","type":"page","link":"https:\/\/www.procarton.com\/es\/awards\/pro-carton-young-designers-award\/2019-2\/","title":{"rendered":"2019"},"content":{"rendered":"<div class=\"av-animated-generic top-to-bottom flex_column av_two_third  flex_column_div av-zero-column-padding first  avia-builder-el-0  el_before_av_one_third  avia-builder-el-first\" style='border-radius:0px; '><section class=\"av_textblock_section\"  itemscope=\"itemscope\" itemtype=\"https:\/\/schema.org\/CreativeWork\" ><div class='avia_textblock'   itemprop=\"text\" ><p><strong>El Pro Carton Young Designers Award es ahora uno de los principales concursos anuales de j\u00f3venes talentos de Europa para el dise\u00f1o de envases. Tambi\u00e9n juega un papel pionero en la promoci\u00f3n de la sostenibilidad, ya que se centra exclusivamente en el dise\u00f1o de cart\u00f3n.<\/strong><\/p>\n<p><!-- \/wp:post-content --><\/p>\n<p><!-- wp:paragraph --><strong><a href=\"https:\/\/www.procarton.com\/awards\/pro-carton-young-designers-award\/2019-2\/winners\/\">Haga clic aqu\u00ed para ver los ganadores.<\/a><\/strong><\/p>\n<p><!-- \/wp:paragraph --><\/p>\n<p><!-- wp:paragraph --><strong>Las candidaturas se presentaron en cuatro categor\u00edas:<\/strong><\/p>\n<p><!-- \/wp:paragraph --><\/p>\n<p><!-- wp:list --><\/p>\n<ul>\n<li>Envasado creativo de cart\u00f3n | Alimentos y bebidas: El enfoque se centra en el cart\u00f3n como el material de envasado de alimentos y bebidas m\u00e1s sostenible y su capacidad de reciclaje. \u00a1Denos una muestra de gran dise\u00f1o!<\/li>\n<li>Envases de cart\u00f3n creativos | Todos los dem\u00e1s: Esta categor\u00eda se centra en el uso del material de envasado m\u00e1s sostenible para los envases no alimentarios. Todo necesita un envase, eche un vistazo a su alrededor e insp\u00edrese.<\/li>\n<li>Ideas creativas de cart\u00f3n: \u00a1Piensa fuera de la caja! Aqu\u00ed tienes la oportunidad de exponer tus ideas sobre el cart\u00f3n fuera del mercado de los envases.<\/li>\n<li>Salvar el planeta: Cada minuto se vierte un cami\u00f3n de pl\u00e1sticos en el oc\u00e9ano. Nos has mostrado tus ideas sobre c\u00f3mo el cart\u00f3n puede reducir o sustituir al pl\u00e1stico y ayudarnos a salvar el planeta.<\/li>\n<\/ul>\n<p><!-- \/wp:list --><\/p>\n<p><!-- wp:paragraph -->Hemos realizado un cambio en el procedimiento de inscripci\u00f3n para facilitar la participaci\u00f3n en el Pro Carton Young Designers Award 2019, as\u00ed como para ahorrarte tiempo y costes. Por favor, comprueba las reglas.<\/p>\n<p><!-- \/wp:paragraph --><\/p>\n<p><!-- wp:paragraph --><strong>Lo que podr\u00edas ganar:<\/strong><\/p>\n<p><!-- \/wp:paragraph --><\/p>\n<p><!-- wp:list --><\/p>\n<ul>\n<li>El premio principal para los ganadores de las 4 categor\u00edas fue una visita al\u00a0<a href=\"http:\/\/www.storaenso.com\/\"><strong>Stora Enso\u00a0<\/strong><\/a>en Suecia y la formaci\u00f3n pr\u00e1ctica en\u00a0<a href=\"http:\/\/www.ar-packaging.com\/\"><strong>Embalaje AR<\/strong><\/a>\u00a0en Suecia. Con todos los gastos pagados, por supuesto.<\/li>\n<li>Adem\u00e1s, todos los ganadores, los finalistas y cada uno de sus profesores fueron invitados a la cena de gala de Awards en el\u00a0<strong>Congreso de la Asociaci\u00f3n Europea de Fabricantes de Cart\u00f3n (ECMA) en septiembre de 2019 en\u00a0<a href=\"https:\/\/www.visitmalta.com\/en\/attractions\">Malta\u00a0<\/a><\/strong>donde la industria europea del cart\u00f3n plegable se reuni\u00f3 para este evento de networking del a\u00f1o. Todos los gastos fueron cubiertos por Pro Carton: Gastos de viaje, 2 noches en un hotel de lujo, la elegante Gala Award e incluso un presupuesto para salir de noche en Malta.<\/li>\n<li>Todos los finalistas recibieron certificados enmarcados.<\/li>\n<\/ul>\n<p><!-- \/wp:list --><\/p>\n<p><!-- wp:paragraph --><strong>Para inspirarse, eche un vistazo a<\/strong><\/p>\n<p><!-- \/wp:paragraph --><\/p>\n<p><!-- wp:list --><\/p>\n<ul>\n<li>el\u00a0<a href=\"https:\/\/www.procarton.com\/awards\/pro-carton-young-designers-award\/2018-2\/\">ganadores, finalistas y preseleccionados<\/a> para los j\u00f3venes dise\u00f1adores de Pro Carton 2018 Award.<\/li>\n<li>y comprueba el\u00a0<a href=\"https:\/\/www.procarton.com\/awards\/pro-carton-young-designers-award\/2018\/videos\/\">videos<\/a>\u00a0y obtener una impresi\u00f3n de la Gala Award.<\/li>\n<\/ul>\n<p><!-- \/wp:list --><\/p>\n<p><!-- wp:paragraph --><em>Adem\u00e1s, puedes ver m\u00e1s sobre las dos empresas patrocinadoras que acogieron a los ganadores de 2019 en\u00a0<a href=\"http:\/\/www.storaenso.com\/\">www.storaenso.com\u00a0<\/a>y\u00a0<a href=\"http:\/\/www.ar-packaging.com\/\">www.ar-packaging.com<\/a><\/em><\/p>\n<p>S\u00edganos en su canal favorito de las redes sociales y mant\u00e9ngase al d\u00eda:<\/p>\n<p><a href=\"https:\/\/www.facebook.com\/procartondesignaward\" target=\"_blank\" rel=\"noopener noreferrer\"><img loading=\"lazy\" decoding=\"async\" class=\"alignnone size-full wp-image-118534\" src=\"https:\/\/www.procarton.com\/wp-content\/uploads\/2016\/04\/fb_button.jpg\" alt=\"fb_button\" width=\"49\" height=\"48\" \/><\/a>\u00a0<a href=\"https:\/\/twitter.com\/Pro_Carton\" target=\"_blank\" rel=\"noopener noreferrer\"><img loading=\"lazy\" decoding=\"async\" class=\"alignnone size-full wp-image-118537\" src=\"https:\/\/www.procarton.com\/wp-content\/uploads\/2016\/04\/twitter_button.jpg\" alt=\"bot\u00f3n_twitter\" width=\"49\" height=\"48\" \/><\/a>\u00a0<a href=\"https:\/\/www.instagram.com\/procartoneurope\/\" target=\"_blank\" rel=\"noopener noreferrer\"><img loading=\"lazy\" decoding=\"async\" class=\"alignnone size-full wp-image-118535\" src=\"https:\/\/www.procarton.com\/wp-content\/uploads\/2016\/04\/inst_button.jpg\" alt=\"inst_button\" width=\"51\" height=\"50\" \/><\/a>\u00a0<a href=\"https:\/\/www.pinterest.com\/procarton\/\" target=\"_blank\" rel=\"noopener noreferrer\"><img loading=\"lazy\" decoding=\"async\" class=\"alignnone size-full wp-image-118536\" src=\"https:\/\/www.procarton.com\/wp-content\/uploads\/2016\/04\/pint_button.jpg\" alt=\"bot\u00f3n_pinta\" width=\"49\" height=\"49\" \/><\/a>\u00a0<a href=\"https:\/\/www.linkedin.com\/company\/10999058\" target=\"_blank\" rel=\"noopener noreferrer\"><img loading=\"lazy\" decoding=\"async\" class=\"alignnone size-full wp-image-118536\" src=\"https:\/\/www.procarton.com\/wp-content\/uploads\/2017\/01\/linkedin.png\" alt=\"bot\u00f3n_pinta\" width=\"49\" height=\"49\" \/><\/a><\/p>\n<\/div><\/section><\/div><div class=\"av-animated-generic top-to-bottom flex_column av_one_third  flex_column_div av-zero-column-padding   avia-builder-el-2  el_after_av_two_third  avia-builder-el-last\" style='border-radius:0px; '><div   data-autoplay='1'  data-interval='5'  data-animation='fade'  data-hoverpause='1'  class='avia-testimonial-wrapper avia-grid-testimonials avia-grid-2-testimonials avia_animate_when_almost_visible'><section class ='avia-testimonial-row'><div class='avia-testimonial av_one_half flex_column no_margin avia-testimonial-row-1 avia-first-testimonial' ><div class='avia-testimonial_inner'  itemscope=\"itemscope\" itemtype=\"https:\/\/schema.org\/CreativeWork\" ><div class='avia-testimonial-content'  ><div class='avia-testimonial-markup-entry-content'  itemprop=\"text\" ><p>El Pro Carton Young Designers Award es ahora uno de los principales concursos anuales de j\u00f3venes talentos de Europa para el dise\u00f1o de envases. Todos los estudiantes matriculados en una escuela de dise\u00f1o o universidad europea y con un coraz\u00f3n para el dise\u00f1o estructural y de productos son bienvenidos a participar. El premio se centra exclusivamente en el cart\u00f3n y juega un papel pionero en la promoci\u00f3n de la sostenibilidad en la industria del envase.<\/p>\n<\/div><\/div><div class='avia-testimonial-meta'><div class='avia-testimonial-arrow-wrap'><div class='avia-arrow'><\/div><\/div><div class='avia-testimonial-meta-mini'  itemprop=\"author\" itemscope=\"itemscope\" itemtype=\"https:\/\/schema.org\/Person\" ><strong  class='avia-testimonial-name'    itemprop=\"name\" >Satkar Gidda<\/strong><\/div><\/div><\/div><\/div>\n<\/section><\/div><\/div>","protected":false},"excerpt":{"rendered":"","protected":false},"author":1,"featured_media":273960,"parent":243708,"menu_order":7,"comment_status":"closed","ping_status":"closed","template":"templates\/award_details_page.php","meta":{"inline_featured_image":false,"footnotes":""},"class_list":["post-243773","page","type-page","status-publish","has-post-thumbnail","hentry"],"yoast_head":"<!-- This site is optimized with the Yoast SEO plugin v27.3 - https:\/\/yoast.com\/product\/yoast-seo-wordpress\/ -->\n<title>2019 - Pro Carton<\/title>\n<meta name=\"robots\" content=\"index, follow, max-snippet:-1, max-image-preview:large, max-video-preview:-1\" \/>\n<link rel=\"canonical\" href=\"https:\/\/www.procarton.com\/es\/awards\/pro-carton-young-designers-award\/2019-2\/\" \/>\n<meta property=\"og:locale\" content=\"es_ES\" \/>\n<meta property=\"og:type\" content=\"article\" \/>\n<meta property=\"og:title\" content=\"2019 - Pro Carton\" \/>\n<meta property=\"og:url\" content=\"https:\/\/www.procarton.com\/es\/awards\/pro-carton-young-designers-award\/2019-2\/\" \/>\n<meta property=\"og:site_name\" content=\"Pro Carton\" \/>\n<meta property=\"article:publisher\" content=\"https:\/\/www.facebook.com\/procartondesignaward\/\" \/>\n<meta property=\"article:modified_time\" content=\"2022-04-10T19:27:24+00:00\" \/>\n<meta property=\"og:image\" content=\"https:\/\/www.procarton.com\/wp-content\/uploads\/2022\/01\/pydca19.jpg\" \/>\n\t<meta property=\"og:image:width\" content=\"1061\" \/>\n\t<meta property=\"og:image:height\" content=\"378\" \/>\n\t<meta property=\"og:image:type\" content=\"image\/jpeg\" \/>\n<meta name=\"twitter:card\" content=\"summary_large_image\" \/>\n<meta name=\"twitter:site\" content=\"@pro_carton\" \/>\n<meta name=\"twitter:label1\" content=\"Tiempo de lectura\" \/>\n\t<meta name=\"twitter:data1\" content=\"2 minutos\" \/>\n<script type=\"application\/ld+json\" class=\"yoast-schema-graph\">{\"@context\":\"https:\\\/\\\/schema.org\",\"@graph\":[{\"@type\":\"WebPage\",\"@id\":\"https:\\\/\\\/www.procarton.com\\\/es\\\/awards\\\/pro-carton-young-designers-award\\\/2019-2\\\/\",\"url\":\"https:\\\/\\\/www.procarton.com\\\/es\\\/awards\\\/pro-carton-young-designers-award\\\/2019-2\\\/\",\"name\":\"2019 - Pro Carton\",\"isPartOf\":{\"@id\":\"https:\\\/\\\/www.procarton.com\\\/es\\\/#website\"},\"primaryImageOfPage\":{\"@id\":\"https:\\\/\\\/www.procarton.com\\\/es\\\/awards\\\/pro-carton-young-designers-award\\\/2019-2\\\/#primaryimage\"},\"image\":{\"@id\":\"https:\\\/\\\/www.procarton.com\\\/es\\\/awards\\\/pro-carton-young-designers-award\\\/2019-2\\\/#primaryimage\"},\"thumbnailUrl\":\"https:\\\/\\\/www.procarton.com\\\/wp-content\\\/uploads\\\/2022\\\/01\\\/pydca19.jpg\",\"datePublished\":\"2021-02-12T16:28:56+00:00\",\"dateModified\":\"2022-04-10T19:27:24+00:00\",\"breadcrumb\":{\"@id\":\"https:\\\/\\\/www.procarton.com\\\/es\\\/awards\\\/pro-carton-young-designers-award\\\/2019-2\\\/#breadcrumb\"},\"inLanguage\":\"es\",\"potentialAction\":[{\"@type\":\"ReadAction\",\"target\":[\"https:\\\/\\\/www.procarton.com\\\/es\\\/awards\\\/pro-carton-young-designers-award\\\/2019-2\\\/\"]}]},{\"@type\":\"ImageObject\",\"inLanguage\":\"es\",\"@id\":\"https:\\\/\\\/www.procarton.com\\\/es\\\/awards\\\/pro-carton-young-designers-award\\\/2019-2\\\/#primaryimage\",\"url\":\"https:\\\/\\\/www.procarton.com\\\/wp-content\\\/uploads\\\/2022\\\/01\\\/pydca19.jpg\",\"contentUrl\":\"https:\\\/\\\/www.procarton.com\\\/wp-content\\\/uploads\\\/2022\\\/01\\\/pydca19.jpg\",\"width\":1061,\"height\":378,\"caption\":\"Pro Carton Young Designers Award 2019\"},{\"@type\":\"BreadcrumbList\",\"@id\":\"https:\\\/\\\/www.procarton.com\\\/es\\\/awards\\\/pro-carton-young-designers-award\\\/2019-2\\\/#breadcrumb\",\"itemListElement\":[{\"@type\":\"ListItem\",\"position\":1,\"name\":\"Home\",\"item\":\"https:\\\/\\\/www.procarton.com\\\/\"},{\"@type\":\"ListItem\",\"position\":2,\"name\":\"Awards\",\"item\":\"https:\\\/\\\/www.procarton.com\\\/awards\\\/\"},{\"@type\":\"ListItem\",\"position\":3,\"name\":\"Pro Carton Young Designers Award\",\"item\":\"https:\\\/\\\/www.procarton.com\\\/awards\\\/pro-carton-young-designers-award\\\/\"},{\"@type\":\"ListItem\",\"position\":4,\"name\":\"2019\"}]},{\"@type\":\"WebSite\",\"@id\":\"https:\\\/\\\/www.procarton.com\\\/es\\\/#website\",\"url\":\"https:\\\/\\\/www.procarton.com\\\/es\\\/\",\"name\":\"Pro Carton\",\"description\":\"\",\"publisher\":{\"@id\":\"https:\\\/\\\/www.procarton.com\\\/es\\\/#organization\"},\"potentialAction\":[{\"@type\":\"SearchAction\",\"target\":{\"@type\":\"EntryPoint\",\"urlTemplate\":\"https:\\\/\\\/www.procarton.com\\\/es\\\/?s={search_term_string}\"},\"query-input\":{\"@type\":\"PropertyValueSpecification\",\"valueRequired\":true,\"valueName\":\"search_term_string\"}}],\"inLanguage\":\"es\"},{\"@type\":\"Organization\",\"@id\":\"https:\\\/\\\/www.procarton.com\\\/es\\\/#organization\",\"name\":\"ProCarton\",\"url\":\"https:\\\/\\\/www.procarton.com\\\/es\\\/\",\"logo\":{\"@type\":\"ImageObject\",\"inLanguage\":\"es\",\"@id\":\"https:\\\/\\\/www.procarton.com\\\/es\\\/#\\\/schema\\\/logo\\\/image\\\/\",\"url\":\"https:\\\/\\\/www.procarton.com\\\/wp-content\\\/uploads\\\/2022\\\/06\\\/logo-mit-slogan.jpg\",\"contentUrl\":\"https:\\\/\\\/www.procarton.com\\\/wp-content\\\/uploads\\\/2022\\\/06\\\/logo-mit-slogan.jpg\",\"width\":422,\"height\":519,\"caption\":\"ProCarton\"},\"image\":{\"@id\":\"https:\\\/\\\/www.procarton.com\\\/es\\\/#\\\/schema\\\/logo\\\/image\\\/\"},\"sameAs\":[\"https:\\\/\\\/www.facebook.com\\\/procartondesignaward\\\/\",\"https:\\\/\\\/x.com\\\/pro_carton\"]}]}<\/script>\n<!-- \/ Yoast SEO plugin. -->","yoast_head_json":{"title":"2019 - Pro Carton","robots":{"index":"index","follow":"follow","max-snippet":"max-snippet:-1","max-image-preview":"max-image-preview:large","max-video-preview":"max-video-preview:-1"},"canonical":"https:\/\/www.procarton.com\/es\/awards\/pro-carton-young-designers-award\/2019-2\/","og_locale":"es_ES","og_type":"article","og_title":"2019 - Pro Carton","og_url":"https:\/\/www.procarton.com\/es\/awards\/pro-carton-young-designers-award\/2019-2\/","og_site_name":"Pro Carton","article_publisher":"https:\/\/www.facebook.com\/procartondesignaward\/","article_modified_time":"2022-04-10T19:27:24+00:00","og_image":[{"width":1061,"height":378,"url":"https:\/\/www.procarton.com\/wp-content\/uploads\/2022\/01\/pydca19.jpg","type":"image\/jpeg"}],"twitter_card":"summary_large_image","twitter_site":"@pro_carton","twitter_misc":{"Tiempo de lectura":"2 minutos"},"schema":{"@context":"https:\/\/schema.org","@graph":[{"@type":"WebPage","@id":"https:\/\/www.procarton.com\/es\/awards\/pro-carton-young-designers-award\/2019-2\/","url":"https:\/\/www.procarton.com\/es\/awards\/pro-carton-young-designers-award\/2019-2\/","name":"2019 - Pro Carton","isPartOf":{"@id":"https:\/\/www.procarton.com\/es\/#website"},"primaryImageOfPage":{"@id":"https:\/\/www.procarton.com\/es\/awards\/pro-carton-young-designers-award\/2019-2\/#primaryimage"},"image":{"@id":"https:\/\/www.procarton.com\/es\/awards\/pro-carton-young-designers-award\/2019-2\/#primaryimage"},"thumbnailUrl":"https:\/\/www.procarton.com\/wp-content\/uploads\/2022\/01\/pydca19.jpg","datePublished":"2021-02-12T16:28:56+00:00","dateModified":"2022-04-10T19:27:24+00:00","breadcrumb":{"@id":"https:\/\/www.procarton.com\/es\/awards\/pro-carton-young-designers-award\/2019-2\/#breadcrumb"},"inLanguage":"es","potentialAction":[{"@type":"ReadAction","target":["https:\/\/www.procarton.com\/es\/awards\/pro-carton-young-designers-award\/2019-2\/"]}]},{"@type":"ImageObject","inLanguage":"es","@id":"https:\/\/www.procarton.com\/es\/awards\/pro-carton-young-designers-award\/2019-2\/#primaryimage","url":"https:\/\/www.procarton.com\/wp-content\/uploads\/2022\/01\/pydca19.jpg","contentUrl":"https:\/\/www.procarton.com\/wp-content\/uploads\/2022\/01\/pydca19.jpg","width":1061,"height":378,"caption":"Pro Carton Young Designers Award 2019"},{"@type":"BreadcrumbList","@id":"https:\/\/www.procarton.com\/es\/awards\/pro-carton-young-designers-award\/2019-2\/#breadcrumb","itemListElement":[{"@type":"ListItem","position":1,"name":"Home","item":"https:\/\/www.procarton.com\/"},{"@type":"ListItem","position":2,"name":"Awards","item":"https:\/\/www.procarton.com\/awards\/"},{"@type":"ListItem","position":3,"name":"Pro Carton Young Designers Award","item":"https:\/\/www.procarton.com\/awards\/pro-carton-young-designers-award\/"},{"@type":"ListItem","position":4,"name":"2019"}]},{"@type":"WebSite","@id":"https:\/\/www.procarton.com\/es\/#website","url":"https:\/\/www.procarton.com\/es\/","name":"Pro Carton","description":"","publisher":{"@id":"https:\/\/www.procarton.com\/es\/#organization"},"potentialAction":[{"@type":"SearchAction","target":{"@type":"EntryPoint","urlTemplate":"https:\/\/www.procarton.com\/es\/?s={search_term_string}"},"query-input":{"@type":"PropertyValueSpecification","valueRequired":true,"valueName":"search_term_string"}}],"inLanguage":"es"},{"@type":"Organization","@id":"https:\/\/www.procarton.com\/es\/#organization","name":"ProCarton","url":"https:\/\/www.procarton.com\/es\/","logo":{"@type":"ImageObject","inLanguage":"es","@id":"https:\/\/www.procarton.com\/es\/#\/schema\/logo\/image\/","url":"https:\/\/www.procarton.com\/wp-content\/uploads\/2022\/06\/logo-mit-slogan.jpg","contentUrl":"https:\/\/www.procarton.com\/wp-content\/uploads\/2022\/06\/logo-mit-slogan.jpg","width":422,"height":519,"caption":"ProCarton"},"image":{"@id":"https:\/\/www.procarton.com\/es\/#\/schema\/logo\/image\/"},"sameAs":["https:\/\/www.facebook.com\/procartondesignaward\/","https:\/\/x.com\/pro_carton"]}]}},"_links":{"self":[{"href":"https:\/\/www.procarton.com\/es\/wp-json\/wp\/v2\/pages\/243773","targetHints":{"allow":["GET"]}}],"collection":[{"href":"https:\/\/www.procarton.com\/es\/wp-json\/wp\/v2\/pages"}],"about":[{"href":"https:\/\/www.procarton.com\/es\/wp-json\/wp\/v2\/types\/page"}],"author":[{"embeddable":true,"href":"https:\/\/www.procarton.com\/es\/wp-json\/wp\/v2\/users\/1"}],"replies":[{"embeddable":true,"href":"https:\/\/www.procarton.com\/es\/wp-json\/wp\/v2\/comments?post=243773"}],"version-history":[{"count":13,"href":"https:\/\/www.procarton.com\/es\/wp-json\/wp\/v2\/pages\/243773\/revisions"}],"predecessor-version":[{"id":276827,"href":"https:\/\/www.procarton.com\/es\/wp-json\/wp\/v2\/pages\/243773\/revisions\/276827"}],"up":[{"embeddable":true,"href":"https:\/\/www.procarton.com\/es\/wp-json\/wp\/v2\/pages\/243708"}],"wp:featuredmedia":[{"embeddable":true,"href":"https:\/\/www.procarton.com\/es\/wp-json\/wp\/v2\/media\/273960"}],"wp:attachment":[{"href":"https:\/\/www.procarton.com\/es\/wp-json\/wp\/v2\/media?parent=243773"}],"curies":[{"name":"wp","href":"https:\/\/api.w.org\/{rel}","templated":true}]}}