{"id":48,"date":"2021-07-29T11:54:46","date_gmt":"2021-07-29T10:54:46","guid":{"rendered":"https:\/\/www.procarton.com\/?page_id=48"},"modified":"2023-02-02T08:55:17","modified_gmt":"2023-02-02T08:55:17","slug":"privacy-statement","status":"publish","type":"page","link":"https:\/\/www.procarton.com\/de\/privacy-statement\/","title":{"rendered":"Erkl\u00e4rung zum Datenschutz"},"content":{"rendered":"<div class=\"av-animated-generic top-to-bottom flex_column av_two_third  flex_column_div av-zero-column-padding first  avia-builder-el-0  el_before_av_one_third  avia-builder-el-first\" style='border-radius:0px; '>\n<section class=\"av_textblock_section\"  itemscope=\"itemscope\" itemtype=\"https:\/\/schema.org\/CreativeWork\" >\n<div class='avia_textblock'   itemprop=\"text\" >\n<p>Diese Datenschutzrichtlinie beschreibt die Erhebung, Nutzung und Verarbeitung personenbezogener Daten durch Pro Carton, die als Verantwortliche f\u00fcr diese Informationen im Sinne der Allgemeinen Datenschutzverordnung der Europ\u00e4ischen Union (EU-DSGVO) handelt.<\/p>\n<p><strong>1.  \u00dcber Pro Carton und Ihre Datenschutzrechte<\/strong><\/p>\n<p><strong>1.1\u00a0 <\/strong>Pro Carton, der Europ\u00e4ische Verband der Karton- und Faltschachtelhersteller, ist eine Non-Profit-Organisation, die mehr als 40 Kartonfabriken in 13 verschiedenen europ\u00e4ischen L\u00e4ndern und Nordamerika vertritt, die mehr als 90% des europ\u00e4ischen Bedarfs decken, sowie die kartonverarbeitende Industrie in ganz Europa.  Pro Carton wirbt bei Markeninhabern, Einzelh\u00e4ndlern, Designern, Medien und politischen Entscheidungstr\u00e4gern in der EU f\u00fcr die Funktionen und Vorteile von Karton und Pappe als erneuerbares, recycelbares und wettbewerbsf\u00e4higes Verpackungsmaterial.<\/p>\n<p>Die Adresse von Pro Carton lautet:<\/p>\n<p>Pro Carton<br \/>\nc\/o ARCO Verbandsmanagement AG<br \/>\nP.O. Box 1507<br \/>\nCH-8027 Z\u00fcrich<br \/>\nSchweiz<\/p>\n<p><strong>1.2 Ihre Rechte in Bezug auf den Datenschutz<\/strong>\u00a0- Pro Carton verpflichtet sich zur Einhaltung h\u00f6chster Datenschutzstandards und zum Schutz der von ihr erhobenen und verarbeiteten personenbezogenen Daten.  Zu diesem Zweck hat Pro Carton diese Datenschutzpolitik sowie organisatorische und IT-technische Ma\u00dfnahmen zur Verhinderung von Datenverst\u00f6\u00dfen und unrechtm\u00e4\u00dfiger Nutzung eingesetzt.<br \/>\nAls f\u00fcr die Datenverarbeitung Verantwortlicher m\u00fcssen wir Ihnen insbesondere das Recht einr\u00e4umen, Ihre personenbezogenen Daten einzusehen, zu berichtigen oder zu l\u00f6schen.<\/p>\n<p>Wenn Sie die Daten, die wir \u00fcber Sie oder Ihre Organisation gespeichert haben, einsehen, erg\u00e4nzen, berichtigen oder l\u00f6schen m\u00f6chten, wenden Sie sich bitte an uns: mail@procarton.com<\/p>\n<p><strong>2.  \u00dcber die von uns erhobenen personenbezogenen Daten und die Art und Weise, wie wir sie verwenden<\/strong><\/p>\n<p><strong>2.1 Personenbezogene Daten<\/strong>\u00a0- Als Mitglied von Pro Carton oder als externer Dritter k\u00f6nnen Sie uns personenbezogene Daten zur Verf\u00fcgung stellen, wenn Sie unsere Website nutzen, mit uns \u00fcber soziale Medien interagieren oder sich f\u00fcr Informationen oder Veranstaltungen anmelden.<br \/>\nDie von uns erfassten Daten k\u00f6nnen den Namen, den Titel (oder das Geschlecht), die Berufsbezeichnung, den Vornamen, den Nachnamen, die Funktion, die Telefonnummer, die Postanschrift, die E-Mail-Adresse, das\/die Konto\/Konten in den sozialen Medien und die Webadresse Ihrer Organisation umfassen.<\/p>\n<p>Einige dieser Daten werden gem\u00e4\u00df der EU-DSGVO als personenbezogene Daten betrachtet.  In den meisten F\u00e4llen erheben wir personenbezogene Daten direkt von den betroffenen Personen, aber manchmal erhalten wir auch personenbezogene Daten von Dritten, z. B. von anderen Handelsverb\u00e4nden oder anderen Branchenkontakten.<\/p>\n<p><strong>2.2 Zweck der Nutzung und Verarbeitung<\/strong>\u00a0- Die Informationen, die Sie uns zur Verf\u00fcgung stellen, werden verwendet, um mit Ihnen in Kontakt zu treten, Ihre Online-Anfragen zu erf\u00fcllen oder Ihnen den Zugang zu Inhalten zu erleichtern, die nur f\u00fcr Mitglieder bestimmt sind, und\/oder um Ihnen relevante und aktuelle Informationen \u00fcber unsere Organisation, ihre Aktivit\u00e4ten und Positionen zukommen zu lassen.<\/p>\n<p><strong>2.3 Ausdr\u00fcckliche Zustimmung, Aufbewahrung und Recht auf Einsichtnahme + \u00c4nderung<\/strong>\u00a0- Ihre vorherige informierte, ausdr\u00fcckliche Zustimmung zur Verwendung und Verarbeitung Ihrer personenbezogenen Daten wird f\u00fcr die Anmeldung zu Pro Carton-Massenkommunikationsmitteln wie Newslettern oder der Teilnahme an Veranstaltungen eingeholt.<\/p>\n<p>Ihre personenbezogenen Daten werden nur so lange aufbewahrt, wie es unbedingt notwendig ist, um den Zweck bzw. die Zwecke, f\u00fcr die sie erhoben wurden, zu erreichen.<\/p>\n<p>Wenn Sie Ihre vorherige Zustimmung zur\u00fcckziehen, Informationen, die wir \u00fcber Sie oder Ihre Organisation gespeichert haben, einsehen, erg\u00e4nzen, berichtigen oder l\u00f6schen m\u00f6chten, wenden Sie sich bitte an uns: mail@procarton.com.<\/p>\n<p><strong>2.4 Gemeinsame Nutzung von Daten<\/strong>\u00a0- Als Non-Profit-Organisation gibt Pro Carton keine pers\u00f6nlichen Daten an Dritte zu kommerziellen Zwecken weiter und verkauft sie auch nicht.<\/p>\n<p>Personenbezogene Daten k\u00f6nnen an die Mitglieder von Pro Carton weitergegeben werden, und zwar aus demselben berechtigten Interesse und zu demselben Zweck, zu dem Pro Carton sie verwendet.<\/p>\n<p>Ihre personenbezogenen Daten k\u00f6nnen au\u00dferhalb der Europ\u00e4ischen Union verarbeitet werden.  In diesem Fall wird die Daten\u00fcbermittlung durch eine Datenverarbeitungsvereinbarung geregelt, um angemessene Garantien im Sinne der EU-DSGVO zu bieten.<\/p>\n<p><strong>2.5.  Risikobewertung<\/strong>\u00a0- Die Verarbeitung Ihrer personenbezogenen Daten ist nach eigener Einsch\u00e4tzung mit begrenzten Risiken f\u00fcr Ihre Grundrechte verbunden, da nur berufliche Informationen verwendet werden und angemessene Ma\u00dfnahmen zur Verhinderung von Datenschutzverletzungen ergriffen werden.<\/p>\n<p><strong>3.  \u00dcber unsere Website, soziale Medien und unsere Cookie-Richtlinien<\/strong><\/p>\n<p><strong>3.1 Kekse\u00a0<\/strong>- Unsere Website oder unsere Social-Media-Kan\u00e4le k\u00f6nnen Tracking-Techniken wie Cookies verwenden, um technische Informationen \u00fcber Ihre Nutzung zu sammeln, um ihre Inhalte zu verbessern und anzupassen und sie benutzerfreundlicher zu gestalten.<\/p>\n<p>Cookies werden auf Ihrem Computer gespeichert und erm\u00f6glichen es uns, die Nutzung der Website durch Ihren Computer zu verfolgen und bei registrierten Benutzern den Zugang zu bestimmten Inhalten zu verwalten.<br \/>\nWir verwenden Performance-Cookies, um anonyme Statistiken dar\u00fcber zu erstellen, wie unsere Website genutzt wird (Webanalyse durch Google Analytics).<\/p>\n<p>Sie haben die M\u00f6glichkeit, Cookies in den Einstellungen Ihres Browsers zu deaktivieren oder zu l\u00f6schen, was jedoch die Nutzung der Website beeintr\u00e4chtigen kann.<\/p>\n<p><strong>3.2 Datenschutzrichtlinien f\u00fcr soziale Medien<\/strong>\u00a0- Bei der Interaktion mit unseren Social-Media-Kan\u00e4len (z. B.\u00a0<a href=\"https:\/\/twitter.com\/cepi_paper\">Twitter<\/a>,\u00a0<a href=\"https:\/\/www.facebook.com\/CEPIPaper\/\">Facebook<\/a>,\u00a0<a href=\"https:\/\/www.linkedin.com\/company\/cepi\/\">LinkedIn<\/a>,\u00a0<a href=\"https:\/\/www.instagram.com\/cepi_stagram25\/\">Instagram<\/a>,\u00a0<a href=\"https:\/\/www.youtube.com\/channel\/UC52Y4zM-iRSb22hrUBgvGgQ\">YouTube<\/a>) Ihre Zustimmung und die Verwendung personenbezogener Daten unterliegen den Allgemeinen Gesch\u00e4ftsbedingungen und Datenschutzrichtlinien der jeweiligen sozialen Medienplattform.<\/p>\n<p><strong>3.3.  Websites von Dritten und soziale Medien<\/strong>\u00a0- Unsere Website(s), Social-Media-Kan\u00e4le und elektronischen Kommunikationsmittel k\u00f6nnen auch Links zu Websites oder Social-Media-Kan\u00e4len von Dritten enthalten.  Diese Links werden nur zu Ihrer Information und Bequemlichkeit bereitgestellt.  Pro Carton bef\u00fcrwortet, genehmigt oder \u00fcbernimmt keine Verantwortung f\u00fcr die Websites oder Social-Media-Kan\u00e4le, zu denen wir Links anbieten.<\/p>\n<p><strong>4.  Aktualisierung der Politik und Benachrichtigungen<\/strong><\/p>\n<p>Pro Carton kann diese Richtlinie jederzeit aktualisieren, indem es \u00c4nderungen online ver\u00f6ffentlicht.  Solche \u00c4nderungen werden den registrierten Kontakten und den Website-Besuchern mitgeteilt, damit sie gelesen und akzeptiert werden k\u00f6nnen.<\/p>\n<\/div>\n<\/section>\n<\/div>\n<div class=\"av-animated-generic top-to-bottom flex_column av_one_third  flex_column_div av-zero-column-padding   avia-builder-el-2  el_after_av_two_third  avia-builder-el-last\" style='border-radius:0px; '><\/div>","protected":false},"excerpt":{"rendered":"","protected":false},"author":1,"featured_media":0,"parent":0,"menu_order":27,"comment_status":"closed","ping_status":"closed","template":"","meta":{"inline_featured_image":false,"footnotes":""},"class_list":["post-48","page","type-page","status-publish","hentry"],"yoast_head":"<!-- This site is optimized with the Yoast SEO plugin v27.4 - https:\/\/yoast.com\/product\/yoast-seo-wordpress\/ -->\n<title>Privacy Statement - Pro Carton<\/title>\n<meta name=\"robots\" content=\"index, follow, max-snippet:-1, max-image-preview:large, max-video-preview:-1\" \/>\n<link rel=\"canonical\" href=\"https:\/\/www.procarton.com\/de\/privacy-statement\/\" \/>\n<meta property=\"og:locale\" content=\"de_DE\" \/>\n<meta property=\"og:type\" content=\"article\" \/>\n<meta property=\"og:title\" content=\"Privacy Statement - Pro Carton\" \/>\n<meta property=\"og:url\" content=\"https:\/\/www.procarton.com\/de\/privacy-statement\/\" \/>\n<meta property=\"og:site_name\" content=\"Pro Carton\" \/>\n<meta property=\"article:publisher\" content=\"https:\/\/www.facebook.com\/procartondesignaward\/\" \/>\n<meta property=\"article:modified_time\" content=\"2023-02-02T08:55:17+00:00\" \/>\n<meta name=\"twitter:card\" content=\"summary_large_image\" \/>\n<meta name=\"twitter:site\" content=\"@pro_carton\" \/>\n<meta name=\"twitter:label1\" content=\"Gesch\u00e4tzte Lesezeit\" \/>\n\t<meta name=\"twitter:data1\" content=\"5\u00a0Minuten\" \/>\n<script type=\"application\/ld+json\" class=\"yoast-schema-graph\">{\"@context\":\"https:\\\/\\\/schema.org\",\"@graph\":[{\"@type\":\"WebPage\",\"@id\":\"https:\\\/\\\/www.procarton.com\\\/privacy-statement\\\/\",\"url\":\"https:\\\/\\\/www.procarton.com\\\/privacy-statement\\\/\",\"name\":\"Privacy Statement - Pro Carton\",\"isPartOf\":{\"@id\":\"https:\\\/\\\/www.procarton.com\\\/es\\\/#website\"},\"datePublished\":\"2021-07-29T10:54:46+00:00\",\"dateModified\":\"2023-02-02T08:55:17+00:00\",\"breadcrumb\":{\"@id\":\"https:\\\/\\\/www.procarton.com\\\/privacy-statement\\\/#breadcrumb\"},\"inLanguage\":\"de\",\"potentialAction\":[{\"@type\":\"ReadAction\",\"target\":[\"https:\\\/\\\/www.procarton.com\\\/privacy-statement\\\/\"]}]},{\"@type\":\"BreadcrumbList\",\"@id\":\"https:\\\/\\\/www.procarton.com\\\/privacy-statement\\\/#breadcrumb\",\"itemListElement\":[{\"@type\":\"ListItem\",\"position\":1,\"name\":\"Home\",\"item\":\"https:\\\/\\\/www.procarton.com\\\/\"},{\"@type\":\"ListItem\",\"position\":2,\"name\":\"Privacy Statement\"}]},{\"@type\":\"WebSite\",\"@id\":\"https:\\\/\\\/www.procarton.com\\\/es\\\/#website\",\"url\":\"https:\\\/\\\/www.procarton.com\\\/es\\\/\",\"name\":\"Pro Carton\",\"description\":\"\",\"publisher\":{\"@id\":\"https:\\\/\\\/www.procarton.com\\\/es\\\/#organization\"},\"potentialAction\":[{\"@type\":\"SearchAction\",\"target\":{\"@type\":\"EntryPoint\",\"urlTemplate\":\"https:\\\/\\\/www.procarton.com\\\/es\\\/?s={search_term_string}\"},\"query-input\":{\"@type\":\"PropertyValueSpecification\",\"valueRequired\":true,\"valueName\":\"search_term_string\"}}],\"inLanguage\":\"de\"},{\"@type\":\"Organization\",\"@id\":\"https:\\\/\\\/www.procarton.com\\\/es\\\/#organization\",\"name\":\"ProCarton\",\"url\":\"https:\\\/\\\/www.procarton.com\\\/es\\\/\",\"logo\":{\"@type\":\"ImageObject\",\"inLanguage\":\"de\",\"@id\":\"https:\\\/\\\/www.procarton.com\\\/es\\\/#\\\/schema\\\/logo\\\/image\\\/\",\"url\":\"https:\\\/\\\/www.procarton.com\\\/wp-content\\\/uploads\\\/2022\\\/06\\\/logo-mit-slogan.jpg\",\"contentUrl\":\"https:\\\/\\\/www.procarton.com\\\/wp-content\\\/uploads\\\/2022\\\/06\\\/logo-mit-slogan.jpg\",\"width\":422,\"height\":519,\"caption\":\"ProCarton\"},\"image\":{\"@id\":\"https:\\\/\\\/www.procarton.com\\\/es\\\/#\\\/schema\\\/logo\\\/image\\\/\"},\"sameAs\":[\"https:\\\/\\\/www.facebook.com\\\/procartondesignaward\\\/\",\"https:\\\/\\\/x.com\\\/pro_carton\"]}]}<\/script>\n<!-- \/ Yoast SEO plugin. -->","yoast_head_json":{"title":"Datenschutzerkl\u00e4rung - Pro Carton","robots":{"index":"index","follow":"follow","max-snippet":"max-snippet:-1","max-image-preview":"max-image-preview:large","max-video-preview":"max-video-preview:-1"},"canonical":"https:\/\/www.procarton.com\/de\/privacy-statement\/","og_locale":"de_DE","og_type":"article","og_title":"Privacy Statement - Pro Carton","og_url":"https:\/\/www.procarton.com\/de\/privacy-statement\/","og_site_name":"Pro Carton","article_publisher":"https:\/\/www.facebook.com\/procartondesignaward\/","article_modified_time":"2023-02-02T08:55:17+00:00","twitter_card":"summary_large_image","twitter_site":"@pro_carton","twitter_misc":{"Gesch\u00e4tzte Lesezeit":"5\u00a0Minuten"},"schema":{"@context":"https:\/\/schema.org","@graph":[{"@type":"WebPage","@id":"https:\/\/www.procarton.com\/privacy-statement\/","url":"https:\/\/www.procarton.com\/privacy-statement\/","name":"Datenschutzerkl\u00e4rung - Pro Carton","isPartOf":{"@id":"https:\/\/www.procarton.com\/es\/#website"},"datePublished":"2021-07-29T10:54:46+00:00","dateModified":"2023-02-02T08:55:17+00:00","breadcrumb":{"@id":"https:\/\/www.procarton.com\/privacy-statement\/#breadcrumb"},"inLanguage":"de","potentialAction":[{"@type":"ReadAction","target":["https:\/\/www.procarton.com\/privacy-statement\/"]}]},{"@type":"BreadcrumbList","@id":"https:\/\/www.procarton.com\/privacy-statement\/#breadcrumb","itemListElement":[{"@type":"ListItem","position":1,"name":"Home","item":"https:\/\/www.procarton.com\/"},{"@type":"ListItem","position":2,"name":"Privacy Statement"}]},{"@type":"WebSite","@id":"https:\/\/www.procarton.com\/es\/#website","url":"https:\/\/www.procarton.com\/es\/","name":"Pro Carton","description":"","publisher":{"@id":"https:\/\/www.procarton.com\/es\/#organization"},"potentialAction":[{"@type":"SearchAction","target":{"@type":"EntryPoint","urlTemplate":"https:\/\/www.procarton.com\/es\/?s={search_term_string}"},"query-input":{"@type":"PropertyValueSpecification","valueRequired":true,"valueName":"search_term_string"}}],"inLanguage":"de"},{"@type":"Organization","@id":"https:\/\/www.procarton.com\/es\/#organization","name":"ProCarton","url":"https:\/\/www.procarton.com\/es\/","logo":{"@type":"ImageObject","inLanguage":"de","@id":"https:\/\/www.procarton.com\/es\/#\/schema\/logo\/image\/","url":"https:\/\/www.procarton.com\/wp-content\/uploads\/2022\/06\/logo-mit-slogan.jpg","contentUrl":"https:\/\/www.procarton.com\/wp-content\/uploads\/2022\/06\/logo-mit-slogan.jpg","width":422,"height":519,"caption":"ProCarton"},"image":{"@id":"https:\/\/www.procarton.com\/es\/#\/schema\/logo\/image\/"},"sameAs":["https:\/\/www.facebook.com\/procartondesignaward\/","https:\/\/x.com\/pro_carton"]}]}},"_links":{"self":[{"href":"https:\/\/www.procarton.com\/de\/wp-json\/wp\/v2\/pages\/48","targetHints":{"allow":["GET"]}}],"collection":[{"href":"https:\/\/www.procarton.com\/de\/wp-json\/wp\/v2\/pages"}],"about":[{"href":"https:\/\/www.procarton.com\/de\/wp-json\/wp\/v2\/types\/page"}],"author":[{"embeddable":true,"href":"https:\/\/www.procarton.com\/de\/wp-json\/wp\/v2\/users\/1"}],"replies":[{"embeddable":true,"href":"https:\/\/www.procarton.com\/de\/wp-json\/wp\/v2\/comments?post=48"}],"version-history":[{"count":7,"href":"https:\/\/www.procarton.com\/de\/wp-json\/wp\/v2\/pages\/48\/revisions"}],"predecessor-version":[{"id":284274,"href":"https:\/\/www.procarton.com\/de\/wp-json\/wp\/v2\/pages\/48\/revisions\/284274"}],"wp:attachment":[{"href":"https:\/\/www.procarton.com\/de\/wp-json\/wp\/v2\/media?parent=48"}],"curies":[{"name":"wp","href":"https:\/\/api.w.org\/{rel}","templated":true}]}}