{"id":307591,"date":"2026-01-30T17:08:46","date_gmt":"2026-01-30T17:08:46","guid":{"rendered":"https:\/\/www.procarton.com\/?page_id=307591"},"modified":"2026-03-12T13:59:34","modified_gmt":"2026-03-12T13:59:34","slug":"main-sponsor-2026","status":"publish","type":"page","link":"https:\/\/www.procarton.com\/de\/awards\/european-carton-excellence-award\/2026-3\/main-sponsor-2026\/","title":{"rendered":"Main Sponsor 2026"},"content":{"rendered":"<div  style='height:50px' class='hr hr-invisible   avia-builder-el-0  el_before_av_three_fourth  avia-builder-el-first'><span class='hr-inner' ><span class='hr-inner-style'><\/span><\/span><\/div>\n<div class=\"av-animated-generic top-to-bottom flex_column av_three_fourth  flex_column_div av-zero-column-padding first  avia-builder-el-1  el_after_av_hr  el_before_av_three_fourth\" style='border-radius:0px; '>\n<section class=\"av_textblock_section\"  itemscope=\"itemscope\" itemtype=\"https:\/\/schema.org\/CreativeWork\" >\n<div class='avia_textblock'   itemprop=\"text\" >\n<h3>ECMA and Pro Carton are delighted to introduce the main sponsor of the 2026 European Carton Excellence Award<\/h3>\n<\/div>\n<\/section>\n<\/div>\n<div class=\"av-animated-generic top-to-bottom flex_column av_three_fourth  flex_column_div av-zero-column-padding first  avia-builder-el-3  el_after_av_three_fourth  el_before_av_one_fourth  column-top-margin\" style='border-radius:0px; '>\n<section class=\"av_textblock_section\"  itemscope=\"itemscope\" itemtype=\"https:\/\/schema.org\/CreativeWork\" >\n<div class='avia_textblock'   itemprop=\"text\" >\n<p><b>About HEIDELBERG:<\/b><\/p>\n<p>Die Heidelberger Druckmaschinen AG (HEIDELBERG) ist ein f\u00fchrendes Technologieunternehmen, das seit 175 Jahren weltweit f\u00fcr Innovation, Qualit\u00e4t und Zuverl\u00e4ssigkeit im Maschinenbau steht. Mit klarem Fokus auf Wachstum und als Gesamtl\u00f6sungsanbieter treibt HEIDELBERG die Weiterentwicklung in den Kernbereichen Verpackungs- und Digitaldruck, Softwarel\u00f6sungen und Lifecycle-Business mit Service und Verbrauchsmaterialien voran, damit Kunden ein H\u00f6chstma\u00df an Produktivit\u00e4t und Effizienz erreichen k\u00f6nnen.<\/p>\n<p style=\"text-align: left;\">Dar\u00fcber hinaus setzt das Unternehmen auf die Expansion in neue Gesch\u00e4ftsfelder wie den hochpr\u00e4zisen Anlagenbau mit integrierten Steuerungssystemen, die Automatisierungstechnik, die Robotik und den wachsenden Bereich der gr\u00fcnen Technologien. Mit seiner starken internationalen Pr\u00e4senz in rund 170 L\u00e4ndern, der Gestaltungskraft und dem Know-how seiner rund 9.500 Mitarbeiter, eigenen Produktionsst\u00e4tten in Europa, China und den USA sowie einem der gr\u00f6\u00dften globalen Vertriebs- und Servicenetzwerke ist das Unternehmen f\u00fcr zuk\u00fcnftiges Wachstum bestens aufgestellt.<\/p>\n<p style=\"text-align: left;\">F\u00fcr weitere Informationen besuchen Sie uns: <a href=\"http:\/\/www.heidelberg.com\">www.heidelberg.com<\/a><\/p>\n<\/div>\n<\/section>\n<\/div>\n<div class=\"av-animated-generic top-to-bottom flex_column av_one_fourth  flex_column_div av-zero-column-padding   avia-builder-el-5  el_after_av_three_fourth  el_before_av_video  column-top-margin\" style='border-radius:0px; '>\n<div  class='avia-image-container  av-styling-    avia-builder-el-6  avia-builder-el-no-sibling  avia-align-center'  itemprop=\"image\" itemscope=\"itemscope\" itemtype=\"https:\/\/schema.org\/ImageObject\"  >\n<div class='avia-image-container-inner'>\n<div class='avia-image-overlay-wrap'><img decoding=\"async\" width=\"230\" height=\"130\" class='wp-image-271395 avia-img-lazy-loading-not-271395 avia_image' src=\"https:\/\/www.procarton.com\/wp-content\/uploads\/2021\/12\/heidelberg.jpg\" alt='' title='heidelberg'  itemprop=\"thumbnailUrl\" srcset=\"https:\/\/www.procarton.com\/wp-content\/uploads\/2021\/12\/heidelberg.jpg 230w, https:\/\/www.procarton.com\/wp-content\/uploads\/2021\/12\/heidelberg-18x10.jpg 18w\" sizes=\"(max-width: 230px) 100vw, 230px\" \/><\/div>\n<\/div>\n<\/div>\n<\/div>\n<div  class='avia-video avia-video-16-9   av-lazyload-immediate  av-lazyload-video-embed'   itemprop=\"video\" itemtype=\"https:\/\/schema.org\/VideoObject\"  data-original_url='https:\/\/www.youtube.com\/watch?v=DZUIlsJrCF4&amp;t=5s' ><script type='text\/html' class='av-video-tmpl'><\/p>\n<div class='avia-iframe-wrap'><iframe loading=\"lazy\" title=\"Celebrating 175 years of Heidelberger Druckmaschinen\" width=\"1500\" height=\"844\" src=\"https:\/\/www.youtube.com\/embed\/DZUIlsJrCF4?start=5&feature=oembed&autoplay=0&loop=0&controls=1&mute=0\" frameborder=\"0\" allow=\"accelerometer; autoplay; clipboard-write; encrypted-media; gyroscope; picture-in-picture; web-share\" referrerpolicy=\"strict-origin-when-cross-origin\" allowfullscreen><\/iframe><\/div>\n<p><\/script><\/p>\n<div class='av-click-to-play-overlay'>\n<div class=\"avia_playpause_icon\"><\/div>\n<\/div>\n<\/div>\n<div  style='height:50px' class='hr hr-invisible   avia-builder-el-8  el_after_av_video  el_before_av_three_fourth'><span class='hr-inner' ><span class='hr-inner-style'><\/span><\/span><\/div>\n<div class=\"av-animated-generic top-to-bottom flex_column av_three_fourth  flex_column_div av-zero-column-padding first  avia-builder-el-9  el_after_av_hr  el_before_av_one_fourth\" style='border-radius:0px; '>\n<section class=\"av_textblock_section\"  itemscope=\"itemscope\" itemtype=\"https:\/\/schema.org\/CreativeWork\" >\n<div class='avia_textblock'   itemprop=\"text\" >\n<p><b>About BOBST:<\/b><\/p>\n<p><span style=\"font-weight: 400;\">We are one of the world\u2019s leading suppliers of substrate processing, printing and converting equipment and services for the label, flexible packaging, folding carton and corrugated board industries. Our vision is to shape the future of the packaging world based on four pillars: connectivity, digitalization, automation and sustainability.<\/span><\/p>\n<p><span style=\"font-weight: 400;\">Founded in 1890 by Joseph Bobst in Lausanne, Switzerland, BOBST has a presence in more than 50 countries, runs 20 production facilities in 12 countries and employs more than 6 300 people around the world. The firm recorded a consolidated turnover of CHF 1.622 billion for the year ended 31 December 2025.<\/span><\/p>\n<p>F\u00fcr weitere Informationen besuchen Sie uns: <a href=\"https:\/\/www.bobst.com\/chen\/\">www.bobst.com<\/a><\/p>\n<\/div>\n<\/section>\n<\/div>\n<div class=\"av-animated-generic top-to-bottom flex_column av_one_fourth  flex_column_div av-zero-column-padding   avia-builder-el-11  el_after_av_three_fourth  el_before_av_video\" style='border-radius:0px; '>\n<div  class='avia-image-container  av-styling-    avia-builder-el-12  avia-builder-el-no-sibling  avia-align-center'  itemprop=\"image\" itemscope=\"itemscope\" itemtype=\"https:\/\/schema.org\/ImageObject\"  >\n<div class='avia-image-container-inner'>\n<div class='avia-image-overlay-wrap'><img decoding=\"async\" width=\"214\" height=\"120\" class='wp-image-271399 avia-img-lazy-loading-not-271399 avia_image' src=\"https:\/\/www.procarton.com\/wp-content\/uploads\/2021\/12\/bobst.jpg\" alt='' title='bobst'  itemprop=\"thumbnailUrl\" srcset=\"https:\/\/www.procarton.com\/wp-content\/uploads\/2021\/12\/bobst.jpg 214w, https:\/\/www.procarton.com\/wp-content\/uploads\/2021\/12\/bobst-18x10.jpg 18w\" sizes=\"(max-width: 214px) 100vw, 214px\" \/><\/div>\n<\/div>\n<\/div>\n<\/div>\n<div  class='avia-video avia-video-16-9   av-lazyload-immediate  av-lazyload-video-embed'   itemprop=\"video\" itemtype=\"https:\/\/schema.org\/VideoObject\"  data-original_url='https:\/\/www.youtube.com\/watch?v=YCXh4FWugJs' ><script type='text\/html' class='av-video-tmpl'><\/p>\n<div class='avia-iframe-wrap'><iframe loading=\"lazy\" title=\"BOBST Corporate Video - Shaping the future of the packaging world\" width=\"1500\" height=\"844\" src=\"https:\/\/www.youtube.com\/embed\/YCXh4FWugJs?feature=oembed&autoplay=0&loop=0&controls=1&mute=0\" frameborder=\"0\" allow=\"accelerometer; autoplay; clipboard-write; encrypted-media; gyroscope; picture-in-picture; web-share\" referrerpolicy=\"strict-origin-when-cross-origin\" allowfullscreen><\/iframe><\/div>\n<p><\/script><\/p>\n<div class='av-click-to-play-overlay'>\n<div class=\"avia_playpause_icon\"><\/div>\n<\/div>\n<\/div>","protected":false},"excerpt":{"rendered":"<p>Einzelheiten zu den European Carton Excellence Award 2024-Juroren, die die Schachtel des Jahres und die Shortlist-Einreichungen f\u00fcr die Publikumsabstimmung ausw\u00e4hlen<\/p>","protected":false},"author":5916,"featured_media":306998,"parent":307525,"menu_order":3,"comment_status":"closed","ping_status":"closed","template":"templates\/award_details_page.php","meta":{"inline_featured_image":false,"footnotes":""},"class_list":["post-307591","page","type-page","status-publish","has-post-thumbnail","hentry"],"yoast_head":"<!-- This site is optimized with the Yoast SEO plugin v27.3 - https:\/\/yoast.com\/product\/yoast-seo-wordpress\/ -->\n<title>Main Sponsor 2026 - Pro Carton<\/title>\n<meta name=\"description\" content=\"Details of the European Carton Excellence Award 2024 Judges who choose the Carton of the Year and Shortlist Entries for the Public Vote\" \/>\n<meta name=\"robots\" content=\"index, follow, max-snippet:-1, max-image-preview:large, max-video-preview:-1\" \/>\n<link rel=\"canonical\" href=\"https:\/\/www.procarton.com\/de\/awards\/european-carton-excellence-award\/2026-3\/main-sponsor-2026\/\" \/>\n<meta property=\"og:locale\" content=\"de_DE\" \/>\n<meta property=\"og:type\" content=\"article\" \/>\n<meta property=\"og:title\" content=\"Main Sponsor 2026 - Pro Carton\" \/>\n<meta property=\"og:description\" content=\"Details of the European Carton Excellence Award 2024 Judges who choose the Carton of the Year and Shortlist Entries for the Public Vote\" \/>\n<meta property=\"og:url\" content=\"https:\/\/www.procarton.com\/de\/awards\/european-carton-excellence-award\/2026-3\/main-sponsor-2026\/\" \/>\n<meta property=\"og:site_name\" content=\"Pro Carton\" \/>\n<meta property=\"article:publisher\" content=\"https:\/\/www.facebook.com\/procartondesignaward\/\" \/>\n<meta property=\"article:modified_time\" content=\"2026-03-12T13:59:34+00:00\" \/>\n<meta property=\"og:image\" content=\"https:\/\/www.procarton.com\/wp-content\/uploads\/2025\/09\/H7A2141-775x1030.jpg\" \/>\n\t<meta property=\"og:image:width\" content=\"775\" \/>\n\t<meta property=\"og:image:height\" content=\"1030\" \/>\n\t<meta property=\"og:image:type\" content=\"image\/jpeg\" \/>\n<meta name=\"twitter:card\" content=\"summary_large_image\" \/>\n<meta name=\"twitter:site\" content=\"@pro_carton\" \/>\n<meta name=\"twitter:label1\" content=\"Gesch\u00e4tzte Lesezeit\" \/>\n\t<meta name=\"twitter:data1\" content=\"4\u00a0Minuten\" \/>\n<script type=\"application\/ld+json\" class=\"yoast-schema-graph\">{\"@context\":\"https:\\\/\\\/schema.org\",\"@graph\":[{\"@type\":\"WebPage\",\"@id\":\"https:\\\/\\\/www.procarton.com\\\/awards\\\/european-carton-excellence-award\\\/2026-3\\\/main-sponsor-2026\\\/\",\"url\":\"https:\\\/\\\/www.procarton.com\\\/awards\\\/european-carton-excellence-award\\\/2026-3\\\/main-sponsor-2026\\\/\",\"name\":\"Main Sponsor 2026 - Pro Carton\",\"isPartOf\":{\"@id\":\"https:\\\/\\\/www.procarton.com\\\/es\\\/#website\"},\"primaryImageOfPage\":{\"@id\":\"https:\\\/\\\/www.procarton.com\\\/awards\\\/european-carton-excellence-award\\\/2026-3\\\/main-sponsor-2026\\\/#primaryimage\"},\"image\":{\"@id\":\"https:\\\/\\\/www.procarton.com\\\/awards\\\/european-carton-excellence-award\\\/2026-3\\\/main-sponsor-2026\\\/#primaryimage\"},\"thumbnailUrl\":\"https:\\\/\\\/www.procarton.com\\\/wp-content\\\/uploads\\\/2025\\\/09\\\/H7A2141-scaled.jpg\",\"datePublished\":\"2026-01-30T17:08:46+00:00\",\"dateModified\":\"2026-03-12T13:59:34+00:00\",\"description\":\"Details of the European Carton Excellence Award 2024 Judges who choose the Carton of the Year and Shortlist Entries for the Public Vote\",\"breadcrumb\":{\"@id\":\"https:\\\/\\\/www.procarton.com\\\/awards\\\/european-carton-excellence-award\\\/2026-3\\\/main-sponsor-2026\\\/#breadcrumb\"},\"inLanguage\":\"de\",\"potentialAction\":[{\"@type\":\"ReadAction\",\"target\":[\"https:\\\/\\\/www.procarton.com\\\/awards\\\/european-carton-excellence-award\\\/2026-3\\\/main-sponsor-2026\\\/\"]}]},{\"@type\":\"ImageObject\",\"inLanguage\":\"de\",\"@id\":\"https:\\\/\\\/www.procarton.com\\\/awards\\\/european-carton-excellence-award\\\/2026-3\\\/main-sponsor-2026\\\/#primaryimage\",\"url\":\"https:\\\/\\\/www.procarton.com\\\/wp-content\\\/uploads\\\/2025\\\/09\\\/H7A2141-scaled.jpg\",\"contentUrl\":\"https:\\\/\\\/www.procarton.com\\\/wp-content\\\/uploads\\\/2025\\\/09\\\/H7A2141-scaled.jpg\",\"width\":1927,\"height\":2560},{\"@type\":\"BreadcrumbList\",\"@id\":\"https:\\\/\\\/www.procarton.com\\\/awards\\\/european-carton-excellence-award\\\/2026-3\\\/main-sponsor-2026\\\/#breadcrumb\",\"itemListElement\":[{\"@type\":\"ListItem\",\"position\":1,\"name\":\"Home\",\"item\":\"https:\\\/\\\/www.procarton.com\\\/\"},{\"@type\":\"ListItem\",\"position\":2,\"name\":\"Awards\",\"item\":\"https:\\\/\\\/www.procarton.com\\\/awards\\\/\"},{\"@type\":\"ListItem\",\"position\":3,\"name\":\"European Carton Excellence Award\",\"item\":\"https:\\\/\\\/www.procarton.com\\\/awards\\\/european-carton-excellence-award\\\/\"},{\"@type\":\"ListItem\",\"position\":4,\"name\":\"2026\",\"item\":\"https:\\\/\\\/www.procarton.com\\\/awards\\\/european-carton-excellence-award\\\/2026-3\\\/\"},{\"@type\":\"ListItem\",\"position\":5,\"name\":\"Main Sponsor 2026\"}]},{\"@type\":\"WebSite\",\"@id\":\"https:\\\/\\\/www.procarton.com\\\/es\\\/#website\",\"url\":\"https:\\\/\\\/www.procarton.com\\\/es\\\/\",\"name\":\"Pro Carton\",\"description\":\"\",\"publisher\":{\"@id\":\"https:\\\/\\\/www.procarton.com\\\/es\\\/#organization\"},\"potentialAction\":[{\"@type\":\"SearchAction\",\"target\":{\"@type\":\"EntryPoint\",\"urlTemplate\":\"https:\\\/\\\/www.procarton.com\\\/es\\\/?s={search_term_string}\"},\"query-input\":{\"@type\":\"PropertyValueSpecification\",\"valueRequired\":true,\"valueName\":\"search_term_string\"}}],\"inLanguage\":\"de\"},{\"@type\":\"Organization\",\"@id\":\"https:\\\/\\\/www.procarton.com\\\/es\\\/#organization\",\"name\":\"ProCarton\",\"url\":\"https:\\\/\\\/www.procarton.com\\\/es\\\/\",\"logo\":{\"@type\":\"ImageObject\",\"inLanguage\":\"de\",\"@id\":\"https:\\\/\\\/www.procarton.com\\\/es\\\/#\\\/schema\\\/logo\\\/image\\\/\",\"url\":\"https:\\\/\\\/www.procarton.com\\\/wp-content\\\/uploads\\\/2022\\\/06\\\/logo-mit-slogan.jpg\",\"contentUrl\":\"https:\\\/\\\/www.procarton.com\\\/wp-content\\\/uploads\\\/2022\\\/06\\\/logo-mit-slogan.jpg\",\"width\":422,\"height\":519,\"caption\":\"ProCarton\"},\"image\":{\"@id\":\"https:\\\/\\\/www.procarton.com\\\/es\\\/#\\\/schema\\\/logo\\\/image\\\/\"},\"sameAs\":[\"https:\\\/\\\/www.facebook.com\\\/procartondesignaward\\\/\",\"https:\\\/\\\/x.com\\\/pro_carton\"]}]}<\/script>\n<!-- \/ Yoast SEO plugin. -->","yoast_head_json":{"title":"Main Sponsor 2026 - Pro Carton","description":"Einzelheiten zu den European Carton Excellence Award 2024-Juroren, die die Schachtel des Jahres und die Shortlist-Einreichungen f\u00fcr die Publikumsabstimmung ausw\u00e4hlen","robots":{"index":"index","follow":"follow","max-snippet":"max-snippet:-1","max-image-preview":"max-image-preview:large","max-video-preview":"max-video-preview:-1"},"canonical":"https:\/\/www.procarton.com\/de\/awards\/european-carton-excellence-award\/2026-3\/main-sponsor-2026\/","og_locale":"de_DE","og_type":"article","og_title":"Main Sponsor 2026 - Pro Carton","og_description":"Details of the European Carton Excellence Award 2024 Judges who choose the Carton of the Year and Shortlist Entries for the Public Vote","og_url":"https:\/\/www.procarton.com\/de\/awards\/european-carton-excellence-award\/2026-3\/main-sponsor-2026\/","og_site_name":"Pro Carton","article_publisher":"https:\/\/www.facebook.com\/procartondesignaward\/","article_modified_time":"2026-03-12T13:59:34+00:00","og_image":[{"width":775,"height":1030,"url":"https:\/\/www.procarton.com\/wp-content\/uploads\/2025\/09\/H7A2141-775x1030.jpg","type":"image\/jpeg"}],"twitter_card":"summary_large_image","twitter_site":"@pro_carton","twitter_misc":{"Gesch\u00e4tzte Lesezeit":"4\u00a0Minuten"},"schema":{"@context":"https:\/\/schema.org","@graph":[{"@type":"WebPage","@id":"https:\/\/www.procarton.com\/awards\/european-carton-excellence-award\/2026-3\/main-sponsor-2026\/","url":"https:\/\/www.procarton.com\/awards\/european-carton-excellence-award\/2026-3\/main-sponsor-2026\/","name":"Main Sponsor 2026 - Pro Carton","isPartOf":{"@id":"https:\/\/www.procarton.com\/es\/#website"},"primaryImageOfPage":{"@id":"https:\/\/www.procarton.com\/awards\/european-carton-excellence-award\/2026-3\/main-sponsor-2026\/#primaryimage"},"image":{"@id":"https:\/\/www.procarton.com\/awards\/european-carton-excellence-award\/2026-3\/main-sponsor-2026\/#primaryimage"},"thumbnailUrl":"https:\/\/www.procarton.com\/wp-content\/uploads\/2025\/09\/H7A2141-scaled.jpg","datePublished":"2026-01-30T17:08:46+00:00","dateModified":"2026-03-12T13:59:34+00:00","description":"Einzelheiten zu den European Carton Excellence Award 2024-Juroren, die die Schachtel des Jahres und die Shortlist-Einreichungen f\u00fcr die Publikumsabstimmung ausw\u00e4hlen","breadcrumb":{"@id":"https:\/\/www.procarton.com\/awards\/european-carton-excellence-award\/2026-3\/main-sponsor-2026\/#breadcrumb"},"inLanguage":"de","potentialAction":[{"@type":"ReadAction","target":["https:\/\/www.procarton.com\/awards\/european-carton-excellence-award\/2026-3\/main-sponsor-2026\/"]}]},{"@type":"ImageObject","inLanguage":"de","@id":"https:\/\/www.procarton.com\/awards\/european-carton-excellence-award\/2026-3\/main-sponsor-2026\/#primaryimage","url":"https:\/\/www.procarton.com\/wp-content\/uploads\/2025\/09\/H7A2141-scaled.jpg","contentUrl":"https:\/\/www.procarton.com\/wp-content\/uploads\/2025\/09\/H7A2141-scaled.jpg","width":1927,"height":2560},{"@type":"BreadcrumbList","@id":"https:\/\/www.procarton.com\/awards\/european-carton-excellence-award\/2026-3\/main-sponsor-2026\/#breadcrumb","itemListElement":[{"@type":"ListItem","position":1,"name":"Home","item":"https:\/\/www.procarton.com\/"},{"@type":"ListItem","position":2,"name":"Awards","item":"https:\/\/www.procarton.com\/awards\/"},{"@type":"ListItem","position":3,"name":"European Carton Excellence Award","item":"https:\/\/www.procarton.com\/awards\/european-carton-excellence-award\/"},{"@type":"ListItem","position":4,"name":"2026","item":"https:\/\/www.procarton.com\/awards\/european-carton-excellence-award\/2026-3\/"},{"@type":"ListItem","position":5,"name":"Main Sponsor 2026"}]},{"@type":"WebSite","@id":"https:\/\/www.procarton.com\/es\/#website","url":"https:\/\/www.procarton.com\/es\/","name":"Pro Carton","description":"","publisher":{"@id":"https:\/\/www.procarton.com\/es\/#organization"},"potentialAction":[{"@type":"SearchAction","target":{"@type":"EntryPoint","urlTemplate":"https:\/\/www.procarton.com\/es\/?s={search_term_string}"},"query-input":{"@type":"PropertyValueSpecification","valueRequired":true,"valueName":"search_term_string"}}],"inLanguage":"de"},{"@type":"Organization","@id":"https:\/\/www.procarton.com\/es\/#organization","name":"ProCarton","url":"https:\/\/www.procarton.com\/es\/","logo":{"@type":"ImageObject","inLanguage":"de","@id":"https:\/\/www.procarton.com\/es\/#\/schema\/logo\/image\/","url":"https:\/\/www.procarton.com\/wp-content\/uploads\/2022\/06\/logo-mit-slogan.jpg","contentUrl":"https:\/\/www.procarton.com\/wp-content\/uploads\/2022\/06\/logo-mit-slogan.jpg","width":422,"height":519,"caption":"ProCarton"},"image":{"@id":"https:\/\/www.procarton.com\/es\/#\/schema\/logo\/image\/"},"sameAs":["https:\/\/www.facebook.com\/procartondesignaward\/","https:\/\/x.com\/pro_carton"]}]}},"_links":{"self":[{"href":"https:\/\/www.procarton.com\/de\/wp-json\/wp\/v2\/pages\/307591","targetHints":{"allow":["GET"]}}],"collection":[{"href":"https:\/\/www.procarton.com\/de\/wp-json\/wp\/v2\/pages"}],"about":[{"href":"https:\/\/www.procarton.com\/de\/wp-json\/wp\/v2\/types\/page"}],"author":[{"embeddable":true,"href":"https:\/\/www.procarton.com\/de\/wp-json\/wp\/v2\/users\/5916"}],"replies":[{"embeddable":true,"href":"https:\/\/www.procarton.com\/de\/wp-json\/wp\/v2\/comments?post=307591"}],"version-history":[{"count":7,"href":"https:\/\/www.procarton.com\/de\/wp-json\/wp\/v2\/pages\/307591\/revisions"}],"predecessor-version":[{"id":308273,"href":"https:\/\/www.procarton.com\/de\/wp-json\/wp\/v2\/pages\/307591\/revisions\/308273"}],"up":[{"embeddable":true,"href":"https:\/\/www.procarton.com\/de\/wp-json\/wp\/v2\/pages\/307525"}],"wp:featuredmedia":[{"embeddable":true,"href":"https:\/\/www.procarton.com\/de\/wp-json\/wp\/v2\/media\/306998"}],"wp:attachment":[{"href":"https:\/\/www.procarton.com\/de\/wp-json\/wp\/v2\/media?parent=307591"}],"curies":[{"name":"wp","href":"https:\/\/api.w.org\/{rel}","templated":true}]}}