{"id":307370,"date":"2025-11-26T11:52:25","date_gmt":"2025-11-26T11:52:25","guid":{"rendered":"https:\/\/www.procarton.com\/?page_id=307370"},"modified":"2025-11-26T15:49:38","modified_gmt":"2025-11-26T15:49:38","slug":"main-sponsor-2025","status":"publish","type":"page","link":"https:\/\/www.procarton.com\/de\/awards\/european-carton-excellence-award\/2025-2\/main-sponsor-2025\/","title":{"rendered":"Artikel des Hauptsponsors 2025"},"content":{"rendered":"<div  style='height:50px' class='hr hr-invisible   avia-builder-el-0  el_before_av_three_fourth  avia-builder-el-first'><span class='hr-inner' ><span class='hr-inner-style'><\/span><\/span><\/div>\n<div class=\"av-animated-generic top-to-bottom flex_column av_three_fourth  flex_column_div av-zero-column-padding first  avia-builder-el-1  el_after_av_hr  el_before_av_three_fourth\" style='border-radius:0px; '>\n<section class=\"av_textblock_section\"  itemscope=\"itemscope\" itemtype=\"https:\/\/schema.org\/CreativeWork\" >\n<div class='avia_textblock'   itemprop=\"text\" >\n<h3>ECMA und Pro Carton freuen sich, Ihnen einen Artikel unseres Hauptsponsors der 2025 European Carton Excellence Award<\/h3>\n<\/div>\n<\/section>\n<\/div>\n<div class=\"av-animated-generic top-to-bottom flex_column av_three_fourth  flex_column_div av-zero-column-padding first  avia-builder-el-3  el_after_av_three_fourth  el_before_av_one_fourth  column-top-margin\" style='border-radius:0px; '>\n<section class=\"av_textblock_section\"  itemscope=\"itemscope\" itemtype=\"https:\/\/schema.org\/CreativeWork\" >\n<div class='avia_textblock'   itemprop=\"text\" >\n<h4 class=\"main-title entry-title\">Die Transformation des Einzelhandels durch Digitalisierung und Innovation steuern<\/h4>\n<\/div>\n<\/section>\n<section class=\"av_textblock_section\"  itemscope=\"itemscope\" itemtype=\"https:\/\/schema.org\/CreativeWork\" >\n<div class='avia_textblock'   itemprop=\"text\" >\n<p><b>Die Transformation des Einzelhandels durch Digitalisierung und Innovation steuern<\/b><\/p>\n<p>Die Einzelhandelslandschaft entwickelt sich rasant, gepr\u00e4gt von einem ver\u00e4nderten Verbraucherverhalten und der immer schneller voranschreitenden Digitalisierung. Traditionelle Einkaufsgewohnheiten werden durch spontanere, impulsgesteuerte Entscheidungen ersetzt, wobei die Verbraucher zunehmend Bequemlichkeit, Schnelligkeit und personalisierte Erlebnisse erwarten. Am Point of Sale (POS) bedeutet dies, dass Marken \u00fcber statische Displays und transaktionale Interaktionen hinausgehen m\u00fcssen, um dynamische, reaktionsf\u00e4hige Umgebungen zu schaffen, die die Werte und Vorlieben der modernen Kunden widerspiegeln.<\/p>\n<p>Der Verbraucher ist zwar nach wie vor der eigentliche Entscheidungstr\u00e4ger, aber seine Entscheidungen werden heute von einem komplexen Netz digitaler Ber\u00fchrungspunkte beeinflusst. Mobile Apps, soziale Medien und Echtzeitdaten tragen dazu bei, dass der Kaufprozess weniger linear und mehr flie\u00dfend verl\u00e4uft. Einzelh\u00e4ndler m\u00fcssen sich anpassen, indem sie digitale Tools integrieren, die das Kundenerlebnis verbessern und die Abl\u00e4ufe rationalisieren.<\/p>\n<p><b>Die Digitalisierung und ihre Auswirkungen auf den Arbeitsmarkt<\/b><\/p>\n<p>Eine der wichtigsten Folgen des digitalen Wandels sind seine Auswirkungen auf den Arbeitsmarkt. Automatisierung, k\u00fcnstliche Intelligenz und Datenanalyse ver\u00e4ndern die Rollen im Einzelhandel und in der Verpackungsindustrie. Routineaufgaben werden zunehmend von Maschinen erledigt, w\u00e4hrend menschliche Arbeitskr\u00e4fte neue F\u00e4higkeiten in den Bereichen Dateninterpretation, Systemmanagement und Kundenkontakt entwickeln m\u00fcssen.<\/p>\n<p>Dieser Wandel bringt sowohl Herausforderungen als auch Chancen mit sich. Einerseits besteht ein wachsender Bedarf an Umschulung und Anpassung der Arbeitskr\u00e4fte. Andererseits erm\u00f6glicht die Digitalisierung eine effizientere Ressourcenzuweisung und ein intelligenteres Lieferkettenmanagement. Diese Verbesserungen f\u00fchren zu Kosteneinsparungen, weniger Abfall und flexibleren Produktionszyklen.<\/p>\n<p><b>Datengesteuerte Optimierung in der Verpackung<\/b><\/p>\n<p>Datenerfassung und -analyse spielen bei der Optimierung von Verpackungsprozessen eine zentrale Rolle. Durch die Nutzung von Echtzeit-Einblicken in die Vorlieben der Verbraucher, das Kaufverhalten und die logistische Leistung k\u00f6nnen Unternehmen Verpackungen entwerfen, die nicht nur funktional sind, sondern auch mit Nachhaltigkeitszielen in Einklang stehen. Die Daten k\u00f6nnen beispielsweise Aufschluss dar\u00fcber geben, welche Materialien unter bestimmten Bedingungen am besten funktionieren oder welche Formate die Transportkosten und die Umweltbelastung verringern.<\/p>\n<p>Dieser datenzentrierte Ansatz unterst\u00fctzt auch die Entwicklung von nachhaltigeren Verpackungsl\u00f6sungen. Anstatt sich nur auf beh\u00f6rdliche Auflagen oder den Druck der Verbraucher zu verlassen, k\u00f6nnen sich Unternehmen auf empirische Daten st\u00fctzen, um Innovationen zu entwickeln. Dazu geh\u00f6rt auch die Identifizierung von M\u00f6glichkeiten zur Verringerung des Materialverbrauchs, zur Verbesserung der Recyclingf\u00e4higkeit und zur Erh\u00f6hung des Produktschutzes - und das alles bei gleichbleibender Kosteneffizienz.<\/p>\n<p><b>Zusammenarbeit und Innovation in der gesamten Wertsch\u00f6pfungskette<\/b><\/p>\n<p>Die Digitalisierung f\u00f6rdert die Zusammenarbeit in der gesamten Verpackungswertsch\u00f6pfungskette. Cloud-basierte Plattformen, gemeinsame Datenbanken und integrierte Planungstools erm\u00f6glichen Herstellern, Lieferanten und Einzelh\u00e4ndlern eine effektivere Zusammenarbeit. Diese Vernetzung beschleunigt die Innovation und erm\u00f6glicht schnellere Reaktionen auf Marktanforderungen.<\/p>\n<p>Dar\u00fcber hinaus k\u00f6nnen digitale Tools dabei helfen, die Komplexit\u00e4t der internationalen Gesetzgebung zu bew\u00e4ltigen. Durch die Standardisierung von Datenformaten und die Nachverfolgung der Einhaltung von Vorschriften k\u00f6nnen sich Unternehmen leichter an unterschiedliche regulatorische Umgebungen anpassen und sicherstellen, dass Verpackungsl\u00f6sungen globalen Standards entsprechen.<\/p>\n<p><b>Schlussfolgerung<\/b><\/p>\n<p>Die Konvergenz von ver\u00e4ndertem Verbraucherverhalten, digitaler Transformation und Nachhaltigkeitsanforderungen ver\u00e4ndert den Einzelhandel und die Verpackungsindustrie. Der Point of Sale ist zwar nach wie vor ein wichtiger Ber\u00fchrungspunkt, aber seine Rolle ist nun mit umfassenderen technologischen und betrieblichen Ver\u00e4nderungen verwoben. Durch die Digitalisierung k\u00f6nnen Unternehmen nicht nur das Kundenerlebnis verbessern, sondern auch die Effizienz steigern, Innovationen f\u00f6rdern und zu nachhaltigeren Produktionsverfahren beitragen. Die Zukunft des Einzelhandels und der Verpackung liegt in der Zusammenarbeit, bei der jede Entscheidung fundiert und flexibel ist und sowohl mit den Bed\u00fcrfnissen des Marktes als auch mit der Umweltverantwortung in Einklang steht.<\/p>\n<p style=\"text-align: left;\">F\u00fcr weitere Informationen besuchen Sie uns: <a href=\"http:\/\/www.heidelberg.com\">www.heidelberg.com<\/a><\/p>\n<\/div>\n<\/section>\n<div   class='hr hr-default   avia-builder-el-6  el_after_av_textblock  avia-builder-el-last'><span class='hr-inner' ><span class='hr-inner-style'><\/span><\/span><\/div>\n<\/div>\n<div class=\"av-animated-generic top-to-bottom flex_column av_one_fourth  flex_column_div av-zero-column-padding   avia-builder-el-7  el_after_av_three_fourth  el_before_av_video  column-top-margin\" style='border-radius:0px; '>\n<div  class='avia-image-container  av-styling-    avia-builder-el-8  el_before_av_image  avia-builder-el-first  avia-align-center'  itemprop=\"image\" itemscope=\"itemscope\" itemtype=\"https:\/\/schema.org\/ImageObject\"  >\n<div class='avia-image-container-inner'>\n<div class='avia-image-overlay-wrap'><img decoding=\"async\" width=\"230\" height=\"130\" class='wp-image-271395 avia-img-lazy-loading-not-271395 avia_image' src=\"https:\/\/www.procarton.com\/wp-content\/uploads\/2021\/12\/heidelberg.jpg\" alt='' title='heidelberg'  itemprop=\"thumbnailUrl\" srcset=\"https:\/\/www.procarton.com\/wp-content\/uploads\/2021\/12\/heidelberg.jpg 230w, https:\/\/www.procarton.com\/wp-content\/uploads\/2021\/12\/heidelberg-18x10.jpg 18w\" sizes=\"(max-width: 230px) 100vw, 230px\" \/><\/div>\n<\/div>\n<\/div>\n<div  class='avia-image-container  av-styling-    avia-builder-el-9  el_after_av_image  avia-builder-el-last  avia-align-center'  itemprop=\"image\" itemscope=\"itemscope\" itemtype=\"https:\/\/schema.org\/ImageObject\"  >\n<div class='avia-image-container-inner'>\n<div class='avia-image-overlay-wrap'><img decoding=\"async\" width=\"960\" height=\"470\" class='wp-image-306905 avia-img-lazy-loading-not-306905 avia_image' src=\"https:\/\/www.procarton.com\/wp-content\/uploads\/2025\/09\/Grafik-Anniversary-Magazin-p12-13_182x89.jpg\" alt='' title='Grafik Jubil\u00e4umsmagazin p12-13_182x89'  itemprop=\"thumbnailUrl\" srcset=\"https:\/\/www.procarton.com\/wp-content\/uploads\/2025\/09\/Grafik-Anniversary-Magazin-p12-13_182x89.jpg 960w, https:\/\/www.procarton.com\/wp-content\/uploads\/2025\/09\/Grafik-Anniversary-Magazin-p12-13_182x89-300x147.jpg 300w, https:\/\/www.procarton.com\/wp-content\/uploads\/2025\/09\/Grafik-Anniversary-Magazin-p12-13_182x89-768x376.jpg 768w, https:\/\/www.procarton.com\/wp-content\/uploads\/2025\/09\/Grafik-Anniversary-Magazin-p12-13_182x89-18x9.jpg 18w, https:\/\/www.procarton.com\/wp-content\/uploads\/2025\/09\/Grafik-Anniversary-Magazin-p12-13_182x89-705x345.jpg 705w\" sizes=\"(max-width: 960px) 100vw, 960px\" \/><\/div>\n<\/div>\n<\/div>\n<\/div>\n<div  class='avia-video avia-video-16-9   av-lazyload-immediate  av-lazyload-video-embed'   itemprop=\"video\" itemtype=\"https:\/\/schema.org\/VideoObject\"  data-original_url='https:\/\/www.youtube.com\/watch?v=DZUIlsJrCF4&amp;t=5s' ><script type='text\/html' class='av-video-tmpl'><\/p>\n<div class='avia-iframe-wrap'><iframe loading=\"lazy\" title=\"Celebrating 175 years of Heidelberger Druckmaschinen\" width=\"1500\" height=\"844\" src=\"https:\/\/www.youtube.com\/embed\/DZUIlsJrCF4?start=5&feature=oembed&autoplay=0&loop=0&controls=1&mute=0\" frameborder=\"0\" allow=\"accelerometer; autoplay; clipboard-write; encrypted-media; gyroscope; picture-in-picture; web-share\" referrerpolicy=\"strict-origin-when-cross-origin\" allowfullscreen><\/iframe><\/div>\n<p><\/script><\/p>\n<div class='av-click-to-play-overlay'>\n<div class=\"avia_playpause_icon\"><\/div>\n<\/div>\n<\/div>\n<div  style='height:50px' class='hr hr-invisible   avia-builder-el-11  el_after_av_video  avia-builder-el-last'><span class='hr-inner' ><span class='hr-inner-style'><\/span><\/span><\/div>","protected":false},"excerpt":{"rendered":"<p>Einzelheiten zu den European Carton Excellence Award 2024-Juroren, die die Schachtel des Jahres und die Shortlist-Einreichungen f\u00fcr die Publikumsabstimmung ausw\u00e4hlen<\/p>","protected":false},"author":5916,"featured_media":299838,"parent":300256,"menu_order":8,"comment_status":"closed","ping_status":"closed","template":"templates\/award_details_page.php","meta":{"inline_featured_image":false,"footnotes":""},"class_list":["post-307370","page","type-page","status-publish","has-post-thumbnail","hentry"],"yoast_head":"<!-- This site is optimized with the Yoast SEO plugin v27.3 - https:\/\/yoast.com\/product\/yoast-seo-wordpress\/ -->\n<title>Article of Main Sponsor 2025 - Pro Carton<\/title>\n<meta name=\"description\" content=\"Details of the European Carton Excellence Award 2024 Judges who choose the Carton of the Year and Shortlist Entries for the Public Vote\" \/>\n<meta name=\"robots\" content=\"index, follow, max-snippet:-1, max-image-preview:large, max-video-preview:-1\" \/>\n<link rel=\"canonical\" href=\"https:\/\/www.procarton.com\/de\/awards\/european-carton-excellence-award\/2025-2\/main-sponsor-2025\/\" \/>\n<meta property=\"og:locale\" content=\"de_DE\" \/>\n<meta property=\"og:type\" content=\"article\" \/>\n<meta property=\"og:title\" content=\"Article of Main Sponsor 2025 - Pro Carton\" \/>\n<meta property=\"og:description\" content=\"Details of the European Carton Excellence Award 2024 Judges who choose the Carton of the Year and Shortlist Entries for the Public Vote\" \/>\n<meta property=\"og:url\" content=\"https:\/\/www.procarton.com\/de\/awards\/european-carton-excellence-award\/2025-2\/main-sponsor-2025\/\" \/>\n<meta property=\"og:site_name\" content=\"Pro Carton\" \/>\n<meta property=\"article:publisher\" content=\"https:\/\/www.facebook.com\/procartondesignaward\/\" \/>\n<meta property=\"article:modified_time\" content=\"2025-11-26T15:49:38+00:00\" \/>\n<meta property=\"og:image\" content=\"https:\/\/www.procarton.com\/wp-content\/uploads\/2024\/10\/ecma_gala_19-09-2024_rk_74-1030x685.jpg\" \/>\n\t<meta property=\"og:image:width\" content=\"1030\" \/>\n\t<meta property=\"og:image:height\" content=\"685\" \/>\n\t<meta property=\"og:image:type\" content=\"image\/jpeg\" \/>\n<meta name=\"twitter:card\" content=\"summary_large_image\" \/>\n<meta name=\"twitter:site\" content=\"@pro_carton\" \/>\n<meta name=\"twitter:label1\" content=\"Gesch\u00e4tzte Lesezeit\" \/>\n\t<meta name=\"twitter:data1\" content=\"5\u00a0Minuten\" \/>\n<script type=\"application\/ld+json\" class=\"yoast-schema-graph\">{\"@context\":\"https:\\\/\\\/schema.org\",\"@graph\":[{\"@type\":\"WebPage\",\"@id\":\"https:\\\/\\\/www.procarton.com\\\/awards\\\/european-carton-excellence-award\\\/2025-2\\\/main-sponsor-2025\\\/\",\"url\":\"https:\\\/\\\/www.procarton.com\\\/awards\\\/european-carton-excellence-award\\\/2025-2\\\/main-sponsor-2025\\\/\",\"name\":\"Article of Main Sponsor 2025 - Pro Carton\",\"isPartOf\":{\"@id\":\"https:\\\/\\\/www.procarton.com\\\/es\\\/#website\"},\"primaryImageOfPage\":{\"@id\":\"https:\\\/\\\/www.procarton.com\\\/awards\\\/european-carton-excellence-award\\\/2025-2\\\/main-sponsor-2025\\\/#primaryimage\"},\"image\":{\"@id\":\"https:\\\/\\\/www.procarton.com\\\/awards\\\/european-carton-excellence-award\\\/2025-2\\\/main-sponsor-2025\\\/#primaryimage\"},\"thumbnailUrl\":\"https:\\\/\\\/www.procarton.com\\\/wp-content\\\/uploads\\\/2024\\\/10\\\/ecma_gala_19-09-2024_rk_74.jpg\",\"datePublished\":\"2025-11-26T11:52:25+00:00\",\"dateModified\":\"2025-11-26T15:49:38+00:00\",\"description\":\"Details of the European Carton Excellence Award 2024 Judges who choose the Carton of the Year and Shortlist Entries for the Public Vote\",\"breadcrumb\":{\"@id\":\"https:\\\/\\\/www.procarton.com\\\/awards\\\/european-carton-excellence-award\\\/2025-2\\\/main-sponsor-2025\\\/#breadcrumb\"},\"inLanguage\":\"de\",\"potentialAction\":[{\"@type\":\"ReadAction\",\"target\":[\"https:\\\/\\\/www.procarton.com\\\/awards\\\/european-carton-excellence-award\\\/2025-2\\\/main-sponsor-2025\\\/\"]}]},{\"@type\":\"ImageObject\",\"inLanguage\":\"de\",\"@id\":\"https:\\\/\\\/www.procarton.com\\\/awards\\\/european-carton-excellence-award\\\/2025-2\\\/main-sponsor-2025\\\/#primaryimage\",\"url\":\"https:\\\/\\\/www.procarton.com\\\/wp-content\\\/uploads\\\/2024\\\/10\\\/ecma_gala_19-09-2024_rk_74.jpg\",\"contentUrl\":\"https:\\\/\\\/www.procarton.com\\\/wp-content\\\/uploads\\\/2024\\\/10\\\/ecma_gala_19-09-2024_rk_74.jpg\",\"width\":2048,\"height\":1363,\"caption\":\"WWW.RADOSLAWKAZMIERCZAK.COM\"},{\"@type\":\"BreadcrumbList\",\"@id\":\"https:\\\/\\\/www.procarton.com\\\/awards\\\/european-carton-excellence-award\\\/2025-2\\\/main-sponsor-2025\\\/#breadcrumb\",\"itemListElement\":[{\"@type\":\"ListItem\",\"position\":1,\"name\":\"Home\",\"item\":\"https:\\\/\\\/www.procarton.com\\\/\"},{\"@type\":\"ListItem\",\"position\":2,\"name\":\"Awards\",\"item\":\"https:\\\/\\\/www.procarton.com\\\/awards\\\/\"},{\"@type\":\"ListItem\",\"position\":3,\"name\":\"European Carton Excellence Award\",\"item\":\"https:\\\/\\\/www.procarton.com\\\/awards\\\/european-carton-excellence-award\\\/\"},{\"@type\":\"ListItem\",\"position\":4,\"name\":\"2025\",\"item\":\"https:\\\/\\\/www.procarton.com\\\/awards\\\/european-carton-excellence-award\\\/2025-2\\\/\"},{\"@type\":\"ListItem\",\"position\":5,\"name\":\"Article of Main Sponsor 2025\"}]},{\"@type\":\"WebSite\",\"@id\":\"https:\\\/\\\/www.procarton.com\\\/es\\\/#website\",\"url\":\"https:\\\/\\\/www.procarton.com\\\/es\\\/\",\"name\":\"Pro Carton\",\"description\":\"\",\"publisher\":{\"@id\":\"https:\\\/\\\/www.procarton.com\\\/es\\\/#organization\"},\"potentialAction\":[{\"@type\":\"SearchAction\",\"target\":{\"@type\":\"EntryPoint\",\"urlTemplate\":\"https:\\\/\\\/www.procarton.com\\\/es\\\/?s={search_term_string}\"},\"query-input\":{\"@type\":\"PropertyValueSpecification\",\"valueRequired\":true,\"valueName\":\"search_term_string\"}}],\"inLanguage\":\"de\"},{\"@type\":\"Organization\",\"@id\":\"https:\\\/\\\/www.procarton.com\\\/es\\\/#organization\",\"name\":\"ProCarton\",\"url\":\"https:\\\/\\\/www.procarton.com\\\/es\\\/\",\"logo\":{\"@type\":\"ImageObject\",\"inLanguage\":\"de\",\"@id\":\"https:\\\/\\\/www.procarton.com\\\/es\\\/#\\\/schema\\\/logo\\\/image\\\/\",\"url\":\"https:\\\/\\\/www.procarton.com\\\/wp-content\\\/uploads\\\/2022\\\/06\\\/logo-mit-slogan.jpg\",\"contentUrl\":\"https:\\\/\\\/www.procarton.com\\\/wp-content\\\/uploads\\\/2022\\\/06\\\/logo-mit-slogan.jpg\",\"width\":422,\"height\":519,\"caption\":\"ProCarton\"},\"image\":{\"@id\":\"https:\\\/\\\/www.procarton.com\\\/es\\\/#\\\/schema\\\/logo\\\/image\\\/\"},\"sameAs\":[\"https:\\\/\\\/www.facebook.com\\\/procartondesignaward\\\/\",\"https:\\\/\\\/x.com\\\/pro_carton\"]}]}<\/script>\n<!-- \/ Yoast SEO plugin. -->","yoast_head_json":{"title":"Artikel des Hauptsponsors 2025 - Pro Carton","description":"Einzelheiten zu den European Carton Excellence Award 2024-Juroren, die die Schachtel des Jahres und die Shortlist-Einreichungen f\u00fcr die Publikumsabstimmung ausw\u00e4hlen","robots":{"index":"index","follow":"follow","max-snippet":"max-snippet:-1","max-image-preview":"max-image-preview:large","max-video-preview":"max-video-preview:-1"},"canonical":"https:\/\/www.procarton.com\/de\/awards\/european-carton-excellence-award\/2025-2\/main-sponsor-2025\/","og_locale":"de_DE","og_type":"article","og_title":"Article of Main Sponsor 2025 - Pro Carton","og_description":"Details of the European Carton Excellence Award 2024 Judges who choose the Carton of the Year and Shortlist Entries for the Public Vote","og_url":"https:\/\/www.procarton.com\/de\/awards\/european-carton-excellence-award\/2025-2\/main-sponsor-2025\/","og_site_name":"Pro Carton","article_publisher":"https:\/\/www.facebook.com\/procartondesignaward\/","article_modified_time":"2025-11-26T15:49:38+00:00","og_image":[{"width":1030,"height":685,"url":"https:\/\/www.procarton.com\/wp-content\/uploads\/2024\/10\/ecma_gala_19-09-2024_rk_74-1030x685.jpg","type":"image\/jpeg"}],"twitter_card":"summary_large_image","twitter_site":"@pro_carton","twitter_misc":{"Gesch\u00e4tzte Lesezeit":"5\u00a0Minuten"},"schema":{"@context":"https:\/\/schema.org","@graph":[{"@type":"WebPage","@id":"https:\/\/www.procarton.com\/awards\/european-carton-excellence-award\/2025-2\/main-sponsor-2025\/","url":"https:\/\/www.procarton.com\/awards\/european-carton-excellence-award\/2025-2\/main-sponsor-2025\/","name":"Artikel des Hauptsponsors 2025 - Pro Carton","isPartOf":{"@id":"https:\/\/www.procarton.com\/es\/#website"},"primaryImageOfPage":{"@id":"https:\/\/www.procarton.com\/awards\/european-carton-excellence-award\/2025-2\/main-sponsor-2025\/#primaryimage"},"image":{"@id":"https:\/\/www.procarton.com\/awards\/european-carton-excellence-award\/2025-2\/main-sponsor-2025\/#primaryimage"},"thumbnailUrl":"https:\/\/www.procarton.com\/wp-content\/uploads\/2024\/10\/ecma_gala_19-09-2024_rk_74.jpg","datePublished":"2025-11-26T11:52:25+00:00","dateModified":"2025-11-26T15:49:38+00:00","description":"Einzelheiten zu den European Carton Excellence Award 2024-Juroren, die die Schachtel des Jahres und die Shortlist-Einreichungen f\u00fcr die Publikumsabstimmung ausw\u00e4hlen","breadcrumb":{"@id":"https:\/\/www.procarton.com\/awards\/european-carton-excellence-award\/2025-2\/main-sponsor-2025\/#breadcrumb"},"inLanguage":"de","potentialAction":[{"@type":"ReadAction","target":["https:\/\/www.procarton.com\/awards\/european-carton-excellence-award\/2025-2\/main-sponsor-2025\/"]}]},{"@type":"ImageObject","inLanguage":"de","@id":"https:\/\/www.procarton.com\/awards\/european-carton-excellence-award\/2025-2\/main-sponsor-2025\/#primaryimage","url":"https:\/\/www.procarton.com\/wp-content\/uploads\/2024\/10\/ecma_gala_19-09-2024_rk_74.jpg","contentUrl":"https:\/\/www.procarton.com\/wp-content\/uploads\/2024\/10\/ecma_gala_19-09-2024_rk_74.jpg","width":2048,"height":1363,"caption":"WWW.RADOSLAWKAZMIERCZAK.COM"},{"@type":"BreadcrumbList","@id":"https:\/\/www.procarton.com\/awards\/european-carton-excellence-award\/2025-2\/main-sponsor-2025\/#breadcrumb","itemListElement":[{"@type":"ListItem","position":1,"name":"Home","item":"https:\/\/www.procarton.com\/"},{"@type":"ListItem","position":2,"name":"Awards","item":"https:\/\/www.procarton.com\/awards\/"},{"@type":"ListItem","position":3,"name":"European Carton Excellence Award","item":"https:\/\/www.procarton.com\/awards\/european-carton-excellence-award\/"},{"@type":"ListItem","position":4,"name":"2025","item":"https:\/\/www.procarton.com\/awards\/european-carton-excellence-award\/2025-2\/"},{"@type":"ListItem","position":5,"name":"Article of Main Sponsor 2025"}]},{"@type":"WebSite","@id":"https:\/\/www.procarton.com\/es\/#website","url":"https:\/\/www.procarton.com\/es\/","name":"Pro Carton","description":"","publisher":{"@id":"https:\/\/www.procarton.com\/es\/#organization"},"potentialAction":[{"@type":"SearchAction","target":{"@type":"EntryPoint","urlTemplate":"https:\/\/www.procarton.com\/es\/?s={search_term_string}"},"query-input":{"@type":"PropertyValueSpecification","valueRequired":true,"valueName":"search_term_string"}}],"inLanguage":"de"},{"@type":"Organization","@id":"https:\/\/www.procarton.com\/es\/#organization","name":"ProCarton","url":"https:\/\/www.procarton.com\/es\/","logo":{"@type":"ImageObject","inLanguage":"de","@id":"https:\/\/www.procarton.com\/es\/#\/schema\/logo\/image\/","url":"https:\/\/www.procarton.com\/wp-content\/uploads\/2022\/06\/logo-mit-slogan.jpg","contentUrl":"https:\/\/www.procarton.com\/wp-content\/uploads\/2022\/06\/logo-mit-slogan.jpg","width":422,"height":519,"caption":"ProCarton"},"image":{"@id":"https:\/\/www.procarton.com\/es\/#\/schema\/logo\/image\/"},"sameAs":["https:\/\/www.facebook.com\/procartondesignaward\/","https:\/\/x.com\/pro_carton"]}]}},"_links":{"self":[{"href":"https:\/\/www.procarton.com\/de\/wp-json\/wp\/v2\/pages\/307370","targetHints":{"allow":["GET"]}}],"collection":[{"href":"https:\/\/www.procarton.com\/de\/wp-json\/wp\/v2\/pages"}],"about":[{"href":"https:\/\/www.procarton.com\/de\/wp-json\/wp\/v2\/types\/page"}],"author":[{"embeddable":true,"href":"https:\/\/www.procarton.com\/de\/wp-json\/wp\/v2\/users\/5916"}],"replies":[{"embeddable":true,"href":"https:\/\/www.procarton.com\/de\/wp-json\/wp\/v2\/comments?post=307370"}],"version-history":[{"count":4,"href":"https:\/\/www.procarton.com\/de\/wp-json\/wp\/v2\/pages\/307370\/revisions"}],"predecessor-version":[{"id":307377,"href":"https:\/\/www.procarton.com\/de\/wp-json\/wp\/v2\/pages\/307370\/revisions\/307377"}],"up":[{"embeddable":true,"href":"https:\/\/www.procarton.com\/de\/wp-json\/wp\/v2\/pages\/300256"}],"wp:featuredmedia":[{"embeddable":true,"href":"https:\/\/www.procarton.com\/de\/wp-json\/wp\/v2\/media\/299838"}],"wp:attachment":[{"href":"https:\/\/www.procarton.com\/de\/wp-json\/wp\/v2\/media?parent=307370"}],"curies":[{"name":"wp","href":"https:\/\/api.w.org\/{rel}","templated":true}]}}