{"id":307323,"date":"2025-11-20T15:04:57","date_gmt":"2025-11-20T15:04:57","guid":{"rendered":"https:\/\/www.procarton.com\/?page_id=307323"},"modified":"2025-11-20T15:21:12","modified_gmt":"2025-11-20T15:21:12","slug":"different-types-of-cartonboard","status":"publish","type":"page","link":"https:\/\/www.procarton.com\/de\/activities\/cepi-cartonboard\/different-types-of-cartonboard\/","title":{"rendered":"Verschiedene Kartonsorten"},"content":{"rendered":"<div class=\"av-animated-generic top-to-bottom flex_column av_three_fourth  flex_column_div av-zero-column-padding first  avia-builder-el-0  el_before_av_one_fourth  avia-builder-el-first\" style='border-radius:0px; '>\n<section class=\"av_textblock_section\"  itemscope=\"itemscope\" itemtype=\"https:\/\/schema.org\/CreativeWork\" >\n<div class='avia_textblock'   itemprop=\"text\" >\n<p>Es gibt viele verschiedene Kartonsorten, aber in diesem Abschnitt finden Sie Diagramme, die die vier Grundtypen zeigen. Sie alle k\u00f6nnen in verschiedenen Gewichten (Grammaturen) und Dicken hergestellt werden. Sie k\u00f6nnen auch mit verschiedenen Chemikalien behandelt werden, um eine Reihe von Eigenschaften wie Feuchtigkeits- und Fettsperren zu verbessern. Au\u00dferdem k\u00f6nnen sie mit einer Reihe von Beschichtungen versehen werden, um Karton herzustellen, der in \u00d6fen, Mikrowellen und anderen Spezialverpackungen verwendet werden kann. Sie k\u00f6nnen auch mit Metallfolie kaschiert werden, um das Aussehen des Endprodukts zu verbessern. Die Links auf der linken Seite f\u00fchren Sie zu den verschiedenen Kartonsorten.<\/p>\n<\/div>\n<\/section>\n<div  class='avia-image-container  av-styling-    avia-builder-el-2  el_after_av_textblock  el_before_av_image  avia-align-center'  itemprop=\"image\" itemscope=\"itemscope\" itemtype=\"https:\/\/schema.org\/ImageObject\"  >\n<div class='avia-image-container-inner'>\n<div class='avia-image-overlay-wrap'><img decoding=\"async\" width=\"800\" height=\"884\" class='wp-image-307324 avia-img-lazy-loading-not-307324 avia_image' src=\"https:\/\/www.procarton.com\/wp-content\/uploads\/2025\/11\/SUB.jpeg\" alt='' title='SUB'  itemprop=\"thumbnailUrl\" srcset=\"https:\/\/www.procarton.com\/wp-content\/uploads\/2025\/11\/SUB.jpeg 800w, https:\/\/www.procarton.com\/wp-content\/uploads\/2025\/11\/SUB-271x300.jpeg 271w, https:\/\/www.procarton.com\/wp-content\/uploads\/2025\/11\/SUB-768x849.jpeg 768w, https:\/\/www.procarton.com\/wp-content\/uploads\/2025\/11\/SUB-11x12.jpeg 11w, https:\/\/www.procarton.com\/wp-content\/uploads\/2025\/11\/SUB-638x705.jpeg 638w\" sizes=\"(max-width: 800px) 100vw, 800px\" \/><\/div>\n<\/div>\n<\/div>\n<div  class='avia-image-container  av-styling-    avia-builder-el-3  el_after_av_image  el_before_av_image  avia-align-center'  itemprop=\"image\" itemscope=\"itemscope\" itemtype=\"https:\/\/schema.org\/ImageObject\"  >\n<div class='avia-image-container-inner'>\n<div class='avia-image-overlay-wrap'><img decoding=\"async\" width=\"796\" height=\"878\" class='wp-image-307325 avia-img-lazy-loading-not-307325 avia_image' src=\"https:\/\/www.procarton.com\/wp-content\/uploads\/2025\/11\/SBB.jpeg\" alt='' title='SBB'  itemprop=\"thumbnailUrl\" srcset=\"https:\/\/www.procarton.com\/wp-content\/uploads\/2025\/11\/SBB.jpeg 796w, https:\/\/www.procarton.com\/wp-content\/uploads\/2025\/11\/SBB-272x300.jpeg 272w, https:\/\/www.procarton.com\/wp-content\/uploads\/2025\/11\/SBB-768x847.jpeg 768w, https:\/\/www.procarton.com\/wp-content\/uploads\/2025\/11\/SBB-11x12.jpeg 11w, https:\/\/www.procarton.com\/wp-content\/uploads\/2025\/11\/SBB-639x705.jpeg 639w\" sizes=\"(max-width: 796px) 100vw, 796px\" \/><\/div>\n<\/div>\n<\/div>\n<div  class='avia-image-container  av-styling-    avia-builder-el-4  el_after_av_image  el_before_av_image  avia-align-center'  itemprop=\"image\" itemscope=\"itemscope\" itemtype=\"https:\/\/schema.org\/ImageObject\"  >\n<div class='avia-image-container-inner'>\n<div class='avia-image-overlay-wrap'><img decoding=\"async\" width=\"796\" height=\"869\" class='wp-image-307326 avia-img-lazy-loading-not-307326 avia_image' src=\"https:\/\/www.procarton.com\/wp-content\/uploads\/2025\/11\/FBB.jpeg\" alt='' title='FBB'  itemprop=\"thumbnailUrl\" srcset=\"https:\/\/www.procarton.com\/wp-content\/uploads\/2025\/11\/FBB.jpeg 796w, https:\/\/www.procarton.com\/wp-content\/uploads\/2025\/11\/FBB-275x300.jpeg 275w, https:\/\/www.procarton.com\/wp-content\/uploads\/2025\/11\/FBB-768x838.jpeg 768w, https:\/\/www.procarton.com\/wp-content\/uploads\/2025\/11\/FBB-11x12.jpeg 11w, https:\/\/www.procarton.com\/wp-content\/uploads\/2025\/11\/FBB-646x705.jpeg 646w\" sizes=\"(max-width: 796px) 100vw, 796px\" \/><\/div>\n<\/div>\n<\/div>\n<div  class='avia-image-container  av-styling-    avia-builder-el-5  el_after_av_image  avia-builder-el-last  avia-align-center'  itemprop=\"image\" itemscope=\"itemscope\" itemtype=\"https:\/\/schema.org\/ImageObject\"  >\n<div class='avia-image-container-inner'>\n<div class='avia-image-overlay-wrap'><img decoding=\"async\" width=\"800\" height=\"918\" class='wp-image-307327 avia-img-lazy-loading-not-307327 avia_image' src=\"https:\/\/www.procarton.com\/wp-content\/uploads\/2025\/11\/WLC.jpeg\" alt='' title='WLC'  itemprop=\"thumbnailUrl\" srcset=\"https:\/\/www.procarton.com\/wp-content\/uploads\/2025\/11\/WLC.jpeg 800w, https:\/\/www.procarton.com\/wp-content\/uploads\/2025\/11\/WLC-261x300.jpeg 261w, https:\/\/www.procarton.com\/wp-content\/uploads\/2025\/11\/WLC-768x881.jpeg 768w, https:\/\/www.procarton.com\/wp-content\/uploads\/2025\/11\/WLC-10x12.jpeg 10w, https:\/\/www.procarton.com\/wp-content\/uploads\/2025\/11\/WLC-614x705.jpeg 614w\" sizes=\"(max-width: 800px) 100vw, 800px\" \/><\/div>\n<\/div>\n<\/div>\n<\/div>\n<div class=\"av-animated-generic top-to-bottom flex_column av_one_fourth  flex_column_div av-zero-column-padding   avia-builder-el-6  el_after_av_three_fourth  avia-builder-el-last\" style='border-radius:0px; '>\n<div  class='avia-image-container  av-styling-    avia-builder-el-7  el_before_av_image  avia-builder-el-first  avia-align-center'  itemprop=\"image\" itemscope=\"itemscope\" itemtype=\"https:\/\/schema.org\/ImageObject\"  >\n<div class='avia-image-container-inner'>\n<div class='avia-image-overlay-wrap'><img decoding=\"async\" width=\"600\" height=\"202\" class='wp-image-274643 avia-img-lazy-loading-not-274643 avia_image' src=\"https:\/\/www.procarton.com\/wp-content\/uploads\/2022\/02\/Holmen-Iggesund-Workington-Mill-Biomass-Boiler.jpg\" alt='' title='Holmen Iggesund Workington Mill Biomassekessel'  itemprop=\"thumbnailUrl\" srcset=\"https:\/\/www.procarton.com\/wp-content\/uploads\/2022\/02\/Holmen-Iggesund-Workington-Mill-Biomass-Boiler.jpg 600w, https:\/\/www.procarton.com\/wp-content\/uploads\/2022\/02\/Holmen-Iggesund-Workington-Mill-Biomass-Boiler-300x101.jpg 300w, https:\/\/www.procarton.com\/wp-content\/uploads\/2022\/02\/Holmen-Iggesund-Workington-Mill-Biomass-Boiler-18x6.jpg 18w\" sizes=\"(max-width: 600px) 100vw, 600px\" \/><\/div>\n<\/div>\n<\/div>\n<div  class='avia-image-container  av-styling-    avia-builder-el-8  el_after_av_image  avia-builder-el-last  avia-align-center'  itemprop=\"image\" itemscope=\"itemscope\" itemtype=\"https:\/\/schema.org\/ImageObject\"  >\n<div class='avia-image-container-inner'>\n<div class='avia-image-overlay-wrap'><img decoding=\"async\" width=\"500\" height=\"364\" class='wp-image-277247 avia-img-lazy-loading-not-277247 avia_image' src=\"https:\/\/www.procarton.com\/wp-content\/uploads\/2022\/05\/Husum-Mill.jpg\" alt='' title='Husumer Fabriek'  itemprop=\"thumbnailUrl\" srcset=\"https:\/\/www.procarton.com\/wp-content\/uploads\/2022\/05\/Husum-Mill.jpg 500w, https:\/\/www.procarton.com\/wp-content\/uploads\/2022\/05\/Husum-Mill-300x218.jpg 300w, https:\/\/www.procarton.com\/wp-content\/uploads\/2022\/05\/Husum-Mill-16x12.jpg 16w\" sizes=\"(max-width: 500px) 100vw, 500px\" \/><\/div>\n<\/div>\n<\/div>\n<\/div>","protected":false},"excerpt":{"rendered":"","protected":false},"author":5916,"featured_media":264885,"parent":307280,"menu_order":1,"comment_status":"closed","ping_status":"closed","template":"","meta":{"inline_featured_image":false,"footnotes":""},"class_list":["post-307323","page","type-page","status-publish","has-post-thumbnail","hentry"],"yoast_head":"<!-- This site is optimized with the Yoast SEO plugin v27.4 - https:\/\/yoast.com\/product\/yoast-seo-wordpress\/ -->\n<title>Different types of Cartonboard - Pro Carton<\/title>\n<meta name=\"robots\" content=\"index, follow, max-snippet:-1, max-image-preview:large, max-video-preview:-1\" \/>\n<link rel=\"canonical\" href=\"https:\/\/www.procarton.com\/de\/activities\/cepi-cartonboard\/different-types-of-cartonboard\/\" \/>\n<meta property=\"og:locale\" content=\"de_DE\" \/>\n<meta property=\"og:type\" content=\"article\" \/>\n<meta property=\"og:title\" content=\"Different types of Cartonboard - Pro Carton\" \/>\n<meta property=\"og:url\" content=\"https:\/\/www.procarton.com\/de\/activities\/cepi-cartonboard\/different-types-of-cartonboard\/\" \/>\n<meta property=\"og:site_name\" content=\"Pro Carton\" \/>\n<meta property=\"article:publisher\" content=\"https:\/\/www.facebook.com\/procartondesignaward\/\" \/>\n<meta property=\"article:modified_time\" content=\"2025-11-20T15:21:12+00:00\" \/>\n<meta property=\"og:image\" content=\"https:\/\/www.procarton.com\/wp-content\/uploads\/2021\/11\/Credit-to-Iggesund-Paperboard-and-photographer-Rolf-Lavergren-Art00287-6-scaled.jpg\" \/>\n\t<meta property=\"og:image:width\" content=\"2560\" \/>\n\t<meta property=\"og:image:height\" content=\"1324\" \/>\n\t<meta property=\"og:image:type\" content=\"image\/jpeg\" \/>\n<meta name=\"twitter:card\" content=\"summary_large_image\" \/>\n<meta name=\"twitter:site\" content=\"@pro_carton\" \/>\n<meta name=\"twitter:label1\" content=\"Gesch\u00e4tzte Lesezeit\" \/>\n\t<meta name=\"twitter:data1\" content=\"2\u00a0Minuten\" \/>\n<script type=\"application\/ld+json\" class=\"yoast-schema-graph\">{\"@context\":\"https:\\\/\\\/schema.org\",\"@graph\":[{\"@type\":\"WebPage\",\"@id\":\"https:\\\/\\\/www.procarton.com\\\/activities\\\/cepi-cartonboard\\\/different-types-of-cartonboard\\\/\",\"url\":\"https:\\\/\\\/www.procarton.com\\\/activities\\\/cepi-cartonboard\\\/different-types-of-cartonboard\\\/\",\"name\":\"Different types of Cartonboard - Pro Carton\",\"isPartOf\":{\"@id\":\"https:\\\/\\\/www.procarton.com\\\/es\\\/#website\"},\"primaryImageOfPage\":{\"@id\":\"https:\\\/\\\/www.procarton.com\\\/activities\\\/cepi-cartonboard\\\/different-types-of-cartonboard\\\/#primaryimage\"},\"image\":{\"@id\":\"https:\\\/\\\/www.procarton.com\\\/activities\\\/cepi-cartonboard\\\/different-types-of-cartonboard\\\/#primaryimage\"},\"thumbnailUrl\":\"https:\\\/\\\/www.procarton.com\\\/wp-content\\\/uploads\\\/2021\\\/11\\\/Credit-to-Iggesund-Paperboard-and-photographer-Rolf-Lavergren-Art00287-6-scaled.jpg\",\"datePublished\":\"2025-11-20T15:04:57+00:00\",\"dateModified\":\"2025-11-20T15:21:12+00:00\",\"breadcrumb\":{\"@id\":\"https:\\\/\\\/www.procarton.com\\\/activities\\\/cepi-cartonboard\\\/different-types-of-cartonboard\\\/#breadcrumb\"},\"inLanguage\":\"de\",\"potentialAction\":[{\"@type\":\"ReadAction\",\"target\":[\"https:\\\/\\\/www.procarton.com\\\/activities\\\/cepi-cartonboard\\\/different-types-of-cartonboard\\\/\"]}]},{\"@type\":\"ImageObject\",\"inLanguage\":\"de\",\"@id\":\"https:\\\/\\\/www.procarton.com\\\/activities\\\/cepi-cartonboard\\\/different-types-of-cartonboard\\\/#primaryimage\",\"url\":\"https:\\\/\\\/www.procarton.com\\\/wp-content\\\/uploads\\\/2021\\\/11\\\/Credit-to-Iggesund-Paperboard-and-photographer-Rolf-Lavergren-Art00287-6-scaled.jpg\",\"contentUrl\":\"https:\\\/\\\/www.procarton.com\\\/wp-content\\\/uploads\\\/2021\\\/11\\\/Credit-to-Iggesund-Paperboard-and-photographer-Rolf-Lavergren-Art00287-6-scaled.jpg\",\"width\":2560,\"height\":1324,\"caption\":\"Reels Workington mill Workington mill - man at board machine\"},{\"@type\":\"BreadcrumbList\",\"@id\":\"https:\\\/\\\/www.procarton.com\\\/activities\\\/cepi-cartonboard\\\/different-types-of-cartonboard\\\/#breadcrumb\",\"itemListElement\":[{\"@type\":\"ListItem\",\"position\":1,\"name\":\"Home\",\"item\":\"https:\\\/\\\/www.procarton.com\\\/\"},{\"@type\":\"ListItem\",\"position\":2,\"name\":\"Activities\",\"item\":\"https:\\\/\\\/www.procarton.com\\\/activities\\\/\"},{\"@type\":\"ListItem\",\"position\":3,\"name\":\"CEPI Cartonboard\",\"item\":\"https:\\\/\\\/www.procarton.com\\\/activities\\\/cepi-cartonboard\\\/\"},{\"@type\":\"ListItem\",\"position\":4,\"name\":\"Different types of Cartonboard\"}]},{\"@type\":\"WebSite\",\"@id\":\"https:\\\/\\\/www.procarton.com\\\/es\\\/#website\",\"url\":\"https:\\\/\\\/www.procarton.com\\\/es\\\/\",\"name\":\"Pro Carton\",\"description\":\"\",\"publisher\":{\"@id\":\"https:\\\/\\\/www.procarton.com\\\/es\\\/#organization\"},\"potentialAction\":[{\"@type\":\"SearchAction\",\"target\":{\"@type\":\"EntryPoint\",\"urlTemplate\":\"https:\\\/\\\/www.procarton.com\\\/es\\\/?s={search_term_string}\"},\"query-input\":{\"@type\":\"PropertyValueSpecification\",\"valueRequired\":true,\"valueName\":\"search_term_string\"}}],\"inLanguage\":\"de\"},{\"@type\":\"Organization\",\"@id\":\"https:\\\/\\\/www.procarton.com\\\/es\\\/#organization\",\"name\":\"ProCarton\",\"url\":\"https:\\\/\\\/www.procarton.com\\\/es\\\/\",\"logo\":{\"@type\":\"ImageObject\",\"inLanguage\":\"de\",\"@id\":\"https:\\\/\\\/www.procarton.com\\\/es\\\/#\\\/schema\\\/logo\\\/image\\\/\",\"url\":\"https:\\\/\\\/www.procarton.com\\\/wp-content\\\/uploads\\\/2022\\\/06\\\/logo-mit-slogan.jpg\",\"contentUrl\":\"https:\\\/\\\/www.procarton.com\\\/wp-content\\\/uploads\\\/2022\\\/06\\\/logo-mit-slogan.jpg\",\"width\":422,\"height\":519,\"caption\":\"ProCarton\"},\"image\":{\"@id\":\"https:\\\/\\\/www.procarton.com\\\/es\\\/#\\\/schema\\\/logo\\\/image\\\/\"},\"sameAs\":[\"https:\\\/\\\/www.facebook.com\\\/procartondesignaward\\\/\",\"https:\\\/\\\/x.com\\\/pro_carton\"]}]}<\/script>\n<!-- \/ Yoast SEO plugin. -->","yoast_head_json":{"title":"Verschiedene Kartonsorten - Pro Carton","robots":{"index":"index","follow":"follow","max-snippet":"max-snippet:-1","max-image-preview":"max-image-preview:large","max-video-preview":"max-video-preview:-1"},"canonical":"https:\/\/www.procarton.com\/de\/activities\/cepi-cartonboard\/different-types-of-cartonboard\/","og_locale":"de_DE","og_type":"article","og_title":"Different types of Cartonboard - Pro Carton","og_url":"https:\/\/www.procarton.com\/de\/activities\/cepi-cartonboard\/different-types-of-cartonboard\/","og_site_name":"Pro Carton","article_publisher":"https:\/\/www.facebook.com\/procartondesignaward\/","article_modified_time":"2025-11-20T15:21:12+00:00","og_image":[{"width":2560,"height":1324,"url":"https:\/\/www.procarton.com\/wp-content\/uploads\/2021\/11\/Credit-to-Iggesund-Paperboard-and-photographer-Rolf-Lavergren-Art00287-6-scaled.jpg","type":"image\/jpeg"}],"twitter_card":"summary_large_image","twitter_site":"@pro_carton","twitter_misc":{"Gesch\u00e4tzte Lesezeit":"2\u00a0Minuten"},"schema":{"@context":"https:\/\/schema.org","@graph":[{"@type":"WebPage","@id":"https:\/\/www.procarton.com\/activities\/cepi-cartonboard\/different-types-of-cartonboard\/","url":"https:\/\/www.procarton.com\/activities\/cepi-cartonboard\/different-types-of-cartonboard\/","name":"Verschiedene Kartonsorten - Pro Carton","isPartOf":{"@id":"https:\/\/www.procarton.com\/es\/#website"},"primaryImageOfPage":{"@id":"https:\/\/www.procarton.com\/activities\/cepi-cartonboard\/different-types-of-cartonboard\/#primaryimage"},"image":{"@id":"https:\/\/www.procarton.com\/activities\/cepi-cartonboard\/different-types-of-cartonboard\/#primaryimage"},"thumbnailUrl":"https:\/\/www.procarton.com\/wp-content\/uploads\/2021\/11\/Credit-to-Iggesund-Paperboard-and-photographer-Rolf-Lavergren-Art00287-6-scaled.jpg","datePublished":"2025-11-20T15:04:57+00:00","dateModified":"2025-11-20T15:21:12+00:00","breadcrumb":{"@id":"https:\/\/www.procarton.com\/activities\/cepi-cartonboard\/different-types-of-cartonboard\/#breadcrumb"},"inLanguage":"de","potentialAction":[{"@type":"ReadAction","target":["https:\/\/www.procarton.com\/activities\/cepi-cartonboard\/different-types-of-cartonboard\/"]}]},{"@type":"ImageObject","inLanguage":"de","@id":"https:\/\/www.procarton.com\/activities\/cepi-cartonboard\/different-types-of-cartonboard\/#primaryimage","url":"https:\/\/www.procarton.com\/wp-content\/uploads\/2021\/11\/Credit-to-Iggesund-Paperboard-and-photographer-Rolf-Lavergren-Art00287-6-scaled.jpg","contentUrl":"https:\/\/www.procarton.com\/wp-content\/uploads\/2021\/11\/Credit-to-Iggesund-Paperboard-and-photographer-Rolf-Lavergren-Art00287-6-scaled.jpg","width":2560,"height":1324,"caption":"Reels Workington mill Workington mill - man at board machine"},{"@type":"BreadcrumbList","@id":"https:\/\/www.procarton.com\/activities\/cepi-cartonboard\/different-types-of-cartonboard\/#breadcrumb","itemListElement":[{"@type":"ListItem","position":1,"name":"Home","item":"https:\/\/www.procarton.com\/"},{"@type":"ListItem","position":2,"name":"Activities","item":"https:\/\/www.procarton.com\/activities\/"},{"@type":"ListItem","position":3,"name":"CEPI Cartonboard","item":"https:\/\/www.procarton.com\/activities\/cepi-cartonboard\/"},{"@type":"ListItem","position":4,"name":"Different types of Cartonboard"}]},{"@type":"WebSite","@id":"https:\/\/www.procarton.com\/es\/#website","url":"https:\/\/www.procarton.com\/es\/","name":"Pro Carton","description":"","publisher":{"@id":"https:\/\/www.procarton.com\/es\/#organization"},"potentialAction":[{"@type":"SearchAction","target":{"@type":"EntryPoint","urlTemplate":"https:\/\/www.procarton.com\/es\/?s={search_term_string}"},"query-input":{"@type":"PropertyValueSpecification","valueRequired":true,"valueName":"search_term_string"}}],"inLanguage":"de"},{"@type":"Organization","@id":"https:\/\/www.procarton.com\/es\/#organization","name":"ProCarton","url":"https:\/\/www.procarton.com\/es\/","logo":{"@type":"ImageObject","inLanguage":"de","@id":"https:\/\/www.procarton.com\/es\/#\/schema\/logo\/image\/","url":"https:\/\/www.procarton.com\/wp-content\/uploads\/2022\/06\/logo-mit-slogan.jpg","contentUrl":"https:\/\/www.procarton.com\/wp-content\/uploads\/2022\/06\/logo-mit-slogan.jpg","width":422,"height":519,"caption":"ProCarton"},"image":{"@id":"https:\/\/www.procarton.com\/es\/#\/schema\/logo\/image\/"},"sameAs":["https:\/\/www.facebook.com\/procartondesignaward\/","https:\/\/x.com\/pro_carton"]}]}},"_links":{"self":[{"href":"https:\/\/www.procarton.com\/de\/wp-json\/wp\/v2\/pages\/307323","targetHints":{"allow":["GET"]}}],"collection":[{"href":"https:\/\/www.procarton.com\/de\/wp-json\/wp\/v2\/pages"}],"about":[{"href":"https:\/\/www.procarton.com\/de\/wp-json\/wp\/v2\/types\/page"}],"author":[{"embeddable":true,"href":"https:\/\/www.procarton.com\/de\/wp-json\/wp\/v2\/users\/5916"}],"replies":[{"embeddable":true,"href":"https:\/\/www.procarton.com\/de\/wp-json\/wp\/v2\/comments?post=307323"}],"version-history":[{"count":3,"href":"https:\/\/www.procarton.com\/de\/wp-json\/wp\/v2\/pages\/307323\/revisions"}],"predecessor-version":[{"id":307339,"href":"https:\/\/www.procarton.com\/de\/wp-json\/wp\/v2\/pages\/307323\/revisions\/307339"}],"up":[{"embeddable":true,"href":"https:\/\/www.procarton.com\/de\/wp-json\/wp\/v2\/pages\/307280"}],"wp:featuredmedia":[{"embeddable":true,"href":"https:\/\/www.procarton.com\/de\/wp-json\/wp\/v2\/media\/264885"}],"wp:attachment":[{"href":"https:\/\/www.procarton.com\/de\/wp-json\/wp\/v2\/media?parent=307323"}],"curies":[{"name":"wp","href":"https:\/\/api.w.org\/{rel}","templated":true}]}}