{"id":307285,"date":"2025-11-20T15:04:50","date_gmt":"2025-11-20T15:04:50","guid":{"rendered":"https:\/\/www.procarton.com\/?page_id=307285"},"modified":"2025-11-20T15:18:25","modified_gmt":"2025-11-20T15:18:25","slug":"cartonboard-production","status":"publish","type":"page","link":"https:\/\/www.procarton.com\/de\/activities\/cepi-cartonboard\/cartonboard-production\/","title":{"rendered":"Karton-Produktion"},"content":{"rendered":"<div class=\"av-animated-generic top-to-bottom flex_column av_three_fourth  flex_column_div av-zero-column-padding first  avia-builder-el-0  el_before_av_one_fourth  avia-builder-el-first\" style='border-radius:0px; '>\n<section class=\"av_textblock_section\"  itemscope=\"itemscope\" itemtype=\"https:\/\/schema.org\/CreativeWork\" >\n<div class='avia_textblock'   itemprop=\"text\" >\n<p><strong>Rohmaterialien<\/strong><\/p>\n<p>Karton wird aus Zellulosefasern hergestellt, die entweder aus Holz oder durch die Wiederverwendung von Altpapier oder Altpapier gewonnen werden. Es kann eine Kombination aus beidem verwendet werden, und es gibt verschiedene Arten von Fasern, die unterschiedliche Eigenschaften aufweisen.<\/p>\n<p>Zellstoff wird entweder mechanisch oder chemisch aus Durchforstungsholz und S\u00e4gewerksabf\u00e4llen hergestellt, so dass die gr\u00f6\u00dferen B\u00e4ume zu Schnittholz f\u00fcr Bau- und M\u00f6belzwecke ausreifen k\u00f6nnen. Der gesamte von den Pro Carton-Mitgliedsunternehmen verwendete Zellstoff wird aus Holz aus zertifizierten W\u00e4ldern hergestellt. In bewirtschafteten W\u00e4ldern werden mehr B\u00e4ume gepflanzt als gef\u00e4llt, so dass eine wachsende und unendlich erneuerbare Rohstoffbasis gew\u00e4hrleistet ist.<\/p>\n<p>Altfasern oder Altpapier werden in ganz Europa so nah wie m\u00f6glich an der Verwendungsstelle gesammelt, um den Transport zu reduzieren. Alle Arten von Papier, Karton und Verpackungen k\u00f6nnen verwendet werden, und nach der Sortierung werden die Ballen mit den Altpapierfasern an die Kartonfabriken zur Verwendung geliefert. Es wird gesch\u00e4tzt, dass Papier- und Kartonfasern bis zu sieben Mal verwendet werden k\u00f6nnen. In Europa werden etwa 46% Karton aus Zellstoff hergestellt, der Rest von 54% wird aus Altpapier oder Altfasern gewonnen.<\/p>\n<p><strong>Kartonherstellung<\/strong><\/p>\n<p>Am Anfang des Produktionsprozesses steht der Aufbereitungsbereich. Hier werden die Fasern, entweder in Form von Zellstoff oder Altpapier, in gro\u00dfen Hydrapulpern mit Wasser vermischt, bis eine sehr feine Suspension entsteht. Diese wird dann gereinigt, um eventuelle Verunreinigungen zu entfernen, zur Erh\u00f6hung der Festigkeit veredelt und dann zur Kartonmaschine gepumpt, wo der Karton hergestellt wird.<\/p>\n<p>Das Faser-Wasser-Gemisch aus der Aufbereitungsanlage wird in die Kartonmaschine gepumpt, und dieses sehr d\u00fcnne Gemisch wird auf mehrere sich kontinuierlich bewegende Drahtgitter gelegt. W\u00e4hrend das Wasser durch die Maschen abl\u00e4uft, beginnen die Fasern zu \u2018erstarren\u2019, und dann werden die einzelnen Bl\u00e4tter zu einer durchgehenden Kartonbahn zusammengef\u00fchrt. Diese wird dann von gro\u00dfen Walzen gepresst, um mehr Wasser herauszudr\u00fccken, und anschlie\u00dfend \u00fcber dampfbeheizte Zylinder gef\u00fchrt, um weiteres Wasser zu verdampfen.<\/p>\n<p>Wenn der Karton den erforderlichen Feuchtigkeitsgehalt erreicht hat, werden der Kartonoberfl\u00e4che bis zu drei Strichschichten - vorwiegend aus Ton und Kreide - hinzugef\u00fcgt. Diese Beschichtungen verbessern die Gl\u00e4tte und den Glanz und sind erforderlich, um die hohe Druckqualit\u00e4t zu erreichen, die auf Kartons ben\u00f6tigt wird.<\/p>\n<p>Der gesamte Prozess wird innerhalb sehr enger Toleranzen computergesteuert, um eine gleichbleibende Qualit\u00e4t zu gew\u00e4hrleisten. Nach der Herstellung des Kartons wird dieser in den Veredelungsbereich transportiert, wo er je nach Kundenwunsch entweder in kleinere Rollen oder, was h\u00e4ufiger vorkommt, in B\u00f6gen auf Paletten geschnitten wird.<\/p>\n<p><strong>Kartonveredelung<\/strong><\/p>\n<p>Nachdem der Karton am Ende der Maschine zu gro\u00dfen Rollen aufgewickelt wurde, muss er in ein Format umgewandelt werden, das Druckereien und Otter-Kunden verwenden k\u00f6nnen. Der Gro\u00dfteil des Kartons wird in B\u00f6gen auf Paletten verkauft, aber er wird auch zu kleineren Rollen aufgewickelt, die dann an die Kunden versandt werden, die direkt von den Rollen drucken.<\/p>\n<\/div>\n<\/section>\n<\/div>\n<div class=\"av-animated-generic top-to-bottom flex_column av_one_fourth  flex_column_div av-zero-column-padding   avia-builder-el-2  el_after_av_three_fourth  avia-builder-el-last\" style='border-radius:0px; '>\n<div  class='avia-image-container  av-styling-    avia-builder-el-3  el_before_av_image  avia-builder-el-first  avia-align-center'  itemprop=\"image\" itemscope=\"itemscope\" itemtype=\"https:\/\/schema.org\/ImageObject\"  >\n<div class='avia-image-container-inner'>\n<div class='avia-image-overlay-wrap'><img decoding=\"async\" width=\"600\" height=\"202\" class='wp-image-274643 avia-img-lazy-loading-not-274643 avia_image' src=\"https:\/\/www.procarton.com\/wp-content\/uploads\/2022\/02\/Holmen-Iggesund-Workington-Mill-Biomass-Boiler.jpg\" alt='' title='Holmen Iggesund Workington Mill Biomassekessel'  itemprop=\"thumbnailUrl\" srcset=\"https:\/\/www.procarton.com\/wp-content\/uploads\/2022\/02\/Holmen-Iggesund-Workington-Mill-Biomass-Boiler.jpg 600w, https:\/\/www.procarton.com\/wp-content\/uploads\/2022\/02\/Holmen-Iggesund-Workington-Mill-Biomass-Boiler-300x101.jpg 300w, https:\/\/www.procarton.com\/wp-content\/uploads\/2022\/02\/Holmen-Iggesund-Workington-Mill-Biomass-Boiler-18x6.jpg 18w\" sizes=\"(max-width: 600px) 100vw, 600px\" \/><\/div>\n<\/div>\n<\/div>\n<div  class='avia-image-container  av-styling-    avia-builder-el-4  el_after_av_image  avia-builder-el-last  avia-align-center'  itemprop=\"image\" itemscope=\"itemscope\" itemtype=\"https:\/\/schema.org\/ImageObject\"  >\n<div class='avia-image-container-inner'>\n<div class='avia-image-overlay-wrap'><img decoding=\"async\" width=\"500\" height=\"364\" class='wp-image-277247 avia-img-lazy-loading-not-277247 avia_image' src=\"https:\/\/www.procarton.com\/wp-content\/uploads\/2022\/05\/Husum-Mill.jpg\" alt='' title='Husumer Fabriek'  itemprop=\"thumbnailUrl\" srcset=\"https:\/\/www.procarton.com\/wp-content\/uploads\/2022\/05\/Husum-Mill.jpg 500w, https:\/\/www.procarton.com\/wp-content\/uploads\/2022\/05\/Husum-Mill-300x218.jpg 300w, https:\/\/www.procarton.com\/wp-content\/uploads\/2022\/05\/Husum-Mill-16x12.jpg 16w\" sizes=\"(max-width: 500px) 100vw, 500px\" \/><\/div>\n<\/div>\n<\/div>\n<\/div>","protected":false},"excerpt":{"rendered":"","protected":false},"author":5916,"featured_media":264882,"parent":307280,"menu_order":0,"comment_status":"closed","ping_status":"closed","template":"","meta":{"inline_featured_image":false,"footnotes":""},"class_list":["post-307285","page","type-page","status-publish","has-post-thumbnail","hentry"],"yoast_head":"<!-- This site is optimized with the Yoast SEO plugin v27.4 - https:\/\/yoast.com\/product\/yoast-seo-wordpress\/ -->\n<title>Cartonboard Production - Pro Carton<\/title>\n<meta name=\"robots\" content=\"index, follow, max-snippet:-1, max-image-preview:large, max-video-preview:-1\" \/>\n<link rel=\"canonical\" href=\"https:\/\/www.procarton.com\/de\/activities\/cepi-cartonboard\/cartonboard-production\/\" \/>\n<meta property=\"og:locale\" content=\"de_DE\" \/>\n<meta property=\"og:type\" content=\"article\" \/>\n<meta property=\"og:title\" content=\"Cartonboard Production - Pro Carton\" \/>\n<meta property=\"og:url\" content=\"https:\/\/www.procarton.com\/de\/activities\/cepi-cartonboard\/cartonboard-production\/\" \/>\n<meta property=\"og:site_name\" content=\"Pro Carton\" \/>\n<meta property=\"article:publisher\" content=\"https:\/\/www.facebook.com\/procartondesignaward\/\" \/>\n<meta property=\"article:modified_time\" content=\"2025-11-20T15:18:25+00:00\" \/>\n<meta property=\"og:image\" content=\"https:\/\/www.procarton.com\/wp-content\/uploads\/2021\/11\/shutterstock_1303166527-1030x687.jpg\" \/>\n\t<meta property=\"og:image:width\" content=\"1030\" \/>\n\t<meta property=\"og:image:height\" content=\"687\" \/>\n\t<meta property=\"og:image:type\" content=\"image\/jpeg\" \/>\n<meta name=\"twitter:card\" content=\"summary_large_image\" \/>\n<meta name=\"twitter:site\" content=\"@pro_carton\" \/>\n<meta name=\"twitter:label1\" content=\"Gesch\u00e4tzte Lesezeit\" \/>\n\t<meta name=\"twitter:data1\" content=\"4\u00a0Minuten\" \/>\n<script type=\"application\/ld+json\" class=\"yoast-schema-graph\">{\"@context\":\"https:\\\/\\\/schema.org\",\"@graph\":[{\"@type\":\"WebPage\",\"@id\":\"https:\\\/\\\/www.procarton.com\\\/activities\\\/cepi-cartonboard\\\/cartonboard-production\\\/\",\"url\":\"https:\\\/\\\/www.procarton.com\\\/activities\\\/cepi-cartonboard\\\/cartonboard-production\\\/\",\"name\":\"Cartonboard Production - Pro Carton\",\"isPartOf\":{\"@id\":\"https:\\\/\\\/www.procarton.com\\\/es\\\/#website\"},\"primaryImageOfPage\":{\"@id\":\"https:\\\/\\\/www.procarton.com\\\/activities\\\/cepi-cartonboard\\\/cartonboard-production\\\/#primaryimage\"},\"image\":{\"@id\":\"https:\\\/\\\/www.procarton.com\\\/activities\\\/cepi-cartonboard\\\/cartonboard-production\\\/#primaryimage\"},\"thumbnailUrl\":\"https:\\\/\\\/www.procarton.com\\\/wp-content\\\/uploads\\\/2021\\\/11\\\/shutterstock_1303166527-scaled.jpg\",\"datePublished\":\"2025-11-20T15:04:50+00:00\",\"dateModified\":\"2025-11-20T15:18:25+00:00\",\"breadcrumb\":{\"@id\":\"https:\\\/\\\/www.procarton.com\\\/activities\\\/cepi-cartonboard\\\/cartonboard-production\\\/#breadcrumb\"},\"inLanguage\":\"de\",\"potentialAction\":[{\"@type\":\"ReadAction\",\"target\":[\"https:\\\/\\\/www.procarton.com\\\/activities\\\/cepi-cartonboard\\\/cartonboard-production\\\/\"]}]},{\"@type\":\"ImageObject\",\"inLanguage\":\"de\",\"@id\":\"https:\\\/\\\/www.procarton.com\\\/activities\\\/cepi-cartonboard\\\/cartonboard-production\\\/#primaryimage\",\"url\":\"https:\\\/\\\/www.procarton.com\\\/wp-content\\\/uploads\\\/2021\\\/11\\\/shutterstock_1303166527-scaled.jpg\",\"contentUrl\":\"https:\\\/\\\/www.procarton.com\\\/wp-content\\\/uploads\\\/2021\\\/11\\\/shutterstock_1303166527-scaled.jpg\",\"width\":2560,\"height\":1707},{\"@type\":\"BreadcrumbList\",\"@id\":\"https:\\\/\\\/www.procarton.com\\\/activities\\\/cepi-cartonboard\\\/cartonboard-production\\\/#breadcrumb\",\"itemListElement\":[{\"@type\":\"ListItem\",\"position\":1,\"name\":\"Home\",\"item\":\"https:\\\/\\\/www.procarton.com\\\/\"},{\"@type\":\"ListItem\",\"position\":2,\"name\":\"Activities\",\"item\":\"https:\\\/\\\/www.procarton.com\\\/activities\\\/\"},{\"@type\":\"ListItem\",\"position\":3,\"name\":\"CEPI Cartonboard\",\"item\":\"https:\\\/\\\/www.procarton.com\\\/activities\\\/cepi-cartonboard\\\/\"},{\"@type\":\"ListItem\",\"position\":4,\"name\":\"Cartonboard Production\"}]},{\"@type\":\"WebSite\",\"@id\":\"https:\\\/\\\/www.procarton.com\\\/es\\\/#website\",\"url\":\"https:\\\/\\\/www.procarton.com\\\/es\\\/\",\"name\":\"Pro Carton\",\"description\":\"\",\"publisher\":{\"@id\":\"https:\\\/\\\/www.procarton.com\\\/es\\\/#organization\"},\"potentialAction\":[{\"@type\":\"SearchAction\",\"target\":{\"@type\":\"EntryPoint\",\"urlTemplate\":\"https:\\\/\\\/www.procarton.com\\\/es\\\/?s={search_term_string}\"},\"query-input\":{\"@type\":\"PropertyValueSpecification\",\"valueRequired\":true,\"valueName\":\"search_term_string\"}}],\"inLanguage\":\"de\"},{\"@type\":\"Organization\",\"@id\":\"https:\\\/\\\/www.procarton.com\\\/es\\\/#organization\",\"name\":\"ProCarton\",\"url\":\"https:\\\/\\\/www.procarton.com\\\/es\\\/\",\"logo\":{\"@type\":\"ImageObject\",\"inLanguage\":\"de\",\"@id\":\"https:\\\/\\\/www.procarton.com\\\/es\\\/#\\\/schema\\\/logo\\\/image\\\/\",\"url\":\"https:\\\/\\\/www.procarton.com\\\/wp-content\\\/uploads\\\/2022\\\/06\\\/logo-mit-slogan.jpg\",\"contentUrl\":\"https:\\\/\\\/www.procarton.com\\\/wp-content\\\/uploads\\\/2022\\\/06\\\/logo-mit-slogan.jpg\",\"width\":422,\"height\":519,\"caption\":\"ProCarton\"},\"image\":{\"@id\":\"https:\\\/\\\/www.procarton.com\\\/es\\\/#\\\/schema\\\/logo\\\/image\\\/\"},\"sameAs\":[\"https:\\\/\\\/www.facebook.com\\\/procartondesignaward\\\/\",\"https:\\\/\\\/x.com\\\/pro_carton\"]}]}<\/script>\n<!-- \/ Yoast SEO plugin. -->","yoast_head_json":{"title":"Kartonherstellung - Pro Carton","robots":{"index":"index","follow":"follow","max-snippet":"max-snippet:-1","max-image-preview":"max-image-preview:large","max-video-preview":"max-video-preview:-1"},"canonical":"https:\/\/www.procarton.com\/de\/activities\/cepi-cartonboard\/cartonboard-production\/","og_locale":"de_DE","og_type":"article","og_title":"Cartonboard Production - Pro Carton","og_url":"https:\/\/www.procarton.com\/de\/activities\/cepi-cartonboard\/cartonboard-production\/","og_site_name":"Pro Carton","article_publisher":"https:\/\/www.facebook.com\/procartondesignaward\/","article_modified_time":"2025-11-20T15:18:25+00:00","og_image":[{"width":1030,"height":687,"url":"https:\/\/www.procarton.com\/wp-content\/uploads\/2021\/11\/shutterstock_1303166527-1030x687.jpg","type":"image\/jpeg"}],"twitter_card":"summary_large_image","twitter_site":"@pro_carton","twitter_misc":{"Gesch\u00e4tzte Lesezeit":"4\u00a0Minuten"},"schema":{"@context":"https:\/\/schema.org","@graph":[{"@type":"WebPage","@id":"https:\/\/www.procarton.com\/activities\/cepi-cartonboard\/cartonboard-production\/","url":"https:\/\/www.procarton.com\/activities\/cepi-cartonboard\/cartonboard-production\/","name":"Kartonherstellung - Pro Carton","isPartOf":{"@id":"https:\/\/www.procarton.com\/es\/#website"},"primaryImageOfPage":{"@id":"https:\/\/www.procarton.com\/activities\/cepi-cartonboard\/cartonboard-production\/#primaryimage"},"image":{"@id":"https:\/\/www.procarton.com\/activities\/cepi-cartonboard\/cartonboard-production\/#primaryimage"},"thumbnailUrl":"https:\/\/www.procarton.com\/wp-content\/uploads\/2021\/11\/shutterstock_1303166527-scaled.jpg","datePublished":"2025-11-20T15:04:50+00:00","dateModified":"2025-11-20T15:18:25+00:00","breadcrumb":{"@id":"https:\/\/www.procarton.com\/activities\/cepi-cartonboard\/cartonboard-production\/#breadcrumb"},"inLanguage":"de","potentialAction":[{"@type":"ReadAction","target":["https:\/\/www.procarton.com\/activities\/cepi-cartonboard\/cartonboard-production\/"]}]},{"@type":"ImageObject","inLanguage":"de","@id":"https:\/\/www.procarton.com\/activities\/cepi-cartonboard\/cartonboard-production\/#primaryimage","url":"https:\/\/www.procarton.com\/wp-content\/uploads\/2021\/11\/shutterstock_1303166527-scaled.jpg","contentUrl":"https:\/\/www.procarton.com\/wp-content\/uploads\/2021\/11\/shutterstock_1303166527-scaled.jpg","width":2560,"height":1707},{"@type":"BreadcrumbList","@id":"https:\/\/www.procarton.com\/activities\/cepi-cartonboard\/cartonboard-production\/#breadcrumb","itemListElement":[{"@type":"ListItem","position":1,"name":"Home","item":"https:\/\/www.procarton.com\/"},{"@type":"ListItem","position":2,"name":"Activities","item":"https:\/\/www.procarton.com\/activities\/"},{"@type":"ListItem","position":3,"name":"CEPI Cartonboard","item":"https:\/\/www.procarton.com\/activities\/cepi-cartonboard\/"},{"@type":"ListItem","position":4,"name":"Cartonboard Production"}]},{"@type":"WebSite","@id":"https:\/\/www.procarton.com\/es\/#website","url":"https:\/\/www.procarton.com\/es\/","name":"Pro Carton","description":"","publisher":{"@id":"https:\/\/www.procarton.com\/es\/#organization"},"potentialAction":[{"@type":"SearchAction","target":{"@type":"EntryPoint","urlTemplate":"https:\/\/www.procarton.com\/es\/?s={search_term_string}"},"query-input":{"@type":"PropertyValueSpecification","valueRequired":true,"valueName":"search_term_string"}}],"inLanguage":"de"},{"@type":"Organization","@id":"https:\/\/www.procarton.com\/es\/#organization","name":"ProCarton","url":"https:\/\/www.procarton.com\/es\/","logo":{"@type":"ImageObject","inLanguage":"de","@id":"https:\/\/www.procarton.com\/es\/#\/schema\/logo\/image\/","url":"https:\/\/www.procarton.com\/wp-content\/uploads\/2022\/06\/logo-mit-slogan.jpg","contentUrl":"https:\/\/www.procarton.com\/wp-content\/uploads\/2022\/06\/logo-mit-slogan.jpg","width":422,"height":519,"caption":"ProCarton"},"image":{"@id":"https:\/\/www.procarton.com\/es\/#\/schema\/logo\/image\/"},"sameAs":["https:\/\/www.facebook.com\/procartondesignaward\/","https:\/\/x.com\/pro_carton"]}]}},"_links":{"self":[{"href":"https:\/\/www.procarton.com\/de\/wp-json\/wp\/v2\/pages\/307285","targetHints":{"allow":["GET"]}}],"collection":[{"href":"https:\/\/www.procarton.com\/de\/wp-json\/wp\/v2\/pages"}],"about":[{"href":"https:\/\/www.procarton.com\/de\/wp-json\/wp\/v2\/types\/page"}],"author":[{"embeddable":true,"href":"https:\/\/www.procarton.com\/de\/wp-json\/wp\/v2\/users\/5916"}],"replies":[{"embeddable":true,"href":"https:\/\/www.procarton.com\/de\/wp-json\/wp\/v2\/comments?post=307285"}],"version-history":[{"count":2,"href":"https:\/\/www.procarton.com\/de\/wp-json\/wp\/v2\/pages\/307285\/revisions"}],"predecessor-version":[{"id":307338,"href":"https:\/\/www.procarton.com\/de\/wp-json\/wp\/v2\/pages\/307285\/revisions\/307338"}],"up":[{"embeddable":true,"href":"https:\/\/www.procarton.com\/de\/wp-json\/wp\/v2\/pages\/307280"}],"wp:featuredmedia":[{"embeddable":true,"href":"https:\/\/www.procarton.com\/de\/wp-json\/wp\/v2\/media\/264882"}],"wp:attachment":[{"href":"https:\/\/www.procarton.com\/de\/wp-json\/wp\/v2\/media?parent=307285"}],"curies":[{"name":"wp","href":"https:\/\/api.w.org\/{rel}","templated":true}]}}