{"id":307280,"date":"2025-11-20T15:04:41","date_gmt":"2025-11-20T15:04:41","guid":{"rendered":"https:\/\/www.procarton.com\/?page_id=307280"},"modified":"2025-11-21T12:09:51","modified_gmt":"2025-11-21T12:09:51","slug":"cepi-cartonboard","status":"publish","type":"page","link":"https:\/\/www.procarton.com\/de\/activities\/cepi-cartonboard\/","title":{"rendered":"CEPI-Karton"},"content":{"rendered":"<div class=\"av-animated-generic top-to-bottom flex_column av_three_fourth  flex_column_div av-zero-column-padding first  avia-builder-el-0  el_before_av_one_fourth  avia-builder-el-first\" style='border-radius:0px; '>\n<section class=\"av_textblock_section\"  itemscope=\"itemscope\" itemtype=\"https:\/\/schema.org\/CreativeWork\" >\n<div class='avia_textblock'   itemprop=\"text\" >\n<p>CEPI Cartonboard ist der europ\u00e4ische Verband der Kartonhersteller, der seit 2025 mit Pro Carton fusioniert ist. Er hat Mitglieder in 10 L\u00e4ndern und vertritt Kartonfabriken, die gebleichten Sulfitkarton (SBB oder GZ), ungebleichten Sulfatkarton (SUB), Faltschachtelkarton (UC &amp; GC) und wei\u00df gestrichenen Karton (GD, GT &amp; UD) herstellen. Insgesamt repr\u00e4sentiert CEPI Cartonboard Mills, deren Gesamtkapazit\u00e4t \u00fcber 95% der gesamten europ\u00e4ischen Kapazit\u00e4t f\u00fcr diese Sorten betr\u00e4gt.<\/p>\n<p>Die CEPI Cartonboard bietet nicht nur detaillierte Dienstleistungen f\u00fcr ihre Mitglieder, sondern auch Hintergrundinformationen f\u00fcr Interessierte, Daten \u00fcber die M\u00e4rkte, auf denen sie t\u00e4tig ist, sowie weitere Fakten, Zahlen und interessante Informationen. Die Produkte der CEPI Cartonboard-Mitglieder werden in erster Linie auf dem Markt f\u00fcr Kartonverpackungen eingesetzt, decken aber auch eine breite Palette von grafischen Anwendungen ab.<\/p>\n<p><em><strong>F\u00fcr weitere Informationen siehe unten:<\/strong><\/em><\/p>\n<\/div>\n<\/section>\n<div  class='avia-buttonrow-wrap avia-buttonrow-center   avia-builder-el-2  el_after_av_textblock  avia-builder-el-last'>\n<a href='https:\/\/www.procarton.com\/activities\/cepi-cartonboard\/different-types-of-cartonboard\/'  class='avia-button  avia-color-theme-color  avia-icon_select-no avia-size-small'  style='margin-bottom:5px; margin-left:3px; margin-right:3px; ' ><span class='avia_iconbox_title' >Verschiedene Kartonsorten<\/span><\/a><br \/>\n<a href='https:\/\/www.procarton.com\/activities\/cepi-cartonboard\/cartonboard-production\/'  class='avia-button  avia-color-theme-color  avia-icon_select-no avia-size-small'  style='margin-bottom:5px; margin-left:3px; margin-right:3px; ' ><span class='avia_iconbox_title' >Karton-Produktion<\/span><\/a><br \/>\n<a href='https:\/\/www.procarton.com\/statistics\/'  class='avia-button  avia-color-theme-color  avia-icon_select-no avia-size-small'  style='margin-bottom:5px; margin-left:3px; margin-right:3px; ' ><span class='avia_iconbox_title' >Marktstatistiken<\/span><\/a>\n<\/div>\n<\/div>\n<div class=\"av-animated-generic top-to-bottom flex_column av_one_fourth  flex_column_div av-zero-column-padding   avia-builder-el-3  el_after_av_three_fourth  avia-builder-el-last\" style='border-radius:0px; '>\n<div  class='avia-image-container  av-styling-    avia-builder-el-4  avia-builder-el-no-sibling  avia-align-center'  itemprop=\"image\" itemscope=\"itemscope\" itemtype=\"https:\/\/schema.org\/ImageObject\"  >\n<div class='avia-image-container-inner'>\n<div class='avia-image-overlay-wrap'><img decoding=\"async\" width=\"401\" height=\"267\" class='wp-image-263899 avia-img-lazy-loading-not-263899 avia_image' src=\"https:\/\/www.procarton.com\/wp-content\/uploads\/2021\/10\/Tree-Seedling-for-Sustainable-Forest-Managemen-t-Page-e1668089273641.jpg\" alt='' title='Baumsetzlinge f\u00fcr die nachhaltige Waldbewirtschaftung Seite'  itemprop=\"thumbnailUrl\" srcset=\"https:\/\/www.procarton.com\/wp-content\/uploads\/2021\/10\/Tree-Seedling-for-Sustainable-Forest-Managemen-t-Page-e1668089273641.jpg 401w, https:\/\/www.procarton.com\/wp-content\/uploads\/2021\/10\/Tree-Seedling-for-Sustainable-Forest-Managemen-t-Page-e1668089273641-300x200.jpg 300w, https:\/\/www.procarton.com\/wp-content\/uploads\/2021\/10\/Tree-Seedling-for-Sustainable-Forest-Managemen-t-Page-e1668089273641-18x12.jpg 18w\" sizes=\"(max-width: 401px) 100vw, 401px\" \/><\/div>\n<\/div>\n<\/div>\n<\/div>","protected":false},"excerpt":{"rendered":"","protected":false},"author":5916,"featured_media":263899,"parent":155,"menu_order":1,"comment_status":"closed","ping_status":"closed","template":"","meta":{"inline_featured_image":false,"footnotes":""},"class_list":["post-307280","page","type-page","status-publish","has-post-thumbnail","hentry"],"yoast_head":"<!-- This site is optimized with the Yoast SEO plugin v27.4 - https:\/\/yoast.com\/product\/yoast-seo-wordpress\/ -->\n<title>CEPI Cartonboard - Pro Carton<\/title>\n<meta name=\"robots\" content=\"index, follow, max-snippet:-1, max-image-preview:large, max-video-preview:-1\" \/>\n<link rel=\"canonical\" href=\"https:\/\/www.procarton.com\/de\/activities\/cepi-cartonboard\/\" \/>\n<meta property=\"og:locale\" content=\"de_DE\" \/>\n<meta property=\"og:type\" content=\"article\" \/>\n<meta property=\"og:title\" content=\"CEPI Cartonboard - Pro Carton\" \/>\n<meta property=\"og:url\" content=\"https:\/\/www.procarton.com\/de\/activities\/cepi-cartonboard\/\" \/>\n<meta property=\"og:site_name\" content=\"Pro Carton\" \/>\n<meta property=\"article:publisher\" content=\"https:\/\/www.facebook.com\/procartondesignaward\/\" \/>\n<meta property=\"article:modified_time\" content=\"2025-11-21T12:09:51+00:00\" \/>\n<meta property=\"og:image\" content=\"https:\/\/www.procarton.com\/wp-content\/uploads\/2021\/10\/Tree-Seedling-for-Sustainable-Forest-Managemen-t-Page-e1668089273641.jpg\" \/>\n\t<meta property=\"og:image:width\" content=\"401\" \/>\n\t<meta property=\"og:image:height\" content=\"267\" \/>\n\t<meta property=\"og:image:type\" content=\"image\/jpeg\" \/>\n<meta name=\"twitter:card\" content=\"summary_large_image\" \/>\n<meta name=\"twitter:site\" content=\"@pro_carton\" \/>\n<meta name=\"twitter:label1\" content=\"Gesch\u00e4tzte Lesezeit\" \/>\n\t<meta name=\"twitter:data1\" content=\"3\u00a0Minuten\" \/>\n<script type=\"application\/ld+json\" class=\"yoast-schema-graph\">{\"@context\":\"https:\\\/\\\/schema.org\",\"@graph\":[{\"@type\":\"WebPage\",\"@id\":\"https:\\\/\\\/www.procarton.com\\\/activities\\\/cepi-cartonboard\\\/\",\"url\":\"https:\\\/\\\/www.procarton.com\\\/activities\\\/cepi-cartonboard\\\/\",\"name\":\"CEPI Cartonboard - Pro Carton\",\"isPartOf\":{\"@id\":\"https:\\\/\\\/www.procarton.com\\\/es\\\/#website\"},\"primaryImageOfPage\":{\"@id\":\"https:\\\/\\\/www.procarton.com\\\/activities\\\/cepi-cartonboard\\\/#primaryimage\"},\"image\":{\"@id\":\"https:\\\/\\\/www.procarton.com\\\/activities\\\/cepi-cartonboard\\\/#primaryimage\"},\"thumbnailUrl\":\"https:\\\/\\\/www.procarton.com\\\/wp-content\\\/uploads\\\/2021\\\/10\\\/Tree-Seedling-for-Sustainable-Forest-Managemen-t-Page-e1668089273641.jpg\",\"datePublished\":\"2025-11-20T15:04:41+00:00\",\"dateModified\":\"2025-11-21T12:09:51+00:00\",\"breadcrumb\":{\"@id\":\"https:\\\/\\\/www.procarton.com\\\/activities\\\/cepi-cartonboard\\\/#breadcrumb\"},\"inLanguage\":\"de\",\"potentialAction\":[{\"@type\":\"ReadAction\",\"target\":[\"https:\\\/\\\/www.procarton.com\\\/activities\\\/cepi-cartonboard\\\/\"]}]},{\"@type\":\"ImageObject\",\"inLanguage\":\"de\",\"@id\":\"https:\\\/\\\/www.procarton.com\\\/activities\\\/cepi-cartonboard\\\/#primaryimage\",\"url\":\"https:\\\/\\\/www.procarton.com\\\/wp-content\\\/uploads\\\/2021\\\/10\\\/Tree-Seedling-for-Sustainable-Forest-Managemen-t-Page-e1668089273641.jpg\",\"contentUrl\":\"https:\\\/\\\/www.procarton.com\\\/wp-content\\\/uploads\\\/2021\\\/10\\\/Tree-Seedling-for-Sustainable-Forest-Managemen-t-Page-e1668089273641.jpg\",\"width\":401,\"height\":267},{\"@type\":\"BreadcrumbList\",\"@id\":\"https:\\\/\\\/www.procarton.com\\\/activities\\\/cepi-cartonboard\\\/#breadcrumb\",\"itemListElement\":[{\"@type\":\"ListItem\",\"position\":1,\"name\":\"Home\",\"item\":\"https:\\\/\\\/www.procarton.com\\\/\"},{\"@type\":\"ListItem\",\"position\":2,\"name\":\"Activities\",\"item\":\"https:\\\/\\\/www.procarton.com\\\/activities\\\/\"},{\"@type\":\"ListItem\",\"position\":3,\"name\":\"CEPI Cartonboard\"}]},{\"@type\":\"WebSite\",\"@id\":\"https:\\\/\\\/www.procarton.com\\\/es\\\/#website\",\"url\":\"https:\\\/\\\/www.procarton.com\\\/es\\\/\",\"name\":\"Pro Carton\",\"description\":\"\",\"publisher\":{\"@id\":\"https:\\\/\\\/www.procarton.com\\\/es\\\/#organization\"},\"potentialAction\":[{\"@type\":\"SearchAction\",\"target\":{\"@type\":\"EntryPoint\",\"urlTemplate\":\"https:\\\/\\\/www.procarton.com\\\/es\\\/?s={search_term_string}\"},\"query-input\":{\"@type\":\"PropertyValueSpecification\",\"valueRequired\":true,\"valueName\":\"search_term_string\"}}],\"inLanguage\":\"de\"},{\"@type\":\"Organization\",\"@id\":\"https:\\\/\\\/www.procarton.com\\\/es\\\/#organization\",\"name\":\"ProCarton\",\"url\":\"https:\\\/\\\/www.procarton.com\\\/es\\\/\",\"logo\":{\"@type\":\"ImageObject\",\"inLanguage\":\"de\",\"@id\":\"https:\\\/\\\/www.procarton.com\\\/es\\\/#\\\/schema\\\/logo\\\/image\\\/\",\"url\":\"https:\\\/\\\/www.procarton.com\\\/wp-content\\\/uploads\\\/2022\\\/06\\\/logo-mit-slogan.jpg\",\"contentUrl\":\"https:\\\/\\\/www.procarton.com\\\/wp-content\\\/uploads\\\/2022\\\/06\\\/logo-mit-slogan.jpg\",\"width\":422,\"height\":519,\"caption\":\"ProCarton\"},\"image\":{\"@id\":\"https:\\\/\\\/www.procarton.com\\\/es\\\/#\\\/schema\\\/logo\\\/image\\\/\"},\"sameAs\":[\"https:\\\/\\\/www.facebook.com\\\/procartondesignaward\\\/\",\"https:\\\/\\\/x.com\\\/pro_carton\"]}]}<\/script>\n<!-- \/ Yoast SEO plugin. -->","yoast_head_json":{"title":"CEPI-Karton - Pro Carton","robots":{"index":"index","follow":"follow","max-snippet":"max-snippet:-1","max-image-preview":"max-image-preview:large","max-video-preview":"max-video-preview:-1"},"canonical":"https:\/\/www.procarton.com\/de\/activities\/cepi-cartonboard\/","og_locale":"de_DE","og_type":"article","og_title":"CEPI Cartonboard - Pro Carton","og_url":"https:\/\/www.procarton.com\/de\/activities\/cepi-cartonboard\/","og_site_name":"Pro Carton","article_publisher":"https:\/\/www.facebook.com\/procartondesignaward\/","article_modified_time":"2025-11-21T12:09:51+00:00","og_image":[{"width":401,"height":267,"url":"https:\/\/www.procarton.com\/wp-content\/uploads\/2021\/10\/Tree-Seedling-for-Sustainable-Forest-Managemen-t-Page-e1668089273641.jpg","type":"image\/jpeg"}],"twitter_card":"summary_large_image","twitter_site":"@pro_carton","twitter_misc":{"Gesch\u00e4tzte Lesezeit":"3\u00a0Minuten"},"schema":{"@context":"https:\/\/schema.org","@graph":[{"@type":"WebPage","@id":"https:\/\/www.procarton.com\/activities\/cepi-cartonboard\/","url":"https:\/\/www.procarton.com\/activities\/cepi-cartonboard\/","name":"CEPI-Karton - Pro Carton","isPartOf":{"@id":"https:\/\/www.procarton.com\/es\/#website"},"primaryImageOfPage":{"@id":"https:\/\/www.procarton.com\/activities\/cepi-cartonboard\/#primaryimage"},"image":{"@id":"https:\/\/www.procarton.com\/activities\/cepi-cartonboard\/#primaryimage"},"thumbnailUrl":"https:\/\/www.procarton.com\/wp-content\/uploads\/2021\/10\/Tree-Seedling-for-Sustainable-Forest-Managemen-t-Page-e1668089273641.jpg","datePublished":"2025-11-20T15:04:41+00:00","dateModified":"2025-11-21T12:09:51+00:00","breadcrumb":{"@id":"https:\/\/www.procarton.com\/activities\/cepi-cartonboard\/#breadcrumb"},"inLanguage":"de","potentialAction":[{"@type":"ReadAction","target":["https:\/\/www.procarton.com\/activities\/cepi-cartonboard\/"]}]},{"@type":"ImageObject","inLanguage":"de","@id":"https:\/\/www.procarton.com\/activities\/cepi-cartonboard\/#primaryimage","url":"https:\/\/www.procarton.com\/wp-content\/uploads\/2021\/10\/Tree-Seedling-for-Sustainable-Forest-Managemen-t-Page-e1668089273641.jpg","contentUrl":"https:\/\/www.procarton.com\/wp-content\/uploads\/2021\/10\/Tree-Seedling-for-Sustainable-Forest-Managemen-t-Page-e1668089273641.jpg","width":401,"height":267},{"@type":"BreadcrumbList","@id":"https:\/\/www.procarton.com\/activities\/cepi-cartonboard\/#breadcrumb","itemListElement":[{"@type":"ListItem","position":1,"name":"Home","item":"https:\/\/www.procarton.com\/"},{"@type":"ListItem","position":2,"name":"Activities","item":"https:\/\/www.procarton.com\/activities\/"},{"@type":"ListItem","position":3,"name":"CEPI Cartonboard"}]},{"@type":"WebSite","@id":"https:\/\/www.procarton.com\/es\/#website","url":"https:\/\/www.procarton.com\/es\/","name":"Pro Carton","description":"","publisher":{"@id":"https:\/\/www.procarton.com\/es\/#organization"},"potentialAction":[{"@type":"SearchAction","target":{"@type":"EntryPoint","urlTemplate":"https:\/\/www.procarton.com\/es\/?s={search_term_string}"},"query-input":{"@type":"PropertyValueSpecification","valueRequired":true,"valueName":"search_term_string"}}],"inLanguage":"de"},{"@type":"Organization","@id":"https:\/\/www.procarton.com\/es\/#organization","name":"ProCarton","url":"https:\/\/www.procarton.com\/es\/","logo":{"@type":"ImageObject","inLanguage":"de","@id":"https:\/\/www.procarton.com\/es\/#\/schema\/logo\/image\/","url":"https:\/\/www.procarton.com\/wp-content\/uploads\/2022\/06\/logo-mit-slogan.jpg","contentUrl":"https:\/\/www.procarton.com\/wp-content\/uploads\/2022\/06\/logo-mit-slogan.jpg","width":422,"height":519,"caption":"ProCarton"},"image":{"@id":"https:\/\/www.procarton.com\/es\/#\/schema\/logo\/image\/"},"sameAs":["https:\/\/www.facebook.com\/procartondesignaward\/","https:\/\/x.com\/pro_carton"]}]}},"_links":{"self":[{"href":"https:\/\/www.procarton.com\/de\/wp-json\/wp\/v2\/pages\/307280","targetHints":{"allow":["GET"]}}],"collection":[{"href":"https:\/\/www.procarton.com\/de\/wp-json\/wp\/v2\/pages"}],"about":[{"href":"https:\/\/www.procarton.com\/de\/wp-json\/wp\/v2\/types\/page"}],"author":[{"embeddable":true,"href":"https:\/\/www.procarton.com\/de\/wp-json\/wp\/v2\/users\/5916"}],"replies":[{"embeddable":true,"href":"https:\/\/www.procarton.com\/de\/wp-json\/wp\/v2\/comments?post=307280"}],"version-history":[{"count":7,"href":"https:\/\/www.procarton.com\/de\/wp-json\/wp\/v2\/pages\/307280\/revisions"}],"predecessor-version":[{"id":307341,"href":"https:\/\/www.procarton.com\/de\/wp-json\/wp\/v2\/pages\/307280\/revisions\/307341"}],"up":[{"embeddable":true,"href":"https:\/\/www.procarton.com\/de\/wp-json\/wp\/v2\/pages\/155"}],"wp:featuredmedia":[{"embeddable":true,"href":"https:\/\/www.procarton.com\/de\/wp-json\/wp\/v2\/media\/263899"}],"wp:attachment":[{"href":"https:\/\/www.procarton.com\/de\/wp-json\/wp\/v2\/media?parent=307280"}],"curies":[{"name":"wp","href":"https:\/\/api.w.org\/{rel}","templated":true}]}}