{"id":300772,"date":"2025-03-11T17:11:25","date_gmt":"2025-03-11T17:11:25","guid":{"rendered":"https:\/\/www.procarton.com\/?page_id=300772"},"modified":"2025-12-11T18:19:55","modified_gmt":"2025-12-11T18:19:55","slug":"careers","status":"publish","type":"page","link":"https:\/\/www.procarton.com\/de\/careers\/","title":{"rendered":"Karriere"},"content":{"rendered":"<div class=\"av-animated-generic top-to-bottom flex_column av_one_full  flex_column_div av-zero-column-padding first  avia-builder-el-0  el_before_av_one_fourth  avia-builder-el-first\" style='border-radius:0px; '>\n<section class=\"av_textblock_section\"  itemscope=\"itemscope\" itemtype=\"https:\/\/schema.org\/CreativeWork\" >\n<div class='avia_textblock'   itemprop=\"text\" >\n<p><strong>Die Kartonindustrie bietet interessante und herausfordernde Karrierem\u00f6glichkeiten in einer nachhaltigen Branche!<\/strong><\/p>\n<p>Entdecken Sie die Funktionen, die Innovation und Zusammenarbeit in der Verpackungsbranche vorantreiben, und werfen Sie einen Blick auf unsere Stellenprofile, um die talentierten K\u00f6pfe hinter unserer Branche kennenzulernen.<\/p>\n<\/div>\n<\/section>\n<\/div>\n<div class=\"av-animated-generic top-to-bottom flex_column av_one_fourth  flex_column_div av-zero-column-padding first  avia-builder-el-2  el_after_av_one_full  el_before_av_three_fourth  column-top-margin\" style='border-radius:0px; '>\n<div  class='avia-image-container  av-styling-    avia-builder-el-3  avia-builder-el-no-sibling  avia-align-center'  itemprop=\"image\" itemscope=\"itemscope\" itemtype=\"https:\/\/schema.org\/ImageObject\"  >\n<div class='avia-image-container-inner'>\n<div class='avia-image-overlay-wrap'><a href=\"https:\/\/www.procarton.com\/jobs\/\" class='avia_image' ><img decoding=\"async\" width=\"180\" height=\"180\" class='wp-image-307450 avia-img-lazy-loading-not-307450 avia_image' src=\"https:\/\/www.procarton.com\/wp-content\/uploads\/2025\/12\/6f76c6a1-9c12-4779-b509-f0cbefb918ea-180x180.jpg\" alt='' title='6f76c6a1-9c12-4779-b509-f0cbefb918ea'  itemprop=\"thumbnailUrl\" srcset=\"https:\/\/www.procarton.com\/wp-content\/uploads\/2025\/12\/6f76c6a1-9c12-4779-b509-f0cbefb918ea-180x180.jpg 180w, https:\/\/www.procarton.com\/wp-content\/uploads\/2025\/12\/6f76c6a1-9c12-4779-b509-f0cbefb918ea-80x80.jpg 80w, https:\/\/www.procarton.com\/wp-content\/uploads\/2025\/12\/6f76c6a1-9c12-4779-b509-f0cbefb918ea-36x36.jpg 36w\" sizes=\"(max-width: 180px) 100vw, 180px\" \/><\/a><\/div>\n<\/div>\n<\/div>\n<\/div>\n<div class=\"av-animated-generic top-to-bottom flex_column av_three_fourth  flex_column_div av-zero-column-padding   avia-builder-el-4  el_after_av_one_fourth  el_before_av_one_fourth  column-top-margin\" style='border-radius:0px; '>\n<section class=\"av_textblock_section\"  itemscope=\"itemscope\" itemtype=\"https:\/\/schema.org\/CreativeWork\" >\n<div class='avia_textblock'   itemprop=\"text\" >\n<p><b>Pro Carton Student Career Platform<\/b><\/p>\n<p>Bei Pro Carton hei\u00dfen wir neue Talente in unserer sich st\u00e4ndig weiterentwickelnden Branche willkommen und bieten M\u00f6glichkeiten f\u00fcr kreative Designer, Bef\u00fcrworter der Nachhaltigkeit und Wirtschaftsf\u00fchrer gleicherma\u00dfen.<\/p>\n<p>Entdecken Sie die neuesten Funktionen, die Innovation und Zusammenarbeit in der Verpackungsbranche f\u00f6rdern.<\/p>\n<\/div>\n<\/section>\n<\/div>\n<div class=\"av-animated-generic top-to-bottom flex_column av_one_fourth  flex_column_div av-zero-column-padding first  avia-builder-el-6  el_after_av_three_fourth  el_before_av_three_fourth  column-top-margin\" style='border-radius:0px; '>\n<div  class='avia-image-container  av-styling-    avia-builder-el-7  avia-builder-el-no-sibling  avia-align-center'  itemprop=\"image\" itemscope=\"itemscope\" itemtype=\"https:\/\/schema.org\/ImageObject\"  >\n<div class='avia-image-container-inner'>\n<div class='avia-image-overlay-wrap'><a href=\"https:\/\/www.procarton.com\/career-industry-job-profiles\/\" class='avia_image' ><img decoding=\"async\" width=\"180\" height=\"180\" class='wp-image-307455 avia-img-lazy-loading-not-307455 avia_image' src=\"https:\/\/www.procarton.com\/wp-content\/uploads\/2025\/12\/Pro-Carton-Job-Profiles-Thumbnail-2-180x180.png\" alt='' title='Pro Carton Job-Profile Daumennagel-2'  itemprop=\"thumbnailUrl\" srcset=\"https:\/\/www.procarton.com\/wp-content\/uploads\/2025\/12\/Pro-Carton-Job-Profiles-Thumbnail-2-180x180.png 180w, https:\/\/www.procarton.com\/wp-content\/uploads\/2025\/12\/Pro-Carton-Job-Profiles-Thumbnail-2-300x300.png 300w, https:\/\/www.procarton.com\/wp-content\/uploads\/2025\/12\/Pro-Carton-Job-Profiles-Thumbnail-2-1030x1030.png 1030w, https:\/\/www.procarton.com\/wp-content\/uploads\/2025\/12\/Pro-Carton-Job-Profiles-Thumbnail-2-80x80.png 80w, https:\/\/www.procarton.com\/wp-content\/uploads\/2025\/12\/Pro-Carton-Job-Profiles-Thumbnail-2-768x768.png 768w, https:\/\/www.procarton.com\/wp-content\/uploads\/2025\/12\/Pro-Carton-Job-Profiles-Thumbnail-2-12x12.png 12w, https:\/\/www.procarton.com\/wp-content\/uploads\/2025\/12\/Pro-Carton-Job-Profiles-Thumbnail-2-36x36.png 36w, https:\/\/www.procarton.com\/wp-content\/uploads\/2025\/12\/Pro-Carton-Job-Profiles-Thumbnail-2-705x705.png 705w, https:\/\/www.procarton.com\/wp-content\/uploads\/2025\/12\/Pro-Carton-Job-Profiles-Thumbnail-2.png 1080w\" sizes=\"(max-width: 180px) 100vw, 180px\" \/><\/a><\/div>\n<\/div>\n<\/div>\n<\/div>\n<div class=\"av-animated-generic top-to-bottom flex_column av_three_fourth  flex_column_div av-zero-column-padding   avia-builder-el-8  el_after_av_one_fourth  avia-builder-el-last  column-top-margin\" style='border-radius:0px; '>\n<section class=\"av_textblock_section\"  itemscope=\"itemscope\" itemtype=\"https:\/\/schema.org\/CreativeWork\" >\n<div class='avia_textblock'   itemprop=\"text\" >\n<p><strong>Industrie-Talent Spotlight Serie: Eine Karriere in der Karton- und Faltschachtelindustrie<\/strong><\/p>\n<p>In der sich st\u00e4ndig weiterentwickelnden Welt der Verpackung spielt die Karton- und Faltschachtelindustrie eine zentrale Rolle bei der Gestaltung der Art und Weise, wie Produkte pr\u00e4sentiert und wahrgenommen werden. Es ist ein dynamischer Bereich, in dem Innovation und Nachhaltigkeit zusammentreffen und in dem talentierte Menschen einen bedeutenden Einfluss aus\u00fcben.  Wir sind stolz darauf, all unsere Interviews zu pr\u00e4sentieren, in denen die talentierten Menschen gew\u00fcrdigt werden, die Innovation und Nachhaltigkeit in der Verpackungsbranche pr\u00e4gen, Kolleginnen und Kollegen, die Nachhaltigkeit leben und diesen Arbeitsbereich unterhaltsam und spannend gestalten.<\/p>\n<\/div>\n<\/section>\n<\/div>","protected":false},"excerpt":{"rendered":"","protected":false},"author":5916,"featured_media":301589,"parent":0,"menu_order":8,"comment_status":"closed","ping_status":"closed","template":"","meta":{"inline_featured_image":false,"footnotes":""},"class_list":["post-300772","page","type-page","status-publish","has-post-thumbnail","hentry"],"yoast_head":"<!-- This site is optimized with the Yoast SEO plugin v27.4 - https:\/\/yoast.com\/product\/yoast-seo-wordpress\/ -->\n<title>Careers - Pro Carton<\/title>\n<meta name=\"robots\" content=\"index, follow, max-snippet:-1, max-image-preview:large, max-video-preview:-1\" \/>\n<link rel=\"canonical\" href=\"https:\/\/www.procarton.com\/de\/careers\/\" \/>\n<meta property=\"og:locale\" content=\"de_DE\" \/>\n<meta property=\"og:type\" content=\"article\" \/>\n<meta property=\"og:title\" content=\"Careers - Pro Carton\" \/>\n<meta property=\"og:url\" content=\"https:\/\/www.procarton.com\/de\/careers\/\" \/>\n<meta property=\"og:site_name\" content=\"Pro Carton\" \/>\n<meta property=\"article:publisher\" content=\"https:\/\/www.facebook.com\/procartondesignaward\/\" \/>\n<meta property=\"article:modified_time\" content=\"2025-12-11T18:19:55+00:00\" \/>\n<meta property=\"og:image\" content=\"https:\/\/www.procarton.com\/wp-content\/uploads\/2025\/03\/Careers-Photo.png\" \/>\n\t<meta property=\"og:image:width\" content=\"1362\" \/>\n\t<meta property=\"og:image:height\" content=\"901\" \/>\n\t<meta property=\"og:image:type\" content=\"image\/png\" \/>\n<meta name=\"twitter:card\" content=\"summary_large_image\" \/>\n<meta name=\"twitter:site\" content=\"@pro_carton\" \/>\n<meta name=\"twitter:label1\" content=\"Gesch\u00e4tzte Lesezeit\" \/>\n\t<meta name=\"twitter:data1\" content=\"3\u00a0Minuten\" \/>\n<script type=\"application\/ld+json\" class=\"yoast-schema-graph\">{\"@context\":\"https:\\\/\\\/schema.org\",\"@graph\":[{\"@type\":\"WebPage\",\"@id\":\"https:\\\/\\\/www.procarton.com\\\/careers\\\/\",\"url\":\"https:\\\/\\\/www.procarton.com\\\/careers\\\/\",\"name\":\"Careers - Pro Carton\",\"isPartOf\":{\"@id\":\"https:\\\/\\\/www.procarton.com\\\/es\\\/#website\"},\"primaryImageOfPage\":{\"@id\":\"https:\\\/\\\/www.procarton.com\\\/careers\\\/#primaryimage\"},\"image\":{\"@id\":\"https:\\\/\\\/www.procarton.com\\\/careers\\\/#primaryimage\"},\"thumbnailUrl\":\"https:\\\/\\\/www.procarton.com\\\/wp-content\\\/uploads\\\/2025\\\/03\\\/Careers-Photo.png\",\"datePublished\":\"2025-03-11T17:11:25+00:00\",\"dateModified\":\"2025-12-11T18:19:55+00:00\",\"breadcrumb\":{\"@id\":\"https:\\\/\\\/www.procarton.com\\\/careers\\\/#breadcrumb\"},\"inLanguage\":\"de\",\"potentialAction\":[{\"@type\":\"ReadAction\",\"target\":[\"https:\\\/\\\/www.procarton.com\\\/careers\\\/\"]}]},{\"@type\":\"ImageObject\",\"inLanguage\":\"de\",\"@id\":\"https:\\\/\\\/www.procarton.com\\\/careers\\\/#primaryimage\",\"url\":\"https:\\\/\\\/www.procarton.com\\\/wp-content\\\/uploads\\\/2025\\\/03\\\/Careers-Photo.png\",\"contentUrl\":\"https:\\\/\\\/www.procarton.com\\\/wp-content\\\/uploads\\\/2025\\\/03\\\/Careers-Photo.png\",\"width\":1362,\"height\":901},{\"@type\":\"BreadcrumbList\",\"@id\":\"https:\\\/\\\/www.procarton.com\\\/careers\\\/#breadcrumb\",\"itemListElement\":[{\"@type\":\"ListItem\",\"position\":1,\"name\":\"Home\",\"item\":\"https:\\\/\\\/www.procarton.com\\\/\"},{\"@type\":\"ListItem\",\"position\":2,\"name\":\"Careers\"}]},{\"@type\":\"WebSite\",\"@id\":\"https:\\\/\\\/www.procarton.com\\\/es\\\/#website\",\"url\":\"https:\\\/\\\/www.procarton.com\\\/es\\\/\",\"name\":\"Pro Carton\",\"description\":\"\",\"publisher\":{\"@id\":\"https:\\\/\\\/www.procarton.com\\\/es\\\/#organization\"},\"potentialAction\":[{\"@type\":\"SearchAction\",\"target\":{\"@type\":\"EntryPoint\",\"urlTemplate\":\"https:\\\/\\\/www.procarton.com\\\/es\\\/?s={search_term_string}\"},\"query-input\":{\"@type\":\"PropertyValueSpecification\",\"valueRequired\":true,\"valueName\":\"search_term_string\"}}],\"inLanguage\":\"de\"},{\"@type\":\"Organization\",\"@id\":\"https:\\\/\\\/www.procarton.com\\\/es\\\/#organization\",\"name\":\"ProCarton\",\"url\":\"https:\\\/\\\/www.procarton.com\\\/es\\\/\",\"logo\":{\"@type\":\"ImageObject\",\"inLanguage\":\"de\",\"@id\":\"https:\\\/\\\/www.procarton.com\\\/es\\\/#\\\/schema\\\/logo\\\/image\\\/\",\"url\":\"https:\\\/\\\/www.procarton.com\\\/wp-content\\\/uploads\\\/2022\\\/06\\\/logo-mit-slogan.jpg\",\"contentUrl\":\"https:\\\/\\\/www.procarton.com\\\/wp-content\\\/uploads\\\/2022\\\/06\\\/logo-mit-slogan.jpg\",\"width\":422,\"height\":519,\"caption\":\"ProCarton\"},\"image\":{\"@id\":\"https:\\\/\\\/www.procarton.com\\\/es\\\/#\\\/schema\\\/logo\\\/image\\\/\"},\"sameAs\":[\"https:\\\/\\\/www.facebook.com\\\/procartondesignaward\\\/\",\"https:\\\/\\\/x.com\\\/pro_carton\"]}]}<\/script>\n<!-- \/ Yoast SEO plugin. -->","yoast_head_json":{"title":"Karriere - Pro Carton","robots":{"index":"index","follow":"follow","max-snippet":"max-snippet:-1","max-image-preview":"max-image-preview:large","max-video-preview":"max-video-preview:-1"},"canonical":"https:\/\/www.procarton.com\/de\/careers\/","og_locale":"de_DE","og_type":"article","og_title":"Careers - Pro Carton","og_url":"https:\/\/www.procarton.com\/de\/careers\/","og_site_name":"Pro Carton","article_publisher":"https:\/\/www.facebook.com\/procartondesignaward\/","article_modified_time":"2025-12-11T18:19:55+00:00","og_image":[{"width":1362,"height":901,"url":"https:\/\/www.procarton.com\/wp-content\/uploads\/2025\/03\/Careers-Photo.png","type":"image\/png"}],"twitter_card":"summary_large_image","twitter_site":"@pro_carton","twitter_misc":{"Gesch\u00e4tzte Lesezeit":"3\u00a0Minuten"},"schema":{"@context":"https:\/\/schema.org","@graph":[{"@type":"WebPage","@id":"https:\/\/www.procarton.com\/careers\/","url":"https:\/\/www.procarton.com\/careers\/","name":"Karriere - Pro Carton","isPartOf":{"@id":"https:\/\/www.procarton.com\/es\/#website"},"primaryImageOfPage":{"@id":"https:\/\/www.procarton.com\/careers\/#primaryimage"},"image":{"@id":"https:\/\/www.procarton.com\/careers\/#primaryimage"},"thumbnailUrl":"https:\/\/www.procarton.com\/wp-content\/uploads\/2025\/03\/Careers-Photo.png","datePublished":"2025-03-11T17:11:25+00:00","dateModified":"2025-12-11T18:19:55+00:00","breadcrumb":{"@id":"https:\/\/www.procarton.com\/careers\/#breadcrumb"},"inLanguage":"de","potentialAction":[{"@type":"ReadAction","target":["https:\/\/www.procarton.com\/careers\/"]}]},{"@type":"ImageObject","inLanguage":"de","@id":"https:\/\/www.procarton.com\/careers\/#primaryimage","url":"https:\/\/www.procarton.com\/wp-content\/uploads\/2025\/03\/Careers-Photo.png","contentUrl":"https:\/\/www.procarton.com\/wp-content\/uploads\/2025\/03\/Careers-Photo.png","width":1362,"height":901},{"@type":"BreadcrumbList","@id":"https:\/\/www.procarton.com\/careers\/#breadcrumb","itemListElement":[{"@type":"ListItem","position":1,"name":"Home","item":"https:\/\/www.procarton.com\/"},{"@type":"ListItem","position":2,"name":"Careers"}]},{"@type":"WebSite","@id":"https:\/\/www.procarton.com\/es\/#website","url":"https:\/\/www.procarton.com\/es\/","name":"Pro Carton","description":"","publisher":{"@id":"https:\/\/www.procarton.com\/es\/#organization"},"potentialAction":[{"@type":"SearchAction","target":{"@type":"EntryPoint","urlTemplate":"https:\/\/www.procarton.com\/es\/?s={search_term_string}"},"query-input":{"@type":"PropertyValueSpecification","valueRequired":true,"valueName":"search_term_string"}}],"inLanguage":"de"},{"@type":"Organization","@id":"https:\/\/www.procarton.com\/es\/#organization","name":"ProCarton","url":"https:\/\/www.procarton.com\/es\/","logo":{"@type":"ImageObject","inLanguage":"de","@id":"https:\/\/www.procarton.com\/es\/#\/schema\/logo\/image\/","url":"https:\/\/www.procarton.com\/wp-content\/uploads\/2022\/06\/logo-mit-slogan.jpg","contentUrl":"https:\/\/www.procarton.com\/wp-content\/uploads\/2022\/06\/logo-mit-slogan.jpg","width":422,"height":519,"caption":"ProCarton"},"image":{"@id":"https:\/\/www.procarton.com\/es\/#\/schema\/logo\/image\/"},"sameAs":["https:\/\/www.facebook.com\/procartondesignaward\/","https:\/\/x.com\/pro_carton"]}]}},"_links":{"self":[{"href":"https:\/\/www.procarton.com\/de\/wp-json\/wp\/v2\/pages\/300772","targetHints":{"allow":["GET"]}}],"collection":[{"href":"https:\/\/www.procarton.com\/de\/wp-json\/wp\/v2\/pages"}],"about":[{"href":"https:\/\/www.procarton.com\/de\/wp-json\/wp\/v2\/types\/page"}],"author":[{"embeddable":true,"href":"https:\/\/www.procarton.com\/de\/wp-json\/wp\/v2\/users\/5916"}],"replies":[{"embeddable":true,"href":"https:\/\/www.procarton.com\/de\/wp-json\/wp\/v2\/comments?post=300772"}],"version-history":[{"count":12,"href":"https:\/\/www.procarton.com\/de\/wp-json\/wp\/v2\/pages\/300772\/revisions"}],"predecessor-version":[{"id":307454,"href":"https:\/\/www.procarton.com\/de\/wp-json\/wp\/v2\/pages\/300772\/revisions\/307454"}],"wp:featuredmedia":[{"embeddable":true,"href":"https:\/\/www.procarton.com\/de\/wp-json\/wp\/v2\/media\/301589"}],"wp:attachment":[{"href":"https:\/\/www.procarton.com\/de\/wp-json\/wp\/v2\/media?parent=300772"}],"curies":[{"name":"wp","href":"https:\/\/api.w.org\/{rel}","templated":true}]}}