{"id":300288,"date":"2025-01-08T08:29:04","date_gmt":"2025-01-08T08:29:22","guid":{"rendered":"https:\/\/www.procarton.com\/?page_id=300288"},"modified":"2026-01-30T12:32:25","modified_gmt":"2026-01-30T12:32:25","slug":"cartons-cartonboard","status":"publish","type":"page","link":"https:\/\/www.procarton.com\/de\/awards\/pro-carton-student-video-award\/2026-2\/cartons-cartonboard\/","title":{"rendered":"Cartons &amp; Cartonboard"},"content":{"rendered":"<div class=\"av-animated-generic top-to-bottom flex_column av_one_full  flex_column_div av-zero-column-padding first  avia-builder-el-0  el_before_av_one_third  avia-builder-el-first\" style='border-radius:0px; '>\n<section class=\"av_textblock_section\"  itemscope=\"itemscope\" itemtype=\"https:\/\/schema.org\/CreativeWork\" >\n<div class='avia_textblock'   itemprop=\"text\" >\n<h3><strong>Was sind Faltschachteln und Karton?<\/strong><\/h3>\n<\/div>\n<\/section>\n<section class=\"av_textblock_section\"  itemscope=\"itemscope\" itemtype=\"https:\/\/schema.org\/CreativeWork\" >\n<div class='avia_textblock'   itemprop=\"text\" >\n<p class=\"p1\">Faltschachteln sind kleine bis mittelgro\u00dfe Kartons aus Karton. Sie werden zum Verpacken einer breiten Palette von Produkten verwendet, von Lebensmitteln - wie Zerealien, gefrorenen und gek\u00fchlten Lebensmitteln, S\u00fc\u00dfwaren, Backwaren, Tee, Kaffee und anderen trockenen Lebensmitteln - bis hin zu Arzneimitteln, Kosmetika und mehr.<\/p>\n<p class=\"p1\">Es werden viele verschiedene Kartonsorten produziert, die alle in unterschiedlichen Gewichten (Grammaturen) und Dicken hergestellt werden k\u00f6nnen.  Die Art des Kartons und die Faserzusammensetzung h\u00e4ngen vom Verwendungszweck und von den spezifischen Anforderungen ab.  Karton besteht aus mehreren Lagen, um die verschiedenen Rohstoffarten bestm\u00f6glich zu nutzen und die Produktleistung zu optimieren.  Siehe <strong><a href=\"https:\/\/www.procarton.com\/why-cartons\/\" target=\"_blank\" rel=\"noopener\">Warum Faltschachteln?<\/a><\/strong> f\u00fcr weitere Informationen \u00fcber Karton.<\/p>\n<p class=\"p1\">Karton wird aus Holzschnitzeln (von B\u00e4umen) oder aus recyceltem Papier und Karton hergestellt. Das Rohmaterial Holz stammt aus nachhaltig bewirtschafteten W\u00e4ldern. Sie sind nicht nur eine erneuerbare Ressource, sondern in Europa werden auch mehr B\u00e4ume angebaut als geerntet werden.  Die europ\u00e4ischen W\u00e4lder werden sorgf\u00e4ltig kontrolliert und nachhaltig bewirtschaftet - so erfolgreich, dass die europ\u00e4ischen W\u00e4lder, aus denen der Gro\u00dfteil des Rohstoffs stammt, in nur 10 Jahren um eine Fl\u00e4che von der Gr\u00f6\u00dfe der Schweiz gewachsen sind! B\u00e4ume spielen eine wesentliche Rolle bei der Eind\u00e4mmung des Klimawandels, da sie Kohlendioxid aufnehmen und Sauerstoff abgeben.<\/p>\n<p class=\"p1\">Karton ist erneuerbar, recycelbar und biologisch abbaubar. Er ist ein wirklich nachhaltiges Verpackungsmaterial und ein perfektes Beispiel f\u00fcr die Kreislaufwirtschaft.<\/p>\n<p class=\"p1\">Au\u00dferdem ist es extrem flexibel und vielseitig. Es kann in viele verschiedene Formen gefaltet und geknickt werden, und seine Druck- und Spezialeffektm\u00f6glichkeiten sind nahezu unbegrenzt, von Pr\u00e4gungen und Goldfolien bis hin zu holografischen 3D-Effekten.<\/p>\n<p class=\"p1\">Here are some examples of cartons, all of which have recently won awards last year featured on our 2025 brochure.<\/p>\n<\/div>\n<\/section>\n<\/div>\n<div class=\"av-animated-generic top-to-bottom flex_column av_one_third  flex_column_div av-zero-column-padding first  avia-builder-el-3  el_after_av_one_full  el_before_av_one_third  column-top-margin\" style='border-radius:0px; '><\/div>\n<div class=\"av-animated-generic top-to-bottom flex_column av_one_third  flex_column_div av-zero-column-padding   avia-builder-el-4  el_after_av_one_third  el_before_av_one_third  column-top-margin\" style='border-radius:0px; '>\n<div  class='avia-image-container  av-styling-    avia-builder-el-5  avia-builder-el-no-sibling  avia-align-center'  itemprop=\"image\" itemscope=\"itemscope\" itemtype=\"https:\/\/schema.org\/ImageObject\"  >\n<div class='avia-image-container-inner'>\n<div class='avia-image-overlay-wrap'><a href=\"https:\/\/www.flipsnack.com\/9C7C7C66AED\/main-brochure-2025-v5\/full-view.html\" class='avia_image' ><img decoding=\"async\" width=\"1240\" height=\"1754\" class='wp-image-306882 avia-img-lazy-loading-not-306882 avia_image' src=\"https:\/\/www.procarton.com\/wp-content\/uploads\/2025\/09\/Main-brochure-2025-front.jpg\" alt='' title='Hauptbrosch\u00fcre 2025-front'  itemprop=\"thumbnailUrl\" srcset=\"https:\/\/www.procarton.com\/wp-content\/uploads\/2025\/09\/Main-brochure-2025-front.jpg 1240w, https:\/\/www.procarton.com\/wp-content\/uploads\/2025\/09\/Main-brochure-2025-front-212x300.jpg 212w, https:\/\/www.procarton.com\/wp-content\/uploads\/2025\/09\/Main-brochure-2025-front-728x1030.jpg 728w, https:\/\/www.procarton.com\/wp-content\/uploads\/2025\/09\/Main-brochure-2025-front-768x1086.jpg 768w, https:\/\/www.procarton.com\/wp-content\/uploads\/2025\/09\/Main-brochure-2025-front-1086x1536.jpg 1086w, https:\/\/www.procarton.com\/wp-content\/uploads\/2025\/09\/Main-brochure-2025-front-8x12.jpg 8w, https:\/\/www.procarton.com\/wp-content\/uploads\/2025\/09\/Main-brochure-2025-front-1060x1500.jpg 1060w, https:\/\/www.procarton.com\/wp-content\/uploads\/2025\/09\/Main-brochure-2025-front-498x705.jpg 498w\" sizes=\"(max-width: 1240px) 100vw, 1240px\" \/><\/a><\/div>\n<\/div>\n<\/div>\n<\/div>\n<div class=\"av-animated-generic top-to-bottom flex_column av_one_third  flex_column_div av-zero-column-padding   avia-builder-el-6  el_after_av_one_third  el_before_av_one_full  column-top-margin\" style='border-radius:0px; '><\/div>\n<div class=\"av-animated-generic top-to-bottom flex_column av_one_full  flex_column_div av-zero-column-padding first  avia-builder-el-7  el_after_av_one_third  el_before_av_one_full  column-top-margin\" style='border-radius:0px; '>\n<section class=\"av_textblock_section\"  itemscope=\"itemscope\" itemtype=\"https:\/\/schema.org\/CreativeWork\" >\n<div class='avia_textblock'   itemprop=\"text\" >\n<p style=\"text-align: center;\"><span style=\"color: red;\"><strong>Bitte beachten Sie, dass dieses Auswahlverfahren nur bedruckte Faltschachteln umfasst.  Braune gewellte Wellpappe und Verpackungen f\u00fcr Fl\u00fcssigkeiten (z. B. Fruchtsaftkartons) sind ausgeschlossen.<\/strong><\/span><\/p>\n<\/div>\n<\/section>\n<div  class='avia-image-container  av-styling-    avia-builder-el-9  el_after_av_textblock  avia-builder-el-last  avia-align-center'  itemprop=\"image\" itemscope=\"itemscope\" itemtype=\"https:\/\/schema.org\/ImageObject\"  >\n<div class='avia-image-container-inner'>\n<div class='avia-image-overlay-wrap'><img decoding=\"async\" width=\"781\" height=\"270\" class='wp-image-271502 avia-img-lazy-loading-not-271502 avia_image' src=\"https:\/\/www.procarton.com\/wp-content\/uploads\/2021\/12\/Cartonboard-example_updated.png\" alt='' title='Karton-Beispiel_aktualisiert'  itemprop=\"thumbnailUrl\" srcset=\"https:\/\/www.procarton.com\/wp-content\/uploads\/2021\/12\/Cartonboard-example_updated.png 781w, https:\/\/www.procarton.com\/wp-content\/uploads\/2021\/12\/Cartonboard-example_updated-300x104.png 300w, https:\/\/www.procarton.com\/wp-content\/uploads\/2021\/12\/Cartonboard-example_updated-768x266.png 768w, https:\/\/www.procarton.com\/wp-content\/uploads\/2021\/12\/Cartonboard-example_updated-18x6.png 18w, https:\/\/www.procarton.com\/wp-content\/uploads\/2021\/12\/Cartonboard-example_updated-705x244.png 705w\" sizes=\"(max-width: 781px) 100vw, 781px\" \/><\/div>\n<\/div>\n<\/div>\n<\/div>\n<div class=\"av-animated-generic top-to-bottom flex_column av_one_full  flex_column_div av-zero-column-padding first  avia-builder-el-10  el_after_av_one_full  avia-builder-el-last  column-top-margin\" style='border-radius:0px; '>\n<section class=\"av_textblock_section\"  itemscope=\"itemscope\" itemtype=\"https:\/\/schema.org\/CreativeWork\" >\n<div class='avia_textblock'   itemprop=\"text\" >\n<p><strong>Faltschachteln und Karton<\/strong><\/p>\n<p class=\"p1\">Verpackungen werden mehr denn je ben\u00f6tigt, um Produkte und die Umwelt zu sch\u00fctzen, aber auch, um die verpackten Produkte zu verkaufen. Ein Produkt wird immer von seiner Verpackung begleitet, unabh\u00e4ngig davon, wo es verkauft wird - im Regal oder online; die Verpackung ist die einzige <span class=\"s1\">\"<\/span>Begleiter\", der das Produkt jederzeit und \u00fcberall unterst\u00fctzen kann.<\/p>\n<p class=\"p1\">Keine Form der Verpackung ist kommunikativer und informativer als die Faltschachtel. Faltschachteln haben ein hochwertiges Image, bieten eine starke Wirkung im Regal und sind bei den Verbrauchern hoch angesehen. Untersuchungen best\u00e4tigen, dass Faltschachteln vertrauensw\u00fcrdig sind und gegen\u00fcber anderen Verpackungen bevorzugt werden.<\/p>\n<p class=\"p1\">Mit ihrem hochwertigen Druck und einer breiten Palette von Spezialeffekten vermitteln Faltschachteln am Point of Sale ein Qualit\u00e4tsimage, das f\u00fcr ein Produkt entscheidend sein kann<span class=\"s1\">'<\/span>s Erfolg. Durch das Hinzuf\u00fcgen von Textur oder Haptik kann eine Faltschachtel eine zus\u00e4tzliche emotionale Anziehungskraft auf den Verbraucher aus\u00fcben. Das Design kann durch Originalit\u00e4tszeichen, kreatives Design und Druck-\/Farbsystemtechnologien Originalit\u00e4tssicherungen, Kindersicherungen oder andere Sicherheitsvorteile beinhalten. Wussten Sie, dass Verpackungen zehnmal mehr Ressourcen sch\u00fctzen als sie verbrauchen und im Vergleich zur Lebensmittelproduktion nur 3-5 % der Umweltbelastung ausmachen?<\/p>\n<p class=\"p1\">Verbesserungen in der Kartontechnologie haben dazu gef\u00fchrt, dass das Gewicht des f\u00fcr die Herstellung von Faltschachteln ben\u00f6tigten Kartons erheblich gesenkt werden konnte. In den letzten 20 Jahren hat sich das Gewicht von Faltschachteln f\u00fcr dieselben Produkte um etwa 40% verringert. Die Rohstoffe sind leicht und kontinuierlich verf\u00fcgbar - und absolut nachhaltig.<\/p>\n<p class=\"p1\">Additionally, at the end of life, folding cartons are collected and recycled and form an important secondary raw material.\u00a0 Research has shown that we can recycle paper fibres more than 25 times and around 87% of paper and cardboard packaging is recycled across Europe (Eurostat, 2023), much more than other materials. Today about 50% of folding cartons in Europe are made from recycled fibre and 50% from virgin fibre. Both are equally important in achieving a fully functioning circular economy.<\/p>\n<p class=\"p1\">Karton ist ideal f\u00fcr die Kompostierung, da Zellulosefasern biologisch abbaubar sind. Das bedeutet, dass er von Bakterien mit Hilfe mikrobieller Enzyme in nat\u00fcrliche Stoffe zerlegt werden kann, wodurch Kohlendioxid, Wasser und Kompost (Humus) entstehen.<\/p>\n<p class=\"p1\">Karton ist nat\u00fcrlich, erneuerbar, recycelbar und, sollte er versehentlich in die Natur gelangen, biologisch abbaubar. Er ist ein wirklich nachhaltiges Verpackungsmaterial: Eine Verpackung f\u00fcr eine bessere Welt.<\/p>\n<\/div>\n<\/section>\n<\/div>","protected":false},"excerpt":{"rendered":"","protected":false},"author":5916,"featured_media":307695,"parent":307529,"menu_order":0,"comment_status":"closed","ping_status":"closed","template":"templates\/award_details_page.php","meta":{"inline_featured_image":false,"footnotes":""},"class_list":["post-300288","page","type-page","status-publish","has-post-thumbnail","hentry"],"yoast_head":"<!-- This site is optimized with the Yoast SEO plugin v27.4 - https:\/\/yoast.com\/product\/yoast-seo-wordpress\/ -->\n<title>Cartons &amp; Cartonboard - Pro Carton<\/title>\n<meta name=\"description\" content=\"What are Cartons and Cartonboard? Folding cartons are small to medium-sized boxes made of cartonboard. read on ...\" \/>\n<meta name=\"robots\" content=\"index, follow, max-snippet:-1, max-image-preview:large, max-video-preview:-1\" \/>\n<link rel=\"canonical\" href=\"https:\/\/www.procarton.com\/de\/awards\/pro-carton-student-video-award\/2026-2\/cartons-cartonboard\/\" \/>\n<meta property=\"og:locale\" content=\"de_DE\" \/>\n<meta property=\"og:type\" content=\"article\" \/>\n<meta property=\"og:title\" content=\"Cartons &amp; Cartonboard - Pro Carton\" \/>\n<meta property=\"og:description\" content=\"What are Cartons and Cartonboard? Folding cartons are small to medium-sized boxes made of cartonboard. read on ...\" \/>\n<meta property=\"og:url\" content=\"https:\/\/www.procarton.com\/de\/awards\/pro-carton-student-video-award\/2026-2\/cartons-cartonboard\/\" \/>\n<meta property=\"og:site_name\" content=\"Pro Carton\" \/>\n<meta property=\"article:publisher\" content=\"https:\/\/www.facebook.com\/procartondesignaward\/\" \/>\n<meta property=\"article:modified_time\" content=\"2026-01-30T12:32:25+00:00\" \/>\n<meta property=\"og:image\" content=\"https:\/\/www.procarton.com\/wp-content\/uploads\/2026\/01\/Pro-Carton-Logo-26-1-1.png\" \/>\n\t<meta property=\"og:image:width\" content=\"1200\" \/>\n\t<meta property=\"og:image:height\" content=\"900\" \/>\n\t<meta property=\"og:image:type\" content=\"image\/png\" \/>\n<meta name=\"twitter:card\" content=\"summary_large_image\" \/>\n<meta name=\"twitter:site\" content=\"@pro_carton\" \/>\n<meta name=\"twitter:label1\" content=\"Gesch\u00e4tzte Lesezeit\" \/>\n\t<meta name=\"twitter:data1\" content=\"5\u00a0Minuten\" \/>\n<script type=\"application\/ld+json\" class=\"yoast-schema-graph\">{\"@context\":\"https:\\\/\\\/schema.org\",\"@graph\":[{\"@type\":\"WebPage\",\"@id\":\"https:\\\/\\\/www.procarton.com\\\/awards\\\/pro-carton-student-video-award\\\/2026-2\\\/cartons-cartonboard\\\/\",\"url\":\"https:\\\/\\\/www.procarton.com\\\/awards\\\/pro-carton-student-video-award\\\/2026-2\\\/cartons-cartonboard\\\/\",\"name\":\"Cartons &amp; Cartonboard - Pro Carton\",\"isPartOf\":{\"@id\":\"https:\\\/\\\/www.procarton.com\\\/es\\\/#website\"},\"primaryImageOfPage\":{\"@id\":\"https:\\\/\\\/www.procarton.com\\\/awards\\\/pro-carton-student-video-award\\\/2026-2\\\/cartons-cartonboard\\\/#primaryimage\"},\"image\":{\"@id\":\"https:\\\/\\\/www.procarton.com\\\/awards\\\/pro-carton-student-video-award\\\/2026-2\\\/cartons-cartonboard\\\/#primaryimage\"},\"thumbnailUrl\":\"https:\\\/\\\/www.procarton.com\\\/wp-content\\\/uploads\\\/2026\\\/01\\\/Pro-Carton-Logo-26-1-1.png\",\"datePublished\":\"2025-01-08T08:29:22+00:00\",\"dateModified\":\"2026-01-30T12:32:25+00:00\",\"description\":\"What are Cartons and Cartonboard? Folding cartons are small to medium-sized boxes made of cartonboard. read on ...\",\"breadcrumb\":{\"@id\":\"https:\\\/\\\/www.procarton.com\\\/awards\\\/pro-carton-student-video-award\\\/2026-2\\\/cartons-cartonboard\\\/#breadcrumb\"},\"inLanguage\":\"de\",\"potentialAction\":[{\"@type\":\"ReadAction\",\"target\":[\"https:\\\/\\\/www.procarton.com\\\/awards\\\/pro-carton-student-video-award\\\/2026-2\\\/cartons-cartonboard\\\/\"]}]},{\"@type\":\"ImageObject\",\"inLanguage\":\"de\",\"@id\":\"https:\\\/\\\/www.procarton.com\\\/awards\\\/pro-carton-student-video-award\\\/2026-2\\\/cartons-cartonboard\\\/#primaryimage\",\"url\":\"https:\\\/\\\/www.procarton.com\\\/wp-content\\\/uploads\\\/2026\\\/01\\\/Pro-Carton-Logo-26-1-1.png\",\"contentUrl\":\"https:\\\/\\\/www.procarton.com\\\/wp-content\\\/uploads\\\/2026\\\/01\\\/Pro-Carton-Logo-26-1-1.png\",\"width\":1200,\"height\":900},{\"@type\":\"BreadcrumbList\",\"@id\":\"https:\\\/\\\/www.procarton.com\\\/awards\\\/pro-carton-student-video-award\\\/2026-2\\\/cartons-cartonboard\\\/#breadcrumb\",\"itemListElement\":[{\"@type\":\"ListItem\",\"position\":1,\"name\":\"Home\",\"item\":\"https:\\\/\\\/www.procarton.com\\\/\"},{\"@type\":\"ListItem\",\"position\":2,\"name\":\"Awards\",\"item\":\"https:\\\/\\\/www.procarton.com\\\/awards\\\/\"},{\"@type\":\"ListItem\",\"position\":3,\"name\":\"Pro Carton Student Video Award\",\"item\":\"https:\\\/\\\/www.procarton.com\\\/awards\\\/pro-carton-student-video-award\\\/\"},{\"@type\":\"ListItem\",\"position\":4,\"name\":\"2026\",\"item\":\"https:\\\/\\\/www.procarton.com\\\/awards\\\/pro-carton-student-video-award\\\/2026-2\\\/\"},{\"@type\":\"ListItem\",\"position\":5,\"name\":\"Cartons &amp; Cartonboard\"}]},{\"@type\":\"WebSite\",\"@id\":\"https:\\\/\\\/www.procarton.com\\\/es\\\/#website\",\"url\":\"https:\\\/\\\/www.procarton.com\\\/es\\\/\",\"name\":\"Pro Carton\",\"description\":\"\",\"publisher\":{\"@id\":\"https:\\\/\\\/www.procarton.com\\\/es\\\/#organization\"},\"potentialAction\":[{\"@type\":\"SearchAction\",\"target\":{\"@type\":\"EntryPoint\",\"urlTemplate\":\"https:\\\/\\\/www.procarton.com\\\/es\\\/?s={search_term_string}\"},\"query-input\":{\"@type\":\"PropertyValueSpecification\",\"valueRequired\":true,\"valueName\":\"search_term_string\"}}],\"inLanguage\":\"de\"},{\"@type\":\"Organization\",\"@id\":\"https:\\\/\\\/www.procarton.com\\\/es\\\/#organization\",\"name\":\"ProCarton\",\"url\":\"https:\\\/\\\/www.procarton.com\\\/es\\\/\",\"logo\":{\"@type\":\"ImageObject\",\"inLanguage\":\"de\",\"@id\":\"https:\\\/\\\/www.procarton.com\\\/es\\\/#\\\/schema\\\/logo\\\/image\\\/\",\"url\":\"https:\\\/\\\/www.procarton.com\\\/wp-content\\\/uploads\\\/2022\\\/06\\\/logo-mit-slogan.jpg\",\"contentUrl\":\"https:\\\/\\\/www.procarton.com\\\/wp-content\\\/uploads\\\/2022\\\/06\\\/logo-mit-slogan.jpg\",\"width\":422,\"height\":519,\"caption\":\"ProCarton\"},\"image\":{\"@id\":\"https:\\\/\\\/www.procarton.com\\\/es\\\/#\\\/schema\\\/logo\\\/image\\\/\"},\"sameAs\":[\"https:\\\/\\\/www.facebook.com\\\/procartondesignaward\\\/\",\"https:\\\/\\\/x.com\\\/pro_carton\"]}]}<\/script>\n<!-- \/ Yoast SEO plugin. -->","yoast_head_json":{"title":"Cartons &amp; Cartonboard - Pro Carton","description":"Was sind Kartons und Kartonagen? Faltschachteln sind kleine bis mittelgro\u00dfe Verpackungen aus Karton. Lesen Sie weiter ...","robots":{"index":"index","follow":"follow","max-snippet":"max-snippet:-1","max-image-preview":"max-image-preview:large","max-video-preview":"max-video-preview:-1"},"canonical":"https:\/\/www.procarton.com\/de\/awards\/pro-carton-student-video-award\/2026-2\/cartons-cartonboard\/","og_locale":"de_DE","og_type":"article","og_title":"Cartons &amp; Cartonboard - Pro Carton","og_description":"What are Cartons and Cartonboard? Folding cartons are small to medium-sized boxes made of cartonboard. read on ...","og_url":"https:\/\/www.procarton.com\/de\/awards\/pro-carton-student-video-award\/2026-2\/cartons-cartonboard\/","og_site_name":"Pro Carton","article_publisher":"https:\/\/www.facebook.com\/procartondesignaward\/","article_modified_time":"2026-01-30T12:32:25+00:00","og_image":[{"width":1200,"height":900,"url":"https:\/\/www.procarton.com\/wp-content\/uploads\/2026\/01\/Pro-Carton-Logo-26-1-1.png","type":"image\/png"}],"twitter_card":"summary_large_image","twitter_site":"@pro_carton","twitter_misc":{"Gesch\u00e4tzte Lesezeit":"5\u00a0Minuten"},"schema":{"@context":"https:\/\/schema.org","@graph":[{"@type":"WebPage","@id":"https:\/\/www.procarton.com\/awards\/pro-carton-student-video-award\/2026-2\/cartons-cartonboard\/","url":"https:\/\/www.procarton.com\/awards\/pro-carton-student-video-award\/2026-2\/cartons-cartonboard\/","name":"Cartons &amp; Cartonboard - Pro Carton","isPartOf":{"@id":"https:\/\/www.procarton.com\/es\/#website"},"primaryImageOfPage":{"@id":"https:\/\/www.procarton.com\/awards\/pro-carton-student-video-award\/2026-2\/cartons-cartonboard\/#primaryimage"},"image":{"@id":"https:\/\/www.procarton.com\/awards\/pro-carton-student-video-award\/2026-2\/cartons-cartonboard\/#primaryimage"},"thumbnailUrl":"https:\/\/www.procarton.com\/wp-content\/uploads\/2026\/01\/Pro-Carton-Logo-26-1-1.png","datePublished":"2025-01-08T08:29:22+00:00","dateModified":"2026-01-30T12:32:25+00:00","description":"Was sind Kartons und Kartonagen? Faltschachteln sind kleine bis mittelgro\u00dfe Verpackungen aus Karton. Lesen Sie weiter ...","breadcrumb":{"@id":"https:\/\/www.procarton.com\/awards\/pro-carton-student-video-award\/2026-2\/cartons-cartonboard\/#breadcrumb"},"inLanguage":"de","potentialAction":[{"@type":"ReadAction","target":["https:\/\/www.procarton.com\/awards\/pro-carton-student-video-award\/2026-2\/cartons-cartonboard\/"]}]},{"@type":"ImageObject","inLanguage":"de","@id":"https:\/\/www.procarton.com\/awards\/pro-carton-student-video-award\/2026-2\/cartons-cartonboard\/#primaryimage","url":"https:\/\/www.procarton.com\/wp-content\/uploads\/2026\/01\/Pro-Carton-Logo-26-1-1.png","contentUrl":"https:\/\/www.procarton.com\/wp-content\/uploads\/2026\/01\/Pro-Carton-Logo-26-1-1.png","width":1200,"height":900},{"@type":"BreadcrumbList","@id":"https:\/\/www.procarton.com\/awards\/pro-carton-student-video-award\/2026-2\/cartons-cartonboard\/#breadcrumb","itemListElement":[{"@type":"ListItem","position":1,"name":"Home","item":"https:\/\/www.procarton.com\/"},{"@type":"ListItem","position":2,"name":"Awards","item":"https:\/\/www.procarton.com\/awards\/"},{"@type":"ListItem","position":3,"name":"Pro Carton Student Video Award","item":"https:\/\/www.procarton.com\/awards\/pro-carton-student-video-award\/"},{"@type":"ListItem","position":4,"name":"2026","item":"https:\/\/www.procarton.com\/awards\/pro-carton-student-video-award\/2026-2\/"},{"@type":"ListItem","position":5,"name":"Cartons &amp; Cartonboard"}]},{"@type":"WebSite","@id":"https:\/\/www.procarton.com\/es\/#website","url":"https:\/\/www.procarton.com\/es\/","name":"Pro Carton","description":"","publisher":{"@id":"https:\/\/www.procarton.com\/es\/#organization"},"potentialAction":[{"@type":"SearchAction","target":{"@type":"EntryPoint","urlTemplate":"https:\/\/www.procarton.com\/es\/?s={search_term_string}"},"query-input":{"@type":"PropertyValueSpecification","valueRequired":true,"valueName":"search_term_string"}}],"inLanguage":"de"},{"@type":"Organization","@id":"https:\/\/www.procarton.com\/es\/#organization","name":"ProCarton","url":"https:\/\/www.procarton.com\/es\/","logo":{"@type":"ImageObject","inLanguage":"de","@id":"https:\/\/www.procarton.com\/es\/#\/schema\/logo\/image\/","url":"https:\/\/www.procarton.com\/wp-content\/uploads\/2022\/06\/logo-mit-slogan.jpg","contentUrl":"https:\/\/www.procarton.com\/wp-content\/uploads\/2022\/06\/logo-mit-slogan.jpg","width":422,"height":519,"caption":"ProCarton"},"image":{"@id":"https:\/\/www.procarton.com\/es\/#\/schema\/logo\/image\/"},"sameAs":["https:\/\/www.facebook.com\/procartondesignaward\/","https:\/\/x.com\/pro_carton"]}]}},"_links":{"self":[{"href":"https:\/\/www.procarton.com\/de\/wp-json\/wp\/v2\/pages\/300288","targetHints":{"allow":["GET"]}}],"collection":[{"href":"https:\/\/www.procarton.com\/de\/wp-json\/wp\/v2\/pages"}],"about":[{"href":"https:\/\/www.procarton.com\/de\/wp-json\/wp\/v2\/types\/page"}],"author":[{"embeddable":true,"href":"https:\/\/www.procarton.com\/de\/wp-json\/wp\/v2\/users\/5916"}],"replies":[{"embeddable":true,"href":"https:\/\/www.procarton.com\/de\/wp-json\/wp\/v2\/comments?post=300288"}],"version-history":[{"count":7,"href":"https:\/\/www.procarton.com\/de\/wp-json\/wp\/v2\/pages\/300288\/revisions"}],"predecessor-version":[{"id":300648,"href":"https:\/\/www.procarton.com\/de\/wp-json\/wp\/v2\/pages\/300288\/revisions\/300648"}],"up":[{"embeddable":true,"href":"https:\/\/www.procarton.com\/de\/wp-json\/wp\/v2\/pages\/307529"}],"wp:featuredmedia":[{"embeddable":true,"href":"https:\/\/www.procarton.com\/de\/wp-json\/wp\/v2\/media\/307695"}],"wp:attachment":[{"href":"https:\/\/www.procarton.com\/de\/wp-json\/wp\/v2\/media?parent=300288"}],"curies":[{"name":"wp","href":"https:\/\/api.w.org\/{rel}","templated":true}]}}