{"id":286974,"date":"2024-01-17T16:45:04","date_gmt":"2024-01-17T16:45:52","guid":{"rendered":"https:\/\/www.procarton.com\/?page_id=286974"},"modified":"2026-02-02T12:48:38","modified_gmt":"2026-02-02T12:48:38","slug":"why-enter","status":"publish","type":"page","link":"https:\/\/www.procarton.com\/de\/awards\/european-carton-excellence-award\/2026-3\/why-enter\/","title":{"rendered":"Warum teilnehmen?"},"content":{"rendered":"<div  style='height:50px' class='hr hr-invisible   avia-builder-el-0  el_before_av_hr  avia-builder-el-first'><span class='hr-inner' ><span class='hr-inner-style'><\/span><\/span><\/div>\n<div   class='hr hr-default   avia-builder-el-1  el_after_av_hr  el_before_av_one_half'><span class='hr-inner' ><span class='hr-inner-style'><\/span><\/span><\/div>\n<div class=\"av-animated-generic top-to-bottom flex_column av_one_half  flex_column_div av-zero-column-padding first  avia-builder-el-2  el_after_av_hr  el_before_av_one_half\" style='border-radius:0px; '>\n<section class=\"av_textblock_section\"  itemscope=\"itemscope\" itemtype=\"https:\/\/schema.org\/CreativeWork\" >\n<div class='avia_textblock'   itemprop=\"text\" >\n<h4><strong>Warum Sie am European Carton Excellence Award teilnehmen sollten<\/strong><\/h4>\n<p>M\u00f6chten Sie Ihr Marken- oder Unternehmensprofil st\u00e4rken und ausbauen? Die <strong>European Carton Excellence Award<\/strong> Verbreiten Sie die guten Nachrichten \u00fcber Ihre Verpackungen mit einem umfassenden Marketingpaket, einschlie\u00dflich sozialer Medien und \u00f6ffentlicher Abstimmung, um den Bekanntheitsgrad der Beitr\u00e4ge und das Interesse an den Gewinnern zu steigern.<\/p>\n<p>Alle Gewinner erhalten professionelle Fotos ihrer Beitr\u00e4ge, Urkunden und Logos f\u00fcr ihre eigenen Websites, Verkaufs- und Marketingmaterialien sowie eine umfassende Berichterstattung in den Medien.<\/p>\n<\/div>\n<\/section>\n<\/div>\n<div class=\"av-animated-generic top-to-bottom flex_column av_one_half  flex_column_div av-zero-column-padding   avia-builder-el-4  el_after_av_one_half  el_before_av_one_half\" style='border-radius:0px; '>\n<div  class='avia-image-container  av-styling-    avia-builder-el-5  avia-builder-el-no-sibling  avia-align-center'  itemprop=\"image\" itemscope=\"itemscope\" itemtype=\"https:\/\/schema.org\/ImageObject\"  >\n<div class='avia-image-container-inner'>\n<div class='avia-image-overlay-wrap'><a href=\"https:\/\/www.procarton.com\/wp-content\/uploads\/2026\/01\/Why-enter-ECEA-2026-1030x579-1.png\" class='avia_image' ><img decoding=\"async\" width=\"1280\" height=\"720\" class='wp-image-307645 avia-img-lazy-loading-not-307645 avia_image' src=\"https:\/\/www.procarton.com\/wp-content\/uploads\/2026\/01\/Why-enter-ECEA-2026-1030x579-1.png\" alt='' title='Why-enter-ECEA-2026-1030x579-1'  itemprop=\"thumbnailUrl\" srcset=\"https:\/\/www.procarton.com\/wp-content\/uploads\/2026\/01\/Why-enter-ECEA-2026-1030x579-1.png 1280w, https:\/\/www.procarton.com\/wp-content\/uploads\/2026\/01\/Why-enter-ECEA-2026-1030x579-1-300x169.png 300w, https:\/\/www.procarton.com\/wp-content\/uploads\/2026\/01\/Why-enter-ECEA-2026-1030x579-1-1030x579.png 1030w, https:\/\/www.procarton.com\/wp-content\/uploads\/2026\/01\/Why-enter-ECEA-2026-1030x579-1-768x432.png 768w, https:\/\/www.procarton.com\/wp-content\/uploads\/2026\/01\/Why-enter-ECEA-2026-1030x579-1-18x10.png 18w, https:\/\/www.procarton.com\/wp-content\/uploads\/2026\/01\/Why-enter-ECEA-2026-1030x579-1-705x397.png 705w\" sizes=\"(max-width: 1280px) 100vw, 1280px\" \/><\/a><\/div>\n<\/div>\n<\/div>\n<\/div>\n<div class=\"av-animated-generic top-to-bottom flex_column av_one_half  flex_column_div av-zero-column-padding first  avia-builder-el-6  el_after_av_one_half  el_before_av_one_half  column-top-margin\" style='border-radius:0px; '>\n<div  style='height:150px' class='hr hr-invisible   avia-builder-el-7  el_before_av_image  avia-builder-el-first'><span class='hr-inner' ><span class='hr-inner-style'><\/span><\/span><\/div>\n<div  class='avia-image-container  av-styling-    avia-builder-el-8  el_after_av_hr  avia-builder-el-last  avia-align-center'  itemprop=\"image\" itemscope=\"itemscope\" itemtype=\"https:\/\/schema.org\/ImageObject\"  >\n<div class='avia-image-container-inner'>\n<div class='avia-image-overlay-wrap'><a href=\"https:\/\/www.procarton.com\/wp-content\/uploads\/2026\/01\/Why-enter-ECEA-2026-1030x579-2.png\" class='avia_image' ><img decoding=\"async\" width=\"1280\" height=\"720\" class='wp-image-307646 avia-img-lazy-loading-not-307646 avia_image' src=\"https:\/\/www.procarton.com\/wp-content\/uploads\/2026\/01\/Why-enter-ECEA-2026-1030x579-2.png\" alt='' title='Why-enter-ECEA-2026-1030x579-2'  itemprop=\"thumbnailUrl\" srcset=\"https:\/\/www.procarton.com\/wp-content\/uploads\/2026\/01\/Why-enter-ECEA-2026-1030x579-2.png 1280w, https:\/\/www.procarton.com\/wp-content\/uploads\/2026\/01\/Why-enter-ECEA-2026-1030x579-2-300x169.png 300w, https:\/\/www.procarton.com\/wp-content\/uploads\/2026\/01\/Why-enter-ECEA-2026-1030x579-2-1030x579.png 1030w, https:\/\/www.procarton.com\/wp-content\/uploads\/2026\/01\/Why-enter-ECEA-2026-1030x579-2-768x432.png 768w, https:\/\/www.procarton.com\/wp-content\/uploads\/2026\/01\/Why-enter-ECEA-2026-1030x579-2-18x10.png 18w, https:\/\/www.procarton.com\/wp-content\/uploads\/2026\/01\/Why-enter-ECEA-2026-1030x579-2-705x397.png 705w\" sizes=\"(max-width: 1280px) 100vw, 1280px\" \/><\/a><\/div>\n<\/div>\n<\/div>\n<\/div>\n<div class=\"av-animated-generic top-to-bottom flex_column av_one_half  flex_column_div av-zero-column-padding   avia-builder-el-9  el_after_av_one_half  avia-builder-el-last  column-top-margin\" style='border-radius:0px; '>\n<section class=\"av_textblock_section\"  itemscope=\"itemscope\" itemtype=\"https:\/\/schema.org\/CreativeWork\" >\n<div class='avia_textblock'   itemprop=\"text\" >\n<h4><strong>Das Preispaket f\u00fcr den European Carton Excellence Award-Gewinner enth\u00e4lt:<\/strong><\/h4>\n<ul>\n<li>Eine hochkar\u00e4tige Branchenauszeichnung, eine Troph\u00e4e und eine Urkunde, die Sie aufbewahren und mit Stolz zeigen k\u00f6nnen<\/li>\n<li>Medienberichterstattung an ein Publikum von \u00fcber 7 Millionen Menschen in mehr als 20 L\u00e4ndern in ganz Europa<\/li>\n<li>Berichterstattung in den sozialen Medien mit \u00fcber 150.000 Zuschauern<\/li>\n<li>Bef\u00fcrwortende Zitate der Jurymitglieder<\/li>\n<li>Aufnahme in den E-Newsletter von Pro Carton f\u00fcr die Datenbank von Markeninhabern, Einzelh\u00e4ndlern und Designern<\/li>\n<li>Aufnahme in die Website von Pro Carton mit \u00fcber 150.000 Besuchern pro Jahr<\/li>\n<li>Roadshows, bei denen die Gewinnerkartons auf Messen, Kongressen und Veranstaltungen in ganz Europa ausgestellt werden.<\/li>\n<li>Bekanntgabe aller in die engere Wahl gekommenen Kandidaten auf der Pro Carton-Website, in den elektronischen Nachrichten und in den sozialen Medien<\/li>\n<li>Videos der Award-Gala und Interviews mit den Gewinnern, ver\u00f6ffentlicht auf YouTube<\/li>\n<li>Ver\u00f6ffentlichung der Gewinner auf der ECMA-Website (<a href=\"http:\/\/www.ecma.org\/\">ecma.org<\/a>)<\/li>\n<li>M\u00f6glichkeit, Ihren Erfolg mit dem speziellen 2024-Logo in Ihren Unternehmens-\/Markenpublikationen, bei Veranstaltungen und in Ihrer E-Mail-Signatur zu bewerben<\/li>\n<li>Anerkennung bei Fachkollegen sowie au\u00dferhalb der Branche<\/li>\n<li>Laufende Unterst\u00fctzung von Pro Carton zur Maximierung des Nutzens<\/li>\n<\/ul>\n<\/div>\n<\/section>\n<\/div>","protected":false},"excerpt":{"rendered":"<p>European Carton Excellence Award 2024 Marketing-Seite mit den Vorteilen f\u00fcr Award-Gewinner in Bezug auf Image, Markenbildung und Umsatzsteigerung<\/p>","protected":false},"author":1286,"featured_media":307644,"parent":307525,"menu_order":0,"comment_status":"closed","ping_status":"closed","template":"templates\/award_details_page.php","meta":{"inline_featured_image":false,"footnotes":""},"class_list":["post-286974","page","type-page","status-publish","has-post-thumbnail","hentry"],"yoast_head":"<!-- This site is optimized with the Yoast SEO plugin v27.3 - https:\/\/yoast.com\/product\/yoast-seo-wordpress\/ -->\n<title>Why Enter? - Pro Carton<\/title>\n<meta name=\"description\" content=\"Why Enter the European Carton Excellence Award 2024 ? Benefits for Award Winners in terms of image, branding and boost in sales\" \/>\n<meta name=\"robots\" content=\"index, follow, max-snippet:-1, max-image-preview:large, max-video-preview:-1\" \/>\n<link rel=\"canonical\" href=\"https:\/\/www.procarton.com\/de\/awards\/european-carton-excellence-award\/2026-3\/why-enter\/\" \/>\n<meta property=\"og:locale\" content=\"de_DE\" \/>\n<meta property=\"og:type\" content=\"article\" \/>\n<meta property=\"og:title\" content=\"Why Enter? - Pro Carton\" \/>\n<meta property=\"og:description\" content=\"Why Enter the European Carton Excellence Award 2024 ? Benefits for Award Winners in terms of image, branding and boost in sales\" \/>\n<meta property=\"og:url\" content=\"https:\/\/www.procarton.com\/de\/awards\/european-carton-excellence-award\/2026-3\/why-enter\/\" \/>\n<meta property=\"og:site_name\" content=\"Pro Carton\" \/>\n<meta property=\"article:publisher\" content=\"https:\/\/www.facebook.com\/procartondesignaward\/\" \/>\n<meta property=\"article:modified_time\" content=\"2026-02-02T12:48:38+00:00\" \/>\n<meta property=\"og:image\" content=\"https:\/\/www.procarton.com\/wp-content\/uploads\/2026\/01\/Pro-Carton-Logo-26-2-1.png\" \/>\n\t<meta property=\"og:image:width\" content=\"1200\" \/>\n\t<meta property=\"og:image:height\" content=\"900\" \/>\n\t<meta property=\"og:image:type\" content=\"image\/png\" \/>\n<meta name=\"twitter:card\" content=\"summary_large_image\" \/>\n<meta name=\"twitter:site\" content=\"@pro_carton\" \/>\n<meta name=\"twitter:label1\" content=\"Gesch\u00e4tzte Lesezeit\" \/>\n\t<meta name=\"twitter:data1\" content=\"3\u00a0Minuten\" \/>\n<script type=\"application\/ld+json\" class=\"yoast-schema-graph\">{\"@context\":\"https:\\\/\\\/schema.org\",\"@graph\":[{\"@type\":\"WebPage\",\"@id\":\"https:\\\/\\\/www.procarton.com\\\/awards\\\/european-carton-excellence-award\\\/2026-3\\\/why-enter\\\/\",\"url\":\"https:\\\/\\\/www.procarton.com\\\/awards\\\/european-carton-excellence-award\\\/2026-3\\\/why-enter\\\/\",\"name\":\"Why Enter? - Pro Carton\",\"isPartOf\":{\"@id\":\"https:\\\/\\\/www.procarton.com\\\/es\\\/#website\"},\"primaryImageOfPage\":{\"@id\":\"https:\\\/\\\/www.procarton.com\\\/awards\\\/european-carton-excellence-award\\\/2026-3\\\/why-enter\\\/#primaryimage\"},\"image\":{\"@id\":\"https:\\\/\\\/www.procarton.com\\\/awards\\\/european-carton-excellence-award\\\/2026-3\\\/why-enter\\\/#primaryimage\"},\"thumbnailUrl\":\"https:\\\/\\\/www.procarton.com\\\/wp-content\\\/uploads\\\/2026\\\/01\\\/Pro-Carton-Logo-26-2-1.png\",\"datePublished\":\"2024-01-17T16:45:52+00:00\",\"dateModified\":\"2026-02-02T12:48:38+00:00\",\"description\":\"Why Enter the European Carton Excellence Award 2024 ? Benefits for Award Winners in terms of image, branding and boost in sales\",\"breadcrumb\":{\"@id\":\"https:\\\/\\\/www.procarton.com\\\/awards\\\/european-carton-excellence-award\\\/2026-3\\\/why-enter\\\/#breadcrumb\"},\"inLanguage\":\"de\",\"potentialAction\":[{\"@type\":\"ReadAction\",\"target\":[\"https:\\\/\\\/www.procarton.com\\\/awards\\\/european-carton-excellence-award\\\/2026-3\\\/why-enter\\\/\"]}]},{\"@type\":\"ImageObject\",\"inLanguage\":\"de\",\"@id\":\"https:\\\/\\\/www.procarton.com\\\/awards\\\/european-carton-excellence-award\\\/2026-3\\\/why-enter\\\/#primaryimage\",\"url\":\"https:\\\/\\\/www.procarton.com\\\/wp-content\\\/uploads\\\/2026\\\/01\\\/Pro-Carton-Logo-26-2-1.png\",\"contentUrl\":\"https:\\\/\\\/www.procarton.com\\\/wp-content\\\/uploads\\\/2026\\\/01\\\/Pro-Carton-Logo-26-2-1.png\",\"width\":1200,\"height\":900},{\"@type\":\"BreadcrumbList\",\"@id\":\"https:\\\/\\\/www.procarton.com\\\/awards\\\/european-carton-excellence-award\\\/2026-3\\\/why-enter\\\/#breadcrumb\",\"itemListElement\":[{\"@type\":\"ListItem\",\"position\":1,\"name\":\"Home\",\"item\":\"https:\\\/\\\/www.procarton.com\\\/\"},{\"@type\":\"ListItem\",\"position\":2,\"name\":\"Awards\",\"item\":\"https:\\\/\\\/www.procarton.com\\\/awards\\\/\"},{\"@type\":\"ListItem\",\"position\":3,\"name\":\"European Carton Excellence Award\",\"item\":\"https:\\\/\\\/www.procarton.com\\\/awards\\\/european-carton-excellence-award\\\/\"},{\"@type\":\"ListItem\",\"position\":4,\"name\":\"2026\",\"item\":\"https:\\\/\\\/www.procarton.com\\\/awards\\\/european-carton-excellence-award\\\/2026-3\\\/\"},{\"@type\":\"ListItem\",\"position\":5,\"name\":\"Why Enter?\"}]},{\"@type\":\"WebSite\",\"@id\":\"https:\\\/\\\/www.procarton.com\\\/es\\\/#website\",\"url\":\"https:\\\/\\\/www.procarton.com\\\/es\\\/\",\"name\":\"Pro Carton\",\"description\":\"\",\"publisher\":{\"@id\":\"https:\\\/\\\/www.procarton.com\\\/es\\\/#organization\"},\"potentialAction\":[{\"@type\":\"SearchAction\",\"target\":{\"@type\":\"EntryPoint\",\"urlTemplate\":\"https:\\\/\\\/www.procarton.com\\\/es\\\/?s={search_term_string}\"},\"query-input\":{\"@type\":\"PropertyValueSpecification\",\"valueRequired\":true,\"valueName\":\"search_term_string\"}}],\"inLanguage\":\"de\"},{\"@type\":\"Organization\",\"@id\":\"https:\\\/\\\/www.procarton.com\\\/es\\\/#organization\",\"name\":\"ProCarton\",\"url\":\"https:\\\/\\\/www.procarton.com\\\/es\\\/\",\"logo\":{\"@type\":\"ImageObject\",\"inLanguage\":\"de\",\"@id\":\"https:\\\/\\\/www.procarton.com\\\/es\\\/#\\\/schema\\\/logo\\\/image\\\/\",\"url\":\"https:\\\/\\\/www.procarton.com\\\/wp-content\\\/uploads\\\/2022\\\/06\\\/logo-mit-slogan.jpg\",\"contentUrl\":\"https:\\\/\\\/www.procarton.com\\\/wp-content\\\/uploads\\\/2022\\\/06\\\/logo-mit-slogan.jpg\",\"width\":422,\"height\":519,\"caption\":\"ProCarton\"},\"image\":{\"@id\":\"https:\\\/\\\/www.procarton.com\\\/es\\\/#\\\/schema\\\/logo\\\/image\\\/\"},\"sameAs\":[\"https:\\\/\\\/www.facebook.com\\\/procartondesignaward\\\/\",\"https:\\\/\\\/x.com\\\/pro_carton\"]}]}<\/script>\n<!-- \/ Yoast SEO plugin. -->","yoast_head_json":{"title":"Warum eintreten? - Pro Karton","description":"Warum sollte man am European Carton Excellence Award 2024 teilnehmen? Vorteile f\u00fcr Award-Gewinner in Bezug auf Image, Markenbildung und Umsatzsteigerung","robots":{"index":"index","follow":"follow","max-snippet":"max-snippet:-1","max-image-preview":"max-image-preview:large","max-video-preview":"max-video-preview:-1"},"canonical":"https:\/\/www.procarton.com\/de\/awards\/european-carton-excellence-award\/2026-3\/why-enter\/","og_locale":"de_DE","og_type":"article","og_title":"Why Enter? - Pro Carton","og_description":"Why Enter the European Carton Excellence Award 2024 ? Benefits for Award Winners in terms of image, branding and boost in sales","og_url":"https:\/\/www.procarton.com\/de\/awards\/european-carton-excellence-award\/2026-3\/why-enter\/","og_site_name":"Pro Carton","article_publisher":"https:\/\/www.facebook.com\/procartondesignaward\/","article_modified_time":"2026-02-02T12:48:38+00:00","og_image":[{"width":1200,"height":900,"url":"https:\/\/www.procarton.com\/wp-content\/uploads\/2026\/01\/Pro-Carton-Logo-26-2-1.png","type":"image\/png"}],"twitter_card":"summary_large_image","twitter_site":"@pro_carton","twitter_misc":{"Gesch\u00e4tzte Lesezeit":"3\u00a0Minuten"},"schema":{"@context":"https:\/\/schema.org","@graph":[{"@type":"WebPage","@id":"https:\/\/www.procarton.com\/awards\/european-carton-excellence-award\/2026-3\/why-enter\/","url":"https:\/\/www.procarton.com\/awards\/european-carton-excellence-award\/2026-3\/why-enter\/","name":"Warum eintreten? - Pro Karton","isPartOf":{"@id":"https:\/\/www.procarton.com\/es\/#website"},"primaryImageOfPage":{"@id":"https:\/\/www.procarton.com\/awards\/european-carton-excellence-award\/2026-3\/why-enter\/#primaryimage"},"image":{"@id":"https:\/\/www.procarton.com\/awards\/european-carton-excellence-award\/2026-3\/why-enter\/#primaryimage"},"thumbnailUrl":"https:\/\/www.procarton.com\/wp-content\/uploads\/2026\/01\/Pro-Carton-Logo-26-2-1.png","datePublished":"2024-01-17T16:45:52+00:00","dateModified":"2026-02-02T12:48:38+00:00","description":"Warum sollte man am European Carton Excellence Award 2024 teilnehmen? Vorteile f\u00fcr Award-Gewinner in Bezug auf Image, Markenbildung und Umsatzsteigerung","breadcrumb":{"@id":"https:\/\/www.procarton.com\/awards\/european-carton-excellence-award\/2026-3\/why-enter\/#breadcrumb"},"inLanguage":"de","potentialAction":[{"@type":"ReadAction","target":["https:\/\/www.procarton.com\/awards\/european-carton-excellence-award\/2026-3\/why-enter\/"]}]},{"@type":"ImageObject","inLanguage":"de","@id":"https:\/\/www.procarton.com\/awards\/european-carton-excellence-award\/2026-3\/why-enter\/#primaryimage","url":"https:\/\/www.procarton.com\/wp-content\/uploads\/2026\/01\/Pro-Carton-Logo-26-2-1.png","contentUrl":"https:\/\/www.procarton.com\/wp-content\/uploads\/2026\/01\/Pro-Carton-Logo-26-2-1.png","width":1200,"height":900},{"@type":"BreadcrumbList","@id":"https:\/\/www.procarton.com\/awards\/european-carton-excellence-award\/2026-3\/why-enter\/#breadcrumb","itemListElement":[{"@type":"ListItem","position":1,"name":"Home","item":"https:\/\/www.procarton.com\/"},{"@type":"ListItem","position":2,"name":"Awards","item":"https:\/\/www.procarton.com\/awards\/"},{"@type":"ListItem","position":3,"name":"European Carton Excellence Award","item":"https:\/\/www.procarton.com\/awards\/european-carton-excellence-award\/"},{"@type":"ListItem","position":4,"name":"2026","item":"https:\/\/www.procarton.com\/awards\/european-carton-excellence-award\/2026-3\/"},{"@type":"ListItem","position":5,"name":"Why Enter?"}]},{"@type":"WebSite","@id":"https:\/\/www.procarton.com\/es\/#website","url":"https:\/\/www.procarton.com\/es\/","name":"Pro Carton","description":"","publisher":{"@id":"https:\/\/www.procarton.com\/es\/#organization"},"potentialAction":[{"@type":"SearchAction","target":{"@type":"EntryPoint","urlTemplate":"https:\/\/www.procarton.com\/es\/?s={search_term_string}"},"query-input":{"@type":"PropertyValueSpecification","valueRequired":true,"valueName":"search_term_string"}}],"inLanguage":"de"},{"@type":"Organization","@id":"https:\/\/www.procarton.com\/es\/#organization","name":"ProCarton","url":"https:\/\/www.procarton.com\/es\/","logo":{"@type":"ImageObject","inLanguage":"de","@id":"https:\/\/www.procarton.com\/es\/#\/schema\/logo\/image\/","url":"https:\/\/www.procarton.com\/wp-content\/uploads\/2022\/06\/logo-mit-slogan.jpg","contentUrl":"https:\/\/www.procarton.com\/wp-content\/uploads\/2022\/06\/logo-mit-slogan.jpg","width":422,"height":519,"caption":"ProCarton"},"image":{"@id":"https:\/\/www.procarton.com\/es\/#\/schema\/logo\/image\/"},"sameAs":["https:\/\/www.facebook.com\/procartondesignaward\/","https:\/\/x.com\/pro_carton"]}]}},"_links":{"self":[{"href":"https:\/\/www.procarton.com\/de\/wp-json\/wp\/v2\/pages\/286974","targetHints":{"allow":["GET"]}}],"collection":[{"href":"https:\/\/www.procarton.com\/de\/wp-json\/wp\/v2\/pages"}],"about":[{"href":"https:\/\/www.procarton.com\/de\/wp-json\/wp\/v2\/types\/page"}],"author":[{"embeddable":true,"href":"https:\/\/www.procarton.com\/de\/wp-json\/wp\/v2\/users\/1286"}],"replies":[{"embeddable":true,"href":"https:\/\/www.procarton.com\/de\/wp-json\/wp\/v2\/comments?post=286974"}],"version-history":[{"count":30,"href":"https:\/\/www.procarton.com\/de\/wp-json\/wp\/v2\/pages\/286974\/revisions"}],"predecessor-version":[{"id":307641,"href":"https:\/\/www.procarton.com\/de\/wp-json\/wp\/v2\/pages\/286974\/revisions\/307641"}],"up":[{"embeddable":true,"href":"https:\/\/www.procarton.com\/de\/wp-json\/wp\/v2\/pages\/307525"}],"wp:featuredmedia":[{"embeddable":true,"href":"https:\/\/www.procarton.com\/de\/wp-json\/wp\/v2\/media\/307644"}],"wp:attachment":[{"href":"https:\/\/www.procarton.com\/de\/wp-json\/wp\/v2\/media?parent=286974"}],"curies":[{"name":"wp","href":"https:\/\/api.w.org\/{rel}","templated":true}]}}