{"id":286973,"date":"2024-01-17T16:47:04","date_gmt":"2024-01-17T16:47:37","guid":{"rendered":"https:\/\/www.procarton.com\/?page_id=286973"},"modified":"2026-02-09T12:08:32","modified_gmt":"2026-02-09T12:08:32","slug":"rules-faqs-2024","status":"publish","type":"page","link":"https:\/\/www.procarton.com\/de\/awards\/european-carton-excellence-award\/2026-3\/rules-faqs-2024\/","title":{"rendered":"Rules &amp; FAQs (2026)"},"content":{"rendered":"<div class=\"av-animated-generic top-to-bottom flex_column av_one_full  flex_column_div av-zero-column-padding first  avia-builder-el-0  el_before_av_one_fifth  avia-builder-el-first\" style='border-radius:0px; '>\n<section class=\"av_textblock_section\"  itemscope=\"itemscope\" itemtype=\"https:\/\/schema.org\/CreativeWork\" >\n<div class='avia_textblock'   itemprop=\"text\" >\n<h4>Regeln:<\/h4>\n<ul>\n<li>Alle Beitr\u00e4ge m\u00fcssen f\u00fcr den Verkauf hergestellt worden sein.<\/li>\n<li>All entries must be manufactured on cartonboard produced by a Full Member or Associate Member of Pro Carton. .<\/li>\n<li>All entries must have been printed and converted by a direct or indirect ECMA or Pro Carton member, or by a member of a European national association.<\/li>\n<li>Achten Sie darauf, dass Sie korrekt angeben, ob Ihr Beitrag aus Frischfaserkarton oder aus Recyclingfaserkarton besteht. Dazu gibt es ein zus\u00e4tzliches K\u00e4stchen auf dem Anmeldeformular.<\/li>\n<li>All entries must be produced predominantly from cartonboard or cartonboard laminated to microflute (with a depth of 1.5mm or less) or risk being disqualified.<\/li>\n<li>Starre Schachteln o. \u00e4., die aus Karton (in der Regel Graupappe) mit Papier oder \u00e4hnlichem Material hergestellt sind, werden NICHT angenommen. Einsendungen aus Wellpappe werden NICHT angenommen. Pappbecher werden akzeptiert.<\/li>\n<li>All entries must have been produced and manufactured for sale between 2023-2026. Mockups and prototypes are not eligible.<\/li>\n<li>Entrants may only request the return of samples in exceptional cases and will be responsible for any costs incurred.<\/li>\n<li>Die Teilnehmer m\u00fcssen 6 Proben f\u00fcr die Bewertung zur Verf\u00fcgung stellen. Mindestens eine Probe muss das zu beurteilende Produkt enthalten. Bei verderblichen Waren ist dies nicht unbedingt erforderlich.<\/li>\n<li>Alle Beitr\u00e4ge m\u00fcssen f\u00fcr eine der sieben Hauptkategorien eingereicht werden. Es liegt im Ermessen der Jury, ob die Beitr\u00e4ge neu eingestuft werden.<\/li>\n<li>Alle Einsendungen werden automatisch f\u00fcr die \tPublic Award ber\u00fccksichtigt, es sei denn, die Teilnehmer entscheiden sich ausdr\u00fccklich daf\u00fcr, dies nicht zu tun, indem sie ihre Pr\u00e4ferenz auf dem Teilnahmeformular angeben.<\/li>\n<li>Der Name des Kartons oder des Kartonherstellers sollte nach M\u00f6glichkeit nicht auf dem Karton erscheinen. Falls doch, wird er von den Preisrichtern verdeckt.<\/li>\n<li>Der Teilnehmer ist f\u00fcr die Zustimmung des Markeninhabers verantwortlich.<\/li>\n<li>Pro Carton und ECMA und ihre jeweiligen Mitgliedsunternehmen behalten sich das Recht vor, alle Einsendungen f\u00fcr Werbezwecke zu verwenden.<\/li>\n<\/ul>\n<\/div>\n<\/section>\n<section class=\"av_textblock_section\"  itemscope=\"itemscope\" itemtype=\"https:\/\/schema.org\/CreativeWork\" >\n<div class='avia_textblock'   itemprop=\"text\" >\n<h4>Wer kommt f\u00fcr die Teilnahme in Frage?<\/h4>\n<p>Alle Partner der Lieferkette k\u00f6nnen Beitr\u00e4ge einreichen:<\/p>\n<ul>\n<li>Markeninhaber<\/li>\n<li>Einzelh\u00e4ndler (Eigenmarken)<\/li>\n<li>Gestalter<\/li>\n<li>Kartonverarbeitungsmaschinen<\/li>\n<li>Kartonproduzenten \/ Hersteller<\/li>\n<\/ul>\n<p>Die Teilnehmer k\u00f6nnen eine unbegrenzte Anzahl von Beitr\u00e4gen einreichen.<\/p>\n<\/div>\n<\/section>\n<section class=\"av_textblock_section\"  itemscope=\"itemscope\" itemtype=\"https:\/\/schema.org\/CreativeWork\" >\n<div class='avia_textblock'   itemprop=\"text\" >\n<h4>Wie kann man teilnehmen?<\/h4>\n<p>Der in diesem Formular eingegebene Text muss korrekt sein, da er in allen Preis- und Marketingmaterialien, einschlie\u00dflich Pressemitteilungen, Troph\u00e4en und Urkunden, einheitlich verwendet wird. Nach der Einreichung k\u00f6nnen keine \u00c4nderungen mehr vorgenommen werden. Wir bitten Sie daher, die Informationen sorgf\u00e4ltig zu \u00fcberpr\u00fcfen, bevor Sie Ihren Beitrag fertigstellen.<\/p>\n<ul>\n<li>Jedem Beitrag muss ein beschreibender und werbender Text von maximal 200 W\u00f6rtern beigef\u00fcgt werden. Dieser Text wird von den Juroren herangezogen und kann bei der \u00f6ffentlichen Abstimmung verwendet werden.<\/li>\n<li>Zur Bewertung sollten mindestens 6 Muster, vorzugsweise mit Inhalt, eingereicht werden, darunter 3-5 Fotos (das Hauptfoto muss im Querformat sein) und ein kurzes Video (optional).  Wenn der Inhalt nicht verf\u00fcgbar ist, ersetzen Sie ihn bitte durch einen Dummy oder ein Foto, das einen Eindruck von der fertigen Verpackung\/dem Produkt vermittelt.<\/li>\n<li>Die Teilnahmeformulare m\u00fcssen vollst\u00e4ndig und in englischer Sprache ausgef\u00fcllt werden. Die eingereichten Texte k\u00f6nnen in Marketing- und Werbematerialien verwendet werden.<\/li>\n<li>Eine unterzeichnete Kopie des Anmeldeformulars, das Ihnen nach der Einreichung per E-Mail zugesandt wird, muss zusammen mit den entsprechenden Einreichungsmustern eingereicht werden.  Dieses wird f\u00fcr die Bewertung verwendet und muss daher mit dem unterzeichneten Anmeldeformular identisch sein - Erg\u00e4nzungen werden nicht akzeptiert.<\/li>\n<\/ul>\n<\/div>\n<\/section>\n<\/div>\n<div class=\"av-animated-generic top-to-bottom flex_column av_one_fifth  flex_column_div av-zero-column-padding first  avia-builder-el-4  el_after_av_one_full  el_before_av_one_fifth  column-top-margin\" style='border-radius:0px; '><\/div>\n<div class=\"av-animated-generic top-to-bottom flex_column av_one_fifth  flex_column_div av-zero-column-padding   avia-builder-el-5  el_after_av_one_fifth  el_before_av_one_full  column-top-margin\" style='border-radius:0px; '><\/div>\n<div class=\"av-animated-generic top-to-bottom flex_column av_one_full  flex_column_div av-zero-column-padding first  avia-builder-el-6  el_after_av_one_fifth  avia-builder-el-last  column-top-margin\" style='border-radius:0px; '>\n<section class=\"av_textblock_section\"  itemscope=\"itemscope\" itemtype=\"https:\/\/schema.org\/CreativeWork\" >\n<div class='avia_textblock'   itemprop=\"text\" >\n<p style=\"text-align: center;\"><b>Mindestens 6 Proben f\u00fcr jeden Beitrag sollten sorgf\u00e4ltig verpackt und an folgende Adresse geschickt werden:<\/b><\/p>\n<p style=\"text-align: center;\">Pro Carton\/ ECMA\/ Cepi<\/p>\n<p style=\"text-align: center;\">Brendan Khoo\/ Barbara Ginter<\/p>\n<p style=\"text-align: center;\">Avenue Louise 250<\/p>\n<p style=\"text-align: center;\">1050 Br\u00fcssel,<\/p>\n<p style=\"text-align: center;\">Belgien<\/p>\n<p style=\"text-align: center;\"><strong>***<\/strong><\/p>\n<p style=\"text-align: center;\"><strong>***Physical samples must be received no later than 30th of May 2026***<\/strong><\/p>\n<p style=\"text-align: center;\"><strong>***<\/strong><\/p>\n<\/div>\n<\/section>\n<div  class='avia-image-container  av-styling-    avia-builder-el-8  el_after_av_textblock  el_before_av_textblock  avia-align-center'  itemprop=\"image\" itemscope=\"itemscope\" itemtype=\"https:\/\/schema.org\/ImageObject\"  >\n<div class='avia-image-container-inner'>\n<div class='avia-image-overlay-wrap'><img decoding=\"async\" width=\"1030\" height=\"579\" class='wp-image-307828 avia-img-lazy-loading-not-307828 avia_image' src=\"https:\/\/www.procarton.com\/wp-content\/uploads\/2026\/02\/2026-Time-WM-2-ECEA-2-1.png\" alt='' title='2026 Time WM 2 ECEA-2 (1)'  itemprop=\"thumbnailUrl\" srcset=\"https:\/\/www.procarton.com\/wp-content\/uploads\/2026\/02\/2026-Time-WM-2-ECEA-2-1.png 1030w, https:\/\/www.procarton.com\/wp-content\/uploads\/2026\/02\/2026-Time-WM-2-ECEA-2-1-300x169.png 300w, https:\/\/www.procarton.com\/wp-content\/uploads\/2026\/02\/2026-Time-WM-2-ECEA-2-1-768x432.png 768w, https:\/\/www.procarton.com\/wp-content\/uploads\/2026\/02\/2026-Time-WM-2-ECEA-2-1-18x10.png 18w, https:\/\/www.procarton.com\/wp-content\/uploads\/2026\/02\/2026-Time-WM-2-ECEA-2-1-705x396.png 705w\" sizes=\"(max-width: 1030px) 100vw, 1030px\" \/><\/div>\n<\/div>\n<\/div>\n<section class=\"av_textblock_section\"  itemscope=\"itemscope\" itemtype=\"https:\/\/schema.org\/CreativeWork\" >\n<div class='avia_textblock'   itemprop=\"text\" >\n<h4>Public Award<\/h4>\n<p>Die in die engere Wahl gezogenen Beitr\u00e4ge werden dem \u00f6ffentlichen Abstimmungsprozess unterzogen, der auf der Pro Carton-Website veranstaltet und \u00fcber die sozialen Medienplattformen von Pro Carton beworben wird. Die Stimmabgabe ist \u00f6ffentlich. Jede Form der Manipulation von Stimmen f\u00fchrt zur Disqualifikation.<\/p>\n<\/div>\n<\/section>\n<section class=\"av_textblock_section\"  itemscope=\"itemscope\" itemtype=\"https:\/\/schema.org\/CreativeWork\" >\n<div class='avia_textblock'   itemprop=\"text\" >\n<h4>FREQUENTLY ASKED QUESTIONS (FAQ):<\/h4>\n<\/div>\n<\/section>\n<div   class=\"togglecontainer   toggle_close_all  avia-builder-el-11  el_after_av_textblock  el_before_av_textblock\" >\n<section class=\"av_toggle_section\"  itemscope=\"itemscope\" itemtype=\"https:\/\/schema.org\/CreativeWork\"  >\n<div role=\"tablist\" class=\"single_toggle\" data-tags=\"{Alle} \"  >\n<p data-fake-id=\"#toggle-id-1\" class=\"toggler\"  itemprop=\"headline\"    role=\"tab\" tabindex=\"0\" aria-controls=\"toggle-id-1\">K\u00f6nnen wir das Marketingmaterial von Pro Carton verwenden?<span class=\"toggle_icon\" >        <span class=\"vert_icon\"><\/span><span class=\"hor_icon\"><\/span><\/span><\/p>\n<div id=\"toggle-id-1\" class=\"toggle_wrap\"   >\n<div class=\"toggle_content invers-color\"  itemprop=\"text\"   >\n<p>Ja, Sie k\u00f6nnen alle Fotos, Texte, Videos usw. f\u00fcr Ihre Marketingzwecke verwenden.<\/p>\n<\/p><\/div>\n<\/p><\/div>\n<\/p><\/div>\n<\/section>\n<section class=\"av_toggle_section\"  itemscope=\"itemscope\" itemtype=\"https:\/\/schema.org\/CreativeWork\"  >\n<div role=\"tablist\" class=\"single_toggle\" data-tags=\"{Alle} \"  >\n<p data-fake-id=\"#toggle-id-2\" class=\"toggler\"  itemprop=\"headline\"    role=\"tab\" tabindex=\"0\" aria-controls=\"toggle-id-2\">Was kostet eine Einreichung?<span class=\"toggle_icon\" >        <span class=\"vert_icon\"><\/span><span class=\"hor_icon\"><\/span><\/span><\/p>\n<div id=\"toggle-id-2\" class=\"toggle_wrap\"   >\n<div class=\"toggle_content invers-color\"  itemprop=\"text\"   >\n<p>Teilnahmegeb\u00fchr: 250 EUR pro Eintrag;<br \/>\nDie Geb\u00fchr ist nach Erhalt der Rechnung zu entrichten.<\/p>\n<\/p><\/div>\n<\/p><\/div>\n<\/p><\/div>\n<\/section>\n<section class=\"av_toggle_section\"  itemscope=\"itemscope\" itemtype=\"https:\/\/schema.org\/CreativeWork\"  >\n<div role=\"tablist\" class=\"single_toggle\" data-tags=\"{Alle} \"  >\n<p data-fake-id=\"#toggle-id-3\" class=\"toggler\"  itemprop=\"headline\"    role=\"tab\" tabindex=\"0\" aria-controls=\"toggle-id-3\">Wann werden die Gewinner bekannt gegeben?<span class=\"toggle_icon\" >        <span class=\"vert_icon\"><\/span><span class=\"hor_icon\"><\/span><\/span><\/p>\n<div id=\"toggle-id-3\" class=\"toggle_wrap\"   >\n<div class=\"toggle_content invers-color\"  itemprop=\"text\"   >\n<p>Winners will be announced at the Awards Gala on 17 September 2026 in Rome, Italy.<\/p>\n<\/p><\/div>\n<\/p><\/div>\n<\/p><\/div>\n<\/section>\n<\/div>\n<section class=\"av_textblock_section\"  itemscope=\"itemscope\" itemtype=\"https:\/\/schema.org\/CreativeWork\" >\n<div class='avia_textblock'   itemprop=\"text\" >\n<p><strong>These Rules were last updated on 31st January 2026.<\/strong><\/p>\n<\/div>\n<\/section>\n<\/div>","protected":false},"excerpt":{"rendered":"<p>Liste der Regeln, die f\u00fcr European Carton Excellence Award 2024 f\u00fcr alle Teilnehmer des Wettbewerbs gelten, mit detaillierten Angaben zur Teilnahmeberechtigung und zur Art der Teilnahme<\/p>","protected":false},"author":1286,"featured_media":307644,"parent":307525,"menu_order":2,"comment_status":"closed","ping_status":"closed","template":"templates\/award_details_page.php","meta":{"inline_featured_image":false,"footnotes":""},"class_list":["post-286973","page","type-page","status-publish","has-post-thumbnail","hentry"],"yoast_head":"<!-- This site is optimized with the Yoast SEO plugin v27.3 - https:\/\/yoast.com\/product\/yoast-seo-wordpress\/ -->\n<title>Rules &amp; FAQs (2026) - Pro Carton<\/title>\n<meta name=\"description\" content=\"List of Rules and FAQs that apply to European Carton Excellence Award 2024 for all Entrants of the Competition also detailing How to Enter\" \/>\n<meta name=\"robots\" content=\"index, follow, max-snippet:-1, max-image-preview:large, max-video-preview:-1\" \/>\n<link rel=\"canonical\" href=\"https:\/\/www.procarton.com\/de\/awards\/european-carton-excellence-award\/2026-3\/rules-faqs-2024\/\" \/>\n<meta property=\"og:locale\" content=\"de_DE\" \/>\n<meta property=\"og:type\" content=\"article\" \/>\n<meta property=\"og:title\" content=\"Rules &amp; FAQs (2026) - Pro Carton\" \/>\n<meta property=\"og:description\" content=\"List of Rules and FAQs that apply to European Carton Excellence Award 2024 for all Entrants of the Competition also detailing How to Enter\" \/>\n<meta property=\"og:url\" content=\"https:\/\/www.procarton.com\/de\/awards\/european-carton-excellence-award\/2026-3\/rules-faqs-2024\/\" \/>\n<meta property=\"og:site_name\" content=\"Pro Carton\" \/>\n<meta property=\"article:publisher\" content=\"https:\/\/www.facebook.com\/procartondesignaward\/\" \/>\n<meta property=\"article:modified_time\" content=\"2026-02-09T12:08:32+00:00\" \/>\n<meta property=\"og:image\" content=\"https:\/\/www.procarton.com\/wp-content\/uploads\/2026\/01\/Pro-Carton-Logo-26-2-1.png\" \/>\n\t<meta property=\"og:image:width\" content=\"1200\" \/>\n\t<meta property=\"og:image:height\" content=\"900\" \/>\n\t<meta property=\"og:image:type\" content=\"image\/png\" \/>\n<meta name=\"twitter:card\" content=\"summary_large_image\" \/>\n<meta name=\"twitter:site\" content=\"@pro_carton\" \/>\n<meta name=\"twitter:label1\" content=\"Gesch\u00e4tzte Lesezeit\" \/>\n\t<meta name=\"twitter:data1\" content=\"5\u00a0Minuten\" \/>\n<script type=\"application\/ld+json\" class=\"yoast-schema-graph\">{\"@context\":\"https:\\\/\\\/schema.org\",\"@graph\":[{\"@type\":\"WebPage\",\"@id\":\"https:\\\/\\\/www.procarton.com\\\/awards\\\/european-carton-excellence-award\\\/2026-3\\\/rules-faqs-2024\\\/\",\"url\":\"https:\\\/\\\/www.procarton.com\\\/awards\\\/european-carton-excellence-award\\\/2026-3\\\/rules-faqs-2024\\\/\",\"name\":\"Rules &amp; FAQs (2026) - Pro Carton\",\"isPartOf\":{\"@id\":\"https:\\\/\\\/www.procarton.com\\\/es\\\/#website\"},\"primaryImageOfPage\":{\"@id\":\"https:\\\/\\\/www.procarton.com\\\/awards\\\/european-carton-excellence-award\\\/2026-3\\\/rules-faqs-2024\\\/#primaryimage\"},\"image\":{\"@id\":\"https:\\\/\\\/www.procarton.com\\\/awards\\\/european-carton-excellence-award\\\/2026-3\\\/rules-faqs-2024\\\/#primaryimage\"},\"thumbnailUrl\":\"https:\\\/\\\/www.procarton.com\\\/wp-content\\\/uploads\\\/2026\\\/01\\\/Pro-Carton-Logo-26-2-1.png\",\"datePublished\":\"2024-01-17T16:47:37+00:00\",\"dateModified\":\"2026-02-09T12:08:32+00:00\",\"description\":\"List of Rules and FAQs that apply to European Carton Excellence Award 2024 for all Entrants of the Competition also detailing How to Enter\",\"breadcrumb\":{\"@id\":\"https:\\\/\\\/www.procarton.com\\\/awards\\\/european-carton-excellence-award\\\/2026-3\\\/rules-faqs-2024\\\/#breadcrumb\"},\"inLanguage\":\"de\",\"potentialAction\":[{\"@type\":\"ReadAction\",\"target\":[\"https:\\\/\\\/www.procarton.com\\\/awards\\\/european-carton-excellence-award\\\/2026-3\\\/rules-faqs-2024\\\/\"]}]},{\"@type\":\"ImageObject\",\"inLanguage\":\"de\",\"@id\":\"https:\\\/\\\/www.procarton.com\\\/awards\\\/european-carton-excellence-award\\\/2026-3\\\/rules-faqs-2024\\\/#primaryimage\",\"url\":\"https:\\\/\\\/www.procarton.com\\\/wp-content\\\/uploads\\\/2026\\\/01\\\/Pro-Carton-Logo-26-2-1.png\",\"contentUrl\":\"https:\\\/\\\/www.procarton.com\\\/wp-content\\\/uploads\\\/2026\\\/01\\\/Pro-Carton-Logo-26-2-1.png\",\"width\":1200,\"height\":900},{\"@type\":\"BreadcrumbList\",\"@id\":\"https:\\\/\\\/www.procarton.com\\\/awards\\\/european-carton-excellence-award\\\/2026-3\\\/rules-faqs-2024\\\/#breadcrumb\",\"itemListElement\":[{\"@type\":\"ListItem\",\"position\":1,\"name\":\"Home\",\"item\":\"https:\\\/\\\/www.procarton.com\\\/\"},{\"@type\":\"ListItem\",\"position\":2,\"name\":\"Awards\",\"item\":\"https:\\\/\\\/www.procarton.com\\\/awards\\\/\"},{\"@type\":\"ListItem\",\"position\":3,\"name\":\"European Carton Excellence Award\",\"item\":\"https:\\\/\\\/www.procarton.com\\\/awards\\\/european-carton-excellence-award\\\/\"},{\"@type\":\"ListItem\",\"position\":4,\"name\":\"2026\",\"item\":\"https:\\\/\\\/www.procarton.com\\\/awards\\\/european-carton-excellence-award\\\/2026-3\\\/\"},{\"@type\":\"ListItem\",\"position\":5,\"name\":\"Rules &amp; FAQs (2026)\"}]},{\"@type\":\"WebSite\",\"@id\":\"https:\\\/\\\/www.procarton.com\\\/es\\\/#website\",\"url\":\"https:\\\/\\\/www.procarton.com\\\/es\\\/\",\"name\":\"Pro Carton\",\"description\":\"\",\"publisher\":{\"@id\":\"https:\\\/\\\/www.procarton.com\\\/es\\\/#organization\"},\"potentialAction\":[{\"@type\":\"SearchAction\",\"target\":{\"@type\":\"EntryPoint\",\"urlTemplate\":\"https:\\\/\\\/www.procarton.com\\\/es\\\/?s={search_term_string}\"},\"query-input\":{\"@type\":\"PropertyValueSpecification\",\"valueRequired\":true,\"valueName\":\"search_term_string\"}}],\"inLanguage\":\"de\"},{\"@type\":\"Organization\",\"@id\":\"https:\\\/\\\/www.procarton.com\\\/es\\\/#organization\",\"name\":\"ProCarton\",\"url\":\"https:\\\/\\\/www.procarton.com\\\/es\\\/\",\"logo\":{\"@type\":\"ImageObject\",\"inLanguage\":\"de\",\"@id\":\"https:\\\/\\\/www.procarton.com\\\/es\\\/#\\\/schema\\\/logo\\\/image\\\/\",\"url\":\"https:\\\/\\\/www.procarton.com\\\/wp-content\\\/uploads\\\/2022\\\/06\\\/logo-mit-slogan.jpg\",\"contentUrl\":\"https:\\\/\\\/www.procarton.com\\\/wp-content\\\/uploads\\\/2022\\\/06\\\/logo-mit-slogan.jpg\",\"width\":422,\"height\":519,\"caption\":\"ProCarton\"},\"image\":{\"@id\":\"https:\\\/\\\/www.procarton.com\\\/es\\\/#\\\/schema\\\/logo\\\/image\\\/\"},\"sameAs\":[\"https:\\\/\\\/www.facebook.com\\\/procartondesignaward\\\/\",\"https:\\\/\\\/x.com\\\/pro_carton\"]}]}<\/script>\n<!-- \/ Yoast SEO plugin. -->","yoast_head_json":{"title":"Rules &amp; FAQs (2026) - Pro Carton","description":"Liste der Regeln und FAQs, die f\u00fcr European Carton Excellence Award 2024 f\u00fcr alle Teilnehmer des Wettbewerbs gelten, sowie eine detaillierte Beschreibung der Teilnahmebedingungen","robots":{"index":"index","follow":"follow","max-snippet":"max-snippet:-1","max-image-preview":"max-image-preview:large","max-video-preview":"max-video-preview:-1"},"canonical":"https:\/\/www.procarton.com\/de\/awards\/european-carton-excellence-award\/2026-3\/rules-faqs-2024\/","og_locale":"de_DE","og_type":"article","og_title":"Rules &amp; FAQs (2026) - Pro Carton","og_description":"List of Rules and FAQs that apply to European Carton Excellence Award 2024 for all Entrants of the Competition also detailing How to Enter","og_url":"https:\/\/www.procarton.com\/de\/awards\/european-carton-excellence-award\/2026-3\/rules-faqs-2024\/","og_site_name":"Pro Carton","article_publisher":"https:\/\/www.facebook.com\/procartondesignaward\/","article_modified_time":"2026-02-09T12:08:32+00:00","og_image":[{"width":1200,"height":900,"url":"https:\/\/www.procarton.com\/wp-content\/uploads\/2026\/01\/Pro-Carton-Logo-26-2-1.png","type":"image\/png"}],"twitter_card":"summary_large_image","twitter_site":"@pro_carton","twitter_misc":{"Gesch\u00e4tzte Lesezeit":"5\u00a0Minuten"},"schema":{"@context":"https:\/\/schema.org","@graph":[{"@type":"WebPage","@id":"https:\/\/www.procarton.com\/awards\/european-carton-excellence-award\/2026-3\/rules-faqs-2024\/","url":"https:\/\/www.procarton.com\/awards\/european-carton-excellence-award\/2026-3\/rules-faqs-2024\/","name":"Rules &amp; FAQs (2026) - Pro Carton","isPartOf":{"@id":"https:\/\/www.procarton.com\/es\/#website"},"primaryImageOfPage":{"@id":"https:\/\/www.procarton.com\/awards\/european-carton-excellence-award\/2026-3\/rules-faqs-2024\/#primaryimage"},"image":{"@id":"https:\/\/www.procarton.com\/awards\/european-carton-excellence-award\/2026-3\/rules-faqs-2024\/#primaryimage"},"thumbnailUrl":"https:\/\/www.procarton.com\/wp-content\/uploads\/2026\/01\/Pro-Carton-Logo-26-2-1.png","datePublished":"2024-01-17T16:47:37+00:00","dateModified":"2026-02-09T12:08:32+00:00","description":"Liste der Regeln und FAQs, die f\u00fcr European Carton Excellence Award 2024 f\u00fcr alle Teilnehmer des Wettbewerbs gelten, sowie eine detaillierte Beschreibung der Teilnahmebedingungen","breadcrumb":{"@id":"https:\/\/www.procarton.com\/awards\/european-carton-excellence-award\/2026-3\/rules-faqs-2024\/#breadcrumb"},"inLanguage":"de","potentialAction":[{"@type":"ReadAction","target":["https:\/\/www.procarton.com\/awards\/european-carton-excellence-award\/2026-3\/rules-faqs-2024\/"]}]},{"@type":"ImageObject","inLanguage":"de","@id":"https:\/\/www.procarton.com\/awards\/european-carton-excellence-award\/2026-3\/rules-faqs-2024\/#primaryimage","url":"https:\/\/www.procarton.com\/wp-content\/uploads\/2026\/01\/Pro-Carton-Logo-26-2-1.png","contentUrl":"https:\/\/www.procarton.com\/wp-content\/uploads\/2026\/01\/Pro-Carton-Logo-26-2-1.png","width":1200,"height":900},{"@type":"BreadcrumbList","@id":"https:\/\/www.procarton.com\/awards\/european-carton-excellence-award\/2026-3\/rules-faqs-2024\/#breadcrumb","itemListElement":[{"@type":"ListItem","position":1,"name":"Home","item":"https:\/\/www.procarton.com\/"},{"@type":"ListItem","position":2,"name":"Awards","item":"https:\/\/www.procarton.com\/awards\/"},{"@type":"ListItem","position":3,"name":"European Carton Excellence Award","item":"https:\/\/www.procarton.com\/awards\/european-carton-excellence-award\/"},{"@type":"ListItem","position":4,"name":"2026","item":"https:\/\/www.procarton.com\/awards\/european-carton-excellence-award\/2026-3\/"},{"@type":"ListItem","position":5,"name":"Rules &amp; FAQs (2026)"}]},{"@type":"WebSite","@id":"https:\/\/www.procarton.com\/es\/#website","url":"https:\/\/www.procarton.com\/es\/","name":"Pro Carton","description":"","publisher":{"@id":"https:\/\/www.procarton.com\/es\/#organization"},"potentialAction":[{"@type":"SearchAction","target":{"@type":"EntryPoint","urlTemplate":"https:\/\/www.procarton.com\/es\/?s={search_term_string}"},"query-input":{"@type":"PropertyValueSpecification","valueRequired":true,"valueName":"search_term_string"}}],"inLanguage":"de"},{"@type":"Organization","@id":"https:\/\/www.procarton.com\/es\/#organization","name":"ProCarton","url":"https:\/\/www.procarton.com\/es\/","logo":{"@type":"ImageObject","inLanguage":"de","@id":"https:\/\/www.procarton.com\/es\/#\/schema\/logo\/image\/","url":"https:\/\/www.procarton.com\/wp-content\/uploads\/2022\/06\/logo-mit-slogan.jpg","contentUrl":"https:\/\/www.procarton.com\/wp-content\/uploads\/2022\/06\/logo-mit-slogan.jpg","width":422,"height":519,"caption":"ProCarton"},"image":{"@id":"https:\/\/www.procarton.com\/es\/#\/schema\/logo\/image\/"},"sameAs":["https:\/\/www.facebook.com\/procartondesignaward\/","https:\/\/x.com\/pro_carton"]}]}},"_links":{"self":[{"href":"https:\/\/www.procarton.com\/de\/wp-json\/wp\/v2\/pages\/286973","targetHints":{"allow":["GET"]}}],"collection":[{"href":"https:\/\/www.procarton.com\/de\/wp-json\/wp\/v2\/pages"}],"about":[{"href":"https:\/\/www.procarton.com\/de\/wp-json\/wp\/v2\/types\/page"}],"author":[{"embeddable":true,"href":"https:\/\/www.procarton.com\/de\/wp-json\/wp\/v2\/users\/1286"}],"replies":[{"embeddable":true,"href":"https:\/\/www.procarton.com\/de\/wp-json\/wp\/v2\/comments?post=286973"}],"version-history":[{"count":47,"href":"https:\/\/www.procarton.com\/de\/wp-json\/wp\/v2\/pages\/286973\/revisions"}],"predecessor-version":[{"id":307649,"href":"https:\/\/www.procarton.com\/de\/wp-json\/wp\/v2\/pages\/286973\/revisions\/307649"}],"up":[{"embeddable":true,"href":"https:\/\/www.procarton.com\/de\/wp-json\/wp\/v2\/pages\/307525"}],"wp:featuredmedia":[{"embeddable":true,"href":"https:\/\/www.procarton.com\/de\/wp-json\/wp\/v2\/media\/307644"}],"wp:attachment":[{"href":"https:\/\/www.procarton.com\/de\/wp-json\/wp\/v2\/media?parent=286973"}],"curies":[{"name":"wp","href":"https:\/\/api.w.org\/{rel}","templated":true}]}}