{"id":279121,"date":"2022-06-22T16:59:45","date_gmt":"2022-06-22T15:59:45","guid":{"rendered":"https:\/\/www.procarton.com\/?page_id=279121"},"modified":"2023-05-17T12:48:21","modified_gmt":"2023-05-17T11:48:21","slug":"4evergreen-cross-industry-alliance","status":"publish","type":"page","link":"https:\/\/www.procarton.com\/de\/members\/marketing-communications\/4evergreen-cross-industry-alliance\/","title":{"rendered":"4evergreen (Mitglieder)"},"content":{"rendered":"<div class=\"av-animated-generic top-to-bottom flex_column av_three_fourth  flex_column_div av-zero-column-padding first  avia-builder-el-0  el_before_av_one_fourth  avia-builder-el-first\" style='border-radius:0px; '>\n<section class=\"av_textblock_section\"  itemscope=\"itemscope\" itemtype=\"https:\/\/schema.org\/CreativeWork\" >\n<div class='avia_textblock'   itemprop=\"text\" >\n<h4>4evergreen bringt Branchenf\u00fchrer im Bereich faserbasierter Verpackungen zusammen<\/h4>\n<p>4evergreen ist stolz darauf, Mitglieder aus der gesamten Wertsch\u00f6pfungskette der Verpackungsindustrie zusammenzubringen: von Papier- und Kartonherstellern \u00fcber Verpackungshersteller, Lebensmittel- und Getr\u00e4nkemarken und Einzelh\u00e4ndler, Technologie- und Materiallieferanten, Abfallsortierer und -sammler bis hin zu Forschungseinrichtungen und technischen Universit\u00e4ten.<\/p>\n<p>Es handelt sich um eine Allianz, die es in dieser Gr\u00f6\u00dfenordnung in der Branche noch nicht gegeben hat. Gemeinsam konzentrieren wir uns auf europ\u00e4ische Verpackungssysteme mit Blick auf die globale Anwendbarkeit.<\/p>\n<\/div>\n<\/section>\n<\/div>\n<div class=\"av-animated-generic top-to-bottom flex_column av_one_fourth  flex_column_div av-zero-column-padding   avia-builder-el-2  el_after_av_three_fourth  el_before_av_one_full\" style='border-radius:0px; '>\n<div  id=\"EvergreenPageLink1\"  class='avia-image-container  av-styling-no-styling    avia-builder-el-3  el_before_av_textblock  avia-builder-el-first  avia-align-left'  itemprop=\"image\" itemscope=\"itemscope\" itemtype=\"https:\/\/schema.org\/ImageObject\"  >\n<div class='avia-image-container-inner'>\n<div class='avia-image-overlay-wrap'><a href=\"https:\/\/4evergreenforum.eu\/\" class='avia_image' target=\"_blank\" rel=\"noopener noreferrer\"><img decoding=\"async\" class='wp-image-265562 avia-img-lazy-loading-not-265562 avia_image' src=\"https:\/\/www.procarton.com\/wp-content\/uploads\/2021\/10\/Heidelberg-4evergreen-1.jpg\" alt='' title='Heidelberg-4evergreen-1'  itemprop=\"thumbnailUrl\"  \/><\/a><\/div>\n<\/div>\n<\/div>\n<section class=\"av_textblock_section\"  itemscope=\"itemscope\" itemtype=\"https:\/\/schema.org\/CreativeWork\" >\n<div class='avia_textblock'   itemprop=\"text\" >\n<p><script>\n  jQuery( document ).ready(function() {\n      jQuery( \"#4EvergreenPageLink1\" ).click(function() {\n             gtag('event', 'click', {\n             'event_category': 'Resource download',\n             'event_label': 'Link to 4evergreen page 1'             \n           });\n       });\n  });\n<\/script><\/p>\n<\/div>\n<\/section>\n<\/div>\n<div class=\"av-animated-generic top-to-bottom flex_column av_one_full  flex_column_div av-zero-column-padding first  avia-builder-el-5  el_after_av_one_fourth  el_before_av_heading  column-top-margin\" style='border-radius:0px; '>\n<section class=\"av_textblock_section\"  itemscope=\"itemscope\" itemtype=\"https:\/\/schema.org\/CreativeWork\" >\n<div class='avia_textblock'   itemprop=\"text\" >\n<h4><a title=\"Permanenter Link: Aktuelle Nachrichten und Updates von 4evergreen f\u00fcr Pro Carton-Mitglieder und -Interessierte.\" href=\"https:\/\/www.procarton.com\/latest-news-and-updates-from-4evergreen-for-pro-carton-members-and-stakeholders\/\" rel=\"bookmark\">Klicken Sie hier, um die neuesten Nachrichten und Updates von 4evergreen f\u00fcr Pro Carton-Mitglieder und Interessengruppen zu lesen.<\/a><\/h4>\n<p>4evergreen m\u00f6chte alle Mitglieder daran erinnern, unseren Social-Media-Kan\u00e4len zu folgen und sich mit unseren Inhalten zu besch\u00e4ftigen, um die Reichweite und Sichtbarkeit der Allianz zu erh\u00f6hen.  Um die Weitergabe von 4evergreen-Werbematerialien an Vertreter der Mitgliedsorganisationen zu erleichtern, hat Logos - die Kommunikationsagentur von 4evergreen - eine\u00a0<strong>LinkedIn-Gruppe<\/strong>.  Mitglieder, die an einer Mitgliedschaft in der Gruppe interessiert sind, k\u00f6nnen eine Anfrage senden\u00a0<a href=\"https:\/\/www.linkedin.com\/groups\/12783100\/\" target=\"_blank\" rel=\"noopener\">\u00fcber diesen Link<\/a>\u00a0oder senden Sie die Kontakte Ihrer Marketing- und Kommunikationskollegen an\u00a0<a href=\"mailto:chiara.marconato@logos-pa.com\" target=\"_blank\" rel=\"noopener\">chiara.marconato@logos-pa.com<\/a>.<\/p>\n<\/div>\n<\/section>\n<\/div>\n<div  style='padding-bottom:10px; ' class='av-special-heading av-special-heading-h3    avia-builder-el-7  el_after_av_one_full  el_before_av_one_fourth'>\n<h3 class='av-special-heading-tag'  itemprop=\"headline\"  >Pr\u00e4sentationen:<\/h3>\n<div class='special-heading-border'>\n<div class='special-heading-inner-border' ><\/div>\n<\/div>\n<\/div>\n<div class=\"av-animated-generic top-to-bottom flex_column av_one_fourth  flex_column_div av-zero-column-padding first  avia-builder-el-8  el_after_av_heading  el_before_av_one_fourth\" style='border-radius:0px; '>\n<div  class='avia-image-container  av-styling-    avia-builder-el-9  el_before_av_textblock  avia-builder-el-first  avia-align-center'  itemprop=\"image\" itemscope=\"itemscope\" itemtype=\"https:\/\/schema.org\/ImageObject\"  >\n<div class='avia-image-container-inner'>\n<div class='avia-image-overlay-wrap'><img decoding=\"async\" width=\"300\" height=\"169\" class='wp-image-279113 avia-img-lazy-loading-not-279113 avia_image' src=\"https:\/\/www.procarton.com\/wp-content\/uploads\/2022\/06\/4EG_Austropapier-01-300x169.jpg\" alt='' title='4EG_Austropapier-01'  itemprop=\"thumbnailUrl\" srcset=\"https:\/\/www.procarton.com\/wp-content\/uploads\/2022\/06\/4EG_Austropapier-01-300x169.jpg 300w, https:\/\/www.procarton.com\/wp-content\/uploads\/2022\/06\/4EG_Austropapier-01-1030x579.jpg 1030w, https:\/\/www.procarton.com\/wp-content\/uploads\/2022\/06\/4EG_Austropapier-01-768x432.jpg 768w, https:\/\/www.procarton.com\/wp-content\/uploads\/2022\/06\/4EG_Austropapier-01-1536x864.jpg 1536w, https:\/\/www.procarton.com\/wp-content\/uploads\/2022\/06\/4EG_Austropapier-01-2048x1152.jpg 2048w, https:\/\/www.procarton.com\/wp-content\/uploads\/2022\/06\/4EG_Austropapier-01-18x10.jpg 18w, https:\/\/www.procarton.com\/wp-content\/uploads\/2022\/06\/4EG_Austropapier-01-1500x844.jpg 1500w, https:\/\/www.procarton.com\/wp-content\/uploads\/2022\/06\/4EG_Austropapier-01-705x397.jpg 705w\" sizes=\"(max-width: 300px) 100vw, 300px\" \/><\/div>\n<\/div>\n<\/div>\n<section class=\"av_textblock_section\"  itemscope=\"itemscope\" itemtype=\"https:\/\/schema.org\/CreativeWork\" >\n<div class='avia_textblock'   itemprop=\"text\" >\n<p>Die 4evergreen-Reise zur Perfektionierung der Kreislaufwirtschaft - Juni 2022.<\/p>\n<\/div>\n<\/section>\n<div  id=\"downloadButton1\"  class='avia-button-wrap avia-button-center  avia-builder-el-11  el_after_av_textblock  el_before_av_textblock' ><a href='https:\/\/www.procarton.com\/wp-content\/uploads\/2022\/06\/4EG_Austropapier-01-1-scaled.jpg' class='avia-button  avia-color-theme-color   avia-icon_select-no avia-size-small avia-position-center' target=\"_blank\" rel=\"noopener noreferrer\"><span class='avia_iconbox_title' >Herunterladen<\/span><\/a><\/div>\n<section class=\"av_textblock_section\"  itemscope=\"itemscope\" itemtype=\"https:\/\/schema.org\/CreativeWork\" >\n<div class='avia_textblock'   itemprop=\"text\" >\n<p><script>\n  jQuery( document ).ready(function() {\n      jQuery( \"#downloadButton1\" ).click(function() {\n             gtag('event', 'click', {\n             'event_category': 'Resource download',\n             'event_label': 'Download The 4evergreen Journey Towards Perfecting Circularity \u2013 June 2022.'             \n           });\n       });\n  });\n<\/script><\/p>\n<\/div>\n<\/section>\n<\/div>\n<div class=\"av-animated-generic top-to-bottom flex_column av_one_fourth  flex_column_div av-zero-column-padding   avia-builder-el-13  el_after_av_one_fourth  el_before_av_one_fourth\" style='border-radius:0px; '>\n<div  class='avia-image-container  av-styling-    avia-builder-el-14  el_before_av_textblock  avia-builder-el-first  avia-align-center'  itemprop=\"image\" itemscope=\"itemscope\" itemtype=\"https:\/\/schema.org\/ImageObject\"  >\n<div class='avia-image-container-inner'>\n<div class='avia-image-overlay-wrap'><img decoding=\"async\" width=\"300\" height=\"169\" class='wp-image-279112 avia-img-lazy-loading-not-279112 avia_image' src=\"https:\/\/www.procarton.com\/wp-content\/uploads\/2022\/06\/IAAB-meeting-31.05.22-to-be-shared-01-300x169.jpg\" alt='' title='IAAB-Sitzung am 31.05.22 zur gemeinsamen Nutzung-01'  itemprop=\"thumbnailUrl\" srcset=\"https:\/\/www.procarton.com\/wp-content\/uploads\/2022\/06\/IAAB-meeting-31.05.22-to-be-shared-01-300x169.jpg 300w, https:\/\/www.procarton.com\/wp-content\/uploads\/2022\/06\/IAAB-meeting-31.05.22-to-be-shared-01-1030x579.jpg 1030w, https:\/\/www.procarton.com\/wp-content\/uploads\/2022\/06\/IAAB-meeting-31.05.22-to-be-shared-01-768x432.jpg 768w, https:\/\/www.procarton.com\/wp-content\/uploads\/2022\/06\/IAAB-meeting-31.05.22-to-be-shared-01-1536x864.jpg 1536w, https:\/\/www.procarton.com\/wp-content\/uploads\/2022\/06\/IAAB-meeting-31.05.22-to-be-shared-01-2048x1152.jpg 2048w, https:\/\/www.procarton.com\/wp-content\/uploads\/2022\/06\/IAAB-meeting-31.05.22-to-be-shared-01-18x10.jpg 18w, https:\/\/www.procarton.com\/wp-content\/uploads\/2022\/06\/IAAB-meeting-31.05.22-to-be-shared-01-1500x844.jpg 1500w, https:\/\/www.procarton.com\/wp-content\/uploads\/2022\/06\/IAAB-meeting-31.05.22-to-be-shared-01-705x397.jpg 705w\" sizes=\"(max-width: 300px) 100vw, 300px\" \/><\/div>\n<\/div>\n<\/div>\n<section class=\"av_textblock_section\"  itemscope=\"itemscope\" itemtype=\"https:\/\/schema.org\/CreativeWork\" >\n<div class='avia_textblock'   itemprop=\"text\" >\n<p>Beratungsgruppe der Industrieverb\u00e4nde - 31. Mai 2022.<\/p>\n<\/div>\n<\/section>\n<div  id=\"downloadButton2\"  class='avia-button-wrap avia-button-center  avia-builder-el-16  el_after_av_textblock  el_before_av_textblock' ><a href='https:\/\/www.procarton.com\/wp-content\/uploads\/2022\/06\/IAAB-meeting-31.05.22-to-be-shared-01-1-scaled.jpg' class='avia-button  avia-color-theme-color   avia-icon_select-no avia-size-small avia-position-center' target=\"_blank\" rel=\"noopener noreferrer\"><span class='avia_iconbox_title' >Herunterladen<\/span><\/a><\/div>\n<section class=\"av_textblock_section\"  itemscope=\"itemscope\" itemtype=\"https:\/\/schema.org\/CreativeWork\" >\n<div class='avia_textblock'   itemprop=\"text\" >\n<p><script>\n  jQuery( document ).ready(function() {\n      jQuery( \"#downloadButton2\" ).click(function() {\n             gtag('event', 'click', {\n             'event_category': 'Resource download',\n             'event_label': 'Download 4evergreen Industry Association Advisory Group \u2013 31st May 2022.'             \n           });\n       });\n  });\n<\/script><\/p>\n<\/div>\n<\/section>\n<\/div>\n<div class=\"av-animated-generic top-to-bottom flex_column av_one_fourth  flex_column_div av-zero-column-padding   avia-builder-el-18  el_after_av_one_fourth  avia-builder-el-last\" style='border-radius:0px; '>\n<div  class='avia-image-container  av-styling-    avia-builder-el-19  el_before_av_textblock  avia-builder-el-first  avia-align-center'  itemprop=\"image\" itemscope=\"itemscope\" itemtype=\"https:\/\/schema.org\/ImageObject\"  >\n<div class='avia-image-container-inner'>\n<div class='avia-image-overlay-wrap'><img decoding=\"async\" width=\"300\" height=\"169\" class='wp-image-270401 avia-img-lazy-loading-not-270401 avia_image' src=\"https:\/\/www.procarton.com\/wp-content\/uploads\/2021\/12\/4EG_external_presentation_cepi-cartonboard-short-1-7-21-01-300x169-1.jpg\" alt='' title='4EG_external_presentation_cepi-cartonboard-short-1-7-21-01-300x169'  itemprop=\"thumbnailUrl\" srcset=\"https:\/\/www.procarton.com\/wp-content\/uploads\/2021\/12\/4EG_external_presentation_cepi-cartonboard-short-1-7-21-01-300x169-1.jpg 300w, https:\/\/www.procarton.com\/wp-content\/uploads\/2021\/12\/4EG_external_presentation_cepi-cartonboard-short-1-7-21-01-300x169-1-18x10.jpg 18w\" sizes=\"(max-width: 300px) 100vw, 300px\" \/><\/div>\n<\/div>\n<\/div>\n<section class=\"av_textblock_section\"  itemscope=\"itemscope\" itemtype=\"https:\/\/schema.org\/CreativeWork\" >\n<div class='avia_textblock'   itemprop=\"text\" >\n<p>Gemeinsam die Kreislaufwirtschaft perfektionieren - Susanne Haase, Programmdirektorin - Juni 2021.<\/p>\n<\/div>\n<\/section>\n<div  id=\"downloadButton3\"  class='avia-button-wrap avia-button-center  avia-builder-el-21  el_after_av_textblock  el_before_av_textblock' ><a href='https:\/\/www.procarton.com\/wp-content\/uploads\/2021\/07\/4EG_external_presentation_cepi-cartonboard-short-1-7-21.pdf' class='avia-button  avia-color-theme-color   avia-icon_select-no avia-size-small avia-position-center' target=\"_blank\" rel=\"noopener noreferrer\"><span class='avia_iconbox_title' >Herunterladen<\/span><\/a><\/div>\n<section class=\"av_textblock_section\"  itemscope=\"itemscope\" itemtype=\"https:\/\/schema.org\/CreativeWork\" >\n<div class='avia_textblock'   itemprop=\"text\" >\n<p><script>\n  jQuery( document ).ready(function() {\n      jQuery( \"#downloadButton3\" ).click(function() {\n             gtag('event', 'click', {\n             'event_category': 'Resource download',\n             'event_label': 'Download Perfecting Circularity Together - Susanne Haase, Program Director - June 2021.'             \n           });\n       });\n  });\n<\/script><\/p>\n<\/div>\n<\/section>\n<\/div>","protected":false},"excerpt":{"rendered":"","protected":false},"author":1286,"featured_media":0,"parent":266973,"menu_order":4,"comment_status":"closed","ping_status":"closed","template":"","meta":{"inline_featured_image":false,"footnotes":""},"class_list":["post-279121","page","type-page","status-publish","hentry"],"yoast_head":"<!-- This site is optimized with the Yoast SEO plugin v27.4 - https:\/\/yoast.com\/product\/yoast-seo-wordpress\/ -->\n<title>4evergreen (Members) - Pro Carton<\/title>\n<meta name=\"robots\" content=\"index, follow, max-snippet:-1, max-image-preview:large, max-video-preview:-1\" \/>\n<link rel=\"canonical\" href=\"https:\/\/www.procarton.com\/de\/members\/marketing-communications\/4evergreen-cross-industry-alliance\/\" \/>\n<meta property=\"og:locale\" content=\"de_DE\" \/>\n<meta property=\"og:type\" content=\"article\" \/>\n<meta property=\"og:title\" content=\"4evergreen (Members) - Pro Carton\" \/>\n<meta property=\"og:url\" content=\"https:\/\/www.procarton.com\/de\/members\/marketing-communications\/4evergreen-cross-industry-alliance\/\" \/>\n<meta property=\"og:site_name\" content=\"Pro Carton\" \/>\n<meta property=\"article:publisher\" content=\"https:\/\/www.facebook.com\/procartondesignaward\/\" \/>\n<meta property=\"article:modified_time\" content=\"2023-05-17T11:48:21+00:00\" \/>\n<meta name=\"twitter:card\" content=\"summary_large_image\" \/>\n<meta name=\"twitter:site\" content=\"@pro_carton\" \/>\n<meta name=\"twitter:label1\" content=\"Gesch\u00e4tzte Lesezeit\" \/>\n\t<meta name=\"twitter:data1\" content=\"4\u00a0Minuten\" \/>\n<script type=\"application\/ld+json\" class=\"yoast-schema-graph\">{\"@context\":\"https:\\\/\\\/schema.org\",\"@graph\":[{\"@type\":\"WebPage\",\"@id\":\"https:\\\/\\\/www.procarton.com\\\/members\\\/marketing-communications\\\/4evergreen-cross-industry-alliance\\\/\",\"url\":\"https:\\\/\\\/www.procarton.com\\\/members\\\/marketing-communications\\\/4evergreen-cross-industry-alliance\\\/\",\"name\":\"4evergreen (Members) - Pro Carton\",\"isPartOf\":{\"@id\":\"https:\\\/\\\/www.procarton.com\\\/es\\\/#website\"},\"datePublished\":\"2022-06-22T15:59:45+00:00\",\"dateModified\":\"2023-05-17T11:48:21+00:00\",\"breadcrumb\":{\"@id\":\"https:\\\/\\\/www.procarton.com\\\/members\\\/marketing-communications\\\/4evergreen-cross-industry-alliance\\\/#breadcrumb\"},\"inLanguage\":\"de\",\"potentialAction\":[{\"@type\":\"ReadAction\",\"target\":[\"https:\\\/\\\/www.procarton.com\\\/members\\\/marketing-communications\\\/4evergreen-cross-industry-alliance\\\/\"]}]},{\"@type\":\"BreadcrumbList\",\"@id\":\"https:\\\/\\\/www.procarton.com\\\/members\\\/marketing-communications\\\/4evergreen-cross-industry-alliance\\\/#breadcrumb\",\"itemListElement\":[{\"@type\":\"ListItem\",\"position\":1,\"name\":\"Home\",\"item\":\"https:\\\/\\\/www.procarton.com\\\/\"},{\"@type\":\"ListItem\",\"position\":2,\"name\":\"Members Area\",\"item\":\"https:\\\/\\\/www.procarton.com\\\/members\\\/\"},{\"@type\":\"ListItem\",\"position\":3,\"name\":\"Marketing &#038; Communications\",\"item\":\"https:\\\/\\\/www.procarton.com\\\/members\\\/marketing-communications\\\/\"},{\"@type\":\"ListItem\",\"position\":4,\"name\":\"4evergreen (Members)\"}]},{\"@type\":\"WebSite\",\"@id\":\"https:\\\/\\\/www.procarton.com\\\/es\\\/#website\",\"url\":\"https:\\\/\\\/www.procarton.com\\\/es\\\/\",\"name\":\"Pro Carton\",\"description\":\"\",\"publisher\":{\"@id\":\"https:\\\/\\\/www.procarton.com\\\/es\\\/#organization\"},\"potentialAction\":[{\"@type\":\"SearchAction\",\"target\":{\"@type\":\"EntryPoint\",\"urlTemplate\":\"https:\\\/\\\/www.procarton.com\\\/es\\\/?s={search_term_string}\"},\"query-input\":{\"@type\":\"PropertyValueSpecification\",\"valueRequired\":true,\"valueName\":\"search_term_string\"}}],\"inLanguage\":\"de\"},{\"@type\":\"Organization\",\"@id\":\"https:\\\/\\\/www.procarton.com\\\/es\\\/#organization\",\"name\":\"ProCarton\",\"url\":\"https:\\\/\\\/www.procarton.com\\\/es\\\/\",\"logo\":{\"@type\":\"ImageObject\",\"inLanguage\":\"de\",\"@id\":\"https:\\\/\\\/www.procarton.com\\\/es\\\/#\\\/schema\\\/logo\\\/image\\\/\",\"url\":\"https:\\\/\\\/www.procarton.com\\\/wp-content\\\/uploads\\\/2022\\\/06\\\/logo-mit-slogan.jpg\",\"contentUrl\":\"https:\\\/\\\/www.procarton.com\\\/wp-content\\\/uploads\\\/2022\\\/06\\\/logo-mit-slogan.jpg\",\"width\":422,\"height\":519,\"caption\":\"ProCarton\"},\"image\":{\"@id\":\"https:\\\/\\\/www.procarton.com\\\/es\\\/#\\\/schema\\\/logo\\\/image\\\/\"},\"sameAs\":[\"https:\\\/\\\/www.facebook.com\\\/procartondesignaward\\\/\",\"https:\\\/\\\/x.com\\\/pro_carton\"]}]}<\/script>\n<!-- \/ Yoast SEO plugin. -->","yoast_head_json":{"title":"4evergreen (Mitglieder) - Pro Carton","robots":{"index":"index","follow":"follow","max-snippet":"max-snippet:-1","max-image-preview":"max-image-preview:large","max-video-preview":"max-video-preview:-1"},"canonical":"https:\/\/www.procarton.com\/de\/members\/marketing-communications\/4evergreen-cross-industry-alliance\/","og_locale":"de_DE","og_type":"article","og_title":"4evergreen (Members) - Pro Carton","og_url":"https:\/\/www.procarton.com\/de\/members\/marketing-communications\/4evergreen-cross-industry-alliance\/","og_site_name":"Pro Carton","article_publisher":"https:\/\/www.facebook.com\/procartondesignaward\/","article_modified_time":"2023-05-17T11:48:21+00:00","twitter_card":"summary_large_image","twitter_site":"@pro_carton","twitter_misc":{"Gesch\u00e4tzte Lesezeit":"4\u00a0Minuten"},"schema":{"@context":"https:\/\/schema.org","@graph":[{"@type":"WebPage","@id":"https:\/\/www.procarton.com\/members\/marketing-communications\/4evergreen-cross-industry-alliance\/","url":"https:\/\/www.procarton.com\/members\/marketing-communications\/4evergreen-cross-industry-alliance\/","name":"4evergreen (Mitglieder) - Pro Carton","isPartOf":{"@id":"https:\/\/www.procarton.com\/es\/#website"},"datePublished":"2022-06-22T15:59:45+00:00","dateModified":"2023-05-17T11:48:21+00:00","breadcrumb":{"@id":"https:\/\/www.procarton.com\/members\/marketing-communications\/4evergreen-cross-industry-alliance\/#breadcrumb"},"inLanguage":"de","potentialAction":[{"@type":"ReadAction","target":["https:\/\/www.procarton.com\/members\/marketing-communications\/4evergreen-cross-industry-alliance\/"]}]},{"@type":"BreadcrumbList","@id":"https:\/\/www.procarton.com\/members\/marketing-communications\/4evergreen-cross-industry-alliance\/#breadcrumb","itemListElement":[{"@type":"ListItem","position":1,"name":"Home","item":"https:\/\/www.procarton.com\/"},{"@type":"ListItem","position":2,"name":"Members Area","item":"https:\/\/www.procarton.com\/members\/"},{"@type":"ListItem","position":3,"name":"Marketing &#038; Communications","item":"https:\/\/www.procarton.com\/members\/marketing-communications\/"},{"@type":"ListItem","position":4,"name":"4evergreen (Members)"}]},{"@type":"WebSite","@id":"https:\/\/www.procarton.com\/es\/#website","url":"https:\/\/www.procarton.com\/es\/","name":"Pro Carton","description":"","publisher":{"@id":"https:\/\/www.procarton.com\/es\/#organization"},"potentialAction":[{"@type":"SearchAction","target":{"@type":"EntryPoint","urlTemplate":"https:\/\/www.procarton.com\/es\/?s={search_term_string}"},"query-input":{"@type":"PropertyValueSpecification","valueRequired":true,"valueName":"search_term_string"}}],"inLanguage":"de"},{"@type":"Organization","@id":"https:\/\/www.procarton.com\/es\/#organization","name":"ProCarton","url":"https:\/\/www.procarton.com\/es\/","logo":{"@type":"ImageObject","inLanguage":"de","@id":"https:\/\/www.procarton.com\/es\/#\/schema\/logo\/image\/","url":"https:\/\/www.procarton.com\/wp-content\/uploads\/2022\/06\/logo-mit-slogan.jpg","contentUrl":"https:\/\/www.procarton.com\/wp-content\/uploads\/2022\/06\/logo-mit-slogan.jpg","width":422,"height":519,"caption":"ProCarton"},"image":{"@id":"https:\/\/www.procarton.com\/es\/#\/schema\/logo\/image\/"},"sameAs":["https:\/\/www.facebook.com\/procartondesignaward\/","https:\/\/x.com\/pro_carton"]}]}},"_links":{"self":[{"href":"https:\/\/www.procarton.com\/de\/wp-json\/wp\/v2\/pages\/279121","targetHints":{"allow":["GET"]}}],"collection":[{"href":"https:\/\/www.procarton.com\/de\/wp-json\/wp\/v2\/pages"}],"about":[{"href":"https:\/\/www.procarton.com\/de\/wp-json\/wp\/v2\/types\/page"}],"author":[{"embeddable":true,"href":"https:\/\/www.procarton.com\/de\/wp-json\/wp\/v2\/users\/1286"}],"replies":[{"embeddable":true,"href":"https:\/\/www.procarton.com\/de\/wp-json\/wp\/v2\/comments?post=279121"}],"version-history":[{"count":28,"href":"https:\/\/www.procarton.com\/de\/wp-json\/wp\/v2\/pages\/279121\/revisions"}],"predecessor-version":[{"id":287154,"href":"https:\/\/www.procarton.com\/de\/wp-json\/wp\/v2\/pages\/279121\/revisions\/287154"}],"up":[{"embeddable":true,"href":"https:\/\/www.procarton.com\/de\/wp-json\/wp\/v2\/pages\/266973"}],"wp:attachment":[{"href":"https:\/\/www.procarton.com\/de\/wp-json\/wp\/v2\/media?parent=279121"}],"curies":[{"name":"wp","href":"https:\/\/api.w.org\/{rel}","templated":true}]}}