{"id":277693,"date":"2022-06-22T16:30:46","date_gmt":"2022-06-22T15:30:46","guid":{"rendered":"https:\/\/www.procarton.com\/?page_id=277693"},"modified":"2023-10-20T15:22:52","modified_gmt":"2023-10-20T14:22:52","slug":"pro-carton-young-designers-award-2023","status":"publish","type":"page","link":"https:\/\/www.procarton.com\/de\/awards\/pro-carton-young-designers-award\/pro-carton-young-designers-award-2023\/","title":{"rendered":"2023"},"content":{"rendered":"<div class=\"av-animated-generic top-to-bottom flex_column av_one_full  flex_column_div av-zero-column-padding first  avia-builder-el-0  el_before_av_two_third  avia-builder-el-first\" style='border-radius:0px; '>\n<section class=\"av_textblock_section\"  itemscope=\"itemscope\" itemtype=\"https:\/\/schema.org\/CreativeWork\" >\n<div class='avia_textblock'   itemprop=\"text\" >\n<h1>Die Pro Carton Young Designers Award-Gewinner 2023 stehen fest!<\/h1>\n<\/div>\n<\/section>\n<\/div>\n<div class=\"av-animated-generic top-to-bottom flex_column av_two_third  flex_column_div av-zero-column-padding first  avia-builder-el-2  el_after_av_one_full  el_before_av_one_third  column-top-margin\" style='border-radius:0px; '>\n<section class=\"av_textblock_section\"  itemscope=\"itemscope\" itemtype=\"https:\/\/schema.org\/CreativeWork\" >\n<div class='avia_textblock'   itemprop=\"text\" >\n<p>Der Pro Carton Young Designers Award hat sich als feste Gr\u00f6\u00dfe unter den Preisen f\u00fcr Designstudenten etabliert. Die Teilnahme am Designwettbewerb ist kostenlos und steht allen Sch\u00fclern offen, die an einer europ\u00e4ischen Schule oder Universit\u00e4t eingeschrieben sind. Wir ermutigen Lehrkr\u00e4fte, den Preis zu einem <a href=\"https:\/\/www.procarton.com\/awards\/pro-carton-young-designers-award\/pro-carton-young-designers-award-2023\/pro-carton-young-designers-award-2023-course-assignment\/\"><strong>Kurszuweisung<\/strong><\/a><b>.<\/b><\/p>\n<p>Beitr\u00e4ge k\u00f6nnen in diesen Kategorien eingereicht werden:<\/p>\n<ul>\n<li>Creative Cartonboard Packaging | Lebensmittel &amp; Getr\u00e4nke<\/li>\n<li>Kreative Kartonverpackungen | Alle anderen<\/li>\n<li>Sustainability Award<\/li>\n<\/ul>\n<p class=\"p1\"><em>F\u00fcr weitere Fragen nehmen Sie bitte Kontakt mit uns auf:<strong> <a href=\"mailto:designaward@procarton.com\">designaward@procarton.com<\/a><\/strong><\/em><\/p>\n<\/div>\n<\/section>\n<div   class='hr hr-default   avia-builder-el-4  el_after_av_textblock  el_before_av_button'><span class='hr-inner' ><span class='hr-inner-style'><\/span><\/span><\/div>\n<div  class='avia-button-wrap avia-button-center  avia-builder-el-5  el_after_av_hr  el_before_av_hr' ><a href='https:\/\/www.procarton.com\/awards\/pro-carton-young-designers-award\/pro-carton-young-designers-award-2023\/winners\/' class='avia-button  avia-color-theme-color   avia-icon_select-no avia-size-small avia-position-center' target=\"_blank\" rel=\"noopener noreferrer\"><span class='avia_iconbox_title' >Nehmt mich mit zu den 2023-Gewinnern!<\/span><\/a><\/div>\n<div   class='hr hr-default   avia-builder-el-6  el_after_av_button  el_before_av_textblock'><span class='hr-inner' ><span class='hr-inner-style'><\/span><\/span><\/div>\n<section class=\"av_textblock_section\"  itemscope=\"itemscope\" itemtype=\"https:\/\/schema.org\/CreativeWork\" >\n<div class='avia_textblock'   itemprop=\"text\" >\n<h4>Vielen Dank an unsere Sponsoren!<\/h4>\n<p>Im Jahr 2023 sind die Sponsoren f\u00fcr den PCYDA Award <strong><a href=\"https:\/\/www.kartonsan.com.tr\/en\/\" target=\"_blank\" rel=\"noopener\">Kartonsan<\/a><\/strong>\u00a0und <strong><a href=\"https:\/\/www.durandogan.com\/en\/\" target=\"_blank\" rel=\"noopener\">Duran Dogan<\/a>.<\/strong><\/p>\n<p>Wir sind auch sehr dankbar f\u00fcr <strong><a href=\"https:\/\/www.mm-boardpaper.com\/\" target=\"_blank\" rel=\"noopener\">MM Karton und Papier<\/a><\/strong> &amp; <strong><a href=\"https:\/\/www.metsagroup.com\/metsaboard\/\" target=\"_blank\" rel=\"noopener\">Mets\u00e4<\/a><\/strong> die das gesamte Testmaterial f\u00fcr die Sch\u00fcler bereitstellen.  Dies ist ein enormer Beitrag, der das ganze Jahr \u00fcber geleistet wird.<\/p>\n<\/div>\n<\/section>\n<\/div>\n<div class=\"av-animated-generic top-to-bottom flex_column av_one_third  flex_column_div av-zero-column-padding   avia-builder-el-8  el_after_av_two_third  avia-builder-el-last  column-top-margin\" style='border-radius:0px; '>\n<div  class='avia-image-container  av-styling-    avia-builder-el-9  el_before_av_button  avia-builder-el-first  avia-align-center'  itemprop=\"image\" itemscope=\"itemscope\" itemtype=\"https:\/\/schema.org\/ImageObject\"  >\n<div class='avia-image-container-inner'>\n<div class='avia-image-overlay-wrap'><a href=\"https:\/\/www.procarton.com\/wp-content\/uploads\/2023\/09\/2023-Pro-Carton-Award-Winners-Brochure.pdf\" class='avia_image' target=\"_blank\" rel=\"noopener noreferrer\"><img decoding=\"async\" width=\"199\" height=\"300\" class='wp-image-291950 avia-img-lazy-loading-not-291950 avia_image' src=\"https:\/\/www.procarton.com\/wp-content\/uploads\/2023\/09\/2023-Awards-Winners-Brochure-Front-Page-199x300.png\" alt='' title='2023 Awards Gewinner Brosch\u00fcre Titelseite'  itemprop=\"thumbnailUrl\" srcset=\"https:\/\/www.procarton.com\/wp-content\/uploads\/2023\/09\/2023-Awards-Winners-Brochure-Front-Page-199x300.png 199w, https:\/\/www.procarton.com\/wp-content\/uploads\/2023\/09\/2023-Awards-Winners-Brochure-Front-Page-8x12.png 8w, https:\/\/www.procarton.com\/wp-content\/uploads\/2023\/09\/2023-Awards-Winners-Brochure-Front-Page-467x705.png 467w, https:\/\/www.procarton.com\/wp-content\/uploads\/2023\/09\/2023-Awards-Winners-Brochure-Front-Page.png 553w\" sizes=\"(max-width: 199px) 100vw, 199px\" \/><\/a><\/div>\n<\/div>\n<\/div>\n<div  class='avia-button-wrap avia-button-center  avia-builder-el-10  el_after_av_image  el_before_av_hr' ><a href='https:\/\/www.procarton.com\/wp-content\/uploads\/2023\/09\/2023-Pro-Carton-Award-Winners-Brochure.pdf' class='avia-button  avia-color-theme-color   avia-icon_select-no avia-size-small avia-position-center' target=\"_blank\" rel=\"noopener noreferrer\"><span class='avia_iconbox_title' >2023 Awards Brosch\u00fcre<\/span><\/a><\/div>\n<div  style='height:50px' class='hr hr-invisible   avia-builder-el-11  el_after_av_button  el_before_av_image'><span class='hr-inner' ><span class='hr-inner-style'><\/span><\/span><\/div>\n<div  class='avia-image-container  av-styling-no-styling    avia-builder-el-12  el_after_av_hr  avia-builder-el-last  avia-align-center'  itemprop=\"image\" itemscope=\"itemscope\" itemtype=\"https:\/\/schema.org\/ImageObject\"  >\n<div class='avia-image-container-inner'>\n<div class='avia-image-overlay-wrap'><img decoding=\"async\" width=\"1024\" height=\"768\" class='wp-image-291982 avia-img-lazy-loading-not-291982 avia_image' src=\"https:\/\/www.procarton.com\/wp-content\/uploads\/2023\/09\/PCSVA-2023-Winners-Photo-2023-09-21-at-20.05.16.jpg\" alt='' title='PCYDA 2023 Gewinner Foto 2023-09-21 am 20.05.16'  itemprop=\"thumbnailUrl\" srcset=\"https:\/\/www.procarton.com\/wp-content\/uploads\/2023\/09\/PCSVA-2023-Winners-Photo-2023-09-21-at-20.05.16.jpg 1024w, https:\/\/www.procarton.com\/wp-content\/uploads\/2023\/09\/PCSVA-2023-Winners-Photo-2023-09-21-at-20.05.16-300x225.jpg 300w, https:\/\/www.procarton.com\/wp-content\/uploads\/2023\/09\/PCSVA-2023-Winners-Photo-2023-09-21-at-20.05.16-768x576.jpg 768w, https:\/\/www.procarton.com\/wp-content\/uploads\/2023\/09\/PCSVA-2023-Winners-Photo-2023-09-21-at-20.05.16-16x12.jpg 16w, https:\/\/www.procarton.com\/wp-content\/uploads\/2023\/09\/PCSVA-2023-Winners-Photo-2023-09-21-at-20.05.16-705x529.jpg 705w\" sizes=\"(max-width: 1024px) 100vw, 1024px\" \/><\/div>\n<\/div>\n<\/div>\n<\/div>","protected":false},"excerpt":{"rendered":"","protected":false},"author":868,"featured_media":284669,"parent":243708,"menu_order":3,"comment_status":"closed","ping_status":"closed","template":"templates\/award_details_page.php","meta":{"inline_featured_image":false,"footnotes":""},"class_list":["post-277693","page","type-page","status-publish","has-post-thumbnail","hentry"],"yoast_head":"<!-- This site is optimized with the Yoast SEO plugin v27.4 - https:\/\/yoast.com\/product\/yoast-seo-wordpress\/ -->\n<title>2023 - Pro Carton<\/title>\n<meta name=\"robots\" content=\"index, follow, max-snippet:-1, max-image-preview:large, max-video-preview:-1\" \/>\n<link rel=\"canonical\" href=\"https:\/\/www.procarton.com\/de\/awards\/pro-carton-young-designers-award\/pro-carton-young-designers-award-2023\/\" \/>\n<meta property=\"og:locale\" content=\"de_DE\" \/>\n<meta property=\"og:type\" content=\"article\" \/>\n<meta property=\"og:title\" content=\"2023 - Pro Carton\" \/>\n<meta property=\"og:url\" content=\"https:\/\/www.procarton.com\/de\/awards\/pro-carton-young-designers-award\/pro-carton-young-designers-award-2023\/\" \/>\n<meta property=\"og:site_name\" content=\"Pro Carton\" \/>\n<meta property=\"article:publisher\" content=\"https:\/\/www.facebook.com\/procartondesignaward\/\" \/>\n<meta property=\"article:modified_time\" content=\"2023-10-20T14:22:52+00:00\" \/>\n<meta property=\"og:image\" content=\"https:\/\/www.procarton.com\/wp-content\/uploads\/2023\/02\/PCYDA-Young-Designers-Award-2023-Logo-Header-Featured-Image.png\" \/>\n\t<meta property=\"og:image:width\" content=\"1920\" \/>\n\t<meta property=\"og:image:height\" content=\"1080\" \/>\n\t<meta property=\"og:image:type\" content=\"image\/png\" \/>\n<meta name=\"twitter:card\" content=\"summary_large_image\" \/>\n<meta name=\"twitter:site\" content=\"@pro_carton\" \/>\n<meta name=\"twitter:label1\" content=\"Gesch\u00e4tzte Lesezeit\" \/>\n\t<meta name=\"twitter:data1\" content=\"3\u00a0Minuten\" \/>\n<script type=\"application\/ld+json\" class=\"yoast-schema-graph\">{\"@context\":\"https:\\\/\\\/schema.org\",\"@graph\":[{\"@type\":\"WebPage\",\"@id\":\"https:\\\/\\\/www.procarton.com\\\/awards\\\/pro-carton-young-designers-award\\\/pro-carton-young-designers-award-2023\\\/\",\"url\":\"https:\\\/\\\/www.procarton.com\\\/awards\\\/pro-carton-young-designers-award\\\/pro-carton-young-designers-award-2023\\\/\",\"name\":\"2023 - Pro Carton\",\"isPartOf\":{\"@id\":\"https:\\\/\\\/www.procarton.com\\\/es\\\/#website\"},\"primaryImageOfPage\":{\"@id\":\"https:\\\/\\\/www.procarton.com\\\/awards\\\/pro-carton-young-designers-award\\\/pro-carton-young-designers-award-2023\\\/#primaryimage\"},\"image\":{\"@id\":\"https:\\\/\\\/www.procarton.com\\\/awards\\\/pro-carton-young-designers-award\\\/pro-carton-young-designers-award-2023\\\/#primaryimage\"},\"thumbnailUrl\":\"https:\\\/\\\/www.procarton.com\\\/wp-content\\\/uploads\\\/2023\\\/02\\\/PCYDA-Young-Designers-Award-2023-Logo-Header-Featured-Image.png\",\"datePublished\":\"2022-06-22T15:30:46+00:00\",\"dateModified\":\"2023-10-20T14:22:52+00:00\",\"breadcrumb\":{\"@id\":\"https:\\\/\\\/www.procarton.com\\\/awards\\\/pro-carton-young-designers-award\\\/pro-carton-young-designers-award-2023\\\/#breadcrumb\"},\"inLanguage\":\"de\",\"potentialAction\":[{\"@type\":\"ReadAction\",\"target\":[\"https:\\\/\\\/www.procarton.com\\\/awards\\\/pro-carton-young-designers-award\\\/pro-carton-young-designers-award-2023\\\/\"]}]},{\"@type\":\"ImageObject\",\"inLanguage\":\"de\",\"@id\":\"https:\\\/\\\/www.procarton.com\\\/awards\\\/pro-carton-young-designers-award\\\/pro-carton-young-designers-award-2023\\\/#primaryimage\",\"url\":\"https:\\\/\\\/www.procarton.com\\\/wp-content\\\/uploads\\\/2023\\\/02\\\/PCYDA-Young-Designers-Award-2023-Logo-Header-Featured-Image.png\",\"contentUrl\":\"https:\\\/\\\/www.procarton.com\\\/wp-content\\\/uploads\\\/2023\\\/02\\\/PCYDA-Young-Designers-Award-2023-Logo-Header-Featured-Image.png\",\"width\":1920,\"height\":1080},{\"@type\":\"BreadcrumbList\",\"@id\":\"https:\\\/\\\/www.procarton.com\\\/awards\\\/pro-carton-young-designers-award\\\/pro-carton-young-designers-award-2023\\\/#breadcrumb\",\"itemListElement\":[{\"@type\":\"ListItem\",\"position\":1,\"name\":\"Home\",\"item\":\"https:\\\/\\\/www.procarton.com\\\/\"},{\"@type\":\"ListItem\",\"position\":2,\"name\":\"Awards\",\"item\":\"https:\\\/\\\/www.procarton.com\\\/awards\\\/\"},{\"@type\":\"ListItem\",\"position\":3,\"name\":\"Pro Carton Young Designers Award\",\"item\":\"https:\\\/\\\/www.procarton.com\\\/awards\\\/pro-carton-young-designers-award\\\/\"},{\"@type\":\"ListItem\",\"position\":4,\"name\":\"2023\"}]},{\"@type\":\"WebSite\",\"@id\":\"https:\\\/\\\/www.procarton.com\\\/es\\\/#website\",\"url\":\"https:\\\/\\\/www.procarton.com\\\/es\\\/\",\"name\":\"Pro Carton\",\"description\":\"\",\"publisher\":{\"@id\":\"https:\\\/\\\/www.procarton.com\\\/es\\\/#organization\"},\"potentialAction\":[{\"@type\":\"SearchAction\",\"target\":{\"@type\":\"EntryPoint\",\"urlTemplate\":\"https:\\\/\\\/www.procarton.com\\\/es\\\/?s={search_term_string}\"},\"query-input\":{\"@type\":\"PropertyValueSpecification\",\"valueRequired\":true,\"valueName\":\"search_term_string\"}}],\"inLanguage\":\"de\"},{\"@type\":\"Organization\",\"@id\":\"https:\\\/\\\/www.procarton.com\\\/es\\\/#organization\",\"name\":\"ProCarton\",\"url\":\"https:\\\/\\\/www.procarton.com\\\/es\\\/\",\"logo\":{\"@type\":\"ImageObject\",\"inLanguage\":\"de\",\"@id\":\"https:\\\/\\\/www.procarton.com\\\/es\\\/#\\\/schema\\\/logo\\\/image\\\/\",\"url\":\"https:\\\/\\\/www.procarton.com\\\/wp-content\\\/uploads\\\/2022\\\/06\\\/logo-mit-slogan.jpg\",\"contentUrl\":\"https:\\\/\\\/www.procarton.com\\\/wp-content\\\/uploads\\\/2022\\\/06\\\/logo-mit-slogan.jpg\",\"width\":422,\"height\":519,\"caption\":\"ProCarton\"},\"image\":{\"@id\":\"https:\\\/\\\/www.procarton.com\\\/es\\\/#\\\/schema\\\/logo\\\/image\\\/\"},\"sameAs\":[\"https:\\\/\\\/www.facebook.com\\\/procartondesignaward\\\/\",\"https:\\\/\\\/x.com\\\/pro_carton\"]}]}<\/script>\n<!-- \/ Yoast SEO plugin. -->","yoast_head_json":{"title":"2023 - Profi-Karton","robots":{"index":"index","follow":"follow","max-snippet":"max-snippet:-1","max-image-preview":"max-image-preview:large","max-video-preview":"max-video-preview:-1"},"canonical":"https:\/\/www.procarton.com\/de\/awards\/pro-carton-young-designers-award\/pro-carton-young-designers-award-2023\/","og_locale":"de_DE","og_type":"article","og_title":"2023 - Pro Carton","og_url":"https:\/\/www.procarton.com\/de\/awards\/pro-carton-young-designers-award\/pro-carton-young-designers-award-2023\/","og_site_name":"Pro Carton","article_publisher":"https:\/\/www.facebook.com\/procartondesignaward\/","article_modified_time":"2023-10-20T14:22:52+00:00","og_image":[{"width":1920,"height":1080,"url":"https:\/\/www.procarton.com\/wp-content\/uploads\/2023\/02\/PCYDA-Young-Designers-Award-2023-Logo-Header-Featured-Image.png","type":"image\/png"}],"twitter_card":"summary_large_image","twitter_site":"@pro_carton","twitter_misc":{"Gesch\u00e4tzte Lesezeit":"3\u00a0Minuten"},"schema":{"@context":"https:\/\/schema.org","@graph":[{"@type":"WebPage","@id":"https:\/\/www.procarton.com\/awards\/pro-carton-young-designers-award\/pro-carton-young-designers-award-2023\/","url":"https:\/\/www.procarton.com\/awards\/pro-carton-young-designers-award\/pro-carton-young-designers-award-2023\/","name":"2023 - Profi-Karton","isPartOf":{"@id":"https:\/\/www.procarton.com\/es\/#website"},"primaryImageOfPage":{"@id":"https:\/\/www.procarton.com\/awards\/pro-carton-young-designers-award\/pro-carton-young-designers-award-2023\/#primaryimage"},"image":{"@id":"https:\/\/www.procarton.com\/awards\/pro-carton-young-designers-award\/pro-carton-young-designers-award-2023\/#primaryimage"},"thumbnailUrl":"https:\/\/www.procarton.com\/wp-content\/uploads\/2023\/02\/PCYDA-Young-Designers-Award-2023-Logo-Header-Featured-Image.png","datePublished":"2022-06-22T15:30:46+00:00","dateModified":"2023-10-20T14:22:52+00:00","breadcrumb":{"@id":"https:\/\/www.procarton.com\/awards\/pro-carton-young-designers-award\/pro-carton-young-designers-award-2023\/#breadcrumb"},"inLanguage":"de","potentialAction":[{"@type":"ReadAction","target":["https:\/\/www.procarton.com\/awards\/pro-carton-young-designers-award\/pro-carton-young-designers-award-2023\/"]}]},{"@type":"ImageObject","inLanguage":"de","@id":"https:\/\/www.procarton.com\/awards\/pro-carton-young-designers-award\/pro-carton-young-designers-award-2023\/#primaryimage","url":"https:\/\/www.procarton.com\/wp-content\/uploads\/2023\/02\/PCYDA-Young-Designers-Award-2023-Logo-Header-Featured-Image.png","contentUrl":"https:\/\/www.procarton.com\/wp-content\/uploads\/2023\/02\/PCYDA-Young-Designers-Award-2023-Logo-Header-Featured-Image.png","width":1920,"height":1080},{"@type":"BreadcrumbList","@id":"https:\/\/www.procarton.com\/awards\/pro-carton-young-designers-award\/pro-carton-young-designers-award-2023\/#breadcrumb","itemListElement":[{"@type":"ListItem","position":1,"name":"Home","item":"https:\/\/www.procarton.com\/"},{"@type":"ListItem","position":2,"name":"Awards","item":"https:\/\/www.procarton.com\/awards\/"},{"@type":"ListItem","position":3,"name":"Pro Carton Young Designers Award","item":"https:\/\/www.procarton.com\/awards\/pro-carton-young-designers-award\/"},{"@type":"ListItem","position":4,"name":"2023"}]},{"@type":"WebSite","@id":"https:\/\/www.procarton.com\/es\/#website","url":"https:\/\/www.procarton.com\/es\/","name":"Pro Carton","description":"","publisher":{"@id":"https:\/\/www.procarton.com\/es\/#organization"},"potentialAction":[{"@type":"SearchAction","target":{"@type":"EntryPoint","urlTemplate":"https:\/\/www.procarton.com\/es\/?s={search_term_string}"},"query-input":{"@type":"PropertyValueSpecification","valueRequired":true,"valueName":"search_term_string"}}],"inLanguage":"de"},{"@type":"Organization","@id":"https:\/\/www.procarton.com\/es\/#organization","name":"ProCarton","url":"https:\/\/www.procarton.com\/es\/","logo":{"@type":"ImageObject","inLanguage":"de","@id":"https:\/\/www.procarton.com\/es\/#\/schema\/logo\/image\/","url":"https:\/\/www.procarton.com\/wp-content\/uploads\/2022\/06\/logo-mit-slogan.jpg","contentUrl":"https:\/\/www.procarton.com\/wp-content\/uploads\/2022\/06\/logo-mit-slogan.jpg","width":422,"height":519,"caption":"ProCarton"},"image":{"@id":"https:\/\/www.procarton.com\/es\/#\/schema\/logo\/image\/"},"sameAs":["https:\/\/www.facebook.com\/procartondesignaward\/","https:\/\/x.com\/pro_carton"]}]}},"_links":{"self":[{"href":"https:\/\/www.procarton.com\/de\/wp-json\/wp\/v2\/pages\/277693","targetHints":{"allow":["GET"]}}],"collection":[{"href":"https:\/\/www.procarton.com\/de\/wp-json\/wp\/v2\/pages"}],"about":[{"href":"https:\/\/www.procarton.com\/de\/wp-json\/wp\/v2\/types\/page"}],"author":[{"embeddable":true,"href":"https:\/\/www.procarton.com\/de\/wp-json\/wp\/v2\/users\/868"}],"replies":[{"embeddable":true,"href":"https:\/\/www.procarton.com\/de\/wp-json\/wp\/v2\/comments?post=277693"}],"version-history":[{"count":72,"href":"https:\/\/www.procarton.com\/de\/wp-json\/wp\/v2\/pages\/277693\/revisions"}],"predecessor-version":[{"id":299031,"href":"https:\/\/www.procarton.com\/de\/wp-json\/wp\/v2\/pages\/277693\/revisions\/299031"}],"up":[{"embeddable":true,"href":"https:\/\/www.procarton.com\/de\/wp-json\/wp\/v2\/pages\/243708"}],"wp:featuredmedia":[{"embeddable":true,"href":"https:\/\/www.procarton.com\/de\/wp-json\/wp\/v2\/media\/284669"}],"wp:attachment":[{"href":"https:\/\/www.procarton.com\/de\/wp-json\/wp\/v2\/media?parent=277693"}],"curies":[{"name":"wp","href":"https:\/\/api.w.org\/{rel}","templated":true}]}}