{"id":276538,"date":"2022-03-31T23:27:50","date_gmt":"2022-03-31T22:27:50","guid":{"rendered":"https:\/\/www.procarton.com\/awards\/european-carton-excellence-award\/2013-2\/rules\/"},"modified":"2022-03-31T23:30:22","modified_gmt":"2022-03-31T22:30:22","slug":"rules","status":"publish","type":"page","link":"https:\/\/www.procarton.com\/de\/awards\/european-carton-excellence-award\/2013-2\/rules\/","title":{"rendered":"Regeln"},"content":{"rendered":"<div class=\"av-animated-generic top-to-bottom flex_column av_one_full  flex_column_div av-zero-column-padding first  avia-builder-el-0  avia-builder-el-no-sibling\" style='border-radius:0px; '>\n<section class=\"av_textblock_section\"  itemscope=\"itemscope\" itemtype=\"https:\/\/schema.org\/CreativeWork\" >\n<div class='avia_textblock'   itemprop=\"text\" >\n<div class=\"container main-content\" data-page-id=\"510\">\n<div class=\"clearfix\">\n<div id=\"primary\" class=\"content-area col-sm-12\">\n<div id=\"content\" class=\"site-content\" role=\"main\">\n<p><strong>Regeln f\u00fcr die Einreise<\/strong><\/p>\n<ul>\n<li>Alle Beitr\u00e4ge m\u00fcssen f\u00fcr den Verkauf hergestellt werden<\/li>\n<li>Beitr\u00e4ge k\u00f6nnen von jedem eingereicht werden, aber alle Beitr\u00e4ge m\u00fcssen von einem ECMA- oder Pro Carton-Mitglied gedruckt und konvertiert worden sein.<\/li>\n<li>Alle Beitr\u00e4ge m\u00fcssen \u00fcberwiegend aus Karton oder aus auf Mikrowelle kaschiertem Karton (mit einer Tiefe von 1 mm oder weniger) hergestellt sein.<\/li>\n<li>Alle Beitr\u00e4ge m\u00fcssen in den Jahren 2011, 2012 oder 2013 produziert und verkauft worden sein.<\/li>\n<li>Werbekartons von Kartonherstellern oder Kartonproduzenten k\u00f6nnen nicht eingereicht werden.<\/li>\n<li>M\u00fcssen die Beitr\u00e4ge zur\u00fcckgeschickt werden, gehen die Kosten daf\u00fcr zu Lasten des Teilnehmers.<\/li>\n<li>Allen Beitr\u00e4gen muss ein ausgef\u00fclltes und von einem Unternehmensvertreter unterschriebenes Teilnahmeformular sowie eine schriftliche Genehmigung des Markeninhabers beiliegen.<\/li>\n<li>Alle Einsendungen sollten nach M\u00f6glichkeit das zu beurteilende Produkt enthalten. Dies ist bei verderblichen Waren nicht unbedingt erforderlich.<\/li>\n<li>Jede Einsendung wird ausschlie\u00dflich nach den Vorz\u00fcgen der Faltschachtel beurteilt.<\/li>\n<li>F\u00fcr die Kategorie Volumenmarkt m\u00fcssen die Kartons in Mengen von mehr als 1 Million St\u00fcck verkauft worden sein. \"Familien\" von Kartons, die diese Menge \u00fcberschreiten, k\u00f6nnen eingetragen werden<\/li>\n<li>Teilnehmer k\u00f6nnen unbegrenzt Beitr\u00e4ge einreichen<\/li>\n<li>Der Name des Kartonherstellers sollte nach M\u00f6glichkeit nicht auf dem Karton erscheinen. Falls doch, wird er von den Richtern ausgeblendet.<\/li>\n<li>Von jedem Beitrag sollten drei Beispiele eingereicht werden<\/li>\n<li>Alle Beitr\u00e4ge sollten unter einer der Kategorien eingereicht werden. Die Einreichungen k\u00f6nnen nach Ermessen der Jury neu klassifiziert werden<\/li>\n<li>Die Ergebnisse werden auf dem ECMA-Kongress bekannt gegeben: 19. September in Dubrovnik<\/li>\n<li>Pro Carton und ECMA behalten sich das Recht vor, alle Beitr\u00e4ge f\u00fcr Werbezwecke zu verwenden.<\/li>\n<li>Die Entscheidung der Jury ist endg\u00fcltig.<\/li>\n<\/ul>\n<p><strong>Beurteilungskriterien<\/strong><br \/>\nAlle Beitr\u00e4ge werden anhand der folgenden Kriterien bewertet<\/p>\n<ul>\n<li>Struktureller Entwurf<\/li>\n<li>Grafische Gestaltung<\/li>\n<li>Marketingkonzept<\/li>\n<li>Innovation<\/li>\n<li>Ausgereifte Kartonherstellung<\/li>\n<li>Leistung der Verpackung<\/li>\n<li>Bearbeitbarkeit, Verarbeitung und Handhabung<\/li>\n<li>Die Jury w\u00e4hlt aus allen Einsendungen Carton of the Year, das innovativste Design und den Nachhaltigkeitspreis Award. Der Nachhaltigkeitspreis wird f\u00fcr den Beitrag vergeben, der die Nachhaltigkeit von Karton und Faltschachteln am besten demonstriert.<\/li>\n<\/ul>\n<p>Die Teilnehmer werden gebeten, mit ihrem Beitrag bestimmte \"Nachhaltigkeitsmerkmale\" hervorzuheben<\/p>\n<p><strong>Verfahren f\u00fcr die Einreise<\/strong><\/p>\n<ul>\n<li>Das Anmeldeformular muss von einem Vertreter des Unternehmens, das die Anmeldung vornimmt, unterzeichnet sein.<\/li>\n<li>Jedem Beitrag muss ein vom Markeninhaber unterzeichnetes Genehmigungsschreiben beiliegen.<\/li>\n<li>Mindestens drei Proben, vorzugsweise mit Inhalt, sollten zur Bewertung eingereicht werden<\/li>\n<li>Wenn der Inhalt nicht verf\u00fcgbar ist, ersetzen Sie ihn bitte durch einen Dummy oder ein Foto, um einen Eindruck vom Verpackungs-\/Produktkonzept zu vermitteln.<\/li>\n<li>Die Anmeldeformulare sollten so vollst\u00e4ndig wie m\u00f6glich in Deutsch, Englisch, Franz\u00f6sisch, Spanisch oder Italienisch ausgef\u00fcllt werden.<\/li>\n<li>Sorgf\u00e4ltig verpacken und einsenden an<br \/>\n<strong>Profi-Karton\/ECMA<\/strong><br \/>\n<strong>Laan Copes Van Cattenburch 79<\/strong><br \/>\n<strong>NL-2585 EW Den Haag, Niederlande<\/strong><\/li>\n<li>Anmeldegeb\u00fchr\/en: \u20ac 100,- pro Anmeldung;<br \/>\nweitere Eintr\u00e4ge pro Teilnehmer\/Produktionseinheit: -25%;<br \/>\nFr\u00fchbucherangebote bis zum 2. Mai: -10%<br \/>\nsind wie auf dem Anmeldeformular angegeben zu bezahlen.<br \/>\nEine Anmeldung wird nur angenommen, wenn die volle Geb\u00fchr bezahlt wurde.<\/li>\n<li>Formulare f\u00fcr die Eintragung und die Zustimmung des Markeninhabers in Deutsch, Englisch, Franz\u00f6sisch, Italienisch und Spanisch sind unter www.procartonecmaaward.com erh\u00e4ltlich.<\/li>\n<li>Einsendeschluss 6. Juni 2013<\/li>\n<\/ul>\n<\/div>\n<\/div>\n<\/div>\n<\/div>\n<\/div>\n<\/section>\n<\/div>","protected":false},"excerpt":{"rendered":"","protected":false},"author":868,"featured_media":0,"parent":258277,"menu_order":3,"comment_status":"closed","ping_status":"closed","template":"templates\/award_details_page.php","meta":{"inline_featured_image":false,"footnotes":""},"class_list":["post-276538","page","type-page","status-publish","hentry"],"yoast_head":"<!-- This site is optimized with the Yoast SEO plugin v27.3 - https:\/\/yoast.com\/product\/yoast-seo-wordpress\/ -->\n<title>Rules - Pro Carton<\/title>\n<meta name=\"robots\" content=\"index, follow, max-snippet:-1, max-image-preview:large, max-video-preview:-1\" \/>\n<link rel=\"canonical\" href=\"https:\/\/www.procarton.com\/de\/awards\/european-carton-excellence-award\/2013-2\/rules\/\" \/>\n<meta property=\"og:locale\" content=\"de_DE\" \/>\n<meta property=\"og:type\" content=\"article\" \/>\n<meta property=\"og:title\" content=\"Rules - Pro Carton\" \/>\n<meta property=\"og:url\" content=\"https:\/\/www.procarton.com\/de\/awards\/european-carton-excellence-award\/2013-2\/rules\/\" \/>\n<meta property=\"og:site_name\" content=\"Pro Carton\" \/>\n<meta property=\"article:publisher\" content=\"https:\/\/www.facebook.com\/procartondesignaward\/\" \/>\n<meta property=\"article:modified_time\" content=\"2022-03-31T22:30:22+00:00\" \/>\n<meta name=\"twitter:card\" content=\"summary_large_image\" \/>\n<meta name=\"twitter:site\" content=\"@pro_carton\" \/>\n<meta name=\"twitter:label1\" content=\"Gesch\u00e4tzte Lesezeit\" \/>\n\t<meta name=\"twitter:data1\" content=\"3\u00a0Minuten\" \/>\n<script type=\"application\/ld+json\" class=\"yoast-schema-graph\">{\"@context\":\"https:\\\/\\\/schema.org\",\"@graph\":[{\"@type\":\"WebPage\",\"@id\":\"https:\\\/\\\/www.procarton.com\\\/es\\\/awards\\\/european-carton-excellence-award\\\/2013-2\\\/rules\\\/\",\"url\":\"https:\\\/\\\/www.procarton.com\\\/es\\\/awards\\\/european-carton-excellence-award\\\/2013-2\\\/rules\\\/\",\"name\":\"Rules - Pro Carton\",\"isPartOf\":{\"@id\":\"https:\\\/\\\/www.procarton.com\\\/es\\\/#website\"},\"datePublished\":\"2022-03-31T22:27:50+00:00\",\"dateModified\":\"2022-03-31T22:30:22+00:00\",\"breadcrumb\":{\"@id\":\"https:\\\/\\\/www.procarton.com\\\/es\\\/awards\\\/european-carton-excellence-award\\\/2013-2\\\/rules\\\/#breadcrumb\"},\"inLanguage\":\"de\",\"potentialAction\":[{\"@type\":\"ReadAction\",\"target\":[\"https:\\\/\\\/www.procarton.com\\\/es\\\/awards\\\/european-carton-excellence-award\\\/2013-2\\\/rules\\\/\"]}]},{\"@type\":\"BreadcrumbList\",\"@id\":\"https:\\\/\\\/www.procarton.com\\\/es\\\/awards\\\/european-carton-excellence-award\\\/2013-2\\\/rules\\\/#breadcrumb\",\"itemListElement\":[{\"@type\":\"ListItem\",\"position\":1,\"name\":\"Home\",\"item\":\"https:\\\/\\\/www.procarton.com\\\/\"},{\"@type\":\"ListItem\",\"position\":2,\"name\":\"Awards\",\"item\":\"https:\\\/\\\/www.procarton.com\\\/awards\\\/\"},{\"@type\":\"ListItem\",\"position\":3,\"name\":\"European Carton Excellence Award\",\"item\":\"https:\\\/\\\/www.procarton.com\\\/awards\\\/european-carton-excellence-award\\\/\"},{\"@type\":\"ListItem\",\"position\":4,\"name\":\"2013\",\"item\":\"https:\\\/\\\/www.procarton.com\\\/es\\\/awards\\\/european-carton-excellence-award\\\/2013-2\\\/\"},{\"@type\":\"ListItem\",\"position\":5,\"name\":\"Rules\"}]},{\"@type\":\"WebSite\",\"@id\":\"https:\\\/\\\/www.procarton.com\\\/es\\\/#website\",\"url\":\"https:\\\/\\\/www.procarton.com\\\/es\\\/\",\"name\":\"Pro Carton\",\"description\":\"\",\"publisher\":{\"@id\":\"https:\\\/\\\/www.procarton.com\\\/es\\\/#organization\"},\"potentialAction\":[{\"@type\":\"SearchAction\",\"target\":{\"@type\":\"EntryPoint\",\"urlTemplate\":\"https:\\\/\\\/www.procarton.com\\\/es\\\/?s={search_term_string}\"},\"query-input\":{\"@type\":\"PropertyValueSpecification\",\"valueRequired\":true,\"valueName\":\"search_term_string\"}}],\"inLanguage\":\"de\"},{\"@type\":\"Organization\",\"@id\":\"https:\\\/\\\/www.procarton.com\\\/es\\\/#organization\",\"name\":\"ProCarton\",\"url\":\"https:\\\/\\\/www.procarton.com\\\/es\\\/\",\"logo\":{\"@type\":\"ImageObject\",\"inLanguage\":\"de\",\"@id\":\"https:\\\/\\\/www.procarton.com\\\/es\\\/#\\\/schema\\\/logo\\\/image\\\/\",\"url\":\"https:\\\/\\\/www.procarton.com\\\/wp-content\\\/uploads\\\/2022\\\/06\\\/logo-mit-slogan.jpg\",\"contentUrl\":\"https:\\\/\\\/www.procarton.com\\\/wp-content\\\/uploads\\\/2022\\\/06\\\/logo-mit-slogan.jpg\",\"width\":422,\"height\":519,\"caption\":\"ProCarton\"},\"image\":{\"@id\":\"https:\\\/\\\/www.procarton.com\\\/es\\\/#\\\/schema\\\/logo\\\/image\\\/\"},\"sameAs\":[\"https:\\\/\\\/www.facebook.com\\\/procartondesignaward\\\/\",\"https:\\\/\\\/x.com\\\/pro_carton\"]}]}<\/script>\n<!-- \/ Yoast SEO plugin. -->","yoast_head_json":{"title":"Regeln - Pro Carton","robots":{"index":"index","follow":"follow","max-snippet":"max-snippet:-1","max-image-preview":"max-image-preview:large","max-video-preview":"max-video-preview:-1"},"canonical":"https:\/\/www.procarton.com\/de\/awards\/european-carton-excellence-award\/2013-2\/rules\/","og_locale":"de_DE","og_type":"article","og_title":"Rules - Pro Carton","og_url":"https:\/\/www.procarton.com\/de\/awards\/european-carton-excellence-award\/2013-2\/rules\/","og_site_name":"Pro Carton","article_publisher":"https:\/\/www.facebook.com\/procartondesignaward\/","article_modified_time":"2022-03-31T22:30:22+00:00","twitter_card":"summary_large_image","twitter_site":"@pro_carton","twitter_misc":{"Gesch\u00e4tzte Lesezeit":"3\u00a0Minuten"},"schema":{"@context":"https:\/\/schema.org","@graph":[{"@type":"WebPage","@id":"https:\/\/www.procarton.com\/es\/awards\/european-carton-excellence-award\/2013-2\/rules\/","url":"https:\/\/www.procarton.com\/es\/awards\/european-carton-excellence-award\/2013-2\/rules\/","name":"Regeln - Pro Carton","isPartOf":{"@id":"https:\/\/www.procarton.com\/es\/#website"},"datePublished":"2022-03-31T22:27:50+00:00","dateModified":"2022-03-31T22:30:22+00:00","breadcrumb":{"@id":"https:\/\/www.procarton.com\/es\/awards\/european-carton-excellence-award\/2013-2\/rules\/#breadcrumb"},"inLanguage":"de","potentialAction":[{"@type":"ReadAction","target":["https:\/\/www.procarton.com\/es\/awards\/european-carton-excellence-award\/2013-2\/rules\/"]}]},{"@type":"BreadcrumbList","@id":"https:\/\/www.procarton.com\/es\/awards\/european-carton-excellence-award\/2013-2\/rules\/#breadcrumb","itemListElement":[{"@type":"ListItem","position":1,"name":"Home","item":"https:\/\/www.procarton.com\/"},{"@type":"ListItem","position":2,"name":"Awards","item":"https:\/\/www.procarton.com\/awards\/"},{"@type":"ListItem","position":3,"name":"European Carton Excellence Award","item":"https:\/\/www.procarton.com\/awards\/european-carton-excellence-award\/"},{"@type":"ListItem","position":4,"name":"2013","item":"https:\/\/www.procarton.com\/es\/awards\/european-carton-excellence-award\/2013-2\/"},{"@type":"ListItem","position":5,"name":"Rules"}]},{"@type":"WebSite","@id":"https:\/\/www.procarton.com\/es\/#website","url":"https:\/\/www.procarton.com\/es\/","name":"Pro Carton","description":"","publisher":{"@id":"https:\/\/www.procarton.com\/es\/#organization"},"potentialAction":[{"@type":"SearchAction","target":{"@type":"EntryPoint","urlTemplate":"https:\/\/www.procarton.com\/es\/?s={search_term_string}"},"query-input":{"@type":"PropertyValueSpecification","valueRequired":true,"valueName":"search_term_string"}}],"inLanguage":"de"},{"@type":"Organization","@id":"https:\/\/www.procarton.com\/es\/#organization","name":"ProCarton","url":"https:\/\/www.procarton.com\/es\/","logo":{"@type":"ImageObject","inLanguage":"de","@id":"https:\/\/www.procarton.com\/es\/#\/schema\/logo\/image\/","url":"https:\/\/www.procarton.com\/wp-content\/uploads\/2022\/06\/logo-mit-slogan.jpg","contentUrl":"https:\/\/www.procarton.com\/wp-content\/uploads\/2022\/06\/logo-mit-slogan.jpg","width":422,"height":519,"caption":"ProCarton"},"image":{"@id":"https:\/\/www.procarton.com\/es\/#\/schema\/logo\/image\/"},"sameAs":["https:\/\/www.facebook.com\/procartondesignaward\/","https:\/\/x.com\/pro_carton"]}]}},"_links":{"self":[{"href":"https:\/\/www.procarton.com\/de\/wp-json\/wp\/v2\/pages\/276538","targetHints":{"allow":["GET"]}}],"collection":[{"href":"https:\/\/www.procarton.com\/de\/wp-json\/wp\/v2\/pages"}],"about":[{"href":"https:\/\/www.procarton.com\/de\/wp-json\/wp\/v2\/types\/page"}],"author":[{"embeddable":true,"href":"https:\/\/www.procarton.com\/de\/wp-json\/wp\/v2\/users\/868"}],"replies":[{"embeddable":true,"href":"https:\/\/www.procarton.com\/de\/wp-json\/wp\/v2\/comments?post=276538"}],"version-history":[{"count":3,"href":"https:\/\/www.procarton.com\/de\/wp-json\/wp\/v2\/pages\/276538\/revisions"}],"predecessor-version":[{"id":276540,"href":"https:\/\/www.procarton.com\/de\/wp-json\/wp\/v2\/pages\/276538\/revisions\/276540"}],"up":[{"embeddable":true,"href":"https:\/\/www.procarton.com\/de\/wp-json\/wp\/v2\/pages\/258277"}],"wp:attachment":[{"href":"https:\/\/www.procarton.com\/de\/wp-json\/wp\/v2\/media?parent=276538"}],"curies":[{"name":"wp","href":"https:\/\/api.w.org\/{rel}","templated":true}]}}