{"id":276393,"date":"2022-03-31T21:52:28","date_gmt":"2022-03-31T20:52:28","guid":{"rendered":"https:\/\/www.procarton.com\/awards\/european-carton-excellence-award\/2017-2\/rules\/"},"modified":"2022-03-31T21:52:53","modified_gmt":"2022-03-31T20:52:53","slug":"rules","status":"publish","type":"page","link":"https:\/\/www.procarton.com\/de\/awards\/european-carton-excellence-award\/2017-2\/rules\/","title":{"rendered":"Regeln"},"content":{"rendered":"<div class=\"av-animated-generic top-to-bottom flex_column av_one_full  flex_column_div av-zero-column-padding first  avia-builder-el-0  avia-builder-el-no-sibling\" style='border-radius:0px; '>\n<section class=\"av_textblock_section\"  itemscope=\"itemscope\" itemtype=\"https:\/\/schema.org\/CreativeWork\" >\n<div class='avia_textblock'   itemprop=\"text\" >\n<div class=\"container main-content\" data-page-id=\"135180\">\n<div class=\"clearfix\">\n<div id=\"primary\" class=\"content-area col-sm-12\">\n<div id=\"content\" class=\"site-content\" role=\"main\">\n<p><span class=\"black_text_large\">Was k\u00f6nnen Sie einreichen?<\/span><\/p>\n<ul>\n<li>Alle Einsendungen m\u00fcssen aus Faltschachteln bestehen.<\/li>\n<li>Alle Beitr\u00e4ge m\u00fcssen f\u00fcr den Verkauf hergestellt worden sein.<\/li>\n<li>Alle Beitr\u00e4ge m\u00fcssen aus Karton hergestellt werden, der von einem Mitglied oder einem ausl\u00e4ndischen F\u00f6rderer von Pro Carton produziert wurde.<\/li>\n<li>Alle Beitr\u00e4ge m\u00fcssen von einem ECMA- oder Pro Carton-Mitglied gedruckt und konvertiert worden sein.<\/li>\n<li>Alle Beitr\u00e4ge m\u00fcssen \u00fcberwiegend aus Karton oder aus auf Mikrowelle kaschiertem Karton (mit einer Tiefe von 1 mm oder weniger) hergestellt sein.<\/li>\n<li>Starre Faltschachteln oder \u00e4hnliche Faltschachteln, die aus Pappe (in der Regel Graupappe) mit Papier oder \u00e4hnlichem Material hergestellt sind, werden nicht angenommen.<\/li>\n<li>Alle Beitr\u00e4ge m\u00fcssen in den Jahren 2015, 2016 oder 2017 produziert und auf dem europ\u00e4ischen Markt verkauft worden sein.<\/li>\n<li>Werbekartons von Kartonherstellern oder Kartonproduzenten k\u00f6nnen nicht eingereicht werden.<\/li>\n<li>M\u00fcssen Einsendungen zur\u00fcckgeschickt werden, so geschieht dies auf Kosten des Teilnehmers.<\/li>\n<li>Alle Einsendungen sollten nach M\u00f6glichkeit das zu beurteilende Produkt enthalten. Bei verderblichen Waren ist dies nicht unbedingt erforderlich. Alle Beitr\u00e4ge m\u00fcssen f\u00fcr eine der Kategorien eingereicht werden. Es liegt im Ermessen der Preisrichter, die Einsendungen neu zu klassifizieren.<\/li>\n<li>Der Name des Faltschachtelherstellers sollte nach M\u00f6glichkeit nicht auf der Faltschachtel erscheinen. Wenn doch, wird er f\u00fcr die Jury unkenntlich gemacht.<\/li>\n<li>Von jedem Beitrag sollten drei Beispiele eingereicht werden.<\/li>\n<li>Der Teilnehmer ist f\u00fcr die Zustimmung des Markeninhabers verantwortlich.<\/li>\n<\/ul>\n<p><span class=\"black_text_large\">Wer kommt f\u00fcr die Teilnahme in Frage?<\/span><\/p>\n<ul>\n<li>Alle Partner der Lieferkette k\u00f6nnen Beitr\u00e4ge einreichen.<\/li>\n<li>Die Teilnehmer k\u00f6nnen eine unbegrenzte Anzahl von Beitr\u00e4gen einreichen.<\/li>\n<\/ul>\n<p><span class=\"black_text_large\">Was k\u00f6nnen Sie gewinnen?<\/span><\/p>\n<ul>\n<li>Eine besondere Troph\u00e4e.<\/li>\n<li>Eine Urkunde als Gewinner oder Finalist.<\/li>\n<li>Internationale Bekanntheit und Anerkennung f\u00fcr Ihr Unternehmen und Ihre Marke.<\/li>\n<li>Das Recht, alle Marketingmaterialien f\u00fcr Ihr eigenes Marketing zu verwenden.<\/li>\n<li>Die Preise werden auf der Award-Gala w\u00e4hrend des ECMA-Kongresses verliehen.<\/li>\n<\/ul>\n<p><span class=\"black_text_large\">Wie kann man teilnehmen?<\/span><\/p>\n<ul>\n<li><strong>NEU<\/strong>\u00a02017: Jeder Einreichung muss ein Text \"Promote your Packaging\" mit ca. 100 W\u00f6rtern f\u00fcr das \u00f6ffentliche Voting beigef\u00fcgt werden.<\/li>\n<li>Mindestens drei Muster, vorzugsweise mit Inhalt, sollten zur Bewertung eingereicht werden.<\/li>\n<li>Wenn der Inhalt nicht verf\u00fcgbar ist, ersetzen Sie ihn bitte durch einen Dummy oder ein Foto, um einen Eindruck vom Verpackungs-\/Produktkonzept zu vermitteln.<\/li>\n<li>Die Anmeldeformulare sollten so vollst\u00e4ndig wie m\u00f6glich auf Englisch oder Deutsch ausgef\u00fcllt werden.<\/li>\n<li>Eine unterschriebene Kopie des Anmeldeformulars muss jeder Anmeldung beigef\u00fcgt werden.<\/li>\n<li>Das ausgef\u00fcllte Online-Anmeldeformular wird f\u00fcr die Bewertung verwendet und muss daher mit dem unterschriebenen Anmeldeformular identisch sein - Erg\u00e4nzungen werden nicht akzeptiert.<\/li>\n<li>Die Beitr\u00e4ge sollten sorgf\u00e4ltig verpackt werden und an folgende Adresse geschickt werden:<\/li>\n<\/ul>\n<p><strong>NEUE ADRESSE<br \/>\nEuropean Carton Excellence Award<br \/>\nc\/o Lejeune Association Management<br \/>\nLaan van Nieuw Oost-Indi\u00eb 131-G<br \/>\nNL-2593 BM Den Haag<br \/>\nNiederlande<\/strong><\/p>\n<p><span class=\"black_text_large\">Was kostet eine Einreichung?<\/span><\/p>\n<ul>\n<li>Teilnahmegeb\u00fchr: 200 EUR pro Einreichung;<br \/>\nweitere Eintr\u00e4ge pro Teilnehmer\/Produktionseinheit: -25 %;<br \/>\nEarly Bird Eintr\u00e4ge: -10 %<br \/>\nDie Geb\u00fchr ist nach Erhalt der Rechnung zu entrichten.<\/li>\n<\/ul>\n<p><span class=\"black_text_large\">Wie arbeitet die Jury?<\/span><\/p>\n<ul>\n<li>Die Jury wird jede Kategorie entsprechend ihrer spezifischen Aufgaben und Anforderungen einzeln bewerten.<\/li>\n<li>Jede Einsendung wird ausschlie\u00dflich nach den Vorz\u00fcgen der Faltschachtel beurteilt.<\/li>\n<li>Kategorien mit weniger als f\u00fcnf Beitr\u00e4gen werden nicht gewertet.<\/li>\n<li>Alle Einsendungen werden auch f\u00fcr den \"Carton of the Year\" Award gewertet.<\/li>\n<li>Pro Carton und ECMA behalten sich das Recht vor, alle Einsendungen f\u00fcr Werbezwecke zu verwenden.<\/li>\n<li>Die Entscheidungen der Jury sind endg\u00fcltig.<\/li>\n<li>Die Award-Gewinner und Finalisten in der Kategorie Volumenmarkt werden aus allen Beitr\u00e4gen ausgew\u00e4hlt, die in Mengen von \u00fcber<br \/>\n1 Million Einheiten.<\/li>\n<\/ul>\n<\/div>\n<\/div>\n<\/div>\n<\/div>\n<\/div>\n<\/section>\n<\/div>","protected":false},"excerpt":{"rendered":"","protected":false},"author":868,"featured_media":0,"parent":258273,"menu_order":4,"comment_status":"closed","ping_status":"closed","template":"templates\/award_details_page.php","meta":{"inline_featured_image":false,"footnotes":""},"class_list":["post-276393","page","type-page","status-publish","hentry"],"yoast_head":"<!-- This site is optimized with the Yoast SEO plugin v27.4 - https:\/\/yoast.com\/product\/yoast-seo-wordpress\/ -->\n<title>Rules - Pro Carton<\/title>\n<meta name=\"robots\" content=\"index, follow, max-snippet:-1, max-image-preview:large, max-video-preview:-1\" \/>\n<link rel=\"canonical\" href=\"https:\/\/www.procarton.com\/de\/awards\/european-carton-excellence-award\/2017-2\/rules\/\" \/>\n<meta property=\"og:locale\" content=\"de_DE\" \/>\n<meta property=\"og:type\" content=\"article\" \/>\n<meta property=\"og:title\" content=\"Rules - Pro Carton\" \/>\n<meta property=\"og:url\" content=\"https:\/\/www.procarton.com\/de\/awards\/european-carton-excellence-award\/2017-2\/rules\/\" \/>\n<meta property=\"og:site_name\" content=\"Pro Carton\" \/>\n<meta property=\"article:publisher\" content=\"https:\/\/www.facebook.com\/procartondesignaward\/\" \/>\n<meta property=\"article:modified_time\" content=\"2022-03-31T20:52:53+00:00\" \/>\n<meta name=\"twitter:card\" content=\"summary_large_image\" \/>\n<meta name=\"twitter:site\" content=\"@pro_carton\" \/>\n<meta name=\"twitter:label1\" content=\"Gesch\u00e4tzte Lesezeit\" \/>\n\t<meta name=\"twitter:data1\" content=\"4\u00a0Minuten\" \/>\n<script type=\"application\/ld+json\" class=\"yoast-schema-graph\">{\"@context\":\"https:\\\/\\\/schema.org\",\"@graph\":[{\"@type\":\"WebPage\",\"@id\":\"https:\\\/\\\/www.procarton.com\\\/es\\\/awards\\\/european-carton-excellence-award\\\/2017-2\\\/rules\\\/\",\"url\":\"https:\\\/\\\/www.procarton.com\\\/es\\\/awards\\\/european-carton-excellence-award\\\/2017-2\\\/rules\\\/\",\"name\":\"Rules - Pro Carton\",\"isPartOf\":{\"@id\":\"https:\\\/\\\/www.procarton.com\\\/es\\\/#website\"},\"datePublished\":\"2022-03-31T20:52:28+00:00\",\"dateModified\":\"2022-03-31T20:52:53+00:00\",\"breadcrumb\":{\"@id\":\"https:\\\/\\\/www.procarton.com\\\/es\\\/awards\\\/european-carton-excellence-award\\\/2017-2\\\/rules\\\/#breadcrumb\"},\"inLanguage\":\"de\",\"potentialAction\":[{\"@type\":\"ReadAction\",\"target\":[\"https:\\\/\\\/www.procarton.com\\\/es\\\/awards\\\/european-carton-excellence-award\\\/2017-2\\\/rules\\\/\"]}]},{\"@type\":\"BreadcrumbList\",\"@id\":\"https:\\\/\\\/www.procarton.com\\\/es\\\/awards\\\/european-carton-excellence-award\\\/2017-2\\\/rules\\\/#breadcrumb\",\"itemListElement\":[{\"@type\":\"ListItem\",\"position\":1,\"name\":\"Home\",\"item\":\"https:\\\/\\\/www.procarton.com\\\/\"},{\"@type\":\"ListItem\",\"position\":2,\"name\":\"Awards\",\"item\":\"https:\\\/\\\/www.procarton.com\\\/awards\\\/\"},{\"@type\":\"ListItem\",\"position\":3,\"name\":\"European Carton Excellence Award\",\"item\":\"https:\\\/\\\/www.procarton.com\\\/awards\\\/european-carton-excellence-award\\\/\"},{\"@type\":\"ListItem\",\"position\":4,\"name\":\"2017\",\"item\":\"http:\\\/\\\/www.procarton.com\\\/fr\\\/awards\\\/european-carton-excellence-award\\\/2017-2\\\/\"},{\"@type\":\"ListItem\",\"position\":5,\"name\":\"Rules\"}]},{\"@type\":\"WebSite\",\"@id\":\"https:\\\/\\\/www.procarton.com\\\/es\\\/#website\",\"url\":\"https:\\\/\\\/www.procarton.com\\\/es\\\/\",\"name\":\"Pro Carton\",\"description\":\"\",\"publisher\":{\"@id\":\"https:\\\/\\\/www.procarton.com\\\/es\\\/#organization\"},\"potentialAction\":[{\"@type\":\"SearchAction\",\"target\":{\"@type\":\"EntryPoint\",\"urlTemplate\":\"https:\\\/\\\/www.procarton.com\\\/es\\\/?s={search_term_string}\"},\"query-input\":{\"@type\":\"PropertyValueSpecification\",\"valueRequired\":true,\"valueName\":\"search_term_string\"}}],\"inLanguage\":\"de\"},{\"@type\":\"Organization\",\"@id\":\"https:\\\/\\\/www.procarton.com\\\/es\\\/#organization\",\"name\":\"ProCarton\",\"url\":\"https:\\\/\\\/www.procarton.com\\\/es\\\/\",\"logo\":{\"@type\":\"ImageObject\",\"inLanguage\":\"de\",\"@id\":\"https:\\\/\\\/www.procarton.com\\\/es\\\/#\\\/schema\\\/logo\\\/image\\\/\",\"url\":\"https:\\\/\\\/www.procarton.com\\\/wp-content\\\/uploads\\\/2022\\\/06\\\/logo-mit-slogan.jpg\",\"contentUrl\":\"https:\\\/\\\/www.procarton.com\\\/wp-content\\\/uploads\\\/2022\\\/06\\\/logo-mit-slogan.jpg\",\"width\":422,\"height\":519,\"caption\":\"ProCarton\"},\"image\":{\"@id\":\"https:\\\/\\\/www.procarton.com\\\/es\\\/#\\\/schema\\\/logo\\\/image\\\/\"},\"sameAs\":[\"https:\\\/\\\/www.facebook.com\\\/procartondesignaward\\\/\",\"https:\\\/\\\/x.com\\\/pro_carton\"]}]}<\/script>\n<!-- \/ Yoast SEO plugin. -->","yoast_head_json":{"title":"Regeln - Pro Carton","robots":{"index":"index","follow":"follow","max-snippet":"max-snippet:-1","max-image-preview":"max-image-preview:large","max-video-preview":"max-video-preview:-1"},"canonical":"https:\/\/www.procarton.com\/de\/awards\/european-carton-excellence-award\/2017-2\/rules\/","og_locale":"de_DE","og_type":"article","og_title":"Rules - Pro Carton","og_url":"https:\/\/www.procarton.com\/de\/awards\/european-carton-excellence-award\/2017-2\/rules\/","og_site_name":"Pro Carton","article_publisher":"https:\/\/www.facebook.com\/procartondesignaward\/","article_modified_time":"2022-03-31T20:52:53+00:00","twitter_card":"summary_large_image","twitter_site":"@pro_carton","twitter_misc":{"Gesch\u00e4tzte Lesezeit":"4\u00a0Minuten"},"schema":{"@context":"https:\/\/schema.org","@graph":[{"@type":"WebPage","@id":"https:\/\/www.procarton.com\/es\/awards\/european-carton-excellence-award\/2017-2\/rules\/","url":"https:\/\/www.procarton.com\/es\/awards\/european-carton-excellence-award\/2017-2\/rules\/","name":"Regeln - Pro Carton","isPartOf":{"@id":"https:\/\/www.procarton.com\/es\/#website"},"datePublished":"2022-03-31T20:52:28+00:00","dateModified":"2022-03-31T20:52:53+00:00","breadcrumb":{"@id":"https:\/\/www.procarton.com\/es\/awards\/european-carton-excellence-award\/2017-2\/rules\/#breadcrumb"},"inLanguage":"de","potentialAction":[{"@type":"ReadAction","target":["https:\/\/www.procarton.com\/es\/awards\/european-carton-excellence-award\/2017-2\/rules\/"]}]},{"@type":"BreadcrumbList","@id":"https:\/\/www.procarton.com\/es\/awards\/european-carton-excellence-award\/2017-2\/rules\/#breadcrumb","itemListElement":[{"@type":"ListItem","position":1,"name":"Home","item":"https:\/\/www.procarton.com\/"},{"@type":"ListItem","position":2,"name":"Awards","item":"https:\/\/www.procarton.com\/awards\/"},{"@type":"ListItem","position":3,"name":"European Carton Excellence Award","item":"https:\/\/www.procarton.com\/awards\/european-carton-excellence-award\/"},{"@type":"ListItem","position":4,"name":"2017","item":"http:\/\/www.procarton.com\/fr\/awards\/european-carton-excellence-award\/2017-2\/"},{"@type":"ListItem","position":5,"name":"Rules"}]},{"@type":"WebSite","@id":"https:\/\/www.procarton.com\/es\/#website","url":"https:\/\/www.procarton.com\/es\/","name":"Pro Carton","description":"","publisher":{"@id":"https:\/\/www.procarton.com\/es\/#organization"},"potentialAction":[{"@type":"SearchAction","target":{"@type":"EntryPoint","urlTemplate":"https:\/\/www.procarton.com\/es\/?s={search_term_string}"},"query-input":{"@type":"PropertyValueSpecification","valueRequired":true,"valueName":"search_term_string"}}],"inLanguage":"de"},{"@type":"Organization","@id":"https:\/\/www.procarton.com\/es\/#organization","name":"ProCarton","url":"https:\/\/www.procarton.com\/es\/","logo":{"@type":"ImageObject","inLanguage":"de","@id":"https:\/\/www.procarton.com\/es\/#\/schema\/logo\/image\/","url":"https:\/\/www.procarton.com\/wp-content\/uploads\/2022\/06\/logo-mit-slogan.jpg","contentUrl":"https:\/\/www.procarton.com\/wp-content\/uploads\/2022\/06\/logo-mit-slogan.jpg","width":422,"height":519,"caption":"ProCarton"},"image":{"@id":"https:\/\/www.procarton.com\/es\/#\/schema\/logo\/image\/"},"sameAs":["https:\/\/www.facebook.com\/procartondesignaward\/","https:\/\/x.com\/pro_carton"]}]}},"_links":{"self":[{"href":"https:\/\/www.procarton.com\/de\/wp-json\/wp\/v2\/pages\/276393","targetHints":{"allow":["GET"]}}],"collection":[{"href":"https:\/\/www.procarton.com\/de\/wp-json\/wp\/v2\/pages"}],"about":[{"href":"https:\/\/www.procarton.com\/de\/wp-json\/wp\/v2\/types\/page"}],"author":[{"embeddable":true,"href":"https:\/\/www.procarton.com\/de\/wp-json\/wp\/v2\/users\/868"}],"replies":[{"embeddable":true,"href":"https:\/\/www.procarton.com\/de\/wp-json\/wp\/v2\/comments?post=276393"}],"version-history":[{"count":3,"href":"https:\/\/www.procarton.com\/de\/wp-json\/wp\/v2\/pages\/276393\/revisions"}],"predecessor-version":[{"id":276395,"href":"https:\/\/www.procarton.com\/de\/wp-json\/wp\/v2\/pages\/276393\/revisions\/276395"}],"up":[{"embeddable":true,"href":"https:\/\/www.procarton.com\/de\/wp-json\/wp\/v2\/pages\/258273"}],"wp:attachment":[{"href":"https:\/\/www.procarton.com\/de\/wp-json\/wp\/v2\/media?parent=276393"}],"curies":[{"name":"wp","href":"https:\/\/api.w.org\/{rel}","templated":true}]}}