{"id":276248,"date":"2022-03-31T14:20:48","date_gmt":"2022-03-31T13:20:48","guid":{"rendered":"https:\/\/www.procarton.com\/awards\/european-carton-excellence-award\/2017-2\/introduction\/"},"modified":"2022-03-31T14:25:41","modified_gmt":"2022-03-31T13:25:41","slug":"introduction","status":"publish","type":"page","link":"https:\/\/www.procarton.com\/de\/awards\/european-carton-excellence-award\/2017-2\/introduction\/","title":{"rendered":"Einf\u00fchrung"},"content":{"rendered":"<div class=\"av-animated-generic top-to-bottom flex_column av_two_third  flex_column_div av-zero-column-padding first  avia-builder-el-0  el_before_av_one_third  avia-builder-el-first\" style='border-radius:0px; '>\n<section class=\"av_textblock_section\"  itemscope=\"itemscope\" itemtype=\"https:\/\/schema.org\/CreativeWork\" >\n<div class='avia_textblock'   itemprop=\"text\" >\n<div class=\"container main-content\" data-page-id=\"193210\">\n<div class=\"clearfix\">\n<div id=\"primary\" class=\"content-area col-sm-9\">\n<div id=\"content\" class=\"site-content\" role=\"main\">\n<p>Das Niveau der Beitr\u00e4ge f\u00fcr den Carton Excellence Awards 2017 war wahrscheinlich das beste, das wir je gesehen haben. Das Niveau an Originalit\u00e4t und technischer Exzellenz war herausragend, und es ist gut zu sehen, dass unsere Reichweite weiter zunimmt, da wir dieses Jahr Beitr\u00e4ge aus 15 verschiedenen L\u00e4ndern hatten.<\/p>\n<p>Das kann nur eine gute Nachricht sein, nicht nur f\u00fcr unsere Branche, sondern auch f\u00fcr all diejenigen, denen die Verpackung als Teil einer nachhaltigen Zukunft am Herzen liegt. Am 21. Jahrestag der Awards waren Kartons noch nie so relevant wie heute, sie sind wirklich erwachsen geworden!<\/p>\n<p>Wir haben in diesem Jahr einige wichtige \u00c4nderungen am Awards vorgenommen, um die herausragenden Leistungen in der Kartonindustrie weiter anzuerkennen und zu f\u00f6rdern.<\/p>\n<p><strong>Neuer Name:<\/strong><\/p>\n<p>Die Auszeichnungen haben ein neues Aussehen und einen neuen Namen. Ein Name, der treffend und pr\u00e4gnant beschreibt, worum es geht - die European Carton Excellence Awards.<\/p>\n<p>Wir glauben, dass dieser einfachere und verbraucherfreundlichere Name uns helfen wird, die Preise und die Gewinner in Zukunft noch umfassender zu bewerben. Die Organisatoren des Award bleiben unver\u00e4ndert. N\u00e4mlich die beiden Fachverb\u00e4nde der Karton- und Faltschachtelindustrie, Pro Carton und ECMA.<\/p>\n<p><strong>Neuer Preis:<\/strong><\/p>\n<p>Zum ersten Mal in der Geschichte des Wettbewerbs haben wir die \u00d6ffentlichkeit aufgefordert, \u00fcber die beste Faltschachtel abzustimmen. Der Gewinner in dieser neuen Kategorie erh\u00e4lt den Public Award. Alle 37 Finalisten wurden ber\u00fccksichtigt und jeder konnte seine Stimme abgeben.<\/p>\n<p>Dadurch wurde die Awards einem neuen Publikum zug\u00e4nglich gemacht, was uns nur helfen kann, zu zeigen, wie funktionell und attraktiv Kartons sein k\u00f6nnen.<\/p>\n<p><strong>Neue Kategorien:<\/strong><\/p>\n<p>Es gibt zwei neue Auszeichnungen, die bisher als Sonderpreise und nicht als eigenst\u00e4ndige Kategorien vergeben wurden. Der Preis \"Save the Planet Award\" geht an eine Faltschachteln, die sich durch herausragende Umweltfreundlichkeit auszeichnet, w\u00e4hrend der Preis \"Innovation Award\" Kreativit\u00e4t und technische Brillanz w\u00fcrdigt. Dies gibt uns die M\u00f6glichkeit, alle Finalisten und ncht nur die Gewinner zu w\u00fcrdigen und zu feiern.<\/p>\n<p><strong>Neue Jury:<\/strong><\/p>\n<p>Wir haben unsere Politik beibehalten, Jurymitglieder aus der gesamten Lieferkette auszuw\u00e4hlen, um die Bed\u00fcrfnisse des Marktes angemessen ber\u00fccksichtigen zu k\u00f6nnen, aber auch um sicherzustellen, dass wir \u00fcber ein gutes Ma\u00df an technischem Wissen \u00fcber die Konstruktion und den Druck von Kartons verf\u00fcgen:<\/p>\n<ul>\n<li>Satkar Gidda (Design, SiebertHead) leitete die Jury in bew\u00e4hrter Weise mit seiner Expertise in der Markenf\u00fchrung.<\/li>\n<li>In diesem Jahr konnten wir mit Dr. Janet Shipton (Beraterin, Packknack) eine neue Jurymitgliedschaft begr\u00fc\u00dfen. Janet brachte eine neue Perspektive ein, die die Arbeit der Jury bereicherte.<\/li>\n<li>Susanne Lippitsch (Design, SL-Design) brachte ihre spezifischen Erfahrungen als erfolgreiche Designerin und Dozentin f\u00fcr Design ein.<\/li>\n<li>Lotte Krekels (Einzelhandel, Carrefour Belgien) betrachtete die Beitr\u00e4ge vor allem unter dem Gesichtspunkt des Merchandising und der Regalwirkung.<\/li>\n<li>Wilfried Duivenvoorden (Brand Owner, Unilever) legte besonderes Augenmerk auf die Bed\u00fcrfnisse der Markeninhaber in Bezug auf Verbraucherattraktivit\u00e4t, Funktionalit\u00e4t und Markenkommunikation.<\/li>\n<li>Peter Klein Sprokkelhorst (Berater, Berater der Jury) beriet \u00fcber die technischen Eigenschaften der eingereichten Konzepte.<\/li>\n<\/ul>\n<p>Wir m\u00f6chten ihnen allen f\u00fcr ihren gro\u00dfartigen Einsatz danken!<\/p>\n<p>Wie immer haben wir f\u00fcr die Medien und alle Gewinner ein umfassendes Marketing- und PR-Paket geschn\u00fcrt, das sie nutzen k\u00f6nnen. Alle Informationen finden Sie auf dieser Website sowie auf den verschiedenen Social-Media-Plattformen -\u00a0<a href=\"https:\/\/www.facebook.com\/procartoneurope\/\">Facebook<\/a>,\u00a0<a href=\"https:\/\/twitter.com\/Pro_Carton\">Twitter<\/a>,\u00a0<a href=\"https:\/\/de.pinterest.com\/procarton\/\">Pinterest<\/a>,\u00a0<a href=\"https:\/\/www.instagram.com\/pro_carton\/\">Instagram\u00a0<\/a>und\u00a0<a href=\"http:\/\/www.linkedin.com\/company\/pro-carton\">Linkedin<\/a>: Bitte teilen, liken und kommunizieren!<\/p>\n<p>Abschlie\u00dfend m\u00f6chte ich mich bei allen Finalisten bedanken und nat\u00fcrlich allen Gewinnern herzlich gratulieren!<\/p>\n<p><em>Roland Rex, Pr\u00e4sident Pro Carton Andreas Blaschke, Pr\u00e4sident ECMA<\/em><\/p>\n<p><strong>Mitteilung des Generaldirektors von Pro Carton<\/strong><br \/>\nDie European Carton Excellence Awards ist der H\u00f6hepunkt des Jahres f\u00fcr die Kartonindustrie, und die schiere Anzahl und das Niveau der Einsendungen best\u00e4tigen diese Ansicht. Ein gro\u00dfes Dankesch\u00f6n an alle Teilnehmer, denn die Arbeit der Jury wird von Jahr zu Jahr schwieriger. Derweil entwickelt sich der Nachwuchs, der Pro Carton Young Designers Award, immer besser. Mit \u00fcber 170 Beitr\u00e4gen aus 16 L\u00e4ndern hat er sich bei vielen Designschulen als fester Bestandteil des j\u00e4hrlichen Lehrplans etabliert. In diesem Jahr haben 46 Hochschulen teilgenommen, die bei weitem h\u00f6chste Zahl aller Zeiten, was sich hoffentlich als reiche Quelle potenzieller Talente f\u00fcr die Zukunft erweisen wird.<\/p>\n<p>Die Umweltfreundlichkeit von Kartons wurde in der Studie Sustain ability in Packaging, die unter Markeninhabern in ganz Europa durchgef\u00fchrt wurde, erneut anerkannt, w\u00e4hrend Plastik von Nichtregierungsorganisationen und den Medien immer st\u00e4rker unter Druck gesetzt wird. Das Problem des Plastikm\u00fclls geht nat\u00fcrlich alle an, und wir alle k\u00f6nnen unseren Teil dazu beitragen, dass sich die Situation nicht verschlimmert. Ich m\u00f6chte auch an die Markeninhaber appellieren, wann immer es m\u00f6glich ist, ein nachhaltiges Verpackungsmaterial anstelle eines nicht-nachhaltigen zu verwenden. Karton ist eines der wenigen Materialien, die erneuerbar und biologisch abbaubar sind; und nat\u00fcrlich kann er sogar wieder zu Kartons recycelt werden!<\/p>\n<p>In den letzten Monaten haben wir die Pro Carton-Website um eine Reihe neuer Funktionen erweitert, um sie zu einer noch n\u00fctzlicheren Referenz- und Meinungsseite zu machen. Neben Einzelheiten zu den verschiedenen Aktivit\u00e4ten von Pro Carton gibt es auch viele Artikel, Berichte und Referenzdokumente. Es gibt auch eine Reihe verschiedener Infografiken auf der Website, die Sie hoffentlich f\u00fcr Ihre Kunden und Kollegen nutzen k\u00f6nnen. Bitte nutzen Sie die Website, sie ist dazu da, Ihnen zu helfen und unsere Branche zu f\u00f6rdern.<\/p>\n<p>Abschlie\u00dfend m\u00f6chte ich Sie um Ihre Hilfe bei der Verbreitung unserer Botschaft bitten. Als Verpackungsmaterial ist Karton wahrscheinlich das nachhaltigste Material, das es gibt. Karton kann auch wie kein anderes Material Markenwerte vermitteln, und die Auszeichnungen haben wieder einmal gezeigt, wie fantastisch er aussehen und sich anf\u00fchlen kann, egal ob es sich um eine \"allt\u00e4gliche\" oder eine \"Luxus\"-Marke handelt. Die Relevanz und Eignung von Kartons f\u00fcr die heutige Gesellschaft war noch nie so gro\u00df wie heute.<\/p>\n<p>Bitte teilen Sie die Nachricht.<br \/>\nKARTONS - VERPACKUNGEN F\u00dcR EINE BESSERE WELT.<\/p>\n<p><em>Tony Hitchin, Generaldirektor, Pro Carton<\/em><\/p>\n<\/div>\n<\/div>\n<div class=\"right_image_container col-sm-3 right_image_container_small\">\n<div class=\"row image_container_row no-padding\">\n<div class=\"col-xs-12\">\n<div class=\"caption_container\"><\/div>\n<\/div>\n<\/div>\n<\/div>\n<\/div>\n<\/div>\n<footer>\n<div class=\"top-footer\">\n<div class=\"container text-center\">\n<div class=\"row\">\n<div class=\"col-lg-4 col-lg-offset-4\"><\/div>\n<\/div>\n<\/div>\n<\/div>\n<\/footer>\n<\/div>\n<\/section>\n<\/div>\n<div class=\"av-animated-generic top-to-bottom flex_column av_one_third  flex_column_div av-zero-column-padding   avia-builder-el-2  el_after_av_two_third  avia-builder-el-last\" style='border-radius:0px; '>\n<div  class='avia-image-container  av-styling-no-styling    avia-builder-el-3  avia-builder-el-no-sibling  avia-align-'  itemprop=\"image\" itemscope=\"itemscope\" itemtype=\"https:\/\/schema.org\/ImageObject\"  >\n<div class='avia-image-container-inner'>\n<div class='avia-image-overlay-wrap'><img decoding=\"async\" width=\"73\" height=\"300\" class='wp-image-258600 avia-img-lazy-loading-not-258600 avia_image' src=\"https:\/\/www.procarton.com\/wp-content\/uploads\/2021\/03\/presidents-and-manager-73x300.jpeg\" alt='' title='pr\u00e4sidenten und gesch\u00e4ftsf\u00fchrer'  itemprop=\"thumbnailUrl\" srcset=\"https:\/\/www.procarton.com\/wp-content\/uploads\/2021\/03\/presidents-and-manager-73x300.jpeg 73w, https:\/\/www.procarton.com\/wp-content\/uploads\/2021\/03\/presidents-and-manager-3x12.jpeg 3w\" sizes=\"(max-width: 73px) 100vw, 73px\" \/><\/div>\n<\/div>\n<\/div>\n<\/div>","protected":false},"excerpt":{"rendered":"","protected":false},"author":868,"featured_media":0,"parent":258273,"menu_order":0,"comment_status":"closed","ping_status":"closed","template":"templates\/award_details_page.php","meta":{"inline_featured_image":false,"footnotes":""},"class_list":["post-276248","page","type-page","status-publish","hentry"],"yoast_head":"<!-- This site is optimized with the Yoast SEO plugin v27.4 - https:\/\/yoast.com\/product\/yoast-seo-wordpress\/ -->\n<title>Introduction - Pro Carton<\/title>\n<meta name=\"robots\" content=\"index, follow, max-snippet:-1, max-image-preview:large, max-video-preview:-1\" \/>\n<link rel=\"canonical\" href=\"https:\/\/www.procarton.com\/de\/awards\/european-carton-excellence-award\/2017-2\/introduction\/\" \/>\n<meta property=\"og:locale\" content=\"de_DE\" \/>\n<meta property=\"og:type\" content=\"article\" \/>\n<meta property=\"og:title\" content=\"Introduction - Pro Carton\" \/>\n<meta property=\"og:url\" content=\"https:\/\/www.procarton.com\/de\/awards\/european-carton-excellence-award\/2017-2\/introduction\/\" \/>\n<meta property=\"og:site_name\" content=\"Pro Carton\" \/>\n<meta property=\"article:publisher\" content=\"https:\/\/www.facebook.com\/procartondesignaward\/\" \/>\n<meta property=\"article:modified_time\" content=\"2022-03-31T13:25:41+00:00\" \/>\n<meta name=\"twitter:card\" content=\"summary_large_image\" \/>\n<meta name=\"twitter:site\" content=\"@pro_carton\" \/>\n<meta name=\"twitter:label1\" content=\"Gesch\u00e4tzte Lesezeit\" \/>\n\t<meta name=\"twitter:data1\" content=\"7\u00a0Minuten\" \/>\n<script type=\"application\/ld+json\" class=\"yoast-schema-graph\">{\"@context\":\"https:\\\/\\\/schema.org\",\"@graph\":[{\"@type\":\"WebPage\",\"@id\":\"https:\\\/\\\/www.procarton.com\\\/es\\\/awards\\\/european-carton-excellence-award\\\/2017-2\\\/introduction\\\/\",\"url\":\"https:\\\/\\\/www.procarton.com\\\/es\\\/awards\\\/european-carton-excellence-award\\\/2017-2\\\/introduction\\\/\",\"name\":\"Introduction - Pro Carton\",\"isPartOf\":{\"@id\":\"https:\\\/\\\/www.procarton.com\\\/es\\\/#website\"},\"datePublished\":\"2022-03-31T13:20:48+00:00\",\"dateModified\":\"2022-03-31T13:25:41+00:00\",\"breadcrumb\":{\"@id\":\"https:\\\/\\\/www.procarton.com\\\/es\\\/awards\\\/european-carton-excellence-award\\\/2017-2\\\/introduction\\\/#breadcrumb\"},\"inLanguage\":\"de\",\"potentialAction\":[{\"@type\":\"ReadAction\",\"target\":[\"https:\\\/\\\/www.procarton.com\\\/es\\\/awards\\\/european-carton-excellence-award\\\/2017-2\\\/introduction\\\/\"]}]},{\"@type\":\"BreadcrumbList\",\"@id\":\"https:\\\/\\\/www.procarton.com\\\/es\\\/awards\\\/european-carton-excellence-award\\\/2017-2\\\/introduction\\\/#breadcrumb\",\"itemListElement\":[{\"@type\":\"ListItem\",\"position\":1,\"name\":\"Home\",\"item\":\"https:\\\/\\\/www.procarton.com\\\/\"},{\"@type\":\"ListItem\",\"position\":2,\"name\":\"Awards\",\"item\":\"https:\\\/\\\/www.procarton.com\\\/awards\\\/\"},{\"@type\":\"ListItem\",\"position\":3,\"name\":\"European Carton Excellence Award\",\"item\":\"https:\\\/\\\/www.procarton.com\\\/awards\\\/european-carton-excellence-award\\\/\"},{\"@type\":\"ListItem\",\"position\":4,\"name\":\"2017\",\"item\":\"http:\\\/\\\/www.procarton.com\\\/fr\\\/awards\\\/european-carton-excellence-award\\\/2017-2\\\/\"},{\"@type\":\"ListItem\",\"position\":5,\"name\":\"Introduction\"}]},{\"@type\":\"WebSite\",\"@id\":\"https:\\\/\\\/www.procarton.com\\\/es\\\/#website\",\"url\":\"https:\\\/\\\/www.procarton.com\\\/es\\\/\",\"name\":\"Pro Carton\",\"description\":\"\",\"publisher\":{\"@id\":\"https:\\\/\\\/www.procarton.com\\\/es\\\/#organization\"},\"potentialAction\":[{\"@type\":\"SearchAction\",\"target\":{\"@type\":\"EntryPoint\",\"urlTemplate\":\"https:\\\/\\\/www.procarton.com\\\/es\\\/?s={search_term_string}\"},\"query-input\":{\"@type\":\"PropertyValueSpecification\",\"valueRequired\":true,\"valueName\":\"search_term_string\"}}],\"inLanguage\":\"de\"},{\"@type\":\"Organization\",\"@id\":\"https:\\\/\\\/www.procarton.com\\\/es\\\/#organization\",\"name\":\"ProCarton\",\"url\":\"https:\\\/\\\/www.procarton.com\\\/es\\\/\",\"logo\":{\"@type\":\"ImageObject\",\"inLanguage\":\"de\",\"@id\":\"https:\\\/\\\/www.procarton.com\\\/es\\\/#\\\/schema\\\/logo\\\/image\\\/\",\"url\":\"https:\\\/\\\/www.procarton.com\\\/wp-content\\\/uploads\\\/2022\\\/06\\\/logo-mit-slogan.jpg\",\"contentUrl\":\"https:\\\/\\\/www.procarton.com\\\/wp-content\\\/uploads\\\/2022\\\/06\\\/logo-mit-slogan.jpg\",\"width\":422,\"height\":519,\"caption\":\"ProCarton\"},\"image\":{\"@id\":\"https:\\\/\\\/www.procarton.com\\\/es\\\/#\\\/schema\\\/logo\\\/image\\\/\"},\"sameAs\":[\"https:\\\/\\\/www.facebook.com\\\/procartondesignaward\\\/\",\"https:\\\/\\\/x.com\\\/pro_carton\"]}]}<\/script>\n<!-- \/ Yoast SEO plugin. -->","yoast_head_json":{"title":"Einf\u00fchrung - Pro Carton","robots":{"index":"index","follow":"follow","max-snippet":"max-snippet:-1","max-image-preview":"max-image-preview:large","max-video-preview":"max-video-preview:-1"},"canonical":"https:\/\/www.procarton.com\/de\/awards\/european-carton-excellence-award\/2017-2\/introduction\/","og_locale":"de_DE","og_type":"article","og_title":"Introduction - Pro Carton","og_url":"https:\/\/www.procarton.com\/de\/awards\/european-carton-excellence-award\/2017-2\/introduction\/","og_site_name":"Pro Carton","article_publisher":"https:\/\/www.facebook.com\/procartondesignaward\/","article_modified_time":"2022-03-31T13:25:41+00:00","twitter_card":"summary_large_image","twitter_site":"@pro_carton","twitter_misc":{"Gesch\u00e4tzte Lesezeit":"7\u00a0Minuten"},"schema":{"@context":"https:\/\/schema.org","@graph":[{"@type":"WebPage","@id":"https:\/\/www.procarton.com\/es\/awards\/european-carton-excellence-award\/2017-2\/introduction\/","url":"https:\/\/www.procarton.com\/es\/awards\/european-carton-excellence-award\/2017-2\/introduction\/","name":"Einf\u00fchrung - Pro Carton","isPartOf":{"@id":"https:\/\/www.procarton.com\/es\/#website"},"datePublished":"2022-03-31T13:20:48+00:00","dateModified":"2022-03-31T13:25:41+00:00","breadcrumb":{"@id":"https:\/\/www.procarton.com\/es\/awards\/european-carton-excellence-award\/2017-2\/introduction\/#breadcrumb"},"inLanguage":"de","potentialAction":[{"@type":"ReadAction","target":["https:\/\/www.procarton.com\/es\/awards\/european-carton-excellence-award\/2017-2\/introduction\/"]}]},{"@type":"BreadcrumbList","@id":"https:\/\/www.procarton.com\/es\/awards\/european-carton-excellence-award\/2017-2\/introduction\/#breadcrumb","itemListElement":[{"@type":"ListItem","position":1,"name":"Home","item":"https:\/\/www.procarton.com\/"},{"@type":"ListItem","position":2,"name":"Awards","item":"https:\/\/www.procarton.com\/awards\/"},{"@type":"ListItem","position":3,"name":"European Carton Excellence Award","item":"https:\/\/www.procarton.com\/awards\/european-carton-excellence-award\/"},{"@type":"ListItem","position":4,"name":"2017","item":"http:\/\/www.procarton.com\/fr\/awards\/european-carton-excellence-award\/2017-2\/"},{"@type":"ListItem","position":5,"name":"Introduction"}]},{"@type":"WebSite","@id":"https:\/\/www.procarton.com\/es\/#website","url":"https:\/\/www.procarton.com\/es\/","name":"Pro Carton","description":"","publisher":{"@id":"https:\/\/www.procarton.com\/es\/#organization"},"potentialAction":[{"@type":"SearchAction","target":{"@type":"EntryPoint","urlTemplate":"https:\/\/www.procarton.com\/es\/?s={search_term_string}"},"query-input":{"@type":"PropertyValueSpecification","valueRequired":true,"valueName":"search_term_string"}}],"inLanguage":"de"},{"@type":"Organization","@id":"https:\/\/www.procarton.com\/es\/#organization","name":"ProCarton","url":"https:\/\/www.procarton.com\/es\/","logo":{"@type":"ImageObject","inLanguage":"de","@id":"https:\/\/www.procarton.com\/es\/#\/schema\/logo\/image\/","url":"https:\/\/www.procarton.com\/wp-content\/uploads\/2022\/06\/logo-mit-slogan.jpg","contentUrl":"https:\/\/www.procarton.com\/wp-content\/uploads\/2022\/06\/logo-mit-slogan.jpg","width":422,"height":519,"caption":"ProCarton"},"image":{"@id":"https:\/\/www.procarton.com\/es\/#\/schema\/logo\/image\/"},"sameAs":["https:\/\/www.facebook.com\/procartondesignaward\/","https:\/\/x.com\/pro_carton"]}]}},"_links":{"self":[{"href":"https:\/\/www.procarton.com\/de\/wp-json\/wp\/v2\/pages\/276248","targetHints":{"allow":["GET"]}}],"collection":[{"href":"https:\/\/www.procarton.com\/de\/wp-json\/wp\/v2\/pages"}],"about":[{"href":"https:\/\/www.procarton.com\/de\/wp-json\/wp\/v2\/types\/page"}],"author":[{"embeddable":true,"href":"https:\/\/www.procarton.com\/de\/wp-json\/wp\/v2\/users\/868"}],"replies":[{"embeddable":true,"href":"https:\/\/www.procarton.com\/de\/wp-json\/wp\/v2\/comments?post=276248"}],"version-history":[{"count":4,"href":"https:\/\/www.procarton.com\/de\/wp-json\/wp\/v2\/pages\/276248\/revisions"}],"predecessor-version":[{"id":276250,"href":"https:\/\/www.procarton.com\/de\/wp-json\/wp\/v2\/pages\/276248\/revisions\/276250"}],"up":[{"embeddable":true,"href":"https:\/\/www.procarton.com\/de\/wp-json\/wp\/v2\/pages\/258273"}],"wp:attachment":[{"href":"https:\/\/www.procarton.com\/de\/wp-json\/wp\/v2\/media?parent=276248"}],"curies":[{"name":"wp","href":"https:\/\/api.w.org\/{rel}","templated":true}]}}