{"id":276237,"date":"2022-03-31T13:56:58","date_gmt":"2022-03-31T12:56:58","guid":{"rendered":"https:\/\/www.procarton.com\/awards\/european-carton-excellence-award\/2018-2\/introduction\/"},"modified":"2022-03-31T14:06:00","modified_gmt":"2022-03-31T13:06:00","slug":"introduction","status":"publish","type":"page","link":"https:\/\/www.procarton.com\/de\/awards\/european-carton-excellence-award\/2018-2\/introduction\/","title":{"rendered":"Einf\u00fchrung"},"content":{"rendered":"<div class=\"av-animated-generic top-to-bottom flex_column av_two_third  flex_column_div av-zero-column-padding first  avia-builder-el-0  el_before_av_one_third  avia-builder-el-first\" style='border-radius:0px; '>\n<section class=\"av_textblock_section\"  itemscope=\"itemscope\" itemtype=\"https:\/\/schema.org\/CreativeWork\" >\n<div class='avia_textblock'   itemprop=\"text\" >\n<p>Die European Carton Excellence Award ist die Vorzeigeveranstaltung f\u00fcr die europ\u00e4ische Karton- und Faltschachtelindustrie. Jedes Jahr werden das breite Spektrum und die F\u00e4higkeiten der Branche verdienterma\u00dfen ins Rampenlicht ger\u00fcckt. Der Preis spiegelt deutlich die aktuellen Trends und Innovationen auf dem Verpackungsmarkt wider.<\/p>\n<p>Erfolgreiche L\u00f6sungen aus Karton sind in den meisten Bereichen die Zukunft. Denn Karton ist eines der nachhaltigsten Materialien und eines der besten, wenn es darum geht, Markenwerte zu kommunizieren, ob f\u00fcr Luxusmarken oder Alltagsprodukte.<\/p>\n<p>In diesem Jahr wurden einige wichtige \u00c4nderungen vorgenommen, um die herausragenden Leistungen der Kartonindustrie weiter anzuerkennen und zu f\u00f6rdern. Vor allem haben wir die Kategorien neu eingeteilt, um die Gr\u00f6\u00dfe der Marktsektoren widerzuspiegeln, die strukturelle Kreativit\u00e4t und die \u00e4sthetischen Qualit\u00e4ten der Verpackungen anzuerkennen und den nachhaltigen Charakter unserer Produkte zu betonen.<\/p>\n<p>Wie immer kam die Jury aus allen Bereichen der Lieferkette, um die Anforderungen der M\u00e4rkte widerzuspiegeln. Wir m\u00f6chten diese Gelegenheit nutzen, um allen Juroren f\u00fcr ihre schwierige Aufgabe zu danken! Neu in der Jury war in diesem Jahr Andrea Bottan von Nestl\u00e9, die gemeinsam mit dem Vorsitzenden der Jury, Satkar Gidda von SiebertHead - der internationalen Beratungsfirma f\u00fcr Marken- und Verpackungsdesign -, Lotte Krekels von Carrefour und der Designerin Susanne Lippitsch die Gewinner und Zweitplatzierten ausw\u00e4hlte.<\/p>\n<p>Wir sind davon \u00fcberzeugt, dass Karton und Faltschachteln im n\u00e4chsten Jahrzehnt das am meisten verwendete Verpackungsmedium sein werden. Design, Struktur und Funktionalit\u00e4t der eingereichten L\u00f6sungen haben gezeigt, was mit Karton alles m\u00f6glich ist. Europas h\u00f6chste Auszeichnung f\u00fcr Kartonverpackungen bietet den teilnehmenden Unternehmen enorme Vorteile, nicht nur in Bezug auf die positive Publicity, sondern auch in Bezug auf die Motivation der Mitarbeiter.<\/p>\n<p>Der Award genie\u00dft in ganz Europa gro\u00dfe Aufmerksamkeit. Hinzu kommt eine umfangreiche Marketingunterst\u00fctzung - nationale und internationale Presseberichterstattung, soziale Medien, E-Marketing, Videos, Fotos, Branchen-PR, Website, Brosch\u00fcren und nat\u00fcrlich die Urkunden und Troph\u00e4en f\u00fcr Gewinner und Finalisten! Sie finden alles auf www.procarton.com sowie auf den Social-Media-Plattformen Facebook, Twitter, Pinterest, Instagram und Linkedin: Bitte teilen, liken und verbreiten!<\/p>\n<p><em>Horst Bittermann, Pr\u00e4sident Pro Carton<\/em><br \/>\n<em>Jean-Fran\u00e7ois Roche, Pr\u00e4sident ECMA<\/em><\/p>\n<p><em>NACHRICHT DES GESCH\u00c4FTSF\u00dcHRERS VON PRO CARTON<\/em><\/p>\n<p>Dies ist das erste Mal, dass wir sowohl die Gewinner und Finalisten des Pro Carton Young Designers Award als auch des European Carton Excellence Award in einer Ver\u00f6ffentlichung zusammenfassen. Der Grund daf\u00fcr ist einfach. Nachdem wir die Qualit\u00e4t des Denkens, der Kreativit\u00e4t und der Herstellung von Mustern in der Studentengemeinschaft gesehen haben, glauben wir, dass sie es verdienen, auf der gleichen B\u00fchne wie die professionellen Gewinner zu stehen. Die Preisverleihung an alle Gewinner fand in diesem Jahr auf dem ECMA-Kongress in Lettland statt, warum also nicht alle zusammen hier zeigen?!<\/p>\n<p>Wir von Pro Carton wollen verst\u00e4rkt mit jungen Menschen kommunizieren und starten ein Bildungsprogramm f\u00fcr Schulen mit dem Titel TICIT (sprich: tick-it), das den positiven Kreislauf von B\u00e4umen zu Kartons und Kartons zu B\u00e4umen erkl\u00e4rt. Wir sind auf der Suche nach Verarbeitern, Kartonfabriken, Lieferanten und anderen Partnern in der Lieferkette, die uns beim Unterricht unterst\u00fctzen.<\/p>\n<p>Ich m\u00f6chte Sie erneut um Ihre Hilfe bei der Verbreitung der Kartonbotschaft bitten. Karton ist erneuerbar, recycelbar und biologisch abbaubar.... er ist wirklich nachhaltig.... und nicht viele Materialien k\u00f6nnen das von sich behaupten. Aber nutzen wir unsere gemeinsamen Ressourcen gut genug, um diese Botschaft zu verbreiten? Offensichtlich nicht. Immer noch glauben viele Verbraucher, dass Verpackungen aus Papier die Abholzung von W\u00e4ldern verursachen, aber wie viele von Ihnen wissen, wachsen die europ\u00e4ischen W\u00e4lder jeden Tag um das \u00c4quivalent von 1.500 Fu\u00dfballfeldern!<\/p>\n<p>Laut Eurostat werden bereits 82,61 TTP1T an Papierverpackungen dem Recycling zugef\u00fchrt, und selbst wenn sie nicht recycelt werden, kann Karton in etwa drei Monaten biologisch abgebaut werden und hinterl\u00e4sst keine langfristigen Spuren in unserer Umwelt.<\/p>\n<p>Wenn Sie also etwas tun, nachdem Sie diese Brosch\u00fcre durchgebl\u00e4ttert haben, bitten Sie Ihre Kollegen, Freunde und Familie, unsere Seiten in den sozialen Medien zu besuchen, zu m\u00f6gen und zu teilen. Sie k\u00f6nnen uns auf Facebook, LinkedIn, Twitter und Instagram finden. K\u00f6nnen Sie sich die Macht unserer Stimme vorstellen, wenn wir gemeinsam daran arbeiten?<\/p>\n<p>Vielen Dank f\u00fcr Ihre Hilfe.<\/p>\n<p><em>Tony Hitchin,<\/em><br \/>\n<em>Generaldirektor, Pro Carton<\/em><br \/>\n<em>September 2018<\/em><\/p>\n<\/div>\n<\/section>\n<\/div>\n<div class=\"av-animated-generic top-to-bottom flex_column av_one_third  flex_column_div av-zero-column-padding   avia-builder-el-2  el_after_av_two_third  avia-builder-el-last\" style='border-radius:0px; '>\n<div  class='avia-image-container  av-styling-no-styling    avia-builder-el-3  el_before_av_image  avia-builder-el-first  avia-align-center'  itemprop=\"image\" itemscope=\"itemscope\" itemtype=\"https:\/\/schema.org\/ImageObject\"  >\n<div class='avia-image-container-inner'>\n<div class='avia-image-overlay-wrap'><img decoding=\"async\" width=\"300\" height=\"240\" class='wp-image-258623 avia-img-lazy-loading-not-258623 avia_image' src=\"https:\/\/www.procarton.com\/wp-content\/uploads\/2021\/03\/bittermann_18-300x240.jpeg\" alt='' title='bittermann_18'  itemprop=\"thumbnailUrl\" srcset=\"https:\/\/www.procarton.com\/wp-content\/uploads\/2021\/03\/bittermann_18-300x240.jpeg 300w, https:\/\/www.procarton.com\/wp-content\/uploads\/2021\/03\/bittermann_18-1030x824.jpeg 1030w, https:\/\/www.procarton.com\/wp-content\/uploads\/2021\/03\/bittermann_18-768x614.jpeg 768w, https:\/\/www.procarton.com\/wp-content\/uploads\/2021\/03\/bittermann_18-1536x1229.jpeg 1536w, https:\/\/www.procarton.com\/wp-content\/uploads\/2021\/03\/bittermann_18-15x12.jpeg 15w, https:\/\/www.procarton.com\/wp-content\/uploads\/2021\/03\/bittermann_18-1500x1200.jpeg 1500w, https:\/\/www.procarton.com\/wp-content\/uploads\/2021\/03\/bittermann_18-705x564.jpeg 705w, https:\/\/www.procarton.com\/wp-content\/uploads\/2021\/03\/bittermann_18.jpeg 1920w\" sizes=\"(max-width: 300px) 100vw, 300px\" \/><\/div>\n<\/div>\n<\/div>\n<div  class='avia-image-container  av-styling-no-styling    avia-builder-el-4  el_after_av_image  el_before_av_image  avia-align-center'  itemprop=\"image\" itemscope=\"itemscope\" itemtype=\"https:\/\/schema.org\/ImageObject\"  >\n<div class='avia-image-container-inner'>\n<div class='avia-image-overlay-wrap'><img decoding=\"async\" width=\"300\" height=\"200\" class='wp-image-258624 avia-img-lazy-loading-not-258624 avia_image' src=\"https:\/\/www.procarton.com\/wp-content\/uploads\/2021\/03\/roche-tv-300x200.jpeg\" alt='' title='roche-tv'  itemprop=\"thumbnailUrl\" srcset=\"https:\/\/www.procarton.com\/wp-content\/uploads\/2021\/03\/roche-tv-300x200.jpeg 300w, https:\/\/www.procarton.com\/wp-content\/uploads\/2021\/03\/roche-tv-18x12.jpeg 18w, https:\/\/www.procarton.com\/wp-content\/uploads\/2021\/03\/roche-tv-328x219.jpeg 328w, https:\/\/www.procarton.com\/wp-content\/uploads\/2021\/03\/roche-tv.jpeg 600w\" sizes=\"(max-width: 300px) 100vw, 300px\" \/><\/div>\n<\/div>\n<\/div>\n<div  class='avia-image-container  av-styling-no-styling    avia-builder-el-5  el_after_av_image  avia-builder-el-last  avia-align-center'  itemprop=\"image\" itemscope=\"itemscope\" itemtype=\"https:\/\/schema.org\/ImageObject\"  >\n<div class='avia-image-container-inner'>\n<div class='avia-image-overlay-wrap'><img decoding=\"async\" width=\"300\" height=\"200\" class='wp-image-242249 avia-img-lazy-loading-not-242249 avia_image' src=\"https:\/\/www.procarton.com\/wp-content\/uploads\/2021\/02\/tony-hitchin-300x200.jpg\" alt='' title='Toni Hitchin'  itemprop=\"thumbnailUrl\" srcset=\"https:\/\/www.procarton.com\/wp-content\/uploads\/2021\/02\/tony-hitchin-300x200.jpg 300w, https:\/\/www.procarton.com\/wp-content\/uploads\/2021\/02\/tony-hitchin-18x12.jpg 18w, https:\/\/www.procarton.com\/wp-content\/uploads\/2021\/02\/tony-hitchin-328x219.jpg 328w, https:\/\/www.procarton.com\/wp-content\/uploads\/2021\/02\/tony-hitchin.jpg 600w\" sizes=\"(max-width: 300px) 100vw, 300px\" \/><\/div>\n<\/div>\n<\/div>\n<\/div>","protected":false},"excerpt":{"rendered":"","protected":false},"author":868,"featured_media":0,"parent":243778,"menu_order":0,"comment_status":"closed","ping_status":"closed","template":"templates\/award_details_page.php","meta":{"inline_featured_image":false,"footnotes":""},"class_list":["post-276237","page","type-page","status-publish","hentry"],"yoast_head":"<!-- This site is optimized with the Yoast SEO plugin v27.4 - https:\/\/yoast.com\/product\/yoast-seo-wordpress\/ -->\n<title>Introduction - Pro Carton<\/title>\n<meta name=\"robots\" content=\"index, follow, max-snippet:-1, max-image-preview:large, max-video-preview:-1\" \/>\n<link rel=\"canonical\" href=\"https:\/\/www.procarton.com\/de\/awards\/european-carton-excellence-award\/2018-2\/introduction\/\" \/>\n<meta property=\"og:locale\" content=\"de_DE\" \/>\n<meta property=\"og:type\" content=\"article\" \/>\n<meta property=\"og:title\" content=\"Introduction - Pro Carton\" \/>\n<meta property=\"og:url\" content=\"https:\/\/www.procarton.com\/de\/awards\/european-carton-excellence-award\/2018-2\/introduction\/\" \/>\n<meta property=\"og:site_name\" content=\"Pro Carton\" \/>\n<meta property=\"article:publisher\" content=\"https:\/\/www.facebook.com\/procartondesignaward\/\" \/>\n<meta property=\"article:modified_time\" content=\"2022-03-31T13:06:00+00:00\" \/>\n<meta name=\"twitter:card\" content=\"summary_large_image\" \/>\n<meta name=\"twitter:site\" content=\"@pro_carton\" \/>\n<meta name=\"twitter:label1\" content=\"Gesch\u00e4tzte Lesezeit\" \/>\n\t<meta name=\"twitter:data1\" content=\"6\u00a0Minuten\" \/>\n<script type=\"application\/ld+json\" class=\"yoast-schema-graph\">{\"@context\":\"https:\\\/\\\/schema.org\",\"@graph\":[{\"@type\":\"WebPage\",\"@id\":\"https:\\\/\\\/www.procarton.com\\\/es\\\/awards\\\/european-carton-excellence-award\\\/2018-2\\\/introduction\\\/\",\"url\":\"https:\\\/\\\/www.procarton.com\\\/es\\\/awards\\\/european-carton-excellence-award\\\/2018-2\\\/introduction\\\/\",\"name\":\"Introduction - Pro Carton\",\"isPartOf\":{\"@id\":\"https:\\\/\\\/www.procarton.com\\\/es\\\/#website\"},\"datePublished\":\"2022-03-31T12:56:58+00:00\",\"dateModified\":\"2022-03-31T13:06:00+00:00\",\"breadcrumb\":{\"@id\":\"https:\\\/\\\/www.procarton.com\\\/es\\\/awards\\\/european-carton-excellence-award\\\/2018-2\\\/introduction\\\/#breadcrumb\"},\"inLanguage\":\"de\",\"potentialAction\":[{\"@type\":\"ReadAction\",\"target\":[\"https:\\\/\\\/www.procarton.com\\\/es\\\/awards\\\/european-carton-excellence-award\\\/2018-2\\\/introduction\\\/\"]}]},{\"@type\":\"BreadcrumbList\",\"@id\":\"https:\\\/\\\/www.procarton.com\\\/es\\\/awards\\\/european-carton-excellence-award\\\/2018-2\\\/introduction\\\/#breadcrumb\",\"itemListElement\":[{\"@type\":\"ListItem\",\"position\":1,\"name\":\"Home\",\"item\":\"https:\\\/\\\/www.procarton.com\\\/\"},{\"@type\":\"ListItem\",\"position\":2,\"name\":\"Awards\",\"item\":\"https:\\\/\\\/www.procarton.com\\\/awards\\\/\"},{\"@type\":\"ListItem\",\"position\":3,\"name\":\"European Carton Excellence Award\",\"item\":\"https:\\\/\\\/www.procarton.com\\\/awards\\\/european-carton-excellence-award\\\/\"},{\"@type\":\"ListItem\",\"position\":4,\"name\":\"2018\",\"item\":\"https:\\\/\\\/www.procarton.com\\\/es\\\/awards\\\/european-carton-excellence-award\\\/2018-2\\\/\"},{\"@type\":\"ListItem\",\"position\":5,\"name\":\"Introduction\"}]},{\"@type\":\"WebSite\",\"@id\":\"https:\\\/\\\/www.procarton.com\\\/es\\\/#website\",\"url\":\"https:\\\/\\\/www.procarton.com\\\/es\\\/\",\"name\":\"Pro Carton\",\"description\":\"\",\"publisher\":{\"@id\":\"https:\\\/\\\/www.procarton.com\\\/es\\\/#organization\"},\"potentialAction\":[{\"@type\":\"SearchAction\",\"target\":{\"@type\":\"EntryPoint\",\"urlTemplate\":\"https:\\\/\\\/www.procarton.com\\\/es\\\/?s={search_term_string}\"},\"query-input\":{\"@type\":\"PropertyValueSpecification\",\"valueRequired\":true,\"valueName\":\"search_term_string\"}}],\"inLanguage\":\"de\"},{\"@type\":\"Organization\",\"@id\":\"https:\\\/\\\/www.procarton.com\\\/es\\\/#organization\",\"name\":\"ProCarton\",\"url\":\"https:\\\/\\\/www.procarton.com\\\/es\\\/\",\"logo\":{\"@type\":\"ImageObject\",\"inLanguage\":\"de\",\"@id\":\"https:\\\/\\\/www.procarton.com\\\/es\\\/#\\\/schema\\\/logo\\\/image\\\/\",\"url\":\"https:\\\/\\\/www.procarton.com\\\/wp-content\\\/uploads\\\/2022\\\/06\\\/logo-mit-slogan.jpg\",\"contentUrl\":\"https:\\\/\\\/www.procarton.com\\\/wp-content\\\/uploads\\\/2022\\\/06\\\/logo-mit-slogan.jpg\",\"width\":422,\"height\":519,\"caption\":\"ProCarton\"},\"image\":{\"@id\":\"https:\\\/\\\/www.procarton.com\\\/es\\\/#\\\/schema\\\/logo\\\/image\\\/\"},\"sameAs\":[\"https:\\\/\\\/www.facebook.com\\\/procartondesignaward\\\/\",\"https:\\\/\\\/x.com\\\/pro_carton\"]}]}<\/script>\n<!-- \/ Yoast SEO plugin. -->","yoast_head_json":{"title":"Einf\u00fchrung - Pro Carton","robots":{"index":"index","follow":"follow","max-snippet":"max-snippet:-1","max-image-preview":"max-image-preview:large","max-video-preview":"max-video-preview:-1"},"canonical":"https:\/\/www.procarton.com\/de\/awards\/european-carton-excellence-award\/2018-2\/introduction\/","og_locale":"de_DE","og_type":"article","og_title":"Introduction - Pro Carton","og_url":"https:\/\/www.procarton.com\/de\/awards\/european-carton-excellence-award\/2018-2\/introduction\/","og_site_name":"Pro Carton","article_publisher":"https:\/\/www.facebook.com\/procartondesignaward\/","article_modified_time":"2022-03-31T13:06:00+00:00","twitter_card":"summary_large_image","twitter_site":"@pro_carton","twitter_misc":{"Gesch\u00e4tzte Lesezeit":"6\u00a0Minuten"},"schema":{"@context":"https:\/\/schema.org","@graph":[{"@type":"WebPage","@id":"https:\/\/www.procarton.com\/es\/awards\/european-carton-excellence-award\/2018-2\/introduction\/","url":"https:\/\/www.procarton.com\/es\/awards\/european-carton-excellence-award\/2018-2\/introduction\/","name":"Einf\u00fchrung - Pro Carton","isPartOf":{"@id":"https:\/\/www.procarton.com\/es\/#website"},"datePublished":"2022-03-31T12:56:58+00:00","dateModified":"2022-03-31T13:06:00+00:00","breadcrumb":{"@id":"https:\/\/www.procarton.com\/es\/awards\/european-carton-excellence-award\/2018-2\/introduction\/#breadcrumb"},"inLanguage":"de","potentialAction":[{"@type":"ReadAction","target":["https:\/\/www.procarton.com\/es\/awards\/european-carton-excellence-award\/2018-2\/introduction\/"]}]},{"@type":"BreadcrumbList","@id":"https:\/\/www.procarton.com\/es\/awards\/european-carton-excellence-award\/2018-2\/introduction\/#breadcrumb","itemListElement":[{"@type":"ListItem","position":1,"name":"Home","item":"https:\/\/www.procarton.com\/"},{"@type":"ListItem","position":2,"name":"Awards","item":"https:\/\/www.procarton.com\/awards\/"},{"@type":"ListItem","position":3,"name":"European Carton Excellence Award","item":"https:\/\/www.procarton.com\/awards\/european-carton-excellence-award\/"},{"@type":"ListItem","position":4,"name":"2018","item":"https:\/\/www.procarton.com\/es\/awards\/european-carton-excellence-award\/2018-2\/"},{"@type":"ListItem","position":5,"name":"Introduction"}]},{"@type":"WebSite","@id":"https:\/\/www.procarton.com\/es\/#website","url":"https:\/\/www.procarton.com\/es\/","name":"Pro Carton","description":"","publisher":{"@id":"https:\/\/www.procarton.com\/es\/#organization"},"potentialAction":[{"@type":"SearchAction","target":{"@type":"EntryPoint","urlTemplate":"https:\/\/www.procarton.com\/es\/?s={search_term_string}"},"query-input":{"@type":"PropertyValueSpecification","valueRequired":true,"valueName":"search_term_string"}}],"inLanguage":"de"},{"@type":"Organization","@id":"https:\/\/www.procarton.com\/es\/#organization","name":"ProCarton","url":"https:\/\/www.procarton.com\/es\/","logo":{"@type":"ImageObject","inLanguage":"de","@id":"https:\/\/www.procarton.com\/es\/#\/schema\/logo\/image\/","url":"https:\/\/www.procarton.com\/wp-content\/uploads\/2022\/06\/logo-mit-slogan.jpg","contentUrl":"https:\/\/www.procarton.com\/wp-content\/uploads\/2022\/06\/logo-mit-slogan.jpg","width":422,"height":519,"caption":"ProCarton"},"image":{"@id":"https:\/\/www.procarton.com\/es\/#\/schema\/logo\/image\/"},"sameAs":["https:\/\/www.facebook.com\/procartondesignaward\/","https:\/\/x.com\/pro_carton"]}]}},"_links":{"self":[{"href":"https:\/\/www.procarton.com\/de\/wp-json\/wp\/v2\/pages\/276237","targetHints":{"allow":["GET"]}}],"collection":[{"href":"https:\/\/www.procarton.com\/de\/wp-json\/wp\/v2\/pages"}],"about":[{"href":"https:\/\/www.procarton.com\/de\/wp-json\/wp\/v2\/types\/page"}],"author":[{"embeddable":true,"href":"https:\/\/www.procarton.com\/de\/wp-json\/wp\/v2\/users\/868"}],"replies":[{"embeddable":true,"href":"https:\/\/www.procarton.com\/de\/wp-json\/wp\/v2\/comments?post=276237"}],"version-history":[{"count":5,"href":"https:\/\/www.procarton.com\/de\/wp-json\/wp\/v2\/pages\/276237\/revisions"}],"predecessor-version":[{"id":276241,"href":"https:\/\/www.procarton.com\/de\/wp-json\/wp\/v2\/pages\/276237\/revisions\/276241"}],"up":[{"embeddable":true,"href":"https:\/\/www.procarton.com\/de\/wp-json\/wp\/v2\/pages\/243778"}],"wp:attachment":[{"href":"https:\/\/www.procarton.com\/de\/wp-json\/wp\/v2\/media?parent=276237"}],"curies":[{"name":"wp","href":"https:\/\/api.w.org\/{rel}","templated":true}]}}