{"id":276061,"date":"2022-03-29T19:53:40","date_gmt":"2022-03-29T18:53:40","guid":{"rendered":"https:\/\/www.procarton.com\/awards\/european-carton-excellence-award\/2004-2\/jury\/"},"modified":"2022-03-29T19:54:01","modified_gmt":"2022-03-29T18:54:01","slug":"jury","status":"publish","type":"page","link":"https:\/\/www.procarton.com\/de\/awards\/european-carton-excellence-award\/2004-2\/jury\/","title":{"rendered":"Jury"},"content":{"rendered":"<div class=\"container main-content\" data-page-id=\"17694\">\n<div class=\"clearfix\">\n<div id=\"primary\" class=\"content-area col-sm-12\">\n<div id=\"content\" class=\"site-content\" role=\"main\">\n<p><strong>BERICHT DES JURYVORSITZENDEN 2004<\/strong><\/p>\n<p>Dies ist erst mein zweites Jahr als Vorsitzender, aber ich kann Ihnen best\u00e4tigen, dass es eine aufregende und mitrei\u00dfende Erfahrung ist, Teil der Jury zu sein. Vor der Bewertung, als wir darauf warteten, den Raum zu betreten, in dem alle Exponate ausgestellt sind, fragten wir uns, welche \u00dcberraschungen uns dieses Jahr erwarten w\u00fcrden. Und wir wurden definitiv nicht entt\u00e4uscht, denn ein gro\u00dfer Teil der eingereichten Arbeiten war von hoher Qualit\u00e4t.<\/p>\n<p>Die Zahl der Beitr\u00e4ge war ebenfalls sehr hoch (vielen Dank an alle, die dazu beigetragen haben!), nur etwas geringer als im letzten Jahr, so dass die Auswahl gro\u00df war, aber - und es gibt immer ein Aber - die Dominanz einiger Kategorien, sowohl in Bezug auf die Anzahl als auch auf die innovativen Ideen, ist allzu offensichtlich.<\/p>\n<p>F\u00fcr die Kategorien, die routinem\u00e4\u00dfig gut unterst\u00fctzt werden, gibt es immer einen \u00dcberschuss an guten Ideen. Aber in den schw\u00e4cheren Kategorien sticht nichts als gro\u00dfartige L\u00f6sung hervor. Schlimmer noch, es kann sein, dass kein einziger Beitrag von ausreichender Qualit\u00e4t ist, um einen Preis zu erhalten. Das ist sehr schade, denn, wie Richard Dalgleish in seinem Vorwort sagt, gibt es viele fantastische Pakete in den Gesch\u00e4ften.\u00a0<em>Warum nehmen sie nicht an dem Wettbewerb teil?<\/em>\u00a0Wenn es bei diesem Wettbewerb nur um technische Spitzenleistungen ginge, h\u00e4tte es sicher viele Gewinner geben k\u00f6nnen. Es besteht kein Zweifel, dass der Standard der Ausf\u00fchrung beispielhaft ist. Es handelt sich jedoch um einen Wettbewerb, bei dem es um umfassendere Eigenschaften geht, vor allem um den Verbrauchernutzen, zu dem auch ein \u00e4sthetisches Element geh\u00f6rt. Das gilt sogar f\u00fcr so genannte \"funktionale\" Verpackungen.<\/p>\n<p>Dies ist der Bereich, in dem wir auf Schwierigkeiten sto\u00dfen. In diesem Jahr wurde die Kategorie Pharmazeutika als nicht preisw\u00fcrdig beurteilt. Das ist sehr bedauerlich, wenn man bedenkt, dass es sich um eine Kategorie handelt, in der der Druck auf die Verpackungskosten nicht so gro\u00df ist wie bei den \u00fcblichen Lebensmitteln und Getr\u00e4nken. Wo liegt das Problem? Gibt es nicht genug Innovationen\/Renovationen? Das glaube ich nicht. Sind die eingereichten Produkte nicht repr\u00e4sentativ? Das ist wahrscheinlicher.<\/p>\n<p>Ich m\u00f6chte vorschlagen, dass wir die fehlenden Eintr\u00e4ge nicht nur in der Kategorie Pharmazeutika, sondern in allen Kategorien vornehmen m\u00fcssen, wenn wir die n\u00f6tige Bekanntheit erreichen wollen, um die Verpackung zu einem echten Hochleistungsmedium zu machen.<\/p>\n<p>Die Marketingverantwortlichen in den Kundenunternehmen sind nicht unbedingt nur an den Massenmedien interessiert. Wenn sie eine echte Chance sehen, die durch eine aufregende Verpackung entsteht, werden sie sie mit beiden H\u00e4nden ergreifen. Ein paar pers\u00f6nliche Anmerkungen zu den Gewinnern.<\/p>\n<p>Der Innovationspreis, mit dem herausragendes \"Out-of-the-Box\"-Denken gew\u00fcrdigt wird, wurde dem Grill-Starterkit zuerkannt. Es wies eine seltene Eigenschaft auf - es war selbstaufl\u00f6send! Die Jury sch\u00e4tzte die unausweichliche Tatsache, dass dieses Paket wirklich \"ganzheitlich\" war und sich am Ende seiner Lebensdauer sogar selbst aufl\u00f6ste. Gibt es da drau\u00dfen noch mehr davon? Ich hoffe es. Arbeiten Sie an ihnen f\u00fcr 2005!<\/p>\n<p>Carton of the Year war einfach eine sehr elegante Nutzung der F\u00e4higkeit von Vollpappe, sich in eine wirklich ansprechende Form zu bringen, die keine rechteckige Faltschachtel war. Die technischen und \u00e4sthetischen Aspekte dieser Verpackung kamen wirklich wunderbar zusammen, um eine fast organische Form zu schaffen. Au\u00dferdem l\u00e4sst sie sich \u00f6ffnen, um ein gro\u00dfartiges Tischpaket f\u00fcr die gemeinsame Nutzung durch die Familie zu schaffen.<\/p>\n<p>Die anderen Gewinner brachten eine Vielzahl \u00fcberraschender Eigenschaften mit:<\/p>\n<ul>\n<li>Die ganz andere \"schiefe\" Parf\u00fcmerieverpackung. Es brauchte Mut, um sie auf den Markt zu bringen, da sie mit einer grundlegenden Regel der Regalnutzung im Merchandising bricht.<\/li>\n<li>Die Reispackung, die alles tat, was man von einer Packung verlangen konnte, und noch mehr.<\/li>\n<li>Das schlichte und etwas andere Kartonhals-Etikett f\u00fcr eine Saftpackung, das die Nat\u00fcrlichkeit zur Geltung bringt.<\/li>\n<li>Das Zwei-Schubladen-Paket f\u00fcr Schokopl\u00e4tzchen - eine kleine \u00dcberraschung kann viel bewirken.<\/li>\n<\/ul>\n<p>Es war ein Vergn\u00fcgen, sie als Gewinner auszuw\u00e4hlen, denn sie haben ihre Auszeichnung durch viele Dimensionen der Attraktivit\u00e4t, sowohl technisch als auch kommunikativ, verdient.<\/p>\n<p><strong>Ein letzter Gedanke.<\/strong><br \/>\nDie Verpackung ist eindeutig ein Hochleistungsmedium, das im besten Fall mit jedem anderen Medium mithalten kann. Sie sind absolut preiswert. Aber wir k\u00f6nnen nicht aufh\u00f6ren, sie zu f\u00f6rdern und zu unterst\u00fctzen. Wenn wir das tun, wird sie ihren Schwung verlieren. Wir z\u00e4hlen auf Sie, die Materiallieferanten, die Druckvorstufenindustrie, die Drucker und Verarbeiter, dass Sie uns helfen, dieses gro\u00dfartige Medium zu f\u00f6rdern. Tausend Dank f\u00fcr 2004 - und lassen Sie uns 2005 noch besser machen!<\/p>\n<p><strong>Allan Boyle,<br \/>\nVevey, August 2004<\/strong><\/p>\n<div class=\"clearfix\"><\/div>\n<\/div>\n<div class=\"clearfix\"><\/div>\n<\/div>\n<\/div>\n<div class=\"row\"><\/div>\n<\/div>\n<footer>\n<div class=\"top-footer\">\n<div class=\"container text-center\">\n<div class=\"row\">\n<div class=\"col-lg-4 col-lg-offset-4\"><\/div>\n<\/div>\n<\/div>\n<\/div>\n<\/footer>","protected":false},"excerpt":{"rendered":"<p>JURY CHAIRMAN\u2019S REPORT 2004 This is only my second year as Chairman, but I can confirm to you that being part of the jury is an exciting and infectious experience. Before the judging, as we waited to enter the room where all the exhibits are laid out, we wondered what surprises were in store this [&hellip;]<\/p>\n","protected":false},"author":868,"featured_media":0,"parent":258286,"menu_order":0,"comment_status":"closed","ping_status":"closed","template":"","meta":{"inline_featured_image":false,"footnotes":""},"class_list":["post-276061","page","type-page","status-publish","hentry"],"yoast_head":"<!-- This site is optimized with the Yoast SEO plugin v27.4 - https:\/\/yoast.com\/product\/yoast-seo-wordpress\/ -->\n<title>Jury - Pro Carton<\/title>\n<meta name=\"robots\" content=\"index, follow, max-snippet:-1, max-image-preview:large, max-video-preview:-1\" \/>\n<link rel=\"canonical\" href=\"https:\/\/www.procarton.com\/de\/awards\/european-carton-excellence-award\/2004-2\/jury\/\" \/>\n<meta property=\"og:locale\" content=\"de_DE\" \/>\n<meta property=\"og:type\" content=\"article\" \/>\n<meta property=\"og:title\" content=\"Jury - Pro Carton\" \/>\n<meta property=\"og:description\" content=\"JURY CHAIRMAN\u2019S REPORT 2004 This is only my second year as Chairman, but I can confirm to you that being part of the jury is an exciting and infectious experience. Before the judging, as we waited to enter the room where all the exhibits are laid out, we wondered what surprises were in store this [&hellip;]\" \/>\n<meta property=\"og:url\" content=\"https:\/\/www.procarton.com\/de\/awards\/european-carton-excellence-award\/2004-2\/jury\/\" \/>\n<meta property=\"og:site_name\" content=\"Pro Carton\" \/>\n<meta property=\"article:publisher\" content=\"https:\/\/www.facebook.com\/procartondesignaward\/\" \/>\n<meta property=\"article:modified_time\" content=\"2022-03-29T18:54:01+00:00\" \/>\n<meta name=\"twitter:card\" content=\"summary_large_image\" \/>\n<meta name=\"twitter:site\" content=\"@pro_carton\" \/>\n<meta name=\"twitter:label1\" content=\"Gesch\u00e4tzte Lesezeit\" \/>\n\t<meta name=\"twitter:data1\" content=\"4\u00a0Minuten\" \/>\n<script type=\"application\/ld+json\" class=\"yoast-schema-graph\">{\"@context\":\"https:\\\/\\\/schema.org\",\"@graph\":[{\"@type\":\"WebPage\",\"@id\":\"https:\\\/\\\/www.procarton.com\\\/es\\\/awards\\\/european-carton-excellence-award\\\/2004-2\\\/jury\\\/\",\"url\":\"https:\\\/\\\/www.procarton.com\\\/es\\\/awards\\\/european-carton-excellence-award\\\/2004-2\\\/jury\\\/\",\"name\":\"Jury - Pro Carton\",\"isPartOf\":{\"@id\":\"https:\\\/\\\/www.procarton.com\\\/es\\\/#website\"},\"datePublished\":\"2022-03-29T18:53:40+00:00\",\"dateModified\":\"2022-03-29T18:54:01+00:00\",\"breadcrumb\":{\"@id\":\"https:\\\/\\\/www.procarton.com\\\/es\\\/awards\\\/european-carton-excellence-award\\\/2004-2\\\/jury\\\/#breadcrumb\"},\"inLanguage\":\"de\",\"potentialAction\":[{\"@type\":\"ReadAction\",\"target\":[\"https:\\\/\\\/www.procarton.com\\\/es\\\/awards\\\/european-carton-excellence-award\\\/2004-2\\\/jury\\\/\"]}]},{\"@type\":\"BreadcrumbList\",\"@id\":\"https:\\\/\\\/www.procarton.com\\\/es\\\/awards\\\/european-carton-excellence-award\\\/2004-2\\\/jury\\\/#breadcrumb\",\"itemListElement\":[{\"@type\":\"ListItem\",\"position\":1,\"name\":\"Home\",\"item\":\"https:\\\/\\\/www.procarton.com\\\/\"},{\"@type\":\"ListItem\",\"position\":2,\"name\":\"Awards\",\"item\":\"https:\\\/\\\/www.procarton.com\\\/awards\\\/\"},{\"@type\":\"ListItem\",\"position\":3,\"name\":\"European Carton Excellence Award\",\"item\":\"https:\\\/\\\/www.procarton.com\\\/awards\\\/european-carton-excellence-award\\\/\"},{\"@type\":\"ListItem\",\"position\":4,\"name\":\"2004\",\"item\":\"https:\\\/\\\/www.procarton.com\\\/de\\\/awards\\\/european-carton-excellence-award\\\/2004-2\\\/\"},{\"@type\":\"ListItem\",\"position\":5,\"name\":\"Jury\"}]},{\"@type\":\"WebSite\",\"@id\":\"https:\\\/\\\/www.procarton.com\\\/es\\\/#website\",\"url\":\"https:\\\/\\\/www.procarton.com\\\/es\\\/\",\"name\":\"Pro Carton\",\"description\":\"\",\"publisher\":{\"@id\":\"https:\\\/\\\/www.procarton.com\\\/es\\\/#organization\"},\"potentialAction\":[{\"@type\":\"SearchAction\",\"target\":{\"@type\":\"EntryPoint\",\"urlTemplate\":\"https:\\\/\\\/www.procarton.com\\\/es\\\/?s={search_term_string}\"},\"query-input\":{\"@type\":\"PropertyValueSpecification\",\"valueRequired\":true,\"valueName\":\"search_term_string\"}}],\"inLanguage\":\"de\"},{\"@type\":\"Organization\",\"@id\":\"https:\\\/\\\/www.procarton.com\\\/es\\\/#organization\",\"name\":\"ProCarton\",\"url\":\"https:\\\/\\\/www.procarton.com\\\/es\\\/\",\"logo\":{\"@type\":\"ImageObject\",\"inLanguage\":\"de\",\"@id\":\"https:\\\/\\\/www.procarton.com\\\/es\\\/#\\\/schema\\\/logo\\\/image\\\/\",\"url\":\"https:\\\/\\\/www.procarton.com\\\/wp-content\\\/uploads\\\/2022\\\/06\\\/logo-mit-slogan.jpg\",\"contentUrl\":\"https:\\\/\\\/www.procarton.com\\\/wp-content\\\/uploads\\\/2022\\\/06\\\/logo-mit-slogan.jpg\",\"width\":422,\"height\":519,\"caption\":\"ProCarton\"},\"image\":{\"@id\":\"https:\\\/\\\/www.procarton.com\\\/es\\\/#\\\/schema\\\/logo\\\/image\\\/\"},\"sameAs\":[\"https:\\\/\\\/www.facebook.com\\\/procartondesignaward\\\/\",\"https:\\\/\\\/x.com\\\/pro_carton\"]}]}<\/script>\n<!-- \/ Yoast SEO plugin. -->","yoast_head_json":{"title":"Jury - Pro Karton","robots":{"index":"index","follow":"follow","max-snippet":"max-snippet:-1","max-image-preview":"max-image-preview:large","max-video-preview":"max-video-preview:-1"},"canonical":"https:\/\/www.procarton.com\/de\/awards\/european-carton-excellence-award\/2004-2\/jury\/","og_locale":"de_DE","og_type":"article","og_title":"Jury - Pro Carton","og_description":"JURY CHAIRMAN\u2019S REPORT 2004 This is only my second year as Chairman, but I can confirm to you that being part of the jury is an exciting and infectious experience. Before the judging, as we waited to enter the room where all the exhibits are laid out, we wondered what surprises were in store this [&hellip;]","og_url":"https:\/\/www.procarton.com\/de\/awards\/european-carton-excellence-award\/2004-2\/jury\/","og_site_name":"Pro Carton","article_publisher":"https:\/\/www.facebook.com\/procartondesignaward\/","article_modified_time":"2022-03-29T18:54:01+00:00","twitter_card":"summary_large_image","twitter_site":"@pro_carton","twitter_misc":{"Gesch\u00e4tzte Lesezeit":"4\u00a0Minuten"},"schema":{"@context":"https:\/\/schema.org","@graph":[{"@type":"WebPage","@id":"https:\/\/www.procarton.com\/es\/awards\/european-carton-excellence-award\/2004-2\/jury\/","url":"https:\/\/www.procarton.com\/es\/awards\/european-carton-excellence-award\/2004-2\/jury\/","name":"Jury - Pro Karton","isPartOf":{"@id":"https:\/\/www.procarton.com\/es\/#website"},"datePublished":"2022-03-29T18:53:40+00:00","dateModified":"2022-03-29T18:54:01+00:00","breadcrumb":{"@id":"https:\/\/www.procarton.com\/es\/awards\/european-carton-excellence-award\/2004-2\/jury\/#breadcrumb"},"inLanguage":"de","potentialAction":[{"@type":"ReadAction","target":["https:\/\/www.procarton.com\/es\/awards\/european-carton-excellence-award\/2004-2\/jury\/"]}]},{"@type":"BreadcrumbList","@id":"https:\/\/www.procarton.com\/es\/awards\/european-carton-excellence-award\/2004-2\/jury\/#breadcrumb","itemListElement":[{"@type":"ListItem","position":1,"name":"Home","item":"https:\/\/www.procarton.com\/"},{"@type":"ListItem","position":2,"name":"Awards","item":"https:\/\/www.procarton.com\/awards\/"},{"@type":"ListItem","position":3,"name":"European Carton Excellence Award","item":"https:\/\/www.procarton.com\/awards\/european-carton-excellence-award\/"},{"@type":"ListItem","position":4,"name":"2004","item":"https:\/\/www.procarton.com\/de\/awards\/european-carton-excellence-award\/2004-2\/"},{"@type":"ListItem","position":5,"name":"Jury"}]},{"@type":"WebSite","@id":"https:\/\/www.procarton.com\/es\/#website","url":"https:\/\/www.procarton.com\/es\/","name":"Pro Carton","description":"","publisher":{"@id":"https:\/\/www.procarton.com\/es\/#organization"},"potentialAction":[{"@type":"SearchAction","target":{"@type":"EntryPoint","urlTemplate":"https:\/\/www.procarton.com\/es\/?s={search_term_string}"},"query-input":{"@type":"PropertyValueSpecification","valueRequired":true,"valueName":"search_term_string"}}],"inLanguage":"de"},{"@type":"Organization","@id":"https:\/\/www.procarton.com\/es\/#organization","name":"ProCarton","url":"https:\/\/www.procarton.com\/es\/","logo":{"@type":"ImageObject","inLanguage":"de","@id":"https:\/\/www.procarton.com\/es\/#\/schema\/logo\/image\/","url":"https:\/\/www.procarton.com\/wp-content\/uploads\/2022\/06\/logo-mit-slogan.jpg","contentUrl":"https:\/\/www.procarton.com\/wp-content\/uploads\/2022\/06\/logo-mit-slogan.jpg","width":422,"height":519,"caption":"ProCarton"},"image":{"@id":"https:\/\/www.procarton.com\/es\/#\/schema\/logo\/image\/"},"sameAs":["https:\/\/www.facebook.com\/procartondesignaward\/","https:\/\/x.com\/pro_carton"]}]}},"_links":{"self":[{"href":"https:\/\/www.procarton.com\/de\/wp-json\/wp\/v2\/pages\/276061","targetHints":{"allow":["GET"]}}],"collection":[{"href":"https:\/\/www.procarton.com\/de\/wp-json\/wp\/v2\/pages"}],"about":[{"href":"https:\/\/www.procarton.com\/de\/wp-json\/wp\/v2\/types\/page"}],"author":[{"embeddable":true,"href":"https:\/\/www.procarton.com\/de\/wp-json\/wp\/v2\/users\/868"}],"replies":[{"embeddable":true,"href":"https:\/\/www.procarton.com\/de\/wp-json\/wp\/v2\/comments?post=276061"}],"version-history":[{"count":3,"href":"https:\/\/www.procarton.com\/de\/wp-json\/wp\/v2\/pages\/276061\/revisions"}],"predecessor-version":[{"id":276065,"href":"https:\/\/www.procarton.com\/de\/wp-json\/wp\/v2\/pages\/276061\/revisions\/276065"}],"up":[{"embeddable":true,"href":"https:\/\/www.procarton.com\/de\/wp-json\/wp\/v2\/pages\/258286"}],"wp:attachment":[{"href":"https:\/\/www.procarton.com\/de\/wp-json\/wp\/v2\/media?parent=276061"}],"curies":[{"name":"wp","href":"https:\/\/api.w.org\/{rel}","templated":true}]}}