{"id":266628,"date":"2021-11-08T13:50:54","date_gmt":"2021-11-08T13:50:54","guid":{"rendered":"https:\/\/www.procarton.com\/?page_id=266628"},"modified":"2022-03-25T14:42:32","modified_gmt":"2022-03-25T14:42:32","slug":"rules","status":"publish","type":"page","link":"https:\/\/www.procarton.com\/de\/awards\/pro-carton-young-designers-award\/2012-2\/rules\/","title":{"rendered":"Regeln"},"content":{"rendered":"<section class=\"av_textblock_section\"  itemscope=\"itemscope\" itemtype=\"https:\/\/schema.org\/CreativeWork\" >\n<div class='avia_textblock'   itemprop=\"text\" >\n<p><strong><span class=\"entry_header_text\">Aufforderung zur Einreichung von Beitr\u00e4gen<\/span><\/strong><br \/>\nDer International Pro Carton Design Award ist ein Wettbewerb f\u00fcr neue Ideen auf dem Gebiet von Karton und Kartonanwendungen. Ziel des Wettbewerbs ist es, bisher nicht realisierte L\u00f6sungen und Konzeptionen aus Karton zu finden, diese einem m\u00f6glichst breiten Publikum vorzustellen und nach M\u00f6glichkeit in die Praxis umzusetzen.<\/p>\n<p>Der Pro Carton Design Award geht nun in sein zehntes Jahr. Angefangen in Spanien und Belgien, folgten bald weitere nationale Designpreise in zehn weiteren europ\u00e4ischen L\u00e4ndern. Vor sechs Jahren fand der erste europ\u00e4ische Wettbewerb statt. Jetzt wird Pro Carton komplett paneurop\u00e4isch und erm\u00f6glicht jungen Designern aus ganz Europa - Ost und West - die Teilnahme am internationalen Pro Carton Design Awards 2011\/2012.<\/p>\n<p><strong><span class=\"entry_header_text\">F\u00f6rderer<\/span><\/strong><br \/>\nDieser internationale Wettbewerb wird von Pro Carton, dem Europ\u00e4ischen Verband der Karton- und Faltschachtelhersteller, gesponsert.<\/p>\n<p><strong><span class=\"entry_header_text\">Kategorien<\/span><\/strong><br \/>\nEinreichungen sind in zwei Kategorien m\u00f6glich:<\/p>\n<ul>\n<li>Kartonageverpackung<\/li>\n<li>andere Verwendungszwecke von Karton (z. B. Direktwerbung, Displays\/P.O.S.-Materialien)<\/li>\n<\/ul>\n<p><br class=\"entry_header_text\" \/><strong><span class=\"entry_header_text\">Bedingungen f\u00fcr die Teilnahme<\/span><\/strong><br \/>\nDer Wettbewerb steht allen europ\u00e4ischen Designstudenten offen, solange sie noch nicht kommerziell t\u00e4tig sind. Als Student gilt, wer sein Studium fr\u00fchestens im Sommersemester 2011 abgeschlossen hat (Nachweis durch Immatrikulationsbescheinigung ist erforderlich und muss der Einsendung beigef\u00fcgt werden). Mit der Einreichung der Arbeiten erhalten die Organisatoren das Recht, die Arbeiten im Rahmen einer \u00f6ffentlichen Ausstellung zu pr\u00e4sentieren und den Wettbewerb zu ver\u00f6ffentlichen, zu bewerben und zu dokumentieren.<\/p>\n<p><strong><span class=\"entry_header_text\">Teilnahmegeb\u00fchren und Haftung<\/span><\/strong><br \/>\nDie Teilnahme ist f\u00fcr Designer, die sich noch in der Ausbildung befinden, kostenlos. Die Organisatoren \u00fcbernehmen keine Haftung f\u00fcr die eingereichten Beitr\u00e4ge. Die R\u00fccksendung der Einsendungen erfolgt auf Wunsch nach Abschluss aller Werbema\u00dfnahmen und auf Kosten und Gefahr des Teilnehmers.<\/p>\n<p><strong><span class=\"entry_header_text\">Bedingungen f\u00fcr die Einreise<\/span><\/strong><br \/>\nAlle Beitr\u00e4ge - Entw\u00fcrfe, Skizzen und\/oder Modelle, Attrappen usw. - m\u00fcssen unabh\u00e4ngig von ihrer tats\u00e4chlichen Gr\u00f6\u00dfe und Anwendung ma\u00dfstabsgetreu sein und ausschlie\u00dflich aus Karton (\u00fcber 200 g\/m2) unter Verwendung von Falttechniken oder eventuell Klebstoff hergestellt werden. Zwei- und\/oder dreidimensionale Entw\u00fcrfe sind zul\u00e4ssig. Jeder Einsendung muss das beigef\u00fcgte Anmeldeformular oder eine Kopie des Formulars beiliegen. Pro Einrichtung sind maximal zehn Beitr\u00e4ge zul\u00e4ssig. Alle Einsendungen m\u00fcssen in der maximalen Gr\u00f6\u00dfe A3 eingereicht werden, idealerweise als fertige Version zum Ausdrucken. Dreidimensionalen Mustern, Modellen, Attrappen usw. muss eine Skizze oder Beschreibung von maximal einer A4-Seite beigef\u00fcgt werden. Eine Beschreibung ist immer willkommen.<\/p>\n<p><strong><span class=\"entry_header_text\">Jury<\/span><\/strong><br \/>\nAlle Beitr\u00e4ge werden von einer unabh\u00e4ngigen Jury bewertet. Die Jury setzt sich aus Fachleuten aus der Lieferkette zusammen: Designer und Mitglieder der Verbrauchermarken-, Einzelhandels- und Kartonindustrie. Die Entscheidungen der Jury sind endg\u00fcltig. Mitglieder der Jury, deren Angeh\u00f6rige sowie Angeh\u00f6rige oder Mitarbeiter der Veranstalter sind von der Teilnahme am Wettbewerb ausgeschlossen.<\/p>\n<p>Die Jury wird Anfang 2012 in Den Haag tagen.<\/p>\n<p><strong><span class=\"entry_header_text\">Awards<\/span><\/strong><br \/>\nIn jeder Kategorie werden der Sieger und die beiden Zweitplatzierten ausgezeichnet.<\/p>\n<p><strong><span class=\"entry_header_text\">Wichtigste Auszeichnungen<\/span><\/strong><br \/>\nDie Gewinner jeder Kategorie werden eingeladen, eine Woche in einer renommierten europ\u00e4ischen Agentur f\u00fcr Verpackungsdesign zu verbringen. Dar\u00fcber hinaus werden sie zusammen mit den vier Zweitplatzierten eine Woche lang im Rahmen der European Pro Carton Academy geschult.<\/p>\n<p><strong><span class=\"entry_header_text\">Unterscheidungen<\/span><\/strong><br \/>\nDie beiden Hauptpreistr\u00e4ger nehmen zusammen mit den vier Zweitplatzierten an einer einw\u00f6chigen Schulung im Rahmen der European Pro Carton Academy teil. Experten aus allen Bereichen der Lieferkette, wie z.B. der Autokarton- und Faltschachtelindustrie, dem Marketing, dem Verpackungsdesign und dem Handel, stellen ihr Know-how zur Verf\u00fcgung. Erg\u00e4nzt wird dies durch Praktika in f\u00fchrenden Karton- und Faltschachtelunternehmen. Diese Schulungswoche findet f\u00fcr alle Teilnehmer zur gleichen Zeit statt. Sie erhalten au\u00dferdem ein von allen Unternehmen und Ausbildern unterzeichnetes Zertifikat.<\/p>\n<p><strong><span class=\"entry_header_text\">Verleihung von Auszeichnungen<\/span><\/strong><br \/>\nPro Carton wird alle nominierten Studierenden (max. eine\/r pro Beitrag) und ihre unmittelbaren AusbilderInnen (DozentInnen, ProfessorInnen) zur Preisverleihung einladen. Die Preisverleihung und die Ver\u00f6ffentlichung der Preise und Gewinner (Brosch\u00fcre, Pressemitteilung, Website) finden Ende 2012 statt. Reise-, Verpflegungs- und Ausbildungskosten werden von Pro Carton \u00fcbernommen.<\/p>\n<p><strong><span class=\"entry_header_text\">Einsendeschluss<\/span><\/strong><br \/>\nDie Beitr\u00e4ge m\u00fcssen bis zum 26. Februar 2012 mit dem Vermerk \"International Pro Carton Design Award\" an Pro Carton, Laan Copes van Cattenburch 79, NL-2585 EW Den Haag, Niederlande, geschickt werden.<\/p>\n<p>Sie k\u00f6nnen nur auf besonderen Wunsch und auf Kosten und Gefahr des Teilnehmers zur\u00fcckgesandt werden. Der Teilnehmer ist daf\u00fcr verantwortlich, dass sein Beitrag fristgerecht eingeht.<\/p>\n<\/div>\n<\/section>","protected":false},"excerpt":{"rendered":"","protected":false},"author":1,"featured_media":273694,"parent":258231,"menu_order":2,"comment_status":"closed","ping_status":"closed","template":"templates\/award_details_page.php","meta":{"inline_featured_image":false,"footnotes":""},"class_list":["post-266628","page","type-page","status-publish","has-post-thumbnail","hentry"],"yoast_head":"<!-- This site is optimized with the Yoast SEO plugin v27.3 - https:\/\/yoast.com\/product\/yoast-seo-wordpress\/ -->\n<title>Rules - Pro Carton<\/title>\n<meta name=\"robots\" content=\"index, follow, max-snippet:-1, max-image-preview:large, max-video-preview:-1\" \/>\n<link rel=\"canonical\" href=\"https:\/\/www.procarton.com\/de\/awards\/pro-carton-young-designers-award\/2012-2\/rules\/\" \/>\n<meta property=\"og:locale\" content=\"de_DE\" \/>\n<meta property=\"og:type\" content=\"article\" \/>\n<meta property=\"og:title\" content=\"Rules - Pro Carton\" \/>\n<meta property=\"og:url\" content=\"https:\/\/www.procarton.com\/de\/awards\/pro-carton-young-designers-award\/2012-2\/rules\/\" \/>\n<meta property=\"og:site_name\" content=\"Pro Carton\" \/>\n<meta property=\"article:publisher\" content=\"https:\/\/www.facebook.com\/procartondesignaward\/\" \/>\n<meta property=\"article:modified_time\" content=\"2022-03-25T14:42:32+00:00\" \/>\n<meta property=\"og:image\" content=\"https:\/\/www.procarton.com\/wp-content\/uploads\/2022\/01\/Pro-Carton-Young-Designers-Award-2022_Header-image_Awards-page.png\" \/>\n\t<meta property=\"og:image:width\" content=\"1920\" \/>\n\t<meta property=\"og:image:height\" content=\"1080\" \/>\n\t<meta property=\"og:image:type\" content=\"image\/png\" \/>\n<meta name=\"twitter:card\" content=\"summary_large_image\" \/>\n<meta name=\"twitter:site\" content=\"@pro_carton\" \/>\n<meta name=\"twitter:label1\" content=\"Gesch\u00e4tzte Lesezeit\" \/>\n\t<meta name=\"twitter:data1\" content=\"5\u00a0Minuten\" \/>\n<script type=\"application\/ld+json\" class=\"yoast-schema-graph\">{\"@context\":\"https:\\\/\\\/schema.org\",\"@graph\":[{\"@type\":\"WebPage\",\"@id\":\"https:\\\/\\\/www.procarton.com\\\/es\\\/awards\\\/pro-carton-young-designers-award\\\/2012-2\\\/rules\\\/\",\"url\":\"https:\\\/\\\/www.procarton.com\\\/es\\\/awards\\\/pro-carton-young-designers-award\\\/2012-2\\\/rules\\\/\",\"name\":\"Rules - Pro Carton\",\"isPartOf\":{\"@id\":\"https:\\\/\\\/www.procarton.com\\\/es\\\/#website\"},\"primaryImageOfPage\":{\"@id\":\"https:\\\/\\\/www.procarton.com\\\/es\\\/awards\\\/pro-carton-young-designers-award\\\/2012-2\\\/rules\\\/#primaryimage\"},\"image\":{\"@id\":\"https:\\\/\\\/www.procarton.com\\\/es\\\/awards\\\/pro-carton-young-designers-award\\\/2012-2\\\/rules\\\/#primaryimage\"},\"thumbnailUrl\":\"https:\\\/\\\/www.procarton.com\\\/wp-content\\\/uploads\\\/2022\\\/01\\\/Pro-Carton-Young-Designers-Award-2022_Header-image_Awards-page.png\",\"datePublished\":\"2021-11-08T13:50:54+00:00\",\"dateModified\":\"2022-03-25T14:42:32+00:00\",\"breadcrumb\":{\"@id\":\"https:\\\/\\\/www.procarton.com\\\/es\\\/awards\\\/pro-carton-young-designers-award\\\/2012-2\\\/rules\\\/#breadcrumb\"},\"inLanguage\":\"de\",\"potentialAction\":[{\"@type\":\"ReadAction\",\"target\":[\"https:\\\/\\\/www.procarton.com\\\/es\\\/awards\\\/pro-carton-young-designers-award\\\/2012-2\\\/rules\\\/\"]}]},{\"@type\":\"ImageObject\",\"inLanguage\":\"de\",\"@id\":\"https:\\\/\\\/www.procarton.com\\\/es\\\/awards\\\/pro-carton-young-designers-award\\\/2012-2\\\/rules\\\/#primaryimage\",\"url\":\"https:\\\/\\\/www.procarton.com\\\/wp-content\\\/uploads\\\/2022\\\/01\\\/Pro-Carton-Young-Designers-Award-2022_Header-image_Awards-page.png\",\"contentUrl\":\"https:\\\/\\\/www.procarton.com\\\/wp-content\\\/uploads\\\/2022\\\/01\\\/Pro-Carton-Young-Designers-Award-2022_Header-image_Awards-page.png\",\"width\":1920,\"height\":1080},{\"@type\":\"BreadcrumbList\",\"@id\":\"https:\\\/\\\/www.procarton.com\\\/es\\\/awards\\\/pro-carton-young-designers-award\\\/2012-2\\\/rules\\\/#breadcrumb\",\"itemListElement\":[{\"@type\":\"ListItem\",\"position\":1,\"name\":\"Home\",\"item\":\"https:\\\/\\\/www.procarton.com\\\/\"},{\"@type\":\"ListItem\",\"position\":2,\"name\":\"Awards\",\"item\":\"https:\\\/\\\/www.procarton.com\\\/awards\\\/\"},{\"@type\":\"ListItem\",\"position\":3,\"name\":\"Pro Carton Young Designers Award\",\"item\":\"https:\\\/\\\/www.procarton.com\\\/awards\\\/pro-carton-young-designers-award\\\/\"},{\"@type\":\"ListItem\",\"position\":4,\"name\":\"2012\",\"item\":\"https:\\\/\\\/www.procarton.com\\\/es\\\/awards\\\/pro-carton-young-designers-award\\\/2012-2\\\/\"},{\"@type\":\"ListItem\",\"position\":5,\"name\":\"Rules\"}]},{\"@type\":\"WebSite\",\"@id\":\"https:\\\/\\\/www.procarton.com\\\/es\\\/#website\",\"url\":\"https:\\\/\\\/www.procarton.com\\\/es\\\/\",\"name\":\"Pro Carton\",\"description\":\"\",\"publisher\":{\"@id\":\"https:\\\/\\\/www.procarton.com\\\/es\\\/#organization\"},\"potentialAction\":[{\"@type\":\"SearchAction\",\"target\":{\"@type\":\"EntryPoint\",\"urlTemplate\":\"https:\\\/\\\/www.procarton.com\\\/es\\\/?s={search_term_string}\"},\"query-input\":{\"@type\":\"PropertyValueSpecification\",\"valueRequired\":true,\"valueName\":\"search_term_string\"}}],\"inLanguage\":\"de\"},{\"@type\":\"Organization\",\"@id\":\"https:\\\/\\\/www.procarton.com\\\/es\\\/#organization\",\"name\":\"ProCarton\",\"url\":\"https:\\\/\\\/www.procarton.com\\\/es\\\/\",\"logo\":{\"@type\":\"ImageObject\",\"inLanguage\":\"de\",\"@id\":\"https:\\\/\\\/www.procarton.com\\\/es\\\/#\\\/schema\\\/logo\\\/image\\\/\",\"url\":\"https:\\\/\\\/www.procarton.com\\\/wp-content\\\/uploads\\\/2022\\\/06\\\/logo-mit-slogan.jpg\",\"contentUrl\":\"https:\\\/\\\/www.procarton.com\\\/wp-content\\\/uploads\\\/2022\\\/06\\\/logo-mit-slogan.jpg\",\"width\":422,\"height\":519,\"caption\":\"ProCarton\"},\"image\":{\"@id\":\"https:\\\/\\\/www.procarton.com\\\/es\\\/#\\\/schema\\\/logo\\\/image\\\/\"},\"sameAs\":[\"https:\\\/\\\/www.facebook.com\\\/procartondesignaward\\\/\",\"https:\\\/\\\/x.com\\\/pro_carton\"]}]}<\/script>\n<!-- \/ Yoast SEO plugin. -->","yoast_head_json":{"title":"Regeln - Pro Carton","robots":{"index":"index","follow":"follow","max-snippet":"max-snippet:-1","max-image-preview":"max-image-preview:large","max-video-preview":"max-video-preview:-1"},"canonical":"https:\/\/www.procarton.com\/de\/awards\/pro-carton-young-designers-award\/2012-2\/rules\/","og_locale":"de_DE","og_type":"article","og_title":"Rules - Pro Carton","og_url":"https:\/\/www.procarton.com\/de\/awards\/pro-carton-young-designers-award\/2012-2\/rules\/","og_site_name":"Pro Carton","article_publisher":"https:\/\/www.facebook.com\/procartondesignaward\/","article_modified_time":"2022-03-25T14:42:32+00:00","og_image":[{"width":1920,"height":1080,"url":"https:\/\/www.procarton.com\/wp-content\/uploads\/2022\/01\/Pro-Carton-Young-Designers-Award-2022_Header-image_Awards-page.png","type":"image\/png"}],"twitter_card":"summary_large_image","twitter_site":"@pro_carton","twitter_misc":{"Gesch\u00e4tzte Lesezeit":"5\u00a0Minuten"},"schema":{"@context":"https:\/\/schema.org","@graph":[{"@type":"WebPage","@id":"https:\/\/www.procarton.com\/es\/awards\/pro-carton-young-designers-award\/2012-2\/rules\/","url":"https:\/\/www.procarton.com\/es\/awards\/pro-carton-young-designers-award\/2012-2\/rules\/","name":"Regeln - Pro Carton","isPartOf":{"@id":"https:\/\/www.procarton.com\/es\/#website"},"primaryImageOfPage":{"@id":"https:\/\/www.procarton.com\/es\/awards\/pro-carton-young-designers-award\/2012-2\/rules\/#primaryimage"},"image":{"@id":"https:\/\/www.procarton.com\/es\/awards\/pro-carton-young-designers-award\/2012-2\/rules\/#primaryimage"},"thumbnailUrl":"https:\/\/www.procarton.com\/wp-content\/uploads\/2022\/01\/Pro-Carton-Young-Designers-Award-2022_Header-image_Awards-page.png","datePublished":"2021-11-08T13:50:54+00:00","dateModified":"2022-03-25T14:42:32+00:00","breadcrumb":{"@id":"https:\/\/www.procarton.com\/es\/awards\/pro-carton-young-designers-award\/2012-2\/rules\/#breadcrumb"},"inLanguage":"de","potentialAction":[{"@type":"ReadAction","target":["https:\/\/www.procarton.com\/es\/awards\/pro-carton-young-designers-award\/2012-2\/rules\/"]}]},{"@type":"ImageObject","inLanguage":"de","@id":"https:\/\/www.procarton.com\/es\/awards\/pro-carton-young-designers-award\/2012-2\/rules\/#primaryimage","url":"https:\/\/www.procarton.com\/wp-content\/uploads\/2022\/01\/Pro-Carton-Young-Designers-Award-2022_Header-image_Awards-page.png","contentUrl":"https:\/\/www.procarton.com\/wp-content\/uploads\/2022\/01\/Pro-Carton-Young-Designers-Award-2022_Header-image_Awards-page.png","width":1920,"height":1080},{"@type":"BreadcrumbList","@id":"https:\/\/www.procarton.com\/es\/awards\/pro-carton-young-designers-award\/2012-2\/rules\/#breadcrumb","itemListElement":[{"@type":"ListItem","position":1,"name":"Home","item":"https:\/\/www.procarton.com\/"},{"@type":"ListItem","position":2,"name":"Awards","item":"https:\/\/www.procarton.com\/awards\/"},{"@type":"ListItem","position":3,"name":"Pro Carton Young Designers Award","item":"https:\/\/www.procarton.com\/awards\/pro-carton-young-designers-award\/"},{"@type":"ListItem","position":4,"name":"2012","item":"https:\/\/www.procarton.com\/es\/awards\/pro-carton-young-designers-award\/2012-2\/"},{"@type":"ListItem","position":5,"name":"Rules"}]},{"@type":"WebSite","@id":"https:\/\/www.procarton.com\/es\/#website","url":"https:\/\/www.procarton.com\/es\/","name":"Pro Carton","description":"","publisher":{"@id":"https:\/\/www.procarton.com\/es\/#organization"},"potentialAction":[{"@type":"SearchAction","target":{"@type":"EntryPoint","urlTemplate":"https:\/\/www.procarton.com\/es\/?s={search_term_string}"},"query-input":{"@type":"PropertyValueSpecification","valueRequired":true,"valueName":"search_term_string"}}],"inLanguage":"de"},{"@type":"Organization","@id":"https:\/\/www.procarton.com\/es\/#organization","name":"ProCarton","url":"https:\/\/www.procarton.com\/es\/","logo":{"@type":"ImageObject","inLanguage":"de","@id":"https:\/\/www.procarton.com\/es\/#\/schema\/logo\/image\/","url":"https:\/\/www.procarton.com\/wp-content\/uploads\/2022\/06\/logo-mit-slogan.jpg","contentUrl":"https:\/\/www.procarton.com\/wp-content\/uploads\/2022\/06\/logo-mit-slogan.jpg","width":422,"height":519,"caption":"ProCarton"},"image":{"@id":"https:\/\/www.procarton.com\/es\/#\/schema\/logo\/image\/"},"sameAs":["https:\/\/www.facebook.com\/procartondesignaward\/","https:\/\/x.com\/pro_carton"]}]}},"_links":{"self":[{"href":"https:\/\/www.procarton.com\/de\/wp-json\/wp\/v2\/pages\/266628","targetHints":{"allow":["GET"]}}],"collection":[{"href":"https:\/\/www.procarton.com\/de\/wp-json\/wp\/v2\/pages"}],"about":[{"href":"https:\/\/www.procarton.com\/de\/wp-json\/wp\/v2\/types\/page"}],"author":[{"embeddable":true,"href":"https:\/\/www.procarton.com\/de\/wp-json\/wp\/v2\/users\/1"}],"replies":[{"embeddable":true,"href":"https:\/\/www.procarton.com\/de\/wp-json\/wp\/v2\/comments?post=266628"}],"version-history":[{"count":38,"href":"https:\/\/www.procarton.com\/de\/wp-json\/wp\/v2\/pages\/266628\/revisions"}],"predecessor-version":[{"id":275776,"href":"https:\/\/www.procarton.com\/de\/wp-json\/wp\/v2\/pages\/266628\/revisions\/275776"}],"up":[{"embeddable":true,"href":"https:\/\/www.procarton.com\/de\/wp-json\/wp\/v2\/pages\/258231"}],"wp:featuredmedia":[{"embeddable":true,"href":"https:\/\/www.procarton.com\/de\/wp-json\/wp\/v2\/media\/273694"}],"wp:attachment":[{"href":"https:\/\/www.procarton.com\/de\/wp-json\/wp\/v2\/media?parent=266628"}],"curies":[{"name":"wp","href":"https:\/\/api.w.org\/{rel}","templated":true}]}}