{"id":264751,"date":"2021-10-29T11:47:17","date_gmt":"2021-10-29T10:47:17","guid":{"rendered":"https:\/\/www.procarton.com\/?page_id=264751"},"modified":"2021-10-29T12:00:31","modified_gmt":"2021-10-29T11:00:31","slug":"layout-components","status":"publish","type":"page","link":"https:\/\/www.procarton.com\/de\/layout-components\/","title":{"rendered":"Layout-Komponenten"},"content":{"rendered":"<div class=\"av-animated-generic top-to-bottom flex_column av_one_full  flex_column_div av-zero-column-padding first  avia-builder-el-0  el_before_av_one_fourth  avia-builder-el-first\" style='border-radius:0px; '>\n<section class=\"av_textblock_section\"  itemscope=\"itemscope\" itemtype=\"https:\/\/schema.org\/CreativeWork\" >\n<div class='avia_textblock  av_inherit_color'  style='color:#b02b2c; '  itemprop=\"text\" >\n<p><strong>Lorem Ipsum<\/strong>\u00a0ist einfach<strong>Der Lorem Ipsum ist der wichtigste Blindtext der Druck- und Satzindustrie. Lorem Ipsum ist der Standard-Blindtext der Industrie seit den 1500er Jahren, als ein unbekannter Drucker eine Druckfahne nahm und sie mit einer<\/strong>es zu einem Schriftprobenbuch umfunktioniert. Sie hat nicht nur f\u00fcnf Jahrhunderte, sondern auch den Sprung zum elektronischen Schriftsatz \u00fcberlebt und ist im Wesentlichen unver\u00e4ndert geblieben. Popul\u00e4r wurde er in den 1960er Jahren mit der Ver\u00f6ffentlichung von Letraset-B\u00f6gen, die Lorem Ipsum-Passagen enthielten, und in j\u00fcngerer Zeit mit Desktop-Publishing-Software wie Aldus PageMaker, die Versionen von Lorem Ipsum enthielt.<\/p>\n<blockquote>\n<p><strong>Lorem Ipsum<\/strong>\u00a0ist einfach der Blindtext der Druck- und Setzerindustrie. Lorem Ipsum ist der Standard-Blindtext der Branche seit 1500, als ein unbekannter Drucker eine Druckfahne nahm und sie zu einem Musterbuch zusammensetzte. Es hat nicht nur f\u00fcnf Jahrhunderte, sondern auch den Sprung zum elektronischen Schriftsatz \u00fcberlebt und ist im Wesentlichen unver\u00e4ndert geblieben. Popul\u00e4r wurde sie in den 1960er Jahren mit der Ver\u00f6ffentlichung von Letraset-B\u00f6gen, die Lorem Ipsum-Passagen enthielten, und in j\u00fcngerer Zeit mit Desktop-Publishing-Software wie Aldus PageMaker, die Versionen von Lorem Ipsum enthielt.<\/p>\n<\/blockquote>\n<p><em><strong>Lorem Ipsum<\/strong>\u00a0ist einfach der Blindtext der Druck- und Setzerindustrie. Lorem Ipsum ist der Standard-Blindtext der Branche seit 1500, als ein unbekannter Drucker eine Druckfahne nahm und sie zu einem Musterbuch zusammensetzte. Es hat nicht nur f\u00fcnf Jahrhunderte, sondern auch den Sprung zum elektronischen Schriftsatz \u00fcberlebt und ist im Wesentlichen unver\u00e4ndert geblieben. Popul\u00e4r wurde sie in den 1960er Jahren mit der Ver\u00f6ffentlichung von Letraset-B\u00f6gen, die Lorem Ipsum-Passagen enthielten, und in j\u00fcngerer Zeit mit Desktop-Publishing-Software wie Aldus PageMaker, die Versionen von Lorem Ipsum enthielt.<\/em><\/p>\n<\/div>\n<\/section>\n<\/div>\n<div class=\"av-animated-generic top-to-bottom flex_column av_one_fourth  flex_column_div av-zero-column-padding first  avia-builder-el-2  el_after_av_one_full  el_before_av_one_fourth  column-top-margin\" style='border-radius:0px; '>\n<div  class='avia-video avia-video-16-9   av-lazyload-immediate  av-lazyload-video-embed'   itemprop=\"video\" itemtype=\"https:\/\/schema.org\/VideoObject\"  data-original_url='https:\/\/www.youtube.com\/watch?v=G0k3kHtyoqc' ><script type='text\/html' class='av-video-tmpl'><\/p>\n<div class='avia-iframe-wrap'><iframe loading=\"lazy\" title=\"The Hobbit-Official Trailer\" width=\"1500\" height=\"844\" src=\"https:\/\/www.youtube.com\/embed\/G0k3kHtyoqc?feature=oembed&autoplay=0&loop=0&controls=1&mute=0\" frameborder=\"0\" allow=\"accelerometer; autoplay; clipboard-write; encrypted-media; gyroscope; picture-in-picture\" allowfullscreen><\/iframe><\/div>\n<p><\/script><\/p>\n<div class='av-click-to-play-overlay'>\n<div class=\"avia_playpause_icon\"><\/div>\n<\/div>\n<\/div>\n<div   class='hr hr-default   avia-builder-el-4  el_after_av_video  el_before_av_video'><span class='hr-inner' ><span class='hr-inner-style'><\/span><\/span><\/div>\n<div  class='avia-video avia-video-16-9   av-lazyload-immediate  av-lazyload-video-embed'   itemprop=\"video\" itemtype=\"https:\/\/schema.org\/VideoObject\"  data-original_url='https:\/\/www.youtube.com\/watch?v=G0k3kHtyoqc' ><script type='text\/html' class='av-video-tmpl'><\/p>\n<div class='avia-iframe-wrap'><iframe loading=\"lazy\" title=\"The Hobbit-Official Trailer\" width=\"1500\" height=\"844\" src=\"https:\/\/www.youtube.com\/embed\/G0k3kHtyoqc?feature=oembed&autoplay=0&loop=0&controls=1&mute=0\" frameborder=\"0\" allow=\"accelerometer; autoplay; clipboard-write; encrypted-media; gyroscope; picture-in-picture\" allowfullscreen><\/iframe><\/div>\n<p><\/script><\/p>\n<div class='av-click-to-play-overlay'>\n<div class=\"avia_playpause_icon\"><\/div>\n<\/div>\n<\/div>\n<\/div>\n<div class=\"av-animated-generic top-to-bottom flex_column av_one_fourth  flex_column_div av-zero-column-padding   avia-builder-el-6  el_after_av_one_fourth  el_before_av_one_half  column-top-margin\" style='border-radius:0px; '>\n<div  class='avia-image-container  av-styling-    avia-builder-el-7  avia-builder-el-no-sibling  avia-align-center'  itemprop=\"image\" itemscope=\"itemscope\" itemtype=\"https:\/\/schema.org\/ImageObject\"  >\n<div class='avia-image-container-inner'>\n<div class='avia-image-overlay-wrap'><img decoding=\"async\" width=\"342\" height=\"456\" class='wp-image-264213 avia-img-lazy-loading-not-264213 avia_image' src=\"https:\/\/www.procarton.com\/wp-content\/uploads\/2021\/10\/Winfried_Muehling-opt-1.jpg\" alt='' title='Winfried_Muehling-opt'  itemprop=\"thumbnailUrl\" srcset=\"https:\/\/www.procarton.com\/wp-content\/uploads\/2021\/10\/Winfried_Muehling-opt-1.jpg 342w, https:\/\/www.procarton.com\/wp-content\/uploads\/2021\/10\/Winfried_Muehling-opt-1-225x300.jpg 225w, https:\/\/www.procarton.com\/wp-content\/uploads\/2021\/10\/Winfried_Muehling-opt-1-9x12.jpg 9w\" sizes=\"(max-width: 342px) 100vw, 342px\" \/><\/div>\n<\/div>\n<\/div>\n<\/div>\n<div class=\"av-animated-generic top-to-bottom flex_column av_one_half  flex_column_div av-zero-column-padding   avia-builder-el-8  el_after_av_one_fourth  el_before_av_one_full  column-top-margin\" style='border-radius:0px; '>\n<div  class='avia-image-container  av-styling-    avia-builder-el-9  avia-builder-el-no-sibling  avia-align-center'  itemprop=\"image\" itemscope=\"itemscope\" itemtype=\"https:\/\/schema.org\/ImageObject\"  >\n<div class='avia-image-container-inner'>\n<div class='avia-image-overlay-wrap'><img decoding=\"async\" width=\"886\" height=\"587\" class='wp-image-264010 avia-img-lazy-loading-not-264010 avia_image' src=\"https:\/\/www.procarton.com\/wp-content\/uploads\/2021\/10\/carton__002-1.svg\" alt='' title='karton__002 (1)'  itemprop=\"thumbnailUrl\"  \/><\/div>\n<\/div>\n<\/div>\n<\/div>\n<div class=\"av-animated-generic top-to-bottom flex_column av_one_full  flex_column_div av-zero-column-padding first  avia-builder-el-10  el_after_av_one_half  el_before_av_hr  column-top-margin\" style='border-radius:0px; '>\n<div   class=\"togglecontainer   toggle_close_all  avia-builder-el-11  avia-builder-el-no-sibling\" >\n<section class=\"av_toggle_section\"  itemscope=\"itemscope\" itemtype=\"https:\/\/schema.org\/CreativeWork\"  >\n<div role=\"tablist\" class=\"single_toggle\" data-tags=\"{Alle} \"  >\n<p data-fake-id=\"#toggle-id-1\" class=\"toggler\"  itemprop=\"headline\"    role=\"tab\" tabindex=\"0\" aria-controls=\"toggle-id-1\">Meine erste Registerkarte<span class=\"toggle_icon\" >        <span class=\"vert_icon\"><\/span><span class=\"hor_icon\"><\/span><\/span><\/p>\n<div id=\"toggle-id-1\" class=\"toggle_wrap\"   >\n<div class=\"toggle_content invers-color\"  itemprop=\"text\"   >\n<p>Lorem Ipsum ist einfach der Blindtext der Druck- und Setzindustrie. Lorem Ipsum ist der Standard-Blindtext der Branche seit 1500, als ein unbekannter Drucker eine Druckfahne nahm und sie zu einem Buch mit Schriftproben zusammensetzte. Es hat nicht nur f\u00fcnf Jahrhunderte, sondern auch den Sprung zum elektronischen Schriftsatz \u00fcberlebt und ist im Wesentlichen unver\u00e4ndert geblieben. Popul\u00e4r wurde sie in den 1960er Jahren mit der Ver\u00f6ffentlichung von Letraset-B\u00f6gen, die Lorem Ipsum-Passagen enthielten, und in j\u00fcngerer Zeit mit Desktop-Publishing-Software wie Aldus PageMaker, die Versionen von Lorem Ipsum enthielt.<\/p>\n<\/p><\/div>\n<\/p><\/div>\n<\/p><\/div>\n<\/section>\n<section class=\"av_toggle_section\"  itemscope=\"itemscope\" itemtype=\"https:\/\/schema.org\/CreativeWork\"  >\n<div role=\"tablist\" class=\"single_toggle\" data-tags=\"{Alle} \"  >\n<p data-fake-id=\"#toggle-id-2\" class=\"toggler\"  itemprop=\"headline\"    role=\"tab\" tabindex=\"0\" aria-controls=\"toggle-id-2\">Zweite Registerkarte<span class=\"toggle_icon\" >        <span class=\"vert_icon\"><\/span><span class=\"hor_icon\"><\/span><\/span><\/p>\n<div id=\"toggle-id-2\" class=\"toggle_wrap\"   >\n<div class=\"toggle_content invers-color\"  itemprop=\"text\"   >\n<p><strong>Lorem Ipsum<\/strong>\u00a0ist einfach der Blindtext der Druck- und Setzerindustrie. Lorem Ipsum ist der Standard-Blindtext der Branche seit 1500, als ein unbekannter Drucker eine Druckfahne nahm und sie zu einem Musterbuch zusammensetzte. Es hat nicht nur f\u00fcnf Jahrhunderte, sondern auch den Sprung zum elektronischen Schriftsatz \u00fcberlebt und ist im Wesentlichen unver\u00e4ndert geblieben. Popul\u00e4r wurde sie in den 1960er Jahren mit der Ver\u00f6ffentlichung von Letraset-B\u00f6gen, die Lorem Ipsum-Passagen enthielten, und in j\u00fcngerer Zeit mit Desktop-Publishing-Software wie Aldus PageMaker, die Versionen von Lorem Ipsum enthielt.<\/p>\n<\/p><\/div>\n<\/p><\/div>\n<\/p><\/div>\n<\/section>\n<section class=\"av_toggle_section\"  itemscope=\"itemscope\" itemtype=\"https:\/\/schema.org\/CreativeWork\"  >\n<div role=\"tablist\" class=\"single_toggle\" data-tags=\"{Alle} \"  >\n<p data-fake-id=\"#toggle-id-3\" class=\"toggler\"  itemprop=\"headline\"    role=\"tab\" tabindex=\"0\" aria-controls=\"toggle-id-3\">Dritte Registerkarte<span class=\"toggle_icon\" >        <span class=\"vert_icon\"><\/span><span class=\"hor_icon\"><\/span><\/span><\/p>\n<div id=\"toggle-id-3\" class=\"toggle_wrap\"   >\n<div class=\"toggle_content invers-color\"  itemprop=\"text\"   >\n<p><strong>Lorem Ipsum<\/strong>\u00a0ist einfach der Blindtext der Druck- und Setzerindustrie. Lorem Ipsum ist der Standard-Blindtext der Branche seit 1500, als ein unbekannter Drucker eine Druckfahne nahm und sie zu einem Musterbuch zusammensetzte. Es hat nicht nur f\u00fcnf Jahrhunderte, sondern auch den Sprung zum elektronischen Schriftsatz \u00fcberlebt und ist im Wesentlichen unver\u00e4ndert geblieben. Popul\u00e4r wurde sie in den 1960er Jahren mit der Ver\u00f6ffentlichung von Letraset-B\u00f6gen, die Lorem Ipsum-Passagen enthielten, und in j\u00fcngerer Zeit mit Desktop-Publishing-Software wie Aldus PageMaker, die Versionen von Lorem Ipsum enthielt.<\/p>\n<\/p><\/div>\n<\/p><\/div>\n<\/p><\/div>\n<\/section>\n<\/div>\n<\/div>\n<div  style=' margin-top:30px; margin-bottom:30px;'  class='hr hr-custom hr-center hr-icon-yes   avia-builder-el-12  el_after_av_one_full  el_before_av_one_full'><span class='hr-inner  inner-border-av-border-thin' style=' width:50px; max-width:45%;' ><span class='hr-inner-style'><\/span><\/span><span class='av-seperator-icon'  aria-hidden='true' data-av_icon='\ue924' data-av_iconfont='entypo-fontello'><\/span><span class='hr-inner  inner-border-av-border-thin' style=' width:50px; max-width:45%;' ><span class='hr-inner-style'><\/span><\/span><\/div>\n<div class=\"av-animated-generic top-to-bottom flex_column av_one_full  flex_column_div av-zero-column-padding first  avia-builder-el-13  el_after_av_hr  avia-builder-el-last\" style='border-radius:0px; '>\n<div  class=\"tabcontainer   top_tab   avia-builder-el-14  avia-builder-el-no-sibling\" role=\"tablist\">\n<section class=\"av_tab_section\"  itemscope=\"itemscope\" itemtype=\"https:\/\/schema.org\/CreativeWork\" >\n<div aria-controls=\"tab-id-1-content\" role=\"tab\" tabindex=\"0\" data-fake-id=\"#tab-id-1\" class=\"tab active_tab\"  itemprop=\"headline\" >Registerkarte \"RoCarton<\/div>\n<div id=\"tab-id-1-content\" class=\"tab_content active_tab_content\" aria-hidden=\"false\">\n<div class=\"tab_inner_content invers-color\"  itemprop=\"text\" >\n<p><strong>Lorem Ipsum<\/strong>\u00a0ist einfach der Blindtext der Druck- und Setzerindustrie. Lorem Ipsum ist der Standard-Blindtext der Branche seit 1500, als ein unbekannter Drucker eine Druckfahne nahm und sie zu einem Musterbuch zusammensetzte. Es hat nicht nur f\u00fcnf Jahrhunderte, sondern auch den Sprung zum elektronischen Schriftsatz \u00fcberlebt und ist im Wesentlichen unver\u00e4ndert geblieben. Popul\u00e4r wurde sie in den 1960er Jahren mit der Ver\u00f6ffentlichung von Letraset-B\u00f6gen, die Lorem Ipsum-Passagen enthielten, und in j\u00fcngerer Zeit mit Desktop-Publishing-Software wie Aldus PageMaker, die Versionen von Lorem Ipsum enthielt.<\/p>\n<\/div>\n<\/div>\n<\/section>\n<section class=\"av_tab_section\"  itemscope=\"itemscope\" itemtype=\"https:\/\/schema.org\/CreativeWork\" >\n<div aria-controls=\"tab-id-2-content\" role=\"tab\" tabindex=\"0\" data-fake-id=\"#tab-id-2\" class=\"tab\"  itemprop=\"headline\" >EuCarton<\/div>\n<div id=\"tab-id-2-content\" class=\"tab_content\" aria-hidden=\"true\">\n<div class=\"tab_inner_content invers-color\"  itemprop=\"text\" >\n<p><strong>Lorem Ipsum<\/strong>\u00a0ist einfach der Blindtext der Druck- und Setzerindustrie. Lorem Ipsum ist der Standard-Blindtext der Branche seit 1500, als ein unbekannter Drucker eine Druckfahne nahm und sie zu einem Musterbuch zusammensetzte. Es hat nicht nur f\u00fcnf Jahrhunderte, sondern auch den Sprung zum elektronischen Schriftsatz \u00fcberlebt und ist im Wesentlichen unver\u00e4ndert geblieben. Popul\u00e4r wurde sie in den 1960er Jahren mit der Ver\u00f6ffentlichung von Letraset-B\u00f6gen, die Lorem Ipsum-Passagen enthielten, und in j\u00fcngerer Zeit mit Desktop-Publishing-Software wie Aldus PageMaker, die Versionen von Lorem Ipsum enthielt.<\/p>\n<\/div>\n<\/div>\n<\/section>\n<section class=\"av_tab_section\"  itemscope=\"itemscope\" itemtype=\"https:\/\/schema.org\/CreativeWork\" >\n<div aria-controls=\"tab-id-3-content\" role=\"tab\" tabindex=\"0\" data-fake-id=\"#tab-id-3\" class=\"tab\"  itemprop=\"headline\" >UsKarton<\/div>\n<div id=\"tab-id-3-content\" class=\"tab_content\" aria-hidden=\"true\">\n<div class=\"tab_inner_content invers-color\"  itemprop=\"text\" >\n<p><strong>Lorem Ipsum<\/strong>\u00a0ist einfach der Blindtext der Druck- und Setzerindustrie. Lorem Ipsum ist der Standard-Blindtext der Branche seit 1500, als ein unbekannter Drucker eine Druckfahne nahm und sie zu einem Musterbuch zusammensetzte. Es hat nicht nur f\u00fcnf Jahrhunderte, sondern auch den Sprung zum elektronischen Schriftsatz \u00fcberlebt und ist im Wesentlichen unver\u00e4ndert geblieben. Popul\u00e4r wurde sie in den 1960er Jahren mit der Ver\u00f6ffentlichung von Letraset-B\u00f6gen, die Lorem Ipsum-Passagen enthielten, und in j\u00fcngerer Zeit mit Desktop-Publishing-Software wie Aldus PageMaker, die Versionen von Lorem Ipsum enthielt.<\/p>\n<\/div>\n<\/div>\n<\/section>\n<\/div>\n<\/div>","protected":false},"excerpt":{"rendered":"","protected":false},"author":1,"featured_media":264382,"parent":0,"menu_order":26,"comment_status":"closed","ping_status":"closed","template":"","meta":{"inline_featured_image":false,"footnotes":""},"class_list":["post-264751","page","type-page","status-publish","has-post-thumbnail","hentry"],"yoast_head":"<!-- This site is optimized with the Yoast SEO plugin v27.3 - https:\/\/yoast.com\/product\/yoast-seo-wordpress\/ -->\n<title>Layout components - Pro Carton<\/title>\n<meta name=\"robots\" content=\"index, follow, max-snippet:-1, max-image-preview:large, max-video-preview:-1\" \/>\n<link rel=\"canonical\" href=\"https:\/\/www.procarton.com\/de\/layout-components\/\" \/>\n<meta property=\"og:locale\" content=\"de_DE\" \/>\n<meta property=\"og:type\" content=\"article\" \/>\n<meta property=\"og:title\" content=\"Layout components - Pro Carton\" \/>\n<meta property=\"og:url\" content=\"https:\/\/www.procarton.com\/de\/layout-components\/\" \/>\n<meta property=\"og:site_name\" content=\"Pro Carton\" \/>\n<meta property=\"article:publisher\" content=\"https:\/\/www.facebook.com\/procartondesignaward\/\" \/>\n<meta property=\"article:modified_time\" content=\"2021-10-29T11:00:31+00:00\" \/>\n<meta property=\"og:image\" content=\"https:\/\/www.procarton.com\/wp-content\/uploads\/2021\/10\/mockup-of-a-mom-and-kid-with-t-shirts-playing-in-the-park-32641.jpg\" \/>\n\t<meta property=\"og:image:width\" content=\"1920\" \/>\n\t<meta property=\"og:image:height\" content=\"1280\" \/>\n\t<meta property=\"og:image:type\" content=\"image\/jpeg\" \/>\n<meta name=\"twitter:card\" content=\"summary_large_image\" \/>\n<meta name=\"twitter:site\" content=\"@pro_carton\" \/>\n<meta name=\"twitter:label1\" content=\"Gesch\u00e4tzte Lesezeit\" \/>\n\t<meta name=\"twitter:data1\" content=\"12\u00a0Minuten\" \/>\n<script type=\"application\/ld+json\" class=\"yoast-schema-graph\">{\"@context\":\"https:\\\/\\\/schema.org\",\"@graph\":[{\"@type\":\"WebPage\",\"@id\":\"https:\\\/\\\/www.procarton.com\\\/es\\\/layout-components\\\/\",\"url\":\"https:\\\/\\\/www.procarton.com\\\/es\\\/layout-components\\\/\",\"name\":\"Layout components - Pro Carton\",\"isPartOf\":{\"@id\":\"https:\\\/\\\/www.procarton.com\\\/es\\\/#website\"},\"primaryImageOfPage\":{\"@id\":\"https:\\\/\\\/www.procarton.com\\\/es\\\/layout-components\\\/#primaryimage\"},\"image\":{\"@id\":\"https:\\\/\\\/www.procarton.com\\\/es\\\/layout-components\\\/#primaryimage\"},\"thumbnailUrl\":\"https:\\\/\\\/www.procarton.com\\\/wp-content\\\/uploads\\\/2021\\\/10\\\/mockup-of-a-mom-and-kid-with-t-shirts-playing-in-the-park-32641.jpg\",\"datePublished\":\"2021-10-29T10:47:17+00:00\",\"dateModified\":\"2021-10-29T11:00:31+00:00\",\"breadcrumb\":{\"@id\":\"https:\\\/\\\/www.procarton.com\\\/es\\\/layout-components\\\/#breadcrumb\"},\"inLanguage\":\"de\",\"potentialAction\":[{\"@type\":\"ReadAction\",\"target\":[\"https:\\\/\\\/www.procarton.com\\\/es\\\/layout-components\\\/\"]}]},{\"@type\":\"ImageObject\",\"inLanguage\":\"de\",\"@id\":\"https:\\\/\\\/www.procarton.com\\\/es\\\/layout-components\\\/#primaryimage\",\"url\":\"https:\\\/\\\/www.procarton.com\\\/wp-content\\\/uploads\\\/2021\\\/10\\\/mockup-of-a-mom-and-kid-with-t-shirts-playing-in-the-park-32641.jpg\",\"contentUrl\":\"https:\\\/\\\/www.procarton.com\\\/wp-content\\\/uploads\\\/2021\\\/10\\\/mockup-of-a-mom-and-kid-with-t-shirts-playing-in-the-park-32641.jpg\",\"width\":1920,\"height\":1280},{\"@type\":\"BreadcrumbList\",\"@id\":\"https:\\\/\\\/www.procarton.com\\\/es\\\/layout-components\\\/#breadcrumb\",\"itemListElement\":[{\"@type\":\"ListItem\",\"position\":1,\"name\":\"Home\",\"item\":\"https:\\\/\\\/www.procarton.com\\\/\"},{\"@type\":\"ListItem\",\"position\":2,\"name\":\"Layout components\"}]},{\"@type\":\"WebSite\",\"@id\":\"https:\\\/\\\/www.procarton.com\\\/es\\\/#website\",\"url\":\"https:\\\/\\\/www.procarton.com\\\/es\\\/\",\"name\":\"Pro Carton\",\"description\":\"\",\"publisher\":{\"@id\":\"https:\\\/\\\/www.procarton.com\\\/es\\\/#organization\"},\"potentialAction\":[{\"@type\":\"SearchAction\",\"target\":{\"@type\":\"EntryPoint\",\"urlTemplate\":\"https:\\\/\\\/www.procarton.com\\\/es\\\/?s={search_term_string}\"},\"query-input\":{\"@type\":\"PropertyValueSpecification\",\"valueRequired\":true,\"valueName\":\"search_term_string\"}}],\"inLanguage\":\"de\"},{\"@type\":\"Organization\",\"@id\":\"https:\\\/\\\/www.procarton.com\\\/es\\\/#organization\",\"name\":\"ProCarton\",\"url\":\"https:\\\/\\\/www.procarton.com\\\/es\\\/\",\"logo\":{\"@type\":\"ImageObject\",\"inLanguage\":\"de\",\"@id\":\"https:\\\/\\\/www.procarton.com\\\/es\\\/#\\\/schema\\\/logo\\\/image\\\/\",\"url\":\"https:\\\/\\\/www.procarton.com\\\/wp-content\\\/uploads\\\/2022\\\/06\\\/logo-mit-slogan.jpg\",\"contentUrl\":\"https:\\\/\\\/www.procarton.com\\\/wp-content\\\/uploads\\\/2022\\\/06\\\/logo-mit-slogan.jpg\",\"width\":422,\"height\":519,\"caption\":\"ProCarton\"},\"image\":{\"@id\":\"https:\\\/\\\/www.procarton.com\\\/es\\\/#\\\/schema\\\/logo\\\/image\\\/\"},\"sameAs\":[\"https:\\\/\\\/www.facebook.com\\\/procartondesignaward\\\/\",\"https:\\\/\\\/x.com\\\/pro_carton\"]}]}<\/script>\n<!-- \/ Yoast SEO plugin. -->","yoast_head_json":{"title":"Layout-Komponenten - Pro Carton","robots":{"index":"index","follow":"follow","max-snippet":"max-snippet:-1","max-image-preview":"max-image-preview:large","max-video-preview":"max-video-preview:-1"},"canonical":"https:\/\/www.procarton.com\/de\/layout-components\/","og_locale":"de_DE","og_type":"article","og_title":"Layout components - Pro Carton","og_url":"https:\/\/www.procarton.com\/de\/layout-components\/","og_site_name":"Pro Carton","article_publisher":"https:\/\/www.facebook.com\/procartondesignaward\/","article_modified_time":"2021-10-29T11:00:31+00:00","og_image":[{"width":1920,"height":1280,"url":"https:\/\/www.procarton.com\/wp-content\/uploads\/2021\/10\/mockup-of-a-mom-and-kid-with-t-shirts-playing-in-the-park-32641.jpg","type":"image\/jpeg"}],"twitter_card":"summary_large_image","twitter_site":"@pro_carton","twitter_misc":{"Gesch\u00e4tzte Lesezeit":"12\u00a0Minuten"},"schema":{"@context":"https:\/\/schema.org","@graph":[{"@type":"WebPage","@id":"https:\/\/www.procarton.com\/es\/layout-components\/","url":"https:\/\/www.procarton.com\/es\/layout-components\/","name":"Layout-Komponenten - Pro Carton","isPartOf":{"@id":"https:\/\/www.procarton.com\/es\/#website"},"primaryImageOfPage":{"@id":"https:\/\/www.procarton.com\/es\/layout-components\/#primaryimage"},"image":{"@id":"https:\/\/www.procarton.com\/es\/layout-components\/#primaryimage"},"thumbnailUrl":"https:\/\/www.procarton.com\/wp-content\/uploads\/2021\/10\/mockup-of-a-mom-and-kid-with-t-shirts-playing-in-the-park-32641.jpg","datePublished":"2021-10-29T10:47:17+00:00","dateModified":"2021-10-29T11:00:31+00:00","breadcrumb":{"@id":"https:\/\/www.procarton.com\/es\/layout-components\/#breadcrumb"},"inLanguage":"de","potentialAction":[{"@type":"ReadAction","target":["https:\/\/www.procarton.com\/es\/layout-components\/"]}]},{"@type":"ImageObject","inLanguage":"de","@id":"https:\/\/www.procarton.com\/es\/layout-components\/#primaryimage","url":"https:\/\/www.procarton.com\/wp-content\/uploads\/2021\/10\/mockup-of-a-mom-and-kid-with-t-shirts-playing-in-the-park-32641.jpg","contentUrl":"https:\/\/www.procarton.com\/wp-content\/uploads\/2021\/10\/mockup-of-a-mom-and-kid-with-t-shirts-playing-in-the-park-32641.jpg","width":1920,"height":1280},{"@type":"BreadcrumbList","@id":"https:\/\/www.procarton.com\/es\/layout-components\/#breadcrumb","itemListElement":[{"@type":"ListItem","position":1,"name":"Home","item":"https:\/\/www.procarton.com\/"},{"@type":"ListItem","position":2,"name":"Layout components"}]},{"@type":"WebSite","@id":"https:\/\/www.procarton.com\/es\/#website","url":"https:\/\/www.procarton.com\/es\/","name":"Pro Carton","description":"","publisher":{"@id":"https:\/\/www.procarton.com\/es\/#organization"},"potentialAction":[{"@type":"SearchAction","target":{"@type":"EntryPoint","urlTemplate":"https:\/\/www.procarton.com\/es\/?s={search_term_string}"},"query-input":{"@type":"PropertyValueSpecification","valueRequired":true,"valueName":"search_term_string"}}],"inLanguage":"de"},{"@type":"Organization","@id":"https:\/\/www.procarton.com\/es\/#organization","name":"ProCarton","url":"https:\/\/www.procarton.com\/es\/","logo":{"@type":"ImageObject","inLanguage":"de","@id":"https:\/\/www.procarton.com\/es\/#\/schema\/logo\/image\/","url":"https:\/\/www.procarton.com\/wp-content\/uploads\/2022\/06\/logo-mit-slogan.jpg","contentUrl":"https:\/\/www.procarton.com\/wp-content\/uploads\/2022\/06\/logo-mit-slogan.jpg","width":422,"height":519,"caption":"ProCarton"},"image":{"@id":"https:\/\/www.procarton.com\/es\/#\/schema\/logo\/image\/"},"sameAs":["https:\/\/www.facebook.com\/procartondesignaward\/","https:\/\/x.com\/pro_carton"]}]}},"_links":{"self":[{"href":"https:\/\/www.procarton.com\/de\/wp-json\/wp\/v2\/pages\/264751","targetHints":{"allow":["GET"]}}],"collection":[{"href":"https:\/\/www.procarton.com\/de\/wp-json\/wp\/v2\/pages"}],"about":[{"href":"https:\/\/www.procarton.com\/de\/wp-json\/wp\/v2\/types\/page"}],"author":[{"embeddable":true,"href":"https:\/\/www.procarton.com\/de\/wp-json\/wp\/v2\/users\/1"}],"replies":[{"embeddable":true,"href":"https:\/\/www.procarton.com\/de\/wp-json\/wp\/v2\/comments?post=264751"}],"version-history":[{"count":8,"href":"https:\/\/www.procarton.com\/de\/wp-json\/wp\/v2\/pages\/264751\/revisions"}],"predecessor-version":[{"id":304986,"href":"https:\/\/www.procarton.com\/de\/wp-json\/wp\/v2\/pages\/264751\/revisions\/304986"}],"wp:featuredmedia":[{"embeddable":true,"href":"https:\/\/www.procarton.com\/de\/wp-json\/wp\/v2\/media\/264382"}],"wp:attachment":[{"href":"https:\/\/www.procarton.com\/de\/wp-json\/wp\/v2\/media?parent=264751"}],"curies":[{"name":"wp","href":"https:\/\/api.w.org\/{rel}","templated":true}]}}