{"id":258595,"date":"2021-03-16T13:41:09","date_gmt":"2021-03-16T13:41:09","guid":{"rendered":"https:\/\/www.procarton.com\/awards\/european-carton-excellence-award\/2017\/marketing\/"},"modified":"2022-01-10T10:14:35","modified_gmt":"2022-01-10T10:14:35","slug":"marketing","status":"publish","type":"page","link":"https:\/\/www.procarton.com\/de\/awards\/european-carton-excellence-award\/2017-2\/marketing\/","title":{"rendered":"Marketing"},"content":{"rendered":"<h3 class=\"wp-block-heading\">26 GUTE GR\u00dcNDE F\u00dcR DIE EINREISE<\/h3>\r\n\r\n\r\n\r\n<p>Das Carton Excellence Award verbessert das Image der Teilnehmer, st\u00e4rkt ihr Branding und steigert so den Umsatz. Pro Carton verbreitet die guten Nachrichten \u00fcber Ihre Verpackung mit einem umfassenden Marketingpaket! Social Media und Public Voting sorgen f\u00fcr ein kontinuierliches und wachsendes Interesse an den Beitr\u00e4gen.<\/p>\r\n\r\n\r\n\r\n<p>Die Finalisten und Gewinner erhalten professionelle Fotos ihrer Beitr\u00e4ge, Logos und Urkunden f\u00fcr ihre eigenen Websites, Verkaufsmaterialien und sozialen Medien. So wird Ihr Preis zu einem pers\u00f6nlichen Marketing-Tool!<\/p>\r\n\r\n\r\n\r\n<h3 class=\"wp-block-heading\">14 verschiedene Pro Carton Marketingaktivit\u00e4ten<\/h3>\r\n\r\n\r\n\r\n<ol class=\"wp-block-list\">\r\n<li>Bekanntgabe aller Finalisten im August auf der Website und in den e-news<\/li>\r\n<li>\u00d6ffentliche Abstimmung schafft Aufmerksamkeit f\u00fcr die Finalisten bei einem breiten Publikum<\/li>\r\n<li>Award-Zeremonie auf dem ECMA-Kongress am 21. September 2017 in Salzburg<\/li>\r\n<li>Hochwertige Fotos von allen Beitr\u00e4gen<\/li>\r\n<li>E-News an \u00fcber 13.000 europ\u00e4ische Kontakte: Markeninhaber, Einzelh\u00e4ndler und Designer<\/li>\r\n<li>Pressemitteilungen an die Medien der Lieferkette in 22 L\u00e4ndern<\/li>\r\n<li>Ver\u00f6ffentlichung auf dieser Website (www.procarton.com)<\/li>\r\n<li>Die pr\u00e4mierten Kartons werden in die rotierenden Pr\u00e4sentationen auf www.procarton.com aufgenommen.<\/li>\r\n<li>Award-Brosch\u00fcre mit allen Gewinnern, Finalisten und Teilnehmern, gedruckt in Englisch<\/li>\r\n<li>Alle Gewinner mit Erfolgsgeschichten und Kommentaren der Jury<\/li>\r\n<li>Alle Finalisten mit Kurzbeschreibungen<\/li>\r\n<li>Alle Nachrichten und der Bericht \u00fcber die Award-Brosch\u00fcre werden auf www.procarton.com in 5 Sprachen ver\u00f6ffentlicht: Englisch, Franz\u00f6sisch, Italienisch, Deutsch und Spanisch<\/li>\r\n<li>Troph\u00e4en f\u00fcr Preistr\u00e4ger von Sonderpreisen, Auszeichnungen f\u00fcr Gewinner, Urkunden f\u00fcr Finalisten<\/li>\r\n<li>Roadshows mit den Gewinnerkartons auf Messen, Kongressen, Veranstaltungen usw. in ganz Europa<\/li>\r\n<\/ol>\r\n\r\n\r\n\r\n<figure class=\"wp-block-image size-full\"><img loading=\"lazy\" decoding=\"async\" width=\"922\" height=\"1920\" class=\"wp-image-258602\" src=\"https:\/\/www.procarton.com\/wp-content\/uploads\/2021\/03\/marketing-collage-5.jpeg\" alt=\"\" srcset=\"https:\/\/www.procarton.com\/wp-content\/uploads\/2021\/03\/marketing-collage-5.jpeg 922w, https:\/\/www.procarton.com\/wp-content\/uploads\/2021\/03\/marketing-collage-5-144x300.jpeg 144w, https:\/\/www.procarton.com\/wp-content\/uploads\/2021\/03\/marketing-collage-5-495x1030.jpeg 495w, https:\/\/www.procarton.com\/wp-content\/uploads\/2021\/03\/marketing-collage-5-768x1599.jpeg 768w, https:\/\/www.procarton.com\/wp-content\/uploads\/2021\/03\/marketing-collage-5-738x1536.jpeg 738w, https:\/\/www.procarton.com\/wp-content\/uploads\/2021\/03\/marketing-collage-5-6x12.jpeg 6w, https:\/\/www.procarton.com\/wp-content\/uploads\/2021\/03\/marketing-collage-5-720x1500.jpeg 720w, https:\/\/www.procarton.com\/wp-content\/uploads\/2021\/03\/marketing-collage-5-339x705.jpeg 339w\" sizes=\"auto, (max-width: 922px) 100vw, 922px\" \/><\/figure>\r\n\r\n\r\n\r\n<h3 class=\"wp-block-heading\">12 M\u00f6glichkeiten f\u00fcr Gewinner und Finalisten, f\u00fcr ihre Verpackungen zu werben<\/h3>\r\n\r\n\r\n\r\n<ol class=\"wp-block-list\">\r\n<li>Nationale Feierlichkeiten bei Veranstaltungen, Treffen usw. f\u00fcr Ihre Verb\u00e4nde<\/li>\r\n<li>Firmenveranstaltungen mit Ihrem Team und Partnern aus der Verpackungslieferkette<\/li>\r\n<li>Nationale\/lokale Presseaktivit\u00e4ten<\/li>\r\n<li>Bewerben Sie Ihre erfolgreiche Faltschachtel mit dem Award-Logo<\/li>\r\n<li>Verwenden Sie das Award-Logo als Link zu www.procarton.com<\/li>\r\n<li>Verwendung des Award-Logos f\u00fcr alle Ver\u00f6ffentlichungen<\/li>\r\n<li>Verwendung des Award-Logos als Unterschrift f\u00fcr alle Mitarbeiter im Unternehmen<\/li>\r\n<li>Verwendung des Award-Logos f\u00fcr Promotion und Werbung auf Ausstellungen und Messen<\/li>\r\n<li>Erg\u00e4nzen Sie Ihre Verkaufspr\u00e4sentationen mit Ihrem erfolgreichen Karton mit Award-Logo<\/li>\r\n<li>Versand der Award-Brosch\u00fcre an Ihre Kunden usw.<\/li>\r\n<li>Druck und Versand von \"Ihrer\" Seite aus der Brosch\u00fcre<\/li>\r\n<li>Winner-Kartons f\u00fcr Ausstellungen auf Messen, Kongressen, Veranstaltungen usw.<\/li>\r\n<\/ol>\r\n\r\n\r\n\r\n<p>\"Der Wettbewerb Pro Carton ECMA Award ist f\u00fcr uns schon seit vielen Jahren ein Muss. Wir haben uns sehr dar\u00fcber gefreut, dass wir 2015 und 2016 insgesamt das erfolgreichste Unternehmen waren. Das gibt uns die Zuversicht, dass wir auf dem richtigen Weg sind, und sorgt f\u00fcr zus\u00e4tzliche Motivation und Stolz in der Organisation. Nat\u00fcrlich werden wir auch 2017 wieder an der Pro Carton ECMA Award teilnehmen und unser Bestes geben, um die Erfolge der letzten beiden Jahre zu wiederholen. \"Harald Schulz, CEO AR Packaging<\/p>","protected":false},"excerpt":{"rendered":"<p>26 GOOD REASONS FOR ENTERING The Carton Excellence Award enhances the participants\u2019 image, strengthens their branding and, as a result, boosts sales. Pro Carton spreads the good news about your packaging with a comprehensive marketing package! Social Media and Public Voting assure continued and growing interest in the entries. The finalists and winners receive professional [&hellip;]<\/p>\n","protected":false},"author":1,"featured_media":259310,"parent":258273,"menu_order":2,"comment_status":"closed","ping_status":"closed","template":"templates\/award_details_page.php","meta":{"inline_featured_image":false,"footnotes":""},"class_list":["post-258595","page","type-page","status-publish","has-post-thumbnail","hentry"],"yoast_head":"<!-- This site is optimized with the Yoast SEO plugin v27.4 - https:\/\/yoast.com\/product\/yoast-seo-wordpress\/ -->\n<title>Marketing - Pro Carton<\/title>\n<meta name=\"robots\" content=\"index, follow, max-snippet:-1, max-image-preview:large, max-video-preview:-1\" \/>\n<link rel=\"canonical\" href=\"https:\/\/www.procarton.com\/de\/awards\/european-carton-excellence-award\/2017-2\/marketing\/\" \/>\n<meta property=\"og:locale\" content=\"de_DE\" \/>\n<meta property=\"og:type\" content=\"article\" \/>\n<meta property=\"og:title\" content=\"Marketing - Pro Carton\" \/>\n<meta property=\"og:description\" content=\"26 GOOD REASONS FOR ENTERING The Carton Excellence Award enhances the participants\u2019 image, strengthens their branding and, as a result, boosts sales. Pro Carton spreads the good news about your packaging with a comprehensive marketing package! Social Media and Public Voting assure continued and growing interest in the entries. The finalists and winners receive professional [&hellip;]\" \/>\n<meta property=\"og:url\" content=\"https:\/\/www.procarton.com\/de\/awards\/european-carton-excellence-award\/2017-2\/marketing\/\" \/>\n<meta property=\"og:site_name\" content=\"Pro Carton\" \/>\n<meta property=\"article:publisher\" content=\"https:\/\/www.facebook.com\/procartondesignaward\/\" \/>\n<meta property=\"article:modified_time\" content=\"2022-01-10T10:14:35+00:00\" \/>\n<meta property=\"og:image\" content=\"https:\/\/www.procarton.com\/wp-content\/uploads\/2021\/03\/Award2017_054_m-1.jpg\" \/>\n\t<meta property=\"og:image:width\" content=\"1920\" \/>\n\t<meta property=\"og:image:height\" content=\"1280\" \/>\n\t<meta property=\"og:image:type\" content=\"image\/jpeg\" \/>\n<meta name=\"twitter:card\" content=\"summary_large_image\" \/>\n<meta name=\"twitter:site\" content=\"@pro_carton\" \/>\n<meta name=\"twitter:label1\" content=\"Gesch\u00e4tzte Lesezeit\" \/>\n\t<meta name=\"twitter:data1\" content=\"3\u00a0Minuten\" \/>\n<script type=\"application\/ld+json\" class=\"yoast-schema-graph\">{\"@context\":\"https:\\\/\\\/schema.org\",\"@graph\":[{\"@type\":\"WebPage\",\"@id\":\"https:\\\/\\\/www.procarton.com\\\/es\\\/awards\\\/european-carton-excellence-award\\\/2017-2\\\/marketing\\\/\",\"url\":\"https:\\\/\\\/www.procarton.com\\\/es\\\/awards\\\/european-carton-excellence-award\\\/2017-2\\\/marketing\\\/\",\"name\":\"Marketing - Pro Carton\",\"isPartOf\":{\"@id\":\"https:\\\/\\\/www.procarton.com\\\/es\\\/#website\"},\"primaryImageOfPage\":{\"@id\":\"https:\\\/\\\/www.procarton.com\\\/es\\\/awards\\\/european-carton-excellence-award\\\/2017-2\\\/marketing\\\/#primaryimage\"},\"image\":{\"@id\":\"https:\\\/\\\/www.procarton.com\\\/es\\\/awards\\\/european-carton-excellence-award\\\/2017-2\\\/marketing\\\/#primaryimage\"},\"thumbnailUrl\":\"https:\\\/\\\/www.procarton.com\\\/wp-content\\\/uploads\\\/2021\\\/03\\\/Award2017_054_m-1.jpg\",\"datePublished\":\"2021-03-16T13:41:09+00:00\",\"dateModified\":\"2022-01-10T10:14:35+00:00\",\"breadcrumb\":{\"@id\":\"https:\\\/\\\/www.procarton.com\\\/es\\\/awards\\\/european-carton-excellence-award\\\/2017-2\\\/marketing\\\/#breadcrumb\"},\"inLanguage\":\"de\",\"potentialAction\":[{\"@type\":\"ReadAction\",\"target\":[\"https:\\\/\\\/www.procarton.com\\\/es\\\/awards\\\/european-carton-excellence-award\\\/2017-2\\\/marketing\\\/\"]}]},{\"@type\":\"ImageObject\",\"inLanguage\":\"de\",\"@id\":\"https:\\\/\\\/www.procarton.com\\\/es\\\/awards\\\/european-carton-excellence-award\\\/2017-2\\\/marketing\\\/#primaryimage\",\"url\":\"https:\\\/\\\/www.procarton.com\\\/wp-content\\\/uploads\\\/2021\\\/03\\\/Award2017_054_m-1.jpg\",\"contentUrl\":\"https:\\\/\\\/www.procarton.com\\\/wp-content\\\/uploads\\\/2021\\\/03\\\/Award2017_054_m-1.jpg\",\"width\":1920,\"height\":1280,\"caption\":\"All together now!\"},{\"@type\":\"BreadcrumbList\",\"@id\":\"https:\\\/\\\/www.procarton.com\\\/es\\\/awards\\\/european-carton-excellence-award\\\/2017-2\\\/marketing\\\/#breadcrumb\",\"itemListElement\":[{\"@type\":\"ListItem\",\"position\":1,\"name\":\"Home\",\"item\":\"https:\\\/\\\/www.procarton.com\\\/\"},{\"@type\":\"ListItem\",\"position\":2,\"name\":\"Awards\",\"item\":\"https:\\\/\\\/www.procarton.com\\\/awards\\\/\"},{\"@type\":\"ListItem\",\"position\":3,\"name\":\"European Carton Excellence Award\",\"item\":\"https:\\\/\\\/www.procarton.com\\\/awards\\\/european-carton-excellence-award\\\/\"},{\"@type\":\"ListItem\",\"position\":4,\"name\":\"2017\",\"item\":\"http:\\\/\\\/www.procarton.com\\\/fr\\\/awards\\\/european-carton-excellence-award\\\/2017-2\\\/\"},{\"@type\":\"ListItem\",\"position\":5,\"name\":\"Marketing\"}]},{\"@type\":\"WebSite\",\"@id\":\"https:\\\/\\\/www.procarton.com\\\/es\\\/#website\",\"url\":\"https:\\\/\\\/www.procarton.com\\\/es\\\/\",\"name\":\"Pro Carton\",\"description\":\"\",\"publisher\":{\"@id\":\"https:\\\/\\\/www.procarton.com\\\/es\\\/#organization\"},\"potentialAction\":[{\"@type\":\"SearchAction\",\"target\":{\"@type\":\"EntryPoint\",\"urlTemplate\":\"https:\\\/\\\/www.procarton.com\\\/es\\\/?s={search_term_string}\"},\"query-input\":{\"@type\":\"PropertyValueSpecification\",\"valueRequired\":true,\"valueName\":\"search_term_string\"}}],\"inLanguage\":\"de\"},{\"@type\":\"Organization\",\"@id\":\"https:\\\/\\\/www.procarton.com\\\/es\\\/#organization\",\"name\":\"ProCarton\",\"url\":\"https:\\\/\\\/www.procarton.com\\\/es\\\/\",\"logo\":{\"@type\":\"ImageObject\",\"inLanguage\":\"de\",\"@id\":\"https:\\\/\\\/www.procarton.com\\\/es\\\/#\\\/schema\\\/logo\\\/image\\\/\",\"url\":\"https:\\\/\\\/www.procarton.com\\\/wp-content\\\/uploads\\\/2022\\\/06\\\/logo-mit-slogan.jpg\",\"contentUrl\":\"https:\\\/\\\/www.procarton.com\\\/wp-content\\\/uploads\\\/2022\\\/06\\\/logo-mit-slogan.jpg\",\"width\":422,\"height\":519,\"caption\":\"ProCarton\"},\"image\":{\"@id\":\"https:\\\/\\\/www.procarton.com\\\/es\\\/#\\\/schema\\\/logo\\\/image\\\/\"},\"sameAs\":[\"https:\\\/\\\/www.facebook.com\\\/procartondesignaward\\\/\",\"https:\\\/\\\/x.com\\\/pro_carton\"]}]}<\/script>\n<!-- \/ Yoast SEO plugin. -->","yoast_head_json":{"title":"Marketing - Pro Carton","robots":{"index":"index","follow":"follow","max-snippet":"max-snippet:-1","max-image-preview":"max-image-preview:large","max-video-preview":"max-video-preview:-1"},"canonical":"https:\/\/www.procarton.com\/de\/awards\/european-carton-excellence-award\/2017-2\/marketing\/","og_locale":"de_DE","og_type":"article","og_title":"Marketing - Pro Carton","og_description":"26 GOOD REASONS FOR ENTERING The Carton Excellence Award enhances the participants\u2019 image, strengthens their branding and, as a result, boosts sales. Pro Carton spreads the good news about your packaging with a comprehensive marketing package! Social Media and Public Voting assure continued and growing interest in the entries. The finalists and winners receive professional [&hellip;]","og_url":"https:\/\/www.procarton.com\/de\/awards\/european-carton-excellence-award\/2017-2\/marketing\/","og_site_name":"Pro Carton","article_publisher":"https:\/\/www.facebook.com\/procartondesignaward\/","article_modified_time":"2022-01-10T10:14:35+00:00","og_image":[{"width":1920,"height":1280,"url":"https:\/\/www.procarton.com\/wp-content\/uploads\/2021\/03\/Award2017_054_m-1.jpg","type":"image\/jpeg"}],"twitter_card":"summary_large_image","twitter_site":"@pro_carton","twitter_misc":{"Gesch\u00e4tzte Lesezeit":"3\u00a0Minuten"},"schema":{"@context":"https:\/\/schema.org","@graph":[{"@type":"WebPage","@id":"https:\/\/www.procarton.com\/es\/awards\/european-carton-excellence-award\/2017-2\/marketing\/","url":"https:\/\/www.procarton.com\/es\/awards\/european-carton-excellence-award\/2017-2\/marketing\/","name":"Marketing - Pro Carton","isPartOf":{"@id":"https:\/\/www.procarton.com\/es\/#website"},"primaryImageOfPage":{"@id":"https:\/\/www.procarton.com\/es\/awards\/european-carton-excellence-award\/2017-2\/marketing\/#primaryimage"},"image":{"@id":"https:\/\/www.procarton.com\/es\/awards\/european-carton-excellence-award\/2017-2\/marketing\/#primaryimage"},"thumbnailUrl":"https:\/\/www.procarton.com\/wp-content\/uploads\/2021\/03\/Award2017_054_m-1.jpg","datePublished":"2021-03-16T13:41:09+00:00","dateModified":"2022-01-10T10:14:35+00:00","breadcrumb":{"@id":"https:\/\/www.procarton.com\/es\/awards\/european-carton-excellence-award\/2017-2\/marketing\/#breadcrumb"},"inLanguage":"de","potentialAction":[{"@type":"ReadAction","target":["https:\/\/www.procarton.com\/es\/awards\/european-carton-excellence-award\/2017-2\/marketing\/"]}]},{"@type":"ImageObject","inLanguage":"de","@id":"https:\/\/www.procarton.com\/es\/awards\/european-carton-excellence-award\/2017-2\/marketing\/#primaryimage","url":"https:\/\/www.procarton.com\/wp-content\/uploads\/2021\/03\/Award2017_054_m-1.jpg","contentUrl":"https:\/\/www.procarton.com\/wp-content\/uploads\/2021\/03\/Award2017_054_m-1.jpg","width":1920,"height":1280,"caption":"All together now!"},{"@type":"BreadcrumbList","@id":"https:\/\/www.procarton.com\/es\/awards\/european-carton-excellence-award\/2017-2\/marketing\/#breadcrumb","itemListElement":[{"@type":"ListItem","position":1,"name":"Home","item":"https:\/\/www.procarton.com\/"},{"@type":"ListItem","position":2,"name":"Awards","item":"https:\/\/www.procarton.com\/awards\/"},{"@type":"ListItem","position":3,"name":"European Carton Excellence Award","item":"https:\/\/www.procarton.com\/awards\/european-carton-excellence-award\/"},{"@type":"ListItem","position":4,"name":"2017","item":"http:\/\/www.procarton.com\/fr\/awards\/european-carton-excellence-award\/2017-2\/"},{"@type":"ListItem","position":5,"name":"Marketing"}]},{"@type":"WebSite","@id":"https:\/\/www.procarton.com\/es\/#website","url":"https:\/\/www.procarton.com\/es\/","name":"Pro Carton","description":"","publisher":{"@id":"https:\/\/www.procarton.com\/es\/#organization"},"potentialAction":[{"@type":"SearchAction","target":{"@type":"EntryPoint","urlTemplate":"https:\/\/www.procarton.com\/es\/?s={search_term_string}"},"query-input":{"@type":"PropertyValueSpecification","valueRequired":true,"valueName":"search_term_string"}}],"inLanguage":"de"},{"@type":"Organization","@id":"https:\/\/www.procarton.com\/es\/#organization","name":"ProCarton","url":"https:\/\/www.procarton.com\/es\/","logo":{"@type":"ImageObject","inLanguage":"de","@id":"https:\/\/www.procarton.com\/es\/#\/schema\/logo\/image\/","url":"https:\/\/www.procarton.com\/wp-content\/uploads\/2022\/06\/logo-mit-slogan.jpg","contentUrl":"https:\/\/www.procarton.com\/wp-content\/uploads\/2022\/06\/logo-mit-slogan.jpg","width":422,"height":519,"caption":"ProCarton"},"image":{"@id":"https:\/\/www.procarton.com\/es\/#\/schema\/logo\/image\/"},"sameAs":["https:\/\/www.facebook.com\/procartondesignaward\/","https:\/\/x.com\/pro_carton"]}]}},"_links":{"self":[{"href":"https:\/\/www.procarton.com\/de\/wp-json\/wp\/v2\/pages\/258595","targetHints":{"allow":["GET"]}}],"collection":[{"href":"https:\/\/www.procarton.com\/de\/wp-json\/wp\/v2\/pages"}],"about":[{"href":"https:\/\/www.procarton.com\/de\/wp-json\/wp\/v2\/types\/page"}],"author":[{"embeddable":true,"href":"https:\/\/www.procarton.com\/de\/wp-json\/wp\/v2\/users\/1"}],"replies":[{"embeddable":true,"href":"https:\/\/www.procarton.com\/de\/wp-json\/wp\/v2\/comments?post=258595"}],"version-history":[{"count":2,"href":"https:\/\/www.procarton.com\/de\/wp-json\/wp\/v2\/pages\/258595\/revisions"}],"predecessor-version":[{"id":272472,"href":"https:\/\/www.procarton.com\/de\/wp-json\/wp\/v2\/pages\/258595\/revisions\/272472"}],"up":[{"embeddable":true,"href":"https:\/\/www.procarton.com\/de\/wp-json\/wp\/v2\/pages\/258273"}],"wp:featuredmedia":[{"embeddable":true,"href":"https:\/\/www.procarton.com\/de\/wp-json\/wp\/v2\/media\/259310"}],"wp:attachment":[{"href":"https:\/\/www.procarton.com\/de\/wp-json\/wp\/v2\/media?parent=258595"}],"curies":[{"name":"wp","href":"https:\/\/api.w.org\/{rel}","templated":true}]}}