{"id":258563,"date":"2021-03-16T13:25:21","date_gmt":"2021-03-16T13:25:21","guid":{"rendered":"https:\/\/www.procarton.com\/awards\/european-carton-excellence-award\/2015\/marketing\/"},"modified":"2022-03-31T21:44:01","modified_gmt":"2022-03-31T20:44:01","slug":"marketing","status":"publish","type":"page","link":"https:\/\/www.procarton.com\/de\/awards\/european-carton-excellence-award\/2015-2\/marketing\/","title":{"rendered":"Marketing"},"content":{"rendered":"<div class=\"av-animated-generic top-to-bottom flex_column av_two_third  flex_column_div av-zero-column-padding first  avia-builder-el-0  el_before_av_one_third  avia-builder-el-first\" style='border-radius:0px; '><section class=\"av_textblock_section\"  itemscope=\"itemscope\" itemtype=\"https:\/\/schema.org\/CreativeWork\" ><div class='avia_textblock'   itemprop=\"text\" ><p>Die Marketingaktivit\u00e4ten von Pro Carton<\/p>\n<ul class=\"wp-block-list\">\n<li>Award-Zeremonie auf dem ECMA-Kongress<\/li>\n<li>Hochwertige Fotos von allen Beitr\u00e4gen<\/li>\n<li>Videos von der Bewertung der einzelnen Kategorien<\/li>\n<li>E-News an \u00fcber 12.000 europ\u00e4ische Kontakte: Markeninhaber, Einzelh\u00e4ndler und Designer<\/li>\n<li>Pressemitteilungen an die wichtigsten Medien der Lieferkette in 22 L\u00e4ndern<\/li>\n<li>Website-Ver\u00f6ffentlichung auf dieser Website (<a href=\"https:\/\/www.procarton.com\/\" target=\"_blank\" rel=\"noreferrer noopener\">www.procarton.com<\/a>)<\/li>\n<li>Die pr\u00e4mierten Kartons werden in die rotierenden Pr\u00e4sentationen auf\u00a0<a href=\"https:\/\/www.procarton.com\/\" target=\"_blank\" rel=\"noreferrer noopener\">www.procarton.com<\/a><\/li>\n<li>Award-Brosch\u00fcre mit allen Gewinnern, Finalisten und Teilnehmern, gedruckt in Englisch<br \/>- Alle Gewinner mit Erfolgsgeschichten und Kommentaren der Jury<br \/>- Alle Finalisten mit Kurzbeschreibungen<\/li>\n<li>Alle Nachrichten und der Award-Brosch\u00fcrenbericht werden ver\u00f6ffentlicht auf\u00a0<a href=\"https:\/\/www.procarton.com\/\" target=\"_blank\" rel=\"noreferrer noopener\">www.procarton.com<\/a>\u00a0in 5 Sprachen: Englisch, Franz\u00f6sisch, Italienisch, Deutsch und Spanisch<\/li>\n<li>Awards f\u00fcr die Gewinner, Urkunden f\u00fcr die Finalisten<\/li>\n<li>Roadshows mit Gewinnerkartons auf Messen, Kongressen, Veranstaltungen usw. in ganz Europa<\/li>\n<\/ul>\n<p>Marketingideen f\u00fcr: Pro Carton\/ECMA Award Gewinner und Finalisten<\/p>\n<ul class=\"wp-block-list\">\n<li>Nationale Feierlichkeiten bei Veranstaltungen, Treffen usw. f\u00fcr Ihre Verb\u00e4nde<\/li>\n<li>Firmenveranstaltungen mit Ihrem Team und Partnern aus der Verpackungslieferkette<\/li>\n<li>Nationale\/lokale Presseaktivit\u00e4ten<\/li>\n<li>Bewerben Sie Ihre erfolgreiche Faltschachtel mit dem Award-Logo<\/li>\n<li>Verwenden Sie das Award-Logo als Link zu\u00a0<a href=\"https:\/\/www.procarton.com\/\" target=\"_blank\" rel=\"noreferrer noopener\">www.procarton.com<\/a><\/li>\n<li>Verwendung des Award-Logos f\u00fcr alle Ver\u00f6ffentlichungen<\/li>\n<li>F\u00fcgen Sie Ihren erfolgreichen Karton mit Award-Logo zu Ihrem Verkauf hinzu<br \/>Pr\u00e4sentationen<\/li>\n<li>Versand der Award-Brosch\u00fcre an Ihre Kunden usw.<\/li>\n<li>Druck und Versand von \"Ihrer\" Seite aus der Brosch\u00fcre<\/li>\n<li>Winner-Kartons f\u00fcr Ausstellungen auf Messen, Kongressen, Veranstaltungen usw.<\/li>\n<\/ul>\n<\/div><\/section><\/div><div class=\"av-animated-generic top-to-bottom flex_column av_one_third  flex_column_div av-zero-column-padding   avia-builder-el-2  el_after_av_two_third  avia-builder-el-last\" style='border-radius:0px; '><div  class='avia-image-container  av-styling-no-styling    avia-builder-el-3  avia-builder-el-no-sibling  avia-align-center'  itemprop=\"image\" itemscope=\"itemscope\" itemtype=\"https:\/\/schema.org\/ImageObject\"  ><div class='avia-image-container-inner'><div class='avia-image-overlay-wrap'><img decoding=\"async\" width=\"125\" height=\"300\" class='wp-image-276381 avia-img-lazy-loading-not-276381 avia_image' src=\"https:\/\/www.procarton.com\/wp-content\/uploads\/2022\/03\/marketing_pic1-125x300.jpeg\" alt='' title='marketing_pic1'  itemprop=\"thumbnailUrl\" srcset=\"https:\/\/www.procarton.com\/wp-content\/uploads\/2022\/03\/marketing_pic1-125x300.jpeg 125w, https:\/\/www.procarton.com\/wp-content\/uploads\/2022\/03\/marketing_pic1-5x12.jpeg 5w, https:\/\/www.procarton.com\/wp-content\/uploads\/2022\/03\/marketing_pic1-294x705.jpeg 294w, https:\/\/www.procarton.com\/wp-content\/uploads\/2022\/03\/marketing_pic1.jpeg 419w\" sizes=\"(max-width: 125px) 100vw, 125px\" \/><\/div><\/div><\/div><\/div>","protected":false},"excerpt":{"rendered":"","protected":false},"author":1,"featured_media":0,"parent":258275,"menu_order":1,"comment_status":"closed","ping_status":"closed","template":"templates\/award_details_page.php","meta":{"inline_featured_image":false,"footnotes":""},"class_list":["post-258563","page","type-page","status-publish","hentry"],"yoast_head":"<!-- This site is optimized with the Yoast SEO plugin v27.4 - https:\/\/yoast.com\/product\/yoast-seo-wordpress\/ -->\n<title>Marketing - Pro Carton<\/title>\n<meta name=\"robots\" content=\"index, follow, max-snippet:-1, max-image-preview:large, max-video-preview:-1\" \/>\n<link rel=\"canonical\" href=\"https:\/\/www.procarton.com\/de\/awards\/european-carton-excellence-award\/2015-2\/marketing\/\" \/>\n<meta property=\"og:locale\" content=\"de_DE\" \/>\n<meta property=\"og:type\" content=\"article\" \/>\n<meta property=\"og:title\" content=\"Marketing - Pro Carton\" \/>\n<meta property=\"og:url\" content=\"https:\/\/www.procarton.com\/de\/awards\/european-carton-excellence-award\/2015-2\/marketing\/\" \/>\n<meta property=\"og:site_name\" content=\"Pro Carton\" \/>\n<meta property=\"article:publisher\" content=\"https:\/\/www.facebook.com\/procartondesignaward\/\" \/>\n<meta property=\"article:modified_time\" content=\"2022-03-31T20:44:01+00:00\" \/>\n<meta name=\"twitter:card\" content=\"summary_large_image\" \/>\n<meta name=\"twitter:site\" content=\"@pro_carton\" \/>\n<meta name=\"twitter:label1\" content=\"Gesch\u00e4tzte Lesezeit\" \/>\n\t<meta name=\"twitter:data1\" content=\"1\u00a0Minute\" \/>\n<script type=\"application\/ld+json\" class=\"yoast-schema-graph\">{\"@context\":\"https:\\\/\\\/schema.org\",\"@graph\":[{\"@type\":\"WebPage\",\"@id\":\"https:\\\/\\\/www.procarton.com\\\/es\\\/awards\\\/european-carton-excellence-award\\\/2015-2\\\/marketing\\\/\",\"url\":\"https:\\\/\\\/www.procarton.com\\\/es\\\/awards\\\/european-carton-excellence-award\\\/2015-2\\\/marketing\\\/\",\"name\":\"Marketing - Pro Carton\",\"isPartOf\":{\"@id\":\"https:\\\/\\\/www.procarton.com\\\/es\\\/#website\"},\"datePublished\":\"2021-03-16T13:25:21+00:00\",\"dateModified\":\"2022-03-31T20:44:01+00:00\",\"breadcrumb\":{\"@id\":\"https:\\\/\\\/www.procarton.com\\\/es\\\/awards\\\/european-carton-excellence-award\\\/2015-2\\\/marketing\\\/#breadcrumb\"},\"inLanguage\":\"de\",\"potentialAction\":[{\"@type\":\"ReadAction\",\"target\":[\"https:\\\/\\\/www.procarton.com\\\/es\\\/awards\\\/european-carton-excellence-award\\\/2015-2\\\/marketing\\\/\"]}]},{\"@type\":\"BreadcrumbList\",\"@id\":\"https:\\\/\\\/www.procarton.com\\\/es\\\/awards\\\/european-carton-excellence-award\\\/2015-2\\\/marketing\\\/#breadcrumb\",\"itemListElement\":[{\"@type\":\"ListItem\",\"position\":1,\"name\":\"Home\",\"item\":\"https:\\\/\\\/www.procarton.com\\\/\"},{\"@type\":\"ListItem\",\"position\":2,\"name\":\"Awards\",\"item\":\"https:\\\/\\\/www.procarton.com\\\/awards\\\/\"},{\"@type\":\"ListItem\",\"position\":3,\"name\":\"European Carton Excellence Award\",\"item\":\"https:\\\/\\\/www.procarton.com\\\/awards\\\/european-carton-excellence-award\\\/\"},{\"@type\":\"ListItem\",\"position\":4,\"name\":\"2015\",\"item\":\"https:\\\/\\\/www.procarton.com\\\/es\\\/awards\\\/european-carton-excellence-award\\\/2015-2\\\/\"},{\"@type\":\"ListItem\",\"position\":5,\"name\":\"Marketing\"}]},{\"@type\":\"WebSite\",\"@id\":\"https:\\\/\\\/www.procarton.com\\\/es\\\/#website\",\"url\":\"https:\\\/\\\/www.procarton.com\\\/es\\\/\",\"name\":\"Pro Carton\",\"description\":\"\",\"publisher\":{\"@id\":\"https:\\\/\\\/www.procarton.com\\\/es\\\/#organization\"},\"potentialAction\":[{\"@type\":\"SearchAction\",\"target\":{\"@type\":\"EntryPoint\",\"urlTemplate\":\"https:\\\/\\\/www.procarton.com\\\/es\\\/?s={search_term_string}\"},\"query-input\":{\"@type\":\"PropertyValueSpecification\",\"valueRequired\":true,\"valueName\":\"search_term_string\"}}],\"inLanguage\":\"de\"},{\"@type\":\"Organization\",\"@id\":\"https:\\\/\\\/www.procarton.com\\\/es\\\/#organization\",\"name\":\"ProCarton\",\"url\":\"https:\\\/\\\/www.procarton.com\\\/es\\\/\",\"logo\":{\"@type\":\"ImageObject\",\"inLanguage\":\"de\",\"@id\":\"https:\\\/\\\/www.procarton.com\\\/es\\\/#\\\/schema\\\/logo\\\/image\\\/\",\"url\":\"https:\\\/\\\/www.procarton.com\\\/wp-content\\\/uploads\\\/2022\\\/06\\\/logo-mit-slogan.jpg\",\"contentUrl\":\"https:\\\/\\\/www.procarton.com\\\/wp-content\\\/uploads\\\/2022\\\/06\\\/logo-mit-slogan.jpg\",\"width\":422,\"height\":519,\"caption\":\"ProCarton\"},\"image\":{\"@id\":\"https:\\\/\\\/www.procarton.com\\\/es\\\/#\\\/schema\\\/logo\\\/image\\\/\"},\"sameAs\":[\"https:\\\/\\\/www.facebook.com\\\/procartondesignaward\\\/\",\"https:\\\/\\\/x.com\\\/pro_carton\"]}]}<\/script>\n<!-- \/ Yoast SEO plugin. -->","yoast_head_json":{"title":"Marketing - Pro Carton","robots":{"index":"index","follow":"follow","max-snippet":"max-snippet:-1","max-image-preview":"max-image-preview:large","max-video-preview":"max-video-preview:-1"},"canonical":"https:\/\/www.procarton.com\/de\/awards\/european-carton-excellence-award\/2015-2\/marketing\/","og_locale":"de_DE","og_type":"article","og_title":"Marketing - Pro Carton","og_url":"https:\/\/www.procarton.com\/de\/awards\/european-carton-excellence-award\/2015-2\/marketing\/","og_site_name":"Pro Carton","article_publisher":"https:\/\/www.facebook.com\/procartondesignaward\/","article_modified_time":"2022-03-31T20:44:01+00:00","twitter_card":"summary_large_image","twitter_site":"@pro_carton","twitter_misc":{"Gesch\u00e4tzte Lesezeit":"1\u00a0Minute"},"schema":{"@context":"https:\/\/schema.org","@graph":[{"@type":"WebPage","@id":"https:\/\/www.procarton.com\/es\/awards\/european-carton-excellence-award\/2015-2\/marketing\/","url":"https:\/\/www.procarton.com\/es\/awards\/european-carton-excellence-award\/2015-2\/marketing\/","name":"Marketing - Pro Carton","isPartOf":{"@id":"https:\/\/www.procarton.com\/es\/#website"},"datePublished":"2021-03-16T13:25:21+00:00","dateModified":"2022-03-31T20:44:01+00:00","breadcrumb":{"@id":"https:\/\/www.procarton.com\/es\/awards\/european-carton-excellence-award\/2015-2\/marketing\/#breadcrumb"},"inLanguage":"de","potentialAction":[{"@type":"ReadAction","target":["https:\/\/www.procarton.com\/es\/awards\/european-carton-excellence-award\/2015-2\/marketing\/"]}]},{"@type":"BreadcrumbList","@id":"https:\/\/www.procarton.com\/es\/awards\/european-carton-excellence-award\/2015-2\/marketing\/#breadcrumb","itemListElement":[{"@type":"ListItem","position":1,"name":"Home","item":"https:\/\/www.procarton.com\/"},{"@type":"ListItem","position":2,"name":"Awards","item":"https:\/\/www.procarton.com\/awards\/"},{"@type":"ListItem","position":3,"name":"European Carton Excellence Award","item":"https:\/\/www.procarton.com\/awards\/european-carton-excellence-award\/"},{"@type":"ListItem","position":4,"name":"2015","item":"https:\/\/www.procarton.com\/es\/awards\/european-carton-excellence-award\/2015-2\/"},{"@type":"ListItem","position":5,"name":"Marketing"}]},{"@type":"WebSite","@id":"https:\/\/www.procarton.com\/es\/#website","url":"https:\/\/www.procarton.com\/es\/","name":"Pro Carton","description":"","publisher":{"@id":"https:\/\/www.procarton.com\/es\/#organization"},"potentialAction":[{"@type":"SearchAction","target":{"@type":"EntryPoint","urlTemplate":"https:\/\/www.procarton.com\/es\/?s={search_term_string}"},"query-input":{"@type":"PropertyValueSpecification","valueRequired":true,"valueName":"search_term_string"}}],"inLanguage":"de"},{"@type":"Organization","@id":"https:\/\/www.procarton.com\/es\/#organization","name":"ProCarton","url":"https:\/\/www.procarton.com\/es\/","logo":{"@type":"ImageObject","inLanguage":"de","@id":"https:\/\/www.procarton.com\/es\/#\/schema\/logo\/image\/","url":"https:\/\/www.procarton.com\/wp-content\/uploads\/2022\/06\/logo-mit-slogan.jpg","contentUrl":"https:\/\/www.procarton.com\/wp-content\/uploads\/2022\/06\/logo-mit-slogan.jpg","width":422,"height":519,"caption":"ProCarton"},"image":{"@id":"https:\/\/www.procarton.com\/es\/#\/schema\/logo\/image\/"},"sameAs":["https:\/\/www.facebook.com\/procartondesignaward\/","https:\/\/x.com\/pro_carton"]}]}},"_links":{"self":[{"href":"https:\/\/www.procarton.com\/de\/wp-json\/wp\/v2\/pages\/258563","targetHints":{"allow":["GET"]}}],"collection":[{"href":"https:\/\/www.procarton.com\/de\/wp-json\/wp\/v2\/pages"}],"about":[{"href":"https:\/\/www.procarton.com\/de\/wp-json\/wp\/v2\/types\/page"}],"author":[{"embeddable":true,"href":"https:\/\/www.procarton.com\/de\/wp-json\/wp\/v2\/users\/1"}],"replies":[{"embeddable":true,"href":"https:\/\/www.procarton.com\/de\/wp-json\/wp\/v2\/comments?post=258563"}],"version-history":[{"count":3,"href":"https:\/\/www.procarton.com\/de\/wp-json\/wp\/v2\/pages\/258563\/revisions"}],"predecessor-version":[{"id":276492,"href":"https:\/\/www.procarton.com\/de\/wp-json\/wp\/v2\/pages\/258563\/revisions\/276492"}],"up":[{"embeddable":true,"href":"https:\/\/www.procarton.com\/de\/wp-json\/wp\/v2\/pages\/258275"}],"wp:attachment":[{"href":"https:\/\/www.procarton.com\/de\/wp-json\/wp\/v2\/media?parent=258563"}],"curies":[{"name":"wp","href":"https:\/\/api.w.org\/{rel}","templated":true}]}}