{"id":258534,"date":"2021-03-16T13:13:53","date_gmt":"2021-03-16T13:13:53","guid":{"rendered":"https:\/\/www.procarton.com\/awards\/european-carton-excellence-award\/2013\/marketing\/"},"modified":"2022-01-10T10:03:33","modified_gmt":"2022-01-10T10:03:33","slug":"marketing","status":"publish","type":"page","link":"https:\/\/www.procarton.com\/de\/awards\/european-carton-excellence-award\/2013-2\/marketing\/","title":{"rendered":"Marketing"},"content":{"rendered":"<p><strong>Die Marketingaktivit\u00e4ten von Pro Carton<\/strong><\/p>\r\n\r\n\r\n\r\n<ul class=\"wp-block-list\">\r\n<li>Award-Zeremonie auf dem ECMA-Kongress am 19. September 2013 in Dubrovnik<\/li>\r\n<li>Hochwertige Fotos von allen Beitr\u00e4gen<\/li>\r\n<li>Videos von der Bewertung der einzelnen Kategorien<\/li>\r\n<li>E-News an \u00fcber 9.000 europ\u00e4ische Kontakte: Markeninhaber, Einzelh\u00e4ndler und Designer<\/li>\r\n<li>Pressemitteilungen an die wichtigsten Medien der Lieferkette in 22 L\u00e4ndern<\/li>\r\n<li>Ver\u00f6ffentlichung auf der Website www.procarton.com, www.ecma.org, www.procartonecmaaward.com<\/li>\r\n<li>Die pr\u00e4mierten Kartons werden in die rotierenden Pr\u00e4sentationen auf www.procarton.com und www.ecma.org aufgenommen.<\/li>\r\n<li>Award-Brosch\u00fcre mit allen Gewinnern, Finalisten und Teilnehmern, gedruckt in Englisch<br \/>- Alle Gewinner mit Erfolgsgeschichten und Kommentaren der Jury<br \/>- Alle Finalisten mit Kurzbeschreibungen<\/li>\r\n<li>Alle Nachrichten und der Bericht \u00fcber die Award-Brosch\u00fcre werden auf www.procartonecmaaward.com in 5 Sprachen ver\u00f6ffentlicht: Englisch, Franz\u00f6sisch, Italienisch, Deutsch und Spanisch<\/li>\r\n<li>Awards f\u00fcr die Gewinner, Urkunden f\u00fcr die Finalisten<\/li>\r\n<li>Roadshows mit Gewinner- und Finalistenkartons auf Messen, Kongressen, Veranstaltungen usw. in ganz Europa<\/li>\r\n<\/ul>\r\n\r\n\r\n\r\n<p><strong>Marketingideen f\u00fcr: Pro Carton\/ECMA Award Gewinner und Finalisten<\/strong><\/p>\r\n\r\n\r\n\r\n<ul class=\"wp-block-list\">\r\n<li>Nationale Feierlichkeiten bei Veranstaltungen, Treffen usw. f\u00fcr Ihre Verb\u00e4nde<\/li>\r\n<li>Firmenveranstaltungen mit Ihrem Team und Partnern aus der Verpackungslieferkette<\/li>\r\n<li>Nationale\/lokale Presseaktivit\u00e4ten<\/li>\r\n<li>Bewerben Sie Ihre erfolgreiche Faltschachtel mit dem Award-Logo<\/li>\r\n<li>Verwenden Sie das Award-Logo als Link zu www.procartonecmaaward.com<\/li>\r\n<li>Verwendung des Award-Logos f\u00fcr alle Ver\u00f6ffentlichungen<\/li>\r\n<li>Erg\u00e4nzen Sie Ihre Verkaufspr\u00e4sentationen mit Ihrem erfolgreichen Karton mit Award-Logo<\/li>\r\n<li>Versand der Award-Brosch\u00fcre an Ihre Kunden usw.<\/li>\r\n<li>Druck und Versand von \"Ihrer\" Seite aus der Brosch\u00fcre<\/li>\r\n<li>Preistr\u00e4ger- und Finalistenkartons f\u00fcr Ausstellungen auf Messen, Kongressen, Veranstaltungen usw. erh\u00e4ltlich.<\/li>\r\n<li>Etc.<\/li>\r\n<\/ul>","protected":false},"excerpt":{"rendered":"<p>The Pro Carton marketing activities Award ceremony at the ECMA Congress 19th September 2013 in Dubrovnik High quality photography of all entries Videos of the judging for each category E-news to over 9.000 European contacts: brand owners, retailers and designers Press releases to key supply chain media in 22 countries Website publication on www.procarton.com, www.ecma.org, [&hellip;]<\/p>\n","protected":false},"author":1,"featured_media":0,"parent":258277,"menu_order":1,"comment_status":"closed","ping_status":"closed","template":"templates\/award_details_page.php","meta":{"inline_featured_image":false,"footnotes":""},"class_list":["post-258534","page","type-page","status-publish","hentry"],"yoast_head":"<!-- This site is optimized with the Yoast SEO plugin v27.3 - https:\/\/yoast.com\/product\/yoast-seo-wordpress\/ -->\n<title>Marketing - Pro Carton<\/title>\n<meta name=\"robots\" content=\"index, follow, max-snippet:-1, max-image-preview:large, max-video-preview:-1\" \/>\n<link rel=\"canonical\" href=\"https:\/\/www.procarton.com\/de\/awards\/european-carton-excellence-award\/2013-2\/marketing\/\" \/>\n<meta property=\"og:locale\" content=\"de_DE\" \/>\n<meta property=\"og:type\" content=\"article\" \/>\n<meta property=\"og:title\" content=\"Marketing - Pro Carton\" \/>\n<meta property=\"og:description\" content=\"The Pro Carton marketing activities Award ceremony at the ECMA Congress 19th September 2013 in Dubrovnik High quality photography of all entries Videos of the judging for each category E-news to over 9.000 European contacts: brand owners, retailers and designers Press releases to key supply chain media in 22 countries Website publication on www.procarton.com, www.ecma.org, [&hellip;]\" \/>\n<meta property=\"og:url\" content=\"https:\/\/www.procarton.com\/de\/awards\/european-carton-excellence-award\/2013-2\/marketing\/\" \/>\n<meta property=\"og:site_name\" content=\"Pro Carton\" \/>\n<meta property=\"article:publisher\" content=\"https:\/\/www.facebook.com\/procartondesignaward\/\" \/>\n<meta property=\"article:modified_time\" content=\"2022-01-10T10:03:33+00:00\" \/>\n<meta name=\"twitter:card\" content=\"summary_large_image\" \/>\n<meta name=\"twitter:site\" content=\"@pro_carton\" \/>\n<meta name=\"twitter:label1\" content=\"Gesch\u00e4tzte Lesezeit\" \/>\n\t<meta name=\"twitter:data1\" content=\"1\u00a0Minute\" \/>\n<script type=\"application\/ld+json\" class=\"yoast-schema-graph\">{\"@context\":\"https:\\\/\\\/schema.org\",\"@graph\":[{\"@type\":\"WebPage\",\"@id\":\"https:\\\/\\\/www.procarton.com\\\/es\\\/awards\\\/european-carton-excellence-award\\\/2013-2\\\/marketing\\\/\",\"url\":\"https:\\\/\\\/www.procarton.com\\\/es\\\/awards\\\/european-carton-excellence-award\\\/2013-2\\\/marketing\\\/\",\"name\":\"Marketing - Pro Carton\",\"isPartOf\":{\"@id\":\"https:\\\/\\\/www.procarton.com\\\/es\\\/#website\"},\"datePublished\":\"2021-03-16T13:13:53+00:00\",\"dateModified\":\"2022-01-10T10:03:33+00:00\",\"breadcrumb\":{\"@id\":\"https:\\\/\\\/www.procarton.com\\\/es\\\/awards\\\/european-carton-excellence-award\\\/2013-2\\\/marketing\\\/#breadcrumb\"},\"inLanguage\":\"de\",\"potentialAction\":[{\"@type\":\"ReadAction\",\"target\":[\"https:\\\/\\\/www.procarton.com\\\/es\\\/awards\\\/european-carton-excellence-award\\\/2013-2\\\/marketing\\\/\"]}]},{\"@type\":\"BreadcrumbList\",\"@id\":\"https:\\\/\\\/www.procarton.com\\\/es\\\/awards\\\/european-carton-excellence-award\\\/2013-2\\\/marketing\\\/#breadcrumb\",\"itemListElement\":[{\"@type\":\"ListItem\",\"position\":1,\"name\":\"Home\",\"item\":\"https:\\\/\\\/www.procarton.com\\\/\"},{\"@type\":\"ListItem\",\"position\":2,\"name\":\"Awards\",\"item\":\"https:\\\/\\\/www.procarton.com\\\/awards\\\/\"},{\"@type\":\"ListItem\",\"position\":3,\"name\":\"European Carton Excellence Award\",\"item\":\"https:\\\/\\\/www.procarton.com\\\/awards\\\/european-carton-excellence-award\\\/\"},{\"@type\":\"ListItem\",\"position\":4,\"name\":\"2013\",\"item\":\"https:\\\/\\\/www.procarton.com\\\/es\\\/awards\\\/european-carton-excellence-award\\\/2013-2\\\/\"},{\"@type\":\"ListItem\",\"position\":5,\"name\":\"Marketing\"}]},{\"@type\":\"WebSite\",\"@id\":\"https:\\\/\\\/www.procarton.com\\\/es\\\/#website\",\"url\":\"https:\\\/\\\/www.procarton.com\\\/es\\\/\",\"name\":\"Pro Carton\",\"description\":\"\",\"publisher\":{\"@id\":\"https:\\\/\\\/www.procarton.com\\\/es\\\/#organization\"},\"potentialAction\":[{\"@type\":\"SearchAction\",\"target\":{\"@type\":\"EntryPoint\",\"urlTemplate\":\"https:\\\/\\\/www.procarton.com\\\/es\\\/?s={search_term_string}\"},\"query-input\":{\"@type\":\"PropertyValueSpecification\",\"valueRequired\":true,\"valueName\":\"search_term_string\"}}],\"inLanguage\":\"de\"},{\"@type\":\"Organization\",\"@id\":\"https:\\\/\\\/www.procarton.com\\\/es\\\/#organization\",\"name\":\"ProCarton\",\"url\":\"https:\\\/\\\/www.procarton.com\\\/es\\\/\",\"logo\":{\"@type\":\"ImageObject\",\"inLanguage\":\"de\",\"@id\":\"https:\\\/\\\/www.procarton.com\\\/es\\\/#\\\/schema\\\/logo\\\/image\\\/\",\"url\":\"https:\\\/\\\/www.procarton.com\\\/wp-content\\\/uploads\\\/2022\\\/06\\\/logo-mit-slogan.jpg\",\"contentUrl\":\"https:\\\/\\\/www.procarton.com\\\/wp-content\\\/uploads\\\/2022\\\/06\\\/logo-mit-slogan.jpg\",\"width\":422,\"height\":519,\"caption\":\"ProCarton\"},\"image\":{\"@id\":\"https:\\\/\\\/www.procarton.com\\\/es\\\/#\\\/schema\\\/logo\\\/image\\\/\"},\"sameAs\":[\"https:\\\/\\\/www.facebook.com\\\/procartondesignaward\\\/\",\"https:\\\/\\\/x.com\\\/pro_carton\"]}]}<\/script>\n<!-- \/ Yoast SEO plugin. -->","yoast_head_json":{"title":"Marketing - Pro Carton","robots":{"index":"index","follow":"follow","max-snippet":"max-snippet:-1","max-image-preview":"max-image-preview:large","max-video-preview":"max-video-preview:-1"},"canonical":"https:\/\/www.procarton.com\/de\/awards\/european-carton-excellence-award\/2013-2\/marketing\/","og_locale":"de_DE","og_type":"article","og_title":"Marketing - Pro Carton","og_description":"The Pro Carton marketing activities Award ceremony at the ECMA Congress 19th September 2013 in Dubrovnik High quality photography of all entries Videos of the judging for each category E-news to over 9.000 European contacts: brand owners, retailers and designers Press releases to key supply chain media in 22 countries Website publication on www.procarton.com, www.ecma.org, [&hellip;]","og_url":"https:\/\/www.procarton.com\/de\/awards\/european-carton-excellence-award\/2013-2\/marketing\/","og_site_name":"Pro Carton","article_publisher":"https:\/\/www.facebook.com\/procartondesignaward\/","article_modified_time":"2022-01-10T10:03:33+00:00","twitter_card":"summary_large_image","twitter_site":"@pro_carton","twitter_misc":{"Gesch\u00e4tzte Lesezeit":"1\u00a0Minute"},"schema":{"@context":"https:\/\/schema.org","@graph":[{"@type":"WebPage","@id":"https:\/\/www.procarton.com\/es\/awards\/european-carton-excellence-award\/2013-2\/marketing\/","url":"https:\/\/www.procarton.com\/es\/awards\/european-carton-excellence-award\/2013-2\/marketing\/","name":"Marketing - Pro Carton","isPartOf":{"@id":"https:\/\/www.procarton.com\/es\/#website"},"datePublished":"2021-03-16T13:13:53+00:00","dateModified":"2022-01-10T10:03:33+00:00","breadcrumb":{"@id":"https:\/\/www.procarton.com\/es\/awards\/european-carton-excellence-award\/2013-2\/marketing\/#breadcrumb"},"inLanguage":"de","potentialAction":[{"@type":"ReadAction","target":["https:\/\/www.procarton.com\/es\/awards\/european-carton-excellence-award\/2013-2\/marketing\/"]}]},{"@type":"BreadcrumbList","@id":"https:\/\/www.procarton.com\/es\/awards\/european-carton-excellence-award\/2013-2\/marketing\/#breadcrumb","itemListElement":[{"@type":"ListItem","position":1,"name":"Home","item":"https:\/\/www.procarton.com\/"},{"@type":"ListItem","position":2,"name":"Awards","item":"https:\/\/www.procarton.com\/awards\/"},{"@type":"ListItem","position":3,"name":"European Carton Excellence Award","item":"https:\/\/www.procarton.com\/awards\/european-carton-excellence-award\/"},{"@type":"ListItem","position":4,"name":"2013","item":"https:\/\/www.procarton.com\/es\/awards\/european-carton-excellence-award\/2013-2\/"},{"@type":"ListItem","position":5,"name":"Marketing"}]},{"@type":"WebSite","@id":"https:\/\/www.procarton.com\/es\/#website","url":"https:\/\/www.procarton.com\/es\/","name":"Pro Carton","description":"","publisher":{"@id":"https:\/\/www.procarton.com\/es\/#organization"},"potentialAction":[{"@type":"SearchAction","target":{"@type":"EntryPoint","urlTemplate":"https:\/\/www.procarton.com\/es\/?s={search_term_string}"},"query-input":{"@type":"PropertyValueSpecification","valueRequired":true,"valueName":"search_term_string"}}],"inLanguage":"de"},{"@type":"Organization","@id":"https:\/\/www.procarton.com\/es\/#organization","name":"ProCarton","url":"https:\/\/www.procarton.com\/es\/","logo":{"@type":"ImageObject","inLanguage":"de","@id":"https:\/\/www.procarton.com\/es\/#\/schema\/logo\/image\/","url":"https:\/\/www.procarton.com\/wp-content\/uploads\/2022\/06\/logo-mit-slogan.jpg","contentUrl":"https:\/\/www.procarton.com\/wp-content\/uploads\/2022\/06\/logo-mit-slogan.jpg","width":422,"height":519,"caption":"ProCarton"},"image":{"@id":"https:\/\/www.procarton.com\/es\/#\/schema\/logo\/image\/"},"sameAs":["https:\/\/www.facebook.com\/procartondesignaward\/","https:\/\/x.com\/pro_carton"]}]}},"_links":{"self":[{"href":"https:\/\/www.procarton.com\/de\/wp-json\/wp\/v2\/pages\/258534","targetHints":{"allow":["GET"]}}],"collection":[{"href":"https:\/\/www.procarton.com\/de\/wp-json\/wp\/v2\/pages"}],"about":[{"href":"https:\/\/www.procarton.com\/de\/wp-json\/wp\/v2\/types\/page"}],"author":[{"embeddable":true,"href":"https:\/\/www.procarton.com\/de\/wp-json\/wp\/v2\/users\/1"}],"replies":[{"embeddable":true,"href":"https:\/\/www.procarton.com\/de\/wp-json\/wp\/v2\/comments?post=258534"}],"version-history":[{"count":1,"href":"https:\/\/www.procarton.com\/de\/wp-json\/wp\/v2\/pages\/258534\/revisions"}],"predecessor-version":[{"id":272434,"href":"https:\/\/www.procarton.com\/de\/wp-json\/wp\/v2\/pages\/258534\/revisions\/272434"}],"up":[{"embeddable":true,"href":"https:\/\/www.procarton.com\/de\/wp-json\/wp\/v2\/pages\/258277"}],"wp:attachment":[{"href":"https:\/\/www.procarton.com\/de\/wp-json\/wp\/v2\/media?parent=258534"}],"curies":[{"name":"wp","href":"https:\/\/api.w.org\/{rel}","templated":true}]}}