{"id":258509,"date":"2021-03-16T13:01:41","date_gmt":"2021-03-16T13:01:41","guid":{"rendered":"\/awards\/european-carton-excellence-award\/2009\/jury\/"},"modified":"2022-01-10T09:36:13","modified_gmt":"2022-01-10T09:36:13","slug":"jury","status":"publish","type":"page","link":"https:\/\/www.procarton.com\/de\/awards\/european-carton-excellence-award\/2009-2\/jury\/","title":{"rendered":"Jury"},"content":{"rendered":"<p><strong>Seit der Bewertung der Beitr\u00e4ge f\u00fcr 2008 haben wir viele Turbulenzen in der Weltwirtschaft erlebt. F\u00fcr die Welt der Marken bedeutet dies, dass die Verbraucher nach kosteng\u00fcnstigeren Produkten suchen und die Markeninhaber nach reduzierten Verpackungskosten - oder nach einem zus\u00e4tzlichen Nutzen f\u00fcr den Verbraucher durch Verpackungsinnovationen.<\/strong><\/p>\r\n\r\n\r\n\r\n<p>Ich finde, dass Kartons wirklich kosteneffizient und nachhaltig sind und gleichzeitig ein perfektes Medium f\u00fcr die Markenkommunikation darstellen. Die verschiedenen Arten von Karton, Drucktechniken, Veredelungen, Pr\u00e4gungen usw., die zur Verf\u00fcgung stehen, sind wirklich bemerkenswert. Das bedeutet, dass wir als Designer und Markeninhaber jede Markenpers\u00f6nlichkeit, jedes Image und jede Markenpositionierung, die wir wollen, darstellen k\u00f6nnen. Etwas, das bei einigen anderen Verpackungsmaterialien aufgrund der Produktionsbeschr\u00e4nkungen nicht immer m\u00f6glich ist.<\/p>\r\n\r\n\r\n\r\n<p>Es gab Einsendungen mit einer Kartonkonstruktion, die wir schon einmal gesehen hatten, aber die zus\u00e4tzlichen Innovationen durch den Druck in Kombination mit einem anderen Verbraucherangebot erlaubten uns, die Verpackung anders zu betrachten. Eine bestehende Kartonkonstruktion, die jedoch anders pr\u00e4sentiert wird, ergibt also ein v\u00f6llig neues Angebot, das die Jury in Betracht ziehen kann.<\/p>\r\n\r\n\r\n\r\n<p>In diesem Jahr arbeiteten die Preisrichter h\u00e4rter als je zuvor und brauchten l\u00e4nger als je zuvor, bevor sie ihre Schlussfolgerungen und Entscheidungen trafen. Ich habe noch nie so viele Debatten \u00fcber so viele Beitr\u00e4ge erlebt, was f\u00fcr mich ein Zeichen f\u00fcr die Qualit\u00e4t der Beitr\u00e4ge war. Daher dauerte es l\u00e4nger als sonst, bis wir uns auf die Auswahlliste und den sp\u00e4teren Gewinner jeder Kategorie einigen konnten. Am Ende waren wir zwar m\u00fcde, aber gl\u00fccklich.<\/p>\r\n\r\n\r\n\r\n<p><em>Satkar Gidda<br \/>London, November 2009<\/em><\/p>\r\n\r\n\r\n\r\n<div class=\"wp-block-media-text alignwide is-stacked-on-mobile\">\r\n<figure class=\"wp-block-media-text__media\"><img loading=\"lazy\" decoding=\"async\" width=\"898\" height=\"1181\" class=\"wp-image-258400 size-full\" src=\"\/wp-content\/uploads\/2021\/03\/satkar_gidda_neu.jpg\" alt=\"\" srcset=\"https:\/\/www.procarton.com\/wp-content\/uploads\/2021\/03\/satkar_gidda_neu.jpg 898w, https:\/\/www.procarton.com\/wp-content\/uploads\/2021\/03\/satkar_gidda_neu-228x300.jpg 228w, https:\/\/www.procarton.com\/wp-content\/uploads\/2021\/03\/satkar_gidda_neu-783x1030.jpg 783w, https:\/\/www.procarton.com\/wp-content\/uploads\/2021\/03\/satkar_gidda_neu-768x1010.jpg 768w, https:\/\/www.procarton.com\/wp-content\/uploads\/2021\/03\/satkar_gidda_neu-9x12.jpg 9w, https:\/\/www.procarton.com\/wp-content\/uploads\/2021\/03\/satkar_gidda_neu-536x705.jpg 536w\" sizes=\"auto, (max-width: 898px) 100vw, 898px\" \/><\/figure>\r\n<div class=\"wp-block-media-text__content\">\r\n<h3 class=\"wp-block-heading\">SATKAR GIDDA<\/h3>\r\n\r\n\r\n\r\n<h4 class=\"wp-block-heading\">VORSITZENDER DER JURY<\/h4>\r\n\r\n\r\n\r\n<p>Satkar Gidda hat Betriebswirtschaft und Marketing studiert und war sechs Jahre lang in den Bereichen Vertrieb, Handelsmarketing und Markenmarketing f\u00fcr RHM Foods und Nestle t\u00e4tig, gefolgt von 30 Jahren als Vertriebs- und Marketingdirektor von SiebertHead, dem am l\u00e4ngsten bestehenden Beratungsunternehmen f\u00fcr Marken- und Verpackungsdesign in Gro\u00dfbritannien. Seit M\u00e4rz 2020 ist Satkar als unabh\u00e4ngiger Berater t\u00e4tig.<\/p>\r\n<\/div>\r\n<\/div>\r\n\r\n\r\n\r\n<div class=\"wp-block-media-text alignwide has-media-on-the-right is-stacked-on-mobile\">\r\n<figure class=\"wp-block-media-text__media\"><img loading=\"lazy\" decoding=\"async\" width=\"675\" height=\"844\" class=\"wp-image-258510 size-full\" src=\"\/wp-content\/uploads\/2021\/03\/sprokkelhorst.jpeg\" alt=\"\" srcset=\"https:\/\/www.procarton.com\/wp-content\/uploads\/2021\/03\/sprokkelhorst.jpeg 675w, https:\/\/www.procarton.com\/wp-content\/uploads\/2021\/03\/sprokkelhorst-240x300.jpeg 240w, https:\/\/www.procarton.com\/wp-content\/uploads\/2021\/03\/sprokkelhorst-10x12.jpeg 10w, https:\/\/www.procarton.com\/wp-content\/uploads\/2021\/03\/sprokkelhorst-564x705.jpeg 564w\" sizes=\"auto, (max-width: 675px) 100vw, 675px\" \/><\/figure>\r\n<div class=\"wp-block-media-text__content\">\r\n<h3 class=\"wp-block-heading\">PETER KLEIN SPROKKELHORST<\/h3>\r\n\r\n\r\n\r\n<h4 class=\"wp-block-heading\">BERATER DER JURY<\/h4>\r\n\r\n\r\n\r\n<p>Nach seiner Ausbildung zum Maschinenbauingenieur beschloss Peter Klein Sprokkelhorst, in die papierverarbeitende Industrie einzusteigen. Im Jahr 1982 wurde er Gesch\u00e4ftsf\u00fchrer von Zedek Deventer Holland (das heute zur Smurfit Kappa Gruppe geh\u00f6rt) und machte das Unternehmen zu einem wichtigen Display- und Verpackungslieferanten in Europa. Im Jahr 2008 ging er in den Ruhestand, ist aber mit 45 Jahren Erfahrung immer noch als unabh\u00e4ngiger Berater t\u00e4tig.<\/p>\r\n<\/div>\r\n<\/div>","protected":false},"excerpt":{"rendered":"<p>Since the judging of the 2008 entries, we have witnessed much turmoil in the global economy. In the world of brands it has meant that consumers are looking for lower cost products and brand owners are looking for reduced packaging costs \u2013 or additional value for the consumer through packaging innovation. I find that cartons [&hellip;]<\/p>\n","protected":false},"author":1,"featured_media":0,"parent":258281,"menu_order":1,"comment_status":"closed","ping_status":"closed","template":"templates\/award_details_page.php","meta":{"inline_featured_image":false,"footnotes":""},"class_list":["post-258509","page","type-page","status-publish","hentry"],"yoast_head":"<!-- This site is optimized with the Yoast SEO plugin v27.3 - https:\/\/yoast.com\/product\/yoast-seo-wordpress\/ -->\n<title>Jury - Pro Carton<\/title>\n<meta name=\"robots\" content=\"index, follow, max-snippet:-1, max-image-preview:large, max-video-preview:-1\" \/>\n<link rel=\"canonical\" href=\"https:\/\/www.procarton.com\/de\/awards\/european-carton-excellence-award\/2009-2\/jury\/\" \/>\n<meta property=\"og:locale\" content=\"de_DE\" \/>\n<meta property=\"og:type\" content=\"article\" \/>\n<meta property=\"og:title\" content=\"Jury - Pro Carton\" \/>\n<meta property=\"og:description\" content=\"Since the judging of the 2008 entries, we have witnessed much turmoil in the global economy. In the world of brands it has meant that consumers are looking for lower cost products and brand owners are looking for reduced packaging costs \u2013 or additional value for the consumer through packaging innovation. I find that cartons [&hellip;]\" \/>\n<meta property=\"og:url\" content=\"https:\/\/www.procarton.com\/de\/awards\/european-carton-excellence-award\/2009-2\/jury\/\" \/>\n<meta property=\"og:site_name\" content=\"Pro Carton\" \/>\n<meta property=\"article:publisher\" content=\"https:\/\/www.facebook.com\/procartondesignaward\/\" \/>\n<meta property=\"article:modified_time\" content=\"2022-01-10T09:36:13+00:00\" \/>\n<meta name=\"twitter:card\" content=\"summary_large_image\" \/>\n<meta name=\"twitter:site\" content=\"@pro_carton\" \/>\n<meta name=\"twitter:label1\" content=\"Gesch\u00e4tzte Lesezeit\" \/>\n\t<meta name=\"twitter:data1\" content=\"3\u00a0Minuten\" \/>\n<script type=\"application\/ld+json\" class=\"yoast-schema-graph\">{\"@context\":\"https:\\\/\\\/schema.org\",\"@graph\":[{\"@type\":\"WebPage\",\"@id\":\"https:\\\/\\\/www.procarton.com\\\/es\\\/awards\\\/european-carton-excellence-award\\\/2009-2\\\/jury\\\/\",\"url\":\"https:\\\/\\\/www.procarton.com\\\/es\\\/awards\\\/european-carton-excellence-award\\\/2009-2\\\/jury\\\/\",\"name\":\"Jury - Pro Carton\",\"isPartOf\":{\"@id\":\"https:\\\/\\\/www.procarton.com\\\/es\\\/#website\"},\"datePublished\":\"2021-03-16T13:01:41+00:00\",\"dateModified\":\"2022-01-10T09:36:13+00:00\",\"breadcrumb\":{\"@id\":\"https:\\\/\\\/www.procarton.com\\\/es\\\/awards\\\/european-carton-excellence-award\\\/2009-2\\\/jury\\\/#breadcrumb\"},\"inLanguage\":\"de\",\"potentialAction\":[{\"@type\":\"ReadAction\",\"target\":[\"https:\\\/\\\/www.procarton.com\\\/es\\\/awards\\\/european-carton-excellence-award\\\/2009-2\\\/jury\\\/\"]}]},{\"@type\":\"BreadcrumbList\",\"@id\":\"https:\\\/\\\/www.procarton.com\\\/es\\\/awards\\\/european-carton-excellence-award\\\/2009-2\\\/jury\\\/#breadcrumb\",\"itemListElement\":[{\"@type\":\"ListItem\",\"position\":1,\"name\":\"Home\",\"item\":\"https:\\\/\\\/www.procarton.com\\\/\"},{\"@type\":\"ListItem\",\"position\":2,\"name\":\"Awards\",\"item\":\"https:\\\/\\\/www.procarton.com\\\/awards\\\/\"},{\"@type\":\"ListItem\",\"position\":3,\"name\":\"European Carton Excellence Award\",\"item\":\"https:\\\/\\\/www.procarton.com\\\/awards\\\/european-carton-excellence-award\\\/\"},{\"@type\":\"ListItem\",\"position\":4,\"name\":\"2009\",\"item\":\"https:\\\/\\\/www.procarton.com\\\/es\\\/awards\\\/european-carton-excellence-award\\\/2009-2\\\/\"},{\"@type\":\"ListItem\",\"position\":5,\"name\":\"Jury\"}]},{\"@type\":\"WebSite\",\"@id\":\"https:\\\/\\\/www.procarton.com\\\/es\\\/#website\",\"url\":\"https:\\\/\\\/www.procarton.com\\\/es\\\/\",\"name\":\"Pro Carton\",\"description\":\"\",\"publisher\":{\"@id\":\"https:\\\/\\\/www.procarton.com\\\/es\\\/#organization\"},\"potentialAction\":[{\"@type\":\"SearchAction\",\"target\":{\"@type\":\"EntryPoint\",\"urlTemplate\":\"https:\\\/\\\/www.procarton.com\\\/es\\\/?s={search_term_string}\"},\"query-input\":{\"@type\":\"PropertyValueSpecification\",\"valueRequired\":true,\"valueName\":\"search_term_string\"}}],\"inLanguage\":\"de\"},{\"@type\":\"Organization\",\"@id\":\"https:\\\/\\\/www.procarton.com\\\/es\\\/#organization\",\"name\":\"ProCarton\",\"url\":\"https:\\\/\\\/www.procarton.com\\\/es\\\/\",\"logo\":{\"@type\":\"ImageObject\",\"inLanguage\":\"de\",\"@id\":\"https:\\\/\\\/www.procarton.com\\\/es\\\/#\\\/schema\\\/logo\\\/image\\\/\",\"url\":\"https:\\\/\\\/www.procarton.com\\\/wp-content\\\/uploads\\\/2022\\\/06\\\/logo-mit-slogan.jpg\",\"contentUrl\":\"https:\\\/\\\/www.procarton.com\\\/wp-content\\\/uploads\\\/2022\\\/06\\\/logo-mit-slogan.jpg\",\"width\":422,\"height\":519,\"caption\":\"ProCarton\"},\"image\":{\"@id\":\"https:\\\/\\\/www.procarton.com\\\/es\\\/#\\\/schema\\\/logo\\\/image\\\/\"},\"sameAs\":[\"https:\\\/\\\/www.facebook.com\\\/procartondesignaward\\\/\",\"https:\\\/\\\/x.com\\\/pro_carton\"]}]}<\/script>\n<!-- \/ Yoast SEO plugin. -->","yoast_head_json":{"title":"Jury - Pro Karton","robots":{"index":"index","follow":"follow","max-snippet":"max-snippet:-1","max-image-preview":"max-image-preview:large","max-video-preview":"max-video-preview:-1"},"canonical":"https:\/\/www.procarton.com\/de\/awards\/european-carton-excellence-award\/2009-2\/jury\/","og_locale":"de_DE","og_type":"article","og_title":"Jury - Pro Carton","og_description":"Since the judging of the 2008 entries, we have witnessed much turmoil in the global economy. In the world of brands it has meant that consumers are looking for lower cost products and brand owners are looking for reduced packaging costs \u2013 or additional value for the consumer through packaging innovation. I find that cartons [&hellip;]","og_url":"https:\/\/www.procarton.com\/de\/awards\/european-carton-excellence-award\/2009-2\/jury\/","og_site_name":"Pro Carton","article_publisher":"https:\/\/www.facebook.com\/procartondesignaward\/","article_modified_time":"2022-01-10T09:36:13+00:00","twitter_card":"summary_large_image","twitter_site":"@pro_carton","twitter_misc":{"Gesch\u00e4tzte Lesezeit":"3\u00a0Minuten"},"schema":{"@context":"https:\/\/schema.org","@graph":[{"@type":"WebPage","@id":"https:\/\/www.procarton.com\/es\/awards\/european-carton-excellence-award\/2009-2\/jury\/","url":"https:\/\/www.procarton.com\/es\/awards\/european-carton-excellence-award\/2009-2\/jury\/","name":"Jury - Pro Karton","isPartOf":{"@id":"https:\/\/www.procarton.com\/es\/#website"},"datePublished":"2021-03-16T13:01:41+00:00","dateModified":"2022-01-10T09:36:13+00:00","breadcrumb":{"@id":"https:\/\/www.procarton.com\/es\/awards\/european-carton-excellence-award\/2009-2\/jury\/#breadcrumb"},"inLanguage":"de","potentialAction":[{"@type":"ReadAction","target":["https:\/\/www.procarton.com\/es\/awards\/european-carton-excellence-award\/2009-2\/jury\/"]}]},{"@type":"BreadcrumbList","@id":"https:\/\/www.procarton.com\/es\/awards\/european-carton-excellence-award\/2009-2\/jury\/#breadcrumb","itemListElement":[{"@type":"ListItem","position":1,"name":"Home","item":"https:\/\/www.procarton.com\/"},{"@type":"ListItem","position":2,"name":"Awards","item":"https:\/\/www.procarton.com\/awards\/"},{"@type":"ListItem","position":3,"name":"European Carton Excellence Award","item":"https:\/\/www.procarton.com\/awards\/european-carton-excellence-award\/"},{"@type":"ListItem","position":4,"name":"2009","item":"https:\/\/www.procarton.com\/es\/awards\/european-carton-excellence-award\/2009-2\/"},{"@type":"ListItem","position":5,"name":"Jury"}]},{"@type":"WebSite","@id":"https:\/\/www.procarton.com\/es\/#website","url":"https:\/\/www.procarton.com\/es\/","name":"Pro Carton","description":"","publisher":{"@id":"https:\/\/www.procarton.com\/es\/#organization"},"potentialAction":[{"@type":"SearchAction","target":{"@type":"EntryPoint","urlTemplate":"https:\/\/www.procarton.com\/es\/?s={search_term_string}"},"query-input":{"@type":"PropertyValueSpecification","valueRequired":true,"valueName":"search_term_string"}}],"inLanguage":"de"},{"@type":"Organization","@id":"https:\/\/www.procarton.com\/es\/#organization","name":"ProCarton","url":"https:\/\/www.procarton.com\/es\/","logo":{"@type":"ImageObject","inLanguage":"de","@id":"https:\/\/www.procarton.com\/es\/#\/schema\/logo\/image\/","url":"https:\/\/www.procarton.com\/wp-content\/uploads\/2022\/06\/logo-mit-slogan.jpg","contentUrl":"https:\/\/www.procarton.com\/wp-content\/uploads\/2022\/06\/logo-mit-slogan.jpg","width":422,"height":519,"caption":"ProCarton"},"image":{"@id":"https:\/\/www.procarton.com\/es\/#\/schema\/logo\/image\/"},"sameAs":["https:\/\/www.facebook.com\/procartondesignaward\/","https:\/\/x.com\/pro_carton"]}]}},"_links":{"self":[{"href":"https:\/\/www.procarton.com\/de\/wp-json\/wp\/v2\/pages\/258509","targetHints":{"allow":["GET"]}}],"collection":[{"href":"https:\/\/www.procarton.com\/de\/wp-json\/wp\/v2\/pages"}],"about":[{"href":"https:\/\/www.procarton.com\/de\/wp-json\/wp\/v2\/types\/page"}],"author":[{"embeddable":true,"href":"https:\/\/www.procarton.com\/de\/wp-json\/wp\/v2\/users\/1"}],"replies":[{"embeddable":true,"href":"https:\/\/www.procarton.com\/de\/wp-json\/wp\/v2\/comments?post=258509"}],"version-history":[{"count":2,"href":"https:\/\/www.procarton.com\/de\/wp-json\/wp\/v2\/pages\/258509\/revisions"}],"predecessor-version":[{"id":272399,"href":"https:\/\/www.procarton.com\/de\/wp-json\/wp\/v2\/pages\/258509\/revisions\/272399"}],"up":[{"embeddable":true,"href":"https:\/\/www.procarton.com\/de\/wp-json\/wp\/v2\/pages\/258281"}],"wp:attachment":[{"href":"https:\/\/www.procarton.com\/de\/wp-json\/wp\/v2\/media?parent=258509"}],"curies":[{"name":"wp","href":"https:\/\/api.w.org\/{rel}","templated":true}]}}