{"id":258501,"date":"2021-03-16T12:57:27","date_gmt":"2021-03-16T12:57:27","guid":{"rendered":"\/awards\/european-carton-excellence-award\/2007\/jury\/"},"modified":"2022-01-10T09:28:55","modified_gmt":"2022-01-10T09:28:55","slug":"jury","status":"publish","type":"page","link":"https:\/\/www.procarton.com\/de\/awards\/european-carton-excellence-award\/2007-2\/jury\/","title":{"rendered":"Jury"},"content":{"rendered":"<p><strong><br \/>Kommentare von Satkar Gidda - Vorsitzender der Jury<\/strong><br \/>Die Zeit der Jurierung ist eine Zeit voller Aufregung und Angst vor dem, was vor uns liegt. Als wir den Raum voller Kartonverpackungen betreten und bevor die eigentliche Bewertungssitzung beginnt, machen wir sofort einen Rundgang durch die Beitr\u00e4ge, um zu sehen, welche neuen und innovativen Beitr\u00e4ge es gibt. Wir wurden nicht entt\u00e4uscht. Qualitativ hochwertige Beitr\u00e4ge erschweren die Beurteilung, und das ist genau das, was wir wollen. In diesem Zusammenhang m\u00f6chte ich auch den Juroren f\u00fcr ihre Hilfe, ihren Beitrag und ihre Kommentare danken. Eine Jury, die als Team arbeitet, funktioniert unglaublich gut.<\/p>\r\n\r\n\r\n\r\n<p>Angesichts der zunehmenden Sorge um die Umwelt und die Nachhaltigkeit ist Karton wirklich die Zukunft der Verpackung. Welches andere Medium erf\u00fcllt dieses Bed\u00fcrfnis so perfekt oder, wie wir im Vereinigten K\u00f6nigreich sagen, erf\u00fcllt alle Kriterien (kein Wortspiel beabsichtigt), wenn es um Verpackungen geht? Immer mehr Aufmerksamkeit wird auf die Menge des Verpackungsm\u00fclls gerichtet, und da die Jury eine Reihe von Beitr\u00e4gen bemerkte, die dem Faktor Nachhaltigkeit\" entsprachen, machte sie den bewundernswerten Vorschlag, eine eigene Kategorie f\u00fcr diesen Bereich zu schaffen. Dies ist ein gro\u00dfartiger Schritt, da er es der Kartonindustrie erm\u00f6glicht, einen der Hauptvorteile von Karton zu signalisieren und in gewisser Weise eine Vorreiterrolle zu \u00fcbernehmen, wenn es um Umweltfragen geht.<\/p>\r\n\r\n\r\n\r\n<p>Ich m\u00f6chte noch einmal allen Herstellern von Kartonverpackungen raten, weiterhin innovativ zu sein und die Grenzen dessen, was mit Karton erreicht werden kann, zu erweitern. Ich kann Ihnen versichern, dass Ihre Kunden genau das wollen. Ebenso wie die Verbraucher, die das verpackte Produkt letztendlich kaufen. Diese Verbraucher ver\u00e4ndern sich st\u00e4ndig und werden von immer neuen Trends beeinflusst. Letztlich ist es unsere gemeinsame Aufgabe, Verpackungskommunikation zu produzieren, die das Zielpublikum - den Endverbraucher - anspricht.<\/p>\r\n\r\n\r\n\r\n<p><em>Satkar Gidda<br \/>London September 2007<\/em><\/p>\r\n\r\n\r\n\r\n<div class=\"wp-block-media-text alignwide is-stacked-on-mobile\">\r\n<figure class=\"wp-block-media-text__media\"><img loading=\"lazy\" decoding=\"async\" width=\"898\" height=\"1181\" class=\"wp-image-258400 size-full\" src=\"\/wp-content\/uploads\/2021\/03\/satkar_gidda_neu.jpg\" alt=\"\" srcset=\"https:\/\/www.procarton.com\/wp-content\/uploads\/2021\/03\/satkar_gidda_neu.jpg 898w, https:\/\/www.procarton.com\/wp-content\/uploads\/2021\/03\/satkar_gidda_neu-228x300.jpg 228w, https:\/\/www.procarton.com\/wp-content\/uploads\/2021\/03\/satkar_gidda_neu-783x1030.jpg 783w, https:\/\/www.procarton.com\/wp-content\/uploads\/2021\/03\/satkar_gidda_neu-768x1010.jpg 768w, https:\/\/www.procarton.com\/wp-content\/uploads\/2021\/03\/satkar_gidda_neu-9x12.jpg 9w, https:\/\/www.procarton.com\/wp-content\/uploads\/2021\/03\/satkar_gidda_neu-536x705.jpg 536w\" sizes=\"auto, (max-width: 898px) 100vw, 898px\" \/><\/figure>\r\n<div class=\"wp-block-media-text__content\">\r\n<h3 class=\"wp-block-heading\">SATKAR GIDDA<\/h3>\r\n\r\n\r\n\r\n<h4 class=\"wp-block-heading\">VORSITZENDER DER JURY<\/h4>\r\n\r\n\r\n\r\n<p>Satkar Gidda hat Betriebswirtschaft und Marketing studiert und war sechs Jahre lang in den Bereichen Vertrieb, Handelsmarketing und Markenmarketing f\u00fcr RHM Foods und Nestle t\u00e4tig, gefolgt von 30 Jahren als Vertriebs- und Marketingdirektor von SiebertHead, dem am l\u00e4ngsten bestehenden Beratungsunternehmen f\u00fcr Marken- und Verpackungsdesign in Gro\u00dfbritannien. Seit M\u00e4rz 2020 ist Satkar als unabh\u00e4ngiger Berater t\u00e4tig.<\/p>\r\n<\/div>\r\n<\/div>","protected":false},"excerpt":{"rendered":"<p>Comments from Satkar Gidda \u2013 Chairman of the JuryJudging time is one full of excitement and apprehension at what lies ahead. As we enter the room full of carton packs and before the proper judging session starts, we immediately do a rapid tour of the entries to see what novel and innovative entries there have [&hellip;]<\/p>\n","protected":false},"author":1,"featured_media":0,"parent":258283,"menu_order":1,"comment_status":"closed","ping_status":"closed","template":"templates\/award_details_page.php","meta":{"inline_featured_image":false,"footnotes":""},"class_list":["post-258501","page","type-page","status-publish","hentry"],"yoast_head":"<!-- This site is optimized with the Yoast SEO plugin v27.4 - https:\/\/yoast.com\/product\/yoast-seo-wordpress\/ -->\n<title>Jury - Pro Carton<\/title>\n<meta name=\"robots\" content=\"index, follow, max-snippet:-1, max-image-preview:large, max-video-preview:-1\" \/>\n<link rel=\"canonical\" href=\"https:\/\/www.procarton.com\/de\/awards\/european-carton-excellence-award\/2007-2\/jury\/\" \/>\n<meta property=\"og:locale\" content=\"de_DE\" \/>\n<meta property=\"og:type\" content=\"article\" \/>\n<meta property=\"og:title\" content=\"Jury - Pro Carton\" \/>\n<meta property=\"og:description\" content=\"Comments from Satkar Gidda \u2013 Chairman of the JuryJudging time is one full of excitement and apprehension at what lies ahead. As we enter the room full of carton packs and before the proper judging session starts, we immediately do a rapid tour of the entries to see what novel and innovative entries there have [&hellip;]\" \/>\n<meta property=\"og:url\" content=\"https:\/\/www.procarton.com\/de\/awards\/european-carton-excellence-award\/2007-2\/jury\/\" \/>\n<meta property=\"og:site_name\" content=\"Pro Carton\" \/>\n<meta property=\"article:publisher\" content=\"https:\/\/www.facebook.com\/procartondesignaward\/\" \/>\n<meta property=\"article:modified_time\" content=\"2022-01-10T09:28:55+00:00\" \/>\n<meta name=\"twitter:card\" content=\"summary_large_image\" \/>\n<meta name=\"twitter:site\" content=\"@pro_carton\" \/>\n<meta name=\"twitter:label1\" content=\"Gesch\u00e4tzte Lesezeit\" \/>\n\t<meta name=\"twitter:data1\" content=\"2\u00a0Minuten\" \/>\n<script type=\"application\/ld+json\" class=\"yoast-schema-graph\">{\"@context\":\"https:\\\/\\\/schema.org\",\"@graph\":[{\"@type\":\"WebPage\",\"@id\":\"https:\\\/\\\/www.procarton.com\\\/es\\\/awards\\\/european-carton-excellence-award\\\/2007-2\\\/jury\\\/\",\"url\":\"https:\\\/\\\/www.procarton.com\\\/es\\\/awards\\\/european-carton-excellence-award\\\/2007-2\\\/jury\\\/\",\"name\":\"Jury - Pro Carton\",\"isPartOf\":{\"@id\":\"https:\\\/\\\/www.procarton.com\\\/es\\\/#website\"},\"datePublished\":\"2021-03-16T12:57:27+00:00\",\"dateModified\":\"2022-01-10T09:28:55+00:00\",\"breadcrumb\":{\"@id\":\"https:\\\/\\\/www.procarton.com\\\/es\\\/awards\\\/european-carton-excellence-award\\\/2007-2\\\/jury\\\/#breadcrumb\"},\"inLanguage\":\"de\",\"potentialAction\":[{\"@type\":\"ReadAction\",\"target\":[\"https:\\\/\\\/www.procarton.com\\\/es\\\/awards\\\/european-carton-excellence-award\\\/2007-2\\\/jury\\\/\"]}]},{\"@type\":\"BreadcrumbList\",\"@id\":\"https:\\\/\\\/www.procarton.com\\\/es\\\/awards\\\/european-carton-excellence-award\\\/2007-2\\\/jury\\\/#breadcrumb\",\"itemListElement\":[{\"@type\":\"ListItem\",\"position\":1,\"name\":\"Home\",\"item\":\"https:\\\/\\\/www.procarton.com\\\/\"},{\"@type\":\"ListItem\",\"position\":2,\"name\":\"Awards\",\"item\":\"https:\\\/\\\/www.procarton.com\\\/awards\\\/\"},{\"@type\":\"ListItem\",\"position\":3,\"name\":\"European Carton Excellence Award\",\"item\":\"https:\\\/\\\/www.procarton.com\\\/awards\\\/european-carton-excellence-award\\\/\"},{\"@type\":\"ListItem\",\"position\":4,\"name\":\"2007\",\"item\":\"https:\\\/\\\/www.procarton.com\\\/es\\\/awards\\\/european-carton-excellence-award\\\/2007-2\\\/\"},{\"@type\":\"ListItem\",\"position\":5,\"name\":\"Jury\"}]},{\"@type\":\"WebSite\",\"@id\":\"https:\\\/\\\/www.procarton.com\\\/es\\\/#website\",\"url\":\"https:\\\/\\\/www.procarton.com\\\/es\\\/\",\"name\":\"Pro Carton\",\"description\":\"\",\"publisher\":{\"@id\":\"https:\\\/\\\/www.procarton.com\\\/es\\\/#organization\"},\"potentialAction\":[{\"@type\":\"SearchAction\",\"target\":{\"@type\":\"EntryPoint\",\"urlTemplate\":\"https:\\\/\\\/www.procarton.com\\\/es\\\/?s={search_term_string}\"},\"query-input\":{\"@type\":\"PropertyValueSpecification\",\"valueRequired\":true,\"valueName\":\"search_term_string\"}}],\"inLanguage\":\"de\"},{\"@type\":\"Organization\",\"@id\":\"https:\\\/\\\/www.procarton.com\\\/es\\\/#organization\",\"name\":\"ProCarton\",\"url\":\"https:\\\/\\\/www.procarton.com\\\/es\\\/\",\"logo\":{\"@type\":\"ImageObject\",\"inLanguage\":\"de\",\"@id\":\"https:\\\/\\\/www.procarton.com\\\/es\\\/#\\\/schema\\\/logo\\\/image\\\/\",\"url\":\"https:\\\/\\\/www.procarton.com\\\/wp-content\\\/uploads\\\/2022\\\/06\\\/logo-mit-slogan.jpg\",\"contentUrl\":\"https:\\\/\\\/www.procarton.com\\\/wp-content\\\/uploads\\\/2022\\\/06\\\/logo-mit-slogan.jpg\",\"width\":422,\"height\":519,\"caption\":\"ProCarton\"},\"image\":{\"@id\":\"https:\\\/\\\/www.procarton.com\\\/es\\\/#\\\/schema\\\/logo\\\/image\\\/\"},\"sameAs\":[\"https:\\\/\\\/www.facebook.com\\\/procartondesignaward\\\/\",\"https:\\\/\\\/x.com\\\/pro_carton\"]}]}<\/script>\n<!-- \/ Yoast SEO plugin. -->","yoast_head_json":{"title":"Jury - Pro Karton","robots":{"index":"index","follow":"follow","max-snippet":"max-snippet:-1","max-image-preview":"max-image-preview:large","max-video-preview":"max-video-preview:-1"},"canonical":"https:\/\/www.procarton.com\/de\/awards\/european-carton-excellence-award\/2007-2\/jury\/","og_locale":"de_DE","og_type":"article","og_title":"Jury - Pro Carton","og_description":"Comments from Satkar Gidda \u2013 Chairman of the JuryJudging time is one full of excitement and apprehension at what lies ahead. As we enter the room full of carton packs and before the proper judging session starts, we immediately do a rapid tour of the entries to see what novel and innovative entries there have [&hellip;]","og_url":"https:\/\/www.procarton.com\/de\/awards\/european-carton-excellence-award\/2007-2\/jury\/","og_site_name":"Pro Carton","article_publisher":"https:\/\/www.facebook.com\/procartondesignaward\/","article_modified_time":"2022-01-10T09:28:55+00:00","twitter_card":"summary_large_image","twitter_site":"@pro_carton","twitter_misc":{"Gesch\u00e4tzte Lesezeit":"2\u00a0Minuten"},"schema":{"@context":"https:\/\/schema.org","@graph":[{"@type":"WebPage","@id":"https:\/\/www.procarton.com\/es\/awards\/european-carton-excellence-award\/2007-2\/jury\/","url":"https:\/\/www.procarton.com\/es\/awards\/european-carton-excellence-award\/2007-2\/jury\/","name":"Jury - Pro Karton","isPartOf":{"@id":"https:\/\/www.procarton.com\/es\/#website"},"datePublished":"2021-03-16T12:57:27+00:00","dateModified":"2022-01-10T09:28:55+00:00","breadcrumb":{"@id":"https:\/\/www.procarton.com\/es\/awards\/european-carton-excellence-award\/2007-2\/jury\/#breadcrumb"},"inLanguage":"de","potentialAction":[{"@type":"ReadAction","target":["https:\/\/www.procarton.com\/es\/awards\/european-carton-excellence-award\/2007-2\/jury\/"]}]},{"@type":"BreadcrumbList","@id":"https:\/\/www.procarton.com\/es\/awards\/european-carton-excellence-award\/2007-2\/jury\/#breadcrumb","itemListElement":[{"@type":"ListItem","position":1,"name":"Home","item":"https:\/\/www.procarton.com\/"},{"@type":"ListItem","position":2,"name":"Awards","item":"https:\/\/www.procarton.com\/awards\/"},{"@type":"ListItem","position":3,"name":"European Carton Excellence Award","item":"https:\/\/www.procarton.com\/awards\/european-carton-excellence-award\/"},{"@type":"ListItem","position":4,"name":"2007","item":"https:\/\/www.procarton.com\/es\/awards\/european-carton-excellence-award\/2007-2\/"},{"@type":"ListItem","position":5,"name":"Jury"}]},{"@type":"WebSite","@id":"https:\/\/www.procarton.com\/es\/#website","url":"https:\/\/www.procarton.com\/es\/","name":"Pro Carton","description":"","publisher":{"@id":"https:\/\/www.procarton.com\/es\/#organization"},"potentialAction":[{"@type":"SearchAction","target":{"@type":"EntryPoint","urlTemplate":"https:\/\/www.procarton.com\/es\/?s={search_term_string}"},"query-input":{"@type":"PropertyValueSpecification","valueRequired":true,"valueName":"search_term_string"}}],"inLanguage":"de"},{"@type":"Organization","@id":"https:\/\/www.procarton.com\/es\/#organization","name":"ProCarton","url":"https:\/\/www.procarton.com\/es\/","logo":{"@type":"ImageObject","inLanguage":"de","@id":"https:\/\/www.procarton.com\/es\/#\/schema\/logo\/image\/","url":"https:\/\/www.procarton.com\/wp-content\/uploads\/2022\/06\/logo-mit-slogan.jpg","contentUrl":"https:\/\/www.procarton.com\/wp-content\/uploads\/2022\/06\/logo-mit-slogan.jpg","width":422,"height":519,"caption":"ProCarton"},"image":{"@id":"https:\/\/www.procarton.com\/es\/#\/schema\/logo\/image\/"},"sameAs":["https:\/\/www.facebook.com\/procartondesignaward\/","https:\/\/x.com\/pro_carton"]}]}},"_links":{"self":[{"href":"https:\/\/www.procarton.com\/de\/wp-json\/wp\/v2\/pages\/258501","targetHints":{"allow":["GET"]}}],"collection":[{"href":"https:\/\/www.procarton.com\/de\/wp-json\/wp\/v2\/pages"}],"about":[{"href":"https:\/\/www.procarton.com\/de\/wp-json\/wp\/v2\/types\/page"}],"author":[{"embeddable":true,"href":"https:\/\/www.procarton.com\/de\/wp-json\/wp\/v2\/users\/1"}],"replies":[{"embeddable":true,"href":"https:\/\/www.procarton.com\/de\/wp-json\/wp\/v2\/comments?post=258501"}],"version-history":[{"count":2,"href":"https:\/\/www.procarton.com\/de\/wp-json\/wp\/v2\/pages\/258501\/revisions"}],"predecessor-version":[{"id":272387,"href":"https:\/\/www.procarton.com\/de\/wp-json\/wp\/v2\/pages\/258501\/revisions\/272387"}],"up":[{"embeddable":true,"href":"https:\/\/www.procarton.com\/de\/wp-json\/wp\/v2\/pages\/258283"}],"wp:attachment":[{"href":"https:\/\/www.procarton.com\/de\/wp-json\/wp\/v2\/media?parent=258501"}],"curies":[{"name":"wp","href":"https:\/\/api.w.org\/{rel}","templated":true}]}}