{"id":258495,"date":"2021-03-16T12:53:57","date_gmt":"2021-03-16T12:53:57","guid":{"rendered":"\/awards\/european-carton-excellence-award\/2006\/jury\/"},"modified":"2022-01-10T09:22:08","modified_gmt":"2022-01-10T09:22:08","slug":"jury","status":"publish","type":"page","link":"https:\/\/www.procarton.com\/de\/awards\/european-carton-excellence-award\/2006-2\/jury\/","title":{"rendered":"Jury"},"content":{"rendered":"<p>Es war mir ein Vergn\u00fcgen, in den letzten 5 Jahren der Jury anzugeh\u00f6ren, und jetzt erst recht als Vorsitzender. Als Preisrichtergremium sind meine Kollegen und ich immer sehr gespannt auf die Sichtung der Beitr\u00e4ge. Auch in diesem Jahr wurden wir nicht entt\u00e4uscht, denn das Niveau der Einsendungen war wieder einmal hoch.<\/p>\r\n\r\n\r\n\r\n<p>Mir war es immer sehr wichtig, die Beitr\u00e4ge so zu bewerten, wie derjenige, der sie im Einzelhandel kaufen w\u00fcrde - der Verbraucher. Meiner Meinung nach ist es so wichtig, ein Verpackungsdesign zu entwerfen, das in erster Linie den Verbraucher anspricht und dann nat\u00fcrlich auch die Anforderungen des Handels und der Hersteller erf\u00fcllt.<\/p>\r\n\r\n\r\n\r\n<p>Die Beitr\u00e4ge sind zahlreicher, sorgf\u00e4ltiger durchdacht und werden in den Hintergrundpapieren, die jedem Beitrag beiliegen, besser beschrieben. Letzteres ist sehr wichtig, damit die Preisrichter genau verstehen, was der Teilnehmer geschaffen hat, die Vorteile und den Nutzen, das Innenleben und die Feinheiten in Konstruktion und Ausf\u00fchrung, die auf den ersten Blick vielleicht nicht erkennbar sind.<\/p>\r\n\r\n\r\n\r\n<p>Interessanterweise sehe ich in den Regalen viele Kartonverpackungen, die ganz klar in diesen Wettbewerb geh\u00f6ren, aber nie auftauchen. Ein kurzer Blick in die Duty-Free-Shops an Flugh\u00e4fen offenbart einige erstaunliche Kartonverpackungen. Es wird eindeutig gro\u00dfartige Arbeit mit Karton geleistet, und wir m\u00fcssen dies dem Rest der Welt zeigen. Lassen Sie uns also f\u00fcr die Zukunft all die gro\u00dfartigen Arbeiten ber\u00fccksichtigen und gr\u00f6\u00dfere Anstrengungen unternehmen, um an den Preisverleihungen teilzunehmen und das hohe Ma\u00df an Kreativit\u00e4t zu zeigen, das wir in unserer Region unter Verwendung von Karton als Rohmaterial haben. Schlie\u00dflich wollen wir den anderen L\u00e4ndern zeigen, dass wir die Besten sind - oder etwa nicht?<\/p>\r\n\r\n\r\n\r\n<p><em>Satkar Gidda - London August 2006<\/em><\/p>\r\n\r\n\r\n\r\n<div class=\"wp-block-media-text alignwide is-stacked-on-mobile\">\r\n<figure class=\"wp-block-media-text__media\"><img loading=\"lazy\" decoding=\"async\" width=\"898\" height=\"1181\" class=\"wp-image-258400 size-full\" src=\"\/wp-content\/uploads\/2021\/03\/satkar_gidda_neu.jpg\" alt=\"\" srcset=\"https:\/\/www.procarton.com\/wp-content\/uploads\/2021\/03\/satkar_gidda_neu.jpg 898w, https:\/\/www.procarton.com\/wp-content\/uploads\/2021\/03\/satkar_gidda_neu-228x300.jpg 228w, https:\/\/www.procarton.com\/wp-content\/uploads\/2021\/03\/satkar_gidda_neu-783x1030.jpg 783w, https:\/\/www.procarton.com\/wp-content\/uploads\/2021\/03\/satkar_gidda_neu-768x1010.jpg 768w, https:\/\/www.procarton.com\/wp-content\/uploads\/2021\/03\/satkar_gidda_neu-9x12.jpg 9w, https:\/\/www.procarton.com\/wp-content\/uploads\/2021\/03\/satkar_gidda_neu-536x705.jpg 536w\" sizes=\"auto, (max-width: 898px) 100vw, 898px\" \/><\/figure>\r\n<div class=\"wp-block-media-text__content\">\r\n<h3 class=\"wp-block-heading\">SATKAR GIDDA<\/h3>\r\n\r\n\r\n\r\n<h4 class=\"wp-block-heading\">VORSITZENDER DER JURY<\/h4>\r\n\r\n\r\n\r\n<p>Satkar Gidda hat Betriebswirtschaft und Marketing studiert und war sechs Jahre lang in den Bereichen Vertrieb, Handelsmarketing und Markenmarketing f\u00fcr RHM Foods und Nestle t\u00e4tig, gefolgt von 30 Jahren als Vertriebs- und Marketingdirektor von SiebertHead, dem am l\u00e4ngsten bestehenden Beratungsunternehmen f\u00fcr Marken- und Verpackungsdesign in Gro\u00dfbritannien. Seit M\u00e4rz 2020 ist Satkar als unabh\u00e4ngiger Berater t\u00e4tig.<\/p>\r\n<\/div>\r\n<\/div>","protected":false},"excerpt":{"rendered":"<p>It has been a pleasure to be part of the judging panel for the last 5 years and more so now as Chairman. As a judging panel, my fellow judges and I always eagerly anticipate the viewing of the entries. This year as well as in previous years, we were not disappointed as the entry [&hellip;]<\/p>\n","protected":false},"author":1,"featured_media":0,"parent":258284,"menu_order":2,"comment_status":"closed","ping_status":"closed","template":"templates\/award_details_page.php","meta":{"inline_featured_image":false,"footnotes":""},"class_list":["post-258495","page","type-page","status-publish","hentry"],"yoast_head":"<!-- This site is optimized with the Yoast SEO plugin v27.4 - https:\/\/yoast.com\/product\/yoast-seo-wordpress\/ -->\n<title>Jury - Pro Carton<\/title>\n<meta name=\"robots\" content=\"index, follow, max-snippet:-1, max-image-preview:large, max-video-preview:-1\" \/>\n<link rel=\"canonical\" href=\"https:\/\/www.procarton.com\/de\/awards\/european-carton-excellence-award\/2006-2\/jury\/\" \/>\n<meta property=\"og:locale\" content=\"de_DE\" \/>\n<meta property=\"og:type\" content=\"article\" \/>\n<meta property=\"og:title\" content=\"Jury - Pro Carton\" \/>\n<meta property=\"og:description\" content=\"It has been a pleasure to be part of the judging panel for the last 5 years and more so now as Chairman. As a judging panel, my fellow judges and I always eagerly anticipate the viewing of the entries. This year as well as in previous years, we were not disappointed as the entry [&hellip;]\" \/>\n<meta property=\"og:url\" content=\"https:\/\/www.procarton.com\/de\/awards\/european-carton-excellence-award\/2006-2\/jury\/\" \/>\n<meta property=\"og:site_name\" content=\"Pro Carton\" \/>\n<meta property=\"article:publisher\" content=\"https:\/\/www.facebook.com\/procartondesignaward\/\" \/>\n<meta property=\"article:modified_time\" content=\"2022-01-10T09:22:08+00:00\" \/>\n<meta name=\"twitter:card\" content=\"summary_large_image\" \/>\n<meta name=\"twitter:site\" content=\"@pro_carton\" \/>\n<meta name=\"twitter:label1\" content=\"Gesch\u00e4tzte Lesezeit\" \/>\n\t<meta name=\"twitter:data1\" content=\"2\u00a0Minuten\" \/>\n<script type=\"application\/ld+json\" class=\"yoast-schema-graph\">{\"@context\":\"https:\\\/\\\/schema.org\",\"@graph\":[{\"@type\":\"WebPage\",\"@id\":\"https:\\\/\\\/www.procarton.com\\\/es\\\/awards\\\/european-carton-excellence-award\\\/2006-2\\\/jury\\\/\",\"url\":\"https:\\\/\\\/www.procarton.com\\\/es\\\/awards\\\/european-carton-excellence-award\\\/2006-2\\\/jury\\\/\",\"name\":\"Jury - Pro Carton\",\"isPartOf\":{\"@id\":\"https:\\\/\\\/www.procarton.com\\\/es\\\/#website\"},\"datePublished\":\"2021-03-16T12:53:57+00:00\",\"dateModified\":\"2022-01-10T09:22:08+00:00\",\"breadcrumb\":{\"@id\":\"https:\\\/\\\/www.procarton.com\\\/es\\\/awards\\\/european-carton-excellence-award\\\/2006-2\\\/jury\\\/#breadcrumb\"},\"inLanguage\":\"de\",\"potentialAction\":[{\"@type\":\"ReadAction\",\"target\":[\"https:\\\/\\\/www.procarton.com\\\/es\\\/awards\\\/european-carton-excellence-award\\\/2006-2\\\/jury\\\/\"]}]},{\"@type\":\"BreadcrumbList\",\"@id\":\"https:\\\/\\\/www.procarton.com\\\/es\\\/awards\\\/european-carton-excellence-award\\\/2006-2\\\/jury\\\/#breadcrumb\",\"itemListElement\":[{\"@type\":\"ListItem\",\"position\":1,\"name\":\"Home\",\"item\":\"https:\\\/\\\/www.procarton.com\\\/\"},{\"@type\":\"ListItem\",\"position\":2,\"name\":\"Awards\",\"item\":\"https:\\\/\\\/www.procarton.com\\\/awards\\\/\"},{\"@type\":\"ListItem\",\"position\":3,\"name\":\"European Carton Excellence Award\",\"item\":\"https:\\\/\\\/www.procarton.com\\\/awards\\\/european-carton-excellence-award\\\/\"},{\"@type\":\"ListItem\",\"position\":4,\"name\":\"2006\",\"item\":\"https:\\\/\\\/www.procarton.com\\\/es\\\/awards\\\/european-carton-excellence-award\\\/2006-2\\\/\"},{\"@type\":\"ListItem\",\"position\":5,\"name\":\"Jury\"}]},{\"@type\":\"WebSite\",\"@id\":\"https:\\\/\\\/www.procarton.com\\\/es\\\/#website\",\"url\":\"https:\\\/\\\/www.procarton.com\\\/es\\\/\",\"name\":\"Pro Carton\",\"description\":\"\",\"publisher\":{\"@id\":\"https:\\\/\\\/www.procarton.com\\\/es\\\/#organization\"},\"potentialAction\":[{\"@type\":\"SearchAction\",\"target\":{\"@type\":\"EntryPoint\",\"urlTemplate\":\"https:\\\/\\\/www.procarton.com\\\/es\\\/?s={search_term_string}\"},\"query-input\":{\"@type\":\"PropertyValueSpecification\",\"valueRequired\":true,\"valueName\":\"search_term_string\"}}],\"inLanguage\":\"de\"},{\"@type\":\"Organization\",\"@id\":\"https:\\\/\\\/www.procarton.com\\\/es\\\/#organization\",\"name\":\"ProCarton\",\"url\":\"https:\\\/\\\/www.procarton.com\\\/es\\\/\",\"logo\":{\"@type\":\"ImageObject\",\"inLanguage\":\"de\",\"@id\":\"https:\\\/\\\/www.procarton.com\\\/es\\\/#\\\/schema\\\/logo\\\/image\\\/\",\"url\":\"https:\\\/\\\/www.procarton.com\\\/wp-content\\\/uploads\\\/2022\\\/06\\\/logo-mit-slogan.jpg\",\"contentUrl\":\"https:\\\/\\\/www.procarton.com\\\/wp-content\\\/uploads\\\/2022\\\/06\\\/logo-mit-slogan.jpg\",\"width\":422,\"height\":519,\"caption\":\"ProCarton\"},\"image\":{\"@id\":\"https:\\\/\\\/www.procarton.com\\\/es\\\/#\\\/schema\\\/logo\\\/image\\\/\"},\"sameAs\":[\"https:\\\/\\\/www.facebook.com\\\/procartondesignaward\\\/\",\"https:\\\/\\\/x.com\\\/pro_carton\"]}]}<\/script>\n<!-- \/ Yoast SEO plugin. -->","yoast_head_json":{"title":"Jury - Pro Karton","robots":{"index":"index","follow":"follow","max-snippet":"max-snippet:-1","max-image-preview":"max-image-preview:large","max-video-preview":"max-video-preview:-1"},"canonical":"https:\/\/www.procarton.com\/de\/awards\/european-carton-excellence-award\/2006-2\/jury\/","og_locale":"de_DE","og_type":"article","og_title":"Jury - Pro Carton","og_description":"It has been a pleasure to be part of the judging panel for the last 5 years and more so now as Chairman. As a judging panel, my fellow judges and I always eagerly anticipate the viewing of the entries. This year as well as in previous years, we were not disappointed as the entry [&hellip;]","og_url":"https:\/\/www.procarton.com\/de\/awards\/european-carton-excellence-award\/2006-2\/jury\/","og_site_name":"Pro Carton","article_publisher":"https:\/\/www.facebook.com\/procartondesignaward\/","article_modified_time":"2022-01-10T09:22:08+00:00","twitter_card":"summary_large_image","twitter_site":"@pro_carton","twitter_misc":{"Gesch\u00e4tzte Lesezeit":"2\u00a0Minuten"},"schema":{"@context":"https:\/\/schema.org","@graph":[{"@type":"WebPage","@id":"https:\/\/www.procarton.com\/es\/awards\/european-carton-excellence-award\/2006-2\/jury\/","url":"https:\/\/www.procarton.com\/es\/awards\/european-carton-excellence-award\/2006-2\/jury\/","name":"Jury - Pro Karton","isPartOf":{"@id":"https:\/\/www.procarton.com\/es\/#website"},"datePublished":"2021-03-16T12:53:57+00:00","dateModified":"2022-01-10T09:22:08+00:00","breadcrumb":{"@id":"https:\/\/www.procarton.com\/es\/awards\/european-carton-excellence-award\/2006-2\/jury\/#breadcrumb"},"inLanguage":"de","potentialAction":[{"@type":"ReadAction","target":["https:\/\/www.procarton.com\/es\/awards\/european-carton-excellence-award\/2006-2\/jury\/"]}]},{"@type":"BreadcrumbList","@id":"https:\/\/www.procarton.com\/es\/awards\/european-carton-excellence-award\/2006-2\/jury\/#breadcrumb","itemListElement":[{"@type":"ListItem","position":1,"name":"Home","item":"https:\/\/www.procarton.com\/"},{"@type":"ListItem","position":2,"name":"Awards","item":"https:\/\/www.procarton.com\/awards\/"},{"@type":"ListItem","position":3,"name":"European Carton Excellence Award","item":"https:\/\/www.procarton.com\/awards\/european-carton-excellence-award\/"},{"@type":"ListItem","position":4,"name":"2006","item":"https:\/\/www.procarton.com\/es\/awards\/european-carton-excellence-award\/2006-2\/"},{"@type":"ListItem","position":5,"name":"Jury"}]},{"@type":"WebSite","@id":"https:\/\/www.procarton.com\/es\/#website","url":"https:\/\/www.procarton.com\/es\/","name":"Pro Carton","description":"","publisher":{"@id":"https:\/\/www.procarton.com\/es\/#organization"},"potentialAction":[{"@type":"SearchAction","target":{"@type":"EntryPoint","urlTemplate":"https:\/\/www.procarton.com\/es\/?s={search_term_string}"},"query-input":{"@type":"PropertyValueSpecification","valueRequired":true,"valueName":"search_term_string"}}],"inLanguage":"de"},{"@type":"Organization","@id":"https:\/\/www.procarton.com\/es\/#organization","name":"ProCarton","url":"https:\/\/www.procarton.com\/es\/","logo":{"@type":"ImageObject","inLanguage":"de","@id":"https:\/\/www.procarton.com\/es\/#\/schema\/logo\/image\/","url":"https:\/\/www.procarton.com\/wp-content\/uploads\/2022\/06\/logo-mit-slogan.jpg","contentUrl":"https:\/\/www.procarton.com\/wp-content\/uploads\/2022\/06\/logo-mit-slogan.jpg","width":422,"height":519,"caption":"ProCarton"},"image":{"@id":"https:\/\/www.procarton.com\/es\/#\/schema\/logo\/image\/"},"sameAs":["https:\/\/www.facebook.com\/procartondesignaward\/","https:\/\/x.com\/pro_carton"]}]}},"_links":{"self":[{"href":"https:\/\/www.procarton.com\/de\/wp-json\/wp\/v2\/pages\/258495","targetHints":{"allow":["GET"]}}],"collection":[{"href":"https:\/\/www.procarton.com\/de\/wp-json\/wp\/v2\/pages"}],"about":[{"href":"https:\/\/www.procarton.com\/de\/wp-json\/wp\/v2\/types\/page"}],"author":[{"embeddable":true,"href":"https:\/\/www.procarton.com\/de\/wp-json\/wp\/v2\/users\/1"}],"replies":[{"embeddable":true,"href":"https:\/\/www.procarton.com\/de\/wp-json\/wp\/v2\/comments?post=258495"}],"version-history":[{"count":2,"href":"https:\/\/www.procarton.com\/de\/wp-json\/wp\/v2\/pages\/258495\/revisions"}],"predecessor-version":[{"id":272379,"href":"https:\/\/www.procarton.com\/de\/wp-json\/wp\/v2\/pages\/258495\/revisions\/272379"}],"up":[{"embeddable":true,"href":"https:\/\/www.procarton.com\/de\/wp-json\/wp\/v2\/pages\/258284"}],"wp:attachment":[{"href":"https:\/\/www.procarton.com\/de\/wp-json\/wp\/v2\/media?parent=258495"}],"curies":[{"name":"wp","href":"https:\/\/api.w.org\/{rel}","templated":true}]}}