{"id":258287,"date":"2021-03-12T10:36:43","date_gmt":"2021-03-12T10:36:43","guid":{"rendered":"https:\/\/www.procarton.com\/awards\/european-carton-excellence-award\/2003\/"},"modified":"2022-03-30T11:41:47","modified_gmt":"2022-03-30T10:41:47","slug":"2003-2","status":"publish","type":"page","link":"https:\/\/www.procarton.com\/de\/awards\/european-carton-excellence-award\/2003-2\/","title":{"rendered":"2003"},"content":{"rendered":"<div class=\"av-animated-generic top-to-bottom flex_column av_two_third  flex_column_div av-zero-column-padding first  avia-builder-el-0  el_before_av_one_third  avia-builder-el-first\" style='border-radius:0px; '><section class=\"av_textblock_section\"  itemscope=\"itemscope\" itemtype=\"https:\/\/schema.org\/CreativeWork\" ><div class='avia_textblock'   itemprop=\"text\" ><p>Pro Carton und ECMA, die den j\u00e4hrlichen Carton Awards-Wettbewerb gemeinsam veranstalten, waren hocherfreut, dass im Jahr 2003 die Teilnehmerzahlen alle Erwartungen \u00fcbertroffen haben. Die um mehr als 50% gestiegene Zahl der Anmeldungen verdeutlicht die Unterst\u00fctzung und Bedeutung, die dieser Wettbewerb in ganz Europa genie\u00dft. In diesem Jahr ist es sogar nicht nur Europa. Nach der Gr\u00fcndung einer Pro Carton-Niederlassung in Neuseeland haben wir zum ersten Mal Anmeldungen aus dem au\u00dfereurop\u00e4ischen Ausland erhalten, und wir hoffen, dass sich dies mit der Er\u00f6ffnung weiterer Niederlassungen au\u00dferhalb Europas im Jahr 2003 fortsetzen und verst\u00e4rken wird.<\/p>\n<p>Die Kategorien, in denen die Kartons bewertet wurden, blieben dieselben wie 2002. S\u00fc\u00dfwaren, Pharmazeutika, Kosmetika und Sch\u00f6nheitspflege, Getr\u00e4nke, alle anderen Lebensmittel und alle anderen Nichtlebensmittel. Dar\u00fcber hinaus wurden ein Preis f\u00fcr das innovativste Design oder die beste neue Verwendung von Karton sowie ein Preis f\u00fcr Carton of the Year vergeben. Im Jahr 2003 baten die Preisrichter au\u00dferdem darum, einen Sonderpreis f\u00fcr eine Einsendung zu vergeben, die zwar die Wettbewerbsregeln nicht vollst\u00e4ndig erf\u00fcllte, aber dennoch als herausragend angesehen wurde.<\/p>\n<p>\u00dcber die Navigationsleiste auf der linken Seite k\u00f6nnen Sie nicht nur die Gewinner, sondern auch die Finalisten in den einzelnen Kategorien und alle eingereichten Beitr\u00e4ge einsehen. Das hohe Niveau der Beitr\u00e4ge hat die Jury erneut beeindruckt, die bemerkte, dass die Kategorie S\u00fc\u00dfwaren in diesem Jahr besonders stark war. Die Vielfalt der Formen, der Druckqualit\u00e4t, der Pr\u00e4gungen und der Veredelungen veranschaulicht deutlich die riesige und unendliche Vielfalt an Verpackungen, die mit Kartons realisiert werden k\u00f6nnen und so dazu beitragen, die Verbraucher auf das Produkt aufmerksam zu machen, indem sie die Verpackung auff\u00e4lliger machen. Dar\u00fcber hinaus macht die Klarheit des Drucks die Kartons leichter erkennbar und lesbar - zwei Elemente, die immer wichtiger werden.<\/p>\n<p>Wir w\u00fcnschen Ihnen viel Spa\u00df beim Betrachten dieser Illustrationen von Spitzenleistungen. Wenn wir Ihnen mit zus\u00e4tzlichen Informationen helfen k\u00f6nnen, kontaktieren Sie uns bitte \u00fcber den obigen Link.<\/p>\n<\/div><\/section><\/div><div class=\"av-animated-generic top-to-bottom flex_column av_one_third  flex_column_div av-zero-column-padding   avia-builder-el-2  el_after_av_two_third  avia-builder-el-last\" style='border-radius:0px; '><p><div  class='avia-image-container  av-styling-no-styling    avia-builder-el-3  el_before_av_button  avia-builder-el-first  avia-align-center'  itemprop=\"image\" itemscope=\"itemscope\" itemtype=\"https:\/\/schema.org\/ImageObject\"  ><div class='avia-image-container-inner'><div class='avia-image-overlay-wrap'><a href=\"https:\/\/www.procarton.com\/wp-content\/uploads\/2021\/02\/juryreport2003.pdf\" class='avia_image' ><img decoding=\"async\" width=\"214\" height=\"300\" class='wp-image-258467 avia-img-lazy-loading-not-258467 avia_image' src=\"https:\/\/www.procarton.com\/wp-content\/uploads\/2021\/03\/juryreport2003-214x300.jpeg\" alt='' title='Jurybericht2003'  itemprop=\"thumbnailUrl\" srcset=\"https:\/\/www.procarton.com\/wp-content\/uploads\/2021\/03\/juryreport2003-214x300.jpeg 214w, https:\/\/www.procarton.com\/wp-content\/uploads\/2021\/03\/juryreport2003-736x1030.jpeg 736w, https:\/\/www.procarton.com\/wp-content\/uploads\/2021\/03\/juryreport2003-768x1075.jpeg 768w, https:\/\/www.procarton.com\/wp-content\/uploads\/2021\/03\/juryreport2003-9x12.jpeg 9w, https:\/\/www.procarton.com\/wp-content\/uploads\/2021\/03\/juryreport2003-503x705.jpeg 503w, https:\/\/www.procarton.com\/wp-content\/uploads\/2021\/03\/juryreport2003.jpeg 787w\" sizes=\"(max-width: 214px) 100vw, 214px\" \/><\/a><\/div><\/div><\/div><br \/>\n<div  class='avia-button-wrap avia-button-center  avia-builder-el-4  el_after_av_image  avia-builder-el-last' ><a href='https:\/\/www.procarton.com\/wp-content\/uploads\/2003\/12\/juryreport2003.pdf' class='avia-button av-icon-on-hover avia-color-theme-color   avia-icon_select-yes-left-icon avia-size-small avia-position-center' target=\"_blank\" rel=\"noopener noreferrer\"><span class='avia_button_icon avia_button_icon_left' aria-hidden='true' data-av_icon='\ue800' data-av_iconfont='entypo-fontello'><\/span><span class='avia_iconbox_title' >Bericht herunterladen<\/span><\/a><\/div><\/p><\/div>","protected":false},"excerpt":{"rendered":"","protected":false},"author":1,"featured_media":264376,"parent":243707,"menu_order":24,"comment_status":"closed","ping_status":"closed","template":"","meta":{"inline_featured_image":false,"footnotes":""},"class_list":["post-258287","page","type-page","status-publish","has-post-thumbnail","hentry"],"yoast_head":"<!-- This site is optimized with the Yoast SEO plugin v27.3 - https:\/\/yoast.com\/product\/yoast-seo-wordpress\/ -->\n<title>2003 - Pro Carton<\/title>\n<meta name=\"robots\" content=\"index, follow, max-snippet:-1, max-image-preview:large, max-video-preview:-1\" \/>\n<link rel=\"canonical\" href=\"https:\/\/www.procarton.com\/de\/awards\/european-carton-excellence-award\/2003-2\/\" \/>\n<meta property=\"og:locale\" content=\"de_DE\" \/>\n<meta property=\"og:type\" content=\"article\" \/>\n<meta property=\"og:title\" content=\"2003 - Pro Carton\" \/>\n<meta property=\"og:url\" content=\"https:\/\/www.procarton.com\/de\/awards\/european-carton-excellence-award\/2003-2\/\" \/>\n<meta property=\"og:site_name\" content=\"Pro Carton\" \/>\n<meta property=\"article:publisher\" content=\"https:\/\/www.facebook.com\/procartondesignaward\/\" \/>\n<meta property=\"article:modified_time\" content=\"2022-03-30T10:41:47+00:00\" \/>\n<meta property=\"og:image\" content=\"https:\/\/www.procarton.com\/wp-content\/uploads\/2021\/10\/eca-square.png\" \/>\n\t<meta property=\"og:image:width\" content=\"500\" \/>\n\t<meta property=\"og:image:height\" content=\"500\" \/>\n\t<meta property=\"og:image:type\" content=\"image\/png\" \/>\n<meta name=\"twitter:card\" content=\"summary_large_image\" \/>\n<meta name=\"twitter:site\" content=\"@pro_carton\" \/>\n<meta name=\"twitter:label1\" content=\"Gesch\u00e4tzte Lesezeit\" \/>\n\t<meta name=\"twitter:data1\" content=\"2\u00a0Minuten\" \/>\n<script type=\"application\/ld+json\" class=\"yoast-schema-graph\">{\"@context\":\"https:\\\/\\\/schema.org\",\"@graph\":[{\"@type\":\"WebPage\",\"@id\":\"https:\\\/\\\/www.procarton.com\\\/es\\\/awards\\\/european-carton-excellence-award\\\/2003-2\\\/\",\"url\":\"https:\\\/\\\/www.procarton.com\\\/es\\\/awards\\\/european-carton-excellence-award\\\/2003-2\\\/\",\"name\":\"2003 - Pro Carton\",\"isPartOf\":{\"@id\":\"https:\\\/\\\/www.procarton.com\\\/es\\\/#website\"},\"primaryImageOfPage\":{\"@id\":\"https:\\\/\\\/www.procarton.com\\\/es\\\/awards\\\/european-carton-excellence-award\\\/2003-2\\\/#primaryimage\"},\"image\":{\"@id\":\"https:\\\/\\\/www.procarton.com\\\/es\\\/awards\\\/european-carton-excellence-award\\\/2003-2\\\/#primaryimage\"},\"thumbnailUrl\":\"https:\\\/\\\/www.procarton.com\\\/wp-content\\\/uploads\\\/2021\\\/10\\\/eca-square.png\",\"datePublished\":\"2021-03-12T10:36:43+00:00\",\"dateModified\":\"2022-03-30T10:41:47+00:00\",\"breadcrumb\":{\"@id\":\"https:\\\/\\\/www.procarton.com\\\/es\\\/awards\\\/european-carton-excellence-award\\\/2003-2\\\/#breadcrumb\"},\"inLanguage\":\"de\",\"potentialAction\":[{\"@type\":\"ReadAction\",\"target\":[\"https:\\\/\\\/www.procarton.com\\\/es\\\/awards\\\/european-carton-excellence-award\\\/2003-2\\\/\"]}]},{\"@type\":\"ImageObject\",\"inLanguage\":\"de\",\"@id\":\"https:\\\/\\\/www.procarton.com\\\/es\\\/awards\\\/european-carton-excellence-award\\\/2003-2\\\/#primaryimage\",\"url\":\"https:\\\/\\\/www.procarton.com\\\/wp-content\\\/uploads\\\/2021\\\/10\\\/eca-square.png\",\"contentUrl\":\"https:\\\/\\\/www.procarton.com\\\/wp-content\\\/uploads\\\/2021\\\/10\\\/eca-square.png\",\"width\":500,\"height\":500},{\"@type\":\"BreadcrumbList\",\"@id\":\"https:\\\/\\\/www.procarton.com\\\/es\\\/awards\\\/european-carton-excellence-award\\\/2003-2\\\/#breadcrumb\",\"itemListElement\":[{\"@type\":\"ListItem\",\"position\":1,\"name\":\"Home\",\"item\":\"https:\\\/\\\/www.procarton.com\\\/\"},{\"@type\":\"ListItem\",\"position\":2,\"name\":\"Awards\",\"item\":\"https:\\\/\\\/www.procarton.com\\\/awards\\\/\"},{\"@type\":\"ListItem\",\"position\":3,\"name\":\"European Carton Excellence Award\",\"item\":\"https:\\\/\\\/www.procarton.com\\\/awards\\\/european-carton-excellence-award\\\/\"},{\"@type\":\"ListItem\",\"position\":4,\"name\":\"2003\"}]},{\"@type\":\"WebSite\",\"@id\":\"https:\\\/\\\/www.procarton.com\\\/es\\\/#website\",\"url\":\"https:\\\/\\\/www.procarton.com\\\/es\\\/\",\"name\":\"Pro Carton\",\"description\":\"\",\"publisher\":{\"@id\":\"https:\\\/\\\/www.procarton.com\\\/es\\\/#organization\"},\"potentialAction\":[{\"@type\":\"SearchAction\",\"target\":{\"@type\":\"EntryPoint\",\"urlTemplate\":\"https:\\\/\\\/www.procarton.com\\\/es\\\/?s={search_term_string}\"},\"query-input\":{\"@type\":\"PropertyValueSpecification\",\"valueRequired\":true,\"valueName\":\"search_term_string\"}}],\"inLanguage\":\"de\"},{\"@type\":\"Organization\",\"@id\":\"https:\\\/\\\/www.procarton.com\\\/es\\\/#organization\",\"name\":\"ProCarton\",\"url\":\"https:\\\/\\\/www.procarton.com\\\/es\\\/\",\"logo\":{\"@type\":\"ImageObject\",\"inLanguage\":\"de\",\"@id\":\"https:\\\/\\\/www.procarton.com\\\/es\\\/#\\\/schema\\\/logo\\\/image\\\/\",\"url\":\"https:\\\/\\\/www.procarton.com\\\/wp-content\\\/uploads\\\/2022\\\/06\\\/logo-mit-slogan.jpg\",\"contentUrl\":\"https:\\\/\\\/www.procarton.com\\\/wp-content\\\/uploads\\\/2022\\\/06\\\/logo-mit-slogan.jpg\",\"width\":422,\"height\":519,\"caption\":\"ProCarton\"},\"image\":{\"@id\":\"https:\\\/\\\/www.procarton.com\\\/es\\\/#\\\/schema\\\/logo\\\/image\\\/\"},\"sameAs\":[\"https:\\\/\\\/www.facebook.com\\\/procartondesignaward\\\/\",\"https:\\\/\\\/x.com\\\/pro_carton\"]}]}<\/script>\n<!-- \/ Yoast SEO plugin. -->","yoast_head_json":{"title":"2003 - Profi-Karton","robots":{"index":"index","follow":"follow","max-snippet":"max-snippet:-1","max-image-preview":"max-image-preview:large","max-video-preview":"max-video-preview:-1"},"canonical":"https:\/\/www.procarton.com\/de\/awards\/european-carton-excellence-award\/2003-2\/","og_locale":"de_DE","og_type":"article","og_title":"2003 - Pro Carton","og_url":"https:\/\/www.procarton.com\/de\/awards\/european-carton-excellence-award\/2003-2\/","og_site_name":"Pro Carton","article_publisher":"https:\/\/www.facebook.com\/procartondesignaward\/","article_modified_time":"2022-03-30T10:41:47+00:00","og_image":[{"width":500,"height":500,"url":"https:\/\/www.procarton.com\/wp-content\/uploads\/2021\/10\/eca-square.png","type":"image\/png"}],"twitter_card":"summary_large_image","twitter_site":"@pro_carton","twitter_misc":{"Gesch\u00e4tzte Lesezeit":"2\u00a0Minuten"},"schema":{"@context":"https:\/\/schema.org","@graph":[{"@type":"WebPage","@id":"https:\/\/www.procarton.com\/es\/awards\/european-carton-excellence-award\/2003-2\/","url":"https:\/\/www.procarton.com\/es\/awards\/european-carton-excellence-award\/2003-2\/","name":"2003 - Profi-Karton","isPartOf":{"@id":"https:\/\/www.procarton.com\/es\/#website"},"primaryImageOfPage":{"@id":"https:\/\/www.procarton.com\/es\/awards\/european-carton-excellence-award\/2003-2\/#primaryimage"},"image":{"@id":"https:\/\/www.procarton.com\/es\/awards\/european-carton-excellence-award\/2003-2\/#primaryimage"},"thumbnailUrl":"https:\/\/www.procarton.com\/wp-content\/uploads\/2021\/10\/eca-square.png","datePublished":"2021-03-12T10:36:43+00:00","dateModified":"2022-03-30T10:41:47+00:00","breadcrumb":{"@id":"https:\/\/www.procarton.com\/es\/awards\/european-carton-excellence-award\/2003-2\/#breadcrumb"},"inLanguage":"de","potentialAction":[{"@type":"ReadAction","target":["https:\/\/www.procarton.com\/es\/awards\/european-carton-excellence-award\/2003-2\/"]}]},{"@type":"ImageObject","inLanguage":"de","@id":"https:\/\/www.procarton.com\/es\/awards\/european-carton-excellence-award\/2003-2\/#primaryimage","url":"https:\/\/www.procarton.com\/wp-content\/uploads\/2021\/10\/eca-square.png","contentUrl":"https:\/\/www.procarton.com\/wp-content\/uploads\/2021\/10\/eca-square.png","width":500,"height":500},{"@type":"BreadcrumbList","@id":"https:\/\/www.procarton.com\/es\/awards\/european-carton-excellence-award\/2003-2\/#breadcrumb","itemListElement":[{"@type":"ListItem","position":1,"name":"Home","item":"https:\/\/www.procarton.com\/"},{"@type":"ListItem","position":2,"name":"Awards","item":"https:\/\/www.procarton.com\/awards\/"},{"@type":"ListItem","position":3,"name":"European Carton Excellence Award","item":"https:\/\/www.procarton.com\/awards\/european-carton-excellence-award\/"},{"@type":"ListItem","position":4,"name":"2003"}]},{"@type":"WebSite","@id":"https:\/\/www.procarton.com\/es\/#website","url":"https:\/\/www.procarton.com\/es\/","name":"Pro Carton","description":"","publisher":{"@id":"https:\/\/www.procarton.com\/es\/#organization"},"potentialAction":[{"@type":"SearchAction","target":{"@type":"EntryPoint","urlTemplate":"https:\/\/www.procarton.com\/es\/?s={search_term_string}"},"query-input":{"@type":"PropertyValueSpecification","valueRequired":true,"valueName":"search_term_string"}}],"inLanguage":"de"},{"@type":"Organization","@id":"https:\/\/www.procarton.com\/es\/#organization","name":"ProCarton","url":"https:\/\/www.procarton.com\/es\/","logo":{"@type":"ImageObject","inLanguage":"de","@id":"https:\/\/www.procarton.com\/es\/#\/schema\/logo\/image\/","url":"https:\/\/www.procarton.com\/wp-content\/uploads\/2022\/06\/logo-mit-slogan.jpg","contentUrl":"https:\/\/www.procarton.com\/wp-content\/uploads\/2022\/06\/logo-mit-slogan.jpg","width":422,"height":519,"caption":"ProCarton"},"image":{"@id":"https:\/\/www.procarton.com\/es\/#\/schema\/logo\/image\/"},"sameAs":["https:\/\/www.facebook.com\/procartondesignaward\/","https:\/\/x.com\/pro_carton"]}]}},"_links":{"self":[{"href":"https:\/\/www.procarton.com\/de\/wp-json\/wp\/v2\/pages\/258287","targetHints":{"allow":["GET"]}}],"collection":[{"href":"https:\/\/www.procarton.com\/de\/wp-json\/wp\/v2\/pages"}],"about":[{"href":"https:\/\/www.procarton.com\/de\/wp-json\/wp\/v2\/types\/page"}],"author":[{"embeddable":true,"href":"https:\/\/www.procarton.com\/de\/wp-json\/wp\/v2\/users\/1"}],"replies":[{"embeddable":true,"href":"https:\/\/www.procarton.com\/de\/wp-json\/wp\/v2\/comments?post=258287"}],"version-history":[{"count":6,"href":"https:\/\/www.procarton.com\/de\/wp-json\/wp\/v2\/pages\/258287\/revisions"}],"predecessor-version":[{"id":276085,"href":"https:\/\/www.procarton.com\/de\/wp-json\/wp\/v2\/pages\/258287\/revisions\/276085"}],"up":[{"embeddable":true,"href":"https:\/\/www.procarton.com\/de\/wp-json\/wp\/v2\/pages\/243707"}],"wp:featuredmedia":[{"embeddable":true,"href":"https:\/\/www.procarton.com\/de\/wp-json\/wp\/v2\/media\/264376"}],"wp:attachment":[{"href":"https:\/\/www.procarton.com\/de\/wp-json\/wp\/v2\/media?parent=258287"}],"curies":[{"name":"wp","href":"https:\/\/api.w.org\/{rel}","templated":true}]}}