{"id":258231,"date":"2021-03-03T10:34:20","date_gmt":"2021-03-03T10:34:20","guid":{"rendered":"https:\/\/www.procarton.com\/awards\/pro-carton-young-designers-award\/2012\/"},"modified":"2022-01-18T12:17:28","modified_gmt":"2022-01-18T12:17:28","slug":"2012-2","status":"publish","type":"page","link":"https:\/\/www.procarton.com\/de\/awards\/pro-carton-young-designers-award\/2012-2\/","title":{"rendered":"2012"},"content":{"rendered":"<h2 class=\"wp-block-heading\">Ein erfolgreicher Relaunch<\/h2>\r\n\r\n\r\n\r\n<p>Die Neuauflage des International Pro Carton Design Award nach vier Jahren Pause war ein voller Erfolg. Fast 70 Beitr\u00e4ge aus acht europ\u00e4ischen L\u00e4ndern zeugten von hervorragender Qualit\u00e4t und fantastischen, gut durchdachten Konzepten.<\/p>\r\n\r\n\r\n\r\n<p>F\u00fcr junge Designer geht es beim International Pro Carton Design Award um die Zukunft des Verpackungsdesigns, um zukunftsweisende Ideen und zukunftsorientierte Designer.  Viele von ihnen werden durch die Teilnahme an diesem Wettbewerb zum ersten Mal mit dem Verpackungsmaterial Karton und seiner Gestaltung konfrontiert und sehen ihn als kreativen Anreiz.<\/p>\r\n\r\n\r\n\r\n<p>Bei allen Beitr\u00e4gen im Jahr 2012 standen die Bed\u00fcrfnisse der Verbraucher im Mittelpunkt - was aus meiner Sicht extrem wichtig ist.  Die W\u00fcnsche und Probleme der Kunden haben den kreativen Output bestimmt, alle jungen Designer haben sich eingehend mit ihren Zielgruppen und bestimmten Situationen besch\u00e4ftigt, in denen sich ihre Ideen als n\u00fctzlich erweisen k\u00f6nnten.<\/p>\r\n\r\n\r\n\r\n<p>Diesmal hat mich besonders der professionellere Ansatz der Beitr\u00e4ge beeindruckt. Die jungen Studenten sind eindeutig auf dem neuesten Stand und denken in Gesamtkonzepten. Viele der eingereichten Arbeiten beziehen jede Stufe der Lieferkette in ihre Konzepte ein.<\/p>\r\n\r\n\r\n\r\n<p>Ich war auch von der Qualit\u00e4t der Pr\u00e4sentationen und ihrer Darstellung positiv \u00fcberrascht. Die Modelle waren nicht nur wundersch\u00f6n gestaltet, sondern fast jeder Beitrag wurde von mehreren Schaubildern begleitet, einige sogar von Brosch\u00fcren mit Fotos und Texten, die das Konzept und die Idee dahinter perfekt erkl\u00e4rten. Alle Beitr\u00e4ge waren wirklich auf h\u00f6chstem Niveau.<\/p>\r\n\r\n\r\n\r\n<p>Die International Pro Carton Design Award hat damit 2012 einen erfolgreichen Neustart hingelegt: Bislang konnten nur die Gewinner der nationalen Wettbewerbe teilnehmen, und erst jetzt k\u00f6nnen Beitr\u00e4ge aus ganz Europa f\u00fcr die Award 2012 eingereicht werden. Das Design Award hatte eine Pause von vier Jahren und es ist \u00e4u\u00dferst ermutigend, dass Designer aus acht europ\u00e4ischen L\u00e4ndern so schnell mitgemacht haben.<\/p>\r\n\r\n\r\n\r\n<p>Aus allen Einsendungen w\u00e4hlte die Jury sechs Finalisten und aus diesen zwei Gewinner aus. Der Jury geh\u00f6rten f\u00fchrende europ\u00e4ische Experten aus verschiedenen Bereichen der Lieferkette an: Satkar Gidda (SiebertHead, Vorsitzender) f\u00fcr das Design, Wilfried Duivenvoorden (Unilever) f\u00fcr die Markenartikelindustrie und John de Somer (Van Genechten) f\u00fcr die verarbeitende Industrie.<\/p>\r\n\r\n\r\n\r\n<p>Der n\u00e4chste Wettbewerb findet in zwei Jahren statt, die Ausschreibungen werden bereits Anfang 2013 beginnen. Meine Vision ist, dass der Gewinner des International Design Award eines Tages auch den\u00a0<a href=\"http:\/\/www.procartonecmaaward.com\/\" target=\"_blank\" rel=\"noreferrer noopener\">Profi-Karton\/ECMA Award<\/a>\u00a0und die \"Carton of the Year\" Award erhalten. Vielleicht sogar schon bald!<\/p>\r\n\r\n\r\n\r\n<p><em>Suzanne E. Mc Ewen<\/em><\/p>\r\n\r\n\r\n\r\n<p><em>Pro Carton<\/em><\/p>\r\n\r\n\r\n\r\n<p><em>Leiterin der Abteilung Marketing und Kommunikation<\/em><\/p>\r\n\r\n\r\n\r\n<p><strong>Pr\u00e4sentation des internationalen Profi-Kartondesigns Award:<\/strong><br \/>Internationaler Pro-Karton-Kongress 2012<br \/>18.\/19. April 2012, CCD Congress Center D\u00fcsseldorf<\/p>","protected":false},"excerpt":{"rendered":"<p>A Successful Relaunch The relaunch of the International Pro Carton Design Award after a break of four years proved highly successful. Close to 70 entries from eight European countries demonstrated excellent quality and fantastic, well thought-out concepts. For young designers, the International Pro Carton Design Award is all about the future of packaging design, future-oriented [&hellip;]<\/p>\n","protected":false},"author":1,"featured_media":242217,"parent":243708,"menu_order":12,"comment_status":"closed","ping_status":"closed","template":"templates\/award_details_page.php","meta":{"inline_featured_image":false,"footnotes":""},"class_list":["post-258231","page","type-page","status-publish","has-post-thumbnail","hentry"],"yoast_head":"<!-- This site is optimized with the Yoast SEO plugin v27.4 - https:\/\/yoast.com\/product\/yoast-seo-wordpress\/ -->\n<title>2012 - Pro Carton<\/title>\n<meta name=\"robots\" content=\"index, follow, max-snippet:-1, max-image-preview:large, max-video-preview:-1\" \/>\n<link rel=\"canonical\" href=\"https:\/\/www.procarton.com\/de\/awards\/pro-carton-young-designers-award\/2012-2\/\" \/>\n<meta property=\"og:locale\" content=\"de_DE\" \/>\n<meta property=\"og:type\" content=\"article\" \/>\n<meta property=\"og:title\" content=\"2012 - Pro Carton\" \/>\n<meta property=\"og:description\" content=\"A Successful Relaunch The relaunch of the International Pro Carton Design Award after a break of four years proved highly successful. Close to 70 entries from eight European countries demonstrated excellent quality and fantastic, well thought-out concepts. For young designers, the International Pro Carton Design Award is all about the future of packaging design, future-oriented [&hellip;]\" \/>\n<meta property=\"og:url\" content=\"https:\/\/www.procarton.com\/de\/awards\/pro-carton-young-designers-award\/2012-2\/\" \/>\n<meta property=\"og:site_name\" content=\"Pro Carton\" \/>\n<meta property=\"article:publisher\" content=\"https:\/\/www.facebook.com\/procartondesignaward\/\" \/>\n<meta property=\"article:modified_time\" content=\"2022-01-18T12:17:28+00:00\" \/>\n<meta property=\"og:image\" content=\"https:\/\/www.procarton.com\/wp-content\/uploads\/2021\/02\/Logo_pcyda_home-1.jpg\" \/>\n\t<meta property=\"og:image:width\" content=\"600\" \/>\n\t<meta property=\"og:image:height\" content=\"400\" \/>\n\t<meta property=\"og:image:type\" content=\"image\/jpeg\" \/>\n<meta name=\"twitter:card\" content=\"summary_large_image\" \/>\n<meta name=\"twitter:site\" content=\"@pro_carton\" \/>\n<meta name=\"twitter:label1\" content=\"Gesch\u00e4tzte Lesezeit\" \/>\n\t<meta name=\"twitter:data1\" content=\"2\u00a0Minuten\" \/>\n<script type=\"application\/ld+json\" class=\"yoast-schema-graph\">{\"@context\":\"https:\\\/\\\/schema.org\",\"@graph\":[{\"@type\":\"WebPage\",\"@id\":\"https:\\\/\\\/www.procarton.com\\\/es\\\/awards\\\/pro-carton-young-designers-award\\\/2012-2\\\/\",\"url\":\"https:\\\/\\\/www.procarton.com\\\/es\\\/awards\\\/pro-carton-young-designers-award\\\/2012-2\\\/\",\"name\":\"2012 - Pro Carton\",\"isPartOf\":{\"@id\":\"https:\\\/\\\/www.procarton.com\\\/es\\\/#website\"},\"primaryImageOfPage\":{\"@id\":\"https:\\\/\\\/www.procarton.com\\\/es\\\/awards\\\/pro-carton-young-designers-award\\\/2012-2\\\/#primaryimage\"},\"image\":{\"@id\":\"https:\\\/\\\/www.procarton.com\\\/es\\\/awards\\\/pro-carton-young-designers-award\\\/2012-2\\\/#primaryimage\"},\"thumbnailUrl\":\"https:\\\/\\\/www.procarton.com\\\/wp-content\\\/uploads\\\/2021\\\/02\\\/Logo_pcyda_home-1.jpg\",\"datePublished\":\"2021-03-03T10:34:20+00:00\",\"dateModified\":\"2022-01-18T12:17:28+00:00\",\"breadcrumb\":{\"@id\":\"https:\\\/\\\/www.procarton.com\\\/es\\\/awards\\\/pro-carton-young-designers-award\\\/2012-2\\\/#breadcrumb\"},\"inLanguage\":\"de\",\"potentialAction\":[{\"@type\":\"ReadAction\",\"target\":[\"https:\\\/\\\/www.procarton.com\\\/es\\\/awards\\\/pro-carton-young-designers-award\\\/2012-2\\\/\"]}]},{\"@type\":\"ImageObject\",\"inLanguage\":\"de\",\"@id\":\"https:\\\/\\\/www.procarton.com\\\/es\\\/awards\\\/pro-carton-young-designers-award\\\/2012-2\\\/#primaryimage\",\"url\":\"https:\\\/\\\/www.procarton.com\\\/wp-content\\\/uploads\\\/2021\\\/02\\\/Logo_pcyda_home-1.jpg\",\"contentUrl\":\"https:\\\/\\\/www.procarton.com\\\/wp-content\\\/uploads\\\/2021\\\/02\\\/Logo_pcyda_home-1.jpg\",\"width\":600,\"height\":400},{\"@type\":\"BreadcrumbList\",\"@id\":\"https:\\\/\\\/www.procarton.com\\\/es\\\/awards\\\/pro-carton-young-designers-award\\\/2012-2\\\/#breadcrumb\",\"itemListElement\":[{\"@type\":\"ListItem\",\"position\":1,\"name\":\"Home\",\"item\":\"https:\\\/\\\/www.procarton.com\\\/\"},{\"@type\":\"ListItem\",\"position\":2,\"name\":\"Awards\",\"item\":\"https:\\\/\\\/www.procarton.com\\\/awards\\\/\"},{\"@type\":\"ListItem\",\"position\":3,\"name\":\"Pro Carton Young Designers Award\",\"item\":\"https:\\\/\\\/www.procarton.com\\\/awards\\\/pro-carton-young-designers-award\\\/\"},{\"@type\":\"ListItem\",\"position\":4,\"name\":\"2012\"}]},{\"@type\":\"WebSite\",\"@id\":\"https:\\\/\\\/www.procarton.com\\\/es\\\/#website\",\"url\":\"https:\\\/\\\/www.procarton.com\\\/es\\\/\",\"name\":\"Pro Carton\",\"description\":\"\",\"publisher\":{\"@id\":\"https:\\\/\\\/www.procarton.com\\\/es\\\/#organization\"},\"potentialAction\":[{\"@type\":\"SearchAction\",\"target\":{\"@type\":\"EntryPoint\",\"urlTemplate\":\"https:\\\/\\\/www.procarton.com\\\/es\\\/?s={search_term_string}\"},\"query-input\":{\"@type\":\"PropertyValueSpecification\",\"valueRequired\":true,\"valueName\":\"search_term_string\"}}],\"inLanguage\":\"de\"},{\"@type\":\"Organization\",\"@id\":\"https:\\\/\\\/www.procarton.com\\\/es\\\/#organization\",\"name\":\"ProCarton\",\"url\":\"https:\\\/\\\/www.procarton.com\\\/es\\\/\",\"logo\":{\"@type\":\"ImageObject\",\"inLanguage\":\"de\",\"@id\":\"https:\\\/\\\/www.procarton.com\\\/es\\\/#\\\/schema\\\/logo\\\/image\\\/\",\"url\":\"https:\\\/\\\/www.procarton.com\\\/wp-content\\\/uploads\\\/2022\\\/06\\\/logo-mit-slogan.jpg\",\"contentUrl\":\"https:\\\/\\\/www.procarton.com\\\/wp-content\\\/uploads\\\/2022\\\/06\\\/logo-mit-slogan.jpg\",\"width\":422,\"height\":519,\"caption\":\"ProCarton\"},\"image\":{\"@id\":\"https:\\\/\\\/www.procarton.com\\\/es\\\/#\\\/schema\\\/logo\\\/image\\\/\"},\"sameAs\":[\"https:\\\/\\\/www.facebook.com\\\/procartondesignaward\\\/\",\"https:\\\/\\\/x.com\\\/pro_carton\"]}]}<\/script>\n<!-- \/ Yoast SEO plugin. -->","yoast_head_json":{"title":"2012 - Profi-Karton","robots":{"index":"index","follow":"follow","max-snippet":"max-snippet:-1","max-image-preview":"max-image-preview:large","max-video-preview":"max-video-preview:-1"},"canonical":"https:\/\/www.procarton.com\/de\/awards\/pro-carton-young-designers-award\/2012-2\/","og_locale":"de_DE","og_type":"article","og_title":"2012 - Pro Carton","og_description":"A Successful Relaunch The relaunch of the International Pro Carton Design Award after a break of four years proved highly successful. Close to 70 entries from eight European countries demonstrated excellent quality and fantastic, well thought-out concepts. For young designers, the International Pro Carton Design Award is all about the future of packaging design, future-oriented [&hellip;]","og_url":"https:\/\/www.procarton.com\/de\/awards\/pro-carton-young-designers-award\/2012-2\/","og_site_name":"Pro Carton","article_publisher":"https:\/\/www.facebook.com\/procartondesignaward\/","article_modified_time":"2022-01-18T12:17:28+00:00","og_image":[{"width":600,"height":400,"url":"https:\/\/www.procarton.com\/wp-content\/uploads\/2021\/02\/Logo_pcyda_home-1.jpg","type":"image\/jpeg"}],"twitter_card":"summary_large_image","twitter_site":"@pro_carton","twitter_misc":{"Gesch\u00e4tzte Lesezeit":"2\u00a0Minuten"},"schema":{"@context":"https:\/\/schema.org","@graph":[{"@type":"WebPage","@id":"https:\/\/www.procarton.com\/es\/awards\/pro-carton-young-designers-award\/2012-2\/","url":"https:\/\/www.procarton.com\/es\/awards\/pro-carton-young-designers-award\/2012-2\/","name":"2012 - Profi-Karton","isPartOf":{"@id":"https:\/\/www.procarton.com\/es\/#website"},"primaryImageOfPage":{"@id":"https:\/\/www.procarton.com\/es\/awards\/pro-carton-young-designers-award\/2012-2\/#primaryimage"},"image":{"@id":"https:\/\/www.procarton.com\/es\/awards\/pro-carton-young-designers-award\/2012-2\/#primaryimage"},"thumbnailUrl":"https:\/\/www.procarton.com\/wp-content\/uploads\/2021\/02\/Logo_pcyda_home-1.jpg","datePublished":"2021-03-03T10:34:20+00:00","dateModified":"2022-01-18T12:17:28+00:00","breadcrumb":{"@id":"https:\/\/www.procarton.com\/es\/awards\/pro-carton-young-designers-award\/2012-2\/#breadcrumb"},"inLanguage":"de","potentialAction":[{"@type":"ReadAction","target":["https:\/\/www.procarton.com\/es\/awards\/pro-carton-young-designers-award\/2012-2\/"]}]},{"@type":"ImageObject","inLanguage":"de","@id":"https:\/\/www.procarton.com\/es\/awards\/pro-carton-young-designers-award\/2012-2\/#primaryimage","url":"https:\/\/www.procarton.com\/wp-content\/uploads\/2021\/02\/Logo_pcyda_home-1.jpg","contentUrl":"https:\/\/www.procarton.com\/wp-content\/uploads\/2021\/02\/Logo_pcyda_home-1.jpg","width":600,"height":400},{"@type":"BreadcrumbList","@id":"https:\/\/www.procarton.com\/es\/awards\/pro-carton-young-designers-award\/2012-2\/#breadcrumb","itemListElement":[{"@type":"ListItem","position":1,"name":"Home","item":"https:\/\/www.procarton.com\/"},{"@type":"ListItem","position":2,"name":"Awards","item":"https:\/\/www.procarton.com\/awards\/"},{"@type":"ListItem","position":3,"name":"Pro Carton Young Designers Award","item":"https:\/\/www.procarton.com\/awards\/pro-carton-young-designers-award\/"},{"@type":"ListItem","position":4,"name":"2012"}]},{"@type":"WebSite","@id":"https:\/\/www.procarton.com\/es\/#website","url":"https:\/\/www.procarton.com\/es\/","name":"Pro Carton","description":"","publisher":{"@id":"https:\/\/www.procarton.com\/es\/#organization"},"potentialAction":[{"@type":"SearchAction","target":{"@type":"EntryPoint","urlTemplate":"https:\/\/www.procarton.com\/es\/?s={search_term_string}"},"query-input":{"@type":"PropertyValueSpecification","valueRequired":true,"valueName":"search_term_string"}}],"inLanguage":"de"},{"@type":"Organization","@id":"https:\/\/www.procarton.com\/es\/#organization","name":"ProCarton","url":"https:\/\/www.procarton.com\/es\/","logo":{"@type":"ImageObject","inLanguage":"de","@id":"https:\/\/www.procarton.com\/es\/#\/schema\/logo\/image\/","url":"https:\/\/www.procarton.com\/wp-content\/uploads\/2022\/06\/logo-mit-slogan.jpg","contentUrl":"https:\/\/www.procarton.com\/wp-content\/uploads\/2022\/06\/logo-mit-slogan.jpg","width":422,"height":519,"caption":"ProCarton"},"image":{"@id":"https:\/\/www.procarton.com\/es\/#\/schema\/logo\/image\/"},"sameAs":["https:\/\/www.facebook.com\/procartondesignaward\/","https:\/\/x.com\/pro_carton"]}]}},"_links":{"self":[{"href":"https:\/\/www.procarton.com\/de\/wp-json\/wp\/v2\/pages\/258231","targetHints":{"allow":["GET"]}}],"collection":[{"href":"https:\/\/www.procarton.com\/de\/wp-json\/wp\/v2\/pages"}],"about":[{"href":"https:\/\/www.procarton.com\/de\/wp-json\/wp\/v2\/types\/page"}],"author":[{"embeddable":true,"href":"https:\/\/www.procarton.com\/de\/wp-json\/wp\/v2\/users\/1"}],"replies":[{"embeddable":true,"href":"https:\/\/www.procarton.com\/de\/wp-json\/wp\/v2\/comments?post=258231"}],"version-history":[{"count":4,"href":"https:\/\/www.procarton.com\/de\/wp-json\/wp\/v2\/pages\/258231\/revisions"}],"predecessor-version":[{"id":276581,"href":"https:\/\/www.procarton.com\/de\/wp-json\/wp\/v2\/pages\/258231\/revisions\/276581"}],"up":[{"embeddable":true,"href":"https:\/\/www.procarton.com\/de\/wp-json\/wp\/v2\/pages\/243708"}],"wp:featuredmedia":[{"embeddable":true,"href":"https:\/\/www.procarton.com\/de\/wp-json\/wp\/v2\/media\/242217"}],"wp:attachment":[{"href":"https:\/\/www.procarton.com\/de\/wp-json\/wp\/v2\/media?parent=258231"}],"curies":[{"name":"wp","href":"https:\/\/api.w.org\/{rel}","templated":true}]}}