{"id":243777,"date":"2021-02-12T16:29:04","date_gmt":"2021-02-12T16:29:13","guid":{"rendered":"https:\/\/www.procarton.com\/awards\/european-carton-excellence-award\/2019\/"},"modified":"2022-04-01T15:53:27","modified_gmt":"2022-04-01T14:53:27","slug":"2019-2","status":"publish","type":"page","link":"https:\/\/www.procarton.com\/de\/awards\/european-carton-excellence-award\/2019-2\/","title":{"rendered":"2019"},"content":{"rendered":"<div class=\"av-animated-generic top-to-bottom flex_column av_two_third  flex_column_div av-zero-column-padding first  avia-builder-el-0  el_before_av_one_third  avia-builder-el-first\" style='border-radius:0px; '><section class=\"av_textblock_section\"  itemscope=\"itemscope\" itemtype=\"https:\/\/schema.org\/CreativeWork\" ><div class='avia_textblock'   itemprop=\"text\" ><p>Der European Carton Excellence Award ist die renommierteste europ\u00e4ische Auszeichnung f\u00fcr Kartonverpackungen. Da Karton erneuerbar, recycelbar und biologisch abbaubar ist, ist er das perfekte Beispiel f\u00fcr die Kreislaufwirtschaft. Und nicht nur das: Er ist auch eine der besten M\u00f6glichkeiten, den Markenwert zu kommunizieren, sei es f\u00fcr Luxusmarken oder Alltagsg\u00fcter.<\/p>\n<h1>Mehr M\u00f6glichkeiten zu gewinnen als je zuvor!<\/h1>\n<p>Aufgrund des fantastisch hohen Niveaus der Einsendungen in der Vergangenheit haben wir den Wettbewerb in diesem Jahr v\u00f6llig neu strukturiert, damit wir noch mehr gro\u00dfartige Kartons als je zuvor auszeichnen k\u00f6nnen. Au\u00dferdem wollten wir die besten Kartonverpackungen ausstellen, die sowohl auf Recyclingfaser als auch auf Frischfaserkarton in allen Marktsegmenten hergestellt wurden. Der Wettbewerb war daher f\u00fcr die Teilnehmer noch attraktiver, da es mehr M\u00f6glichkeiten gab, die breite Palette von F\u00e4higkeiten und innovativen L\u00f6sungen der Kartonindustrie zu pr\u00e4sentieren.<\/p>\n<ul class=\"wp-block-list\">\n<li><strong>Der Hauptgewinner: Carton of the Year<\/strong>\n<ul>\n<li>Einfach die beste Faltschachtel, unabh\u00e4ngig vom verwendeten Material<\/li>\n<\/ul>\n<\/li>\n<li><strong>4 Kategorien - 4 Gewinner:<\/strong><br \/>Geben Sie Ihr Paket in eine dieser vier Kategorien ein:<\/li>\n<\/ul>\n<ul class=\"wp-block-list\">\n<li>Lebensmittel- und Getr\u00e4nkeverpackungen, Recyclingfasern<\/li>\n<li>Lebensmittel- und Getr\u00e4nkeverpackungen, Frischfasern<br \/>Die Kategorie Essen &amp; Trinken umfasst alle Getr\u00e4nke und alkoholischen Getr\u00e4nke.<\/li>\n<li>Allgemeine Verpackungen, Recyclingfasern<\/li>\n<li>Allgemeine Verpackungen, Frischfasern<br \/>Die Kategorie Allgemeine Verpackungen umfasst alles, was nicht zu den Lebensmitteln oder Getr\u00e4nken geh\u00f6rt.<\/li>\n<li><strong>3 Sonderpreise - 3 Gewinner<\/strong>:\n<ul>\n<li>Save the Planet: der beste Karton, der ein weniger nachhaltiges Material ersetzt oder reduziert hat<\/li>\n<li>Innovation Award: die innovativste Faltschachtel oder das innovativste Material<br \/><strong>Entscheiden Sie, ob Ihr Paket auch f\u00fcr den \"Save the Planet\"- oder den \"Innovation\"-Preis ber\u00fccksichtigt werden soll.<\/strong>.<\/li>\n<li>Public Award: Gewinner der \u00f6ffentlichen Online-Abstimmung<\/li>\n<\/ul>\n<\/li>\n<li><strong>Platin und Gold Awards - bis zu 20 Gewinner<\/strong>\n<ul>\n<li>Zus\u00e4tzlich zu den oben genannten Auszeichnungen w\u00e4hlte die Jury 20 Packungen aus, die ihrer Meinung nach ebenfalls eine Anerkennung als Award-Gewinner in Platin oder Gold verdient haben<\/li>\n<li>Damit wurden weitere herausragende Verpackungen aus Recycling- und Frischfaserkarton in verschiedenen Marktsegmenten ausgezeichnet, von Lebensmitteln des t\u00e4glichen Bedarfs \u00fcber Pharmazeutika bis hin zu Luxusg\u00fctern.<\/li>\n<\/ul>\n<\/li>\n<li><strong>Besondere Anerkennung: Professioneller Jungdesigner des Jahres<\/strong>\n<ul>\n<li>Ein neuer Preis zur Anerkennung eines herausragenden Designtalents. Awarded f\u00fcr die beste Faltschachtel oder das beste Konzept eines Designers weniger<\/li>\n<\/ul>\n<\/li>\n<\/ul>\n<p><a href=\"https:\/\/www.procarton.com\/awards\/european-carton-excellence-award\/2019-2\/winners\/\">Sehen Sie die Gewinner hier!<\/a><\/p>\n<\/div><\/section><\/div><div class=\"av-animated-generic top-to-bottom flex_column av_one_third  flex_column_div av-zero-column-padding   avia-builder-el-2  el_after_av_two_third  avia-builder-el-last\" style='border-radius:0px; '><p><div  class='avia-image-container  av-styling-no-styling    avia-builder-el-3  el_before_av_button  avia-builder-el-first  avia-align-center'  itemprop=\"image\" itemscope=\"itemscope\" itemtype=\"https:\/\/schema.org\/ImageObject\"  ><div class='avia-image-container-inner'><div class='avia-image-overlay-wrap'><a href=\"https:\/\/www.procarton.com\/de\/publication\/award-brochure-2019\/\" class='avia_image'  target=\"_blank\"  rel=\"noopener noreferrer\"><img decoding=\"async\" width=\"212\" height=\"300\" class='wp-image-257700 avia-img-lazy-loading-not-257700 avia_image' src=\"https:\/\/www.procarton.com\/wp-content\/uploads\/2021\/02\/ECEA-2019-brochure-01-212x300.jpg\" alt='' title='ECEA 2019 Brosch\u00fcre-01'  itemprop=\"thumbnailUrl\" srcset=\"https:\/\/www.procarton.com\/wp-content\/uploads\/2021\/02\/ECEA-2019-brochure-01-212x300.jpg 212w, https:\/\/www.procarton.com\/wp-content\/uploads\/2021\/02\/ECEA-2019-brochure-01-728x1030.jpg 728w, https:\/\/www.procarton.com\/wp-content\/uploads\/2021\/02\/ECEA-2019-brochure-01-768x1086.jpg 768w, https:\/\/www.procarton.com\/wp-content\/uploads\/2021\/02\/ECEA-2019-brochure-01-1086x1536.jpg 1086w, https:\/\/www.procarton.com\/wp-content\/uploads\/2021\/02\/ECEA-2019-brochure-01-1448x2048.jpg 1448w, https:\/\/www.procarton.com\/wp-content\/uploads\/2021\/02\/ECEA-2019-brochure-01-8x12.jpg 8w, https:\/\/www.procarton.com\/wp-content\/uploads\/2021\/02\/ECEA-2019-brochure-01-1061x1500.jpg 1061w, https:\/\/www.procarton.com\/wp-content\/uploads\/2021\/02\/ECEA-2019-brochure-01-499x705.jpg 499w, https:\/\/www.procarton.com\/wp-content\/uploads\/2021\/02\/ECEA-2019-brochure-01.jpg 1654w\" sizes=\"(max-width: 212px) 100vw, 212px\" \/><\/a><\/div><\/div><\/div><br \/>\n<div  class='avia-button-wrap avia-button-center  avia-builder-el-4  el_after_av_image  avia-builder-el-last' ><a href='https:\/\/www.procarton.com\/de\/publication\/award-brochure-2019\/'  class='avia-button av-icon-on-hover avia-color-theme-color   avia-icon_select-yes-left-icon avia-size-small avia-position-center'  target=\"_blank\"  rel=\"noopener noreferrer\"  ><span class='avia_button_icon avia_button_icon_left' aria-hidden='true' data-av_icon='\ue800' data-av_iconfont='entypo-fontello'><\/span><span class='avia_iconbox_title' >Brosch\u00fcre zur Auszeichnung herunterladen<\/span><\/a><\/div><\/p><\/div>","protected":false},"excerpt":{"rendered":"","protected":false},"author":1,"featured_media":274154,"parent":243707,"menu_order":8,"comment_status":"closed","ping_status":"closed","template":"templates\/award_details_page.php","meta":{"inline_featured_image":false,"footnotes":""},"class_list":["post-243777","page","type-page","status-publish","has-post-thumbnail","hentry"],"yoast_head":"<!-- This site is optimized with the Yoast SEO plugin v27.4 - https:\/\/yoast.com\/product\/yoast-seo-wordpress\/ -->\n<title>2019 - Pro Carton<\/title>\n<meta name=\"robots\" content=\"index, follow, max-snippet:-1, max-image-preview:large, max-video-preview:-1\" \/>\n<link rel=\"canonical\" href=\"https:\/\/www.procarton.com\/de\/awards\/european-carton-excellence-award\/2019-2\/\" \/>\n<meta property=\"og:locale\" content=\"de_DE\" \/>\n<meta property=\"og:type\" content=\"article\" \/>\n<meta property=\"og:title\" content=\"2019 - Pro Carton\" \/>\n<meta property=\"og:url\" content=\"https:\/\/www.procarton.com\/de\/awards\/european-carton-excellence-award\/2019-2\/\" \/>\n<meta property=\"og:site_name\" content=\"Pro Carton\" \/>\n<meta property=\"article:publisher\" content=\"https:\/\/www.facebook.com\/procartondesignaward\/\" \/>\n<meta property=\"article:modified_time\" content=\"2022-04-01T14:53:27+00:00\" \/>\n<meta property=\"og:image\" content=\"https:\/\/www.procarton.com\/wp-content\/uploads\/2022\/01\/ecea-gesamt-2019.jpeg\" \/>\n\t<meta property=\"og:image:width\" content=\"940\" \/>\n\t<meta property=\"og:image:height\" content=\"340\" \/>\n\t<meta property=\"og:image:type\" content=\"image\/jpeg\" \/>\n<meta name=\"twitter:card\" content=\"summary_large_image\" \/>\n<meta name=\"twitter:site\" content=\"@pro_carton\" \/>\n<meta name=\"twitter:label1\" content=\"Gesch\u00e4tzte Lesezeit\" \/>\n\t<meta name=\"twitter:data1\" content=\"2\u00a0Minuten\" \/>\n<script type=\"application\/ld+json\" class=\"yoast-schema-graph\">{\"@context\":\"https:\\\/\\\/schema.org\",\"@graph\":[{\"@type\":\"WebPage\",\"@id\":\"https:\\\/\\\/www.procarton.com\\\/es\\\/awards\\\/european-carton-excellence-award\\\/2019-2\\\/\",\"url\":\"https:\\\/\\\/www.procarton.com\\\/es\\\/awards\\\/european-carton-excellence-award\\\/2019-2\\\/\",\"name\":\"2019 - Pro Carton\",\"isPartOf\":{\"@id\":\"https:\\\/\\\/www.procarton.com\\\/es\\\/#website\"},\"primaryImageOfPage\":{\"@id\":\"https:\\\/\\\/www.procarton.com\\\/es\\\/awards\\\/european-carton-excellence-award\\\/2019-2\\\/#primaryimage\"},\"image\":{\"@id\":\"https:\\\/\\\/www.procarton.com\\\/es\\\/awards\\\/european-carton-excellence-award\\\/2019-2\\\/#primaryimage\"},\"thumbnailUrl\":\"https:\\\/\\\/www.procarton.com\\\/wp-content\\\/uploads\\\/2022\\\/01\\\/ecea-gesamt-2019.jpeg\",\"datePublished\":\"2021-02-12T16:29:13+00:00\",\"dateModified\":\"2022-04-01T14:53:27+00:00\",\"breadcrumb\":{\"@id\":\"https:\\\/\\\/www.procarton.com\\\/es\\\/awards\\\/european-carton-excellence-award\\\/2019-2\\\/#breadcrumb\"},\"inLanguage\":\"de\",\"potentialAction\":[{\"@type\":\"ReadAction\",\"target\":[\"https:\\\/\\\/www.procarton.com\\\/es\\\/awards\\\/european-carton-excellence-award\\\/2019-2\\\/\"]}]},{\"@type\":\"ImageObject\",\"inLanguage\":\"de\",\"@id\":\"https:\\\/\\\/www.procarton.com\\\/es\\\/awards\\\/european-carton-excellence-award\\\/2019-2\\\/#primaryimage\",\"url\":\"https:\\\/\\\/www.procarton.com\\\/wp-content\\\/uploads\\\/2022\\\/01\\\/ecea-gesamt-2019.jpeg\",\"contentUrl\":\"https:\\\/\\\/www.procarton.com\\\/wp-content\\\/uploads\\\/2022\\\/01\\\/ecea-gesamt-2019.jpeg\",\"width\":940,\"height\":340},{\"@type\":\"BreadcrumbList\",\"@id\":\"https:\\\/\\\/www.procarton.com\\\/es\\\/awards\\\/european-carton-excellence-award\\\/2019-2\\\/#breadcrumb\",\"itemListElement\":[{\"@type\":\"ListItem\",\"position\":1,\"name\":\"Home\",\"item\":\"https:\\\/\\\/www.procarton.com\\\/\"},{\"@type\":\"ListItem\",\"position\":2,\"name\":\"Awards\",\"item\":\"https:\\\/\\\/www.procarton.com\\\/awards\\\/\"},{\"@type\":\"ListItem\",\"position\":3,\"name\":\"European Carton Excellence Award\",\"item\":\"https:\\\/\\\/www.procarton.com\\\/awards\\\/european-carton-excellence-award\\\/\"},{\"@type\":\"ListItem\",\"position\":4,\"name\":\"2019\"}]},{\"@type\":\"WebSite\",\"@id\":\"https:\\\/\\\/www.procarton.com\\\/es\\\/#website\",\"url\":\"https:\\\/\\\/www.procarton.com\\\/es\\\/\",\"name\":\"Pro Carton\",\"description\":\"\",\"publisher\":{\"@id\":\"https:\\\/\\\/www.procarton.com\\\/es\\\/#organization\"},\"potentialAction\":[{\"@type\":\"SearchAction\",\"target\":{\"@type\":\"EntryPoint\",\"urlTemplate\":\"https:\\\/\\\/www.procarton.com\\\/es\\\/?s={search_term_string}\"},\"query-input\":{\"@type\":\"PropertyValueSpecification\",\"valueRequired\":true,\"valueName\":\"search_term_string\"}}],\"inLanguage\":\"de\"},{\"@type\":\"Organization\",\"@id\":\"https:\\\/\\\/www.procarton.com\\\/es\\\/#organization\",\"name\":\"ProCarton\",\"url\":\"https:\\\/\\\/www.procarton.com\\\/es\\\/\",\"logo\":{\"@type\":\"ImageObject\",\"inLanguage\":\"de\",\"@id\":\"https:\\\/\\\/www.procarton.com\\\/es\\\/#\\\/schema\\\/logo\\\/image\\\/\",\"url\":\"https:\\\/\\\/www.procarton.com\\\/wp-content\\\/uploads\\\/2022\\\/06\\\/logo-mit-slogan.jpg\",\"contentUrl\":\"https:\\\/\\\/www.procarton.com\\\/wp-content\\\/uploads\\\/2022\\\/06\\\/logo-mit-slogan.jpg\",\"width\":422,\"height\":519,\"caption\":\"ProCarton\"},\"image\":{\"@id\":\"https:\\\/\\\/www.procarton.com\\\/es\\\/#\\\/schema\\\/logo\\\/image\\\/\"},\"sameAs\":[\"https:\\\/\\\/www.facebook.com\\\/procartondesignaward\\\/\",\"https:\\\/\\\/x.com\\\/pro_carton\"]}]}<\/script>\n<!-- \/ Yoast SEO plugin. -->","yoast_head_json":{"title":"2019 - Profi-Karton","robots":{"index":"index","follow":"follow","max-snippet":"max-snippet:-1","max-image-preview":"max-image-preview:large","max-video-preview":"max-video-preview:-1"},"canonical":"https:\/\/www.procarton.com\/de\/awards\/european-carton-excellence-award\/2019-2\/","og_locale":"de_DE","og_type":"article","og_title":"2019 - Pro Carton","og_url":"https:\/\/www.procarton.com\/de\/awards\/european-carton-excellence-award\/2019-2\/","og_site_name":"Pro Carton","article_publisher":"https:\/\/www.facebook.com\/procartondesignaward\/","article_modified_time":"2022-04-01T14:53:27+00:00","og_image":[{"width":940,"height":340,"url":"https:\/\/www.procarton.com\/wp-content\/uploads\/2022\/01\/ecea-gesamt-2019.jpeg","type":"image\/jpeg"}],"twitter_card":"summary_large_image","twitter_site":"@pro_carton","twitter_misc":{"Gesch\u00e4tzte Lesezeit":"2\u00a0Minuten"},"schema":{"@context":"https:\/\/schema.org","@graph":[{"@type":"WebPage","@id":"https:\/\/www.procarton.com\/es\/awards\/european-carton-excellence-award\/2019-2\/","url":"https:\/\/www.procarton.com\/es\/awards\/european-carton-excellence-award\/2019-2\/","name":"2019 - Profi-Karton","isPartOf":{"@id":"https:\/\/www.procarton.com\/es\/#website"},"primaryImageOfPage":{"@id":"https:\/\/www.procarton.com\/es\/awards\/european-carton-excellence-award\/2019-2\/#primaryimage"},"image":{"@id":"https:\/\/www.procarton.com\/es\/awards\/european-carton-excellence-award\/2019-2\/#primaryimage"},"thumbnailUrl":"https:\/\/www.procarton.com\/wp-content\/uploads\/2022\/01\/ecea-gesamt-2019.jpeg","datePublished":"2021-02-12T16:29:13+00:00","dateModified":"2022-04-01T14:53:27+00:00","breadcrumb":{"@id":"https:\/\/www.procarton.com\/es\/awards\/european-carton-excellence-award\/2019-2\/#breadcrumb"},"inLanguage":"de","potentialAction":[{"@type":"ReadAction","target":["https:\/\/www.procarton.com\/es\/awards\/european-carton-excellence-award\/2019-2\/"]}]},{"@type":"ImageObject","inLanguage":"de","@id":"https:\/\/www.procarton.com\/es\/awards\/european-carton-excellence-award\/2019-2\/#primaryimage","url":"https:\/\/www.procarton.com\/wp-content\/uploads\/2022\/01\/ecea-gesamt-2019.jpeg","contentUrl":"https:\/\/www.procarton.com\/wp-content\/uploads\/2022\/01\/ecea-gesamt-2019.jpeg","width":940,"height":340},{"@type":"BreadcrumbList","@id":"https:\/\/www.procarton.com\/es\/awards\/european-carton-excellence-award\/2019-2\/#breadcrumb","itemListElement":[{"@type":"ListItem","position":1,"name":"Home","item":"https:\/\/www.procarton.com\/"},{"@type":"ListItem","position":2,"name":"Awards","item":"https:\/\/www.procarton.com\/awards\/"},{"@type":"ListItem","position":3,"name":"European Carton Excellence Award","item":"https:\/\/www.procarton.com\/awards\/european-carton-excellence-award\/"},{"@type":"ListItem","position":4,"name":"2019"}]},{"@type":"WebSite","@id":"https:\/\/www.procarton.com\/es\/#website","url":"https:\/\/www.procarton.com\/es\/","name":"Pro Carton","description":"","publisher":{"@id":"https:\/\/www.procarton.com\/es\/#organization"},"potentialAction":[{"@type":"SearchAction","target":{"@type":"EntryPoint","urlTemplate":"https:\/\/www.procarton.com\/es\/?s={search_term_string}"},"query-input":{"@type":"PropertyValueSpecification","valueRequired":true,"valueName":"search_term_string"}}],"inLanguage":"de"},{"@type":"Organization","@id":"https:\/\/www.procarton.com\/es\/#organization","name":"ProCarton","url":"https:\/\/www.procarton.com\/es\/","logo":{"@type":"ImageObject","inLanguage":"de","@id":"https:\/\/www.procarton.com\/es\/#\/schema\/logo\/image\/","url":"https:\/\/www.procarton.com\/wp-content\/uploads\/2022\/06\/logo-mit-slogan.jpg","contentUrl":"https:\/\/www.procarton.com\/wp-content\/uploads\/2022\/06\/logo-mit-slogan.jpg","width":422,"height":519,"caption":"ProCarton"},"image":{"@id":"https:\/\/www.procarton.com\/es\/#\/schema\/logo\/image\/"},"sameAs":["https:\/\/www.facebook.com\/procartondesignaward\/","https:\/\/x.com\/pro_carton"]}]}},"_links":{"self":[{"href":"https:\/\/www.procarton.com\/de\/wp-json\/wp\/v2\/pages\/243777","targetHints":{"allow":["GET"]}}],"collection":[{"href":"https:\/\/www.procarton.com\/de\/wp-json\/wp\/v2\/pages"}],"about":[{"href":"https:\/\/www.procarton.com\/de\/wp-json\/wp\/v2\/types\/page"}],"author":[{"embeddable":true,"href":"https:\/\/www.procarton.com\/de\/wp-json\/wp\/v2\/users\/1"}],"replies":[{"embeddable":true,"href":"https:\/\/www.procarton.com\/de\/wp-json\/wp\/v2\/comments?post=243777"}],"version-history":[{"count":7,"href":"https:\/\/www.procarton.com\/de\/wp-json\/wp\/v2\/pages\/243777\/revisions"}],"predecessor-version":[{"id":280060,"href":"https:\/\/www.procarton.com\/de\/wp-json\/wp\/v2\/pages\/243777\/revisions\/280060"}],"up":[{"embeddable":true,"href":"https:\/\/www.procarton.com\/de\/wp-json\/wp\/v2\/pages\/243707"}],"wp:featuredmedia":[{"embeddable":true,"href":"https:\/\/www.procarton.com\/de\/wp-json\/wp\/v2\/media\/274154"}],"wp:attachment":[{"href":"https:\/\/www.procarton.com\/de\/wp-json\/wp\/v2\/media?parent=243777"}],"curies":[{"name":"wp","href":"https:\/\/api.w.org\/{rel}","templated":true}]}}