{"id":243774,"date":"2021-02-12T16:28:56","date_gmt":"2021-02-12T16:28:56","guid":{"rendered":"https:\/\/www.procarton.com\/awards\/pro-carton-young-designers-award\/2018\/"},"modified":"2022-03-25T16:20:44","modified_gmt":"2022-03-25T16:20:44","slug":"2018-2","status":"publish","type":"page","link":"https:\/\/www.procarton.com\/de\/awards\/pro-carton-young-designers-award\/2018-2\/","title":{"rendered":"2018"},"content":{"rendered":"<section class=\"av_textblock_section\"  itemscope=\"itemscope\" itemtype=\"https:\/\/schema.org\/CreativeWork\" ><div class='avia_textblock'   itemprop=\"text\" ><figure class=\"wp-block-image size-large\"><img loading=\"lazy\" decoding=\"async\" width=\"1023\" height=\"384\" class=\"wp-image-258722\" src=\"https:\/\/www.procarton.com\/wp-content\/uploads\/2021\/03\/pydca18.jpg\" alt=\"\" srcset=\"https:\/\/www.procarton.com\/wp-content\/uploads\/2021\/03\/pydca18.jpg 1023w, https:\/\/www.procarton.com\/wp-content\/uploads\/2021\/03\/pydca18-300x113.jpg 300w, https:\/\/www.procarton.com\/wp-content\/uploads\/2021\/03\/pydca18-768x288.jpg 768w, https:\/\/www.procarton.com\/wp-content\/uploads\/2021\/03\/pydca18-18x7.jpg 18w, https:\/\/www.procarton.com\/wp-content\/uploads\/2021\/03\/pydca18-705x265.jpg 705w\" sizes=\"auto, (max-width: 1023px) 100vw, 1023px\" \/><\/figure>\n<h3 class=\"wp-block-heading\">PRO CARTON YOUNG DESIGNERS AWARD 2018!<\/h3>\n<h4 class=\"wp-block-heading\">Der Pro Carton Young Designers Award ist heute einer der f\u00fchrenden j\u00e4hrlichen Nachwuchswettbewerbe f\u00fcr Verpackungsdesign in Europa. Er spielt auch eine Vorreiterrolle bei der F\u00f6rderung der Nachhaltigkeit, da er sich ausschlie\u00dflich auf Kartondesign konzentriert!<\/h4>\n<p><!-- \/wp:post-content --><\/p>\n<p><!-- wp:list --><\/p>\n<p><!-- \/wp:list --><\/p>\n<\/div><\/section>\r\n<div class=\"av-animated-generic top-to-bottom flex_column av_two_third  flex_column_div av-zero-column-padding first  avia-builder-el-1  el_after_av_textblock  el_before_av_one_third  column-top-margin\" style='border-radius:0px; '><section class=\"av_textblock_section\"  itemscope=\"itemscope\" itemtype=\"https:\/\/schema.org\/CreativeWork\" ><div class='avia_textblock'   itemprop=\"text\" ><p><strong>Neu in diesem Jahr: Es gibt mehr Kategorien und mehr Gewinner sowie mehr Finalisten, die alle zum Galadinner eingeladen werden, das dieses Jahr in Riga stattfindet.\u00a0<\/strong><strong>Und vergessen Sie nicht, dass auch die Lehrer der Finalisten zur Gala kommen k\u00f6nnen!\u00a0<\/strong><\/p>\n<p><strong>Kategorien:<\/strong><\/p>\n<ul>\n<li>Kreative Verpackungen aus Karton: Lebensmittel und Getr\u00e4nke: Der Schwerpunkt liegt auf Karton als dem nachhaltigsten Verpackungsmaterial f\u00fcr Lebensmittel und Getr\u00e4nke und dessen Recyclingf\u00e4higkeit. Geben Sie uns einen Vorgeschmack auf gro\u00dfartiges Design!<\/li>\n<li>Kreative Verpackungen aus Karton: Alle Verpackungen au\u00dfer Lebensmittel und Getr\u00e4nke: alle Non-Food-Verpackungen aus Karton, der nat\u00fcrlich sowohl erneuerbar als auch recycelbar ist.<\/li>\n<li>Kreative Ideen aus Karton: Denken Sie \u00fcber den Tellerrand hinaus! Hier haben Sie die M\u00f6glichkeit, Ihre Kartonideen au\u00dferhalb des Verpackungsmarktes vorzustellen.<\/li>\n<li>Retten Sie den Planeten: Jede Minute wird eine LKW-Ladung Plastik in den Ozean gekippt. Zeigen Sie uns Ihre Ideen, wie Karton Plastik reduzieren oder ersetzen kann, und helfen Sie uns, den Planeten zu retten!<\/li>\n<\/ul>\n<p><!-- \/wp:list --><\/p>\n<p><!-- wp:paragraph --><strong>Preise:<\/strong><\/p>\n<p><!-- \/wp:paragraph --><\/p>\n<p><!-- wp:list --><\/p>\n<ul>\n<li>Der Hauptpreis f\u00fcr die Gewinner der Kategorie ist ein Besuch der\u00a0<a href=\"https:\/\/www.metsaboard.com\/About-Us\/Kemi-board-mill\/Pages\/default.aspx\"><strong>Mets\u00e4 Board Mill<\/strong><\/a>\u00a0in Finnland sowie eine praktische Ausbildung bei einem internationalen Kartonhersteller\u00a0<a href=\"http:\/\/www.mm-packaging.com\/de\/unternehmen\/\"><strong>Mayr-Melnhof Verpackung<\/strong><\/a>\u00a0in \u00d6sterreich. Alle Kosten bezahlt!<\/li>\n<li>Dar\u00fcber hinaus werden die Finalisten und alle ihre Dozenten zum Awards-Gala-Dinner und zur Feier am 20. September in der\u00a0<a href=\"https:\/\/www.ecma.org\/events-and-promotion\/annual-congress\/\"><strong>Kongress der European Carton Makers Association (ECMA)<\/strong><\/a>\u00a0in\u00a0<a href=\"http:\/\/www.latvia.travel\/en\/city\/riga-8\"><strong>Riga\/Lettland<\/strong>.<\/a>\u00a0Die europ\u00e4ische Faltschachtelindustrie trifft sich zu diesem Networking-Event des Jahres! Alle Kosten werden von Pro Carton \u00fcbernommen: Reisekosten, 2 \u00dcbernachtungen in einem Luxushotel, die elegante Award-Gala und sogar ein Budget f\u00fcr eine Nacht in Riga!<\/li>\n<li>Alle Finalisten erhalten gerahmte Urkunden.<\/li>\n<\/ul>\n<p><!-- \/wp:list --><\/p>\n<p><!-- wp:paragraph -->Inspiration finden Sie unter<\/p>\n<p><!-- \/wp:paragraph --><\/p>\n<p><!-- wp:list --><\/p>\n<ul>\n<li>die\u00a0<strong><a href=\"https:\/\/www.procarton.com\/awards\/pro-carton-young-designers-award\/2017-2\/winners\/\">Gewinner, Finalisten und in die engere Wahl gekommene Beitr\u00e4ge<\/a><\/strong>\u00a0f\u00fcr die Pro Carton Young Designers 2017 Award.<\/li>\n<li>und sehen Sie sich die\u00a0<a href=\"https:\/\/www.procarton.com\/awards\/pro-carton-young-designers-award\/2017-2\/videos\/\"><strong>Videos und verschaffen Sie sich einen Eindruck<\/strong><\/a>\u00a0der Award-Gala.<\/li>\n<\/ul>\n<p><!-- \/wp:list --><\/p>\n<p><!-- wp:paragraph --><em>Au\u00dferdem k\u00f6nnen Sie mehr \u00fcber die beiden Sponsorunternehmen erfahren, die die Gewinner 2018 begr\u00fc\u00dfen werden\u00a0<a href=\"http:\/\/www.mm-packaging.com\/de\/unternehmen\/\"><strong>www.mm-packaging.com<\/strong><\/a>\u00a0und\u00a0<a href=\"https:\/\/www.metsaboard.com\/About-Us\/Pages\/default.aspx\"><strong>www.metsaboard.com<\/strong><\/a><\/em><\/p>\n<p><!-- \/wp:paragraph --><\/p>\n<p><!-- wp:paragraph --><strong>Dienstleistungen f\u00fcr Designschulen und -universit\u00e4ten:<\/strong><\/p>\n<p><!-- \/wp:paragraph --><\/p>\n<p><!-- wp:paragraph -->Wir unterst\u00fctzen Sie gerne mit &gt;&gt; Publikationen zu Faltschachteln und Karton und vor allem mit kostenlosem Karton f\u00fcr die Gestaltungsarbeit. Wir wollen den Sch\u00fclern eine echte praktische Lernerfahrung bieten!<\/p>\n<p><!-- \/wp:paragraph --><\/p>\n<p><!-- wp:paragraph -->Wenn Sie m\u00f6chten, dass wir Ihnen Karton f\u00fcr Ihre Sch\u00fcler schicken, k\u00f6nnen Sie ihn hier kostenlos bestellen:<\/p>\n<p><!-- \/wp:paragraph --><\/p>\n<p><!-- wp:list --><\/p>\n<ul>\n<li><a href=\"https:\/\/www.procarton.com\/awards\/pro-carton-young-designers-award\/2018\/#collapseform1\">Klicken Sie hier, um Ihre Bestellung\/Kontaktinformationen einzugeben<\/a><\/li>\n<li>Bestellung bis Ende Dezember f\u00fcr Lieferung im Januar oder bis Ende Februar f\u00fcr Lieferung im M\u00e4rz<\/li>\n<li>Der Karton f\u00fcr die diesj\u00e4hrige Award wird gesponsert von<br \/><a href=\"http:\/\/www.mm-karton.com\/home\/\"><strong>MM Karton &amp; Papier.<\/strong><\/a><\/li>\n<\/ul>\n<p><!-- \/wp:list --><\/p>\n<p><!-- wp:paragraph -->Es ist auch m\u00f6glich, Folgendes zu veranlassen\u00a0<a href=\"https:\/\/www.procarton.com\/about-pro-carton\/members\/\"><strong>Pro Carton Mitglieder<\/strong><\/a>\u00a0in Ihre Schule oder Universit\u00e4t zu kommen und Workshops \u00fcber die zahlreichen M\u00f6glichkeiten zu veranstalten, die Karton und Pappe bieten (Design, Technologie, Produktion, Marketing ...).<\/p>\n<p><!-- \/wp:paragraph --><\/p>\n<p><!-- wp:list --><\/p>\n<ul>\n<li><a href=\"https:\/\/www.procarton.com\/awards\/pro-carton-young-designers-award\/2018\/#collapseform2\">Klicken Sie hier, um uns Ihre Anfrage zu senden<\/a><\/li>\n<\/ul>\n<p><!-- \/wp:list --><\/p>\n<p><!-- wp:paragraph -->Bitte lassen Sie uns wissen, was wir sonst noch f\u00fcr Sie tun k\u00f6nnen und kontaktieren Sie uns:<br \/><a href=\"mailto:mcewen@procarton.com\">Suzanne Mc Ewen<\/a><br \/><a href=\"mailto:mcewen@procarton.com\">mcewen@procarton.com<\/a><\/p>\n<\/div><\/section><\/div>\r\n<div class=\"av-animated-generic top-to-bottom flex_column av_one_third  flex_column_div av-zero-column-padding   avia-builder-el-3  el_after_av_two_third  avia-builder-el-last  column-top-margin\" style='border-radius:0px; '><p><div   data-autoplay='1'  data-interval='5'  data-animation='fade'  data-hoverpause='1'  class='avia-testimonial-wrapper avia-grid-testimonials avia-grid-2-testimonials avia_animate_when_almost_visible'><section class ='avia-testimonial-row'><div class='avia-testimonial av_one_half flex_column no_margin avia-testimonial-row-1 avia-first-testimonial' ><div class='avia-testimonial_inner'  itemscope=\"itemscope\" itemtype=\"https:\/\/schema.org\/CreativeWork\" ><div class='avia-testimonial-content'  ><div class='avia-testimonial-markup-entry-content'  itemprop=\"text\" ><p>\"Dies ist ein mit Spannung erwarteter Design-Wettbewerb, allein schon wegen der erstaunlichen innovativen Ideen und des cleveren Denkens, das wir in der Vergangenheit erlebt haben. Es ist faszinierend zu sehen, dass es v\u00f6llig neue Verwendungsm\u00f6glichkeiten f\u00fcr Karton gibt, die wir bisher noch nicht gesehen haben. Es ist wirklich erstaunlich, was man mit Karton durch freies Denken alles machen kann.\"<\/p>\n<\/div><\/div><div class='avia-testimonial-meta'><div class='avia-testimonial-arrow-wrap'><div class='avia-arrow'><\/div><\/div><div class='avia-testimonial-meta-mini'  itemprop=\"author\" itemscope=\"itemscope\" itemtype=\"https:\/\/schema.org\/Person\" ><strong  class='avia-testimonial-name'    itemprop=\"name\" >Satkar Gidda<\/strong><span  class='avia-testimonial-subtitle'    itemprop=\"jobTitle\" >Vorsitzender der Jury<\/span><\/div><\/div><\/div><\/div>\n<\/section><\/div><br \/>\n<div  class='avia-video avia-video-16-9   av-lazyload-immediate  av-lazyload-video-embed' style='background-image:url(\"https:\/\/www.procarton.com\/wp-content\/uploads\/2022\/03\/yda_thumbnail-300x157.png\");'  itemprop=\"video\" itemtype=\"https:\/\/schema.org\/VideoObject\"  data-original_url='https:\/\/www.youtube.com\/watch?v=bzTKIpf47PE' ><script type='text\/html' class='av-video-tmpl'><div class='avia-iframe-wrap'><iframe loading=\"lazy\" title=\"Asking the sponsors: Why is the Pro Carton Young Designers Award important to you?\" width=\"1500\" height=\"844\" src=\"https:\/\/www.youtube.com\/embed\/bzTKIpf47PE?feature=oembed&autoplay=0&loop=0&controls=1&mute=0\" frameborder=\"0\" allow=\"accelerometer; autoplay; clipboard-write; encrypted-media; gyroscope; picture-in-picture\" allowfullscreen><\/iframe><\/div><\/script><div class='av-click-to-play-overlay'><div class=\"avia_playpause_icon\"><\/div><\/div><\/div><br \/>\n<div  class='avia-video avia-video-16-9   av-lazyload-immediate  av-lazyload-video-embed' style='background-image:url(\"https:\/\/www.procarton.com\/wp-content\/uploads\/2022\/03\/yda_thumbnail1-300x157.png\");'  itemprop=\"video\" itemtype=\"https:\/\/schema.org\/VideoObject\"  data-original_url='https:\/\/www.youtube.com\/watch?v=l01RtxCQxsA' ><script type='text\/html' class='av-video-tmpl'><div class='avia-iframe-wrap'><iframe loading=\"lazy\" title=\"What&#039;s the Pro Carton Young Designers Award to you?\" width=\"1500\" height=\"844\" src=\"https:\/\/www.youtube.com\/embed\/l01RtxCQxsA?feature=oembed&autoplay=0&loop=0&controls=1&mute=0\" frameborder=\"0\" allow=\"accelerometer; autoplay; clipboard-write; encrypted-media; gyroscope; picture-in-picture\" allowfullscreen><\/iframe><\/div><\/script><div class='av-click-to-play-overlay'><div class=\"avia_playpause_icon\"><\/div><\/div><\/div><br \/>\n<div  class='avia-image-container  av-styling-    avia-builder-el-7  el_after_av_video  avia-builder-el-last  avia-align-center'  itemprop=\"image\" itemscope=\"itemscope\" itemtype=\"https:\/\/schema.org\/ImageObject\"  ><div class='avia-image-container-inner'><div class='avia-image-overlay-wrap'><a href=\"https:\/\/www.procarton.com\/de\/publication\/award-brochure\/\" class='avia_image' ><img decoding=\"async\" width=\"211\" height=\"300\" class='wp-image-275836 avia-img-lazy-loading-not-275836 avia_image' src=\"https:\/\/www.procarton.com\/wp-content\/uploads\/2022\/03\/Pro-Carton-PCYDA-Broschure-2018-211x300.jpeg\" alt='' title='Pro-Karton-PCYDA-Brosch\u00fcre-2018'  itemprop=\"thumbnailUrl\" srcset=\"https:\/\/www.procarton.com\/wp-content\/uploads\/2022\/03\/Pro-Carton-PCYDA-Broschure-2018-211x300.jpeg 211w, https:\/\/www.procarton.com\/wp-content\/uploads\/2022\/03\/Pro-Carton-PCYDA-Broschure-2018-8x12.jpeg 8w, https:\/\/www.procarton.com\/wp-content\/uploads\/2022\/03\/Pro-Carton-PCYDA-Broschure-2018.jpeg 400w\" sizes=\"(max-width: 211px) 100vw, 211px\" \/><\/a><\/div><\/div><\/div><\/p><\/div>","protected":false},"excerpt":{"rendered":"","protected":false},"author":1,"featured_media":272782,"parent":243708,"menu_order":8,"comment_status":"closed","ping_status":"closed","template":"templates\/award_details_page.php","meta":{"inline_featured_image":false,"footnotes":""},"class_list":["post-243774","page","type-page","status-publish","has-post-thumbnail","hentry"],"yoast_head":"<!-- This site is optimized with the Yoast SEO plugin v27.4 - https:\/\/yoast.com\/product\/yoast-seo-wordpress\/ -->\n<title>2018 - Pro Carton<\/title>\n<meta name=\"robots\" content=\"index, follow, max-snippet:-1, max-image-preview:large, max-video-preview:-1\" \/>\n<link rel=\"canonical\" href=\"https:\/\/www.procarton.com\/de\/awards\/pro-carton-young-designers-award\/2018-2\/\" \/>\n<meta property=\"og:locale\" content=\"de_DE\" \/>\n<meta property=\"og:type\" content=\"article\" \/>\n<meta property=\"og:title\" content=\"2018 - Pro Carton\" \/>\n<meta property=\"og:url\" content=\"https:\/\/www.procarton.com\/de\/awards\/pro-carton-young-designers-award\/2018-2\/\" \/>\n<meta property=\"og:site_name\" content=\"Pro Carton\" \/>\n<meta property=\"article:publisher\" content=\"https:\/\/www.facebook.com\/procartondesignaward\/\" \/>\n<meta property=\"article:modified_time\" content=\"2022-03-25T16:20:44+00:00\" \/>\n<meta property=\"og:image\" content=\"https:\/\/www.procarton.com\/wp-content\/uploads\/2022\/01\/Pro-Carton-Young-Designers-Award-2018.png\" \/>\n\t<meta property=\"og:image:width\" content=\"1656\" \/>\n\t<meta property=\"og:image:height\" content=\"934\" \/>\n\t<meta property=\"og:image:type\" content=\"image\/png\" \/>\n<meta name=\"twitter:card\" content=\"summary_large_image\" \/>\n<meta name=\"twitter:site\" content=\"@pro_carton\" \/>\n<meta name=\"twitter:label1\" content=\"Gesch\u00e4tzte Lesezeit\" \/>\n\t<meta name=\"twitter:data1\" content=\"3\u00a0Minuten\" \/>\n<script type=\"application\/ld+json\" class=\"yoast-schema-graph\">{\"@context\":\"https:\\\/\\\/schema.org\",\"@graph\":[{\"@type\":\"WebPage\",\"@id\":\"https:\\\/\\\/www.procarton.com\\\/es\\\/awards\\\/pro-carton-young-designers-award\\\/2018-2\\\/\",\"url\":\"https:\\\/\\\/www.procarton.com\\\/es\\\/awards\\\/pro-carton-young-designers-award\\\/2018-2\\\/\",\"name\":\"2018 - Pro Carton\",\"isPartOf\":{\"@id\":\"https:\\\/\\\/www.procarton.com\\\/es\\\/#website\"},\"primaryImageOfPage\":{\"@id\":\"https:\\\/\\\/www.procarton.com\\\/es\\\/awards\\\/pro-carton-young-designers-award\\\/2018-2\\\/#primaryimage\"},\"image\":{\"@id\":\"https:\\\/\\\/www.procarton.com\\\/es\\\/awards\\\/pro-carton-young-designers-award\\\/2018-2\\\/#primaryimage\"},\"thumbnailUrl\":\"https:\\\/\\\/www.procarton.com\\\/wp-content\\\/uploads\\\/2022\\\/01\\\/Pro-Carton-Young-Designers-Award-2018.png\",\"datePublished\":\"2021-02-12T16:28:56+00:00\",\"dateModified\":\"2022-03-25T16:20:44+00:00\",\"breadcrumb\":{\"@id\":\"https:\\\/\\\/www.procarton.com\\\/es\\\/awards\\\/pro-carton-young-designers-award\\\/2018-2\\\/#breadcrumb\"},\"inLanguage\":\"de\",\"potentialAction\":[{\"@type\":\"ReadAction\",\"target\":[\"https:\\\/\\\/www.procarton.com\\\/es\\\/awards\\\/pro-carton-young-designers-award\\\/2018-2\\\/\"]}]},{\"@type\":\"ImageObject\",\"inLanguage\":\"de\",\"@id\":\"https:\\\/\\\/www.procarton.com\\\/es\\\/awards\\\/pro-carton-young-designers-award\\\/2018-2\\\/#primaryimage\",\"url\":\"https:\\\/\\\/www.procarton.com\\\/wp-content\\\/uploads\\\/2022\\\/01\\\/Pro-Carton-Young-Designers-Award-2018.png\",\"contentUrl\":\"https:\\\/\\\/www.procarton.com\\\/wp-content\\\/uploads\\\/2022\\\/01\\\/Pro-Carton-Young-Designers-Award-2018.png\",\"width\":1656,\"height\":934},{\"@type\":\"BreadcrumbList\",\"@id\":\"https:\\\/\\\/www.procarton.com\\\/es\\\/awards\\\/pro-carton-young-designers-award\\\/2018-2\\\/#breadcrumb\",\"itemListElement\":[{\"@type\":\"ListItem\",\"position\":1,\"name\":\"Home\",\"item\":\"https:\\\/\\\/www.procarton.com\\\/\"},{\"@type\":\"ListItem\",\"position\":2,\"name\":\"Awards\",\"item\":\"https:\\\/\\\/www.procarton.com\\\/awards\\\/\"},{\"@type\":\"ListItem\",\"position\":3,\"name\":\"Pro Carton Young Designers Award\",\"item\":\"https:\\\/\\\/www.procarton.com\\\/awards\\\/pro-carton-young-designers-award\\\/\"},{\"@type\":\"ListItem\",\"position\":4,\"name\":\"2018\"}]},{\"@type\":\"WebSite\",\"@id\":\"https:\\\/\\\/www.procarton.com\\\/es\\\/#website\",\"url\":\"https:\\\/\\\/www.procarton.com\\\/es\\\/\",\"name\":\"Pro Carton\",\"description\":\"\",\"publisher\":{\"@id\":\"https:\\\/\\\/www.procarton.com\\\/es\\\/#organization\"},\"potentialAction\":[{\"@type\":\"SearchAction\",\"target\":{\"@type\":\"EntryPoint\",\"urlTemplate\":\"https:\\\/\\\/www.procarton.com\\\/es\\\/?s={search_term_string}\"},\"query-input\":{\"@type\":\"PropertyValueSpecification\",\"valueRequired\":true,\"valueName\":\"search_term_string\"}}],\"inLanguage\":\"de\"},{\"@type\":\"Organization\",\"@id\":\"https:\\\/\\\/www.procarton.com\\\/es\\\/#organization\",\"name\":\"ProCarton\",\"url\":\"https:\\\/\\\/www.procarton.com\\\/es\\\/\",\"logo\":{\"@type\":\"ImageObject\",\"inLanguage\":\"de\",\"@id\":\"https:\\\/\\\/www.procarton.com\\\/es\\\/#\\\/schema\\\/logo\\\/image\\\/\",\"url\":\"https:\\\/\\\/www.procarton.com\\\/wp-content\\\/uploads\\\/2022\\\/06\\\/logo-mit-slogan.jpg\",\"contentUrl\":\"https:\\\/\\\/www.procarton.com\\\/wp-content\\\/uploads\\\/2022\\\/06\\\/logo-mit-slogan.jpg\",\"width\":422,\"height\":519,\"caption\":\"ProCarton\"},\"image\":{\"@id\":\"https:\\\/\\\/www.procarton.com\\\/es\\\/#\\\/schema\\\/logo\\\/image\\\/\"},\"sameAs\":[\"https:\\\/\\\/www.facebook.com\\\/procartondesignaward\\\/\",\"https:\\\/\\\/x.com\\\/pro_carton\"]}]}<\/script>\n<!-- \/ Yoast SEO plugin. -->","yoast_head_json":{"title":"2018 - Pro Carton","robots":{"index":"index","follow":"follow","max-snippet":"max-snippet:-1","max-image-preview":"max-image-preview:large","max-video-preview":"max-video-preview:-1"},"canonical":"https:\/\/www.procarton.com\/de\/awards\/pro-carton-young-designers-award\/2018-2\/","og_locale":"de_DE","og_type":"article","og_title":"2018 - Pro Carton","og_url":"https:\/\/www.procarton.com\/de\/awards\/pro-carton-young-designers-award\/2018-2\/","og_site_name":"Pro Carton","article_publisher":"https:\/\/www.facebook.com\/procartondesignaward\/","article_modified_time":"2022-03-25T16:20:44+00:00","og_image":[{"width":1656,"height":934,"url":"https:\/\/www.procarton.com\/wp-content\/uploads\/2022\/01\/Pro-Carton-Young-Designers-Award-2018.png","type":"image\/png"}],"twitter_card":"summary_large_image","twitter_site":"@pro_carton","twitter_misc":{"Gesch\u00e4tzte Lesezeit":"3\u00a0Minuten"},"schema":{"@context":"https:\/\/schema.org","@graph":[{"@type":"WebPage","@id":"https:\/\/www.procarton.com\/es\/awards\/pro-carton-young-designers-award\/2018-2\/","url":"https:\/\/www.procarton.com\/es\/awards\/pro-carton-young-designers-award\/2018-2\/","name":"2018 - Pro Carton","isPartOf":{"@id":"https:\/\/www.procarton.com\/es\/#website"},"primaryImageOfPage":{"@id":"https:\/\/www.procarton.com\/es\/awards\/pro-carton-young-designers-award\/2018-2\/#primaryimage"},"image":{"@id":"https:\/\/www.procarton.com\/es\/awards\/pro-carton-young-designers-award\/2018-2\/#primaryimage"},"thumbnailUrl":"https:\/\/www.procarton.com\/wp-content\/uploads\/2022\/01\/Pro-Carton-Young-Designers-Award-2018.png","datePublished":"2021-02-12T16:28:56+00:00","dateModified":"2022-03-25T16:20:44+00:00","breadcrumb":{"@id":"https:\/\/www.procarton.com\/es\/awards\/pro-carton-young-designers-award\/2018-2\/#breadcrumb"},"inLanguage":"de","potentialAction":[{"@type":"ReadAction","target":["https:\/\/www.procarton.com\/es\/awards\/pro-carton-young-designers-award\/2018-2\/"]}]},{"@type":"ImageObject","inLanguage":"de","@id":"https:\/\/www.procarton.com\/es\/awards\/pro-carton-young-designers-award\/2018-2\/#primaryimage","url":"https:\/\/www.procarton.com\/wp-content\/uploads\/2022\/01\/Pro-Carton-Young-Designers-Award-2018.png","contentUrl":"https:\/\/www.procarton.com\/wp-content\/uploads\/2022\/01\/Pro-Carton-Young-Designers-Award-2018.png","width":1656,"height":934},{"@type":"BreadcrumbList","@id":"https:\/\/www.procarton.com\/es\/awards\/pro-carton-young-designers-award\/2018-2\/#breadcrumb","itemListElement":[{"@type":"ListItem","position":1,"name":"Home","item":"https:\/\/www.procarton.com\/"},{"@type":"ListItem","position":2,"name":"Awards","item":"https:\/\/www.procarton.com\/awards\/"},{"@type":"ListItem","position":3,"name":"Pro Carton Young Designers Award","item":"https:\/\/www.procarton.com\/awards\/pro-carton-young-designers-award\/"},{"@type":"ListItem","position":4,"name":"2018"}]},{"@type":"WebSite","@id":"https:\/\/www.procarton.com\/es\/#website","url":"https:\/\/www.procarton.com\/es\/","name":"Pro Carton","description":"","publisher":{"@id":"https:\/\/www.procarton.com\/es\/#organization"},"potentialAction":[{"@type":"SearchAction","target":{"@type":"EntryPoint","urlTemplate":"https:\/\/www.procarton.com\/es\/?s={search_term_string}"},"query-input":{"@type":"PropertyValueSpecification","valueRequired":true,"valueName":"search_term_string"}}],"inLanguage":"de"},{"@type":"Organization","@id":"https:\/\/www.procarton.com\/es\/#organization","name":"ProCarton","url":"https:\/\/www.procarton.com\/es\/","logo":{"@type":"ImageObject","inLanguage":"de","@id":"https:\/\/www.procarton.com\/es\/#\/schema\/logo\/image\/","url":"https:\/\/www.procarton.com\/wp-content\/uploads\/2022\/06\/logo-mit-slogan.jpg","contentUrl":"https:\/\/www.procarton.com\/wp-content\/uploads\/2022\/06\/logo-mit-slogan.jpg","width":422,"height":519,"caption":"ProCarton"},"image":{"@id":"https:\/\/www.procarton.com\/es\/#\/schema\/logo\/image\/"},"sameAs":["https:\/\/www.facebook.com\/procartondesignaward\/","https:\/\/x.com\/pro_carton"]}]}},"_links":{"self":[{"href":"https:\/\/www.procarton.com\/de\/wp-json\/wp\/v2\/pages\/243774","targetHints":{"allow":["GET"]}}],"collection":[{"href":"https:\/\/www.procarton.com\/de\/wp-json\/wp\/v2\/pages"}],"about":[{"href":"https:\/\/www.procarton.com\/de\/wp-json\/wp\/v2\/types\/page"}],"author":[{"embeddable":true,"href":"https:\/\/www.procarton.com\/de\/wp-json\/wp\/v2\/users\/1"}],"replies":[{"embeddable":true,"href":"https:\/\/www.procarton.com\/de\/wp-json\/wp\/v2\/comments?post=243774"}],"version-history":[{"count":10,"href":"https:\/\/www.procarton.com\/de\/wp-json\/wp\/v2\/pages\/243774\/revisions"}],"predecessor-version":[{"id":275838,"href":"https:\/\/www.procarton.com\/de\/wp-json\/wp\/v2\/pages\/243774\/revisions\/275838"}],"up":[{"embeddable":true,"href":"https:\/\/www.procarton.com\/de\/wp-json\/wp\/v2\/pages\/243708"}],"wp:featuredmedia":[{"embeddable":true,"href":"https:\/\/www.procarton.com\/de\/wp-json\/wp\/v2\/media\/272782"}],"wp:attachment":[{"href":"https:\/\/www.procarton.com\/de\/wp-json\/wp\/v2\/media?parent=243774"}],"curies":[{"name":"wp","href":"https:\/\/api.w.org\/{rel}","templated":true}]}}