{"id":243773,"date":"2021-02-12T16:28:56","date_gmt":"2021-02-12T16:28:56","guid":{"rendered":"https:\/\/www.procarton.com\/awards\/pro-carton-young-designers-award\/2019\/"},"modified":"2022-04-10T20:27:24","modified_gmt":"2022-04-10T19:27:24","slug":"2019-2","status":"publish","type":"page","link":"https:\/\/www.procarton.com\/de\/awards\/pro-carton-young-designers-award\/2019-2\/","title":{"rendered":"2019"},"content":{"rendered":"<div class=\"av-animated-generic top-to-bottom flex_column av_two_third  flex_column_div av-zero-column-padding first  avia-builder-el-0  el_before_av_one_third  avia-builder-el-first\" style='border-radius:0px; '><section class=\"av_textblock_section\"  itemscope=\"itemscope\" itemtype=\"https:\/\/schema.org\/CreativeWork\" ><div class='avia_textblock'   itemprop=\"text\" ><p><strong>Der Pro Carton Young Designers Award ist heute einer der f\u00fchrenden j\u00e4hrlichen Nachwuchswettbewerbe f\u00fcr Verpackungsdesign in Europa. Er spielt auch eine Vorreiterrolle bei der F\u00f6rderung der Nachhaltigkeit, da er sich ausschlie\u00dflich auf Kartondesign konzentriert!<\/strong><\/p>\n<p><!-- \/wp:post-content --><\/p>\n<p><!-- wp:paragraph --><strong><a href=\"https:\/\/www.procarton.com\/awards\/pro-carton-young-designers-award\/2019-2\/winners\/\">Klicken Sie hier f\u00fcr die Gewinner!<\/a><\/strong><\/p>\n<p><!-- \/wp:paragraph --><\/p>\n<p><!-- wp:paragraph --><strong>Eingereicht wurden Beitr\u00e4ge in vier Kategorien:<\/strong><\/p>\n<p><!-- \/wp:paragraph --><\/p>\n<p><!-- wp:list --><\/p>\n<ul>\n<li>Kreative Verpackungen aus Karton | Lebensmittel &amp; Getr\u00e4nke: Der Fokus liegt auf Karton als dem nachhaltigsten Verpackungsmaterial f\u00fcr Lebensmittel und Getr\u00e4nke und seiner Recyclingf\u00e4higkeit. Geben Sie uns einen Vorgeschmack auf gro\u00dfartiges Design!<\/li>\n<li>Kreative Verpackungen aus Karton | Alle anderen: In dieser Kategorie ging es um die Verwendung des nachhaltigsten Verpackungsmaterials f\u00fcr Non-Food-Verpackungen. Alles braucht eine Verpackung, schauen Sie sich um und lassen Sie sich inspirieren!<\/li>\n<li>Creative Cartonboard Ideas: Denken Sie \u00fcber den Tellerrand hinaus! Hier hatten Sie die Gelegenheit, Ihre Kartonideen au\u00dferhalb des Verpackungsmarktes vorzustellen.<\/li>\n<li>Retten Sie den Planeten: Jede Minute wird eine LKW-Ladung Plastik in den Ozean gekippt. Sie haben uns Ihre Ideen gezeigt, wie Karton Plastik reduzieren oder ersetzen kann und uns hilft, den Planeten zu retten!<\/li>\n<\/ul>\n<p><!-- \/wp:list --><\/p>\n<p><!-- wp:paragraph -->Wir haben das Anmeldeverfahren ge\u00e4ndert, um die Teilnahme am Pro Carton Young Designers Award 2019 zu vereinfachen sowie Zeit und Kosten f\u00fcr Sie zu sparen! Bitte \u00fcberpr\u00fcfen Sie die Regeln.<\/p>\n<p><!-- \/wp:paragraph --><\/p>\n<p><!-- wp:paragraph --><strong>Was Sie gewinnen k\u00f6nnen:<\/strong><\/p>\n<p><!-- \/wp:paragraph --><\/p>\n<p><!-- wp:list --><\/p>\n<ul>\n<li>Der Hauptpreis f\u00fcr die Gewinner der 4 Kategorien war ein Besuch im\u00a0<a href=\"http:\/\/www.storaenso.com\/\"><strong>Stora Enso\u00a0<\/strong><\/a>in Schweden sowie eine praktische Ausbildung bei\u00a0<a href=\"http:\/\/www.ar-packaging.com\/\"><strong>AR-Verpackung<\/strong><\/a>\u00a0in Schweden. Alle Kosten werden nat\u00fcrlich bezahlt!<\/li>\n<li>Dar\u00fcber hinaus wurden alle Gewinner, Finalisten und ihre jeweiligen Dozenten zum Awards-Gala-Dinner in der\u00a0<strong>Kongress der European Carton Makers Association (ECMA) im September 2019 in\u00a0<a href=\"https:\/\/www.visitmalta.com\/en\/attractions\">Malta\u00a0<\/a><\/strong>wo sich die europ\u00e4ische Faltschachtelbranche zu diesem Networking-Event des Jahres traf! Alle Kosten wurden von Pro Carton \u00fcbernommen: Reisekosten, 2 \u00dcbernachtungen in einem Luxushotel, die elegante Award-Gala und sogar ein Budget f\u00fcr eine Nacht in Malta!<\/li>\n<li>Alle Finalisten erhielten gerahmte Urkunden.<\/li>\n<\/ul>\n<p><!-- \/wp:list --><\/p>\n<p><!-- wp:paragraph --><strong>Inspiration finden Sie unter<\/strong><\/p>\n<p><!-- \/wp:paragraph --><\/p>\n<p><!-- wp:list --><\/p>\n<ul>\n<li>die\u00a0<a href=\"https:\/\/www.procarton.com\/awards\/pro-carton-young-designers-award\/2018-2\/\">Gewinner, Finalisten und Auswahlliste<\/a> f\u00fcr die Pro Carton Young Designers 2018 Award.<\/li>\n<li>und sehen Sie sich die\u00a0<a href=\"https:\/\/www.procarton.com\/awards\/pro-carton-young-designers-award\/2018\/videos\/\">Videos<\/a>\u00a0und verschaffen Sie sich einen Eindruck von der Award Gala.<\/li>\n<\/ul>\n<p><!-- \/wp:list --><\/p>\n<p><!-- wp:paragraph --><em>Weitere Informationen \u00fcber die beiden Sponsorunternehmen, die die Gewinner 2019 willkommen hie\u00dfen, finden Sie unter\u00a0<a href=\"http:\/\/www.storaenso.com\/\">www.storaenso.com\u00a0<\/a>und\u00a0<a href=\"http:\/\/www.ar-packaging.com\/\">www.ar-packaging.com<\/a><\/em><\/p>\n<p>Folgen Sie uns auf Ihrem bevorzugten Social Media-Kanal und bleiben Sie auf dem Laufenden.<\/p>\n<p><a href=\"https:\/\/www.facebook.com\/procartondesignaward\" target=\"_blank\" rel=\"noopener noreferrer\"><img loading=\"lazy\" decoding=\"async\" class=\"alignnone size-full wp-image-118534\" src=\"https:\/\/www.procarton.com\/wp-content\/uploads\/2016\/04\/fb_button.jpg\" alt=\"fb_button\" width=\"49\" height=\"48\" \/><\/a>\u00a0<a href=\"https:\/\/twitter.com\/Pro_Carton\" target=\"_blank\" rel=\"noopener noreferrer\"><img loading=\"lazy\" decoding=\"async\" class=\"alignnone size-full wp-image-118537\" src=\"https:\/\/www.procarton.com\/wp-content\/uploads\/2016\/04\/twitter_button.jpg\" alt=\"twitter_button\" width=\"49\" height=\"48\" \/><\/a>\u00a0<a href=\"https:\/\/www.instagram.com\/procartoneurope\/\" target=\"_blank\" rel=\"noopener noreferrer\"><img loading=\"lazy\" decoding=\"async\" class=\"alignnone size-full wp-image-118535\" src=\"https:\/\/www.procarton.com\/wp-content\/uploads\/2016\/04\/inst_button.jpg\" alt=\"inst_button\" width=\"51\" height=\"50\" \/><\/a>\u00a0<a href=\"https:\/\/www.pinterest.com\/procarton\/\" target=\"_blank\" rel=\"noopener noreferrer\"><img loading=\"lazy\" decoding=\"async\" class=\"alignnone size-full wp-image-118536\" src=\"https:\/\/www.procarton.com\/wp-content\/uploads\/2016\/04\/pint_button.jpg\" alt=\"pint_button\" width=\"49\" height=\"49\" \/><\/a>\u00a0<a href=\"https:\/\/www.linkedin.com\/company\/10999058\" target=\"_blank\" rel=\"noopener noreferrer\"><img loading=\"lazy\" decoding=\"async\" class=\"alignnone size-full wp-image-118536\" src=\"https:\/\/www.procarton.com\/wp-content\/uploads\/2017\/01\/linkedin.png\" alt=\"pint_button\" width=\"49\" height=\"49\" \/><\/a><\/p>\n<\/div><\/section><\/div><div class=\"av-animated-generic top-to-bottom flex_column av_one_third  flex_column_div av-zero-column-padding   avia-builder-el-2  el_after_av_two_third  avia-builder-el-last\" style='border-radius:0px; '><div   data-autoplay='1'  data-interval='5'  data-animation='fade'  data-hoverpause='1'  class='avia-testimonial-wrapper avia-grid-testimonials avia-grid-2-testimonials avia_animate_when_almost_visible'><section class ='avia-testimonial-row'><div class='avia-testimonial av_one_half flex_column no_margin avia-testimonial-row-1 avia-first-testimonial' ><div class='avia-testimonial_inner'  itemscope=\"itemscope\" itemtype=\"https:\/\/schema.org\/CreativeWork\" ><div class='avia-testimonial-content'  ><div class='avia-testimonial-markup-entry-content'  itemprop=\"text\" ><p>Der Pro Carton Young Designers Award ist mittlerweile einer der f\u00fchrenden j\u00e4hrlichen Nachwuchswettbewerbe f\u00fcr Verpackungsdesign in Europa. Jeder Student, der an einer europ\u00e4ischen Designschule oder Universit\u00e4t eingeschrieben ist und ein Herz f\u00fcr Struktur- und Produktdesign hat, ist zur Teilnahme eingeladen. Der Preis konzentriert sich ausschlie\u00dflich auf Karton und spielt eine Vorreiterrolle bei der F\u00f6rderung der Nachhaltigkeit in der Verpackungsindustrie.<\/p>\n<\/div><\/div><div class='avia-testimonial-meta'><div class='avia-testimonial-arrow-wrap'><div class='avia-arrow'><\/div><\/div><div class='avia-testimonial-meta-mini'  itemprop=\"author\" itemscope=\"itemscope\" itemtype=\"https:\/\/schema.org\/Person\" ><strong  class='avia-testimonial-name'    itemprop=\"name\" >Satkar Gidda<\/strong><\/div><\/div><\/div><\/div>\n<\/section><\/div><\/div>","protected":false},"excerpt":{"rendered":"","protected":false},"author":1,"featured_media":273960,"parent":243708,"menu_order":7,"comment_status":"closed","ping_status":"closed","template":"templates\/award_details_page.php","meta":{"inline_featured_image":false,"footnotes":""},"class_list":["post-243773","page","type-page","status-publish","has-post-thumbnail","hentry"],"yoast_head":"<!-- This site is optimized with the Yoast SEO plugin v27.4 - https:\/\/yoast.com\/product\/yoast-seo-wordpress\/ -->\n<title>2019 - Pro Carton<\/title>\n<meta name=\"robots\" content=\"index, follow, max-snippet:-1, max-image-preview:large, max-video-preview:-1\" \/>\n<link rel=\"canonical\" href=\"https:\/\/www.procarton.com\/de\/awards\/pro-carton-young-designers-award\/2019-2\/\" \/>\n<meta property=\"og:locale\" content=\"de_DE\" \/>\n<meta property=\"og:type\" content=\"article\" \/>\n<meta property=\"og:title\" content=\"2019 - Pro Carton\" \/>\n<meta property=\"og:url\" content=\"https:\/\/www.procarton.com\/de\/awards\/pro-carton-young-designers-award\/2019-2\/\" \/>\n<meta property=\"og:site_name\" content=\"Pro Carton\" \/>\n<meta property=\"article:publisher\" content=\"https:\/\/www.facebook.com\/procartondesignaward\/\" \/>\n<meta property=\"article:modified_time\" content=\"2022-04-10T19:27:24+00:00\" \/>\n<meta property=\"og:image\" content=\"https:\/\/www.procarton.com\/wp-content\/uploads\/2022\/01\/pydca19.jpg\" \/>\n\t<meta property=\"og:image:width\" content=\"1061\" \/>\n\t<meta property=\"og:image:height\" content=\"378\" \/>\n\t<meta property=\"og:image:type\" content=\"image\/jpeg\" \/>\n<meta name=\"twitter:card\" content=\"summary_large_image\" \/>\n<meta name=\"twitter:site\" content=\"@pro_carton\" \/>\n<meta name=\"twitter:label1\" content=\"Gesch\u00e4tzte Lesezeit\" \/>\n\t<meta name=\"twitter:data1\" content=\"2\u00a0Minuten\" \/>\n<script type=\"application\/ld+json\" class=\"yoast-schema-graph\">{\"@context\":\"https:\\\/\\\/schema.org\",\"@graph\":[{\"@type\":\"WebPage\",\"@id\":\"https:\\\/\\\/www.procarton.com\\\/es\\\/awards\\\/pro-carton-young-designers-award\\\/2019-2\\\/\",\"url\":\"https:\\\/\\\/www.procarton.com\\\/es\\\/awards\\\/pro-carton-young-designers-award\\\/2019-2\\\/\",\"name\":\"2019 - Pro Carton\",\"isPartOf\":{\"@id\":\"https:\\\/\\\/www.procarton.com\\\/es\\\/#website\"},\"primaryImageOfPage\":{\"@id\":\"https:\\\/\\\/www.procarton.com\\\/es\\\/awards\\\/pro-carton-young-designers-award\\\/2019-2\\\/#primaryimage\"},\"image\":{\"@id\":\"https:\\\/\\\/www.procarton.com\\\/es\\\/awards\\\/pro-carton-young-designers-award\\\/2019-2\\\/#primaryimage\"},\"thumbnailUrl\":\"https:\\\/\\\/www.procarton.com\\\/wp-content\\\/uploads\\\/2022\\\/01\\\/pydca19.jpg\",\"datePublished\":\"2021-02-12T16:28:56+00:00\",\"dateModified\":\"2022-04-10T19:27:24+00:00\",\"breadcrumb\":{\"@id\":\"https:\\\/\\\/www.procarton.com\\\/es\\\/awards\\\/pro-carton-young-designers-award\\\/2019-2\\\/#breadcrumb\"},\"inLanguage\":\"de\",\"potentialAction\":[{\"@type\":\"ReadAction\",\"target\":[\"https:\\\/\\\/www.procarton.com\\\/es\\\/awards\\\/pro-carton-young-designers-award\\\/2019-2\\\/\"]}]},{\"@type\":\"ImageObject\",\"inLanguage\":\"de\",\"@id\":\"https:\\\/\\\/www.procarton.com\\\/es\\\/awards\\\/pro-carton-young-designers-award\\\/2019-2\\\/#primaryimage\",\"url\":\"https:\\\/\\\/www.procarton.com\\\/wp-content\\\/uploads\\\/2022\\\/01\\\/pydca19.jpg\",\"contentUrl\":\"https:\\\/\\\/www.procarton.com\\\/wp-content\\\/uploads\\\/2022\\\/01\\\/pydca19.jpg\",\"width\":1061,\"height\":378,\"caption\":\"Pro Carton Young Designers Award 2019\"},{\"@type\":\"BreadcrumbList\",\"@id\":\"https:\\\/\\\/www.procarton.com\\\/es\\\/awards\\\/pro-carton-young-designers-award\\\/2019-2\\\/#breadcrumb\",\"itemListElement\":[{\"@type\":\"ListItem\",\"position\":1,\"name\":\"Home\",\"item\":\"https:\\\/\\\/www.procarton.com\\\/\"},{\"@type\":\"ListItem\",\"position\":2,\"name\":\"Awards\",\"item\":\"https:\\\/\\\/www.procarton.com\\\/awards\\\/\"},{\"@type\":\"ListItem\",\"position\":3,\"name\":\"Pro Carton Young Designers Award\",\"item\":\"https:\\\/\\\/www.procarton.com\\\/awards\\\/pro-carton-young-designers-award\\\/\"},{\"@type\":\"ListItem\",\"position\":4,\"name\":\"2019\"}]},{\"@type\":\"WebSite\",\"@id\":\"https:\\\/\\\/www.procarton.com\\\/es\\\/#website\",\"url\":\"https:\\\/\\\/www.procarton.com\\\/es\\\/\",\"name\":\"Pro Carton\",\"description\":\"\",\"publisher\":{\"@id\":\"https:\\\/\\\/www.procarton.com\\\/es\\\/#organization\"},\"potentialAction\":[{\"@type\":\"SearchAction\",\"target\":{\"@type\":\"EntryPoint\",\"urlTemplate\":\"https:\\\/\\\/www.procarton.com\\\/es\\\/?s={search_term_string}\"},\"query-input\":{\"@type\":\"PropertyValueSpecification\",\"valueRequired\":true,\"valueName\":\"search_term_string\"}}],\"inLanguage\":\"de\"},{\"@type\":\"Organization\",\"@id\":\"https:\\\/\\\/www.procarton.com\\\/es\\\/#organization\",\"name\":\"ProCarton\",\"url\":\"https:\\\/\\\/www.procarton.com\\\/es\\\/\",\"logo\":{\"@type\":\"ImageObject\",\"inLanguage\":\"de\",\"@id\":\"https:\\\/\\\/www.procarton.com\\\/es\\\/#\\\/schema\\\/logo\\\/image\\\/\",\"url\":\"https:\\\/\\\/www.procarton.com\\\/wp-content\\\/uploads\\\/2022\\\/06\\\/logo-mit-slogan.jpg\",\"contentUrl\":\"https:\\\/\\\/www.procarton.com\\\/wp-content\\\/uploads\\\/2022\\\/06\\\/logo-mit-slogan.jpg\",\"width\":422,\"height\":519,\"caption\":\"ProCarton\"},\"image\":{\"@id\":\"https:\\\/\\\/www.procarton.com\\\/es\\\/#\\\/schema\\\/logo\\\/image\\\/\"},\"sameAs\":[\"https:\\\/\\\/www.facebook.com\\\/procartondesignaward\\\/\",\"https:\\\/\\\/x.com\\\/pro_carton\"]}]}<\/script>\n<!-- \/ Yoast SEO plugin. -->","yoast_head_json":{"title":"2019 - Profi-Karton","robots":{"index":"index","follow":"follow","max-snippet":"max-snippet:-1","max-image-preview":"max-image-preview:large","max-video-preview":"max-video-preview:-1"},"canonical":"https:\/\/www.procarton.com\/de\/awards\/pro-carton-young-designers-award\/2019-2\/","og_locale":"de_DE","og_type":"article","og_title":"2019 - Pro Carton","og_url":"https:\/\/www.procarton.com\/de\/awards\/pro-carton-young-designers-award\/2019-2\/","og_site_name":"Pro Carton","article_publisher":"https:\/\/www.facebook.com\/procartondesignaward\/","article_modified_time":"2022-04-10T19:27:24+00:00","og_image":[{"width":1061,"height":378,"url":"https:\/\/www.procarton.com\/wp-content\/uploads\/2022\/01\/pydca19.jpg","type":"image\/jpeg"}],"twitter_card":"summary_large_image","twitter_site":"@pro_carton","twitter_misc":{"Gesch\u00e4tzte Lesezeit":"2\u00a0Minuten"},"schema":{"@context":"https:\/\/schema.org","@graph":[{"@type":"WebPage","@id":"https:\/\/www.procarton.com\/es\/awards\/pro-carton-young-designers-award\/2019-2\/","url":"https:\/\/www.procarton.com\/es\/awards\/pro-carton-young-designers-award\/2019-2\/","name":"2019 - Profi-Karton","isPartOf":{"@id":"https:\/\/www.procarton.com\/es\/#website"},"primaryImageOfPage":{"@id":"https:\/\/www.procarton.com\/es\/awards\/pro-carton-young-designers-award\/2019-2\/#primaryimage"},"image":{"@id":"https:\/\/www.procarton.com\/es\/awards\/pro-carton-young-designers-award\/2019-2\/#primaryimage"},"thumbnailUrl":"https:\/\/www.procarton.com\/wp-content\/uploads\/2022\/01\/pydca19.jpg","datePublished":"2021-02-12T16:28:56+00:00","dateModified":"2022-04-10T19:27:24+00:00","breadcrumb":{"@id":"https:\/\/www.procarton.com\/es\/awards\/pro-carton-young-designers-award\/2019-2\/#breadcrumb"},"inLanguage":"de","potentialAction":[{"@type":"ReadAction","target":["https:\/\/www.procarton.com\/es\/awards\/pro-carton-young-designers-award\/2019-2\/"]}]},{"@type":"ImageObject","inLanguage":"de","@id":"https:\/\/www.procarton.com\/es\/awards\/pro-carton-young-designers-award\/2019-2\/#primaryimage","url":"https:\/\/www.procarton.com\/wp-content\/uploads\/2022\/01\/pydca19.jpg","contentUrl":"https:\/\/www.procarton.com\/wp-content\/uploads\/2022\/01\/pydca19.jpg","width":1061,"height":378,"caption":"Pro Carton Young Designers Award 2019"},{"@type":"BreadcrumbList","@id":"https:\/\/www.procarton.com\/es\/awards\/pro-carton-young-designers-award\/2019-2\/#breadcrumb","itemListElement":[{"@type":"ListItem","position":1,"name":"Home","item":"https:\/\/www.procarton.com\/"},{"@type":"ListItem","position":2,"name":"Awards","item":"https:\/\/www.procarton.com\/awards\/"},{"@type":"ListItem","position":3,"name":"Pro Carton Young Designers Award","item":"https:\/\/www.procarton.com\/awards\/pro-carton-young-designers-award\/"},{"@type":"ListItem","position":4,"name":"2019"}]},{"@type":"WebSite","@id":"https:\/\/www.procarton.com\/es\/#website","url":"https:\/\/www.procarton.com\/es\/","name":"Pro Carton","description":"","publisher":{"@id":"https:\/\/www.procarton.com\/es\/#organization"},"potentialAction":[{"@type":"SearchAction","target":{"@type":"EntryPoint","urlTemplate":"https:\/\/www.procarton.com\/es\/?s={search_term_string}"},"query-input":{"@type":"PropertyValueSpecification","valueRequired":true,"valueName":"search_term_string"}}],"inLanguage":"de"},{"@type":"Organization","@id":"https:\/\/www.procarton.com\/es\/#organization","name":"ProCarton","url":"https:\/\/www.procarton.com\/es\/","logo":{"@type":"ImageObject","inLanguage":"de","@id":"https:\/\/www.procarton.com\/es\/#\/schema\/logo\/image\/","url":"https:\/\/www.procarton.com\/wp-content\/uploads\/2022\/06\/logo-mit-slogan.jpg","contentUrl":"https:\/\/www.procarton.com\/wp-content\/uploads\/2022\/06\/logo-mit-slogan.jpg","width":422,"height":519,"caption":"ProCarton"},"image":{"@id":"https:\/\/www.procarton.com\/es\/#\/schema\/logo\/image\/"},"sameAs":["https:\/\/www.facebook.com\/procartondesignaward\/","https:\/\/x.com\/pro_carton"]}]}},"_links":{"self":[{"href":"https:\/\/www.procarton.com\/de\/wp-json\/wp\/v2\/pages\/243773","targetHints":{"allow":["GET"]}}],"collection":[{"href":"https:\/\/www.procarton.com\/de\/wp-json\/wp\/v2\/pages"}],"about":[{"href":"https:\/\/www.procarton.com\/de\/wp-json\/wp\/v2\/types\/page"}],"author":[{"embeddable":true,"href":"https:\/\/www.procarton.com\/de\/wp-json\/wp\/v2\/users\/1"}],"replies":[{"embeddable":true,"href":"https:\/\/www.procarton.com\/de\/wp-json\/wp\/v2\/comments?post=243773"}],"version-history":[{"count":13,"href":"https:\/\/www.procarton.com\/de\/wp-json\/wp\/v2\/pages\/243773\/revisions"}],"predecessor-version":[{"id":276827,"href":"https:\/\/www.procarton.com\/de\/wp-json\/wp\/v2\/pages\/243773\/revisions\/276827"}],"up":[{"embeddable":true,"href":"https:\/\/www.procarton.com\/de\/wp-json\/wp\/v2\/pages\/243708"}],"wp:featuredmedia":[{"embeddable":true,"href":"https:\/\/www.procarton.com\/de\/wp-json\/wp\/v2\/media\/273960"}],"wp:attachment":[{"href":"https:\/\/www.procarton.com\/de\/wp-json\/wp\/v2\/media?parent=243773"}],"curies":[{"name":"wp","href":"https:\/\/api.w.org\/{rel}","templated":true}]}}