{"id":243771,"date":"2021-02-12T16:28:56","date_gmt":"2021-02-12T16:28:56","guid":{"rendered":"https:\/\/www.procarton.com\/awards\/pro-carton-young-designers-award\/2021\/"},"modified":"2023-02-22T18:07:02","modified_gmt":"2023-02-22T18:07:02","slug":"pro-carton-young-designers-award-2021","status":"publish","type":"page","link":"https:\/\/www.procarton.com\/de\/awards\/pro-carton-young-designers-award\/pro-carton-young-designers-award-2021\/","title":{"rendered":"2021"},"content":{"rendered":"<div class=\"av-animated-generic top-to-bottom flex_column av_three_fifth  flex_column_div av-zero-column-padding first  avia-builder-el-0  el_before_av_one_fourth  avia-builder-el-first\" style='border-radius:0px; '>\n<section class=\"av_textblock_section\"  itemscope=\"itemscope\" itemtype=\"https:\/\/schema.org\/CreativeWork\" >\n<div class='avia_textblock'   itemprop=\"text\" >\n<div class=\"col-xs-12\">\n<h1 class=\"\">HERZLICHEN GL\u00dcCKWUNSCH AN DIE SIEGREICHEN SCH\u00dcLER!<\/h1>\n<\/div>\n<p>Die Award-Zeremonie der Pro Carton Young Designers Award ist vorbei. Wir sind \u00fcberw\u00e4ltigt von der unglaublichen Unterst\u00fctzung!<\/p>\n<\/div>\n<\/section>\n<div  class='avia-button-wrap avia-button-center  avia-builder-el-2  el_after_av_textblock  el_before_av_textblock' ><a href='https:\/\/www.procarton.com\/de\/awards\/pro-carton-young-designers-award\/pro-carton-young-designers-award-2021\/pro-carton-young-designers-award-2021-winners\/'  class='avia-button av-icon-on-hover avia-color-theme-color   avia-icon_select-no avia-size-small avia-position-center'   ><span class='avia_iconbox_title' >Hier sind die Gewinner!<\/span><\/a><\/div>\n<section class=\"av_textblock_section\"  itemscope=\"itemscope\" itemtype=\"https:\/\/schema.org\/CreativeWork\" >\n<div class='avia_textblock'   itemprop=\"text\" >\n<p>Download der Brosch\u00fcre zur Auszeichnung\u00a0<a href=\"https:\/\/www.procarton.com\/wp-content\/uploads\/2021\/11\/Pro_Carton_Awards-2021_Brochure_web.pdf\" target=\"_blank\" rel=\"noopener\">hier<\/a>.<\/p>\n<\/div>\n<\/section>\n<section class=\"av_textblock_section\"  itemscope=\"itemscope\" itemtype=\"https:\/\/schema.org\/CreativeWork\" >\n<div class='avia_textblock'   itemprop=\"text\" >\n<p>Der Pro Carton Young Designers Award ist Europas f\u00fchrender j\u00e4hrlicher Nachwuchswettbewerb f\u00fcr Verpackungsdesign. Jedes Jahr reichen Studenten aus ganz Europa ihre besten Ideen aus Karton ein. Ihre Entw\u00fcrfe beleuchten die Welt der nachhaltigen Verpackung und f\u00f6rdern das Verpackungsdesign f\u00fcr eine bessere Welt!<\/p>\n<p>F\u00fcr weitere Fragen nehmen Sie bitte Kontakt mit uns auf:\u00a0<a href=\"mailto:designaward@procarton.com\">designaward@procarton.com<\/a><\/p>\n<\/div>\n<\/section>\n<\/div>\n<div class=\"av-animated-generic top-to-bottom flex_column av_one_fourth  flex_column_div av-zero-column-padding   avia-builder-el-5  el_after_av_three_fifth  avia-builder-el-last\" style='border-radius:0px; '>\n<div  class='avia-image-container  av-styling-no-styling    avia-builder-el-6  el_before_av_video  avia-builder-el-first  avia-align-center'  itemprop=\"image\" itemscope=\"itemscope\" itemtype=\"https:\/\/schema.org\/ImageObject\"  >\n<div class='avia-image-container-inner'>\n<div class='avia-image-overlay-wrap'><a href=\"https:\/\/www.procarton.com\/de\/awards\/pro-carton-young-designers-award\/pro-carton-young-designers-award-2021\/pro-carton-young-designers-award-2021-winners\/\" class='avia_image' ><img decoding=\"async\" width=\"300\" height=\"188\" class='wp-image-275897 avia-img-lazy-loading-not-275897 avia_image' src=\"https:\/\/www.procarton.com\/wp-content\/uploads\/2022\/03\/PCYDA-Collage-2-300x188.png\" alt='' title='PCYDA-Kollage-2'  itemprop=\"thumbnailUrl\" srcset=\"https:\/\/www.procarton.com\/wp-content\/uploads\/2022\/03\/PCYDA-Collage-2-300x188.png 300w, https:\/\/www.procarton.com\/wp-content\/uploads\/2022\/03\/PCYDA-Collage-2-768x480.png 768w, https:\/\/www.procarton.com\/wp-content\/uploads\/2022\/03\/PCYDA-Collage-2-18x12.png 18w, https:\/\/www.procarton.com\/wp-content\/uploads\/2022\/03\/PCYDA-Collage-2-705x441.png 705w, https:\/\/www.procarton.com\/wp-content\/uploads\/2022\/03\/PCYDA-Collage-2.png 800w\" sizes=\"(max-width: 300px) 100vw, 300px\" \/><\/a><\/div>\n<\/div>\n<\/div>\n<div  class='avia-video avia-video-16-9   av-lazyload-immediate  av-lazyload-video-embed'   itemprop=\"video\" itemtype=\"https:\/\/schema.org\/VideoObject\"  data-original_url='https:\/\/www.youtube.com\/watch?v=ajEmmaklyhA' ><script type='text\/html' class='av-video-tmpl'><\/p>\n<div class='avia-iframe-wrap'><iframe loading=\"lazy\" title=\"Design Student? Why you should participate in the Pro Carton Young Designers Award!\" width=\"1500\" height=\"844\" src=\"https:\/\/www.youtube.com\/embed\/ajEmmaklyhA?feature=oembed&autoplay=0&loop=0&controls=1&mute=0\" frameborder=\"0\" allow=\"accelerometer; autoplay; clipboard-write; encrypted-media; gyroscope; picture-in-picture\" allowfullscreen><\/iframe><\/div>\n<p><\/script><\/p>\n<div class='av-click-to-play-overlay'>\n<div class=\"avia_playpause_icon\"><\/div>\n<\/div>\n<\/div>\n<\/div>","protected":false},"excerpt":{"rendered":"","protected":false},"author":1,"featured_media":273693,"parent":243708,"menu_order":5,"comment_status":"closed","ping_status":"closed","template":"templates\/award_details_page.php","meta":{"inline_featured_image":false,"footnotes":""},"class_list":["post-243771","page","type-page","status-publish","has-post-thumbnail","hentry"],"yoast_head":"<!-- This site is optimized with the Yoast SEO plugin v27.4 - https:\/\/yoast.com\/product\/yoast-seo-wordpress\/ -->\n<title>2021 - Pro Carton<\/title>\n<meta name=\"robots\" content=\"index, follow, max-snippet:-1, max-image-preview:large, max-video-preview:-1\" \/>\n<link rel=\"canonical\" href=\"https:\/\/www.procarton.com\/de\/awards\/pro-carton-young-designers-award\/pro-carton-young-designers-award-2021\/\" \/>\n<meta property=\"og:locale\" content=\"de_DE\" \/>\n<meta property=\"og:type\" content=\"article\" \/>\n<meta property=\"og:title\" content=\"2021 - Pro Carton\" \/>\n<meta property=\"og:url\" content=\"https:\/\/www.procarton.com\/de\/awards\/pro-carton-young-designers-award\/pro-carton-young-designers-award-2021\/\" \/>\n<meta property=\"og:site_name\" content=\"Pro Carton\" \/>\n<meta property=\"article:publisher\" content=\"https:\/\/www.facebook.com\/procartondesignaward\/\" \/>\n<meta property=\"article:modified_time\" content=\"2023-02-22T18:07:02+00:00\" \/>\n<meta property=\"og:image\" content=\"https:\/\/www.procarton.com\/wp-content\/uploads\/2022\/01\/Pro-Carton-Young-Designers-Award-2021_Header-image_Awards-page.png\" \/>\n\t<meta property=\"og:image:width\" content=\"1920\" \/>\n\t<meta property=\"og:image:height\" content=\"1080\" \/>\n\t<meta property=\"og:image:type\" content=\"image\/png\" \/>\n<meta name=\"twitter:card\" content=\"summary_large_image\" \/>\n<meta name=\"twitter:site\" content=\"@pro_carton\" \/>\n<meta name=\"twitter:label1\" content=\"Gesch\u00e4tzte Lesezeit\" \/>\n\t<meta name=\"twitter:data1\" content=\"2\u00a0Minuten\" \/>\n<script type=\"application\/ld+json\" class=\"yoast-schema-graph\">{\"@context\":\"https:\\\/\\\/schema.org\",\"@graph\":[{\"@type\":\"WebPage\",\"@id\":\"https:\\\/\\\/www.procarton.com\\\/awards\\\/pro-carton-young-designers-award\\\/pro-carton-young-designers-award-2021\\\/\",\"url\":\"https:\\\/\\\/www.procarton.com\\\/awards\\\/pro-carton-young-designers-award\\\/pro-carton-young-designers-award-2021\\\/\",\"name\":\"2021 - Pro Carton\",\"isPartOf\":{\"@id\":\"https:\\\/\\\/www.procarton.com\\\/es\\\/#website\"},\"primaryImageOfPage\":{\"@id\":\"https:\\\/\\\/www.procarton.com\\\/awards\\\/pro-carton-young-designers-award\\\/pro-carton-young-designers-award-2021\\\/#primaryimage\"},\"image\":{\"@id\":\"https:\\\/\\\/www.procarton.com\\\/awards\\\/pro-carton-young-designers-award\\\/pro-carton-young-designers-award-2021\\\/#primaryimage\"},\"thumbnailUrl\":\"https:\\\/\\\/www.procarton.com\\\/wp-content\\\/uploads\\\/2022\\\/01\\\/Pro-Carton-Young-Designers-Award-2021_Header-image_Awards-page.png\",\"datePublished\":\"2021-02-12T16:28:56+00:00\",\"dateModified\":\"2023-02-22T18:07:02+00:00\",\"breadcrumb\":{\"@id\":\"https:\\\/\\\/www.procarton.com\\\/awards\\\/pro-carton-young-designers-award\\\/pro-carton-young-designers-award-2021\\\/#breadcrumb\"},\"inLanguage\":\"de\",\"potentialAction\":[{\"@type\":\"ReadAction\",\"target\":[\"https:\\\/\\\/www.procarton.com\\\/awards\\\/pro-carton-young-designers-award\\\/pro-carton-young-designers-award-2021\\\/\"]}]},{\"@type\":\"ImageObject\",\"inLanguage\":\"de\",\"@id\":\"https:\\\/\\\/www.procarton.com\\\/awards\\\/pro-carton-young-designers-award\\\/pro-carton-young-designers-award-2021\\\/#primaryimage\",\"url\":\"https:\\\/\\\/www.procarton.com\\\/wp-content\\\/uploads\\\/2022\\\/01\\\/Pro-Carton-Young-Designers-Award-2021_Header-image_Awards-page.png\",\"contentUrl\":\"https:\\\/\\\/www.procarton.com\\\/wp-content\\\/uploads\\\/2022\\\/01\\\/Pro-Carton-Young-Designers-Award-2021_Header-image_Awards-page.png\",\"width\":1920,\"height\":1080},{\"@type\":\"BreadcrumbList\",\"@id\":\"https:\\\/\\\/www.procarton.com\\\/awards\\\/pro-carton-young-designers-award\\\/pro-carton-young-designers-award-2021\\\/#breadcrumb\",\"itemListElement\":[{\"@type\":\"ListItem\",\"position\":1,\"name\":\"Home\",\"item\":\"https:\\\/\\\/www.procarton.com\\\/\"},{\"@type\":\"ListItem\",\"position\":2,\"name\":\"Awards\",\"item\":\"https:\\\/\\\/www.procarton.com\\\/awards\\\/\"},{\"@type\":\"ListItem\",\"position\":3,\"name\":\"Pro Carton Young Designers Award\",\"item\":\"https:\\\/\\\/www.procarton.com\\\/awards\\\/pro-carton-young-designers-award\\\/\"},{\"@type\":\"ListItem\",\"position\":4,\"name\":\"2021\"}]},{\"@type\":\"WebSite\",\"@id\":\"https:\\\/\\\/www.procarton.com\\\/es\\\/#website\",\"url\":\"https:\\\/\\\/www.procarton.com\\\/es\\\/\",\"name\":\"Pro Carton\",\"description\":\"\",\"publisher\":{\"@id\":\"https:\\\/\\\/www.procarton.com\\\/es\\\/#organization\"},\"potentialAction\":[{\"@type\":\"SearchAction\",\"target\":{\"@type\":\"EntryPoint\",\"urlTemplate\":\"https:\\\/\\\/www.procarton.com\\\/es\\\/?s={search_term_string}\"},\"query-input\":{\"@type\":\"PropertyValueSpecification\",\"valueRequired\":true,\"valueName\":\"search_term_string\"}}],\"inLanguage\":\"de\"},{\"@type\":\"Organization\",\"@id\":\"https:\\\/\\\/www.procarton.com\\\/es\\\/#organization\",\"name\":\"ProCarton\",\"url\":\"https:\\\/\\\/www.procarton.com\\\/es\\\/\",\"logo\":{\"@type\":\"ImageObject\",\"inLanguage\":\"de\",\"@id\":\"https:\\\/\\\/www.procarton.com\\\/es\\\/#\\\/schema\\\/logo\\\/image\\\/\",\"url\":\"https:\\\/\\\/www.procarton.com\\\/wp-content\\\/uploads\\\/2022\\\/06\\\/logo-mit-slogan.jpg\",\"contentUrl\":\"https:\\\/\\\/www.procarton.com\\\/wp-content\\\/uploads\\\/2022\\\/06\\\/logo-mit-slogan.jpg\",\"width\":422,\"height\":519,\"caption\":\"ProCarton\"},\"image\":{\"@id\":\"https:\\\/\\\/www.procarton.com\\\/es\\\/#\\\/schema\\\/logo\\\/image\\\/\"},\"sameAs\":[\"https:\\\/\\\/www.facebook.com\\\/procartondesignaward\\\/\",\"https:\\\/\\\/x.com\\\/pro_carton\"]}]}<\/script>\n<!-- \/ Yoast SEO plugin. -->","yoast_head_json":{"title":"2021 - Profi-Karton","robots":{"index":"index","follow":"follow","max-snippet":"max-snippet:-1","max-image-preview":"max-image-preview:large","max-video-preview":"max-video-preview:-1"},"canonical":"https:\/\/www.procarton.com\/de\/awards\/pro-carton-young-designers-award\/pro-carton-young-designers-award-2021\/","og_locale":"de_DE","og_type":"article","og_title":"2021 - Pro Carton","og_url":"https:\/\/www.procarton.com\/de\/awards\/pro-carton-young-designers-award\/pro-carton-young-designers-award-2021\/","og_site_name":"Pro Carton","article_publisher":"https:\/\/www.facebook.com\/procartondesignaward\/","article_modified_time":"2023-02-22T18:07:02+00:00","og_image":[{"width":1920,"height":1080,"url":"https:\/\/www.procarton.com\/wp-content\/uploads\/2022\/01\/Pro-Carton-Young-Designers-Award-2021_Header-image_Awards-page.png","type":"image\/png"}],"twitter_card":"summary_large_image","twitter_site":"@pro_carton","twitter_misc":{"Gesch\u00e4tzte Lesezeit":"2\u00a0Minuten"},"schema":{"@context":"https:\/\/schema.org","@graph":[{"@type":"WebPage","@id":"https:\/\/www.procarton.com\/awards\/pro-carton-young-designers-award\/pro-carton-young-designers-award-2021\/","url":"https:\/\/www.procarton.com\/awards\/pro-carton-young-designers-award\/pro-carton-young-designers-award-2021\/","name":"2021 - Profi-Karton","isPartOf":{"@id":"https:\/\/www.procarton.com\/es\/#website"},"primaryImageOfPage":{"@id":"https:\/\/www.procarton.com\/awards\/pro-carton-young-designers-award\/pro-carton-young-designers-award-2021\/#primaryimage"},"image":{"@id":"https:\/\/www.procarton.com\/awards\/pro-carton-young-designers-award\/pro-carton-young-designers-award-2021\/#primaryimage"},"thumbnailUrl":"https:\/\/www.procarton.com\/wp-content\/uploads\/2022\/01\/Pro-Carton-Young-Designers-Award-2021_Header-image_Awards-page.png","datePublished":"2021-02-12T16:28:56+00:00","dateModified":"2023-02-22T18:07:02+00:00","breadcrumb":{"@id":"https:\/\/www.procarton.com\/awards\/pro-carton-young-designers-award\/pro-carton-young-designers-award-2021\/#breadcrumb"},"inLanguage":"de","potentialAction":[{"@type":"ReadAction","target":["https:\/\/www.procarton.com\/awards\/pro-carton-young-designers-award\/pro-carton-young-designers-award-2021\/"]}]},{"@type":"ImageObject","inLanguage":"de","@id":"https:\/\/www.procarton.com\/awards\/pro-carton-young-designers-award\/pro-carton-young-designers-award-2021\/#primaryimage","url":"https:\/\/www.procarton.com\/wp-content\/uploads\/2022\/01\/Pro-Carton-Young-Designers-Award-2021_Header-image_Awards-page.png","contentUrl":"https:\/\/www.procarton.com\/wp-content\/uploads\/2022\/01\/Pro-Carton-Young-Designers-Award-2021_Header-image_Awards-page.png","width":1920,"height":1080},{"@type":"BreadcrumbList","@id":"https:\/\/www.procarton.com\/awards\/pro-carton-young-designers-award\/pro-carton-young-designers-award-2021\/#breadcrumb","itemListElement":[{"@type":"ListItem","position":1,"name":"Home","item":"https:\/\/www.procarton.com\/"},{"@type":"ListItem","position":2,"name":"Awards","item":"https:\/\/www.procarton.com\/awards\/"},{"@type":"ListItem","position":3,"name":"Pro Carton Young Designers Award","item":"https:\/\/www.procarton.com\/awards\/pro-carton-young-designers-award\/"},{"@type":"ListItem","position":4,"name":"2021"}]},{"@type":"WebSite","@id":"https:\/\/www.procarton.com\/es\/#website","url":"https:\/\/www.procarton.com\/es\/","name":"Pro Carton","description":"","publisher":{"@id":"https:\/\/www.procarton.com\/es\/#organization"},"potentialAction":[{"@type":"SearchAction","target":{"@type":"EntryPoint","urlTemplate":"https:\/\/www.procarton.com\/es\/?s={search_term_string}"},"query-input":{"@type":"PropertyValueSpecification","valueRequired":true,"valueName":"search_term_string"}}],"inLanguage":"de"},{"@type":"Organization","@id":"https:\/\/www.procarton.com\/es\/#organization","name":"ProCarton","url":"https:\/\/www.procarton.com\/es\/","logo":{"@type":"ImageObject","inLanguage":"de","@id":"https:\/\/www.procarton.com\/es\/#\/schema\/logo\/image\/","url":"https:\/\/www.procarton.com\/wp-content\/uploads\/2022\/06\/logo-mit-slogan.jpg","contentUrl":"https:\/\/www.procarton.com\/wp-content\/uploads\/2022\/06\/logo-mit-slogan.jpg","width":422,"height":519,"caption":"ProCarton"},"image":{"@id":"https:\/\/www.procarton.com\/es\/#\/schema\/logo\/image\/"},"sameAs":["https:\/\/www.facebook.com\/procartondesignaward\/","https:\/\/x.com\/pro_carton"]}]}},"_links":{"self":[{"href":"https:\/\/www.procarton.com\/de\/wp-json\/wp\/v2\/pages\/243771","targetHints":{"allow":["GET"]}}],"collection":[{"href":"https:\/\/www.procarton.com\/de\/wp-json\/wp\/v2\/pages"}],"about":[{"href":"https:\/\/www.procarton.com\/de\/wp-json\/wp\/v2\/types\/page"}],"author":[{"embeddable":true,"href":"https:\/\/www.procarton.com\/de\/wp-json\/wp\/v2\/users\/1"}],"replies":[{"embeddable":true,"href":"https:\/\/www.procarton.com\/de\/wp-json\/wp\/v2\/comments?post=243771"}],"version-history":[{"count":39,"href":"https:\/\/www.procarton.com\/de\/wp-json\/wp\/v2\/pages\/243771\/revisions"}],"predecessor-version":[{"id":285030,"href":"https:\/\/www.procarton.com\/de\/wp-json\/wp\/v2\/pages\/243771\/revisions\/285030"}],"up":[{"embeddable":true,"href":"https:\/\/www.procarton.com\/de\/wp-json\/wp\/v2\/pages\/243708"}],"wp:featuredmedia":[{"embeddable":true,"href":"https:\/\/www.procarton.com\/de\/wp-json\/wp\/v2\/media\/273693"}],"wp:attachment":[{"href":"https:\/\/www.procarton.com\/de\/wp-json\/wp\/v2\/media?parent=243771"}],"curies":[{"name":"wp","href":"https:\/\/api.w.org\/{rel}","templated":true}]}}