{"id":46,"date":"2021-07-29T11:54:33","date_gmt":"2021-07-29T10:54:33","guid":{"rendered":"https:\/\/www.procarton.com\/?page_id=46"},"modified":"2022-03-14T08:23:35","modified_gmt":"2022-03-14T08:23:35","slug":"terms-of-use","status":"publish","type":"page","link":"http:\/\/www.procarton.com\/fr\/terms-of-use\/","title":{"rendered":"Conditions d'utilisation"},"content":{"rendered":"<div class=\"av-animated-generic top-to-bottom flex_column av_one_full  flex_column_div av-zero-column-padding first  avia-builder-el-0  avia-builder-el-no-sibling\" style='border-radius:0px; '>\n<section class=\"av_textblock_section\"  itemscope=\"itemscope\" itemtype=\"https:\/\/schema.org\/CreativeWork\" >\n<div class='avia_textblock'   itemprop=\"text\" >\n<p><strong>Politique en mati\u00e8re de cookies <\/strong><\/p>\n<p>Pour que nos sites web fonctionnent correctement, nous pla\u00e7ons parfois de petits fichiers de donn\u00e9es appel\u00e9s cookies sur votre appareil (par exemple, votre t\u00e9l\u00e9phone ou votre ordinateur).<\/p>\n<p>Notre politique en mati\u00e8re de cookies explique ce que sont les cookies, comment nous les utilisons, vos choix concernant les cookies et d'autres informations sur les cookies.<\/p>\n<p>Notre politique en mati\u00e8re de cookies ne s'applique pas aux pratiques de confidentialit\u00e9 des sites Web de tiers qui peuvent \u00eatre li\u00e9s \u00e0 notre site Web ou accessibles par celui-ci, et nous ne sommes pas responsables de ces pratiques.<\/p>\n<h1>1. Que sont les cookies ?<\/h1>\n<p>Un cookie est un petit fichier texte qu'un site web stocke sur votre ordinateur ou votre appareil mobile lorsque vous le visitez \u00e0 des fins d'archivage. Par exemple, un cookie peut permettre au site web de reconna\u00eetre votre navigateur, tandis qu'un autre peut enregistrer vos pr\u00e9f\u00e9rences (telles que le nom d'utilisateur et la langue) et vous permettre de naviguer efficacement sur le site web. Lorsque vous revenez sur le site web apr\u00e8s vous \u00eatre connect\u00e9, les cookies fournissent des informations au site web afin que celui-ci se souvienne de vous. Les cookies peuvent \u00e9galement \u00eatre utilis\u00e9s pour \u00e9tablir des statistiques anonymes sur l'exp\u00e9rience de navigation.<\/p>\n<p><u>Cookies de premi\u00e8re partie contre cookies de tierce partie<\/u><\/p>\n<p>Les cookies de premi\u00e8re partie sont des cookies d\u00e9finis par le site web que vous visitez. Seul ce site web peut les lire. Un site web peut \u00e9ventuellement utiliser des services externes, qui d\u00e9finissent \u00e9galement leurs propres cookies, appel\u00e9s cookies tiers.<\/p>\n<p><u>Cookies persistants contre cookies de session<\/u><\/p>\n<p>Les cookies persistants sont des cookies enregistr\u00e9s sur votre ordinateur et qui ne sont pas supprim\u00e9s automatiquement lorsque vous quittez votre navigateur, contrairement \u00e0 un cookie de session, qui est supprim\u00e9 lorsque vous quittez votre navigateur.<\/p>\n<h1>2. Comment utilisons-nous les cookies ?<\/h1>\n<p>Nous utilisons des cookies pour am\u00e9liorer votre exp\u00e9rience d'utilisation de notre site web. Plus pr\u00e9cis\u00e9ment, nous utilisons des cookies pour identifier les utilisateurs, m\u00e9moriser leurs pr\u00e9f\u00e9rences et leur permettre d'accomplir des t\u00e2ches sans avoir \u00e0 saisir \u00e0 nouveau les m\u00eames informations lorsqu'ils naviguent d'une page web \u00e0 l'autre ou lorsqu'ils visitent \u00e0 nouveau le site web \u00e0 une date ult\u00e9rieure.<\/p>\n<p>Nous utilisons \u00e9galement des cookies pour collecter et analyser les donn\u00e9es d'utilisation du site web, li\u00e9es \u00e0 l'utilisation et aux habitudes des utilisateurs, en vue d'am\u00e9liorer notre site web et de renforcer l'exp\u00e9rience des utilisateurs.<\/p>\n<p>Nous pouvons placer des cookies sur les sites web de nos partenaires pour faire la publicit\u00e9 de nos services et de nos \u00e9v\u00e9nements. Ces cookies sont principalement utilis\u00e9s pour afficher un contenu adapt\u00e9 \u00e0 vos int\u00e9r\u00eats et pour \u00e9valuer notre contenu (y compris la publicit\u00e9). Nos cookies sont \u00e9galement utilis\u00e9s par des sites tiers afin de fournir des publicit\u00e9s pertinentes. Cette pertinence est bas\u00e9e sur un profil construit \u00e0 partir de vos visites pr\u00e9c\u00e9dentes sur notre site web, y compris les pages que vous avez visit\u00e9es.<\/p>\n<h1>3. Quels types de cookies utilisons-nous ?<\/h1>\n<p>La plupart des sites web utilisent diff\u00e9rents types de cookies, tels que les cookies strictement n\u00e9cessaires, les cookies de performance, les cookies de fonctionnalit\u00e9 et les cookies de ciblage. Toutefois, Pro Carton n'utilise qu'un seul type de cookie, \u00e0 savoir les cookies de fonctionnalit\u00e9.<\/p>\n<p><u>\u00a0<\/u><\/p>\n<p>Les cookies de fonctionnalit\u00e9 permettent au site web de se souvenir des choix que vous faites (tels que votre nom d'utilisateur, votre langue ou la r\u00e9gion dans laquelle vous vous trouvez) et de fournir des fonctionnalit\u00e9s plus personnelles. Ces cookies peuvent \u00e9galement \u00eatre utilis\u00e9s pour surveiller et analyser les performances, le fonctionnement et l'efficacit\u00e9 du site web, afin que nous puissions l'am\u00e9liorer et l'optimiser. Ces cookies ne sont pas utilis\u00e9s pour suivre votre navigation sur d'autres sites.<\/p>\n<p>Pro Carton utilise actuellement le cookie de fonctionnalit\u00e9 suivant :<\/p>\n<table>\n<tbody>\n<tr>\n<td width=\"91\"><strong>Nom du cookie<\/strong><\/td>\n<td width=\"87\"><strong>Source :<\/strong><\/td>\n<td width=\"137\"><strong>Objectif<\/strong><\/td>\n<td width=\"299\"><strong>Type et dur\u00e9e<\/strong><\/td>\n<\/tr>\n<tr>\n<td width=\"91\">trp_language<\/td>\n<td width=\"87\">Premi\u00e8re partie<\/td>\n<td width=\"137\">Pour afficher notre site web dans la langue choisie par le visiteur.<\/td>\n<td width=\"299\">Cookie persistant (supprim\u00e9 automatiquement apr\u00e8s 30 jours).<\/p>\n<p>Ce cookie ne conserve pas les informations relatives au navigateur, au syst\u00e8me d'exploitation, \u00e0 l'adresse IP ou \u00e0 tout autre ISP (Internet Service Provider).<\/td>\n<\/tr>\n<\/tbody>\n<\/table>\n<h1>4. Consentement \u00e0 l'utilisation de cookies<\/h1>\n<p>Pour le cookie de traduction que nous utilisons, nous demandons votre consentement avant de le placer sur votre appareil. Vous pouvez donner votre consentement en continuant \u00e0 utiliser notre site web, ou en cliquant sur le bouton appropri\u00e9 sur la banni\u00e8re qui vous est affich\u00e9e.<\/p>\n<p>Si vous ne souhaitez pas donner votre consentement ou si vous souhaitez le retirer \u00e0 tout moment, vous devrez supprimer, et bloquer ou d\u00e9sactiver les cookies via les param\u00e8tres de votre navigateur. Si vous d\u00e9sactivez le cookie de traduction ou si vous revenez sur le site web apr\u00e8s 30 jours ou plus, notre site web sera affich\u00e9 en anglais, la langue par d\u00e9faut du contenu du site web.<\/p>\n<h1>5. Modifications de la politique en mati\u00e8re de cookies<\/h1>\n<p>Nous pouvons mettre \u00e0 jour cette politique de cookies \u00e0 tout moment et nous vous encourageons \u00e0 la consulter de temps en temps pour rester inform\u00e9 de la mani\u00e8re dont nous utilisons les cookies.<\/p>\n<p>Cette politique en mati\u00e8re de cookies a \u00e9t\u00e9 mise \u00e0 jour pour la derni\u00e8re fois en f\u00e9vrier 2022.<\/p>\n<\/div>\n<\/section>\n<\/div>","protected":false},"excerpt":{"rendered":"","protected":false},"author":1,"featured_media":0,"parent":0,"menu_order":25,"comment_status":"closed","ping_status":"closed","template":"","meta":{"inline_featured_image":false,"footnotes":""},"class_list":["post-46","page","type-page","status-publish","hentry"],"yoast_head":"<!-- This site is optimized with the Yoast SEO plugin v27.4 - https:\/\/yoast.com\/product\/yoast-seo-wordpress\/ -->\n<title>Terms of Use - Pro Carton<\/title>\n<meta name=\"robots\" content=\"index, follow, max-snippet:-1, max-image-preview:large, max-video-preview:-1\" \/>\n<link rel=\"canonical\" href=\"https:\/\/www.procarton.com\/fr\/terms-of-use\/\" \/>\n<meta property=\"og:locale\" content=\"fr_FR\" \/>\n<meta property=\"og:type\" content=\"article\" \/>\n<meta property=\"og:title\" content=\"Terms of Use - Pro Carton\" \/>\n<meta property=\"og:url\" content=\"https:\/\/www.procarton.com\/fr\/terms-of-use\/\" \/>\n<meta property=\"og:site_name\" content=\"Pro Carton\" \/>\n<meta property=\"article:publisher\" content=\"https:\/\/www.facebook.com\/procartondesignaward\/\" \/>\n<meta property=\"article:modified_time\" content=\"2022-03-14T08:23:35+00:00\" \/>\n<meta name=\"twitter:card\" content=\"summary_large_image\" \/>\n<meta name=\"twitter:site\" content=\"@pro_carton\" \/>\n<meta name=\"twitter:label1\" content=\"Dur\u00e9e de lecture estim\u00e9e\" \/>\n\t<meta name=\"twitter:data1\" content=\"4 minutes\" \/>\n<script type=\"application\/ld+json\" class=\"yoast-schema-graph\">{\"@context\":\"https:\\\/\\\/schema.org\",\"@graph\":[{\"@type\":\"WebPage\",\"@id\":\"https:\\\/\\\/www.procarton.com\\\/es\\\/terms-of-use\\\/\",\"url\":\"https:\\\/\\\/www.procarton.com\\\/es\\\/terms-of-use\\\/\",\"name\":\"Terms of Use - Pro Carton\",\"isPartOf\":{\"@id\":\"https:\\\/\\\/www.procarton.com\\\/es\\\/#website\"},\"datePublished\":\"2021-07-29T10:54:33+00:00\",\"dateModified\":\"2022-03-14T08:23:35+00:00\",\"breadcrumb\":{\"@id\":\"https:\\\/\\\/www.procarton.com\\\/es\\\/terms-of-use\\\/#breadcrumb\"},\"inLanguage\":\"fr-FR\",\"potentialAction\":[{\"@type\":\"ReadAction\",\"target\":[\"https:\\\/\\\/www.procarton.com\\\/es\\\/terms-of-use\\\/\"]}]},{\"@type\":\"BreadcrumbList\",\"@id\":\"https:\\\/\\\/www.procarton.com\\\/es\\\/terms-of-use\\\/#breadcrumb\",\"itemListElement\":[{\"@type\":\"ListItem\",\"position\":1,\"name\":\"Home\",\"item\":\"https:\\\/\\\/www.procarton.com\\\/\"},{\"@type\":\"ListItem\",\"position\":2,\"name\":\"Terms of Use\"}]},{\"@type\":\"WebSite\",\"@id\":\"https:\\\/\\\/www.procarton.com\\\/es\\\/#website\",\"url\":\"https:\\\/\\\/www.procarton.com\\\/es\\\/\",\"name\":\"Pro Carton\",\"description\":\"\",\"publisher\":{\"@id\":\"https:\\\/\\\/www.procarton.com\\\/es\\\/#organization\"},\"potentialAction\":[{\"@type\":\"SearchAction\",\"target\":{\"@type\":\"EntryPoint\",\"urlTemplate\":\"https:\\\/\\\/www.procarton.com\\\/es\\\/?s={search_term_string}\"},\"query-input\":{\"@type\":\"PropertyValueSpecification\",\"valueRequired\":true,\"valueName\":\"search_term_string\"}}],\"inLanguage\":\"fr-FR\"},{\"@type\":\"Organization\",\"@id\":\"https:\\\/\\\/www.procarton.com\\\/es\\\/#organization\",\"name\":\"ProCarton\",\"url\":\"https:\\\/\\\/www.procarton.com\\\/es\\\/\",\"logo\":{\"@type\":\"ImageObject\",\"inLanguage\":\"fr-FR\",\"@id\":\"https:\\\/\\\/www.procarton.com\\\/es\\\/#\\\/schema\\\/logo\\\/image\\\/\",\"url\":\"https:\\\/\\\/www.procarton.com\\\/wp-content\\\/uploads\\\/2022\\\/06\\\/logo-mit-slogan.jpg\",\"contentUrl\":\"https:\\\/\\\/www.procarton.com\\\/wp-content\\\/uploads\\\/2022\\\/06\\\/logo-mit-slogan.jpg\",\"width\":422,\"height\":519,\"caption\":\"ProCarton\"},\"image\":{\"@id\":\"https:\\\/\\\/www.procarton.com\\\/es\\\/#\\\/schema\\\/logo\\\/image\\\/\"},\"sameAs\":[\"https:\\\/\\\/www.facebook.com\\\/procartondesignaward\\\/\",\"https:\\\/\\\/x.com\\\/pro_carton\"]}]}<\/script>\n<!-- \/ Yoast SEO plugin. -->","yoast_head_json":{"title":"Conditions d'utilisation - Pro Carton","robots":{"index":"index","follow":"follow","max-snippet":"max-snippet:-1","max-image-preview":"max-image-preview:large","max-video-preview":"max-video-preview:-1"},"canonical":"https:\/\/www.procarton.com\/fr\/terms-of-use\/","og_locale":"fr_FR","og_type":"article","og_title":"Terms of Use - Pro Carton","og_url":"https:\/\/www.procarton.com\/fr\/terms-of-use\/","og_site_name":"Pro Carton","article_publisher":"https:\/\/www.facebook.com\/procartondesignaward\/","article_modified_time":"2022-03-14T08:23:35+00:00","twitter_card":"summary_large_image","twitter_site":"@pro_carton","twitter_misc":{"Dur\u00e9e de lecture estim\u00e9e":"4 minutes"},"schema":{"@context":"https:\/\/schema.org","@graph":[{"@type":"WebPage","@id":"https:\/\/www.procarton.com\/es\/terms-of-use\/","url":"https:\/\/www.procarton.com\/es\/terms-of-use\/","name":"Conditions d'utilisation - Pro Carton","isPartOf":{"@id":"https:\/\/www.procarton.com\/es\/#website"},"datePublished":"2021-07-29T10:54:33+00:00","dateModified":"2022-03-14T08:23:35+00:00","breadcrumb":{"@id":"https:\/\/www.procarton.com\/es\/terms-of-use\/#breadcrumb"},"inLanguage":"fr-FR","potentialAction":[{"@type":"ReadAction","target":["https:\/\/www.procarton.com\/es\/terms-of-use\/"]}]},{"@type":"BreadcrumbList","@id":"https:\/\/www.procarton.com\/es\/terms-of-use\/#breadcrumb","itemListElement":[{"@type":"ListItem","position":1,"name":"Home","item":"https:\/\/www.procarton.com\/"},{"@type":"ListItem","position":2,"name":"Terms of Use"}]},{"@type":"WebSite","@id":"https:\/\/www.procarton.com\/es\/#website","url":"https:\/\/www.procarton.com\/es\/","name":"Pro Carton","description":"","publisher":{"@id":"https:\/\/www.procarton.com\/es\/#organization"},"potentialAction":[{"@type":"SearchAction","target":{"@type":"EntryPoint","urlTemplate":"https:\/\/www.procarton.com\/es\/?s={search_term_string}"},"query-input":{"@type":"PropertyValueSpecification","valueRequired":true,"valueName":"search_term_string"}}],"inLanguage":"fr-FR"},{"@type":"Organization","@id":"https:\/\/www.procarton.com\/es\/#organization","name":"ProCarton","url":"https:\/\/www.procarton.com\/es\/","logo":{"@type":"ImageObject","inLanguage":"fr-FR","@id":"https:\/\/www.procarton.com\/es\/#\/schema\/logo\/image\/","url":"https:\/\/www.procarton.com\/wp-content\/uploads\/2022\/06\/logo-mit-slogan.jpg","contentUrl":"https:\/\/www.procarton.com\/wp-content\/uploads\/2022\/06\/logo-mit-slogan.jpg","width":422,"height":519,"caption":"ProCarton"},"image":{"@id":"https:\/\/www.procarton.com\/es\/#\/schema\/logo\/image\/"},"sameAs":["https:\/\/www.facebook.com\/procartondesignaward\/","https:\/\/x.com\/pro_carton"]}]}},"_links":{"self":[{"href":"http:\/\/www.procarton.com\/fr\/wp-json\/wp\/v2\/pages\/46","targetHints":{"allow":["GET"]}}],"collection":[{"href":"http:\/\/www.procarton.com\/fr\/wp-json\/wp\/v2\/pages"}],"about":[{"href":"http:\/\/www.procarton.com\/fr\/wp-json\/wp\/v2\/types\/page"}],"author":[{"embeddable":true,"href":"http:\/\/www.procarton.com\/fr\/wp-json\/wp\/v2\/users\/1"}],"replies":[{"embeddable":true,"href":"http:\/\/www.procarton.com\/fr\/wp-json\/wp\/v2\/comments?post=46"}],"version-history":[{"count":4,"href":"http:\/\/www.procarton.com\/fr\/wp-json\/wp\/v2\/pages\/46\/revisions"}],"predecessor-version":[{"id":275424,"href":"http:\/\/www.procarton.com\/fr\/wp-json\/wp\/v2\/pages\/46\/revisions\/275424"}],"wp:attachment":[{"href":"http:\/\/www.procarton.com\/fr\/wp-json\/wp\/v2\/media?parent=46"}],"curies":[{"name":"wp","href":"https:\/\/api.w.org\/{rel}","templated":true}]}}